{"id":464181,"date":"2026-03-21T12:10:43","date_gmt":"2026-03-21T05:10:43","guid":{"rendered":"http:\/\/tourcruiser.com\/product\/nike-dunk-low-year-of-the-rabbit-whitecrimson-varsity-royal-fd4203-161"},"modified":"2026-03-21T12:10:43","modified_gmt":"2026-03-21T05:10:43","slug":"nike-dunk-low-year-of-the-rabbit-whitecrimson-varsity-royal-fd4203-161","status":"publish","type":"product","link":"https:\/\/tourcruiser.com\/de\/products\/nike-dunk-low-year-of-the-rabbit-whitecrimson-varsity-royal-fd4203-161\/","title":{"rendered":"Nike Dunk Low Year of the Rabbit &#8218;White\/Crimson-Varsity Royal&#8216; FD4203-161"},"content":{"rendered":"<p>Die Nike Dunk Low \u00e2\u20ac\u017eYear of the Rabbit\u00e2\u20ac\u0153-Sneaker in Wei\u00c3\u0178\/Karmesinrot-Royal sind ein absolutes Must-have f\u00c3\u00bcr jede Sneaker-Sammlung. Diese stylischen Schuhe bestechen durch ihre einzigartige Farbgebung, inspiriert vom chinesischen Tierkreis, und bieten maximalen Komfort und Langlebigkeit. Hergestellt von Nike, einer vertrauensw\u00c3\u00bcrdigen Marke der Sneaker-Branche, eignen sie sich perfekt f\u00c3\u00bcr Freizeit und Sport. Egal ob auf dem Basketballplatz oder beim Erledigen von Besorgungen in der Stadt \u00e2\u20ac\u201c mit diesen Nike Dunk Low Sneakern siehst du den ganzen Tag frisch aus und f\u00c3\u00bchlst dich rundum wohl.<\/p>\n<ul>\n<li><strong>Farbgebung:<\/strong> Wei\u00c3\u0178\/Karmesinrot\/Rotblau\/Sail<\/li>\n<li><strong>Artikelnummer:<\/strong> FD4203-161<\/li>\n<li><strong>Obermaterial:<\/strong> Leder<\/li>\n<li><strong>Farbe:<\/strong> Wei\u00c3\u0178<\/li>\n<li><strong>Designer:<\/strong> Peter Moore<\/li>\n<li><strong>Saison:<\/strong> Winter<\/li>\n<li><strong>Erscheinungsjahr:<\/strong> 2023<\/li>\n<\/ul>\n","protected":false},"excerpt":{"rendered":"<p>Die Nike Dunk Low \u00e2\u20ac\u017eYear of the Rabbit\u00e2\u20ac\u0153-Sneaker in Wei\u00c3\u0178\/Karmesinrot-Royal sind ein absolutes Must-have f\u00c3\u00bcr jede Sneaker-Sammlung. Diese stylischen Schuhe bestechen durch ihre einzigartige Farbgebung, inspiriert vom chinesischen Tierkreis, und bieten maximalen Komfort und Langlebigkeit. Hergestellt von Nike, einer vertrauensw\u00c3\u00bcrdigen Marke der Sneaker-Branche, eignen sie sich perfekt f\u00c3\u00bcr Freizeit und Sport. Egal ob auf dem [&hellip;]<\/p>\n","protected":false},"featured_media":464182,"comment_status":"open","ping_status":"closed","template":"","meta":[],"product_brand":[],"product_cat":[40273,38966,38842,10803],"product_tag":[10799,10800,10753,10754,11036,10801,10900,10802,10758],"class_list":{"0":"post-464181","1":"product","2":"type-product","3":"status-publish","4":"has-post-thumbnail","6":"product_cat-nike-dunk-low-year-of-the-rabbit","7":"product_cat-lifestyle-shoes-skateboarding-inspired","8":"product_cat-gender-men","9":"product_cat-nike","10":"product_tag-ankle-support-basketball-shoes","11":"product_tag-basketball-shoes","12":"product_tag-gift-for-him","13":"product_tag-lifestyle-casual-shoes","14":"product_tag-lifestyle-shoes-skateboarding-inspired","15":"product_tag-nike","16":"product_tag-nike-skateboarding-shoes","17":"product_tag-performance-sport-shoes","18":"product_tag-under-retail","19":"wcpa_has_options","21":"first","22":"instock","23":"taxable","24":"shipping-taxable","25":"purchasable","26":"product-type-simple"},"wcpa_form_fields":{"rules":{"pric_overide_base_price":false,"pric_overide_base_price_if_gt_zero":false,"pric_overide_base_price_fully":false,"pric_cal_option_once":false,"pric_use_as_fee":false,"bind_quantity":false,"quantity_bind_formula":false},"fields":[{"type":"color-group","required":true,"elementId":"wcpa-color-group-66c4a75505e74","label":"Gr\u00f6\u00dfe - EU Gr\u00f6\u00dfe","inline":true,"priceOptions":"different_for_all","pricingType":"fixed","className":"hassizechart product-shoes-size-eu product-shoes-size","name":"color-group-66c4a75505e89","disp_type":"square","selection_type":"tick-border","disp_size":"44","show_label_inside":true,"adjust_width":true,"cart_display_type":"text","other_text":"Other","cl_rule":"show","col":6,"values":[{"label":"35.5","value":"EU 35.5","price":"","pimage":"","pimage_id":"","pthumb":"","color":""},{"label":"36","value":"EU 36","price":"","pimage":"","pimage_id":"","pthumb":"","color":"","selected":true},{"label":"36.5","value":"EU 36.5","price":"","pimage":"","pimage_id":"","pthumb":"","color":""},{"label":"37.5","value":"EU 37.5","price":"","pimage":"","pimage_id":"","pthumb":"","color":""},{"label":"38","value":"EU 38","price":"","pimage":"","pimage_id":"","pthumb":"","color":""},{"label":"38.5","value":"EU 38.5","price":"","pimage":"","pimage_id":"","pthumb":"","color":""},{"label":"39","value":"EU 39","price":"","pimage":"","pimage_id":"","pthumb":"","color":""},{"label":"40","value":"EU 40","price":"","pimage":"","pimage_id":"","pthumb":"","color":""},{"label":"40.5","value":"EU 40.5","price":"","pimage":"","pimage_id":"","pthumb":"","color":""},{"label":"41","value":"EU 41","price":"","pimage":"","pimage_id":"","pthumb":"","color":""},{"label":"42","value":"EU 42","price":"","pimage":"","pimage_id":"","pthumb":"","color":""},{"label":"42.5","value":"EU 42.5","price":"","pimage":"","pimage_id":"","pthumb":"","color":""},{"label":"43","value":"EU 43","price":"","pimage":"","pimage_id":"","pthumb":"","color":""},{"label":"44","value":"EU 44","price":"","pimage":"","pimage_id":"","pthumb":"","color":""},{"label":"44.5","value":"EU 44.5","price":"","pimage":"","pimage_id":"","pthumb":"","color":""},{"label":"45","value":"EU 45","price":"","pimage":"","pimage_id":"","pthumb":"","color":""},{"label":"45.5","value":"EU 45.5","price":"","pimage":"","pimage_id":"","pthumb":"","color":""},{"label":"46","value":"EU 46","price":"","pimage":"","pimage_id":"","pthumb":"","color":""},{"label":"47","value":"EU 47","price":"","pimage":"","pimage_id":"","pthumb":"","color":""},{"label":"47.5","value":"EU 47.5","price":"","pimage":"","pimage_id":"","pthumb":"","color":""},{"label":"48","value":"EU 48","price":"","pimage":"","pimage_id":"","pthumb":"","color":""}],"relations":[{"operator":false,"rules":[]}],"form_id":18106,"form_rules":{"pric_cal_option_once":false,"exclude_from_discount":false,"pric_use_as_fee":false,"fee_label":"Fee","render_after_acb":false,"disp_hide_options_price":false}}]},"yoast_head":"<!-- This site is optimized with the Yoast SEO plugin v26.5 - https:\/\/yoast.com\/wordpress\/plugins\/seo\/ -->\n<title>Nike Dunk Low Year of the Rabbit &#039;White\/Crimson-Varsity Royal&#039; FD4203-161 - Tourcruiser PTE. LTD<\/title>\n<meta name=\"robots\" content=\"index, follow, max-snippet:-1, max-image-preview:large, max-video-preview:-1\" \/>\n<link rel=\"canonical\" href=\"https:\/\/tourcruiser.com\/de\/products\/nike-dunk-low-year-of-the-rabbit-whitecrimson-varsity-royal-fd4203-161\/\" \/>\n<meta property=\"og:locale\" content=\"de_DE\" \/>\n<meta property=\"og:type\" content=\"article\" \/>\n<meta property=\"og:title\" content=\"Nike Dunk Low Year of the Rabbit &#039;White\/Crimson-Varsity Royal&#039; FD4203-161 - Tourcruiser PTE. LTD\" \/>\n<meta property=\"og:description\" content=\"Die Nike Dunk Low \u00e2\u20ac\u017eYear of the Rabbit\u00e2\u20ac\u0153-Sneaker in Wei\u00c3\u0178\/Karmesinrot-Royal sind ein absolutes Must-have f\u00c3\u00bcr jede Sneaker-Sammlung. Diese stylischen Schuhe bestechen durch ihre einzigartige Farbgebung, inspiriert vom chinesischen Tierkreis, und bieten maximalen Komfort und Langlebigkeit. Hergestellt von Nike, einer vertrauensw\u00c3\u00bcrdigen Marke der Sneaker-Branche, eignen sie sich perfekt f\u00c3\u00bcr Freizeit und Sport. Egal ob auf dem [&hellip;]\" \/>\n<meta property=\"og:url\" content=\"https:\/\/tourcruiser.com\/de\/products\/nike-dunk-low-year-of-the-rabbit-whitecrimson-varsity-royal-fd4203-161\/\" \/>\n<meta property=\"og:site_name\" content=\"Tourcruiser Sneaker Store\" \/>\n<meta name=\"twitter:card\" content=\"summary_large_image\" \/>\n<meta name=\"twitter:image\" content=\"https:\/\/images.novelship.com\/product\/nike_dunk_low_year_of_the_rabbit__white_crimson_va_0_71260.jpeg\" \/>\n<meta name=\"twitter:label1\" content=\"Gesch\u00e4tzte Lesezeit\" \/>\n\t<meta name=\"twitter:data1\" content=\"1\u00a0Minute\" \/>\n<script type=\"application\/ld+json\" class=\"yoast-schema-graph\">{\"@context\":\"https:\/\/schema.org\",\"@graph\":[{\"@type\":\"WebPage\",\"@id\":\"https:\/\/tourcruiser.com\/de\/products\/nike-dunk-low-year-of-the-rabbit-whitecrimson-varsity-royal-fd4203-161\/\",\"url\":\"https:\/\/tourcruiser.com\/de\/products\/nike-dunk-low-year-of-the-rabbit-whitecrimson-varsity-royal-fd4203-161\/\",\"name\":\"Nike Dunk Low Year of the Rabbit 'White\/Crimson-Varsity Royal' FD4203-161 - Tourcruiser PTE. LTD\",\"isPartOf\":{\"@id\":\"https:\/\/tourcruiser.com\/de\/#website\"},\"primaryImageOfPage\":{\"@id\":\"https:\/\/tourcruiser.com\/de\/products\/nike-dunk-low-year-of-the-rabbit-whitecrimson-varsity-royal-fd4203-161\/#primaryimage\"},\"image\":{\"@id\":\"https:\/\/tourcruiser.com\/de\/products\/nike-dunk-low-year-of-the-rabbit-whitecrimson-varsity-royal-fd4203-161\/#primaryimage\"},\"thumbnailUrl\":\"https:\/\/images.novelship.com\/product\/nike_dunk_low_year_of_the_rabbit__white_crimson_va_0_71260.jpeg\",\"datePublished\":\"2026-03-21T05:10:43+00:00\",\"breadcrumb\":{\"@id\":\"https:\/\/tourcruiser.com\/de\/products\/nike-dunk-low-year-of-the-rabbit-whitecrimson-varsity-royal-fd4203-161\/#breadcrumb\"},\"inLanguage\":\"de\",\"potentialAction\":[{\"@type\":\"ReadAction\",\"target\":[\"https:\/\/tourcruiser.com\/de\/products\/nike-dunk-low-year-of-the-rabbit-whitecrimson-varsity-royal-fd4203-161\/\"]}]},{\"@type\":\"ImageObject\",\"inLanguage\":\"de\",\"@id\":\"https:\/\/tourcruiser.com\/de\/products\/nike-dunk-low-year-of-the-rabbit-whitecrimson-varsity-royal-fd4203-161\/#primaryimage\",\"url\":\"https:\/\/images.novelship.com\/product\/nike_dunk_low_year_of_the_rabbit__white_crimson_va_0_71260.jpeg\",\"contentUrl\":\"https:\/\/images.novelship.com\/product\/nike_dunk_low_year_of_the_rabbit__white_crimson_va_0_71260.jpeg\"},{\"@type\":\"BreadcrumbList\",\"@id\":\"https:\/\/tourcruiser.com\/de\/products\/nike-dunk-low-year-of-the-rabbit-whitecrimson-varsity-royal-fd4203-161\/#breadcrumb\",\"itemListElement\":[{\"@type\":\"ListItem\",\"position\":1,\"name\":\"Home\",\"item\":\"https:\/\/tourcruiser.com\/de\/\"},{\"@type\":\"ListItem\",\"position\":2,\"name\":\"Shop\",\"item\":\"https:\/\/tourcruiser.com\/de\/shop\/\"},{\"@type\":\"ListItem\",\"position\":3,\"name\":\"Nike Dunk Low Year of the Rabbit 'White\/Crimson-Varsity Royal' FD4203-161\"}]},{\"@type\":\"WebSite\",\"@id\":\"https:\/\/tourcruiser.com\/de\/#website\",\"url\":\"https:\/\/tourcruiser.com\/de\/\",\"name\":\"Styloral Jewelry Shop\",\"description\":\"Tourcruiser Sneaker Store \u2014 der Ort, an dem das Universum deine Einzigartigkeit trifft.\",\"publisher\":{\"@id\":\"https:\/\/tourcruiser.com\/de\/#organization\"},\"potentialAction\":[{\"@type\":\"SearchAction\",\"target\":{\"@type\":\"EntryPoint\",\"urlTemplate\":\"https:\/\/tourcruiser.com\/de\/?s={search_term_string}\"},\"query-input\":{\"@type\":\"PropertyValueSpecification\",\"valueRequired\":true,\"valueName\":\"search_term_string\"}}],\"inLanguage\":\"de\"},{\"@type\":\"Organization\",\"@id\":\"https:\/\/tourcruiser.com\/de\/#organization\",\"name\":\"STYLORAL PTE. LTD\",\"url\":\"https:\/\/tourcruiser.com\/de\/\",\"logo\":{\"@type\":\"ImageObject\",\"inLanguage\":\"de\",\"@id\":\"https:\/\/tourcruiser.com\/de\/#\/schema\/logo\/image\/\",\"url\":\"https:\/\/www.tourcruiser.com\/wp-content\/uploads\/2025\/12\/logo.png\",\"contentUrl\":\"https:\/\/www.tourcruiser.com\/wp-content\/uploads\/2025\/12\/logo.png\",\"width\":200,\"height\":65,\"caption\":\"STYLORAL PTE. LTD\"},\"image\":{\"@id\":\"https:\/\/tourcruiser.com\/de\/#\/schema\/logo\/image\/\"}}]}<\/script>\n<!-- \/ Yoast SEO plugin. -->","yoast_head_json":{"title":"Nike Dunk Low Year of the Rabbit 'White\/Crimson-Varsity Royal' FD4203-161 - Tourcruiser PTE. LTD","robots":{"index":"index","follow":"follow","max-snippet":"max-snippet:-1","max-image-preview":"max-image-preview:large","max-video-preview":"max-video-preview:-1"},"canonical":"https:\/\/tourcruiser.com\/de\/products\/nike-dunk-low-year-of-the-rabbit-whitecrimson-varsity-royal-fd4203-161\/","og_locale":"de_DE","og_type":"article","og_title":"Nike Dunk Low Year of the Rabbit 'White\/Crimson-Varsity Royal' FD4203-161 - Tourcruiser PTE. LTD","og_description":"Die Nike Dunk Low \u00e2\u20ac\u017eYear of the Rabbit\u00e2\u20ac\u0153-Sneaker in Wei\u00c3\u0178\/Karmesinrot-Royal sind ein absolutes Must-have f\u00c3\u00bcr jede Sneaker-Sammlung. Diese stylischen Schuhe bestechen durch ihre einzigartige Farbgebung, inspiriert vom chinesischen Tierkreis, und bieten maximalen Komfort und Langlebigkeit. Hergestellt von Nike, einer vertrauensw\u00c3\u00bcrdigen Marke der Sneaker-Branche, eignen sie sich perfekt f\u00c3\u00bcr Freizeit und Sport. Egal ob auf dem [&hellip;]","og_url":"https:\/\/tourcruiser.com\/de\/products\/nike-dunk-low-year-of-the-rabbit-whitecrimson-varsity-royal-fd4203-161\/","og_site_name":"Tourcruiser Sneaker Store","twitter_card":"summary_large_image","twitter_image":"https:\/\/images.novelship.com\/product\/nike_dunk_low_year_of_the_rabbit__white_crimson_va_0_71260.jpeg","twitter_misc":{"Gesch\u00e4tzte Lesezeit":"1\u00a0Minute"},"schema":{"@context":"https:\/\/schema.org","@graph":[{"@type":"WebPage","@id":"https:\/\/tourcruiser.com\/de\/products\/nike-dunk-low-year-of-the-rabbit-whitecrimson-varsity-royal-fd4203-161\/","url":"https:\/\/tourcruiser.com\/de\/products\/nike-dunk-low-year-of-the-rabbit-whitecrimson-varsity-royal-fd4203-161\/","name":"Nike Dunk Low Year of the Rabbit 'White\/Crimson-Varsity Royal' FD4203-161 - Tourcruiser PTE. LTD","isPartOf":{"@id":"https:\/\/tourcruiser.com\/de\/#website"},"primaryImageOfPage":{"@id":"https:\/\/tourcruiser.com\/de\/products\/nike-dunk-low-year-of-the-rabbit-whitecrimson-varsity-royal-fd4203-161\/#primaryimage"},"image":{"@id":"https:\/\/tourcruiser.com\/de\/products\/nike-dunk-low-year-of-the-rabbit-whitecrimson-varsity-royal-fd4203-161\/#primaryimage"},"thumbnailUrl":"https:\/\/images.novelship.com\/product\/nike_dunk_low_year_of_the_rabbit__white_crimson_va_0_71260.jpeg","datePublished":"2026-03-21T05:10:43+00:00","breadcrumb":{"@id":"https:\/\/tourcruiser.com\/de\/products\/nike-dunk-low-year-of-the-rabbit-whitecrimson-varsity-royal-fd4203-161\/#breadcrumb"},"inLanguage":"de","potentialAction":[{"@type":"ReadAction","target":["https:\/\/tourcruiser.com\/de\/products\/nike-dunk-low-year-of-the-rabbit-whitecrimson-varsity-royal-fd4203-161\/"]}]},{"@type":"ImageObject","inLanguage":"de","@id":"https:\/\/tourcruiser.com\/de\/products\/nike-dunk-low-year-of-the-rabbit-whitecrimson-varsity-royal-fd4203-161\/#primaryimage","url":"https:\/\/images.novelship.com\/product\/nike_dunk_low_year_of_the_rabbit__white_crimson_va_0_71260.jpeg","contentUrl":"https:\/\/images.novelship.com\/product\/nike_dunk_low_year_of_the_rabbit__white_crimson_va_0_71260.jpeg"},{"@type":"BreadcrumbList","@id":"https:\/\/tourcruiser.com\/de\/products\/nike-dunk-low-year-of-the-rabbit-whitecrimson-varsity-royal-fd4203-161\/#breadcrumb","itemListElement":[{"@type":"ListItem","position":1,"name":"Home","item":"https:\/\/tourcruiser.com\/de\/"},{"@type":"ListItem","position":2,"name":"Shop","item":"https:\/\/tourcruiser.com\/de\/shop\/"},{"@type":"ListItem","position":3,"name":"Nike Dunk Low Year of the Rabbit 'White\/Crimson-Varsity Royal' FD4203-161"}]},{"@type":"WebSite","@id":"https:\/\/tourcruiser.com\/de\/#website","url":"https:\/\/tourcruiser.com\/de\/","name":"Styloral Jewelry Shop","description":"Tourcruiser Sneaker Store \u2014 der Ort, an dem das Universum deine Einzigartigkeit trifft.","publisher":{"@id":"https:\/\/tourcruiser.com\/de\/#organization"},"potentialAction":[{"@type":"SearchAction","target":{"@type":"EntryPoint","urlTemplate":"https:\/\/tourcruiser.com\/de\/?s={search_term_string}"},"query-input":{"@type":"PropertyValueSpecification","valueRequired":true,"valueName":"search_term_string"}}],"inLanguage":"de"},{"@type":"Organization","@id":"https:\/\/tourcruiser.com\/de\/#organization","name":"STYLORAL PTE. LTD","url":"https:\/\/tourcruiser.com\/de\/","logo":{"@type":"ImageObject","inLanguage":"de","@id":"https:\/\/tourcruiser.com\/de\/#\/schema\/logo\/image\/","url":"https:\/\/www.tourcruiser.com\/wp-content\/uploads\/2025\/12\/logo.png","contentUrl":"https:\/\/www.tourcruiser.com\/wp-content\/uploads\/2025\/12\/logo.png","width":200,"height":65,"caption":"STYLORAL PTE. LTD"},"image":{"@id":"https:\/\/tourcruiser.com\/de\/#\/schema\/logo\/image\/"}}]}},"_links":{"self":[{"href":"https:\/\/tourcruiser.com\/de\/wp-json\/wp\/v2\/product\/464181","targetHints":{"allow":["GET"]}}],"collection":[{"href":"https:\/\/tourcruiser.com\/de\/wp-json\/wp\/v2\/product"}],"about":[{"href":"https:\/\/tourcruiser.com\/de\/wp-json\/wp\/v2\/types\/product"}],"replies":[{"embeddable":true,"href":"https:\/\/tourcruiser.com\/de\/wp-json\/wp\/v2\/comments?post=464181"}],"wp:featuredmedia":[{"embeddable":true,"href":"https:\/\/tourcruiser.com\/de\/wp-json\/wp\/v2\/media\/464182"}],"wp:attachment":[{"href":"https:\/\/tourcruiser.com\/de\/wp-json\/wp\/v2\/media?parent=464181"}],"wp:term":[{"taxonomy":"product_brand","embeddable":true,"href":"https:\/\/tourcruiser.com\/de\/wp-json\/wp\/v2\/product_brand?post=464181"},{"taxonomy":"product_cat","embeddable":true,"href":"https:\/\/tourcruiser.com\/de\/wp-json\/wp\/v2\/product_cat?post=464181"},{"taxonomy":"product_tag","embeddable":true,"href":"https:\/\/tourcruiser.com\/de\/wp-json\/wp\/v2\/product_tag?post=464181"}],"curies":[{"name":"wp","href":"https:\/\/api.w.org\/{rel}","templated":true}]}}