{"id":463323,"date":"2026-03-21T12:10:04","date_gmt":"2026-03-21T05:10:04","guid":{"rendered":"http:\/\/tourcruiser.com\/product\/tiago-lemos-x-new-balance-numeric-808-white-navy-nm808wrb"},"modified":"2026-03-21T12:10:04","modified_gmt":"2026-03-21T05:10:04","slug":"tiago-lemos-x-new-balance-numeric-808-white-navy-nm808wrb","status":"publish","type":"product","link":"https:\/\/tourcruiser.com\/de\/products\/tiago-lemos-x-new-balance-numeric-808-white-navy-nm808wrb\/","title":{"rendered":"Tiago Lemos x New Balance Numeric 808 &#8218;White Navy&#8216; NM808WRB"},"content":{"rendered":"<p>Die Tiago Lemos x New Balance Numeric 808 White Navy Sneaker von New Balance sind eine stylische und bequeme Wahl f\u00c3\u00bcr jeden Sneaker-Fan. Diese Sneaker bestechen durch ihr elegantes Design in Wei\u00c3\u0178 und Marineblau und vereinen Sportlichkeit und L\u00c3\u00a4ssigkeit perfekt. Gefertigt aus hochwertigen Materialien und mit der f\u00c3\u00bcr New Balance typischen Verarbeitungsqualit\u00c3\u00a4t, vereinen diese Sneaker Performance und Style. Egal ob im Skatepark oder einfach nur in der Freizeit \u00e2\u20ac\u201c mit den Tiago Lemos x New Balance Numeric 808 White Navy Sneakern ziehst du garantiert alle Blicke auf dich.<\/p>\n<ul>\n<li><strong>Farbgebung:<\/strong> Wei\u00c3\u0178\/Marineblau<\/li>\n<li><strong>Style-Code:<\/strong> NM808WRB<\/li>\n<li><strong>Obermaterial:<\/strong> Mesh<\/li>\n<li><strong>Zwischensohle:<\/strong> ABZORB<\/li>\n<li><strong>Farbe:<\/strong> Wei\u00c3\u0178<\/li>\n<li><strong>Designer:<\/strong> Tinker Hatfield<\/li>\n<li><strong>Saison:<\/strong> Herbst<\/li>\n<li><strong>Erscheinungsjahr:<\/strong> 2022<\/li>\n<\/ul>\n","protected":false},"excerpt":{"rendered":"<p>Die Tiago Lemos x New Balance Numeric 808 White Navy Sneaker von New Balance sind eine stylische und bequeme Wahl f\u00c3\u00bcr jeden Sneaker-Fan. Diese Sneaker bestechen durch ihr elegantes Design in Wei\u00c3\u0178 und Marineblau und vereinen Sportlichkeit und L\u00c3\u00a4ssigkeit perfekt. Gefertigt aus hochwertigen Materialien und mit der f\u00c3\u00bcr New Balance typischen Verarbeitungsqualit\u00c3\u00a4t, vereinen diese Sneaker [&hellip;]<\/p>\n","protected":false},"featured_media":463324,"comment_status":"open","ping_status":"closed","template":"","meta":[],"product_brand":[],"product_cat":[38842,10771,40247,38901],"product_tag":[10847,10753,12042,10766,11581,10802,11153,10785,10786,10758],"class_list":{"0":"post-463323","1":"product","2":"type-product","3":"status-publish","4":"has-post-thumbnail","6":"product_cat-gender-men","7":"product_cat-new-balance","8":"product_cat-new-balance-numeric-808","9":"product_cat-skateboard-shoes","10":"product_tag-best-finds-under-100","11":"product_tag-gift-for-him","12":"product_tag-leather-skateboard-shoes","13":"product_tag-new-balance","14":"product_tag-new-balance-skateboarding-shoes","15":"product_tag-performance-sport-shoes","16":"product_tag-skateboard-shoes","17":"product_tag-trending-deals","18":"product_tag-trending-deals-under-150","19":"product_tag-under-retail","20":"wcpa_has_options","22":"first","23":"instock","24":"taxable","25":"shipping-taxable","26":"purchasable","27":"product-type-simple"},"wcpa_form_fields":{"rules":{"pric_overide_base_price":false,"pric_overide_base_price_if_gt_zero":false,"pric_overide_base_price_fully":false,"pric_cal_option_once":false,"pric_use_as_fee":false,"bind_quantity":false,"quantity_bind_formula":false},"fields":[{"type":"color-group","required":true,"elementId":"wcpa-color-group-66c4a928225d2","label":"Gr\u00f6\u00dfe","inline":true,"priceOptions":"different_for_all","pricingType":"fixed","className":"hassizechart product-shoes-size-eu product-shoes-size","name":"color-group-66c4a928225e2","disp_type":"square","selection_type":"tick-border","disp_size":"50","show_label_inside":true,"adjust_width":true,"cart_display_type":"text","other_text":"Other","cl_rule":"show","col":6,"values":[{"label":"35","value":"EU 35","price":"","pimage":"","pimage_id":"","pthumb":"","color":""},{"label":"36","value":"EU 36","price":"","pimage":"","pimage_id":"","pthumb":"","color":"","selected":true},{"label":"37","value":"EU 37","price":"","pimage":"","pimage_id":"","pthumb":"","color":""},{"label":"37.5","value":"EU 37.5","price":"","pimage":"","pimage_id":"","pthumb":"","color":""},{"label":"38","value":"EU 38","price":"","pimage":"","pimage_id":"","pthumb":"","color":""},{"label":"38.5","value":"EU 38.5","price":"","pimage":"","pimage_id":"","pthumb":"","color":""},{"label":"39","value":"EU 39","price":"","pimage":"","pimage_id":"","pthumb":"","color":""},{"label":"39.5","value":"EU 39.5","price":"","pimage":"","pimage_id":"","pthumb":"","color":""},{"label":"40","value":"EU 40","price":"","pimage":"","pimage_id":"","pthumb":"","color":""},{"label":"40.5","value":"EU 40.5","price":"","pimage":"","pimage_id":"","pthumb":"","color":""},{"label":" 41.5","value":"EU 41.5","price":"","pimage":"","pimage_id":"","pthumb":"","color":""},{"label":"42","value":"EU 42","price":"","pimage":"","pimage_id":"","pthumb":"","color":""},{"label":"42.5","value":"EU 42.5","price":"","pimage":"","pimage_id":"","pthumb":"","color":""},{"label":"43","value":"EU 43","price":"","pimage":"","pimage_id":"","pthumb":"","color":""},{"label":"44","value":"EU 44","price":"","pimage":"","pimage_id":"","pthumb":"","color":""},{"label":"44.5","value":"EU 44.5","price":"","pimage":"","pimage_id":"","pthumb":"","color":""},{"label":"45","value":"EU 45","price":"","pimage":"","pimage_id":"","pthumb":"","color":""},{"label":"45.5","value":"EU 45.5","price":"","pimage":"","pimage_id":"","pthumb":"","color":""},{"label":"46","value":"EU 46","price":"","pimage":"","pimage_id":"","pthumb":"","color":""}],"relations":[{"operator":false,"rules":[]}],"form_id":24803,"form_rules":{"pric_cal_option_once":false,"exclude_from_discount":false,"pric_use_as_fee":false,"fee_label":"Fee","render_after_acb":false,"disp_hide_options_price":false}}]},"yoast_head":"<!-- This site is optimized with the Yoast SEO plugin v26.5 - https:\/\/yoast.com\/wordpress\/plugins\/seo\/ -->\n<title>Tiago Lemos x New Balance Numeric 808 &#039;White Navy&#039; NM808WRB - Tourcruiser PTE. LTD<\/title>\n<meta name=\"robots\" content=\"index, follow, max-snippet:-1, max-image-preview:large, max-video-preview:-1\" \/>\n<link rel=\"canonical\" href=\"https:\/\/tourcruiser.com\/de\/products\/tiago-lemos-x-new-balance-numeric-808-white-navy-nm808wrb\/\" \/>\n<meta property=\"og:locale\" content=\"de_DE\" \/>\n<meta property=\"og:type\" content=\"article\" \/>\n<meta property=\"og:title\" content=\"Tiago Lemos x New Balance Numeric 808 &#039;White Navy&#039; NM808WRB - Tourcruiser PTE. LTD\" \/>\n<meta property=\"og:description\" content=\"Die Tiago Lemos x New Balance Numeric 808 White Navy Sneaker von New Balance sind eine stylische und bequeme Wahl f\u00c3\u00bcr jeden Sneaker-Fan. Diese Sneaker bestechen durch ihr elegantes Design in Wei\u00c3\u0178 und Marineblau und vereinen Sportlichkeit und L\u00c3\u00a4ssigkeit perfekt. Gefertigt aus hochwertigen Materialien und mit der f\u00c3\u00bcr New Balance typischen Verarbeitungsqualit\u00c3\u00a4t, vereinen diese Sneaker [&hellip;]\" \/>\n<meta property=\"og:url\" content=\"https:\/\/tourcruiser.com\/de\/products\/tiago-lemos-x-new-balance-numeric-808-white-navy-nm808wrb\/\" \/>\n<meta property=\"og:site_name\" content=\"Tourcruiser Sneaker Store\" \/>\n<meta name=\"twitter:card\" content=\"summary_large_image\" \/>\n<meta name=\"twitter:image\" content=\"https:\/\/images.novelship.com\/product\/tiago_lemos_x_new_balance_numeric_808__white_navy__0_1186.jpeg\" \/>\n<meta name=\"twitter:label1\" content=\"Gesch\u00e4tzte Lesezeit\" \/>\n\t<meta name=\"twitter:data1\" content=\"1\u00a0Minute\" \/>\n<script type=\"application\/ld+json\" class=\"yoast-schema-graph\">{\"@context\":\"https:\/\/schema.org\",\"@graph\":[{\"@type\":\"WebPage\",\"@id\":\"https:\/\/tourcruiser.com\/de\/products\/tiago-lemos-x-new-balance-numeric-808-white-navy-nm808wrb\/\",\"url\":\"https:\/\/tourcruiser.com\/de\/products\/tiago-lemos-x-new-balance-numeric-808-white-navy-nm808wrb\/\",\"name\":\"Tiago Lemos x New Balance Numeric 808 'White Navy' NM808WRB - Tourcruiser PTE. LTD\",\"isPartOf\":{\"@id\":\"https:\/\/tourcruiser.com\/de\/#website\"},\"primaryImageOfPage\":{\"@id\":\"https:\/\/tourcruiser.com\/de\/products\/tiago-lemos-x-new-balance-numeric-808-white-navy-nm808wrb\/#primaryimage\"},\"image\":{\"@id\":\"https:\/\/tourcruiser.com\/de\/products\/tiago-lemos-x-new-balance-numeric-808-white-navy-nm808wrb\/#primaryimage\"},\"thumbnailUrl\":\"https:\/\/images.novelship.com\/product\/tiago_lemos_x_new_balance_numeric_808__white_navy__0_1186.jpeg\",\"datePublished\":\"2026-03-21T05:10:04+00:00\",\"breadcrumb\":{\"@id\":\"https:\/\/tourcruiser.com\/de\/products\/tiago-lemos-x-new-balance-numeric-808-white-navy-nm808wrb\/#breadcrumb\"},\"inLanguage\":\"de\",\"potentialAction\":[{\"@type\":\"ReadAction\",\"target\":[\"https:\/\/tourcruiser.com\/de\/products\/tiago-lemos-x-new-balance-numeric-808-white-navy-nm808wrb\/\"]}]},{\"@type\":\"ImageObject\",\"inLanguage\":\"de\",\"@id\":\"https:\/\/tourcruiser.com\/de\/products\/tiago-lemos-x-new-balance-numeric-808-white-navy-nm808wrb\/#primaryimage\",\"url\":\"https:\/\/images.novelship.com\/product\/tiago_lemos_x_new_balance_numeric_808__white_navy__0_1186.jpeg\",\"contentUrl\":\"https:\/\/images.novelship.com\/product\/tiago_lemos_x_new_balance_numeric_808__white_navy__0_1186.jpeg\"},{\"@type\":\"BreadcrumbList\",\"@id\":\"https:\/\/tourcruiser.com\/de\/products\/tiago-lemos-x-new-balance-numeric-808-white-navy-nm808wrb\/#breadcrumb\",\"itemListElement\":[{\"@type\":\"ListItem\",\"position\":1,\"name\":\"Home\",\"item\":\"https:\/\/tourcruiser.com\/de\/\"},{\"@type\":\"ListItem\",\"position\":2,\"name\":\"Shop\",\"item\":\"https:\/\/tourcruiser.com\/de\/shop\/\"},{\"@type\":\"ListItem\",\"position\":3,\"name\":\"Tiago Lemos x New Balance Numeric 808 'White Navy' NM808WRB\"}]},{\"@type\":\"WebSite\",\"@id\":\"https:\/\/tourcruiser.com\/de\/#website\",\"url\":\"https:\/\/tourcruiser.com\/de\/\",\"name\":\"Styloral Jewelry Shop\",\"description\":\"Tourcruiser Sneaker Store \u2014 der Ort, an dem das Universum deine Einzigartigkeit trifft.\",\"publisher\":{\"@id\":\"https:\/\/tourcruiser.com\/de\/#organization\"},\"potentialAction\":[{\"@type\":\"SearchAction\",\"target\":{\"@type\":\"EntryPoint\",\"urlTemplate\":\"https:\/\/tourcruiser.com\/de\/?s={search_term_string}\"},\"query-input\":{\"@type\":\"PropertyValueSpecification\",\"valueRequired\":true,\"valueName\":\"search_term_string\"}}],\"inLanguage\":\"de\"},{\"@type\":\"Organization\",\"@id\":\"https:\/\/tourcruiser.com\/de\/#organization\",\"name\":\"STYLORAL PTE. LTD\",\"url\":\"https:\/\/tourcruiser.com\/de\/\",\"logo\":{\"@type\":\"ImageObject\",\"inLanguage\":\"de\",\"@id\":\"https:\/\/tourcruiser.com\/de\/#\/schema\/logo\/image\/\",\"url\":\"https:\/\/www.tourcruiser.com\/wp-content\/uploads\/2025\/12\/logo.png\",\"contentUrl\":\"https:\/\/www.tourcruiser.com\/wp-content\/uploads\/2025\/12\/logo.png\",\"width\":200,\"height\":65,\"caption\":\"STYLORAL PTE. LTD\"},\"image\":{\"@id\":\"https:\/\/tourcruiser.com\/de\/#\/schema\/logo\/image\/\"}}]}<\/script>\n<!-- \/ Yoast SEO plugin. -->","yoast_head_json":{"title":"Tiago Lemos x New Balance Numeric 808 'White Navy' NM808WRB - Tourcruiser PTE. LTD","robots":{"index":"index","follow":"follow","max-snippet":"max-snippet:-1","max-image-preview":"max-image-preview:large","max-video-preview":"max-video-preview:-1"},"canonical":"https:\/\/tourcruiser.com\/de\/products\/tiago-lemos-x-new-balance-numeric-808-white-navy-nm808wrb\/","og_locale":"de_DE","og_type":"article","og_title":"Tiago Lemos x New Balance Numeric 808 'White Navy' NM808WRB - Tourcruiser PTE. LTD","og_description":"Die Tiago Lemos x New Balance Numeric 808 White Navy Sneaker von New Balance sind eine stylische und bequeme Wahl f\u00c3\u00bcr jeden Sneaker-Fan. Diese Sneaker bestechen durch ihr elegantes Design in Wei\u00c3\u0178 und Marineblau und vereinen Sportlichkeit und L\u00c3\u00a4ssigkeit perfekt. Gefertigt aus hochwertigen Materialien und mit der f\u00c3\u00bcr New Balance typischen Verarbeitungsqualit\u00c3\u00a4t, vereinen diese Sneaker [&hellip;]","og_url":"https:\/\/tourcruiser.com\/de\/products\/tiago-lemos-x-new-balance-numeric-808-white-navy-nm808wrb\/","og_site_name":"Tourcruiser Sneaker Store","twitter_card":"summary_large_image","twitter_image":"https:\/\/images.novelship.com\/product\/tiago_lemos_x_new_balance_numeric_808__white_navy__0_1186.jpeg","twitter_misc":{"Gesch\u00e4tzte Lesezeit":"1\u00a0Minute"},"schema":{"@context":"https:\/\/schema.org","@graph":[{"@type":"WebPage","@id":"https:\/\/tourcruiser.com\/de\/products\/tiago-lemos-x-new-balance-numeric-808-white-navy-nm808wrb\/","url":"https:\/\/tourcruiser.com\/de\/products\/tiago-lemos-x-new-balance-numeric-808-white-navy-nm808wrb\/","name":"Tiago Lemos x New Balance Numeric 808 'White Navy' NM808WRB - Tourcruiser PTE. LTD","isPartOf":{"@id":"https:\/\/tourcruiser.com\/de\/#website"},"primaryImageOfPage":{"@id":"https:\/\/tourcruiser.com\/de\/products\/tiago-lemos-x-new-balance-numeric-808-white-navy-nm808wrb\/#primaryimage"},"image":{"@id":"https:\/\/tourcruiser.com\/de\/products\/tiago-lemos-x-new-balance-numeric-808-white-navy-nm808wrb\/#primaryimage"},"thumbnailUrl":"https:\/\/images.novelship.com\/product\/tiago_lemos_x_new_balance_numeric_808__white_navy__0_1186.jpeg","datePublished":"2026-03-21T05:10:04+00:00","breadcrumb":{"@id":"https:\/\/tourcruiser.com\/de\/products\/tiago-lemos-x-new-balance-numeric-808-white-navy-nm808wrb\/#breadcrumb"},"inLanguage":"de","potentialAction":[{"@type":"ReadAction","target":["https:\/\/tourcruiser.com\/de\/products\/tiago-lemos-x-new-balance-numeric-808-white-navy-nm808wrb\/"]}]},{"@type":"ImageObject","inLanguage":"de","@id":"https:\/\/tourcruiser.com\/de\/products\/tiago-lemos-x-new-balance-numeric-808-white-navy-nm808wrb\/#primaryimage","url":"https:\/\/images.novelship.com\/product\/tiago_lemos_x_new_balance_numeric_808__white_navy__0_1186.jpeg","contentUrl":"https:\/\/images.novelship.com\/product\/tiago_lemos_x_new_balance_numeric_808__white_navy__0_1186.jpeg"},{"@type":"BreadcrumbList","@id":"https:\/\/tourcruiser.com\/de\/products\/tiago-lemos-x-new-balance-numeric-808-white-navy-nm808wrb\/#breadcrumb","itemListElement":[{"@type":"ListItem","position":1,"name":"Home","item":"https:\/\/tourcruiser.com\/de\/"},{"@type":"ListItem","position":2,"name":"Shop","item":"https:\/\/tourcruiser.com\/de\/shop\/"},{"@type":"ListItem","position":3,"name":"Tiago Lemos x New Balance Numeric 808 'White Navy' NM808WRB"}]},{"@type":"WebSite","@id":"https:\/\/tourcruiser.com\/de\/#website","url":"https:\/\/tourcruiser.com\/de\/","name":"Styloral Jewelry Shop","description":"Tourcruiser Sneaker Store \u2014 der Ort, an dem das Universum deine Einzigartigkeit trifft.","publisher":{"@id":"https:\/\/tourcruiser.com\/de\/#organization"},"potentialAction":[{"@type":"SearchAction","target":{"@type":"EntryPoint","urlTemplate":"https:\/\/tourcruiser.com\/de\/?s={search_term_string}"},"query-input":{"@type":"PropertyValueSpecification","valueRequired":true,"valueName":"search_term_string"}}],"inLanguage":"de"},{"@type":"Organization","@id":"https:\/\/tourcruiser.com\/de\/#organization","name":"STYLORAL PTE. LTD","url":"https:\/\/tourcruiser.com\/de\/","logo":{"@type":"ImageObject","inLanguage":"de","@id":"https:\/\/tourcruiser.com\/de\/#\/schema\/logo\/image\/","url":"https:\/\/www.tourcruiser.com\/wp-content\/uploads\/2025\/12\/logo.png","contentUrl":"https:\/\/www.tourcruiser.com\/wp-content\/uploads\/2025\/12\/logo.png","width":200,"height":65,"caption":"STYLORAL PTE. LTD"},"image":{"@id":"https:\/\/tourcruiser.com\/de\/#\/schema\/logo\/image\/"}}]}},"_links":{"self":[{"href":"https:\/\/tourcruiser.com\/de\/wp-json\/wp\/v2\/product\/463323","targetHints":{"allow":["GET"]}}],"collection":[{"href":"https:\/\/tourcruiser.com\/de\/wp-json\/wp\/v2\/product"}],"about":[{"href":"https:\/\/tourcruiser.com\/de\/wp-json\/wp\/v2\/types\/product"}],"replies":[{"embeddable":true,"href":"https:\/\/tourcruiser.com\/de\/wp-json\/wp\/v2\/comments?post=463323"}],"wp:featuredmedia":[{"embeddable":true,"href":"https:\/\/tourcruiser.com\/de\/wp-json\/wp\/v2\/media\/463324"}],"wp:attachment":[{"href":"https:\/\/tourcruiser.com\/de\/wp-json\/wp\/v2\/media?parent=463323"}],"wp:term":[{"taxonomy":"product_brand","embeddable":true,"href":"https:\/\/tourcruiser.com\/de\/wp-json\/wp\/v2\/product_brand?post=463323"},{"taxonomy":"product_cat","embeddable":true,"href":"https:\/\/tourcruiser.com\/de\/wp-json\/wp\/v2\/product_cat?post=463323"},{"taxonomy":"product_tag","embeddable":true,"href":"https:\/\/tourcruiser.com\/de\/wp-json\/wp\/v2\/product_tag?post=463323"}],"curies":[{"name":"wp","href":"https:\/\/api.w.org\/{rel}","templated":true}]}}