{"id":46327,"date":"2026-03-02T15:02:44","date_gmt":"2026-03-02T08:02:44","guid":{"rendered":"http:\/\/tourcruiser.com\/product\/adidas-tobacco-wonder-orchid"},"modified":"2026-03-28T00:54:41","modified_gmt":"2026-03-27T17:54:41","slug":"adidas-tobacco-wonder-orchid","status":"publish","type":"product","link":"https:\/\/tourcruiser.com\/de\/products\/adidas-tobacco-wonder-orchid\/","title":{"rendered":"adidas Tobacco &#8218;Wonder Orchid&#8216;"},"content":{"rendered":"<p>Der Adidas Tobacco \u201eWonder Orchid\u201c JR2741 definiert klassische Streetwear neu \u201d\u201c mit einer eleganten, zeitlosen Silhouette, perfekt f\u00fcr stylischen Alltagslook und h\u00f6chsten Tragekomfort. Das hochwertige Wildleder-Obermaterial in einem sanften Wonder Orchid-Ton verleiht Ihrem Outfit einen dezenten, aber dennoch raffinierten Farbtupfer. Das Retro-Design in Tabak erinnert an die traditionsreiche Geschichte von Adidas und bietet gleichzeitig eine vielseitige, unaufdringliche Optik.<\/p>\n<p>Mit Ton-in-Ton-N\u00e4hten, strukturierten, cremewei\u00dfen Gummisohlen und dezenten Drei-Streifen vereint der Tobacco \u201eWonder Orchid\u201c minimalistisches Design mit Vintage-Flair. Gepolsterte Innensohlen sorgen f\u00fcr ganzt\u00e4gigen Tragekomfort und machen diese Sneaker ideal f\u00fcr Freizeitaktivit\u00e4ten, Stadtabenteuer oder entspannte Wochenendausfl\u00fcge. Strapazierf\u00e4higkeit und Funktionalit\u00e4t stehen bei diesem Schuh im Vordergrund \u201d\u201c er vereint Mode und Alltagstauglichkeit auf perfekte Weise.<\/p>\n<p>Der Adidas Tobacco \u201eWonder Orchid\u201c JR2741 ist perfekt f\u00fcr globale Trendsetter, die dezente Eleganz sch\u00e4tzen, und die ultimative Wahl f\u00fcr alle, die einen l\u00e4ssig-coolen Look suchen. Ob zu Jeans, Shorts oder sogar l\u00e4ssig-eleganten Outfits \u201d\u201c diese Schuhe werten jedes Outfit auf und bieten dabei un\u00fcbertroffenen Tragekomfort. Setzen Sie ein modisches Statement und vereinen Sie Retro-Charme mit moderner Raffinesse mit diesen ikonischen Adidas-Sneakern.<\/p>\n<ul>\n<li><strong>Farbgebung:<\/strong> Wonder Orchid\/Silbergr\u00fcn\/Dunkelbraun<\/li>\n<li><strong>Artikelnummer:<\/strong> JR2741<\/li>\n<li><strong>Farbe:<\/strong> Pink<\/li>\n<\/ul>\n","protected":false},"excerpt":{"rendered":"<p>adidas Tobacco \u201d\u201d Wonder Orchid\/Silver Green\/Dark Brown<\/p>\n","protected":false},"featured_media":46328,"comment_status":"open","ping_status":"closed","template":"","meta":[],"product_brand":[],"product_cat":[10760],"product_tag":[10759,10753,11575,11576,10765,10758],"class_list":{"0":"post-46327","1":"product","2":"type-product","3":"status-publish","4":"has-post-thumbnail","6":"product_cat-adidas","7":"product_tag-adidas","8":"product_tag-gift-for-him","9":"product_tag-kids-lifestyle-casual-shoes","10":"product_tag-kids-sneakers","11":"product_tag-lifestyle-shoes-running-inspired","12":"product_tag-under-retail","13":"wcpa_has_options","15":"first","16":"outofstock","17":"taxable","18":"shipping-taxable","19":"purchasable","20":"product-type-simple"},"wcpa_form_fields":{"rules":{"pric_overide_base_price":false,"pric_overide_base_price_if_gt_zero":false,"pric_overide_base_price_fully":false,"pric_cal_option_once":false,"pric_use_as_fee":false,"bind_quantity":false,"quantity_bind_formula":false},"fields":[{"type":"color-group","required":true,"elementId":"wcpa-color-group-66c4a7f817afe","label":"Gr\u00f6\u00dfe","inline":true,"priceOptions":"different_for_all","pricingType":"fixed","className":"hassizechart product-shoes-size-eu product-shoes-size","name":"color-group-66c4a7f817b18","disp_type":"square","selection_type":"tick-border","disp_size":"50","show_label_inside":true,"adjust_width":true,"cart_display_type":"text","other_text":"Other","cl_rule":"show","col":6,"values":[{"label":"35","value":"EU 35","price":"","pimage":"","pimage_id":"","pthumb":"","color":""},{"label":"35.5","value":"EU 35.5","price":"","pimage":"","pimage_id":"","pthumb":"","color":""},{"label":"36","value":"EU 36","price":"","pimage":"","pimage_id":"","pthumb":"","color":"","selected":true},{"label":"36 2\/3","value":"EU 36 2\/3","price":"","pimage":"","pimage_id":"","pthumb":"","color":""},{"label":"37 1\/3","value":"EU 37 1\/3","price":"","pimage":"","pimage_id":"","pthumb":"","color":""},{"label":"38","value":"EU 38","price":"","pimage":"","pimage_id":"","pthumb":"","color":""},{"label":"38 2\/3","value":"EU 38 2\/3","price":"","pimage":"","pimage_id":"","pthumb":"","color":""},{"label":"39 1\/3","value":"EU 39 1\/3","price":"","pimage":"","pimage_id":"","pthumb":"","color":""},{"label":"40","value":"EU 40","price":"","pimage":"","pimage_id":"","pthumb":"","color":""},{"label":"40 2\/3","value":"EU 40 2\/3","price":"","pimage":"","pimage_id":"","pthumb":"","color":""},{"label":"41 1\/3","value":"EU 41 1\/3","price":"","pimage":"","pimage_id":"","pthumb":"","color":""},{"label":"42","value":"EU 42","price":"","pimage":"","pimage_id":"","pthumb":"","color":""},{"label":"42 2\/3","value":"EU 42 2\/3","price":"","pimage":"","pimage_id":"","pthumb":"","color":""},{"label":"43 1\/3","value":"EU 43 1\/3","price":"","pimage":"","pimage_id":"","pthumb":"","color":""},{"label":"44","value":"EU 44","price":"","pimage":"","pimage_id":"","pthumb":"","color":""},{"label":"44 2\/3","value":"EU 44 2\/3","price":"","pimage":"","pimage_id":"","pthumb":"","color":""},{"label":"45 1\/3","value":"EU 45 1\/3","price":"","pimage":"","pimage_id":"","pthumb":"","color":""},{"label":"46","value":"EU 46","price":"","pimage":"","pimage_id":"","pthumb":"","color":""},{"label":"46 2\/3","value":"EU 46 2\/3","price":"","pimage":"","pimage_id":"","pthumb":"","color":""},{"label":"47 1\/3","value":"EU 47 1\/3","price":"","pimage":"","pimage_id":"","pthumb":"","color":""}],"relations":[{"operator":false,"rules":[]}],"form_id":24802,"form_rules":{"pric_cal_option_once":false,"exclude_from_discount":false,"pric_use_as_fee":false,"fee_label":"Fee","render_after_acb":false,"disp_hide_options_price":false}}]},"yoast_head":"<!-- This site is optimized with the Yoast SEO plugin v26.5 - https:\/\/yoast.com\/wordpress\/plugins\/seo\/ -->\n<title>adidas Tobacco &#039;Wonder Orchid&#039;  - Tourcruiser PTE. LTD<\/title>\n<meta name=\"robots\" content=\"index, follow, max-snippet:-1, max-image-preview:large, max-video-preview:-1\" \/>\n<link rel=\"canonical\" href=\"https:\/\/tourcruiser.com\/\" \/>\n<meta property=\"og:locale\" content=\"de_DE\" \/>\n<meta property=\"og:type\" content=\"article\" \/>\n<meta property=\"og:title\" content=\"adidas Tobacco &#039;Wonder Orchid&#039;  - Tourcruiser PTE. LTD\" \/>\n<meta property=\"og:description\" content=\"adidas Tobacco \u201d\u201d Wonder Orchid\/Silver Green\/Dark Brown\" \/>\n<meta property=\"og:url\" content=\"\/\" \/>\n<meta property=\"og:site_name\" content=\"Tourcruiser Sneaker Store\" \/>\n<meta property=\"article:modified_time\" content=\"2026-03-27T17:54:41+00:00\" \/>\n<meta name=\"twitter:card\" content=\"summary_large_image\" \/>\n<meta name=\"twitter:image\" content=\"https:\/\/images.novelship.com\/product\/adidas_tobacco__wonder_orchid__jr2741_0_18690.jpeg;https:\/\/images.novelship.com\/product\/adidas_tobacco__wonder_orchid__jr2741_1_18690.jpeg;https:\/\/images.novelship.com\/product\/adidas_tobacco__wonder_orchid__jr2741_2_18690.jpeg;https:\/\/images.novelship.com\/product\/adidas_tobacco__wonder_orchid__jr2741_3_18690.jpeg;https:\/\/images.novelship.com\/product\/adidas_tobacco__wonder_orchid__jr2741_4_18690.jpeg;https:\/\/images.novelship.com\/product\/adidas_tobacco__wonder_orchid__jr2741_5_18690.jpeg;https:\/\/images.novelship.com\/product\/adidas_tobacco__wonder_orchid__jr2741_6_18690.jpeg;https:\/\/images.novelship.com\/product\/adidas_tobacco__wonder_orchid__jr2741_7_18690.jpeg;https:\/\/images.novelship.com\/product\/adidas_tobacco__wonder_orchid__jr2741_8_18690.jpeg\" \/>\n<meta name=\"twitter:label1\" content=\"Gesch\u00e4tzte Lesezeit\" \/>\n\t<meta name=\"twitter:data1\" content=\"1\u00a0Minute\" \/>\n<script type=\"application\/ld+json\" class=\"yoast-schema-graph\">{\"@context\":\"https:\/\/schema.org\",\"@graph\":[{\"@type\":\"WebPage\",\"@id\":\"\/\",\"url\":\"https:\/\/tourcruiser.com\/\",\"name\":\"adidas Tobacco 'Wonder Orchid' - Tourcruiser PTE. LTD\",\"isPartOf\":{\"@id\":\"https:\/\/tourcruiser.com\/de\/#website\"},\"primaryImageOfPage\":{\"@id\":\"https:\/\/tourcruiser.com\/#primaryimage\"},\"image\":{\"@id\":\"https:\/\/tourcruiser.com\/#primaryimage\"},\"thumbnailUrl\":\"https:\/\/images.novelship.com\/product\/adidas_tobacco__wonder_orchid__jr2741_0_18690.jpeg;https:\/\/images.novelship.com\/product\/adidas_tobacco__wonder_orchid__jr2741_1_18690.jpeg;https:\/\/images.novelship.com\/product\/adidas_tobacco__wonder_orchid__jr2741_2_18690.jpeg;https:\/\/images.novelship.com\/product\/adidas_tobacco__wonder_orchid__jr2741_3_18690.jpeg;https:\/\/images.novelship.com\/product\/adidas_tobacco__wonder_orchid__jr2741_4_18690.jpeg;https:\/\/images.novelship.com\/product\/adidas_tobacco__wonder_orchid__jr2741_5_18690.jpeg;https:\/\/images.novelship.com\/product\/adidas_tobacco__wonder_orchid__jr2741_6_18690.jpeg;https:\/\/images.novelship.com\/product\/adidas_tobacco__wonder_orchid__jr2741_7_18690.jpeg;https:\/\/images.novelship.com\/product\/adidas_tobacco__wonder_orchid__jr2741_8_18690.jpeg\",\"datePublished\":\"2026-03-02T08:02:44+00:00\",\"dateModified\":\"2026-03-27T17:54:41+00:00\",\"breadcrumb\":{\"@id\":\"https:\/\/tourcruiser.com\/#breadcrumb\"},\"inLanguage\":\"de\",\"potentialAction\":[{\"@type\":\"ReadAction\",\"target\":[\"https:\/\/tourcruiser.com\/\"]}]},{\"@type\":\"ImageObject\",\"inLanguage\":\"de\",\"@id\":\"https:\/\/tourcruiser.com\/#primaryimage\",\"url\":\"https:\/\/images.novelship.com\/product\/adidas_tobacco__wonder_orchid__jr2741_0_18690.jpeg;https:\/\/images.novelship.com\/product\/adidas_tobacco__wonder_orchid__jr2741_1_18690.jpeg;https:\/\/images.novelship.com\/product\/adidas_tobacco__wonder_orchid__jr2741_2_18690.jpeg;https:\/\/images.novelship.com\/product\/adidas_tobacco__wonder_orchid__jr2741_3_18690.jpeg;https:\/\/images.novelship.com\/product\/adidas_tobacco__wonder_orchid__jr2741_4_18690.jpeg;https:\/\/images.novelship.com\/product\/adidas_tobacco__wonder_orchid__jr2741_5_18690.jpeg;https:\/\/images.novelship.com\/product\/adidas_tobacco__wonder_orchid__jr2741_6_18690.jpeg;https:\/\/images.novelship.com\/product\/adidas_tobacco__wonder_orchid__jr2741_7_18690.jpeg;https:\/\/images.novelship.com\/product\/adidas_tobacco__wonder_orchid__jr2741_8_18690.jpeg\",\"contentUrl\":\"https:\/\/images.novelship.com\/product\/adidas_tobacco__wonder_orchid__jr2741_0_18690.jpeg;https:\/\/images.novelship.com\/product\/adidas_tobacco__wonder_orchid__jr2741_1_18690.jpeg;https:\/\/images.novelship.com\/product\/adidas_tobacco__wonder_orchid__jr2741_2_18690.jpeg;https:\/\/images.novelship.com\/product\/adidas_tobacco__wonder_orchid__jr2741_3_18690.jpeg;https:\/\/images.novelship.com\/product\/adidas_tobacco__wonder_orchid__jr2741_4_18690.jpeg;https:\/\/images.novelship.com\/product\/adidas_tobacco__wonder_orchid__jr2741_5_18690.jpeg;https:\/\/images.novelship.com\/product\/adidas_tobacco__wonder_orchid__jr2741_6_18690.jpeg;https:\/\/images.novelship.com\/product\/adidas_tobacco__wonder_orchid__jr2741_7_18690.jpeg;https:\/\/images.novelship.com\/product\/adidas_tobacco__wonder_orchid__jr2741_8_18690.jpeg\"},{\"@type\":\"BreadcrumbList\",\"@id\":\"https:\/\/tourcruiser.com\/#breadcrumb\",\"itemListElement\":[{\"@type\":\"ListItem\",\"position\":1,\"name\":\"Home\",\"item\":\"https:\/\/tourcruiser.com\/de\/\"},{\"@type\":\"ListItem\",\"position\":2,\"name\":\"Shop\",\"item\":\"https:\/\/tourcruiser.com\/de\/shop\/\"},{\"@type\":\"ListItem\",\"position\":3,\"name\":\"adidas Tobacco &#8218;Wonder Orchid&#8216;\"}]},{\"@type\":\"WebSite\",\"@id\":\"https:\/\/tourcruiser.com\/de\/#website\",\"url\":\"https:\/\/tourcruiser.com\/de\/\",\"name\":\"Styloral Jewelry Shop\",\"description\":\"Tourcruiser Sneaker Store \u2014 der Ort, an dem das Universum deine Einzigartigkeit trifft.\",\"publisher\":{\"@id\":\"https:\/\/tourcruiser.com\/de\/#organization\"},\"potentialAction\":[{\"@type\":\"SearchAction\",\"target\":{\"@type\":\"EntryPoint\",\"urlTemplate\":\"https:\/\/tourcruiser.com\/de\/?s={search_term_string}\"},\"query-input\":{\"@type\":\"PropertyValueSpecification\",\"valueRequired\":true,\"valueName\":\"search_term_string\"}}],\"inLanguage\":\"de\"},{\"@type\":\"Organization\",\"@id\":\"https:\/\/tourcruiser.com\/de\/#organization\",\"name\":\"STYLORAL PTE. LTD\",\"url\":\"https:\/\/tourcruiser.com\/de\/\",\"logo\":{\"@type\":\"ImageObject\",\"inLanguage\":\"de\",\"@id\":\"https:\/\/tourcruiser.com\/de\/#\/schema\/logo\/image\/\",\"url\":\"https:\/\/www.tourcruiser.com\/wp-content\/uploads\/2025\/12\/logo.png\",\"contentUrl\":\"https:\/\/www.tourcruiser.com\/wp-content\/uploads\/2025\/12\/logo.png\",\"width\":200,\"height\":65,\"caption\":\"STYLORAL PTE. LTD\"},\"image\":{\"@id\":\"https:\/\/tourcruiser.com\/de\/#\/schema\/logo\/image\/\"}}]}<\/script>\n<!-- \/ Yoast SEO plugin. -->","yoast_head_json":{"title":"adidas Tobacco 'Wonder Orchid'  - Tourcruiser PTE. LTD","robots":{"index":"index","follow":"follow","max-snippet":"max-snippet:-1","max-image-preview":"max-image-preview:large","max-video-preview":"max-video-preview:-1"},"canonical":"https:\/\/tourcruiser.com\/","og_locale":"de_DE","og_type":"article","og_title":"adidas Tobacco 'Wonder Orchid'  - Tourcruiser PTE. LTD","og_description":"adidas Tobacco \u201d\u201d Wonder Orchid\/Silver Green\/Dark Brown","og_url":"\/","og_site_name":"Tourcruiser Sneaker Store","article_modified_time":"2026-03-27T17:54:41+00:00","twitter_card":"summary_large_image","twitter_image":"https:\/\/images.novelship.com\/product\/adidas_tobacco__wonder_orchid__jr2741_0_18690.jpeg;https:\/\/images.novelship.com\/product\/adidas_tobacco__wonder_orchid__jr2741_1_18690.jpeg;https:\/\/images.novelship.com\/product\/adidas_tobacco__wonder_orchid__jr2741_2_18690.jpeg;https:\/\/images.novelship.com\/product\/adidas_tobacco__wonder_orchid__jr2741_3_18690.jpeg;https:\/\/images.novelship.com\/product\/adidas_tobacco__wonder_orchid__jr2741_4_18690.jpeg;https:\/\/images.novelship.com\/product\/adidas_tobacco__wonder_orchid__jr2741_5_18690.jpeg;https:\/\/images.novelship.com\/product\/adidas_tobacco__wonder_orchid__jr2741_6_18690.jpeg;https:\/\/images.novelship.com\/product\/adidas_tobacco__wonder_orchid__jr2741_7_18690.jpeg;https:\/\/images.novelship.com\/product\/adidas_tobacco__wonder_orchid__jr2741_8_18690.jpeg","twitter_misc":{"Gesch\u00e4tzte Lesezeit":"1\u00a0Minute"},"schema":{"@context":"https:\/\/schema.org","@graph":[{"@type":"WebPage","@id":"\/","url":"https:\/\/tourcruiser.com\/","name":"adidas Tobacco 'Wonder Orchid' - Tourcruiser PTE. LTD","isPartOf":{"@id":"https:\/\/tourcruiser.com\/de\/#website"},"primaryImageOfPage":{"@id":"https:\/\/tourcruiser.com\/#primaryimage"},"image":{"@id":"https:\/\/tourcruiser.com\/#primaryimage"},"thumbnailUrl":"https:\/\/images.novelship.com\/product\/adidas_tobacco__wonder_orchid__jr2741_0_18690.jpeg;https:\/\/images.novelship.com\/product\/adidas_tobacco__wonder_orchid__jr2741_1_18690.jpeg;https:\/\/images.novelship.com\/product\/adidas_tobacco__wonder_orchid__jr2741_2_18690.jpeg;https:\/\/images.novelship.com\/product\/adidas_tobacco__wonder_orchid__jr2741_3_18690.jpeg;https:\/\/images.novelship.com\/product\/adidas_tobacco__wonder_orchid__jr2741_4_18690.jpeg;https:\/\/images.novelship.com\/product\/adidas_tobacco__wonder_orchid__jr2741_5_18690.jpeg;https:\/\/images.novelship.com\/product\/adidas_tobacco__wonder_orchid__jr2741_6_18690.jpeg;https:\/\/images.novelship.com\/product\/adidas_tobacco__wonder_orchid__jr2741_7_18690.jpeg;https:\/\/images.novelship.com\/product\/adidas_tobacco__wonder_orchid__jr2741_8_18690.jpeg","datePublished":"2026-03-02T08:02:44+00:00","dateModified":"2026-03-27T17:54:41+00:00","breadcrumb":{"@id":"https:\/\/tourcruiser.com\/#breadcrumb"},"inLanguage":"de","potentialAction":[{"@type":"ReadAction","target":["https:\/\/tourcruiser.com\/"]}]},{"@type":"ImageObject","inLanguage":"de","@id":"https:\/\/tourcruiser.com\/#primaryimage","url":"https:\/\/images.novelship.com\/product\/adidas_tobacco__wonder_orchid__jr2741_0_18690.jpeg;https:\/\/images.novelship.com\/product\/adidas_tobacco__wonder_orchid__jr2741_1_18690.jpeg;https:\/\/images.novelship.com\/product\/adidas_tobacco__wonder_orchid__jr2741_2_18690.jpeg;https:\/\/images.novelship.com\/product\/adidas_tobacco__wonder_orchid__jr2741_3_18690.jpeg;https:\/\/images.novelship.com\/product\/adidas_tobacco__wonder_orchid__jr2741_4_18690.jpeg;https:\/\/images.novelship.com\/product\/adidas_tobacco__wonder_orchid__jr2741_5_18690.jpeg;https:\/\/images.novelship.com\/product\/adidas_tobacco__wonder_orchid__jr2741_6_18690.jpeg;https:\/\/images.novelship.com\/product\/adidas_tobacco__wonder_orchid__jr2741_7_18690.jpeg;https:\/\/images.novelship.com\/product\/adidas_tobacco__wonder_orchid__jr2741_8_18690.jpeg","contentUrl":"https:\/\/images.novelship.com\/product\/adidas_tobacco__wonder_orchid__jr2741_0_18690.jpeg;https:\/\/images.novelship.com\/product\/adidas_tobacco__wonder_orchid__jr2741_1_18690.jpeg;https:\/\/images.novelship.com\/product\/adidas_tobacco__wonder_orchid__jr2741_2_18690.jpeg;https:\/\/images.novelship.com\/product\/adidas_tobacco__wonder_orchid__jr2741_3_18690.jpeg;https:\/\/images.novelship.com\/product\/adidas_tobacco__wonder_orchid__jr2741_4_18690.jpeg;https:\/\/images.novelship.com\/product\/adidas_tobacco__wonder_orchid__jr2741_5_18690.jpeg;https:\/\/images.novelship.com\/product\/adidas_tobacco__wonder_orchid__jr2741_6_18690.jpeg;https:\/\/images.novelship.com\/product\/adidas_tobacco__wonder_orchid__jr2741_7_18690.jpeg;https:\/\/images.novelship.com\/product\/adidas_tobacco__wonder_orchid__jr2741_8_18690.jpeg"},{"@type":"BreadcrumbList","@id":"https:\/\/tourcruiser.com\/#breadcrumb","itemListElement":[{"@type":"ListItem","position":1,"name":"Home","item":"https:\/\/tourcruiser.com\/de\/"},{"@type":"ListItem","position":2,"name":"Shop","item":"https:\/\/tourcruiser.com\/de\/shop\/"},{"@type":"ListItem","position":3,"name":"adidas Tobacco &#8218;Wonder Orchid&#8216;"}]},{"@type":"WebSite","@id":"https:\/\/tourcruiser.com\/de\/#website","url":"https:\/\/tourcruiser.com\/de\/","name":"Styloral Jewelry Shop","description":"Tourcruiser Sneaker Store \u2014 der Ort, an dem das Universum deine Einzigartigkeit trifft.","publisher":{"@id":"https:\/\/tourcruiser.com\/de\/#organization"},"potentialAction":[{"@type":"SearchAction","target":{"@type":"EntryPoint","urlTemplate":"https:\/\/tourcruiser.com\/de\/?s={search_term_string}"},"query-input":{"@type":"PropertyValueSpecification","valueRequired":true,"valueName":"search_term_string"}}],"inLanguage":"de"},{"@type":"Organization","@id":"https:\/\/tourcruiser.com\/de\/#organization","name":"STYLORAL PTE. LTD","url":"https:\/\/tourcruiser.com\/de\/","logo":{"@type":"ImageObject","inLanguage":"de","@id":"https:\/\/tourcruiser.com\/de\/#\/schema\/logo\/image\/","url":"https:\/\/www.tourcruiser.com\/wp-content\/uploads\/2025\/12\/logo.png","contentUrl":"https:\/\/www.tourcruiser.com\/wp-content\/uploads\/2025\/12\/logo.png","width":200,"height":65,"caption":"STYLORAL PTE. LTD"},"image":{"@id":"https:\/\/tourcruiser.com\/de\/#\/schema\/logo\/image\/"}}]}},"_links":{"self":[{"href":"https:\/\/tourcruiser.com\/de\/wp-json\/wp\/v2\/product\/46327","targetHints":{"allow":["GET"]}}],"collection":[{"href":"https:\/\/tourcruiser.com\/de\/wp-json\/wp\/v2\/product"}],"about":[{"href":"https:\/\/tourcruiser.com\/de\/wp-json\/wp\/v2\/types\/product"}],"replies":[{"embeddable":true,"href":"https:\/\/tourcruiser.com\/de\/wp-json\/wp\/v2\/comments?post=46327"}],"wp:featuredmedia":[{"embeddable":true,"href":"https:\/\/tourcruiser.com\/de\/wp-json\/wp\/v2\/media\/46328"}],"wp:attachment":[{"href":"https:\/\/tourcruiser.com\/de\/wp-json\/wp\/v2\/media?parent=46327"}],"wp:term":[{"taxonomy":"product_brand","embeddable":true,"href":"https:\/\/tourcruiser.com\/de\/wp-json\/wp\/v2\/product_brand?post=46327"},{"taxonomy":"product_cat","embeddable":true,"href":"https:\/\/tourcruiser.com\/de\/wp-json\/wp\/v2\/product_cat?post=46327"},{"taxonomy":"product_tag","embeddable":true,"href":"https:\/\/tourcruiser.com\/de\/wp-json\/wp\/v2\/product_tag?post=46327"}],"curies":[{"name":"wp","href":"https:\/\/api.w.org\/{rel}","templated":true}]}}