{"id":461596,"date":"2026-03-21T12:09:03","date_gmt":"2026-03-21T05:09:03","guid":{"rendered":"http:\/\/tourcruiser.com\/product\/grade-school-air-jordan-air-12-retro-2023-cherry-153265-116"},"modified":"2026-03-21T12:09:03","modified_gmt":"2026-03-21T05:09:03","slug":"grade-school-air-jordan-air-12-retro-2023-cherry-153265-116","status":"publish","type":"product","link":"https:\/\/tourcruiser.com\/de\/products\/grade-school-air-jordan-air-12-retro-2023-cherry-153265-116\/","title":{"rendered":"(Grade School) Air Jordan Air 12 Retro 2023 &#8218;Cherry&#8216; 153265-116"},"content":{"rendered":"<p>Wir pr\u00c3\u00a4sentieren den legend\u00c3\u00a4ren Air Jordan Air 12 Retro 2023 in \u00e2\u20ac\u017eCherry\u00e2\u20ac\u0153, speziell f\u00c3\u00bcr Grundsch\u00c3\u00bcler. Dieser Sneaker f\u00c3\u00a4ngt die Essenz des legend\u00c3\u00a4ren AJ12 perfekt ein: ein leuchtend rotes Leder-Obermaterial, schwarze Overlays und dezente goldene Akzente. Die Zoom Air-D\u00c3\u00a4mpfung sorgt f\u00c3\u00bcr optimalen Tragekomfort, w\u00c3\u00a4hrend die robuste Konstruktion f\u00c3\u00bcr langanhaltende Performance garantiert. Verleihe deinem Kind einen stylischen Look und f\u00c3\u00b6rdere sein Spiel mit dem Air Jordan Air 12 Retro 2023 \u00e2\u20ac\u017eCherry\u00e2\u20ac\u0153.<\/p>\n<ul>\n<li><strong>Farbgebung:<\/strong> Wei\u00c3\u0178\/Schwarz\/Rot<\/li>\n<li><strong>Artikelnummer:<\/strong> 153265-116<\/li>\n<li><strong>Obermaterial:<\/strong> Leder<\/li>\n<li><strong>Mittelsohle:<\/strong> Zoom Air<\/li>\n<li><strong>Farbe:<\/strong> Wei\u00c3\u0178<\/li>\n<li><strong>Designer:<\/strong> Tinker Hatfield<\/li>\n<li><strong>Erscheinungsjahr:<\/strong> 2023<\/li>\n<\/ul>\n","protected":false},"excerpt":{"rendered":"<p>Wir pr\u00c3\u00a4sentieren den legend\u00c3\u00a4ren Air Jordan Air 12 Retro 2023 in \u00e2\u20ac\u017eCherry\u00e2\u20ac\u0153, speziell f\u00c3\u00bcr Grundsch\u00c3\u00bcler. Dieser Sneaker f\u00c3\u00a4ngt die Essenz des legend\u00c3\u00a4ren AJ12 perfekt ein: ein leuchtend rotes Leder-Obermaterial, schwarze Overlays und dezente goldene Akzente. Die Zoom Air-D\u00c3\u00a4mpfung sorgt f\u00c3\u00bcr optimalen Tragekomfort, w\u00c3\u00a4hrend die robuste Konstruktion f\u00c3\u00bcr langanhaltende Performance garantiert. Verleihe deinem Kind einen stylischen [&hellip;]<\/p>\n","protected":false},"featured_media":461597,"comment_status":"open","ping_status":"closed","template":"","meta":[],"product_brand":[],"product_cat":[38869,40187,38923,38872],"product_tag":[10776,11350,11575,11576,10899,10758],"class_list":{"0":"post-461596","1":"product","2":"type-product","3":"status-publish","4":"has-post-thumbnail","6":"product_cat-jordan","7":"product_cat-jordan-jordan-12-retro-2023","8":"product_cat-kids-sneakers","9":"product_cat-gender-youth","10":"product_tag-jordan","11":"product_tag-jordan-skateboarding-shoes","12":"product_tag-kids-lifestyle-casual-shoes","13":"product_tag-kids-sneakers","14":"product_tag-lifestyle-shoes-basketball-inspired","15":"product_tag-under-retail","16":"wcpa_has_options","18":"first","19":"instock","20":"taxable","21":"shipping-taxable","22":"purchasable","23":"product-type-simple"},"wcpa_form_fields":{"rules":{"pric_overide_base_price":false,"pric_overide_base_price_if_gt_zero":false,"pric_overide_base_price_fully":false,"pric_cal_option_once":false,"pric_use_as_fee":false,"bind_quantity":false,"quantity_bind_formula":false},"fields":[{"type":"color-group","required":true,"elementId":"wcpa-color-group-66c4a75505e74","label":"Gr\u00f6\u00dfe - EU Gr\u00f6\u00dfe","inline":true,"priceOptions":"different_for_all","pricingType":"fixed","className":"hassizechart product-shoes-size-eu product-shoes-size","name":"color-group-66c4a75505e89","disp_type":"square","selection_type":"tick-border","disp_size":"44","show_label_inside":true,"adjust_width":true,"cart_display_type":"text","other_text":"Other","cl_rule":"show","col":6,"values":[{"label":"35.5","value":"EU 35.5","price":"","pimage":"","pimage_id":"","pthumb":"","color":""},{"label":"36","value":"EU 36","price":"","pimage":"","pimage_id":"","pthumb":"","color":"","selected":true},{"label":"36.5","value":"EU 36.5","price":"","pimage":"","pimage_id":"","pthumb":"","color":""},{"label":"37.5","value":"EU 37.5","price":"","pimage":"","pimage_id":"","pthumb":"","color":""},{"label":"38","value":"EU 38","price":"","pimage":"","pimage_id":"","pthumb":"","color":""},{"label":"38.5","value":"EU 38.5","price":"","pimage":"","pimage_id":"","pthumb":"","color":""},{"label":"39","value":"EU 39","price":"","pimage":"","pimage_id":"","pthumb":"","color":""},{"label":"40","value":"EU 40","price":"","pimage":"","pimage_id":"","pthumb":"","color":""},{"label":"40.5","value":"EU 40.5","price":"","pimage":"","pimage_id":"","pthumb":"","color":""},{"label":"41","value":"EU 41","price":"","pimage":"","pimage_id":"","pthumb":"","color":""},{"label":"42","value":"EU 42","price":"","pimage":"","pimage_id":"","pthumb":"","color":""},{"label":"42.5","value":"EU 42.5","price":"","pimage":"","pimage_id":"","pthumb":"","color":""},{"label":"43","value":"EU 43","price":"","pimage":"","pimage_id":"","pthumb":"","color":""},{"label":"44","value":"EU 44","price":"","pimage":"","pimage_id":"","pthumb":"","color":""},{"label":"44.5","value":"EU 44.5","price":"","pimage":"","pimage_id":"","pthumb":"","color":""},{"label":"45","value":"EU 45","price":"","pimage":"","pimage_id":"","pthumb":"","color":""},{"label":"45.5","value":"EU 45.5","price":"","pimage":"","pimage_id":"","pthumb":"","color":""},{"label":"46","value":"EU 46","price":"","pimage":"","pimage_id":"","pthumb":"","color":""},{"label":"47","value":"EU 47","price":"","pimage":"","pimage_id":"","pthumb":"","color":""},{"label":"47.5","value":"EU 47.5","price":"","pimage":"","pimage_id":"","pthumb":"","color":""},{"label":"48","value":"EU 48","price":"","pimage":"","pimage_id":"","pthumb":"","color":""}],"relations":[{"operator":false,"rules":[]}],"form_id":18106,"form_rules":{"pric_cal_option_once":false,"exclude_from_discount":false,"pric_use_as_fee":false,"fee_label":"Fee","render_after_acb":false,"disp_hide_options_price":false}}]},"yoast_head":"<!-- This site is optimized with the Yoast SEO plugin v26.5 - https:\/\/yoast.com\/wordpress\/plugins\/seo\/ -->\n<title>(Grade School) Air Jordan Air 12 Retro 2023 &#039;Cherry&#039; 153265-116 - Tourcruiser PTE. LTD<\/title>\n<meta name=\"robots\" content=\"index, follow, max-snippet:-1, max-image-preview:large, max-video-preview:-1\" \/>\n<link rel=\"canonical\" href=\"https:\/\/tourcruiser.com\/de\/products\/grade-school-air-jordan-air-12-retro-2023-cherry-153265-116\/\" \/>\n<meta property=\"og:locale\" content=\"de_DE\" \/>\n<meta property=\"og:type\" content=\"article\" \/>\n<meta property=\"og:title\" content=\"(Grade School) Air Jordan Air 12 Retro 2023 &#039;Cherry&#039; 153265-116 - Tourcruiser PTE. LTD\" \/>\n<meta property=\"og:description\" content=\"Wir pr\u00c3\u00a4sentieren den legend\u00c3\u00a4ren Air Jordan Air 12 Retro 2023 in \u00e2\u20ac\u017eCherry\u00e2\u20ac\u0153, speziell f\u00c3\u00bcr Grundsch\u00c3\u00bcler. Dieser Sneaker f\u00c3\u00a4ngt die Essenz des legend\u00c3\u00a4ren AJ12 perfekt ein: ein leuchtend rotes Leder-Obermaterial, schwarze Overlays und dezente goldene Akzente. Die Zoom Air-D\u00c3\u00a4mpfung sorgt f\u00c3\u00bcr optimalen Tragekomfort, w\u00c3\u00a4hrend die robuste Konstruktion f\u00c3\u00bcr langanhaltende Performance garantiert. Verleihe deinem Kind einen stylischen [&hellip;]\" \/>\n<meta property=\"og:url\" content=\"https:\/\/tourcruiser.com\/de\/products\/grade-school-air-jordan-air-12-retro-2023-cherry-153265-116\/\" \/>\n<meta property=\"og:site_name\" content=\"Tourcruiser Sneaker Store\" \/>\n<meta name=\"twitter:card\" content=\"summary_large_image\" \/>\n<meta name=\"twitter:image\" content=\"https:\/\/images.novelship.com\/product\/_grade_school__air_jordan_air_12_retro_2023__cherr_0_82255.jpeg\" \/>\n<script type=\"application\/ld+json\" class=\"yoast-schema-graph\">{\"@context\":\"https:\/\/schema.org\",\"@graph\":[{\"@type\":\"WebPage\",\"@id\":\"https:\/\/tourcruiser.com\/de\/products\/grade-school-air-jordan-air-12-retro-2023-cherry-153265-116\/\",\"url\":\"https:\/\/tourcruiser.com\/de\/products\/grade-school-air-jordan-air-12-retro-2023-cherry-153265-116\/\",\"name\":\"(Grade School) Air Jordan Air 12 Retro 2023 'Cherry' 153265-116 - Tourcruiser PTE. LTD\",\"isPartOf\":{\"@id\":\"https:\/\/tourcruiser.com\/de\/#website\"},\"primaryImageOfPage\":{\"@id\":\"https:\/\/tourcruiser.com\/de\/products\/grade-school-air-jordan-air-12-retro-2023-cherry-153265-116\/#primaryimage\"},\"image\":{\"@id\":\"https:\/\/tourcruiser.com\/de\/products\/grade-school-air-jordan-air-12-retro-2023-cherry-153265-116\/#primaryimage\"},\"thumbnailUrl\":\"https:\/\/images.novelship.com\/product\/_grade_school__air_jordan_air_12_retro_2023__cherr_0_82255.jpeg\",\"datePublished\":\"2026-03-21T05:09:03+00:00\",\"breadcrumb\":{\"@id\":\"https:\/\/tourcruiser.com\/de\/products\/grade-school-air-jordan-air-12-retro-2023-cherry-153265-116\/#breadcrumb\"},\"inLanguage\":\"de\",\"potentialAction\":[{\"@type\":\"ReadAction\",\"target\":[\"https:\/\/tourcruiser.com\/de\/products\/grade-school-air-jordan-air-12-retro-2023-cherry-153265-116\/\"]}]},{\"@type\":\"ImageObject\",\"inLanguage\":\"de\",\"@id\":\"https:\/\/tourcruiser.com\/de\/products\/grade-school-air-jordan-air-12-retro-2023-cherry-153265-116\/#primaryimage\",\"url\":\"https:\/\/images.novelship.com\/product\/_grade_school__air_jordan_air_12_retro_2023__cherr_0_82255.jpeg\",\"contentUrl\":\"https:\/\/images.novelship.com\/product\/_grade_school__air_jordan_air_12_retro_2023__cherr_0_82255.jpeg\"},{\"@type\":\"BreadcrumbList\",\"@id\":\"https:\/\/tourcruiser.com\/de\/products\/grade-school-air-jordan-air-12-retro-2023-cherry-153265-116\/#breadcrumb\",\"itemListElement\":[{\"@type\":\"ListItem\",\"position\":1,\"name\":\"Home\",\"item\":\"https:\/\/tourcruiser.com\/de\/\"},{\"@type\":\"ListItem\",\"position\":2,\"name\":\"Shop\",\"item\":\"https:\/\/tourcruiser.com\/de\/shop\/\"},{\"@type\":\"ListItem\",\"position\":3,\"name\":\"(Grade School) Air Jordan Air 12 Retro 2023 'Cherry' 153265-116\"}]},{\"@type\":\"WebSite\",\"@id\":\"https:\/\/tourcruiser.com\/de\/#website\",\"url\":\"https:\/\/tourcruiser.com\/de\/\",\"name\":\"Styloral Jewelry Shop\",\"description\":\"Tourcruiser Sneaker Store \u2014 der Ort, an dem das Universum deine Einzigartigkeit trifft.\",\"publisher\":{\"@id\":\"https:\/\/tourcruiser.com\/de\/#organization\"},\"potentialAction\":[{\"@type\":\"SearchAction\",\"target\":{\"@type\":\"EntryPoint\",\"urlTemplate\":\"https:\/\/tourcruiser.com\/de\/?s={search_term_string}\"},\"query-input\":{\"@type\":\"PropertyValueSpecification\",\"valueRequired\":true,\"valueName\":\"search_term_string\"}}],\"inLanguage\":\"de\"},{\"@type\":\"Organization\",\"@id\":\"https:\/\/tourcruiser.com\/de\/#organization\",\"name\":\"STYLORAL PTE. LTD\",\"url\":\"https:\/\/tourcruiser.com\/de\/\",\"logo\":{\"@type\":\"ImageObject\",\"inLanguage\":\"de\",\"@id\":\"https:\/\/tourcruiser.com\/de\/#\/schema\/logo\/image\/\",\"url\":\"https:\/\/www.tourcruiser.com\/wp-content\/uploads\/2025\/12\/logo.png\",\"contentUrl\":\"https:\/\/www.tourcruiser.com\/wp-content\/uploads\/2025\/12\/logo.png\",\"width\":200,\"height\":65,\"caption\":\"STYLORAL PTE. LTD\"},\"image\":{\"@id\":\"https:\/\/tourcruiser.com\/de\/#\/schema\/logo\/image\/\"}}]}<\/script>\n<!-- \/ Yoast SEO plugin. -->","yoast_head_json":{"title":"(Grade School) Air Jordan Air 12 Retro 2023 'Cherry' 153265-116 - Tourcruiser PTE. LTD","robots":{"index":"index","follow":"follow","max-snippet":"max-snippet:-1","max-image-preview":"max-image-preview:large","max-video-preview":"max-video-preview:-1"},"canonical":"https:\/\/tourcruiser.com\/de\/products\/grade-school-air-jordan-air-12-retro-2023-cherry-153265-116\/","og_locale":"de_DE","og_type":"article","og_title":"(Grade School) Air Jordan Air 12 Retro 2023 'Cherry' 153265-116 - Tourcruiser PTE. LTD","og_description":"Wir pr\u00c3\u00a4sentieren den legend\u00c3\u00a4ren Air Jordan Air 12 Retro 2023 in \u00e2\u20ac\u017eCherry\u00e2\u20ac\u0153, speziell f\u00c3\u00bcr Grundsch\u00c3\u00bcler. Dieser Sneaker f\u00c3\u00a4ngt die Essenz des legend\u00c3\u00a4ren AJ12 perfekt ein: ein leuchtend rotes Leder-Obermaterial, schwarze Overlays und dezente goldene Akzente. Die Zoom Air-D\u00c3\u00a4mpfung sorgt f\u00c3\u00bcr optimalen Tragekomfort, w\u00c3\u00a4hrend die robuste Konstruktion f\u00c3\u00bcr langanhaltende Performance garantiert. Verleihe deinem Kind einen stylischen [&hellip;]","og_url":"https:\/\/tourcruiser.com\/de\/products\/grade-school-air-jordan-air-12-retro-2023-cherry-153265-116\/","og_site_name":"Tourcruiser Sneaker Store","twitter_card":"summary_large_image","twitter_image":"https:\/\/images.novelship.com\/product\/_grade_school__air_jordan_air_12_retro_2023__cherr_0_82255.jpeg","schema":{"@context":"https:\/\/schema.org","@graph":[{"@type":"WebPage","@id":"https:\/\/tourcruiser.com\/de\/products\/grade-school-air-jordan-air-12-retro-2023-cherry-153265-116\/","url":"https:\/\/tourcruiser.com\/de\/products\/grade-school-air-jordan-air-12-retro-2023-cherry-153265-116\/","name":"(Grade School) Air Jordan Air 12 Retro 2023 'Cherry' 153265-116 - Tourcruiser PTE. LTD","isPartOf":{"@id":"https:\/\/tourcruiser.com\/de\/#website"},"primaryImageOfPage":{"@id":"https:\/\/tourcruiser.com\/de\/products\/grade-school-air-jordan-air-12-retro-2023-cherry-153265-116\/#primaryimage"},"image":{"@id":"https:\/\/tourcruiser.com\/de\/products\/grade-school-air-jordan-air-12-retro-2023-cherry-153265-116\/#primaryimage"},"thumbnailUrl":"https:\/\/images.novelship.com\/product\/_grade_school__air_jordan_air_12_retro_2023__cherr_0_82255.jpeg","datePublished":"2026-03-21T05:09:03+00:00","breadcrumb":{"@id":"https:\/\/tourcruiser.com\/de\/products\/grade-school-air-jordan-air-12-retro-2023-cherry-153265-116\/#breadcrumb"},"inLanguage":"de","potentialAction":[{"@type":"ReadAction","target":["https:\/\/tourcruiser.com\/de\/products\/grade-school-air-jordan-air-12-retro-2023-cherry-153265-116\/"]}]},{"@type":"ImageObject","inLanguage":"de","@id":"https:\/\/tourcruiser.com\/de\/products\/grade-school-air-jordan-air-12-retro-2023-cherry-153265-116\/#primaryimage","url":"https:\/\/images.novelship.com\/product\/_grade_school__air_jordan_air_12_retro_2023__cherr_0_82255.jpeg","contentUrl":"https:\/\/images.novelship.com\/product\/_grade_school__air_jordan_air_12_retro_2023__cherr_0_82255.jpeg"},{"@type":"BreadcrumbList","@id":"https:\/\/tourcruiser.com\/de\/products\/grade-school-air-jordan-air-12-retro-2023-cherry-153265-116\/#breadcrumb","itemListElement":[{"@type":"ListItem","position":1,"name":"Home","item":"https:\/\/tourcruiser.com\/de\/"},{"@type":"ListItem","position":2,"name":"Shop","item":"https:\/\/tourcruiser.com\/de\/shop\/"},{"@type":"ListItem","position":3,"name":"(Grade School) Air Jordan Air 12 Retro 2023 'Cherry' 153265-116"}]},{"@type":"WebSite","@id":"https:\/\/tourcruiser.com\/de\/#website","url":"https:\/\/tourcruiser.com\/de\/","name":"Styloral Jewelry Shop","description":"Tourcruiser Sneaker Store \u2014 der Ort, an dem das Universum deine Einzigartigkeit trifft.","publisher":{"@id":"https:\/\/tourcruiser.com\/de\/#organization"},"potentialAction":[{"@type":"SearchAction","target":{"@type":"EntryPoint","urlTemplate":"https:\/\/tourcruiser.com\/de\/?s={search_term_string}"},"query-input":{"@type":"PropertyValueSpecification","valueRequired":true,"valueName":"search_term_string"}}],"inLanguage":"de"},{"@type":"Organization","@id":"https:\/\/tourcruiser.com\/de\/#organization","name":"STYLORAL PTE. LTD","url":"https:\/\/tourcruiser.com\/de\/","logo":{"@type":"ImageObject","inLanguage":"de","@id":"https:\/\/tourcruiser.com\/de\/#\/schema\/logo\/image\/","url":"https:\/\/www.tourcruiser.com\/wp-content\/uploads\/2025\/12\/logo.png","contentUrl":"https:\/\/www.tourcruiser.com\/wp-content\/uploads\/2025\/12\/logo.png","width":200,"height":65,"caption":"STYLORAL PTE. LTD"},"image":{"@id":"https:\/\/tourcruiser.com\/de\/#\/schema\/logo\/image\/"}}]}},"_links":{"self":[{"href":"https:\/\/tourcruiser.com\/de\/wp-json\/wp\/v2\/product\/461596","targetHints":{"allow":["GET"]}}],"collection":[{"href":"https:\/\/tourcruiser.com\/de\/wp-json\/wp\/v2\/product"}],"about":[{"href":"https:\/\/tourcruiser.com\/de\/wp-json\/wp\/v2\/types\/product"}],"replies":[{"embeddable":true,"href":"https:\/\/tourcruiser.com\/de\/wp-json\/wp\/v2\/comments?post=461596"}],"wp:featuredmedia":[{"embeddable":true,"href":"https:\/\/tourcruiser.com\/de\/wp-json\/wp\/v2\/media\/461597"}],"wp:attachment":[{"href":"https:\/\/tourcruiser.com\/de\/wp-json\/wp\/v2\/media?parent=461596"}],"wp:term":[{"taxonomy":"product_brand","embeddable":true,"href":"https:\/\/tourcruiser.com\/de\/wp-json\/wp\/v2\/product_brand?post=461596"},{"taxonomy":"product_cat","embeddable":true,"href":"https:\/\/tourcruiser.com\/de\/wp-json\/wp\/v2\/product_cat?post=461596"},{"taxonomy":"product_tag","embeddable":true,"href":"https:\/\/tourcruiser.com\/de\/wp-json\/wp\/v2\/product_tag?post=461596"}],"curies":[{"name":"wp","href":"https:\/\/api.w.org\/{rel}","templated":true}]}}