{"id":460966,"date":"2026-03-21T12:08:37","date_gmt":"2026-03-21T05:08:37","guid":{"rendered":"http:\/\/tourcruiser.com\/product\/new-balance-1906r-slate-grey-frappe-m1906fa"},"modified":"2026-03-21T12:08:37","modified_gmt":"2026-03-21T05:08:37","slug":"new-balance-1906r-slate-grey-frappe-m1906fa","status":"publish","type":"product","link":"https:\/\/tourcruiser.com\/de\/products\/new-balance-1906r-slate-grey-frappe-m1906fa\/","title":{"rendered":"New Balance 1906R &#8218;Slate Grey Frappe&#8216; M1906FA"},"content":{"rendered":"<p>Mit dem New Balance 1906R \u00e2\u20ac\u017eSlate Grey Frappe\u00e2\u20ac\u0153 M1906FA verleihst du deinem Sneaker-Style das gewisse Etwas. Dieser au\u00c3\u0178ergew\u00c3\u00b6hnliche Schuh vereint sportliche \u00c3\u201esthetik mit erstklassigem Tragekomfort und besticht durch ein elegantes schiefergraues Obermaterial mit spritzigen Akzenten. Dank fortschrittlicher D\u00c3\u00a4mpfung und strapazierf\u00c3\u00a4higer Gummisohle ist er der perfekte Begleiter f\u00c3\u00bcr den ganzen Tag \u00e2\u20ac\u201c egal ob beim Einkaufen oder im Fitnessstudio. Mit diesem vielseitigen und modernen Schuh verleihst du deiner Schuhsammlung m\u00c3\u00bchelos einen stylischen Touch. Upgrade auf den New Balance 1906R<\/p>\n<ul>\n<li><strong>Farbgebung:<\/strong> Schiefergrau\/Frappe\/Meersalz<\/li>\n<li><strong>Style-Code:<\/strong> M1906FA<\/li>\n<li><strong>Obermaterial:<\/strong> Canvas<\/li>\n<li><strong>Zwischensohle:<\/strong> NERGY<\/li>\n<li><strong>Farbe:<\/strong> Grau<\/li>\n<li><strong>Erscheinungsjahr:<\/strong> 2023<\/li>\n<\/ul>\n","protected":false},"excerpt":{"rendered":"<p>Mit dem New Balance 1906R \u00e2\u20ac\u017eSlate Grey Frappe\u00e2\u20ac\u0153 M1906FA verleihst du deinem Sneaker-Style das gewisse Etwas. Dieser au\u00c3\u0178ergew\u00c3\u00b6hnliche Schuh vereint sportliche \u00c3\u201esthetik mit erstklassigem Tragekomfort und besticht durch ein elegantes schiefergraues Obermaterial mit spritzigen Akzenten. Dank fortschrittlicher D\u00c3\u00a4mpfung und strapazierf\u00c3\u00a4higer Gummisohle ist er der perfekte Begleiter f\u00c3\u00bcr den ganzen Tag \u00e2\u20ac\u201c egal ob beim Einkaufen [&hellip;]<\/p>\n","protected":false},"featured_media":460967,"comment_status":"open","ping_status":"closed","template":"","meta":[],"product_brand":[],"product_cat":[39690,38840,38842,10771],"product_tag":[10750,10753,10754,10765,10766,10767,10768,10785,10786,10758],"class_list":{"0":"post-460966","1":"product","2":"type-product","3":"status-publish","4":"has-post-thumbnail","6":"product_cat-new-balance-1906r","7":"product_cat-lifestyle-shoes-running-inspired","8":"product_cat-gender-men","9":"product_cat-new-balance","10":"product_tag-athleisure-shoes","11":"product_tag-gift-for-him","12":"product_tag-lifestyle-casual-shoes","13":"product_tag-lifestyle-shoes-running-inspired","14":"product_tag-new-balance","15":"product_tag-new-balance-running-shoes","16":"product_tag-retro-running-shoes","17":"product_tag-trending-deals","18":"product_tag-trending-deals-under-150","19":"product_tag-under-retail","20":"wcpa_has_options","22":"first","23":"instock","24":"taxable","25":"shipping-taxable","26":"purchasable","27":"product-type-simple"},"wcpa_form_fields":{"rules":{"pric_overide_base_price":false,"pric_overide_base_price_if_gt_zero":false,"pric_overide_base_price_fully":false,"pric_cal_option_once":false,"pric_use_as_fee":false,"bind_quantity":false,"quantity_bind_formula":false},"fields":[{"type":"color-group","required":true,"elementId":"wcpa-color-group-66c4a928225d2","label":"Gr\u00f6\u00dfe","inline":true,"priceOptions":"different_for_all","pricingType":"fixed","className":"hassizechart product-shoes-size-eu product-shoes-size","name":"color-group-66c4a928225e2","disp_type":"square","selection_type":"tick-border","disp_size":"50","show_label_inside":true,"adjust_width":true,"cart_display_type":"text","other_text":"Other","cl_rule":"show","col":6,"values":[{"label":"35","value":"EU 35","price":"","pimage":"","pimage_id":"","pthumb":"","color":""},{"label":"36","value":"EU 36","price":"","pimage":"","pimage_id":"","pthumb":"","color":"","selected":true},{"label":"37","value":"EU 37","price":"","pimage":"","pimage_id":"","pthumb":"","color":""},{"label":"37.5","value":"EU 37.5","price":"","pimage":"","pimage_id":"","pthumb":"","color":""},{"label":"38","value":"EU 38","price":"","pimage":"","pimage_id":"","pthumb":"","color":""},{"label":"38.5","value":"EU 38.5","price":"","pimage":"","pimage_id":"","pthumb":"","color":""},{"label":"39","value":"EU 39","price":"","pimage":"","pimage_id":"","pthumb":"","color":""},{"label":"39.5","value":"EU 39.5","price":"","pimage":"","pimage_id":"","pthumb":"","color":""},{"label":"40","value":"EU 40","price":"","pimage":"","pimage_id":"","pthumb":"","color":""},{"label":"40.5","value":"EU 40.5","price":"","pimage":"","pimage_id":"","pthumb":"","color":""},{"label":" 41.5","value":"EU 41.5","price":"","pimage":"","pimage_id":"","pthumb":"","color":""},{"label":"42","value":"EU 42","price":"","pimage":"","pimage_id":"","pthumb":"","color":""},{"label":"42.5","value":"EU 42.5","price":"","pimage":"","pimage_id":"","pthumb":"","color":""},{"label":"43","value":"EU 43","price":"","pimage":"","pimage_id":"","pthumb":"","color":""},{"label":"44","value":"EU 44","price":"","pimage":"","pimage_id":"","pthumb":"","color":""},{"label":"44.5","value":"EU 44.5","price":"","pimage":"","pimage_id":"","pthumb":"","color":""},{"label":"45","value":"EU 45","price":"","pimage":"","pimage_id":"","pthumb":"","color":""},{"label":"45.5","value":"EU 45.5","price":"","pimage":"","pimage_id":"","pthumb":"","color":""},{"label":"46","value":"EU 46","price":"","pimage":"","pimage_id":"","pthumb":"","color":""}],"relations":[{"operator":false,"rules":[]}],"form_id":24803,"form_rules":{"pric_cal_option_once":false,"exclude_from_discount":false,"pric_use_as_fee":false,"fee_label":"Fee","render_after_acb":false,"disp_hide_options_price":false}}]},"yoast_head":"<!-- This site is optimized with the Yoast SEO plugin v26.5 - https:\/\/yoast.com\/wordpress\/plugins\/seo\/ -->\n<title>New Balance 1906R &#039;Slate Grey Frappe&#039; M1906FA - Tourcruiser PTE. LTD<\/title>\n<meta name=\"robots\" content=\"index, follow, max-snippet:-1, max-image-preview:large, max-video-preview:-1\" \/>\n<link rel=\"canonical\" href=\"https:\/\/tourcruiser.com\/de\/products\/new-balance-1906r-slate-grey-frappe-m1906fa\/\" \/>\n<meta property=\"og:locale\" content=\"de_DE\" \/>\n<meta property=\"og:type\" content=\"article\" \/>\n<meta property=\"og:title\" content=\"New Balance 1906R &#039;Slate Grey Frappe&#039; M1906FA - Tourcruiser PTE. LTD\" \/>\n<meta property=\"og:description\" content=\"Mit dem New Balance 1906R \u00e2\u20ac\u017eSlate Grey Frappe\u00e2\u20ac\u0153 M1906FA verleihst du deinem Sneaker-Style das gewisse Etwas. Dieser au\u00c3\u0178ergew\u00c3\u00b6hnliche Schuh vereint sportliche \u00c3\u201esthetik mit erstklassigem Tragekomfort und besticht durch ein elegantes schiefergraues Obermaterial mit spritzigen Akzenten. Dank fortschrittlicher D\u00c3\u00a4mpfung und strapazierf\u00c3\u00a4higer Gummisohle ist er der perfekte Begleiter f\u00c3\u00bcr den ganzen Tag \u00e2\u20ac\u201c egal ob beim Einkaufen [&hellip;]\" \/>\n<meta property=\"og:url\" content=\"https:\/\/tourcruiser.com\/de\/products\/new-balance-1906r-slate-grey-frappe-m1906fa\/\" \/>\n<meta property=\"og:site_name\" content=\"Tourcruiser Sneaker Store\" \/>\n<meta name=\"twitter:card\" content=\"summary_large_image\" \/>\n<meta name=\"twitter:image\" content=\"https:\/\/images.novelship.com\/product\/new_balance_1906r__slate_grey_frappe__0_58210.png\" \/>\n<script type=\"application\/ld+json\" class=\"yoast-schema-graph\">{\"@context\":\"https:\/\/schema.org\",\"@graph\":[{\"@type\":\"WebPage\",\"@id\":\"https:\/\/tourcruiser.com\/de\/products\/new-balance-1906r-slate-grey-frappe-m1906fa\/\",\"url\":\"https:\/\/tourcruiser.com\/de\/products\/new-balance-1906r-slate-grey-frappe-m1906fa\/\",\"name\":\"New Balance 1906R 'Slate Grey Frappe' M1906FA - Tourcruiser PTE. LTD\",\"isPartOf\":{\"@id\":\"https:\/\/tourcruiser.com\/de\/#website\"},\"primaryImageOfPage\":{\"@id\":\"https:\/\/tourcruiser.com\/de\/products\/new-balance-1906r-slate-grey-frappe-m1906fa\/#primaryimage\"},\"image\":{\"@id\":\"https:\/\/tourcruiser.com\/de\/products\/new-balance-1906r-slate-grey-frappe-m1906fa\/#primaryimage\"},\"thumbnailUrl\":\"https:\/\/images.novelship.com\/product\/new_balance_1906r__slate_grey_frappe__0_58210.png\",\"datePublished\":\"2026-03-21T05:08:37+00:00\",\"breadcrumb\":{\"@id\":\"https:\/\/tourcruiser.com\/de\/products\/new-balance-1906r-slate-grey-frappe-m1906fa\/#breadcrumb\"},\"inLanguage\":\"de\",\"potentialAction\":[{\"@type\":\"ReadAction\",\"target\":[\"https:\/\/tourcruiser.com\/de\/products\/new-balance-1906r-slate-grey-frappe-m1906fa\/\"]}]},{\"@type\":\"ImageObject\",\"inLanguage\":\"de\",\"@id\":\"https:\/\/tourcruiser.com\/de\/products\/new-balance-1906r-slate-grey-frappe-m1906fa\/#primaryimage\",\"url\":\"https:\/\/images.novelship.com\/product\/new_balance_1906r__slate_grey_frappe__0_58210.png\",\"contentUrl\":\"https:\/\/images.novelship.com\/product\/new_balance_1906r__slate_grey_frappe__0_58210.png\"},{\"@type\":\"BreadcrumbList\",\"@id\":\"https:\/\/tourcruiser.com\/de\/products\/new-balance-1906r-slate-grey-frappe-m1906fa\/#breadcrumb\",\"itemListElement\":[{\"@type\":\"ListItem\",\"position\":1,\"name\":\"Home\",\"item\":\"https:\/\/tourcruiser.com\/de\/\"},{\"@type\":\"ListItem\",\"position\":2,\"name\":\"Shop\",\"item\":\"https:\/\/tourcruiser.com\/de\/shop\/\"},{\"@type\":\"ListItem\",\"position\":3,\"name\":\"New Balance 1906R 'Slate Grey Frappe' M1906FA\"}]},{\"@type\":\"WebSite\",\"@id\":\"https:\/\/tourcruiser.com\/de\/#website\",\"url\":\"https:\/\/tourcruiser.com\/de\/\",\"name\":\"Styloral Jewelry Shop\",\"description\":\"Tourcruiser Sneaker Store \u2014 der Ort, an dem das Universum deine Einzigartigkeit trifft.\",\"publisher\":{\"@id\":\"https:\/\/tourcruiser.com\/de\/#organization\"},\"potentialAction\":[{\"@type\":\"SearchAction\",\"target\":{\"@type\":\"EntryPoint\",\"urlTemplate\":\"https:\/\/tourcruiser.com\/de\/?s={search_term_string}\"},\"query-input\":{\"@type\":\"PropertyValueSpecification\",\"valueRequired\":true,\"valueName\":\"search_term_string\"}}],\"inLanguage\":\"de\"},{\"@type\":\"Organization\",\"@id\":\"https:\/\/tourcruiser.com\/de\/#organization\",\"name\":\"STYLORAL PTE. LTD\",\"url\":\"https:\/\/tourcruiser.com\/de\/\",\"logo\":{\"@type\":\"ImageObject\",\"inLanguage\":\"de\",\"@id\":\"https:\/\/tourcruiser.com\/de\/#\/schema\/logo\/image\/\",\"url\":\"https:\/\/www.tourcruiser.com\/wp-content\/uploads\/2025\/12\/logo.png\",\"contentUrl\":\"https:\/\/www.tourcruiser.com\/wp-content\/uploads\/2025\/12\/logo.png\",\"width\":200,\"height\":65,\"caption\":\"STYLORAL PTE. LTD\"},\"image\":{\"@id\":\"https:\/\/tourcruiser.com\/de\/#\/schema\/logo\/image\/\"}}]}<\/script>\n<!-- \/ Yoast SEO plugin. -->","yoast_head_json":{"title":"New Balance 1906R 'Slate Grey Frappe' M1906FA - Tourcruiser PTE. LTD","robots":{"index":"index","follow":"follow","max-snippet":"max-snippet:-1","max-image-preview":"max-image-preview:large","max-video-preview":"max-video-preview:-1"},"canonical":"https:\/\/tourcruiser.com\/de\/products\/new-balance-1906r-slate-grey-frappe-m1906fa\/","og_locale":"de_DE","og_type":"article","og_title":"New Balance 1906R 'Slate Grey Frappe' M1906FA - Tourcruiser PTE. LTD","og_description":"Mit dem New Balance 1906R \u00e2\u20ac\u017eSlate Grey Frappe\u00e2\u20ac\u0153 M1906FA verleihst du deinem Sneaker-Style das gewisse Etwas. Dieser au\u00c3\u0178ergew\u00c3\u00b6hnliche Schuh vereint sportliche \u00c3\u201esthetik mit erstklassigem Tragekomfort und besticht durch ein elegantes schiefergraues Obermaterial mit spritzigen Akzenten. Dank fortschrittlicher D\u00c3\u00a4mpfung und strapazierf\u00c3\u00a4higer Gummisohle ist er der perfekte Begleiter f\u00c3\u00bcr den ganzen Tag \u00e2\u20ac\u201c egal ob beim Einkaufen [&hellip;]","og_url":"https:\/\/tourcruiser.com\/de\/products\/new-balance-1906r-slate-grey-frappe-m1906fa\/","og_site_name":"Tourcruiser Sneaker Store","twitter_card":"summary_large_image","twitter_image":"https:\/\/images.novelship.com\/product\/new_balance_1906r__slate_grey_frappe__0_58210.png","schema":{"@context":"https:\/\/schema.org","@graph":[{"@type":"WebPage","@id":"https:\/\/tourcruiser.com\/de\/products\/new-balance-1906r-slate-grey-frappe-m1906fa\/","url":"https:\/\/tourcruiser.com\/de\/products\/new-balance-1906r-slate-grey-frappe-m1906fa\/","name":"New Balance 1906R 'Slate Grey Frappe' M1906FA - Tourcruiser PTE. LTD","isPartOf":{"@id":"https:\/\/tourcruiser.com\/de\/#website"},"primaryImageOfPage":{"@id":"https:\/\/tourcruiser.com\/de\/products\/new-balance-1906r-slate-grey-frappe-m1906fa\/#primaryimage"},"image":{"@id":"https:\/\/tourcruiser.com\/de\/products\/new-balance-1906r-slate-grey-frappe-m1906fa\/#primaryimage"},"thumbnailUrl":"https:\/\/images.novelship.com\/product\/new_balance_1906r__slate_grey_frappe__0_58210.png","datePublished":"2026-03-21T05:08:37+00:00","breadcrumb":{"@id":"https:\/\/tourcruiser.com\/de\/products\/new-balance-1906r-slate-grey-frappe-m1906fa\/#breadcrumb"},"inLanguage":"de","potentialAction":[{"@type":"ReadAction","target":["https:\/\/tourcruiser.com\/de\/products\/new-balance-1906r-slate-grey-frappe-m1906fa\/"]}]},{"@type":"ImageObject","inLanguage":"de","@id":"https:\/\/tourcruiser.com\/de\/products\/new-balance-1906r-slate-grey-frappe-m1906fa\/#primaryimage","url":"https:\/\/images.novelship.com\/product\/new_balance_1906r__slate_grey_frappe__0_58210.png","contentUrl":"https:\/\/images.novelship.com\/product\/new_balance_1906r__slate_grey_frappe__0_58210.png"},{"@type":"BreadcrumbList","@id":"https:\/\/tourcruiser.com\/de\/products\/new-balance-1906r-slate-grey-frappe-m1906fa\/#breadcrumb","itemListElement":[{"@type":"ListItem","position":1,"name":"Home","item":"https:\/\/tourcruiser.com\/de\/"},{"@type":"ListItem","position":2,"name":"Shop","item":"https:\/\/tourcruiser.com\/de\/shop\/"},{"@type":"ListItem","position":3,"name":"New Balance 1906R 'Slate Grey Frappe' M1906FA"}]},{"@type":"WebSite","@id":"https:\/\/tourcruiser.com\/de\/#website","url":"https:\/\/tourcruiser.com\/de\/","name":"Styloral Jewelry Shop","description":"Tourcruiser Sneaker Store \u2014 der Ort, an dem das Universum deine Einzigartigkeit trifft.","publisher":{"@id":"https:\/\/tourcruiser.com\/de\/#organization"},"potentialAction":[{"@type":"SearchAction","target":{"@type":"EntryPoint","urlTemplate":"https:\/\/tourcruiser.com\/de\/?s={search_term_string}"},"query-input":{"@type":"PropertyValueSpecification","valueRequired":true,"valueName":"search_term_string"}}],"inLanguage":"de"},{"@type":"Organization","@id":"https:\/\/tourcruiser.com\/de\/#organization","name":"STYLORAL PTE. LTD","url":"https:\/\/tourcruiser.com\/de\/","logo":{"@type":"ImageObject","inLanguage":"de","@id":"https:\/\/tourcruiser.com\/de\/#\/schema\/logo\/image\/","url":"https:\/\/www.tourcruiser.com\/wp-content\/uploads\/2025\/12\/logo.png","contentUrl":"https:\/\/www.tourcruiser.com\/wp-content\/uploads\/2025\/12\/logo.png","width":200,"height":65,"caption":"STYLORAL PTE. LTD"},"image":{"@id":"https:\/\/tourcruiser.com\/de\/#\/schema\/logo\/image\/"}}]}},"_links":{"self":[{"href":"https:\/\/tourcruiser.com\/de\/wp-json\/wp\/v2\/product\/460966","targetHints":{"allow":["GET"]}}],"collection":[{"href":"https:\/\/tourcruiser.com\/de\/wp-json\/wp\/v2\/product"}],"about":[{"href":"https:\/\/tourcruiser.com\/de\/wp-json\/wp\/v2\/types\/product"}],"replies":[{"embeddable":true,"href":"https:\/\/tourcruiser.com\/de\/wp-json\/wp\/v2\/comments?post=460966"}],"wp:featuredmedia":[{"embeddable":true,"href":"https:\/\/tourcruiser.com\/de\/wp-json\/wp\/v2\/media\/460967"}],"wp:attachment":[{"href":"https:\/\/tourcruiser.com\/de\/wp-json\/wp\/v2\/media?parent=460966"}],"wp:term":[{"taxonomy":"product_brand","embeddable":true,"href":"https:\/\/tourcruiser.com\/de\/wp-json\/wp\/v2\/product_brand?post=460966"},{"taxonomy":"product_cat","embeddable":true,"href":"https:\/\/tourcruiser.com\/de\/wp-json\/wp\/v2\/product_cat?post=460966"},{"taxonomy":"product_tag","embeddable":true,"href":"https:\/\/tourcruiser.com\/de\/wp-json\/wp\/v2\/product_tag?post=460966"}],"curies":[{"name":"wp","href":"https:\/\/api.w.org\/{rel}","templated":true}]}}