{"id":460846,"date":"2026-03-21T12:08:33","date_gmt":"2026-03-21T05:08:33","guid":{"rendered":"http:\/\/tourcruiser.com\/product\/adidas-superstar-adv-white-cracked-leather-ig7575"},"modified":"2026-03-21T12:08:33","modified_gmt":"2026-03-21T05:08:33","slug":"adidas-superstar-adv-white-cracked-leather-ig7575","status":"publish","type":"product","link":"https:\/\/tourcruiser.com\/de\/products\/adidas-superstar-adv-white-cracked-leather-ig7575\/","title":{"rendered":"adidas Superstar ADV &#8218;White Cracked Leather&#8216; IG7575"},"content":{"rendered":"<p>Wir pr\u00c3\u00a4sentieren den adidas Superstar ADV \u00e2\u20ac\u017eWhite Cracked Leather\u00e2\u20ac\u0153 IG7575 \u00e2\u20ac\u201c eine ikonische Silhouette mit modernem Twist. Dieser Sneaker aus hochwertigem Cracked Leather vereint Style und Strapazierf\u00c3\u00a4higkeit. Das klassische Shell-Toe-Design verleiht ihm einen zeitlosen Look, w\u00c3\u00a4hrend die Perforationen f\u00c3\u00bcr Atmungsaktivit\u00c3\u00a4t sorgen. Dank seiner Gummisohle, die au\u00c3\u0178ergew\u00c3\u00b6hnlichen Grip und Halt bietet, ist der Superstar ADV perfekt f\u00c3\u00bcr den Alltag oder um deinen Streetwear-Style aufzuwerten. Erleben Sie die Verschmelzung von Tradition und Innovation mit dem IG7575 \u00e2\u20ac\u201c ein Must-have f\u00c3\u00bcr jeden Sneaker-Fan.<\/p>\n<ul>\n<li><strong>Farbgebung:<\/strong> Cloud White\/Cloud White\/Chalk White<\/li>\n<li><strong>Style-Code:<\/strong> IG7575<\/li>\n<li><strong>Obermaterial:<\/strong> Leder<\/li>\n<li><strong>Farbe:<\/strong> Wei\u00c3\u0178<\/li>\n<li><strong>Saison:<\/strong> Sommer<\/li>\n<li><strong>Erscheinungsjahr:<\/strong> 2023<\/li>\n<\/ul>\n","protected":false},"excerpt":{"rendered":"<p>Wir pr\u00c3\u00a4sentieren den adidas Superstar ADV \u00e2\u20ac\u017eWhite Cracked Leather\u00e2\u20ac\u0153 IG7575 \u00e2\u20ac\u201c eine ikonische Silhouette mit modernem Twist. Dieser Sneaker aus hochwertigem Cracked Leather vereint Style und Strapazierf\u00c3\u00a4higkeit. Das klassische Shell-Toe-Design verleiht ihm einen zeitlosen Look, w\u00c3\u00a4hrend die Perforationen f\u00c3\u00bcr Atmungsaktivit\u00c3\u00a4t sorgen. Dank seiner Gummisohle, die au\u00c3\u0178ergew\u00c3\u00b6hnlichen Grip und Halt bietet, ist der Superstar ADV perfekt [&hellip;]<\/p>\n","protected":false},"featured_media":460847,"comment_status":"open","ping_status":"closed","template":"","meta":[],"product_brand":[],"product_cat":[10760,38842,38901,40156],"product_tag":[10759,11010,10750,10753,10802,10756,11153],"class_list":{"0":"post-460846","1":"product","2":"type-product","3":"status-publish","4":"has-post-thumbnail","6":"product_cat-adidas","7":"product_cat-gender-men","8":"product_cat-skateboard-shoes","9":"product_cat-adidas-superstar-adv","10":"product_tag-adidas","11":"product_tag-adidas-running-shoes","12":"product_tag-athleisure-shoes","13":"product_tag-gift-for-him","14":"product_tag-performance-sport-shoes","15":"product_tag-retro-casual-shoes","16":"product_tag-skateboard-shoes","17":"wcpa_has_options","19":"first","20":"instock","21":"taxable","22":"shipping-taxable","23":"purchasable","24":"product-type-simple"},"wcpa_form_fields":{"rules":{"pric_overide_base_price":false,"pric_overide_base_price_if_gt_zero":false,"pric_overide_base_price_fully":false,"pric_cal_option_once":false,"pric_use_as_fee":false,"bind_quantity":false,"quantity_bind_formula":false},"fields":[{"type":"color-group","required":true,"elementId":"wcpa-color-group-66c4a7f817afe","label":"Gr\u00f6\u00dfe","inline":true,"priceOptions":"different_for_all","pricingType":"fixed","className":"hassizechart product-shoes-size-eu product-shoes-size","name":"color-group-66c4a7f817b18","disp_type":"square","selection_type":"tick-border","disp_size":"50","show_label_inside":true,"adjust_width":true,"cart_display_type":"text","other_text":"Other","cl_rule":"show","col":6,"values":[{"label":"35","value":"EU 35","price":"","pimage":"","pimage_id":"","pthumb":"","color":""},{"label":"35.5","value":"EU 35.5","price":"","pimage":"","pimage_id":"","pthumb":"","color":""},{"label":"36","value":"EU 36","price":"","pimage":"","pimage_id":"","pthumb":"","color":"","selected":true},{"label":"36 2\/3","value":"EU 36 2\/3","price":"","pimage":"","pimage_id":"","pthumb":"","color":""},{"label":"37 1\/3","value":"EU 37 1\/3","price":"","pimage":"","pimage_id":"","pthumb":"","color":""},{"label":"38","value":"EU 38","price":"","pimage":"","pimage_id":"","pthumb":"","color":""},{"label":"38 2\/3","value":"EU 38 2\/3","price":"","pimage":"","pimage_id":"","pthumb":"","color":""},{"label":"39 1\/3","value":"EU 39 1\/3","price":"","pimage":"","pimage_id":"","pthumb":"","color":""},{"label":"40","value":"EU 40","price":"","pimage":"","pimage_id":"","pthumb":"","color":""},{"label":"40 2\/3","value":"EU 40 2\/3","price":"","pimage":"","pimage_id":"","pthumb":"","color":""},{"label":"41 1\/3","value":"EU 41 1\/3","price":"","pimage":"","pimage_id":"","pthumb":"","color":""},{"label":"42","value":"EU 42","price":"","pimage":"","pimage_id":"","pthumb":"","color":""},{"label":"42 2\/3","value":"EU 42 2\/3","price":"","pimage":"","pimage_id":"","pthumb":"","color":""},{"label":"43 1\/3","value":"EU 43 1\/3","price":"","pimage":"","pimage_id":"","pthumb":"","color":""},{"label":"44","value":"EU 44","price":"","pimage":"","pimage_id":"","pthumb":"","color":""},{"label":"44 2\/3","value":"EU 44 2\/3","price":"","pimage":"","pimage_id":"","pthumb":"","color":""},{"label":"45 1\/3","value":"EU 45 1\/3","price":"","pimage":"","pimage_id":"","pthumb":"","color":""},{"label":"46","value":"EU 46","price":"","pimage":"","pimage_id":"","pthumb":"","color":""},{"label":"46 2\/3","value":"EU 46 2\/3","price":"","pimage":"","pimage_id":"","pthumb":"","color":""},{"label":"47 1\/3","value":"EU 47 1\/3","price":"","pimage":"","pimage_id":"","pthumb":"","color":""}],"relations":[{"operator":false,"rules":[]}],"form_id":24802,"form_rules":{"pric_cal_option_once":false,"exclude_from_discount":false,"pric_use_as_fee":false,"fee_label":"Fee","render_after_acb":false,"disp_hide_options_price":false}}]},"yoast_head":"<!-- This site is optimized with the Yoast SEO plugin v26.5 - https:\/\/yoast.com\/wordpress\/plugins\/seo\/ -->\n<title>adidas Superstar ADV &#039;White Cracked Leather&#039; IG7575 - Tourcruiser PTE. LTD<\/title>\n<meta name=\"robots\" content=\"index, follow, max-snippet:-1, max-image-preview:large, max-video-preview:-1\" \/>\n<link rel=\"canonical\" href=\"https:\/\/tourcruiser.com\/de\/products\/adidas-superstar-adv-white-cracked-leather-ig7575\/\" \/>\n<meta property=\"og:locale\" content=\"de_DE\" \/>\n<meta property=\"og:type\" content=\"article\" \/>\n<meta property=\"og:title\" content=\"adidas Superstar ADV &#039;White Cracked Leather&#039; IG7575 - Tourcruiser PTE. LTD\" \/>\n<meta property=\"og:description\" content=\"Wir pr\u00c3\u00a4sentieren den adidas Superstar ADV \u00e2\u20ac\u017eWhite Cracked Leather\u00e2\u20ac\u0153 IG7575 \u00e2\u20ac\u201c eine ikonische Silhouette mit modernem Twist. Dieser Sneaker aus hochwertigem Cracked Leather vereint Style und Strapazierf\u00c3\u00a4higkeit. Das klassische Shell-Toe-Design verleiht ihm einen zeitlosen Look, w\u00c3\u00a4hrend die Perforationen f\u00c3\u00bcr Atmungsaktivit\u00c3\u00a4t sorgen. Dank seiner Gummisohle, die au\u00c3\u0178ergew\u00c3\u00b6hnlichen Grip und Halt bietet, ist der Superstar ADV perfekt [&hellip;]\" \/>\n<meta property=\"og:url\" content=\"https:\/\/tourcruiser.com\/de\/products\/adidas-superstar-adv-white-cracked-leather-ig7575\/\" \/>\n<meta property=\"og:site_name\" content=\"Tourcruiser Sneaker Store\" \/>\n<meta name=\"twitter:card\" content=\"summary_large_image\" \/>\n<meta name=\"twitter:image\" content=\"https:\/\/images.novelship.com\/product\/adidas_superstar_adv__white_cracked_leather__ig757_0_56956.jpeg\" \/>\n<meta name=\"twitter:label1\" content=\"Gesch\u00e4tzte Lesezeit\" \/>\n\t<meta name=\"twitter:data1\" content=\"1\u00a0Minute\" \/>\n<script type=\"application\/ld+json\" class=\"yoast-schema-graph\">{\"@context\":\"https:\/\/schema.org\",\"@graph\":[{\"@type\":\"WebPage\",\"@id\":\"https:\/\/tourcruiser.com\/de\/products\/adidas-superstar-adv-white-cracked-leather-ig7575\/\",\"url\":\"https:\/\/tourcruiser.com\/de\/products\/adidas-superstar-adv-white-cracked-leather-ig7575\/\",\"name\":\"adidas Superstar ADV 'White Cracked Leather' IG7575 - Tourcruiser PTE. LTD\",\"isPartOf\":{\"@id\":\"https:\/\/tourcruiser.com\/de\/#website\"},\"primaryImageOfPage\":{\"@id\":\"https:\/\/tourcruiser.com\/de\/products\/adidas-superstar-adv-white-cracked-leather-ig7575\/#primaryimage\"},\"image\":{\"@id\":\"https:\/\/tourcruiser.com\/de\/products\/adidas-superstar-adv-white-cracked-leather-ig7575\/#primaryimage\"},\"thumbnailUrl\":\"https:\/\/images.novelship.com\/product\/adidas_superstar_adv__white_cracked_leather__ig757_0_56956.jpeg\",\"datePublished\":\"2026-03-21T05:08:33+00:00\",\"breadcrumb\":{\"@id\":\"https:\/\/tourcruiser.com\/de\/products\/adidas-superstar-adv-white-cracked-leather-ig7575\/#breadcrumb\"},\"inLanguage\":\"de\",\"potentialAction\":[{\"@type\":\"ReadAction\",\"target\":[\"https:\/\/tourcruiser.com\/de\/products\/adidas-superstar-adv-white-cracked-leather-ig7575\/\"]}]},{\"@type\":\"ImageObject\",\"inLanguage\":\"de\",\"@id\":\"https:\/\/tourcruiser.com\/de\/products\/adidas-superstar-adv-white-cracked-leather-ig7575\/#primaryimage\",\"url\":\"https:\/\/images.novelship.com\/product\/adidas_superstar_adv__white_cracked_leather__ig757_0_56956.jpeg\",\"contentUrl\":\"https:\/\/images.novelship.com\/product\/adidas_superstar_adv__white_cracked_leather__ig757_0_56956.jpeg\"},{\"@type\":\"BreadcrumbList\",\"@id\":\"https:\/\/tourcruiser.com\/de\/products\/adidas-superstar-adv-white-cracked-leather-ig7575\/#breadcrumb\",\"itemListElement\":[{\"@type\":\"ListItem\",\"position\":1,\"name\":\"Home\",\"item\":\"https:\/\/tourcruiser.com\/de\/\"},{\"@type\":\"ListItem\",\"position\":2,\"name\":\"Shop\",\"item\":\"https:\/\/tourcruiser.com\/de\/shop\/\"},{\"@type\":\"ListItem\",\"position\":3,\"name\":\"adidas Superstar ADV 'White Cracked Leather' IG7575\"}]},{\"@type\":\"WebSite\",\"@id\":\"https:\/\/tourcruiser.com\/de\/#website\",\"url\":\"https:\/\/tourcruiser.com\/de\/\",\"name\":\"Styloral Jewelry Shop\",\"description\":\"Tourcruiser Sneaker Store \u2014 der Ort, an dem das Universum deine Einzigartigkeit trifft.\",\"publisher\":{\"@id\":\"https:\/\/tourcruiser.com\/de\/#organization\"},\"potentialAction\":[{\"@type\":\"SearchAction\",\"target\":{\"@type\":\"EntryPoint\",\"urlTemplate\":\"https:\/\/tourcruiser.com\/de\/?s={search_term_string}\"},\"query-input\":{\"@type\":\"PropertyValueSpecification\",\"valueRequired\":true,\"valueName\":\"search_term_string\"}}],\"inLanguage\":\"de\"},{\"@type\":\"Organization\",\"@id\":\"https:\/\/tourcruiser.com\/de\/#organization\",\"name\":\"STYLORAL PTE. LTD\",\"url\":\"https:\/\/tourcruiser.com\/de\/\",\"logo\":{\"@type\":\"ImageObject\",\"inLanguage\":\"de\",\"@id\":\"https:\/\/tourcruiser.com\/de\/#\/schema\/logo\/image\/\",\"url\":\"https:\/\/www.tourcruiser.com\/wp-content\/uploads\/2025\/12\/logo.png\",\"contentUrl\":\"https:\/\/www.tourcruiser.com\/wp-content\/uploads\/2025\/12\/logo.png\",\"width\":200,\"height\":65,\"caption\":\"STYLORAL PTE. LTD\"},\"image\":{\"@id\":\"https:\/\/tourcruiser.com\/de\/#\/schema\/logo\/image\/\"}}]}<\/script>\n<!-- \/ Yoast SEO plugin. -->","yoast_head_json":{"title":"adidas Superstar ADV 'White Cracked Leather' IG7575 - Tourcruiser PTE. LTD","robots":{"index":"index","follow":"follow","max-snippet":"max-snippet:-1","max-image-preview":"max-image-preview:large","max-video-preview":"max-video-preview:-1"},"canonical":"https:\/\/tourcruiser.com\/de\/products\/adidas-superstar-adv-white-cracked-leather-ig7575\/","og_locale":"de_DE","og_type":"article","og_title":"adidas Superstar ADV 'White Cracked Leather' IG7575 - Tourcruiser PTE. LTD","og_description":"Wir pr\u00c3\u00a4sentieren den adidas Superstar ADV \u00e2\u20ac\u017eWhite Cracked Leather\u00e2\u20ac\u0153 IG7575 \u00e2\u20ac\u201c eine ikonische Silhouette mit modernem Twist. Dieser Sneaker aus hochwertigem Cracked Leather vereint Style und Strapazierf\u00c3\u00a4higkeit. Das klassische Shell-Toe-Design verleiht ihm einen zeitlosen Look, w\u00c3\u00a4hrend die Perforationen f\u00c3\u00bcr Atmungsaktivit\u00c3\u00a4t sorgen. Dank seiner Gummisohle, die au\u00c3\u0178ergew\u00c3\u00b6hnlichen Grip und Halt bietet, ist der Superstar ADV perfekt [&hellip;]","og_url":"https:\/\/tourcruiser.com\/de\/products\/adidas-superstar-adv-white-cracked-leather-ig7575\/","og_site_name":"Tourcruiser Sneaker Store","twitter_card":"summary_large_image","twitter_image":"https:\/\/images.novelship.com\/product\/adidas_superstar_adv__white_cracked_leather__ig757_0_56956.jpeg","twitter_misc":{"Gesch\u00e4tzte Lesezeit":"1\u00a0Minute"},"schema":{"@context":"https:\/\/schema.org","@graph":[{"@type":"WebPage","@id":"https:\/\/tourcruiser.com\/de\/products\/adidas-superstar-adv-white-cracked-leather-ig7575\/","url":"https:\/\/tourcruiser.com\/de\/products\/adidas-superstar-adv-white-cracked-leather-ig7575\/","name":"adidas Superstar ADV 'White Cracked Leather' IG7575 - Tourcruiser PTE. LTD","isPartOf":{"@id":"https:\/\/tourcruiser.com\/de\/#website"},"primaryImageOfPage":{"@id":"https:\/\/tourcruiser.com\/de\/products\/adidas-superstar-adv-white-cracked-leather-ig7575\/#primaryimage"},"image":{"@id":"https:\/\/tourcruiser.com\/de\/products\/adidas-superstar-adv-white-cracked-leather-ig7575\/#primaryimage"},"thumbnailUrl":"https:\/\/images.novelship.com\/product\/adidas_superstar_adv__white_cracked_leather__ig757_0_56956.jpeg","datePublished":"2026-03-21T05:08:33+00:00","breadcrumb":{"@id":"https:\/\/tourcruiser.com\/de\/products\/adidas-superstar-adv-white-cracked-leather-ig7575\/#breadcrumb"},"inLanguage":"de","potentialAction":[{"@type":"ReadAction","target":["https:\/\/tourcruiser.com\/de\/products\/adidas-superstar-adv-white-cracked-leather-ig7575\/"]}]},{"@type":"ImageObject","inLanguage":"de","@id":"https:\/\/tourcruiser.com\/de\/products\/adidas-superstar-adv-white-cracked-leather-ig7575\/#primaryimage","url":"https:\/\/images.novelship.com\/product\/adidas_superstar_adv__white_cracked_leather__ig757_0_56956.jpeg","contentUrl":"https:\/\/images.novelship.com\/product\/adidas_superstar_adv__white_cracked_leather__ig757_0_56956.jpeg"},{"@type":"BreadcrumbList","@id":"https:\/\/tourcruiser.com\/de\/products\/adidas-superstar-adv-white-cracked-leather-ig7575\/#breadcrumb","itemListElement":[{"@type":"ListItem","position":1,"name":"Home","item":"https:\/\/tourcruiser.com\/de\/"},{"@type":"ListItem","position":2,"name":"Shop","item":"https:\/\/tourcruiser.com\/de\/shop\/"},{"@type":"ListItem","position":3,"name":"adidas Superstar ADV 'White Cracked Leather' IG7575"}]},{"@type":"WebSite","@id":"https:\/\/tourcruiser.com\/de\/#website","url":"https:\/\/tourcruiser.com\/de\/","name":"Styloral Jewelry Shop","description":"Tourcruiser Sneaker Store \u2014 der Ort, an dem das Universum deine Einzigartigkeit trifft.","publisher":{"@id":"https:\/\/tourcruiser.com\/de\/#organization"},"potentialAction":[{"@type":"SearchAction","target":{"@type":"EntryPoint","urlTemplate":"https:\/\/tourcruiser.com\/de\/?s={search_term_string}"},"query-input":{"@type":"PropertyValueSpecification","valueRequired":true,"valueName":"search_term_string"}}],"inLanguage":"de"},{"@type":"Organization","@id":"https:\/\/tourcruiser.com\/de\/#organization","name":"STYLORAL PTE. LTD","url":"https:\/\/tourcruiser.com\/de\/","logo":{"@type":"ImageObject","inLanguage":"de","@id":"https:\/\/tourcruiser.com\/de\/#\/schema\/logo\/image\/","url":"https:\/\/www.tourcruiser.com\/wp-content\/uploads\/2025\/12\/logo.png","contentUrl":"https:\/\/www.tourcruiser.com\/wp-content\/uploads\/2025\/12\/logo.png","width":200,"height":65,"caption":"STYLORAL PTE. LTD"},"image":{"@id":"https:\/\/tourcruiser.com\/de\/#\/schema\/logo\/image\/"}}]}},"_links":{"self":[{"href":"https:\/\/tourcruiser.com\/de\/wp-json\/wp\/v2\/product\/460846","targetHints":{"allow":["GET"]}}],"collection":[{"href":"https:\/\/tourcruiser.com\/de\/wp-json\/wp\/v2\/product"}],"about":[{"href":"https:\/\/tourcruiser.com\/de\/wp-json\/wp\/v2\/types\/product"}],"replies":[{"embeddable":true,"href":"https:\/\/tourcruiser.com\/de\/wp-json\/wp\/v2\/comments?post=460846"}],"wp:featuredmedia":[{"embeddable":true,"href":"https:\/\/tourcruiser.com\/de\/wp-json\/wp\/v2\/media\/460847"}],"wp:attachment":[{"href":"https:\/\/tourcruiser.com\/de\/wp-json\/wp\/v2\/media?parent=460846"}],"wp:term":[{"taxonomy":"product_brand","embeddable":true,"href":"https:\/\/tourcruiser.com\/de\/wp-json\/wp\/v2\/product_brand?post=460846"},{"taxonomy":"product_cat","embeddable":true,"href":"https:\/\/tourcruiser.com\/de\/wp-json\/wp\/v2\/product_cat?post=460846"},{"taxonomy":"product_tag","embeddable":true,"href":"https:\/\/tourcruiser.com\/de\/wp-json\/wp\/v2\/product_tag?post=460846"}],"curies":[{"name":"wp","href":"https:\/\/api.w.org\/{rel}","templated":true}]}}