{"id":460792,"date":"2026-03-21T12:08:30","date_gmt":"2026-03-21T05:08:30","guid":{"rendered":"http:\/\/tourcruiser.com\/product\/notre-x-nike-dunk-high-light-orewood-brown-cw3092-100"},"modified":"2026-03-21T12:08:30","modified_gmt":"2026-03-21T05:08:30","slug":"notre-x-nike-dunk-high-light-orewood-brown-cw3092-100","status":"publish","type":"product","link":"https:\/\/tourcruiser.com\/de\/products\/notre-x-nike-dunk-high-light-orewood-brown-cw3092-100\/","title":{"rendered":"Notre x Nike Dunk High &#8218;Light Orewood Brown&#8216; CW3092-100"},"content":{"rendered":"<p>Wir pr\u00c3\u00a4sentieren die Notre x Nike Dunk High Light Orewood Brown Sneaker von Nike. Mit ihrem stylischen Design in einem hellen, erdholzbraunen Farbton sind diese Sneaker perfekt f\u00c3\u00bcr jeden Tag. Hergestellt aus hochwertigen Materialien, bieten sie sowohl Style als auch Komfort. Hol dir mit dieser Kollaboration von Notre und Nike ein Upgrade f\u00c3\u00bcr deinen Sneaker-Style.<\/p>\n<p>Farbgebung: Hellbraun\/Wei\u00c3\u0178\/Rot<\/p>\n<p>Style-Code: CW3092-100<\/p>\n<p>Obermaterial: Wildleder<\/p>\n<p>Farbe: Grau<\/p>\n<p>Designer: Peter Moore<\/p>\n<p>Saison: Winter<\/p>\n<p>Erscheinungsjahr: 2021<\/p>\n","protected":false},"excerpt":{"rendered":"<p>Wir pr\u00c3\u00a4sentieren die Notre x Nike Dunk High Light Orewood Brown Sneaker von Nike. Mit ihrem stylischen Design in einem hellen, erdholzbraunen Farbton sind diese Sneaker perfekt f\u00c3\u00bcr jeden Tag. Hergestellt aus hochwertigen Materialien, bieten sie sowohl Style als auch Komfort. Hol dir mit dieser Kollaboration von Notre und Nike ein Upgrade f\u00c3\u00bcr deinen Sneaker-Style. [&hellip;]<\/p>\n","protected":false},"featured_media":460793,"comment_status":"open","ping_status":"closed","template":"","meta":[],"product_brand":[],"product_cat":[39423,38878,38842,10803],"product_tag":[10753,10754,10777,10801,10900,10756,10758],"class_list":{"0":"post-460792","1":"product","2":"type-product","3":"status-publish","4":"has-post-thumbnail","6":"product_cat-nike-dunk-high","7":"product_cat-lifestyle-shoes-basketball-inspired","8":"product_cat-gender-men","9":"product_cat-nike","10":"product_tag-gift-for-him","11":"product_tag-lifestyle-casual-shoes","12":"product_tag-lifestyle-shoes-basketball-inspired","13":"product_tag-nike","14":"product_tag-nike-skateboarding-shoes","15":"product_tag-retro-casual-shoes","16":"product_tag-under-retail","17":"wcpa_has_options","19":"first","20":"instock","21":"taxable","22":"shipping-taxable","23":"purchasable","24":"product-type-simple"},"wcpa_form_fields":{"rules":{"pric_overide_base_price":false,"pric_overide_base_price_if_gt_zero":false,"pric_overide_base_price_fully":false,"pric_cal_option_once":false,"pric_use_as_fee":false,"bind_quantity":false,"quantity_bind_formula":false},"fields":[{"type":"color-group","required":true,"elementId":"wcpa-color-group-66c4a75505e74","label":"Gr\u00f6\u00dfe - EU Gr\u00f6\u00dfe","inline":true,"priceOptions":"different_for_all","pricingType":"fixed","className":"hassizechart product-shoes-size-eu product-shoes-size","name":"color-group-66c4a75505e89","disp_type":"square","selection_type":"tick-border","disp_size":"44","show_label_inside":true,"adjust_width":true,"cart_display_type":"text","other_text":"Other","cl_rule":"show","col":6,"values":[{"label":"35.5","value":"EU 35.5","price":"","pimage":"","pimage_id":"","pthumb":"","color":""},{"label":"36","value":"EU 36","price":"","pimage":"","pimage_id":"","pthumb":"","color":"","selected":true},{"label":"36.5","value":"EU 36.5","price":"","pimage":"","pimage_id":"","pthumb":"","color":""},{"label":"37.5","value":"EU 37.5","price":"","pimage":"","pimage_id":"","pthumb":"","color":""},{"label":"38","value":"EU 38","price":"","pimage":"","pimage_id":"","pthumb":"","color":""},{"label":"38.5","value":"EU 38.5","price":"","pimage":"","pimage_id":"","pthumb":"","color":""},{"label":"39","value":"EU 39","price":"","pimage":"","pimage_id":"","pthumb":"","color":""},{"label":"40","value":"EU 40","price":"","pimage":"","pimage_id":"","pthumb":"","color":""},{"label":"40.5","value":"EU 40.5","price":"","pimage":"","pimage_id":"","pthumb":"","color":""},{"label":"41","value":"EU 41","price":"","pimage":"","pimage_id":"","pthumb":"","color":""},{"label":"42","value":"EU 42","price":"","pimage":"","pimage_id":"","pthumb":"","color":""},{"label":"42.5","value":"EU 42.5","price":"","pimage":"","pimage_id":"","pthumb":"","color":""},{"label":"43","value":"EU 43","price":"","pimage":"","pimage_id":"","pthumb":"","color":""},{"label":"44","value":"EU 44","price":"","pimage":"","pimage_id":"","pthumb":"","color":""},{"label":"44.5","value":"EU 44.5","price":"","pimage":"","pimage_id":"","pthumb":"","color":""},{"label":"45","value":"EU 45","price":"","pimage":"","pimage_id":"","pthumb":"","color":""},{"label":"45.5","value":"EU 45.5","price":"","pimage":"","pimage_id":"","pthumb":"","color":""},{"label":"46","value":"EU 46","price":"","pimage":"","pimage_id":"","pthumb":"","color":""},{"label":"47","value":"EU 47","price":"","pimage":"","pimage_id":"","pthumb":"","color":""},{"label":"47.5","value":"EU 47.5","price":"","pimage":"","pimage_id":"","pthumb":"","color":""},{"label":"48","value":"EU 48","price":"","pimage":"","pimage_id":"","pthumb":"","color":""}],"relations":[{"operator":false,"rules":[]}],"form_id":18106,"form_rules":{"pric_cal_option_once":false,"exclude_from_discount":false,"pric_use_as_fee":false,"fee_label":"Fee","render_after_acb":false,"disp_hide_options_price":false}}]},"yoast_head":"<!-- This site is optimized with the Yoast SEO plugin v26.5 - https:\/\/yoast.com\/wordpress\/plugins\/seo\/ -->\n<title>Notre x Nike Dunk High &#039;Light Orewood Brown&#039; CW3092-100 - Tourcruiser PTE. LTD<\/title>\n<meta name=\"robots\" content=\"index, follow, max-snippet:-1, max-image-preview:large, max-video-preview:-1\" \/>\n<link rel=\"canonical\" href=\"https:\/\/tourcruiser.com\/de\/products\/notre-x-nike-dunk-high-light-orewood-brown-cw3092-100\/\" \/>\n<meta property=\"og:locale\" content=\"de_DE\" \/>\n<meta property=\"og:type\" content=\"article\" \/>\n<meta property=\"og:title\" content=\"Notre x Nike Dunk High &#039;Light Orewood Brown&#039; CW3092-100 - Tourcruiser PTE. LTD\" \/>\n<meta property=\"og:description\" content=\"Wir pr\u00c3\u00a4sentieren die Notre x Nike Dunk High Light Orewood Brown Sneaker von Nike. Mit ihrem stylischen Design in einem hellen, erdholzbraunen Farbton sind diese Sneaker perfekt f\u00c3\u00bcr jeden Tag. Hergestellt aus hochwertigen Materialien, bieten sie sowohl Style als auch Komfort. Hol dir mit dieser Kollaboration von Notre und Nike ein Upgrade f\u00c3\u00bcr deinen Sneaker-Style. [&hellip;]\" \/>\n<meta property=\"og:url\" content=\"https:\/\/tourcruiser.com\/de\/products\/notre-x-nike-dunk-high-light-orewood-brown-cw3092-100\/\" \/>\n<meta property=\"og:site_name\" content=\"Tourcruiser Sneaker Store\" \/>\n<meta name=\"twitter:card\" content=\"summary_large_image\" \/>\n<meta name=\"twitter:image\" content=\"https:\/\/images.novelship.com\/product\/notre_x_nike_dunk_high__light_orewood_brown__cw309_0_24784.jpeg\" \/>\n<script type=\"application\/ld+json\" class=\"yoast-schema-graph\">{\"@context\":\"https:\/\/schema.org\",\"@graph\":[{\"@type\":\"WebPage\",\"@id\":\"https:\/\/tourcruiser.com\/de\/products\/notre-x-nike-dunk-high-light-orewood-brown-cw3092-100\/\",\"url\":\"https:\/\/tourcruiser.com\/de\/products\/notre-x-nike-dunk-high-light-orewood-brown-cw3092-100\/\",\"name\":\"Notre x Nike Dunk High 'Light Orewood Brown' CW3092-100 - Tourcruiser PTE. LTD\",\"isPartOf\":{\"@id\":\"https:\/\/tourcruiser.com\/de\/#website\"},\"primaryImageOfPage\":{\"@id\":\"https:\/\/tourcruiser.com\/de\/products\/notre-x-nike-dunk-high-light-orewood-brown-cw3092-100\/#primaryimage\"},\"image\":{\"@id\":\"https:\/\/tourcruiser.com\/de\/products\/notre-x-nike-dunk-high-light-orewood-brown-cw3092-100\/#primaryimage\"},\"thumbnailUrl\":\"https:\/\/images.novelship.com\/product\/notre_x_nike_dunk_high__light_orewood_brown__cw309_0_24784.jpeg\",\"datePublished\":\"2026-03-21T05:08:30+00:00\",\"breadcrumb\":{\"@id\":\"https:\/\/tourcruiser.com\/de\/products\/notre-x-nike-dunk-high-light-orewood-brown-cw3092-100\/#breadcrumb\"},\"inLanguage\":\"de\",\"potentialAction\":[{\"@type\":\"ReadAction\",\"target\":[\"https:\/\/tourcruiser.com\/de\/products\/notre-x-nike-dunk-high-light-orewood-brown-cw3092-100\/\"]}]},{\"@type\":\"ImageObject\",\"inLanguage\":\"de\",\"@id\":\"https:\/\/tourcruiser.com\/de\/products\/notre-x-nike-dunk-high-light-orewood-brown-cw3092-100\/#primaryimage\",\"url\":\"https:\/\/images.novelship.com\/product\/notre_x_nike_dunk_high__light_orewood_brown__cw309_0_24784.jpeg\",\"contentUrl\":\"https:\/\/images.novelship.com\/product\/notre_x_nike_dunk_high__light_orewood_brown__cw309_0_24784.jpeg\"},{\"@type\":\"BreadcrumbList\",\"@id\":\"https:\/\/tourcruiser.com\/de\/products\/notre-x-nike-dunk-high-light-orewood-brown-cw3092-100\/#breadcrumb\",\"itemListElement\":[{\"@type\":\"ListItem\",\"position\":1,\"name\":\"Home\",\"item\":\"https:\/\/tourcruiser.com\/de\/\"},{\"@type\":\"ListItem\",\"position\":2,\"name\":\"Shop\",\"item\":\"https:\/\/tourcruiser.com\/de\/shop\/\"},{\"@type\":\"ListItem\",\"position\":3,\"name\":\"Notre x Nike Dunk High 'Light Orewood Brown' CW3092-100\"}]},{\"@type\":\"WebSite\",\"@id\":\"https:\/\/tourcruiser.com\/de\/#website\",\"url\":\"https:\/\/tourcruiser.com\/de\/\",\"name\":\"Styloral Jewelry Shop\",\"description\":\"Tourcruiser Sneaker Store \u2014 der Ort, an dem das Universum deine Einzigartigkeit trifft.\",\"publisher\":{\"@id\":\"https:\/\/tourcruiser.com\/de\/#organization\"},\"potentialAction\":[{\"@type\":\"SearchAction\",\"target\":{\"@type\":\"EntryPoint\",\"urlTemplate\":\"https:\/\/tourcruiser.com\/de\/?s={search_term_string}\"},\"query-input\":{\"@type\":\"PropertyValueSpecification\",\"valueRequired\":true,\"valueName\":\"search_term_string\"}}],\"inLanguage\":\"de\"},{\"@type\":\"Organization\",\"@id\":\"https:\/\/tourcruiser.com\/de\/#organization\",\"name\":\"STYLORAL PTE. LTD\",\"url\":\"https:\/\/tourcruiser.com\/de\/\",\"logo\":{\"@type\":\"ImageObject\",\"inLanguage\":\"de\",\"@id\":\"https:\/\/tourcruiser.com\/de\/#\/schema\/logo\/image\/\",\"url\":\"https:\/\/www.tourcruiser.com\/wp-content\/uploads\/2025\/12\/logo.png\",\"contentUrl\":\"https:\/\/www.tourcruiser.com\/wp-content\/uploads\/2025\/12\/logo.png\",\"width\":200,\"height\":65,\"caption\":\"STYLORAL PTE. LTD\"},\"image\":{\"@id\":\"https:\/\/tourcruiser.com\/de\/#\/schema\/logo\/image\/\"}}]}<\/script>\n<!-- \/ Yoast SEO plugin. -->","yoast_head_json":{"title":"Notre x Nike Dunk High 'Light Orewood Brown' CW3092-100 - Tourcruiser PTE. LTD","robots":{"index":"index","follow":"follow","max-snippet":"max-snippet:-1","max-image-preview":"max-image-preview:large","max-video-preview":"max-video-preview:-1"},"canonical":"https:\/\/tourcruiser.com\/de\/products\/notre-x-nike-dunk-high-light-orewood-brown-cw3092-100\/","og_locale":"de_DE","og_type":"article","og_title":"Notre x Nike Dunk High 'Light Orewood Brown' CW3092-100 - Tourcruiser PTE. LTD","og_description":"Wir pr\u00c3\u00a4sentieren die Notre x Nike Dunk High Light Orewood Brown Sneaker von Nike. Mit ihrem stylischen Design in einem hellen, erdholzbraunen Farbton sind diese Sneaker perfekt f\u00c3\u00bcr jeden Tag. Hergestellt aus hochwertigen Materialien, bieten sie sowohl Style als auch Komfort. Hol dir mit dieser Kollaboration von Notre und Nike ein Upgrade f\u00c3\u00bcr deinen Sneaker-Style. [&hellip;]","og_url":"https:\/\/tourcruiser.com\/de\/products\/notre-x-nike-dunk-high-light-orewood-brown-cw3092-100\/","og_site_name":"Tourcruiser Sneaker Store","twitter_card":"summary_large_image","twitter_image":"https:\/\/images.novelship.com\/product\/notre_x_nike_dunk_high__light_orewood_brown__cw309_0_24784.jpeg","schema":{"@context":"https:\/\/schema.org","@graph":[{"@type":"WebPage","@id":"https:\/\/tourcruiser.com\/de\/products\/notre-x-nike-dunk-high-light-orewood-brown-cw3092-100\/","url":"https:\/\/tourcruiser.com\/de\/products\/notre-x-nike-dunk-high-light-orewood-brown-cw3092-100\/","name":"Notre x Nike Dunk High 'Light Orewood Brown' CW3092-100 - Tourcruiser PTE. LTD","isPartOf":{"@id":"https:\/\/tourcruiser.com\/de\/#website"},"primaryImageOfPage":{"@id":"https:\/\/tourcruiser.com\/de\/products\/notre-x-nike-dunk-high-light-orewood-brown-cw3092-100\/#primaryimage"},"image":{"@id":"https:\/\/tourcruiser.com\/de\/products\/notre-x-nike-dunk-high-light-orewood-brown-cw3092-100\/#primaryimage"},"thumbnailUrl":"https:\/\/images.novelship.com\/product\/notre_x_nike_dunk_high__light_orewood_brown__cw309_0_24784.jpeg","datePublished":"2026-03-21T05:08:30+00:00","breadcrumb":{"@id":"https:\/\/tourcruiser.com\/de\/products\/notre-x-nike-dunk-high-light-orewood-brown-cw3092-100\/#breadcrumb"},"inLanguage":"de","potentialAction":[{"@type":"ReadAction","target":["https:\/\/tourcruiser.com\/de\/products\/notre-x-nike-dunk-high-light-orewood-brown-cw3092-100\/"]}]},{"@type":"ImageObject","inLanguage":"de","@id":"https:\/\/tourcruiser.com\/de\/products\/notre-x-nike-dunk-high-light-orewood-brown-cw3092-100\/#primaryimage","url":"https:\/\/images.novelship.com\/product\/notre_x_nike_dunk_high__light_orewood_brown__cw309_0_24784.jpeg","contentUrl":"https:\/\/images.novelship.com\/product\/notre_x_nike_dunk_high__light_orewood_brown__cw309_0_24784.jpeg"},{"@type":"BreadcrumbList","@id":"https:\/\/tourcruiser.com\/de\/products\/notre-x-nike-dunk-high-light-orewood-brown-cw3092-100\/#breadcrumb","itemListElement":[{"@type":"ListItem","position":1,"name":"Home","item":"https:\/\/tourcruiser.com\/de\/"},{"@type":"ListItem","position":2,"name":"Shop","item":"https:\/\/tourcruiser.com\/de\/shop\/"},{"@type":"ListItem","position":3,"name":"Notre x Nike Dunk High 'Light Orewood Brown' CW3092-100"}]},{"@type":"WebSite","@id":"https:\/\/tourcruiser.com\/de\/#website","url":"https:\/\/tourcruiser.com\/de\/","name":"Styloral Jewelry Shop","description":"Tourcruiser Sneaker Store \u2014 der Ort, an dem das Universum deine Einzigartigkeit trifft.","publisher":{"@id":"https:\/\/tourcruiser.com\/de\/#organization"},"potentialAction":[{"@type":"SearchAction","target":{"@type":"EntryPoint","urlTemplate":"https:\/\/tourcruiser.com\/de\/?s={search_term_string}"},"query-input":{"@type":"PropertyValueSpecification","valueRequired":true,"valueName":"search_term_string"}}],"inLanguage":"de"},{"@type":"Organization","@id":"https:\/\/tourcruiser.com\/de\/#organization","name":"STYLORAL PTE. LTD","url":"https:\/\/tourcruiser.com\/de\/","logo":{"@type":"ImageObject","inLanguage":"de","@id":"https:\/\/tourcruiser.com\/de\/#\/schema\/logo\/image\/","url":"https:\/\/www.tourcruiser.com\/wp-content\/uploads\/2025\/12\/logo.png","contentUrl":"https:\/\/www.tourcruiser.com\/wp-content\/uploads\/2025\/12\/logo.png","width":200,"height":65,"caption":"STYLORAL PTE. LTD"},"image":{"@id":"https:\/\/tourcruiser.com\/de\/#\/schema\/logo\/image\/"}}]}},"_links":{"self":[{"href":"https:\/\/tourcruiser.com\/de\/wp-json\/wp\/v2\/product\/460792","targetHints":{"allow":["GET"]}}],"collection":[{"href":"https:\/\/tourcruiser.com\/de\/wp-json\/wp\/v2\/product"}],"about":[{"href":"https:\/\/tourcruiser.com\/de\/wp-json\/wp\/v2\/types\/product"}],"replies":[{"embeddable":true,"href":"https:\/\/tourcruiser.com\/de\/wp-json\/wp\/v2\/comments?post=460792"}],"wp:featuredmedia":[{"embeddable":true,"href":"https:\/\/tourcruiser.com\/de\/wp-json\/wp\/v2\/media\/460793"}],"wp:attachment":[{"href":"https:\/\/tourcruiser.com\/de\/wp-json\/wp\/v2\/media?parent=460792"}],"wp:term":[{"taxonomy":"product_brand","embeddable":true,"href":"https:\/\/tourcruiser.com\/de\/wp-json\/wp\/v2\/product_brand?post=460792"},{"taxonomy":"product_cat","embeddable":true,"href":"https:\/\/tourcruiser.com\/de\/wp-json\/wp\/v2\/product_cat?post=460792"},{"taxonomy":"product_tag","embeddable":true,"href":"https:\/\/tourcruiser.com\/de\/wp-json\/wp\/v2\/product_tag?post=460792"}],"curies":[{"name":"wp","href":"https:\/\/api.w.org\/{rel}","templated":true}]}}