{"id":460304,"date":"2026-03-21T12:08:14","date_gmt":"2026-03-21T05:08:14","guid":{"rendered":"http:\/\/tourcruiser.com\/product\/just-don-x-air-jordan-legacy-312-hot-lava-aq4160-108"},"modified":"2026-03-21T12:08:14","modified_gmt":"2026-03-21T05:08:14","slug":"just-don-x-air-jordan-legacy-312-hot-lava-aq4160-108","status":"publish","type":"product","link":"https:\/\/tourcruiser.com\/de\/products\/just-don-x-air-jordan-legacy-312-hot-lava-aq4160-108\/","title":{"rendered":"Just Don x Air Jordan Legacy 312 &#8218;Hot Lava&#8216; AQ4160-108"},"content":{"rendered":"<p>Die Just Don x Air Jordan Legacy 312 Hot Lava Sneaker sind eine Kollaboration zwischen Jordan und Just Don. Sie bestechen durch ein leuchtendes Pink, das an hei\u00c3\u0178e Lava erinnert. Mit ihrem einzigartigen Design und der hochwertigen Verarbeitung sind diese Sneaker ein absolutes Must-have f\u00c3\u00bcr jeden Sneaker-Fan. Hol sie dir jetzt und verleihe deiner Sammlung einen Hauch von Style und Flair.<\/p>\n<p>Farbgebung: Wei\u00c3\u0178\/Hot Lava-Schwarz-Zen Grey<\/p>\n<p>Style-Code: AQ4160-108<\/p>\n<p>Zwischensohle: Air<\/p>\n<p>Farbe: Wei\u00c3\u0178<\/p>\n<p>Designer: Don C<\/p>\n<p>Saison: Sommer<\/p>\n<p>Erscheinungsjahr: 2018<\/p>\n","protected":false},"excerpt":{"rendered":"<p>Die Just Don x Air Jordan Legacy 312 Hot Lava Sneaker sind eine Kollaboration zwischen Jordan und Just Don. Sie bestechen durch ein leuchtendes Pink, das an hei\u00c3\u0178e Lava erinnert. Mit ihrem einzigartigen Design und der hochwertigen Verarbeitung sind diese Sneaker ein absolutes Must-have f\u00c3\u00bcr jeden Sneaker-Fan. Hol sie dir jetzt und verleihe deiner Sammlung [&hellip;]<\/p>\n","protected":false},"featured_media":460305,"comment_status":"open","ping_status":"closed","template":"","meta":[],"product_brand":[],"product_cat":[38869,40129,38878,38842],"product_tag":[10750,10776,10754,10777,10756,10785,10786,10758],"class_list":{"0":"post-460304","1":"product","2":"type-product","3":"status-publish","4":"has-post-thumbnail","6":"product_cat-jordan","7":"product_cat-jordan-just-don-legacy-312","8":"product_cat-lifestyle-shoes-basketball-inspired","9":"product_cat-gender-men","10":"product_tag-athleisure-shoes","11":"product_tag-jordan","12":"product_tag-lifestyle-casual-shoes","13":"product_tag-lifestyle-shoes-basketball-inspired","14":"product_tag-retro-casual-shoes","15":"product_tag-trending-deals","16":"product_tag-trending-deals-under-150","17":"product_tag-under-retail","18":"wcpa_has_options","20":"first","21":"instock","22":"taxable","23":"shipping-taxable","24":"purchasable","25":"product-type-simple"},"wcpa_form_fields":{"rules":{"pric_overide_base_price":false,"pric_overide_base_price_if_gt_zero":false,"pric_overide_base_price_fully":false,"pric_cal_option_once":false,"pric_use_as_fee":false,"bind_quantity":false,"quantity_bind_formula":false},"fields":[{"type":"color-group","required":true,"elementId":"wcpa-color-group-66c4a75505e74","label":"Gr\u00f6\u00dfe - EU Gr\u00f6\u00dfe","inline":true,"priceOptions":"different_for_all","pricingType":"fixed","className":"hassizechart product-shoes-size-eu product-shoes-size","name":"color-group-66c4a75505e89","disp_type":"square","selection_type":"tick-border","disp_size":"44","show_label_inside":true,"adjust_width":true,"cart_display_type":"text","other_text":"Other","cl_rule":"show","col":6,"values":[{"label":"35.5","value":"EU 35.5","price":"","pimage":"","pimage_id":"","pthumb":"","color":""},{"label":"36","value":"EU 36","price":"","pimage":"","pimage_id":"","pthumb":"","color":"","selected":true},{"label":"36.5","value":"EU 36.5","price":"","pimage":"","pimage_id":"","pthumb":"","color":""},{"label":"37.5","value":"EU 37.5","price":"","pimage":"","pimage_id":"","pthumb":"","color":""},{"label":"38","value":"EU 38","price":"","pimage":"","pimage_id":"","pthumb":"","color":""},{"label":"38.5","value":"EU 38.5","price":"","pimage":"","pimage_id":"","pthumb":"","color":""},{"label":"39","value":"EU 39","price":"","pimage":"","pimage_id":"","pthumb":"","color":""},{"label":"40","value":"EU 40","price":"","pimage":"","pimage_id":"","pthumb":"","color":""},{"label":"40.5","value":"EU 40.5","price":"","pimage":"","pimage_id":"","pthumb":"","color":""},{"label":"41","value":"EU 41","price":"","pimage":"","pimage_id":"","pthumb":"","color":""},{"label":"42","value":"EU 42","price":"","pimage":"","pimage_id":"","pthumb":"","color":""},{"label":"42.5","value":"EU 42.5","price":"","pimage":"","pimage_id":"","pthumb":"","color":""},{"label":"43","value":"EU 43","price":"","pimage":"","pimage_id":"","pthumb":"","color":""},{"label":"44","value":"EU 44","price":"","pimage":"","pimage_id":"","pthumb":"","color":""},{"label":"44.5","value":"EU 44.5","price":"","pimage":"","pimage_id":"","pthumb":"","color":""},{"label":"45","value":"EU 45","price":"","pimage":"","pimage_id":"","pthumb":"","color":""},{"label":"45.5","value":"EU 45.5","price":"","pimage":"","pimage_id":"","pthumb":"","color":""},{"label":"46","value":"EU 46","price":"","pimage":"","pimage_id":"","pthumb":"","color":""},{"label":"47","value":"EU 47","price":"","pimage":"","pimage_id":"","pthumb":"","color":""},{"label":"47.5","value":"EU 47.5","price":"","pimage":"","pimage_id":"","pthumb":"","color":""},{"label":"48","value":"EU 48","price":"","pimage":"","pimage_id":"","pthumb":"","color":""}],"relations":[{"operator":false,"rules":[]}],"form_id":18106,"form_rules":{"pric_cal_option_once":false,"exclude_from_discount":false,"pric_use_as_fee":false,"fee_label":"Fee","render_after_acb":false,"disp_hide_options_price":false}}]},"yoast_head":"<!-- This site is optimized with the Yoast SEO plugin v26.5 - https:\/\/yoast.com\/wordpress\/plugins\/seo\/ -->\n<title>Just Don x Air Jordan Legacy 312 &#039;Hot Lava&#039; AQ4160-108 - Tourcruiser PTE. LTD<\/title>\n<meta name=\"robots\" content=\"index, follow, max-snippet:-1, max-image-preview:large, max-video-preview:-1\" \/>\n<link rel=\"canonical\" href=\"https:\/\/tourcruiser.com\/de\/products\/just-don-x-air-jordan-legacy-312-hot-lava-aq4160-108\/\" \/>\n<meta property=\"og:locale\" content=\"de_DE\" \/>\n<meta property=\"og:type\" content=\"article\" \/>\n<meta property=\"og:title\" content=\"Just Don x Air Jordan Legacy 312 &#039;Hot Lava&#039; AQ4160-108 - Tourcruiser PTE. LTD\" \/>\n<meta property=\"og:description\" content=\"Die Just Don x Air Jordan Legacy 312 Hot Lava Sneaker sind eine Kollaboration zwischen Jordan und Just Don. Sie bestechen durch ein leuchtendes Pink, das an hei\u00c3\u0178e Lava erinnert. Mit ihrem einzigartigen Design und der hochwertigen Verarbeitung sind diese Sneaker ein absolutes Must-have f\u00c3\u00bcr jeden Sneaker-Fan. Hol sie dir jetzt und verleihe deiner Sammlung [&hellip;]\" \/>\n<meta property=\"og:url\" content=\"https:\/\/tourcruiser.com\/de\/products\/just-don-x-air-jordan-legacy-312-hot-lava-aq4160-108\/\" \/>\n<meta property=\"og:site_name\" content=\"Tourcruiser Sneaker Store\" \/>\n<meta name=\"twitter:card\" content=\"summary_large_image\" \/>\n<meta name=\"twitter:image\" content=\"https:\/\/images.novelship.com\/product\/just_don_x_air_jordan_legacy_312__hot_lava__aq4160_0_62967.jpeg\" \/>\n<script type=\"application\/ld+json\" class=\"yoast-schema-graph\">{\"@context\":\"https:\/\/schema.org\",\"@graph\":[{\"@type\":\"WebPage\",\"@id\":\"https:\/\/tourcruiser.com\/de\/products\/just-don-x-air-jordan-legacy-312-hot-lava-aq4160-108\/\",\"url\":\"https:\/\/tourcruiser.com\/de\/products\/just-don-x-air-jordan-legacy-312-hot-lava-aq4160-108\/\",\"name\":\"Just Don x Air Jordan Legacy 312 'Hot Lava' AQ4160-108 - Tourcruiser PTE. LTD\",\"isPartOf\":{\"@id\":\"https:\/\/tourcruiser.com\/de\/#website\"},\"primaryImageOfPage\":{\"@id\":\"https:\/\/tourcruiser.com\/de\/products\/just-don-x-air-jordan-legacy-312-hot-lava-aq4160-108\/#primaryimage\"},\"image\":{\"@id\":\"https:\/\/tourcruiser.com\/de\/products\/just-don-x-air-jordan-legacy-312-hot-lava-aq4160-108\/#primaryimage\"},\"thumbnailUrl\":\"https:\/\/images.novelship.com\/product\/just_don_x_air_jordan_legacy_312__hot_lava__aq4160_0_62967.jpeg\",\"datePublished\":\"2026-03-21T05:08:14+00:00\",\"breadcrumb\":{\"@id\":\"https:\/\/tourcruiser.com\/de\/products\/just-don-x-air-jordan-legacy-312-hot-lava-aq4160-108\/#breadcrumb\"},\"inLanguage\":\"de\",\"potentialAction\":[{\"@type\":\"ReadAction\",\"target\":[\"https:\/\/tourcruiser.com\/de\/products\/just-don-x-air-jordan-legacy-312-hot-lava-aq4160-108\/\"]}]},{\"@type\":\"ImageObject\",\"inLanguage\":\"de\",\"@id\":\"https:\/\/tourcruiser.com\/de\/products\/just-don-x-air-jordan-legacy-312-hot-lava-aq4160-108\/#primaryimage\",\"url\":\"https:\/\/images.novelship.com\/product\/just_don_x_air_jordan_legacy_312__hot_lava__aq4160_0_62967.jpeg\",\"contentUrl\":\"https:\/\/images.novelship.com\/product\/just_don_x_air_jordan_legacy_312__hot_lava__aq4160_0_62967.jpeg\"},{\"@type\":\"BreadcrumbList\",\"@id\":\"https:\/\/tourcruiser.com\/de\/products\/just-don-x-air-jordan-legacy-312-hot-lava-aq4160-108\/#breadcrumb\",\"itemListElement\":[{\"@type\":\"ListItem\",\"position\":1,\"name\":\"Home\",\"item\":\"https:\/\/tourcruiser.com\/de\/\"},{\"@type\":\"ListItem\",\"position\":2,\"name\":\"Shop\",\"item\":\"https:\/\/tourcruiser.com\/de\/shop\/\"},{\"@type\":\"ListItem\",\"position\":3,\"name\":\"Just Don x Air Jordan Legacy 312 'Hot Lava' AQ4160-108\"}]},{\"@type\":\"WebSite\",\"@id\":\"https:\/\/tourcruiser.com\/de\/#website\",\"url\":\"https:\/\/tourcruiser.com\/de\/\",\"name\":\"Styloral Jewelry Shop\",\"description\":\"Tourcruiser Sneaker Store \u2014 der Ort, an dem das Universum deine Einzigartigkeit trifft.\",\"publisher\":{\"@id\":\"https:\/\/tourcruiser.com\/de\/#organization\"},\"potentialAction\":[{\"@type\":\"SearchAction\",\"target\":{\"@type\":\"EntryPoint\",\"urlTemplate\":\"https:\/\/tourcruiser.com\/de\/?s={search_term_string}\"},\"query-input\":{\"@type\":\"PropertyValueSpecification\",\"valueRequired\":true,\"valueName\":\"search_term_string\"}}],\"inLanguage\":\"de\"},{\"@type\":\"Organization\",\"@id\":\"https:\/\/tourcruiser.com\/de\/#organization\",\"name\":\"STYLORAL PTE. LTD\",\"url\":\"https:\/\/tourcruiser.com\/de\/\",\"logo\":{\"@type\":\"ImageObject\",\"inLanguage\":\"de\",\"@id\":\"https:\/\/tourcruiser.com\/de\/#\/schema\/logo\/image\/\",\"url\":\"https:\/\/www.tourcruiser.com\/wp-content\/uploads\/2025\/12\/logo.png\",\"contentUrl\":\"https:\/\/www.tourcruiser.com\/wp-content\/uploads\/2025\/12\/logo.png\",\"width\":200,\"height\":65,\"caption\":\"STYLORAL PTE. LTD\"},\"image\":{\"@id\":\"https:\/\/tourcruiser.com\/de\/#\/schema\/logo\/image\/\"}}]}<\/script>\n<!-- \/ Yoast SEO plugin. -->","yoast_head_json":{"title":"Just Don x Air Jordan Legacy 312 'Hot Lava' AQ4160-108 - Tourcruiser PTE. LTD","robots":{"index":"index","follow":"follow","max-snippet":"max-snippet:-1","max-image-preview":"max-image-preview:large","max-video-preview":"max-video-preview:-1"},"canonical":"https:\/\/tourcruiser.com\/de\/products\/just-don-x-air-jordan-legacy-312-hot-lava-aq4160-108\/","og_locale":"de_DE","og_type":"article","og_title":"Just Don x Air Jordan Legacy 312 'Hot Lava' AQ4160-108 - Tourcruiser PTE. LTD","og_description":"Die Just Don x Air Jordan Legacy 312 Hot Lava Sneaker sind eine Kollaboration zwischen Jordan und Just Don. Sie bestechen durch ein leuchtendes Pink, das an hei\u00c3\u0178e Lava erinnert. Mit ihrem einzigartigen Design und der hochwertigen Verarbeitung sind diese Sneaker ein absolutes Must-have f\u00c3\u00bcr jeden Sneaker-Fan. Hol sie dir jetzt und verleihe deiner Sammlung [&hellip;]","og_url":"https:\/\/tourcruiser.com\/de\/products\/just-don-x-air-jordan-legacy-312-hot-lava-aq4160-108\/","og_site_name":"Tourcruiser Sneaker Store","twitter_card":"summary_large_image","twitter_image":"https:\/\/images.novelship.com\/product\/just_don_x_air_jordan_legacy_312__hot_lava__aq4160_0_62967.jpeg","schema":{"@context":"https:\/\/schema.org","@graph":[{"@type":"WebPage","@id":"https:\/\/tourcruiser.com\/de\/products\/just-don-x-air-jordan-legacy-312-hot-lava-aq4160-108\/","url":"https:\/\/tourcruiser.com\/de\/products\/just-don-x-air-jordan-legacy-312-hot-lava-aq4160-108\/","name":"Just Don x Air Jordan Legacy 312 'Hot Lava' AQ4160-108 - Tourcruiser PTE. LTD","isPartOf":{"@id":"https:\/\/tourcruiser.com\/de\/#website"},"primaryImageOfPage":{"@id":"https:\/\/tourcruiser.com\/de\/products\/just-don-x-air-jordan-legacy-312-hot-lava-aq4160-108\/#primaryimage"},"image":{"@id":"https:\/\/tourcruiser.com\/de\/products\/just-don-x-air-jordan-legacy-312-hot-lava-aq4160-108\/#primaryimage"},"thumbnailUrl":"https:\/\/images.novelship.com\/product\/just_don_x_air_jordan_legacy_312__hot_lava__aq4160_0_62967.jpeg","datePublished":"2026-03-21T05:08:14+00:00","breadcrumb":{"@id":"https:\/\/tourcruiser.com\/de\/products\/just-don-x-air-jordan-legacy-312-hot-lava-aq4160-108\/#breadcrumb"},"inLanguage":"de","potentialAction":[{"@type":"ReadAction","target":["https:\/\/tourcruiser.com\/de\/products\/just-don-x-air-jordan-legacy-312-hot-lava-aq4160-108\/"]}]},{"@type":"ImageObject","inLanguage":"de","@id":"https:\/\/tourcruiser.com\/de\/products\/just-don-x-air-jordan-legacy-312-hot-lava-aq4160-108\/#primaryimage","url":"https:\/\/images.novelship.com\/product\/just_don_x_air_jordan_legacy_312__hot_lava__aq4160_0_62967.jpeg","contentUrl":"https:\/\/images.novelship.com\/product\/just_don_x_air_jordan_legacy_312__hot_lava__aq4160_0_62967.jpeg"},{"@type":"BreadcrumbList","@id":"https:\/\/tourcruiser.com\/de\/products\/just-don-x-air-jordan-legacy-312-hot-lava-aq4160-108\/#breadcrumb","itemListElement":[{"@type":"ListItem","position":1,"name":"Home","item":"https:\/\/tourcruiser.com\/de\/"},{"@type":"ListItem","position":2,"name":"Shop","item":"https:\/\/tourcruiser.com\/de\/shop\/"},{"@type":"ListItem","position":3,"name":"Just Don x Air Jordan Legacy 312 'Hot Lava' AQ4160-108"}]},{"@type":"WebSite","@id":"https:\/\/tourcruiser.com\/de\/#website","url":"https:\/\/tourcruiser.com\/de\/","name":"Styloral Jewelry Shop","description":"Tourcruiser Sneaker Store \u2014 der Ort, an dem das Universum deine Einzigartigkeit trifft.","publisher":{"@id":"https:\/\/tourcruiser.com\/de\/#organization"},"potentialAction":[{"@type":"SearchAction","target":{"@type":"EntryPoint","urlTemplate":"https:\/\/tourcruiser.com\/de\/?s={search_term_string}"},"query-input":{"@type":"PropertyValueSpecification","valueRequired":true,"valueName":"search_term_string"}}],"inLanguage":"de"},{"@type":"Organization","@id":"https:\/\/tourcruiser.com\/de\/#organization","name":"STYLORAL PTE. LTD","url":"https:\/\/tourcruiser.com\/de\/","logo":{"@type":"ImageObject","inLanguage":"de","@id":"https:\/\/tourcruiser.com\/de\/#\/schema\/logo\/image\/","url":"https:\/\/www.tourcruiser.com\/wp-content\/uploads\/2025\/12\/logo.png","contentUrl":"https:\/\/www.tourcruiser.com\/wp-content\/uploads\/2025\/12\/logo.png","width":200,"height":65,"caption":"STYLORAL PTE. LTD"},"image":{"@id":"https:\/\/tourcruiser.com\/de\/#\/schema\/logo\/image\/"}}]}},"_links":{"self":[{"href":"https:\/\/tourcruiser.com\/de\/wp-json\/wp\/v2\/product\/460304","targetHints":{"allow":["GET"]}}],"collection":[{"href":"https:\/\/tourcruiser.com\/de\/wp-json\/wp\/v2\/product"}],"about":[{"href":"https:\/\/tourcruiser.com\/de\/wp-json\/wp\/v2\/types\/product"}],"replies":[{"embeddable":true,"href":"https:\/\/tourcruiser.com\/de\/wp-json\/wp\/v2\/comments?post=460304"}],"wp:featuredmedia":[{"embeddable":true,"href":"https:\/\/tourcruiser.com\/de\/wp-json\/wp\/v2\/media\/460305"}],"wp:attachment":[{"href":"https:\/\/tourcruiser.com\/de\/wp-json\/wp\/v2\/media?parent=460304"}],"wp:term":[{"taxonomy":"product_brand","embeddable":true,"href":"https:\/\/tourcruiser.com\/de\/wp-json\/wp\/v2\/product_brand?post=460304"},{"taxonomy":"product_cat","embeddable":true,"href":"https:\/\/tourcruiser.com\/de\/wp-json\/wp\/v2\/product_cat?post=460304"},{"taxonomy":"product_tag","embeddable":true,"href":"https:\/\/tourcruiser.com\/de\/wp-json\/wp\/v2\/product_tag?post=460304"}],"curies":[{"name":"wp","href":"https:\/\/api.w.org\/{rel}","templated":true}]}}