{"id":460225,"date":"2026-03-21T12:08:11","date_gmt":"2026-03-21T05:08:11","guid":{"rendered":"http:\/\/tourcruiser.com\/product\/adidas-adizero-boston-11-pulse-mint-gv9064"},"modified":"2026-03-21T12:08:11","modified_gmt":"2026-03-21T05:08:11","slug":"adidas-adizero-boston-11-pulse-mint-gv9064","status":"publish","type":"product","link":"https:\/\/tourcruiser.com\/de\/products\/adidas-adizero-boston-11-pulse-mint-gv9064\/","title":{"rendered":"adidas Adizero Boston 11 &#8218;Pulse Mint&#8216; GV9064"},"content":{"rendered":"<p>Die adidas Adizero Boston 11 Pulse Mint Sneaker sind stylische und leichte Laufschuhe. Dank der adidas Boost-Zwischensohle bieten sie zus\u00c3\u00a4tzliche D\u00c3\u00a4mpfung und Energier\u00c3\u00bcckgabe und unterst\u00c3\u00bctzen dich bei jedem Schritt. Das atmungsaktive Obermaterial sorgt f\u00c3\u00bcr ein angenehm k\u00c3\u00bchles und komfortables Tragegef\u00c3\u00bchl, w\u00c3\u00a4hrend die strapazierf\u00c3\u00a4hige Au\u00c3\u0178ensohle optimalen Halt auf verschiedenen Untergr\u00c3\u00bcnden bietet. Diese Sneaker sind perfekt f\u00c3\u00bcr Sportler und Freizeitl\u00c3\u00a4ufer gleicherma\u00c3\u0178en und ein Must-have f\u00c3\u00bcr jede Sneaker-Sammlung.<\/p>\n<p>Farbgebung: Pulse Mint\/Cloud White\/Crystal White<\/p>\n<p>Style-Code: GV9064<\/p>\n<p>Obermaterial: Mesh<\/p>\n<p>Zwischensohle: Boost<\/p>\n<p>Erscheinungsjahr: 2023<\/p>\n","protected":false},"excerpt":{"rendered":"<p>Die adidas Adizero Boston 11 Pulse Mint Sneaker sind stylische und leichte Laufschuhe. Dank der adidas Boost-Zwischensohle bieten sie zus\u00c3\u00a4tzliche D\u00c3\u00a4mpfung und Energier\u00c3\u00bcckgabe und unterst\u00c3\u00bctzen dich bei jedem Schritt. Das atmungsaktive Obermaterial sorgt f\u00c3\u00bcr ein angenehm k\u00c3\u00bchles und komfortables Tragegef\u00c3\u00bchl, w\u00c3\u00a4hrend die strapazierf\u00c3\u00a4hige Au\u00c3\u0178ensohle optimalen Halt auf verschiedenen Untergr\u00c3\u00bcnden bietet. Diese Sneaker sind perfekt f\u00c3\u00bcr [&hellip;]<\/p>\n","protected":false},"featured_media":460226,"comment_status":"open","ping_status":"closed","template":"","meta":[],"product_brand":[],"product_cat":[10760,39133,38842,38850],"product_tag":[10759,10753,10837,10839,10802,10840,11054,10758],"class_list":{"0":"post-460225","1":"product","2":"type-product","3":"status-publish","4":"has-post-thumbnail","6":"product_cat-adidas","7":"product_cat-adidas-adizero-boston-11","8":"product_cat-gender-men","9":"product_cat-running-shoes","10":"product_tag-adidas","11":"product_tag-gift-for-him","12":"product_tag-marathon-long-distance-running-shoes","13":"product_tag-performance-running-shoes","14":"product_tag-performance-sport-shoes","15":"product_tag-running-shoes","16":"product_tag-tempo-interval-running-shoes","17":"product_tag-under-retail","18":"wcpa_has_options","20":"first","21":"instock","22":"taxable","23":"shipping-taxable","24":"purchasable","25":"product-type-simple"},"wcpa_form_fields":{"rules":{"pric_overide_base_price":false,"pric_overide_base_price_if_gt_zero":false,"pric_overide_base_price_fully":false,"pric_cal_option_once":false,"pric_use_as_fee":false,"bind_quantity":false,"quantity_bind_formula":false},"fields":[{"type":"color-group","required":true,"elementId":"wcpa-color-group-66c4a7f817afe","label":"Gr\u00f6\u00dfe","inline":true,"priceOptions":"different_for_all","pricingType":"fixed","className":"hassizechart product-shoes-size-eu product-shoes-size","name":"color-group-66c4a7f817b18","disp_type":"square","selection_type":"tick-border","disp_size":"50","show_label_inside":true,"adjust_width":true,"cart_display_type":"text","other_text":"Other","cl_rule":"show","col":6,"values":[{"label":"35","value":"EU 35","price":"","pimage":"","pimage_id":"","pthumb":"","color":""},{"label":"35.5","value":"EU 35.5","price":"","pimage":"","pimage_id":"","pthumb":"","color":""},{"label":"36","value":"EU 36","price":"","pimage":"","pimage_id":"","pthumb":"","color":"","selected":true},{"label":"36 2\/3","value":"EU 36 2\/3","price":"","pimage":"","pimage_id":"","pthumb":"","color":""},{"label":"37 1\/3","value":"EU 37 1\/3","price":"","pimage":"","pimage_id":"","pthumb":"","color":""},{"label":"38","value":"EU 38","price":"","pimage":"","pimage_id":"","pthumb":"","color":""},{"label":"38 2\/3","value":"EU 38 2\/3","price":"","pimage":"","pimage_id":"","pthumb":"","color":""},{"label":"39 1\/3","value":"EU 39 1\/3","price":"","pimage":"","pimage_id":"","pthumb":"","color":""},{"label":"40","value":"EU 40","price":"","pimage":"","pimage_id":"","pthumb":"","color":""},{"label":"40 2\/3","value":"EU 40 2\/3","price":"","pimage":"","pimage_id":"","pthumb":"","color":""},{"label":"41 1\/3","value":"EU 41 1\/3","price":"","pimage":"","pimage_id":"","pthumb":"","color":""},{"label":"42","value":"EU 42","price":"","pimage":"","pimage_id":"","pthumb":"","color":""},{"label":"42 2\/3","value":"EU 42 2\/3","price":"","pimage":"","pimage_id":"","pthumb":"","color":""},{"label":"43 1\/3","value":"EU 43 1\/3","price":"","pimage":"","pimage_id":"","pthumb":"","color":""},{"label":"44","value":"EU 44","price":"","pimage":"","pimage_id":"","pthumb":"","color":""},{"label":"44 2\/3","value":"EU 44 2\/3","price":"","pimage":"","pimage_id":"","pthumb":"","color":""},{"label":"45 1\/3","value":"EU 45 1\/3","price":"","pimage":"","pimage_id":"","pthumb":"","color":""},{"label":"46","value":"EU 46","price":"","pimage":"","pimage_id":"","pthumb":"","color":""},{"label":"46 2\/3","value":"EU 46 2\/3","price":"","pimage":"","pimage_id":"","pthumb":"","color":""},{"label":"47 1\/3","value":"EU 47 1\/3","price":"","pimage":"","pimage_id":"","pthumb":"","color":""}],"relations":[{"operator":false,"rules":[]}],"form_id":24802,"form_rules":{"pric_cal_option_once":false,"exclude_from_discount":false,"pric_use_as_fee":false,"fee_label":"Fee","render_after_acb":false,"disp_hide_options_price":false}}]},"yoast_head":"<!-- This site is optimized with the Yoast SEO plugin v26.5 - https:\/\/yoast.com\/wordpress\/plugins\/seo\/ -->\n<title>adidas Adizero Boston 11 &#039;Pulse Mint&#039; GV9064 - Tourcruiser PTE. LTD<\/title>\n<meta name=\"robots\" content=\"index, follow, max-snippet:-1, max-image-preview:large, max-video-preview:-1\" \/>\n<link rel=\"canonical\" href=\"https:\/\/tourcruiser.com\/de\/products\/adidas-adizero-boston-11-pulse-mint-gv9064\/\" \/>\n<meta property=\"og:locale\" content=\"de_DE\" \/>\n<meta property=\"og:type\" content=\"article\" \/>\n<meta property=\"og:title\" content=\"adidas Adizero Boston 11 &#039;Pulse Mint&#039; GV9064 - Tourcruiser PTE. LTD\" \/>\n<meta property=\"og:description\" content=\"Die adidas Adizero Boston 11 Pulse Mint Sneaker sind stylische und leichte Laufschuhe. Dank der adidas Boost-Zwischensohle bieten sie zus\u00c3\u00a4tzliche D\u00c3\u00a4mpfung und Energier\u00c3\u00bcckgabe und unterst\u00c3\u00bctzen dich bei jedem Schritt. Das atmungsaktive Obermaterial sorgt f\u00c3\u00bcr ein angenehm k\u00c3\u00bchles und komfortables Tragegef\u00c3\u00bchl, w\u00c3\u00a4hrend die strapazierf\u00c3\u00a4hige Au\u00c3\u0178ensohle optimalen Halt auf verschiedenen Untergr\u00c3\u00bcnden bietet. Diese Sneaker sind perfekt f\u00c3\u00bcr [&hellip;]\" \/>\n<meta property=\"og:url\" content=\"https:\/\/tourcruiser.com\/de\/products\/adidas-adizero-boston-11-pulse-mint-gv9064\/\" \/>\n<meta property=\"og:site_name\" content=\"Tourcruiser Sneaker Store\" \/>\n<meta name=\"twitter:card\" content=\"summary_large_image\" \/>\n<meta name=\"twitter:image\" content=\"https:\/\/images.novelship.com\/product\/adidas_adizero_boston_11__pulse_mint__gv9064_0_46124.jpeg\" \/>\n<script type=\"application\/ld+json\" class=\"yoast-schema-graph\">{\"@context\":\"https:\/\/schema.org\",\"@graph\":[{\"@type\":\"WebPage\",\"@id\":\"https:\/\/tourcruiser.com\/de\/products\/adidas-adizero-boston-11-pulse-mint-gv9064\/\",\"url\":\"https:\/\/tourcruiser.com\/de\/products\/adidas-adizero-boston-11-pulse-mint-gv9064\/\",\"name\":\"adidas Adizero Boston 11 'Pulse Mint' GV9064 - Tourcruiser PTE. LTD\",\"isPartOf\":{\"@id\":\"https:\/\/tourcruiser.com\/de\/#website\"},\"primaryImageOfPage\":{\"@id\":\"https:\/\/tourcruiser.com\/de\/products\/adidas-adizero-boston-11-pulse-mint-gv9064\/#primaryimage\"},\"image\":{\"@id\":\"https:\/\/tourcruiser.com\/de\/products\/adidas-adizero-boston-11-pulse-mint-gv9064\/#primaryimage\"},\"thumbnailUrl\":\"https:\/\/images.novelship.com\/product\/adidas_adizero_boston_11__pulse_mint__gv9064_0_46124.jpeg\",\"datePublished\":\"2026-03-21T05:08:11+00:00\",\"breadcrumb\":{\"@id\":\"https:\/\/tourcruiser.com\/de\/products\/adidas-adizero-boston-11-pulse-mint-gv9064\/#breadcrumb\"},\"inLanguage\":\"de\",\"potentialAction\":[{\"@type\":\"ReadAction\",\"target\":[\"https:\/\/tourcruiser.com\/de\/products\/adidas-adizero-boston-11-pulse-mint-gv9064\/\"]}]},{\"@type\":\"ImageObject\",\"inLanguage\":\"de\",\"@id\":\"https:\/\/tourcruiser.com\/de\/products\/adidas-adizero-boston-11-pulse-mint-gv9064\/#primaryimage\",\"url\":\"https:\/\/images.novelship.com\/product\/adidas_adizero_boston_11__pulse_mint__gv9064_0_46124.jpeg\",\"contentUrl\":\"https:\/\/images.novelship.com\/product\/adidas_adizero_boston_11__pulse_mint__gv9064_0_46124.jpeg\"},{\"@type\":\"BreadcrumbList\",\"@id\":\"https:\/\/tourcruiser.com\/de\/products\/adidas-adizero-boston-11-pulse-mint-gv9064\/#breadcrumb\",\"itemListElement\":[{\"@type\":\"ListItem\",\"position\":1,\"name\":\"Home\",\"item\":\"https:\/\/tourcruiser.com\/de\/\"},{\"@type\":\"ListItem\",\"position\":2,\"name\":\"Shop\",\"item\":\"https:\/\/tourcruiser.com\/de\/shop\/\"},{\"@type\":\"ListItem\",\"position\":3,\"name\":\"adidas Adizero Boston 11 'Pulse Mint' GV9064\"}]},{\"@type\":\"WebSite\",\"@id\":\"https:\/\/tourcruiser.com\/de\/#website\",\"url\":\"https:\/\/tourcruiser.com\/de\/\",\"name\":\"Styloral Jewelry Shop\",\"description\":\"Tourcruiser Sneaker Store \u2014 der Ort, an dem das Universum deine Einzigartigkeit trifft.\",\"publisher\":{\"@id\":\"https:\/\/tourcruiser.com\/de\/#organization\"},\"potentialAction\":[{\"@type\":\"SearchAction\",\"target\":{\"@type\":\"EntryPoint\",\"urlTemplate\":\"https:\/\/tourcruiser.com\/de\/?s={search_term_string}\"},\"query-input\":{\"@type\":\"PropertyValueSpecification\",\"valueRequired\":true,\"valueName\":\"search_term_string\"}}],\"inLanguage\":\"de\"},{\"@type\":\"Organization\",\"@id\":\"https:\/\/tourcruiser.com\/de\/#organization\",\"name\":\"STYLORAL PTE. LTD\",\"url\":\"https:\/\/tourcruiser.com\/de\/\",\"logo\":{\"@type\":\"ImageObject\",\"inLanguage\":\"de\",\"@id\":\"https:\/\/tourcruiser.com\/de\/#\/schema\/logo\/image\/\",\"url\":\"https:\/\/www.tourcruiser.com\/wp-content\/uploads\/2025\/12\/logo.png\",\"contentUrl\":\"https:\/\/www.tourcruiser.com\/wp-content\/uploads\/2025\/12\/logo.png\",\"width\":200,\"height\":65,\"caption\":\"STYLORAL PTE. LTD\"},\"image\":{\"@id\":\"https:\/\/tourcruiser.com\/de\/#\/schema\/logo\/image\/\"}}]}<\/script>\n<!-- \/ Yoast SEO plugin. -->","yoast_head_json":{"title":"adidas Adizero Boston 11 'Pulse Mint' GV9064 - Tourcruiser PTE. LTD","robots":{"index":"index","follow":"follow","max-snippet":"max-snippet:-1","max-image-preview":"max-image-preview:large","max-video-preview":"max-video-preview:-1"},"canonical":"https:\/\/tourcruiser.com\/de\/products\/adidas-adizero-boston-11-pulse-mint-gv9064\/","og_locale":"de_DE","og_type":"article","og_title":"adidas Adizero Boston 11 'Pulse Mint' GV9064 - Tourcruiser PTE. LTD","og_description":"Die adidas Adizero Boston 11 Pulse Mint Sneaker sind stylische und leichte Laufschuhe. Dank der adidas Boost-Zwischensohle bieten sie zus\u00c3\u00a4tzliche D\u00c3\u00a4mpfung und Energier\u00c3\u00bcckgabe und unterst\u00c3\u00bctzen dich bei jedem Schritt. Das atmungsaktive Obermaterial sorgt f\u00c3\u00bcr ein angenehm k\u00c3\u00bchles und komfortables Tragegef\u00c3\u00bchl, w\u00c3\u00a4hrend die strapazierf\u00c3\u00a4hige Au\u00c3\u0178ensohle optimalen Halt auf verschiedenen Untergr\u00c3\u00bcnden bietet. Diese Sneaker sind perfekt f\u00c3\u00bcr [&hellip;]","og_url":"https:\/\/tourcruiser.com\/de\/products\/adidas-adizero-boston-11-pulse-mint-gv9064\/","og_site_name":"Tourcruiser Sneaker Store","twitter_card":"summary_large_image","twitter_image":"https:\/\/images.novelship.com\/product\/adidas_adizero_boston_11__pulse_mint__gv9064_0_46124.jpeg","schema":{"@context":"https:\/\/schema.org","@graph":[{"@type":"WebPage","@id":"https:\/\/tourcruiser.com\/de\/products\/adidas-adizero-boston-11-pulse-mint-gv9064\/","url":"https:\/\/tourcruiser.com\/de\/products\/adidas-adizero-boston-11-pulse-mint-gv9064\/","name":"adidas Adizero Boston 11 'Pulse Mint' GV9064 - Tourcruiser PTE. LTD","isPartOf":{"@id":"https:\/\/tourcruiser.com\/de\/#website"},"primaryImageOfPage":{"@id":"https:\/\/tourcruiser.com\/de\/products\/adidas-adizero-boston-11-pulse-mint-gv9064\/#primaryimage"},"image":{"@id":"https:\/\/tourcruiser.com\/de\/products\/adidas-adizero-boston-11-pulse-mint-gv9064\/#primaryimage"},"thumbnailUrl":"https:\/\/images.novelship.com\/product\/adidas_adizero_boston_11__pulse_mint__gv9064_0_46124.jpeg","datePublished":"2026-03-21T05:08:11+00:00","breadcrumb":{"@id":"https:\/\/tourcruiser.com\/de\/products\/adidas-adizero-boston-11-pulse-mint-gv9064\/#breadcrumb"},"inLanguage":"de","potentialAction":[{"@type":"ReadAction","target":["https:\/\/tourcruiser.com\/de\/products\/adidas-adizero-boston-11-pulse-mint-gv9064\/"]}]},{"@type":"ImageObject","inLanguage":"de","@id":"https:\/\/tourcruiser.com\/de\/products\/adidas-adizero-boston-11-pulse-mint-gv9064\/#primaryimage","url":"https:\/\/images.novelship.com\/product\/adidas_adizero_boston_11__pulse_mint__gv9064_0_46124.jpeg","contentUrl":"https:\/\/images.novelship.com\/product\/adidas_adizero_boston_11__pulse_mint__gv9064_0_46124.jpeg"},{"@type":"BreadcrumbList","@id":"https:\/\/tourcruiser.com\/de\/products\/adidas-adizero-boston-11-pulse-mint-gv9064\/#breadcrumb","itemListElement":[{"@type":"ListItem","position":1,"name":"Home","item":"https:\/\/tourcruiser.com\/de\/"},{"@type":"ListItem","position":2,"name":"Shop","item":"https:\/\/tourcruiser.com\/de\/shop\/"},{"@type":"ListItem","position":3,"name":"adidas Adizero Boston 11 'Pulse Mint' GV9064"}]},{"@type":"WebSite","@id":"https:\/\/tourcruiser.com\/de\/#website","url":"https:\/\/tourcruiser.com\/de\/","name":"Styloral Jewelry Shop","description":"Tourcruiser Sneaker Store \u2014 der Ort, an dem das Universum deine Einzigartigkeit trifft.","publisher":{"@id":"https:\/\/tourcruiser.com\/de\/#organization"},"potentialAction":[{"@type":"SearchAction","target":{"@type":"EntryPoint","urlTemplate":"https:\/\/tourcruiser.com\/de\/?s={search_term_string}"},"query-input":{"@type":"PropertyValueSpecification","valueRequired":true,"valueName":"search_term_string"}}],"inLanguage":"de"},{"@type":"Organization","@id":"https:\/\/tourcruiser.com\/de\/#organization","name":"STYLORAL PTE. LTD","url":"https:\/\/tourcruiser.com\/de\/","logo":{"@type":"ImageObject","inLanguage":"de","@id":"https:\/\/tourcruiser.com\/de\/#\/schema\/logo\/image\/","url":"https:\/\/www.tourcruiser.com\/wp-content\/uploads\/2025\/12\/logo.png","contentUrl":"https:\/\/www.tourcruiser.com\/wp-content\/uploads\/2025\/12\/logo.png","width":200,"height":65,"caption":"STYLORAL PTE. LTD"},"image":{"@id":"https:\/\/tourcruiser.com\/de\/#\/schema\/logo\/image\/"}}]}},"_links":{"self":[{"href":"https:\/\/tourcruiser.com\/de\/wp-json\/wp\/v2\/product\/460225","targetHints":{"allow":["GET"]}}],"collection":[{"href":"https:\/\/tourcruiser.com\/de\/wp-json\/wp\/v2\/product"}],"about":[{"href":"https:\/\/tourcruiser.com\/de\/wp-json\/wp\/v2\/types\/product"}],"replies":[{"embeddable":true,"href":"https:\/\/tourcruiser.com\/de\/wp-json\/wp\/v2\/comments?post=460225"}],"wp:featuredmedia":[{"embeddable":true,"href":"https:\/\/tourcruiser.com\/de\/wp-json\/wp\/v2\/media\/460226"}],"wp:attachment":[{"href":"https:\/\/tourcruiser.com\/de\/wp-json\/wp\/v2\/media?parent=460225"}],"wp:term":[{"taxonomy":"product_brand","embeddable":true,"href":"https:\/\/tourcruiser.com\/de\/wp-json\/wp\/v2\/product_brand?post=460225"},{"taxonomy":"product_cat","embeddable":true,"href":"https:\/\/tourcruiser.com\/de\/wp-json\/wp\/v2\/product_cat?post=460225"},{"taxonomy":"product_tag","embeddable":true,"href":"https:\/\/tourcruiser.com\/de\/wp-json\/wp\/v2\/product_tag?post=460225"}],"curies":[{"name":"wp","href":"https:\/\/api.w.org\/{rel}","templated":true}]}}