{"id":460137,"date":"2026-03-21T12:08:06","date_gmt":"2026-03-21T05:08:06","guid":{"rendered":"http:\/\/tourcruiser.com\/product\/adidas-forum-low-blue-cloud-white-hq6334"},"modified":"2026-03-21T12:08:06","modified_gmt":"2026-03-21T05:08:06","slug":"adidas-forum-low-blue-cloud-white-hq6334","status":"publish","type":"product","link":"https:\/\/tourcruiser.com\/de\/products\/adidas-forum-low-blue-cloud-white-hq6334\/","title":{"rendered":"adidas Forum Low &#8218;Blue Cloud White&#8216; HQ6334"},"content":{"rendered":"<p>Mit dem adidas Forum Low HQ6334 \u00e2\u20ac\u017eBlue Cloud White\u00e2\u20ac\u0153 bringst du deinen Sneaker-Style auf ein neues Level. Gefertigt aus hochwertigem Leder, besticht diese klassische Silhouette durch ein strahlend wei\u00c3\u0178es Obermaterial mit leuchtend blauen Akzenten, die f\u00c3\u00bcr einen frischen und modernen Look sorgen. Der verstellbare Kn\u00c3\u00b6chelriemen garantiert sicheren Halt, w\u00c3\u00a4hrend die durchgehende EVA-Zwischensohle f\u00c3\u00bcr hervorragende D\u00c3\u00a4mpfung und Komfort sorgt. Egal ob auf dem Court oder in der Stadt \u00e2\u20ac\u201c der adidas Forum Low \u00e2\u20ac\u017eBlue Cloud White\u00e2\u20ac\u0153 vereint Style und Performance.<\/p>\n<ul>\n<li><strong>Farbgebung:<\/strong> Blau\/Wei\u00c3\u0178\/Marineblau<\/li>\n<li><strong>Style-Code:<\/strong> HQ6334<\/li>\n<li><strong>Obermaterial:<\/strong> Leder<\/li>\n<li><strong>Farbe:<\/strong> Wei\u00c3\u0178<\/li>\n<li><strong>Saison:<\/strong> Ganzj\u00c3\u00a4hrig<\/li>\n<\/ul>\n","protected":false},"excerpt":{"rendered":"<p>Mit dem adidas Forum Low HQ6334 \u00e2\u20ac\u017eBlue Cloud White\u00e2\u20ac\u0153 bringst du deinen Sneaker-Style auf ein neues Level. Gefertigt aus hochwertigem Leder, besticht diese klassische Silhouette durch ein strahlend wei\u00c3\u0178es Obermaterial mit leuchtend blauen Akzenten, die f\u00c3\u00bcr einen frischen und modernen Look sorgen. Der verstellbare Kn\u00c3\u00b6chelriemen garantiert sicheren Halt, w\u00c3\u00a4hrend die durchgehende EVA-Zwischensohle f\u00c3\u00bcr hervorragende D\u00c3\u00a4mpfung [&hellip;]<\/p>\n","protected":false},"featured_media":460138,"comment_status":"open","ping_status":"closed","template":"","meta":[],"product_brand":[],"product_cat":[10760,38994,38878,38842],"product_tag":[10759,10749,10750,10753,10754,10777,10756,10785,10786,10758],"class_list":{"0":"post-460137","1":"product","2":"type-product","3":"status-publish","4":"has-post-thumbnail","6":"product_cat-adidas","7":"product_cat-adidas-forum-low","8":"product_cat-lifestyle-shoes-basketball-inspired","9":"product_cat-gender-men","10":"product_tag-adidas","11":"product_tag-adidas-skateboarding-shoes","12":"product_tag-athleisure-shoes","13":"product_tag-gift-for-him","14":"product_tag-lifestyle-casual-shoes","15":"product_tag-lifestyle-shoes-basketball-inspired","16":"product_tag-retro-casual-shoes","17":"product_tag-trending-deals","18":"product_tag-trending-deals-under-150","19":"product_tag-under-retail","20":"wcpa_has_options","22":"first","23":"instock","24":"taxable","25":"shipping-taxable","26":"purchasable","27":"product-type-simple"},"wcpa_form_fields":{"rules":{"pric_overide_base_price":false,"pric_overide_base_price_if_gt_zero":false,"pric_overide_base_price_fully":false,"pric_cal_option_once":false,"pric_use_as_fee":false,"bind_quantity":false,"quantity_bind_formula":false},"fields":[{"type":"color-group","required":true,"elementId":"wcpa-color-group-66c4a7f817afe","label":"Gr\u00f6\u00dfe","inline":true,"priceOptions":"different_for_all","pricingType":"fixed","className":"hassizechart product-shoes-size-eu product-shoes-size","name":"color-group-66c4a7f817b18","disp_type":"square","selection_type":"tick-border","disp_size":"50","show_label_inside":true,"adjust_width":true,"cart_display_type":"text","other_text":"Other","cl_rule":"show","col":6,"values":[{"label":"35","value":"EU 35","price":"","pimage":"","pimage_id":"","pthumb":"","color":""},{"label":"35.5","value":"EU 35.5","price":"","pimage":"","pimage_id":"","pthumb":"","color":""},{"label":"36","value":"EU 36","price":"","pimage":"","pimage_id":"","pthumb":"","color":"","selected":true},{"label":"36 2\/3","value":"EU 36 2\/3","price":"","pimage":"","pimage_id":"","pthumb":"","color":""},{"label":"37 1\/3","value":"EU 37 1\/3","price":"","pimage":"","pimage_id":"","pthumb":"","color":""},{"label":"38","value":"EU 38","price":"","pimage":"","pimage_id":"","pthumb":"","color":""},{"label":"38 2\/3","value":"EU 38 2\/3","price":"","pimage":"","pimage_id":"","pthumb":"","color":""},{"label":"39 1\/3","value":"EU 39 1\/3","price":"","pimage":"","pimage_id":"","pthumb":"","color":""},{"label":"40","value":"EU 40","price":"","pimage":"","pimage_id":"","pthumb":"","color":""},{"label":"40 2\/3","value":"EU 40 2\/3","price":"","pimage":"","pimage_id":"","pthumb":"","color":""},{"label":"41 1\/3","value":"EU 41 1\/3","price":"","pimage":"","pimage_id":"","pthumb":"","color":""},{"label":"42","value":"EU 42","price":"","pimage":"","pimage_id":"","pthumb":"","color":""},{"label":"42 2\/3","value":"EU 42 2\/3","price":"","pimage":"","pimage_id":"","pthumb":"","color":""},{"label":"43 1\/3","value":"EU 43 1\/3","price":"","pimage":"","pimage_id":"","pthumb":"","color":""},{"label":"44","value":"EU 44","price":"","pimage":"","pimage_id":"","pthumb":"","color":""},{"label":"44 2\/3","value":"EU 44 2\/3","price":"","pimage":"","pimage_id":"","pthumb":"","color":""},{"label":"45 1\/3","value":"EU 45 1\/3","price":"","pimage":"","pimage_id":"","pthumb":"","color":""},{"label":"46","value":"EU 46","price":"","pimage":"","pimage_id":"","pthumb":"","color":""},{"label":"46 2\/3","value":"EU 46 2\/3","price":"","pimage":"","pimage_id":"","pthumb":"","color":""},{"label":"47 1\/3","value":"EU 47 1\/3","price":"","pimage":"","pimage_id":"","pthumb":"","color":""}],"relations":[{"operator":false,"rules":[]}],"form_id":24802,"form_rules":{"pric_cal_option_once":false,"exclude_from_discount":false,"pric_use_as_fee":false,"fee_label":"Fee","render_after_acb":false,"disp_hide_options_price":false}}]},"yoast_head":"<!-- This site is optimized with the Yoast SEO plugin v26.5 - https:\/\/yoast.com\/wordpress\/plugins\/seo\/ -->\n<title>adidas Forum Low &#039;Blue Cloud White&#039; HQ6334 - Tourcruiser PTE. LTD<\/title>\n<meta name=\"robots\" content=\"index, follow, max-snippet:-1, max-image-preview:large, max-video-preview:-1\" \/>\n<link rel=\"canonical\" href=\"https:\/\/tourcruiser.com\/de\/products\/adidas-forum-low-blue-cloud-white-hq6334\/\" \/>\n<meta property=\"og:locale\" content=\"de_DE\" \/>\n<meta property=\"og:type\" content=\"article\" \/>\n<meta property=\"og:title\" content=\"adidas Forum Low &#039;Blue Cloud White&#039; HQ6334 - Tourcruiser PTE. LTD\" \/>\n<meta property=\"og:description\" content=\"Mit dem adidas Forum Low HQ6334 \u00e2\u20ac\u017eBlue Cloud White\u00e2\u20ac\u0153 bringst du deinen Sneaker-Style auf ein neues Level. Gefertigt aus hochwertigem Leder, besticht diese klassische Silhouette durch ein strahlend wei\u00c3\u0178es Obermaterial mit leuchtend blauen Akzenten, die f\u00c3\u00bcr einen frischen und modernen Look sorgen. Der verstellbare Kn\u00c3\u00b6chelriemen garantiert sicheren Halt, w\u00c3\u00a4hrend die durchgehende EVA-Zwischensohle f\u00c3\u00bcr hervorragende D\u00c3\u00a4mpfung [&hellip;]\" \/>\n<meta property=\"og:url\" content=\"https:\/\/tourcruiser.com\/de\/products\/adidas-forum-low-blue-cloud-white-hq6334\/\" \/>\n<meta property=\"og:site_name\" content=\"Tourcruiser Sneaker Store\" \/>\n<meta name=\"twitter:card\" content=\"summary_large_image\" \/>\n<meta name=\"twitter:image\" content=\"https:\/\/images.novelship.com\/product\/adidas_forum_low__blue_cloud_white__hq6334_0_67739.jpeg\" \/>\n<script type=\"application\/ld+json\" class=\"yoast-schema-graph\">{\"@context\":\"https:\/\/schema.org\",\"@graph\":[{\"@type\":\"WebPage\",\"@id\":\"https:\/\/tourcruiser.com\/de\/products\/adidas-forum-low-blue-cloud-white-hq6334\/\",\"url\":\"https:\/\/tourcruiser.com\/de\/products\/adidas-forum-low-blue-cloud-white-hq6334\/\",\"name\":\"adidas Forum Low 'Blue Cloud White' HQ6334 - Tourcruiser PTE. LTD\",\"isPartOf\":{\"@id\":\"https:\/\/tourcruiser.com\/de\/#website\"},\"primaryImageOfPage\":{\"@id\":\"https:\/\/tourcruiser.com\/de\/products\/adidas-forum-low-blue-cloud-white-hq6334\/#primaryimage\"},\"image\":{\"@id\":\"https:\/\/tourcruiser.com\/de\/products\/adidas-forum-low-blue-cloud-white-hq6334\/#primaryimage\"},\"thumbnailUrl\":\"https:\/\/images.novelship.com\/product\/adidas_forum_low__blue_cloud_white__hq6334_0_67739.jpeg\",\"datePublished\":\"2026-03-21T05:08:06+00:00\",\"breadcrumb\":{\"@id\":\"https:\/\/tourcruiser.com\/de\/products\/adidas-forum-low-blue-cloud-white-hq6334\/#breadcrumb\"},\"inLanguage\":\"de\",\"potentialAction\":[{\"@type\":\"ReadAction\",\"target\":[\"https:\/\/tourcruiser.com\/de\/products\/adidas-forum-low-blue-cloud-white-hq6334\/\"]}]},{\"@type\":\"ImageObject\",\"inLanguage\":\"de\",\"@id\":\"https:\/\/tourcruiser.com\/de\/products\/adidas-forum-low-blue-cloud-white-hq6334\/#primaryimage\",\"url\":\"https:\/\/images.novelship.com\/product\/adidas_forum_low__blue_cloud_white__hq6334_0_67739.jpeg\",\"contentUrl\":\"https:\/\/images.novelship.com\/product\/adidas_forum_low__blue_cloud_white__hq6334_0_67739.jpeg\"},{\"@type\":\"BreadcrumbList\",\"@id\":\"https:\/\/tourcruiser.com\/de\/products\/adidas-forum-low-blue-cloud-white-hq6334\/#breadcrumb\",\"itemListElement\":[{\"@type\":\"ListItem\",\"position\":1,\"name\":\"Home\",\"item\":\"https:\/\/tourcruiser.com\/de\/\"},{\"@type\":\"ListItem\",\"position\":2,\"name\":\"Shop\",\"item\":\"https:\/\/tourcruiser.com\/de\/shop\/\"},{\"@type\":\"ListItem\",\"position\":3,\"name\":\"adidas Forum Low 'Blue Cloud White' HQ6334\"}]},{\"@type\":\"WebSite\",\"@id\":\"https:\/\/tourcruiser.com\/de\/#website\",\"url\":\"https:\/\/tourcruiser.com\/de\/\",\"name\":\"Styloral Jewelry Shop\",\"description\":\"Tourcruiser Sneaker Store \u2014 der Ort, an dem das Universum deine Einzigartigkeit trifft.\",\"publisher\":{\"@id\":\"https:\/\/tourcruiser.com\/de\/#organization\"},\"potentialAction\":[{\"@type\":\"SearchAction\",\"target\":{\"@type\":\"EntryPoint\",\"urlTemplate\":\"https:\/\/tourcruiser.com\/de\/?s={search_term_string}\"},\"query-input\":{\"@type\":\"PropertyValueSpecification\",\"valueRequired\":true,\"valueName\":\"search_term_string\"}}],\"inLanguage\":\"de\"},{\"@type\":\"Organization\",\"@id\":\"https:\/\/tourcruiser.com\/de\/#organization\",\"name\":\"STYLORAL PTE. LTD\",\"url\":\"https:\/\/tourcruiser.com\/de\/\",\"logo\":{\"@type\":\"ImageObject\",\"inLanguage\":\"de\",\"@id\":\"https:\/\/tourcruiser.com\/de\/#\/schema\/logo\/image\/\",\"url\":\"https:\/\/www.tourcruiser.com\/wp-content\/uploads\/2025\/12\/logo.png\",\"contentUrl\":\"https:\/\/www.tourcruiser.com\/wp-content\/uploads\/2025\/12\/logo.png\",\"width\":200,\"height\":65,\"caption\":\"STYLORAL PTE. LTD\"},\"image\":{\"@id\":\"https:\/\/tourcruiser.com\/de\/#\/schema\/logo\/image\/\"}}]}<\/script>\n<!-- \/ Yoast SEO plugin. -->","yoast_head_json":{"title":"adidas Forum Low 'Blue Cloud White' HQ6334 - Tourcruiser PTE. LTD","robots":{"index":"index","follow":"follow","max-snippet":"max-snippet:-1","max-image-preview":"max-image-preview:large","max-video-preview":"max-video-preview:-1"},"canonical":"https:\/\/tourcruiser.com\/de\/products\/adidas-forum-low-blue-cloud-white-hq6334\/","og_locale":"de_DE","og_type":"article","og_title":"adidas Forum Low 'Blue Cloud White' HQ6334 - Tourcruiser PTE. LTD","og_description":"Mit dem adidas Forum Low HQ6334 \u00e2\u20ac\u017eBlue Cloud White\u00e2\u20ac\u0153 bringst du deinen Sneaker-Style auf ein neues Level. Gefertigt aus hochwertigem Leder, besticht diese klassische Silhouette durch ein strahlend wei\u00c3\u0178es Obermaterial mit leuchtend blauen Akzenten, die f\u00c3\u00bcr einen frischen und modernen Look sorgen. Der verstellbare Kn\u00c3\u00b6chelriemen garantiert sicheren Halt, w\u00c3\u00a4hrend die durchgehende EVA-Zwischensohle f\u00c3\u00bcr hervorragende D\u00c3\u00a4mpfung [&hellip;]","og_url":"https:\/\/tourcruiser.com\/de\/products\/adidas-forum-low-blue-cloud-white-hq6334\/","og_site_name":"Tourcruiser Sneaker Store","twitter_card":"summary_large_image","twitter_image":"https:\/\/images.novelship.com\/product\/adidas_forum_low__blue_cloud_white__hq6334_0_67739.jpeg","schema":{"@context":"https:\/\/schema.org","@graph":[{"@type":"WebPage","@id":"https:\/\/tourcruiser.com\/de\/products\/adidas-forum-low-blue-cloud-white-hq6334\/","url":"https:\/\/tourcruiser.com\/de\/products\/adidas-forum-low-blue-cloud-white-hq6334\/","name":"adidas Forum Low 'Blue Cloud White' HQ6334 - Tourcruiser PTE. LTD","isPartOf":{"@id":"https:\/\/tourcruiser.com\/de\/#website"},"primaryImageOfPage":{"@id":"https:\/\/tourcruiser.com\/de\/products\/adidas-forum-low-blue-cloud-white-hq6334\/#primaryimage"},"image":{"@id":"https:\/\/tourcruiser.com\/de\/products\/adidas-forum-low-blue-cloud-white-hq6334\/#primaryimage"},"thumbnailUrl":"https:\/\/images.novelship.com\/product\/adidas_forum_low__blue_cloud_white__hq6334_0_67739.jpeg","datePublished":"2026-03-21T05:08:06+00:00","breadcrumb":{"@id":"https:\/\/tourcruiser.com\/de\/products\/adidas-forum-low-blue-cloud-white-hq6334\/#breadcrumb"},"inLanguage":"de","potentialAction":[{"@type":"ReadAction","target":["https:\/\/tourcruiser.com\/de\/products\/adidas-forum-low-blue-cloud-white-hq6334\/"]}]},{"@type":"ImageObject","inLanguage":"de","@id":"https:\/\/tourcruiser.com\/de\/products\/adidas-forum-low-blue-cloud-white-hq6334\/#primaryimage","url":"https:\/\/images.novelship.com\/product\/adidas_forum_low__blue_cloud_white__hq6334_0_67739.jpeg","contentUrl":"https:\/\/images.novelship.com\/product\/adidas_forum_low__blue_cloud_white__hq6334_0_67739.jpeg"},{"@type":"BreadcrumbList","@id":"https:\/\/tourcruiser.com\/de\/products\/adidas-forum-low-blue-cloud-white-hq6334\/#breadcrumb","itemListElement":[{"@type":"ListItem","position":1,"name":"Home","item":"https:\/\/tourcruiser.com\/de\/"},{"@type":"ListItem","position":2,"name":"Shop","item":"https:\/\/tourcruiser.com\/de\/shop\/"},{"@type":"ListItem","position":3,"name":"adidas Forum Low 'Blue Cloud White' HQ6334"}]},{"@type":"WebSite","@id":"https:\/\/tourcruiser.com\/de\/#website","url":"https:\/\/tourcruiser.com\/de\/","name":"Styloral Jewelry Shop","description":"Tourcruiser Sneaker Store \u2014 der Ort, an dem das Universum deine Einzigartigkeit trifft.","publisher":{"@id":"https:\/\/tourcruiser.com\/de\/#organization"},"potentialAction":[{"@type":"SearchAction","target":{"@type":"EntryPoint","urlTemplate":"https:\/\/tourcruiser.com\/de\/?s={search_term_string}"},"query-input":{"@type":"PropertyValueSpecification","valueRequired":true,"valueName":"search_term_string"}}],"inLanguage":"de"},{"@type":"Organization","@id":"https:\/\/tourcruiser.com\/de\/#organization","name":"STYLORAL PTE. LTD","url":"https:\/\/tourcruiser.com\/de\/","logo":{"@type":"ImageObject","inLanguage":"de","@id":"https:\/\/tourcruiser.com\/de\/#\/schema\/logo\/image\/","url":"https:\/\/www.tourcruiser.com\/wp-content\/uploads\/2025\/12\/logo.png","contentUrl":"https:\/\/www.tourcruiser.com\/wp-content\/uploads\/2025\/12\/logo.png","width":200,"height":65,"caption":"STYLORAL PTE. LTD"},"image":{"@id":"https:\/\/tourcruiser.com\/de\/#\/schema\/logo\/image\/"}}]}},"_links":{"self":[{"href":"https:\/\/tourcruiser.com\/de\/wp-json\/wp\/v2\/product\/460137","targetHints":{"allow":["GET"]}}],"collection":[{"href":"https:\/\/tourcruiser.com\/de\/wp-json\/wp\/v2\/product"}],"about":[{"href":"https:\/\/tourcruiser.com\/de\/wp-json\/wp\/v2\/types\/product"}],"replies":[{"embeddable":true,"href":"https:\/\/tourcruiser.com\/de\/wp-json\/wp\/v2\/comments?post=460137"}],"wp:featuredmedia":[{"embeddable":true,"href":"https:\/\/tourcruiser.com\/de\/wp-json\/wp\/v2\/media\/460138"}],"wp:attachment":[{"href":"https:\/\/tourcruiser.com\/de\/wp-json\/wp\/v2\/media?parent=460137"}],"wp:term":[{"taxonomy":"product_brand","embeddable":true,"href":"https:\/\/tourcruiser.com\/de\/wp-json\/wp\/v2\/product_brand?post=460137"},{"taxonomy":"product_cat","embeddable":true,"href":"https:\/\/tourcruiser.com\/de\/wp-json\/wp\/v2\/product_cat?post=460137"},{"taxonomy":"product_tag","embeddable":true,"href":"https:\/\/tourcruiser.com\/de\/wp-json\/wp\/v2\/product_tag?post=460137"}],"curies":[{"name":"wp","href":"https:\/\/api.w.org\/{rel}","templated":true}]}}