{"id":459454,"date":"2026-03-21T12:07:42","date_gmt":"2026-03-21T05:07:42","guid":{"rendered":"http:\/\/tourcruiser.com\/product\/size-x-nike-dunk-low-dark-driftwood-do6712-200"},"modified":"2026-03-21T12:07:42","modified_gmt":"2026-03-21T05:07:42","slug":"size-x-nike-dunk-low-dark-driftwood-do6712-200","status":"publish","type":"product","link":"https:\/\/tourcruiser.com\/de\/products\/size-x-nike-dunk-low-dark-driftwood-do6712-200\/","title":{"rendered":"size? x Nike Dunk Low &#8218;Dark Driftwood&#8216; DO6712-200"},"content":{"rendered":"<p>Wir pr\u00c3\u00a4sentieren den Size? x Nike Dunk Low Dark Driftwood \u00e2\u20ac\u201c eine Must-have-Kollaboration zwischen Size? und Nike. Dieser ikonische Sneaker besticht durch sein elegantes Design in der Farbe Dark Driftwood und verleiht jedem Outfit das gewisse Etwas. Gefertigt aus hochwertigen Materialien, sind diese Nike Dunks nicht nur modisch, sondern auch unglaublich bequem. Mit diesem Sneaker in limitierter Auflage ziehst du garantiert alle Blicke auf dich.<\/p>\n<p>Farbe: Dark Driftwood\/Photo Blue-Rattan<\/p>\n<p>Style-Code: DO6712-200<\/p>\n<p>Obermaterial: Leder<\/p>\n<p>Farbe: Hellbraun<\/p>\n<p>Designer: Peter Moore<\/p>\n<p>Saison: Fr\u00c3\u00bchling<\/p>\n<p>Erscheinungsjahr: 2022<\/p>\n","protected":false},"excerpt":{"rendered":"<p>Wir pr\u00c3\u00a4sentieren den Size? x Nike Dunk Low Dark Driftwood \u00e2\u20ac\u201c eine Must-have-Kollaboration zwischen Size? und Nike. Dieser ikonische Sneaker besticht durch sein elegantes Design in der Farbe Dark Driftwood und verleiht jedem Outfit das gewisse Etwas. Gefertigt aus hochwertigen Materialien, sind diese Nike Dunks nicht nur modisch, sondern auch unglaublich bequem. Mit diesem Sneaker [&hellip;]<\/p>\n","protected":false},"featured_media":459455,"comment_status":"open","ping_status":"closed","template":"","meta":[],"product_brand":[],"product_cat":[40086,38842,10803,40087],"product_tag":[11405,10754,11036,10801,10756],"class_list":{"0":"post-459454","1":"product","2":"type-product","3":"status-publish","4":"has-post-thumbnail","6":"product_cat-nike-dunk","7":"product_cat-gender-men","8":"product_cat-nike","9":"product_cat-sneakers","10":"product_tag-best-gifts-under-100","11":"product_tag-lifestyle-casual-shoes","12":"product_tag-lifestyle-shoes-skateboarding-inspired","13":"product_tag-nike","14":"product_tag-retro-casual-shoes","15":"wcpa_has_options","17":"first","18":"instock","19":"taxable","20":"shipping-taxable","21":"purchasable","22":"product-type-simple"},"wcpa_form_fields":{"rules":{"pric_overide_base_price":false,"pric_overide_base_price_if_gt_zero":false,"pric_overide_base_price_fully":false,"pric_cal_option_once":false,"pric_use_as_fee":false,"bind_quantity":false,"quantity_bind_formula":false},"fields":[{"type":"color-group","required":true,"elementId":"wcpa-color-group-66c4a75505e74","label":"Gr\u00f6\u00dfe - EU Gr\u00f6\u00dfe","inline":true,"priceOptions":"different_for_all","pricingType":"fixed","className":"hassizechart product-shoes-size-eu product-shoes-size","name":"color-group-66c4a75505e89","disp_type":"square","selection_type":"tick-border","disp_size":"44","show_label_inside":true,"adjust_width":true,"cart_display_type":"text","other_text":"Other","cl_rule":"show","col":6,"values":[{"label":"35.5","value":"EU 35.5","price":"","pimage":"","pimage_id":"","pthumb":"","color":""},{"label":"36","value":"EU 36","price":"","pimage":"","pimage_id":"","pthumb":"","color":"","selected":true},{"label":"36.5","value":"EU 36.5","price":"","pimage":"","pimage_id":"","pthumb":"","color":""},{"label":"37.5","value":"EU 37.5","price":"","pimage":"","pimage_id":"","pthumb":"","color":""},{"label":"38","value":"EU 38","price":"","pimage":"","pimage_id":"","pthumb":"","color":""},{"label":"38.5","value":"EU 38.5","price":"","pimage":"","pimage_id":"","pthumb":"","color":""},{"label":"39","value":"EU 39","price":"","pimage":"","pimage_id":"","pthumb":"","color":""},{"label":"40","value":"EU 40","price":"","pimage":"","pimage_id":"","pthumb":"","color":""},{"label":"40.5","value":"EU 40.5","price":"","pimage":"","pimage_id":"","pthumb":"","color":""},{"label":"41","value":"EU 41","price":"","pimage":"","pimage_id":"","pthumb":"","color":""},{"label":"42","value":"EU 42","price":"","pimage":"","pimage_id":"","pthumb":"","color":""},{"label":"42.5","value":"EU 42.5","price":"","pimage":"","pimage_id":"","pthumb":"","color":""},{"label":"43","value":"EU 43","price":"","pimage":"","pimage_id":"","pthumb":"","color":""},{"label":"44","value":"EU 44","price":"","pimage":"","pimage_id":"","pthumb":"","color":""},{"label":"44.5","value":"EU 44.5","price":"","pimage":"","pimage_id":"","pthumb":"","color":""},{"label":"45","value":"EU 45","price":"","pimage":"","pimage_id":"","pthumb":"","color":""},{"label":"45.5","value":"EU 45.5","price":"","pimage":"","pimage_id":"","pthumb":"","color":""},{"label":"46","value":"EU 46","price":"","pimage":"","pimage_id":"","pthumb":"","color":""},{"label":"47","value":"EU 47","price":"","pimage":"","pimage_id":"","pthumb":"","color":""},{"label":"47.5","value":"EU 47.5","price":"","pimage":"","pimage_id":"","pthumb":"","color":""},{"label":"48","value":"EU 48","price":"","pimage":"","pimage_id":"","pthumb":"","color":""}],"relations":[{"operator":false,"rules":[]}],"form_id":18106,"form_rules":{"pric_cal_option_once":false,"exclude_from_discount":false,"pric_use_as_fee":false,"fee_label":"Fee","render_after_acb":false,"disp_hide_options_price":false}}]},"yoast_head":"<!-- This site is optimized with the Yoast SEO plugin v26.5 - https:\/\/yoast.com\/wordpress\/plugins\/seo\/ -->\n<title>size? x Nike Dunk Low &#039;Dark Driftwood&#039; DO6712-200 - Tourcruiser PTE. LTD<\/title>\n<meta name=\"robots\" content=\"index, follow, max-snippet:-1, max-image-preview:large, max-video-preview:-1\" \/>\n<link rel=\"canonical\" href=\"https:\/\/tourcruiser.com\/de\/products\/size-x-nike-dunk-low-dark-driftwood-do6712-200\/\" \/>\n<meta property=\"og:locale\" content=\"de_DE\" \/>\n<meta property=\"og:type\" content=\"article\" \/>\n<meta property=\"og:title\" content=\"size? x Nike Dunk Low &#039;Dark Driftwood&#039; DO6712-200 - Tourcruiser PTE. LTD\" \/>\n<meta property=\"og:description\" content=\"Wir pr\u00c3\u00a4sentieren den Size? x Nike Dunk Low Dark Driftwood \u00e2\u20ac\u201c eine Must-have-Kollaboration zwischen Size? und Nike. Dieser ikonische Sneaker besticht durch sein elegantes Design in der Farbe Dark Driftwood und verleiht jedem Outfit das gewisse Etwas. Gefertigt aus hochwertigen Materialien, sind diese Nike Dunks nicht nur modisch, sondern auch unglaublich bequem. Mit diesem Sneaker [&hellip;]\" \/>\n<meta property=\"og:url\" content=\"https:\/\/tourcruiser.com\/de\/products\/size-x-nike-dunk-low-dark-driftwood-do6712-200\/\" \/>\n<meta property=\"og:site_name\" content=\"Tourcruiser Sneaker Store\" \/>\n<meta name=\"twitter:card\" content=\"summary_large_image\" \/>\n<meta name=\"twitter:image\" content=\"https:\/\/images.novelship.com\/product\/1653918264102_sizexNikeD0.png\" \/>\n<script type=\"application\/ld+json\" class=\"yoast-schema-graph\">{\"@context\":\"https:\/\/schema.org\",\"@graph\":[{\"@type\":\"WebPage\",\"@id\":\"https:\/\/tourcruiser.com\/de\/products\/size-x-nike-dunk-low-dark-driftwood-do6712-200\/\",\"url\":\"https:\/\/tourcruiser.com\/de\/products\/size-x-nike-dunk-low-dark-driftwood-do6712-200\/\",\"name\":\"size? x Nike Dunk Low 'Dark Driftwood' DO6712-200 - Tourcruiser PTE. LTD\",\"isPartOf\":{\"@id\":\"https:\/\/tourcruiser.com\/de\/#website\"},\"primaryImageOfPage\":{\"@id\":\"https:\/\/tourcruiser.com\/de\/products\/size-x-nike-dunk-low-dark-driftwood-do6712-200\/#primaryimage\"},\"image\":{\"@id\":\"https:\/\/tourcruiser.com\/de\/products\/size-x-nike-dunk-low-dark-driftwood-do6712-200\/#primaryimage\"},\"thumbnailUrl\":\"https:\/\/images.novelship.com\/product\/1653918264102_sizexNikeD0.png\",\"datePublished\":\"2026-03-21T05:07:42+00:00\",\"breadcrumb\":{\"@id\":\"https:\/\/tourcruiser.com\/de\/products\/size-x-nike-dunk-low-dark-driftwood-do6712-200\/#breadcrumb\"},\"inLanguage\":\"de\",\"potentialAction\":[{\"@type\":\"ReadAction\",\"target\":[\"https:\/\/tourcruiser.com\/de\/products\/size-x-nike-dunk-low-dark-driftwood-do6712-200\/\"]}]},{\"@type\":\"ImageObject\",\"inLanguage\":\"de\",\"@id\":\"https:\/\/tourcruiser.com\/de\/products\/size-x-nike-dunk-low-dark-driftwood-do6712-200\/#primaryimage\",\"url\":\"https:\/\/images.novelship.com\/product\/1653918264102_sizexNikeD0.png\",\"contentUrl\":\"https:\/\/images.novelship.com\/product\/1653918264102_sizexNikeD0.png\"},{\"@type\":\"BreadcrumbList\",\"@id\":\"https:\/\/tourcruiser.com\/de\/products\/size-x-nike-dunk-low-dark-driftwood-do6712-200\/#breadcrumb\",\"itemListElement\":[{\"@type\":\"ListItem\",\"position\":1,\"name\":\"Home\",\"item\":\"https:\/\/tourcruiser.com\/de\/\"},{\"@type\":\"ListItem\",\"position\":2,\"name\":\"Shop\",\"item\":\"https:\/\/tourcruiser.com\/de\/shop\/\"},{\"@type\":\"ListItem\",\"position\":3,\"name\":\"size? x Nike Dunk Low 'Dark Driftwood' DO6712-200\"}]},{\"@type\":\"WebSite\",\"@id\":\"https:\/\/tourcruiser.com\/de\/#website\",\"url\":\"https:\/\/tourcruiser.com\/de\/\",\"name\":\"Styloral Jewelry Shop\",\"description\":\"Tourcruiser Sneaker Store \u2014 der Ort, an dem das Universum deine Einzigartigkeit trifft.\",\"publisher\":{\"@id\":\"https:\/\/tourcruiser.com\/de\/#organization\"},\"potentialAction\":[{\"@type\":\"SearchAction\",\"target\":{\"@type\":\"EntryPoint\",\"urlTemplate\":\"https:\/\/tourcruiser.com\/de\/?s={search_term_string}\"},\"query-input\":{\"@type\":\"PropertyValueSpecification\",\"valueRequired\":true,\"valueName\":\"search_term_string\"}}],\"inLanguage\":\"de\"},{\"@type\":\"Organization\",\"@id\":\"https:\/\/tourcruiser.com\/de\/#organization\",\"name\":\"STYLORAL PTE. LTD\",\"url\":\"https:\/\/tourcruiser.com\/de\/\",\"logo\":{\"@type\":\"ImageObject\",\"inLanguage\":\"de\",\"@id\":\"https:\/\/tourcruiser.com\/de\/#\/schema\/logo\/image\/\",\"url\":\"https:\/\/www.tourcruiser.com\/wp-content\/uploads\/2025\/12\/logo.png\",\"contentUrl\":\"https:\/\/www.tourcruiser.com\/wp-content\/uploads\/2025\/12\/logo.png\",\"width\":200,\"height\":65,\"caption\":\"STYLORAL PTE. LTD\"},\"image\":{\"@id\":\"https:\/\/tourcruiser.com\/de\/#\/schema\/logo\/image\/\"}}]}<\/script>\n<!-- \/ Yoast SEO plugin. -->","yoast_head_json":{"title":"size? x Nike Dunk Low 'Dark Driftwood' DO6712-200 - Tourcruiser PTE. LTD","robots":{"index":"index","follow":"follow","max-snippet":"max-snippet:-1","max-image-preview":"max-image-preview:large","max-video-preview":"max-video-preview:-1"},"canonical":"https:\/\/tourcruiser.com\/de\/products\/size-x-nike-dunk-low-dark-driftwood-do6712-200\/","og_locale":"de_DE","og_type":"article","og_title":"size? x Nike Dunk Low 'Dark Driftwood' DO6712-200 - Tourcruiser PTE. LTD","og_description":"Wir pr\u00c3\u00a4sentieren den Size? x Nike Dunk Low Dark Driftwood \u00e2\u20ac\u201c eine Must-have-Kollaboration zwischen Size? und Nike. Dieser ikonische Sneaker besticht durch sein elegantes Design in der Farbe Dark Driftwood und verleiht jedem Outfit das gewisse Etwas. Gefertigt aus hochwertigen Materialien, sind diese Nike Dunks nicht nur modisch, sondern auch unglaublich bequem. Mit diesem Sneaker [&hellip;]","og_url":"https:\/\/tourcruiser.com\/de\/products\/size-x-nike-dunk-low-dark-driftwood-do6712-200\/","og_site_name":"Tourcruiser Sneaker Store","twitter_card":"summary_large_image","twitter_image":"https:\/\/images.novelship.com\/product\/1653918264102_sizexNikeD0.png","schema":{"@context":"https:\/\/schema.org","@graph":[{"@type":"WebPage","@id":"https:\/\/tourcruiser.com\/de\/products\/size-x-nike-dunk-low-dark-driftwood-do6712-200\/","url":"https:\/\/tourcruiser.com\/de\/products\/size-x-nike-dunk-low-dark-driftwood-do6712-200\/","name":"size? x Nike Dunk Low 'Dark Driftwood' DO6712-200 - Tourcruiser PTE. LTD","isPartOf":{"@id":"https:\/\/tourcruiser.com\/de\/#website"},"primaryImageOfPage":{"@id":"https:\/\/tourcruiser.com\/de\/products\/size-x-nike-dunk-low-dark-driftwood-do6712-200\/#primaryimage"},"image":{"@id":"https:\/\/tourcruiser.com\/de\/products\/size-x-nike-dunk-low-dark-driftwood-do6712-200\/#primaryimage"},"thumbnailUrl":"https:\/\/images.novelship.com\/product\/1653918264102_sizexNikeD0.png","datePublished":"2026-03-21T05:07:42+00:00","breadcrumb":{"@id":"https:\/\/tourcruiser.com\/de\/products\/size-x-nike-dunk-low-dark-driftwood-do6712-200\/#breadcrumb"},"inLanguage":"de","potentialAction":[{"@type":"ReadAction","target":["https:\/\/tourcruiser.com\/de\/products\/size-x-nike-dunk-low-dark-driftwood-do6712-200\/"]}]},{"@type":"ImageObject","inLanguage":"de","@id":"https:\/\/tourcruiser.com\/de\/products\/size-x-nike-dunk-low-dark-driftwood-do6712-200\/#primaryimage","url":"https:\/\/images.novelship.com\/product\/1653918264102_sizexNikeD0.png","contentUrl":"https:\/\/images.novelship.com\/product\/1653918264102_sizexNikeD0.png"},{"@type":"BreadcrumbList","@id":"https:\/\/tourcruiser.com\/de\/products\/size-x-nike-dunk-low-dark-driftwood-do6712-200\/#breadcrumb","itemListElement":[{"@type":"ListItem","position":1,"name":"Home","item":"https:\/\/tourcruiser.com\/de\/"},{"@type":"ListItem","position":2,"name":"Shop","item":"https:\/\/tourcruiser.com\/de\/shop\/"},{"@type":"ListItem","position":3,"name":"size? x Nike Dunk Low 'Dark Driftwood' DO6712-200"}]},{"@type":"WebSite","@id":"https:\/\/tourcruiser.com\/de\/#website","url":"https:\/\/tourcruiser.com\/de\/","name":"Styloral Jewelry Shop","description":"Tourcruiser Sneaker Store \u2014 der Ort, an dem das Universum deine Einzigartigkeit trifft.","publisher":{"@id":"https:\/\/tourcruiser.com\/de\/#organization"},"potentialAction":[{"@type":"SearchAction","target":{"@type":"EntryPoint","urlTemplate":"https:\/\/tourcruiser.com\/de\/?s={search_term_string}"},"query-input":{"@type":"PropertyValueSpecification","valueRequired":true,"valueName":"search_term_string"}}],"inLanguage":"de"},{"@type":"Organization","@id":"https:\/\/tourcruiser.com\/de\/#organization","name":"STYLORAL PTE. LTD","url":"https:\/\/tourcruiser.com\/de\/","logo":{"@type":"ImageObject","inLanguage":"de","@id":"https:\/\/tourcruiser.com\/de\/#\/schema\/logo\/image\/","url":"https:\/\/www.tourcruiser.com\/wp-content\/uploads\/2025\/12\/logo.png","contentUrl":"https:\/\/www.tourcruiser.com\/wp-content\/uploads\/2025\/12\/logo.png","width":200,"height":65,"caption":"STYLORAL PTE. LTD"},"image":{"@id":"https:\/\/tourcruiser.com\/de\/#\/schema\/logo\/image\/"}}]}},"_links":{"self":[{"href":"https:\/\/tourcruiser.com\/de\/wp-json\/wp\/v2\/product\/459454","targetHints":{"allow":["GET"]}}],"collection":[{"href":"https:\/\/tourcruiser.com\/de\/wp-json\/wp\/v2\/product"}],"about":[{"href":"https:\/\/tourcruiser.com\/de\/wp-json\/wp\/v2\/types\/product"}],"replies":[{"embeddable":true,"href":"https:\/\/tourcruiser.com\/de\/wp-json\/wp\/v2\/comments?post=459454"}],"wp:featuredmedia":[{"embeddable":true,"href":"https:\/\/tourcruiser.com\/de\/wp-json\/wp\/v2\/media\/459455"}],"wp:attachment":[{"href":"https:\/\/tourcruiser.com\/de\/wp-json\/wp\/v2\/media?parent=459454"}],"wp:term":[{"taxonomy":"product_brand","embeddable":true,"href":"https:\/\/tourcruiser.com\/de\/wp-json\/wp\/v2\/product_brand?post=459454"},{"taxonomy":"product_cat","embeddable":true,"href":"https:\/\/tourcruiser.com\/de\/wp-json\/wp\/v2\/product_cat?post=459454"},{"taxonomy":"product_tag","embeddable":true,"href":"https:\/\/tourcruiser.com\/de\/wp-json\/wp\/v2\/product_tag?post=459454"}],"curies":[{"name":"wp","href":"https:\/\/api.w.org\/{rel}","templated":true}]}}