{"id":458947,"date":"2026-03-21T12:07:23","date_gmt":"2026-03-21T05:07:23","guid":{"rendered":"http:\/\/tourcruiser.com\/product\/new-balance-1906u-lunar-new-yearsea-salt-m1906nly"},"modified":"2026-03-21T12:07:23","modified_gmt":"2026-03-21T05:07:23","slug":"new-balance-1906u-lunar-new-yearsea-salt-m1906nly","status":"publish","type":"product","link":"https:\/\/tourcruiser.com\/de\/products\/new-balance-1906u-lunar-new-yearsea-salt-m1906nly\/","title":{"rendered":"New Balance 1906U &#8218;Lunar New Year &#8211; Sea Salt&#8216; M1906NLY"},"content":{"rendered":"<p>Feiere das chinesische Neujahr stilvoll mit dem New Balance 1906U \u00e2\u20ac\u017eLunar New Year \u00e2\u20ac\u201c Sea Salt\u00e2\u20ac\u0153. Inspiriert vom Meersalz Taiwans, besticht dieser Sneaker in limitierter Auflage durch ein verwaschenes, marineblaues Obermaterial mit leuchtend roten und goldenen Akzenten und ist eine Hommage an die traditionellen Feierlichkeiten zum chinesischen Neujahr. Die d\u00c3\u00a4mpfende REVlite-Mittelsohle sorgt f\u00c3\u00bcr ganzt\u00c3\u00a4gigen Tragekomfort, w\u00c3\u00a4hrend die robuste Au\u00c3\u0178ensohle zuverl\u00c3\u00a4ssige Traktion bietet. Diese Sneaker sind perfekt f\u00c3\u00bcr alle, die eine gelungene Mischung aus Tradition und modernem Design suchen und ein absolutes Muss f\u00c3\u00bcr jeden Sneaker-Fan und anspruchsvollen Sammler.<\/p>\n<ul>\n<li><strong>Farbgebung:<\/strong> Off-White\/Wei\u00c3\u0178\/Beige\/Silber<\/li>\n<li><strong>Style-Code:<\/strong> M1906NLY<\/li>\n<li><strong>Obermaterial:<\/strong> Synthetik<\/li>\n<li><strong>Zwischensohle:<\/strong> NERGY<\/li>\n<li><strong>Farbe:<\/strong> Wei\u00c3\u0178<\/li>\n<li><strong>Erscheinungsjahr:<\/strong> 2024<\/li>\n<\/ul>\n","protected":false},"excerpt":{"rendered":"<p>Feiere das chinesische Neujahr stilvoll mit dem New Balance 1906U \u00e2\u20ac\u017eLunar New Year \u00e2\u20ac\u201c Sea Salt\u00e2\u20ac\u0153. Inspiriert vom Meersalz Taiwans, besticht dieser Sneaker in limitierter Auflage durch ein verwaschenes, marineblaues Obermaterial mit leuchtend roten und goldenen Akzenten und ist eine Hommage an die traditionellen Feierlichkeiten zum chinesischen Neujahr. Die d\u00c3\u00a4mpfende REVlite-Mittelsohle sorgt f\u00c3\u00bcr ganzt\u00c3\u00a4gigen Tragekomfort, [&hellip;]<\/p>\n","protected":false},"featured_media":458948,"comment_status":"open","ping_status":"closed","template":"","meta":[],"product_brand":[],"product_cat":[39718,38840,38842,10771],"product_tag":[10750,10753,10754,10765,10766,10768,10758],"class_list":{"0":"post-458947","1":"product","2":"type-product","3":"status-publish","4":"has-post-thumbnail","6":"product_cat-new-balance-1906u","7":"product_cat-lifestyle-shoes-running-inspired","8":"product_cat-gender-men","9":"product_cat-new-balance","10":"product_tag-athleisure-shoes","11":"product_tag-gift-for-him","12":"product_tag-lifestyle-casual-shoes","13":"product_tag-lifestyle-shoes-running-inspired","14":"product_tag-new-balance","15":"product_tag-retro-running-shoes","16":"product_tag-under-retail","17":"wcpa_has_options","19":"first","20":"instock","21":"taxable","22":"shipping-taxable","23":"purchasable","24":"product-type-simple"},"wcpa_form_fields":{"rules":{"pric_overide_base_price":false,"pric_overide_base_price_if_gt_zero":false,"pric_overide_base_price_fully":false,"pric_cal_option_once":false,"pric_use_as_fee":false,"bind_quantity":false,"quantity_bind_formula":false},"fields":[{"type":"color-group","required":true,"elementId":"wcpa-color-group-66c4a928225d2","label":"Gr\u00f6\u00dfe","inline":true,"priceOptions":"different_for_all","pricingType":"fixed","className":"hassizechart product-shoes-size-eu product-shoes-size","name":"color-group-66c4a928225e2","disp_type":"square","selection_type":"tick-border","disp_size":"50","show_label_inside":true,"adjust_width":true,"cart_display_type":"text","other_text":"Other","cl_rule":"show","col":6,"values":[{"label":"35","value":"EU 35","price":"","pimage":"","pimage_id":"","pthumb":"","color":""},{"label":"36","value":"EU 36","price":"","pimage":"","pimage_id":"","pthumb":"","color":"","selected":true},{"label":"37","value":"EU 37","price":"","pimage":"","pimage_id":"","pthumb":"","color":""},{"label":"37.5","value":"EU 37.5","price":"","pimage":"","pimage_id":"","pthumb":"","color":""},{"label":"38","value":"EU 38","price":"","pimage":"","pimage_id":"","pthumb":"","color":""},{"label":"38.5","value":"EU 38.5","price":"","pimage":"","pimage_id":"","pthumb":"","color":""},{"label":"39","value":"EU 39","price":"","pimage":"","pimage_id":"","pthumb":"","color":""},{"label":"39.5","value":"EU 39.5","price":"","pimage":"","pimage_id":"","pthumb":"","color":""},{"label":"40","value":"EU 40","price":"","pimage":"","pimage_id":"","pthumb":"","color":""},{"label":"40.5","value":"EU 40.5","price":"","pimage":"","pimage_id":"","pthumb":"","color":""},{"label":" 41.5","value":"EU 41.5","price":"","pimage":"","pimage_id":"","pthumb":"","color":""},{"label":"42","value":"EU 42","price":"","pimage":"","pimage_id":"","pthumb":"","color":""},{"label":"42.5","value":"EU 42.5","price":"","pimage":"","pimage_id":"","pthumb":"","color":""},{"label":"43","value":"EU 43","price":"","pimage":"","pimage_id":"","pthumb":"","color":""},{"label":"44","value":"EU 44","price":"","pimage":"","pimage_id":"","pthumb":"","color":""},{"label":"44.5","value":"EU 44.5","price":"","pimage":"","pimage_id":"","pthumb":"","color":""},{"label":"45","value":"EU 45","price":"","pimage":"","pimage_id":"","pthumb":"","color":""},{"label":"45.5","value":"EU 45.5","price":"","pimage":"","pimage_id":"","pthumb":"","color":""},{"label":"46","value":"EU 46","price":"","pimage":"","pimage_id":"","pthumb":"","color":""}],"relations":[{"operator":false,"rules":[]}],"form_id":24803,"form_rules":{"pric_cal_option_once":false,"exclude_from_discount":false,"pric_use_as_fee":false,"fee_label":"Fee","render_after_acb":false,"disp_hide_options_price":false}}]},"yoast_head":"<!-- This site is optimized with the Yoast SEO plugin v26.5 - https:\/\/yoast.com\/wordpress\/plugins\/seo\/ -->\n<title>New Balance 1906U &#039;Lunar New Year - Sea Salt&#039; M1906NLY - Tourcruiser PTE. LTD<\/title>\n<meta name=\"robots\" content=\"index, follow, max-snippet:-1, max-image-preview:large, max-video-preview:-1\" \/>\n<link rel=\"canonical\" href=\"https:\/\/tourcruiser.com\/de\/products\/new-balance-1906u-lunar-new-yearsea-salt-m1906nly\/\" \/>\n<meta property=\"og:locale\" content=\"de_DE\" \/>\n<meta property=\"og:type\" content=\"article\" \/>\n<meta property=\"og:title\" content=\"New Balance 1906U &#039;Lunar New Year - Sea Salt&#039; M1906NLY - Tourcruiser PTE. LTD\" \/>\n<meta property=\"og:description\" content=\"Feiere das chinesische Neujahr stilvoll mit dem New Balance 1906U \u00e2\u20ac\u017eLunar New Year \u00e2\u20ac\u201c Sea Salt\u00e2\u20ac\u0153. Inspiriert vom Meersalz Taiwans, besticht dieser Sneaker in limitierter Auflage durch ein verwaschenes, marineblaues Obermaterial mit leuchtend roten und goldenen Akzenten und ist eine Hommage an die traditionellen Feierlichkeiten zum chinesischen Neujahr. Die d\u00c3\u00a4mpfende REVlite-Mittelsohle sorgt f\u00c3\u00bcr ganzt\u00c3\u00a4gigen Tragekomfort, [&hellip;]\" \/>\n<meta property=\"og:url\" content=\"https:\/\/tourcruiser.com\/de\/products\/new-balance-1906u-lunar-new-yearsea-salt-m1906nly\/\" \/>\n<meta property=\"og:site_name\" content=\"Tourcruiser Sneaker Store\" \/>\n<meta name=\"twitter:card\" content=\"summary_large_image\" \/>\n<meta name=\"twitter:image\" content=\"https:\/\/images.novelship.com\/product\/new_balance_1906u__lunar_new_year_-_sea_salt__m190_0_81530.jpeg\" \/>\n<meta name=\"twitter:label1\" content=\"Gesch\u00e4tzte Lesezeit\" \/>\n\t<meta name=\"twitter:data1\" content=\"1\u00a0Minute\" \/>\n<script type=\"application\/ld+json\" class=\"yoast-schema-graph\">{\"@context\":\"https:\/\/schema.org\",\"@graph\":[{\"@type\":\"WebPage\",\"@id\":\"https:\/\/tourcruiser.com\/de\/products\/new-balance-1906u-lunar-new-yearsea-salt-m1906nly\/\",\"url\":\"https:\/\/tourcruiser.com\/de\/products\/new-balance-1906u-lunar-new-yearsea-salt-m1906nly\/\",\"name\":\"New Balance 1906U 'Lunar New Year - Sea Salt' M1906NLY - Tourcruiser PTE. LTD\",\"isPartOf\":{\"@id\":\"https:\/\/tourcruiser.com\/de\/#website\"},\"primaryImageOfPage\":{\"@id\":\"https:\/\/tourcruiser.com\/de\/products\/new-balance-1906u-lunar-new-yearsea-salt-m1906nly\/#primaryimage\"},\"image\":{\"@id\":\"https:\/\/tourcruiser.com\/de\/products\/new-balance-1906u-lunar-new-yearsea-salt-m1906nly\/#primaryimage\"},\"thumbnailUrl\":\"https:\/\/images.novelship.com\/product\/new_balance_1906u__lunar_new_year_-_sea_salt__m190_0_81530.jpeg\",\"datePublished\":\"2026-03-21T05:07:23+00:00\",\"breadcrumb\":{\"@id\":\"https:\/\/tourcruiser.com\/de\/products\/new-balance-1906u-lunar-new-yearsea-salt-m1906nly\/#breadcrumb\"},\"inLanguage\":\"de\",\"potentialAction\":[{\"@type\":\"ReadAction\",\"target\":[\"https:\/\/tourcruiser.com\/de\/products\/new-balance-1906u-lunar-new-yearsea-salt-m1906nly\/\"]}]},{\"@type\":\"ImageObject\",\"inLanguage\":\"de\",\"@id\":\"https:\/\/tourcruiser.com\/de\/products\/new-balance-1906u-lunar-new-yearsea-salt-m1906nly\/#primaryimage\",\"url\":\"https:\/\/images.novelship.com\/product\/new_balance_1906u__lunar_new_year_-_sea_salt__m190_0_81530.jpeg\",\"contentUrl\":\"https:\/\/images.novelship.com\/product\/new_balance_1906u__lunar_new_year_-_sea_salt__m190_0_81530.jpeg\"},{\"@type\":\"BreadcrumbList\",\"@id\":\"https:\/\/tourcruiser.com\/de\/products\/new-balance-1906u-lunar-new-yearsea-salt-m1906nly\/#breadcrumb\",\"itemListElement\":[{\"@type\":\"ListItem\",\"position\":1,\"name\":\"Home\",\"item\":\"https:\/\/tourcruiser.com\/de\/\"},{\"@type\":\"ListItem\",\"position\":2,\"name\":\"Shop\",\"item\":\"https:\/\/tourcruiser.com\/de\/shop\/\"},{\"@type\":\"ListItem\",\"position\":3,\"name\":\"New Balance 1906U 'Lunar New Year - Sea Salt' M1906NLY\"}]},{\"@type\":\"WebSite\",\"@id\":\"https:\/\/tourcruiser.com\/de\/#website\",\"url\":\"https:\/\/tourcruiser.com\/de\/\",\"name\":\"Styloral Jewelry Shop\",\"description\":\"Tourcruiser Sneaker Store \u2014 der Ort, an dem das Universum deine Einzigartigkeit trifft.\",\"publisher\":{\"@id\":\"https:\/\/tourcruiser.com\/de\/#organization\"},\"potentialAction\":[{\"@type\":\"SearchAction\",\"target\":{\"@type\":\"EntryPoint\",\"urlTemplate\":\"https:\/\/tourcruiser.com\/de\/?s={search_term_string}\"},\"query-input\":{\"@type\":\"PropertyValueSpecification\",\"valueRequired\":true,\"valueName\":\"search_term_string\"}}],\"inLanguage\":\"de\"},{\"@type\":\"Organization\",\"@id\":\"https:\/\/tourcruiser.com\/de\/#organization\",\"name\":\"STYLORAL PTE. LTD\",\"url\":\"https:\/\/tourcruiser.com\/de\/\",\"logo\":{\"@type\":\"ImageObject\",\"inLanguage\":\"de\",\"@id\":\"https:\/\/tourcruiser.com\/de\/#\/schema\/logo\/image\/\",\"url\":\"https:\/\/www.tourcruiser.com\/wp-content\/uploads\/2025\/12\/logo.png\",\"contentUrl\":\"https:\/\/www.tourcruiser.com\/wp-content\/uploads\/2025\/12\/logo.png\",\"width\":200,\"height\":65,\"caption\":\"STYLORAL PTE. LTD\"},\"image\":{\"@id\":\"https:\/\/tourcruiser.com\/de\/#\/schema\/logo\/image\/\"}}]}<\/script>\n<!-- \/ Yoast SEO plugin. -->","yoast_head_json":{"title":"New Balance 1906U 'Lunar New Year - Sea Salt' M1906NLY - Tourcruiser PTE. LTD","robots":{"index":"index","follow":"follow","max-snippet":"max-snippet:-1","max-image-preview":"max-image-preview:large","max-video-preview":"max-video-preview:-1"},"canonical":"https:\/\/tourcruiser.com\/de\/products\/new-balance-1906u-lunar-new-yearsea-salt-m1906nly\/","og_locale":"de_DE","og_type":"article","og_title":"New Balance 1906U 'Lunar New Year - Sea Salt' M1906NLY - Tourcruiser PTE. LTD","og_description":"Feiere das chinesische Neujahr stilvoll mit dem New Balance 1906U \u00e2\u20ac\u017eLunar New Year \u00e2\u20ac\u201c Sea Salt\u00e2\u20ac\u0153. Inspiriert vom Meersalz Taiwans, besticht dieser Sneaker in limitierter Auflage durch ein verwaschenes, marineblaues Obermaterial mit leuchtend roten und goldenen Akzenten und ist eine Hommage an die traditionellen Feierlichkeiten zum chinesischen Neujahr. Die d\u00c3\u00a4mpfende REVlite-Mittelsohle sorgt f\u00c3\u00bcr ganzt\u00c3\u00a4gigen Tragekomfort, [&hellip;]","og_url":"https:\/\/tourcruiser.com\/de\/products\/new-balance-1906u-lunar-new-yearsea-salt-m1906nly\/","og_site_name":"Tourcruiser Sneaker Store","twitter_card":"summary_large_image","twitter_image":"https:\/\/images.novelship.com\/product\/new_balance_1906u__lunar_new_year_-_sea_salt__m190_0_81530.jpeg","twitter_misc":{"Gesch\u00e4tzte Lesezeit":"1\u00a0Minute"},"schema":{"@context":"https:\/\/schema.org","@graph":[{"@type":"WebPage","@id":"https:\/\/tourcruiser.com\/de\/products\/new-balance-1906u-lunar-new-yearsea-salt-m1906nly\/","url":"https:\/\/tourcruiser.com\/de\/products\/new-balance-1906u-lunar-new-yearsea-salt-m1906nly\/","name":"New Balance 1906U 'Lunar New Year - Sea Salt' M1906NLY - Tourcruiser PTE. LTD","isPartOf":{"@id":"https:\/\/tourcruiser.com\/de\/#website"},"primaryImageOfPage":{"@id":"https:\/\/tourcruiser.com\/de\/products\/new-balance-1906u-lunar-new-yearsea-salt-m1906nly\/#primaryimage"},"image":{"@id":"https:\/\/tourcruiser.com\/de\/products\/new-balance-1906u-lunar-new-yearsea-salt-m1906nly\/#primaryimage"},"thumbnailUrl":"https:\/\/images.novelship.com\/product\/new_balance_1906u__lunar_new_year_-_sea_salt__m190_0_81530.jpeg","datePublished":"2026-03-21T05:07:23+00:00","breadcrumb":{"@id":"https:\/\/tourcruiser.com\/de\/products\/new-balance-1906u-lunar-new-yearsea-salt-m1906nly\/#breadcrumb"},"inLanguage":"de","potentialAction":[{"@type":"ReadAction","target":["https:\/\/tourcruiser.com\/de\/products\/new-balance-1906u-lunar-new-yearsea-salt-m1906nly\/"]}]},{"@type":"ImageObject","inLanguage":"de","@id":"https:\/\/tourcruiser.com\/de\/products\/new-balance-1906u-lunar-new-yearsea-salt-m1906nly\/#primaryimage","url":"https:\/\/images.novelship.com\/product\/new_balance_1906u__lunar_new_year_-_sea_salt__m190_0_81530.jpeg","contentUrl":"https:\/\/images.novelship.com\/product\/new_balance_1906u__lunar_new_year_-_sea_salt__m190_0_81530.jpeg"},{"@type":"BreadcrumbList","@id":"https:\/\/tourcruiser.com\/de\/products\/new-balance-1906u-lunar-new-yearsea-salt-m1906nly\/#breadcrumb","itemListElement":[{"@type":"ListItem","position":1,"name":"Home","item":"https:\/\/tourcruiser.com\/de\/"},{"@type":"ListItem","position":2,"name":"Shop","item":"https:\/\/tourcruiser.com\/de\/shop\/"},{"@type":"ListItem","position":3,"name":"New Balance 1906U 'Lunar New Year - Sea Salt' M1906NLY"}]},{"@type":"WebSite","@id":"https:\/\/tourcruiser.com\/de\/#website","url":"https:\/\/tourcruiser.com\/de\/","name":"Styloral Jewelry Shop","description":"Tourcruiser Sneaker Store \u2014 der Ort, an dem das Universum deine Einzigartigkeit trifft.","publisher":{"@id":"https:\/\/tourcruiser.com\/de\/#organization"},"potentialAction":[{"@type":"SearchAction","target":{"@type":"EntryPoint","urlTemplate":"https:\/\/tourcruiser.com\/de\/?s={search_term_string}"},"query-input":{"@type":"PropertyValueSpecification","valueRequired":true,"valueName":"search_term_string"}}],"inLanguage":"de"},{"@type":"Organization","@id":"https:\/\/tourcruiser.com\/de\/#organization","name":"STYLORAL PTE. LTD","url":"https:\/\/tourcruiser.com\/de\/","logo":{"@type":"ImageObject","inLanguage":"de","@id":"https:\/\/tourcruiser.com\/de\/#\/schema\/logo\/image\/","url":"https:\/\/www.tourcruiser.com\/wp-content\/uploads\/2025\/12\/logo.png","contentUrl":"https:\/\/www.tourcruiser.com\/wp-content\/uploads\/2025\/12\/logo.png","width":200,"height":65,"caption":"STYLORAL PTE. LTD"},"image":{"@id":"https:\/\/tourcruiser.com\/de\/#\/schema\/logo\/image\/"}}]}},"_links":{"self":[{"href":"https:\/\/tourcruiser.com\/de\/wp-json\/wp\/v2\/product\/458947","targetHints":{"allow":["GET"]}}],"collection":[{"href":"https:\/\/tourcruiser.com\/de\/wp-json\/wp\/v2\/product"}],"about":[{"href":"https:\/\/tourcruiser.com\/de\/wp-json\/wp\/v2\/types\/product"}],"replies":[{"embeddable":true,"href":"https:\/\/tourcruiser.com\/de\/wp-json\/wp\/v2\/comments?post=458947"}],"wp:featuredmedia":[{"embeddable":true,"href":"https:\/\/tourcruiser.com\/de\/wp-json\/wp\/v2\/media\/458948"}],"wp:attachment":[{"href":"https:\/\/tourcruiser.com\/de\/wp-json\/wp\/v2\/media?parent=458947"}],"wp:term":[{"taxonomy":"product_brand","embeddable":true,"href":"https:\/\/tourcruiser.com\/de\/wp-json\/wp\/v2\/product_brand?post=458947"},{"taxonomy":"product_cat","embeddable":true,"href":"https:\/\/tourcruiser.com\/de\/wp-json\/wp\/v2\/product_cat?post=458947"},{"taxonomy":"product_tag","embeddable":true,"href":"https:\/\/tourcruiser.com\/de\/wp-json\/wp\/v2\/product_tag?post=458947"}],"curies":[{"name":"wp","href":"https:\/\/api.w.org\/{rel}","templated":true}]}}