{"id":458135,"date":"2026-03-21T12:06:56","date_gmt":"2026-03-21T05:06:56","guid":{"rendered":"http:\/\/tourcruiser.com\/product\/nike-air-max-scorpion-have-a-nike-day-fn8884-013"},"modified":"2026-03-21T12:06:56","modified_gmt":"2026-03-21T05:06:56","slug":"nike-air-max-scorpion-have-a-nike-day-fn8884-013","status":"publish","type":"product","link":"https:\/\/tourcruiser.com\/de\/products\/nike-air-max-scorpion-have-a-nike-day-fn8884-013\/","title":{"rendered":"Nike Air Max Scorpion &#8218;Have A Nike Day&#8216; FN8884-013"},"content":{"rendered":"<p>Schn\u00c3\u00bcre die Nike Air Max Scorpion \u00e2\u20ac\u017eHave A Nike Day\u00e2\u20ac\u0153-Sneaker und laufe selbstbewusst. Dank der Max Air-D\u00c3\u00a4mpfung f\u00c3\u00bcr unvergleichlichen Komfort bieten diese Sneaker ein atmungsaktives Mesh-Obermaterial mit verspielten \u00e2\u20ac\u017eHave A Nike Day\u00e2\u20ac\u0153-Motiven. Die Gummiau\u00c3\u0178ensohle sorgt f\u00c3\u00bcr Strapazierf\u00c3\u00a4higkeit und Traktion, w\u00c3\u00a4hrend die auff\u00c3\u00a4llige Farbgebung jedem Schritt einen Hauch von Flair verleiht. Perfekt f\u00c3\u00bcr Freizeit und entspannte Abenteuer \u00e2\u20ac\u201c diese Sneaker halten dich den ganzen Tag \u00c3\u00bcber stylisch und bieten optimalen Halt.<\/p>\n<ul>\n<li><strong>Farbgebung:<\/strong> Schwarz\/Metallic-Silber-Wei\u00c3\u0178-Volt-Geoden-T\u00c3\u00bcrkis<\/li>\n<li><strong>Style-Code:<\/strong> FN8884-013<\/li>\n<li><strong>Obermaterial:<\/strong> Flyknit<\/li>\n<li><strong>Mittelsohle:<\/strong> Air<\/li>\n<\/ul>\n","protected":false},"excerpt":{"rendered":"<p>Schn\u00c3\u00bcre die Nike Air Max Scorpion \u00e2\u20ac\u017eHave A Nike Day\u00e2\u20ac\u0153-Sneaker und laufe selbstbewusst. Dank der Max Air-D\u00c3\u00a4mpfung f\u00c3\u00bcr unvergleichlichen Komfort bieten diese Sneaker ein atmungsaktives Mesh-Obermaterial mit verspielten \u00e2\u20ac\u017eHave A Nike Day\u00e2\u20ac\u0153-Motiven. Die Gummiau\u00c3\u0178ensohle sorgt f\u00c3\u00bcr Strapazierf\u00c3\u00a4higkeit und Traktion, w\u00c3\u00a4hrend die auff\u00c3\u00a4llige Farbgebung jedem Schritt einen Hauch von Flair verleiht. Perfekt f\u00c3\u00bcr Freizeit und entspannte [&hellip;]<\/p>\n","protected":false},"featured_media":458136,"comment_status":"open","ping_status":"closed","template":"","meta":[],"product_brand":[],"product_cat":[39208,38840,38842,10803],"product_tag":[10750,10753,10754,10765,10801,10768,10758],"class_list":{"0":"post-458135","1":"product","2":"type-product","3":"status-publish","4":"has-post-thumbnail","6":"product_cat-nike-air-max-scorpion","7":"product_cat-lifestyle-shoes-running-inspired","8":"product_cat-gender-men","9":"product_cat-nike","10":"product_tag-athleisure-shoes","11":"product_tag-gift-for-him","12":"product_tag-lifestyle-casual-shoes","13":"product_tag-lifestyle-shoes-running-inspired","14":"product_tag-nike","15":"product_tag-retro-running-shoes","16":"product_tag-under-retail","17":"wcpa_has_options","19":"first","20":"instock","21":"taxable","22":"shipping-taxable","23":"purchasable","24":"product-type-simple"},"wcpa_form_fields":{"rules":{"pric_overide_base_price":false,"pric_overide_base_price_if_gt_zero":false,"pric_overide_base_price_fully":false,"pric_cal_option_once":false,"pric_use_as_fee":false,"bind_quantity":false,"quantity_bind_formula":false},"fields":[{"type":"color-group","required":true,"elementId":"wcpa-color-group-66c4a75505e74","label":"Gr\u00f6\u00dfe - EU Gr\u00f6\u00dfe","inline":true,"priceOptions":"different_for_all","pricingType":"fixed","className":"hassizechart product-shoes-size-eu product-shoes-size","name":"color-group-66c4a75505e89","disp_type":"square","selection_type":"tick-border","disp_size":"44","show_label_inside":true,"adjust_width":true,"cart_display_type":"text","other_text":"Other","cl_rule":"show","col":6,"values":[{"label":"35.5","value":"EU 35.5","price":"","pimage":"","pimage_id":"","pthumb":"","color":""},{"label":"36","value":"EU 36","price":"","pimage":"","pimage_id":"","pthumb":"","color":"","selected":true},{"label":"36.5","value":"EU 36.5","price":"","pimage":"","pimage_id":"","pthumb":"","color":""},{"label":"37.5","value":"EU 37.5","price":"","pimage":"","pimage_id":"","pthumb":"","color":""},{"label":"38","value":"EU 38","price":"","pimage":"","pimage_id":"","pthumb":"","color":""},{"label":"38.5","value":"EU 38.5","price":"","pimage":"","pimage_id":"","pthumb":"","color":""},{"label":"39","value":"EU 39","price":"","pimage":"","pimage_id":"","pthumb":"","color":""},{"label":"40","value":"EU 40","price":"","pimage":"","pimage_id":"","pthumb":"","color":""},{"label":"40.5","value":"EU 40.5","price":"","pimage":"","pimage_id":"","pthumb":"","color":""},{"label":"41","value":"EU 41","price":"","pimage":"","pimage_id":"","pthumb":"","color":""},{"label":"42","value":"EU 42","price":"","pimage":"","pimage_id":"","pthumb":"","color":""},{"label":"42.5","value":"EU 42.5","price":"","pimage":"","pimage_id":"","pthumb":"","color":""},{"label":"43","value":"EU 43","price":"","pimage":"","pimage_id":"","pthumb":"","color":""},{"label":"44","value":"EU 44","price":"","pimage":"","pimage_id":"","pthumb":"","color":""},{"label":"44.5","value":"EU 44.5","price":"","pimage":"","pimage_id":"","pthumb":"","color":""},{"label":"45","value":"EU 45","price":"","pimage":"","pimage_id":"","pthumb":"","color":""},{"label":"45.5","value":"EU 45.5","price":"","pimage":"","pimage_id":"","pthumb":"","color":""},{"label":"46","value":"EU 46","price":"","pimage":"","pimage_id":"","pthumb":"","color":""},{"label":"47","value":"EU 47","price":"","pimage":"","pimage_id":"","pthumb":"","color":""},{"label":"47.5","value":"EU 47.5","price":"","pimage":"","pimage_id":"","pthumb":"","color":""},{"label":"48","value":"EU 48","price":"","pimage":"","pimage_id":"","pthumb":"","color":""}],"relations":[{"operator":false,"rules":[]}],"form_id":18106,"form_rules":{"pric_cal_option_once":false,"exclude_from_discount":false,"pric_use_as_fee":false,"fee_label":"Fee","render_after_acb":false,"disp_hide_options_price":false}}]},"yoast_head":"<!-- This site is optimized with the Yoast SEO plugin v26.5 - https:\/\/yoast.com\/wordpress\/plugins\/seo\/ -->\n<title>Nike Air Max Scorpion &#039;Have A Nike Day&#039; FN8884-013 - Tourcruiser PTE. LTD<\/title>\n<meta name=\"robots\" content=\"index, follow, max-snippet:-1, max-image-preview:large, max-video-preview:-1\" \/>\n<link rel=\"canonical\" href=\"https:\/\/tourcruiser.com\/de\/products\/nike-air-max-scorpion-have-a-nike-day-fn8884-013\/\" \/>\n<meta property=\"og:locale\" content=\"de_DE\" \/>\n<meta property=\"og:type\" content=\"article\" \/>\n<meta property=\"og:title\" content=\"Nike Air Max Scorpion &#039;Have A Nike Day&#039; FN8884-013 - Tourcruiser PTE. LTD\" \/>\n<meta property=\"og:description\" content=\"Schn\u00c3\u00bcre die Nike Air Max Scorpion \u00e2\u20ac\u017eHave A Nike Day\u00e2\u20ac\u0153-Sneaker und laufe selbstbewusst. Dank der Max Air-D\u00c3\u00a4mpfung f\u00c3\u00bcr unvergleichlichen Komfort bieten diese Sneaker ein atmungsaktives Mesh-Obermaterial mit verspielten \u00e2\u20ac\u017eHave A Nike Day\u00e2\u20ac\u0153-Motiven. Die Gummiau\u00c3\u0178ensohle sorgt f\u00c3\u00bcr Strapazierf\u00c3\u00a4higkeit und Traktion, w\u00c3\u00a4hrend die auff\u00c3\u00a4llige Farbgebung jedem Schritt einen Hauch von Flair verleiht. Perfekt f\u00c3\u00bcr Freizeit und entspannte [&hellip;]\" \/>\n<meta property=\"og:url\" content=\"https:\/\/tourcruiser.com\/de\/products\/nike-air-max-scorpion-have-a-nike-day-fn8884-013\/\" \/>\n<meta property=\"og:site_name\" content=\"Tourcruiser Sneaker Store\" \/>\n<meta name=\"twitter:card\" content=\"summary_large_image\" \/>\n<meta name=\"twitter:image\" content=\"https:\/\/images.novelship.com\/product\/nike_air_max_scorpion__have_a_nike_day__fn8884-013_0_23220.jpeg\" \/>\n<script type=\"application\/ld+json\" class=\"yoast-schema-graph\">{\"@context\":\"https:\/\/schema.org\",\"@graph\":[{\"@type\":\"WebPage\",\"@id\":\"https:\/\/tourcruiser.com\/de\/products\/nike-air-max-scorpion-have-a-nike-day-fn8884-013\/\",\"url\":\"https:\/\/tourcruiser.com\/de\/products\/nike-air-max-scorpion-have-a-nike-day-fn8884-013\/\",\"name\":\"Nike Air Max Scorpion 'Have A Nike Day' FN8884-013 - Tourcruiser PTE. LTD\",\"isPartOf\":{\"@id\":\"https:\/\/tourcruiser.com\/de\/#website\"},\"primaryImageOfPage\":{\"@id\":\"https:\/\/tourcruiser.com\/de\/products\/nike-air-max-scorpion-have-a-nike-day-fn8884-013\/#primaryimage\"},\"image\":{\"@id\":\"https:\/\/tourcruiser.com\/de\/products\/nike-air-max-scorpion-have-a-nike-day-fn8884-013\/#primaryimage\"},\"thumbnailUrl\":\"https:\/\/images.novelship.com\/product\/nike_air_max_scorpion__have_a_nike_day__fn8884-013_0_23220.jpeg\",\"datePublished\":\"2026-03-21T05:06:56+00:00\",\"breadcrumb\":{\"@id\":\"https:\/\/tourcruiser.com\/de\/products\/nike-air-max-scorpion-have-a-nike-day-fn8884-013\/#breadcrumb\"},\"inLanguage\":\"de\",\"potentialAction\":[{\"@type\":\"ReadAction\",\"target\":[\"https:\/\/tourcruiser.com\/de\/products\/nike-air-max-scorpion-have-a-nike-day-fn8884-013\/\"]}]},{\"@type\":\"ImageObject\",\"inLanguage\":\"de\",\"@id\":\"https:\/\/tourcruiser.com\/de\/products\/nike-air-max-scorpion-have-a-nike-day-fn8884-013\/#primaryimage\",\"url\":\"https:\/\/images.novelship.com\/product\/nike_air_max_scorpion__have_a_nike_day__fn8884-013_0_23220.jpeg\",\"contentUrl\":\"https:\/\/images.novelship.com\/product\/nike_air_max_scorpion__have_a_nike_day__fn8884-013_0_23220.jpeg\"},{\"@type\":\"BreadcrumbList\",\"@id\":\"https:\/\/tourcruiser.com\/de\/products\/nike-air-max-scorpion-have-a-nike-day-fn8884-013\/#breadcrumb\",\"itemListElement\":[{\"@type\":\"ListItem\",\"position\":1,\"name\":\"Home\",\"item\":\"https:\/\/tourcruiser.com\/de\/\"},{\"@type\":\"ListItem\",\"position\":2,\"name\":\"Shop\",\"item\":\"https:\/\/tourcruiser.com\/de\/shop\/\"},{\"@type\":\"ListItem\",\"position\":3,\"name\":\"Nike Air Max Scorpion 'Have A Nike Day' FN8884-013\"}]},{\"@type\":\"WebSite\",\"@id\":\"https:\/\/tourcruiser.com\/de\/#website\",\"url\":\"https:\/\/tourcruiser.com\/de\/\",\"name\":\"Styloral Jewelry Shop\",\"description\":\"Tourcruiser Sneaker Store \u2014 der Ort, an dem das Universum deine Einzigartigkeit trifft.\",\"publisher\":{\"@id\":\"https:\/\/tourcruiser.com\/de\/#organization\"},\"potentialAction\":[{\"@type\":\"SearchAction\",\"target\":{\"@type\":\"EntryPoint\",\"urlTemplate\":\"https:\/\/tourcruiser.com\/de\/?s={search_term_string}\"},\"query-input\":{\"@type\":\"PropertyValueSpecification\",\"valueRequired\":true,\"valueName\":\"search_term_string\"}}],\"inLanguage\":\"de\"},{\"@type\":\"Organization\",\"@id\":\"https:\/\/tourcruiser.com\/de\/#organization\",\"name\":\"STYLORAL PTE. LTD\",\"url\":\"https:\/\/tourcruiser.com\/de\/\",\"logo\":{\"@type\":\"ImageObject\",\"inLanguage\":\"de\",\"@id\":\"https:\/\/tourcruiser.com\/de\/#\/schema\/logo\/image\/\",\"url\":\"https:\/\/www.tourcruiser.com\/wp-content\/uploads\/2025\/12\/logo.png\",\"contentUrl\":\"https:\/\/www.tourcruiser.com\/wp-content\/uploads\/2025\/12\/logo.png\",\"width\":200,\"height\":65,\"caption\":\"STYLORAL PTE. LTD\"},\"image\":{\"@id\":\"https:\/\/tourcruiser.com\/de\/#\/schema\/logo\/image\/\"}}]}<\/script>\n<!-- \/ Yoast SEO plugin. -->","yoast_head_json":{"title":"Nike Air Max Scorpion 'Have A Nike Day' FN8884-013 - Tourcruiser PTE. LTD","robots":{"index":"index","follow":"follow","max-snippet":"max-snippet:-1","max-image-preview":"max-image-preview:large","max-video-preview":"max-video-preview:-1"},"canonical":"https:\/\/tourcruiser.com\/de\/products\/nike-air-max-scorpion-have-a-nike-day-fn8884-013\/","og_locale":"de_DE","og_type":"article","og_title":"Nike Air Max Scorpion 'Have A Nike Day' FN8884-013 - Tourcruiser PTE. LTD","og_description":"Schn\u00c3\u00bcre die Nike Air Max Scorpion \u00e2\u20ac\u017eHave A Nike Day\u00e2\u20ac\u0153-Sneaker und laufe selbstbewusst. Dank der Max Air-D\u00c3\u00a4mpfung f\u00c3\u00bcr unvergleichlichen Komfort bieten diese Sneaker ein atmungsaktives Mesh-Obermaterial mit verspielten \u00e2\u20ac\u017eHave A Nike Day\u00e2\u20ac\u0153-Motiven. Die Gummiau\u00c3\u0178ensohle sorgt f\u00c3\u00bcr Strapazierf\u00c3\u00a4higkeit und Traktion, w\u00c3\u00a4hrend die auff\u00c3\u00a4llige Farbgebung jedem Schritt einen Hauch von Flair verleiht. Perfekt f\u00c3\u00bcr Freizeit und entspannte [&hellip;]","og_url":"https:\/\/tourcruiser.com\/de\/products\/nike-air-max-scorpion-have-a-nike-day-fn8884-013\/","og_site_name":"Tourcruiser Sneaker Store","twitter_card":"summary_large_image","twitter_image":"https:\/\/images.novelship.com\/product\/nike_air_max_scorpion__have_a_nike_day__fn8884-013_0_23220.jpeg","schema":{"@context":"https:\/\/schema.org","@graph":[{"@type":"WebPage","@id":"https:\/\/tourcruiser.com\/de\/products\/nike-air-max-scorpion-have-a-nike-day-fn8884-013\/","url":"https:\/\/tourcruiser.com\/de\/products\/nike-air-max-scorpion-have-a-nike-day-fn8884-013\/","name":"Nike Air Max Scorpion 'Have A Nike Day' FN8884-013 - Tourcruiser PTE. LTD","isPartOf":{"@id":"https:\/\/tourcruiser.com\/de\/#website"},"primaryImageOfPage":{"@id":"https:\/\/tourcruiser.com\/de\/products\/nike-air-max-scorpion-have-a-nike-day-fn8884-013\/#primaryimage"},"image":{"@id":"https:\/\/tourcruiser.com\/de\/products\/nike-air-max-scorpion-have-a-nike-day-fn8884-013\/#primaryimage"},"thumbnailUrl":"https:\/\/images.novelship.com\/product\/nike_air_max_scorpion__have_a_nike_day__fn8884-013_0_23220.jpeg","datePublished":"2026-03-21T05:06:56+00:00","breadcrumb":{"@id":"https:\/\/tourcruiser.com\/de\/products\/nike-air-max-scorpion-have-a-nike-day-fn8884-013\/#breadcrumb"},"inLanguage":"de","potentialAction":[{"@type":"ReadAction","target":["https:\/\/tourcruiser.com\/de\/products\/nike-air-max-scorpion-have-a-nike-day-fn8884-013\/"]}]},{"@type":"ImageObject","inLanguage":"de","@id":"https:\/\/tourcruiser.com\/de\/products\/nike-air-max-scorpion-have-a-nike-day-fn8884-013\/#primaryimage","url":"https:\/\/images.novelship.com\/product\/nike_air_max_scorpion__have_a_nike_day__fn8884-013_0_23220.jpeg","contentUrl":"https:\/\/images.novelship.com\/product\/nike_air_max_scorpion__have_a_nike_day__fn8884-013_0_23220.jpeg"},{"@type":"BreadcrumbList","@id":"https:\/\/tourcruiser.com\/de\/products\/nike-air-max-scorpion-have-a-nike-day-fn8884-013\/#breadcrumb","itemListElement":[{"@type":"ListItem","position":1,"name":"Home","item":"https:\/\/tourcruiser.com\/de\/"},{"@type":"ListItem","position":2,"name":"Shop","item":"https:\/\/tourcruiser.com\/de\/shop\/"},{"@type":"ListItem","position":3,"name":"Nike Air Max Scorpion 'Have A Nike Day' FN8884-013"}]},{"@type":"WebSite","@id":"https:\/\/tourcruiser.com\/de\/#website","url":"https:\/\/tourcruiser.com\/de\/","name":"Styloral Jewelry Shop","description":"Tourcruiser Sneaker Store \u2014 der Ort, an dem das Universum deine Einzigartigkeit trifft.","publisher":{"@id":"https:\/\/tourcruiser.com\/de\/#organization"},"potentialAction":[{"@type":"SearchAction","target":{"@type":"EntryPoint","urlTemplate":"https:\/\/tourcruiser.com\/de\/?s={search_term_string}"},"query-input":{"@type":"PropertyValueSpecification","valueRequired":true,"valueName":"search_term_string"}}],"inLanguage":"de"},{"@type":"Organization","@id":"https:\/\/tourcruiser.com\/de\/#organization","name":"STYLORAL PTE. LTD","url":"https:\/\/tourcruiser.com\/de\/","logo":{"@type":"ImageObject","inLanguage":"de","@id":"https:\/\/tourcruiser.com\/de\/#\/schema\/logo\/image\/","url":"https:\/\/www.tourcruiser.com\/wp-content\/uploads\/2025\/12\/logo.png","contentUrl":"https:\/\/www.tourcruiser.com\/wp-content\/uploads\/2025\/12\/logo.png","width":200,"height":65,"caption":"STYLORAL PTE. LTD"},"image":{"@id":"https:\/\/tourcruiser.com\/de\/#\/schema\/logo\/image\/"}}]}},"_links":{"self":[{"href":"https:\/\/tourcruiser.com\/de\/wp-json\/wp\/v2\/product\/458135","targetHints":{"allow":["GET"]}}],"collection":[{"href":"https:\/\/tourcruiser.com\/de\/wp-json\/wp\/v2\/product"}],"about":[{"href":"https:\/\/tourcruiser.com\/de\/wp-json\/wp\/v2\/types\/product"}],"replies":[{"embeddable":true,"href":"https:\/\/tourcruiser.com\/de\/wp-json\/wp\/v2\/comments?post=458135"}],"wp:featuredmedia":[{"embeddable":true,"href":"https:\/\/tourcruiser.com\/de\/wp-json\/wp\/v2\/media\/458136"}],"wp:attachment":[{"href":"https:\/\/tourcruiser.com\/de\/wp-json\/wp\/v2\/media?parent=458135"}],"wp:term":[{"taxonomy":"product_brand","embeddable":true,"href":"https:\/\/tourcruiser.com\/de\/wp-json\/wp\/v2\/product_brand?post=458135"},{"taxonomy":"product_cat","embeddable":true,"href":"https:\/\/tourcruiser.com\/de\/wp-json\/wp\/v2\/product_cat?post=458135"},{"taxonomy":"product_tag","embeddable":true,"href":"https:\/\/tourcruiser.com\/de\/wp-json\/wp\/v2\/product_tag?post=458135"}],"curies":[{"name":"wp","href":"https:\/\/api.w.org\/{rel}","templated":true}]}}