{"id":456991,"date":"2026-03-21T12:06:16","date_gmt":"2026-03-21T05:06:16","guid":{"rendered":"http:\/\/tourcruiser.com\/product\/nike-free-rn-50-2020-olive-aura-ci9921-300"},"modified":"2026-03-21T12:06:16","modified_gmt":"2026-03-21T05:06:16","slug":"nike-free-rn-50-2020-olive-aura-ci9921-300","status":"publish","type":"product","link":"https:\/\/tourcruiser.com\/de\/products\/nike-free-rn-50-2020-olive-aura-ci9921-300\/","title":{"rendered":"Nike Free RN 5.0 2020 &#8218;Olive Aura&#8216; CI9921-300"},"content":{"rendered":"<p>Erleben Sie unvergleichlichen Komfort und m\u00c3\u00bchelosen Style mit dem Nike Free RN 5.0 2020 \u00e2\u20ac\u017eOlive Aura\u00e2\u20ac\u0153 CI9921-300. Dieser Laufschuh besticht durch sein elegantes olivgr\u00c3\u00bcnes Design, das durch innovatives, leichtes Mesh und eine flexible Sohlentechnologie erg\u00c3\u00a4nzt wird und so ein nat\u00c3\u00bcrliches, barfu\u00c3\u0178\u00c3\u00a4hnliches Laufgef\u00c3\u00bchl vermittelt. Die eng anliegende Passform ist perfekt f\u00c3\u00bcr Gelegenheitsl\u00c3\u00a4ufer und Fitnessbegeisterte gleicherma\u00c3\u0178en und garantiert optimale Performance und Unterst\u00c3\u00bctzung. Steigere deine sportliche Leistung mit diesen vielseitigen Hochleistungsschuhen \u00e2\u20ac\u201c dein perfekter Begleiter f\u00c3\u00bcr ein reibungsloses Lauferlebnis.<\/p>\n<ul>\n<li><strong>Farbgebung:<\/strong> Olive Aura\/Summit White\/Schwarz<\/li>\n<li><strong>Artikelnummer:<\/strong> CI9921-300<\/li>\n<li><strong>Obermaterial:<\/strong> Textil<\/li>\n<li><strong>Zwischensohle:<\/strong> Free<\/li>\n<li><strong>Farbe:<\/strong> Beige<\/li>\n<li><strong>Saison:<\/strong> Ganzj\u00c3\u00a4hrig<\/li>\n<\/ul>\n","protected":false},"excerpt":{"rendered":"<p>Erleben Sie unvergleichlichen Komfort und m\u00c3\u00bchelosen Style mit dem Nike Free RN 5.0 2020 \u00e2\u20ac\u017eOlive Aura\u00e2\u20ac\u0153 CI9921-300. Dieser Laufschuh besticht durch sein elegantes olivgr\u00c3\u00bcnes Design, das durch innovatives, leichtes Mesh und eine flexible Sohlentechnologie erg\u00c3\u00a4nzt wird und so ein nat\u00c3\u00bcrliches, barfu\u00c3\u0178\u00c3\u00a4hnliches Laufgef\u00c3\u00bchl vermittelt. Die eng anliegende Passform ist perfekt f\u00c3\u00bcr Gelegenheitsl\u00c3\u00a4ufer und Fitnessbegeisterte gleicherma\u00c3\u0178en und [&hellip;]<\/p>\n","protected":false},"featured_media":456992,"comment_status":"open","ping_status":"closed","template":"","meta":[],"product_brand":[],"product_cat":[39823,38842,10803,38850],"product_tag":[10753,11053,10801,10882,10839,10802,10840,10758],"class_list":{"0":"post-456991","1":"product","2":"type-product","3":"status-publish","4":"has-post-thumbnail","6":"product_cat-nike-free-run-5-0","7":"product_cat-gender-men","8":"product_cat-nike","9":"product_cat-running-shoes","10":"product_tag-gift-for-him","11":"product_tag-lightweight-running-shoes","12":"product_tag-nike","13":"product_tag-nike-running-shoes","14":"product_tag-performance-running-shoes","15":"product_tag-performance-sport-shoes","16":"product_tag-running-shoes","17":"product_tag-under-retail","18":"wcpa_has_options","20":"first","21":"instock","22":"taxable","23":"shipping-taxable","24":"purchasable","25":"product-type-simple"},"wcpa_form_fields":{"rules":{"pric_overide_base_price":false,"pric_overide_base_price_if_gt_zero":false,"pric_overide_base_price_fully":false,"pric_cal_option_once":false,"pric_use_as_fee":false,"bind_quantity":false,"quantity_bind_formula":false},"fields":[{"type":"color-group","required":true,"elementId":"wcpa-color-group-66c4a75505e74","label":"Gr\u00f6\u00dfe - EU Gr\u00f6\u00dfe","inline":true,"priceOptions":"different_for_all","pricingType":"fixed","className":"hassizechart product-shoes-size-eu product-shoes-size","name":"color-group-66c4a75505e89","disp_type":"square","selection_type":"tick-border","disp_size":"44","show_label_inside":true,"adjust_width":true,"cart_display_type":"text","other_text":"Other","cl_rule":"show","col":6,"values":[{"label":"35.5","value":"EU 35.5","price":"","pimage":"","pimage_id":"","pthumb":"","color":""},{"label":"36","value":"EU 36","price":"","pimage":"","pimage_id":"","pthumb":"","color":"","selected":true},{"label":"36.5","value":"EU 36.5","price":"","pimage":"","pimage_id":"","pthumb":"","color":""},{"label":"37.5","value":"EU 37.5","price":"","pimage":"","pimage_id":"","pthumb":"","color":""},{"label":"38","value":"EU 38","price":"","pimage":"","pimage_id":"","pthumb":"","color":""},{"label":"38.5","value":"EU 38.5","price":"","pimage":"","pimage_id":"","pthumb":"","color":""},{"label":"39","value":"EU 39","price":"","pimage":"","pimage_id":"","pthumb":"","color":""},{"label":"40","value":"EU 40","price":"","pimage":"","pimage_id":"","pthumb":"","color":""},{"label":"40.5","value":"EU 40.5","price":"","pimage":"","pimage_id":"","pthumb":"","color":""},{"label":"41","value":"EU 41","price":"","pimage":"","pimage_id":"","pthumb":"","color":""},{"label":"42","value":"EU 42","price":"","pimage":"","pimage_id":"","pthumb":"","color":""},{"label":"42.5","value":"EU 42.5","price":"","pimage":"","pimage_id":"","pthumb":"","color":""},{"label":"43","value":"EU 43","price":"","pimage":"","pimage_id":"","pthumb":"","color":""},{"label":"44","value":"EU 44","price":"","pimage":"","pimage_id":"","pthumb":"","color":""},{"label":"44.5","value":"EU 44.5","price":"","pimage":"","pimage_id":"","pthumb":"","color":""},{"label":"45","value":"EU 45","price":"","pimage":"","pimage_id":"","pthumb":"","color":""},{"label":"45.5","value":"EU 45.5","price":"","pimage":"","pimage_id":"","pthumb":"","color":""},{"label":"46","value":"EU 46","price":"","pimage":"","pimage_id":"","pthumb":"","color":""},{"label":"47","value":"EU 47","price":"","pimage":"","pimage_id":"","pthumb":"","color":""},{"label":"47.5","value":"EU 47.5","price":"","pimage":"","pimage_id":"","pthumb":"","color":""},{"label":"48","value":"EU 48","price":"","pimage":"","pimage_id":"","pthumb":"","color":""}],"relations":[{"operator":false,"rules":[]}],"form_id":18106,"form_rules":{"pric_cal_option_once":false,"exclude_from_discount":false,"pric_use_as_fee":false,"fee_label":"Fee","render_after_acb":false,"disp_hide_options_price":false}}]},"yoast_head":"<!-- This site is optimized with the Yoast SEO plugin v26.5 - https:\/\/yoast.com\/wordpress\/plugins\/seo\/ -->\n<title>Nike Free RN 5.0 2020 &#039;Olive Aura&#039; CI9921-300 - Tourcruiser PTE. LTD<\/title>\n<meta name=\"robots\" content=\"index, follow, max-snippet:-1, max-image-preview:large, max-video-preview:-1\" \/>\n<link rel=\"canonical\" href=\"https:\/\/tourcruiser.com\/de\/products\/nike-free-rn-50-2020-olive-aura-ci9921-300\/\" \/>\n<meta property=\"og:locale\" content=\"de_DE\" \/>\n<meta property=\"og:type\" content=\"article\" \/>\n<meta property=\"og:title\" content=\"Nike Free RN 5.0 2020 &#039;Olive Aura&#039; CI9921-300 - Tourcruiser PTE. LTD\" \/>\n<meta property=\"og:description\" content=\"Erleben Sie unvergleichlichen Komfort und m\u00c3\u00bchelosen Style mit dem Nike Free RN 5.0 2020 \u00e2\u20ac\u017eOlive Aura\u00e2\u20ac\u0153 CI9921-300. Dieser Laufschuh besticht durch sein elegantes olivgr\u00c3\u00bcnes Design, das durch innovatives, leichtes Mesh und eine flexible Sohlentechnologie erg\u00c3\u00a4nzt wird und so ein nat\u00c3\u00bcrliches, barfu\u00c3\u0178\u00c3\u00a4hnliches Laufgef\u00c3\u00bchl vermittelt. Die eng anliegende Passform ist perfekt f\u00c3\u00bcr Gelegenheitsl\u00c3\u00a4ufer und Fitnessbegeisterte gleicherma\u00c3\u0178en und [&hellip;]\" \/>\n<meta property=\"og:url\" content=\"https:\/\/tourcruiser.com\/de\/products\/nike-free-rn-50-2020-olive-aura-ci9921-300\/\" \/>\n<meta property=\"og:site_name\" content=\"Tourcruiser Sneaker Store\" \/>\n<meta name=\"twitter:card\" content=\"summary_large_image\" \/>\n<meta name=\"twitter:image\" content=\"https:\/\/images.novelship.com\/product\/nike_free_rn_5_0_2020__olive_aura__ci9921-300_0_25206.jpeg\" \/>\n<meta name=\"twitter:label1\" content=\"Gesch\u00e4tzte Lesezeit\" \/>\n\t<meta name=\"twitter:data1\" content=\"1\u00a0Minute\" \/>\n<script type=\"application\/ld+json\" class=\"yoast-schema-graph\">{\"@context\":\"https:\/\/schema.org\",\"@graph\":[{\"@type\":\"WebPage\",\"@id\":\"https:\/\/tourcruiser.com\/de\/products\/nike-free-rn-50-2020-olive-aura-ci9921-300\/\",\"url\":\"https:\/\/tourcruiser.com\/de\/products\/nike-free-rn-50-2020-olive-aura-ci9921-300\/\",\"name\":\"Nike Free RN 5.0 2020 'Olive Aura' CI9921-300 - Tourcruiser PTE. LTD\",\"isPartOf\":{\"@id\":\"https:\/\/tourcruiser.com\/de\/#website\"},\"primaryImageOfPage\":{\"@id\":\"https:\/\/tourcruiser.com\/de\/products\/nike-free-rn-50-2020-olive-aura-ci9921-300\/#primaryimage\"},\"image\":{\"@id\":\"https:\/\/tourcruiser.com\/de\/products\/nike-free-rn-50-2020-olive-aura-ci9921-300\/#primaryimage\"},\"thumbnailUrl\":\"https:\/\/images.novelship.com\/product\/nike_free_rn_5_0_2020__olive_aura__ci9921-300_0_25206.jpeg\",\"datePublished\":\"2026-03-21T05:06:16+00:00\",\"breadcrumb\":{\"@id\":\"https:\/\/tourcruiser.com\/de\/products\/nike-free-rn-50-2020-olive-aura-ci9921-300\/#breadcrumb\"},\"inLanguage\":\"de\",\"potentialAction\":[{\"@type\":\"ReadAction\",\"target\":[\"https:\/\/tourcruiser.com\/de\/products\/nike-free-rn-50-2020-olive-aura-ci9921-300\/\"]}]},{\"@type\":\"ImageObject\",\"inLanguage\":\"de\",\"@id\":\"https:\/\/tourcruiser.com\/de\/products\/nike-free-rn-50-2020-olive-aura-ci9921-300\/#primaryimage\",\"url\":\"https:\/\/images.novelship.com\/product\/nike_free_rn_5_0_2020__olive_aura__ci9921-300_0_25206.jpeg\",\"contentUrl\":\"https:\/\/images.novelship.com\/product\/nike_free_rn_5_0_2020__olive_aura__ci9921-300_0_25206.jpeg\"},{\"@type\":\"BreadcrumbList\",\"@id\":\"https:\/\/tourcruiser.com\/de\/products\/nike-free-rn-50-2020-olive-aura-ci9921-300\/#breadcrumb\",\"itemListElement\":[{\"@type\":\"ListItem\",\"position\":1,\"name\":\"Home\",\"item\":\"https:\/\/tourcruiser.com\/de\/\"},{\"@type\":\"ListItem\",\"position\":2,\"name\":\"Shop\",\"item\":\"https:\/\/tourcruiser.com\/de\/shop\/\"},{\"@type\":\"ListItem\",\"position\":3,\"name\":\"Nike Free RN 5.0 2020 'Olive Aura' CI9921-300\"}]},{\"@type\":\"WebSite\",\"@id\":\"https:\/\/tourcruiser.com\/de\/#website\",\"url\":\"https:\/\/tourcruiser.com\/de\/\",\"name\":\"Styloral Jewelry Shop\",\"description\":\"Tourcruiser Sneaker Store \u2014 der Ort, an dem das Universum deine Einzigartigkeit trifft.\",\"publisher\":{\"@id\":\"https:\/\/tourcruiser.com\/de\/#organization\"},\"potentialAction\":[{\"@type\":\"SearchAction\",\"target\":{\"@type\":\"EntryPoint\",\"urlTemplate\":\"https:\/\/tourcruiser.com\/de\/?s={search_term_string}\"},\"query-input\":{\"@type\":\"PropertyValueSpecification\",\"valueRequired\":true,\"valueName\":\"search_term_string\"}}],\"inLanguage\":\"de\"},{\"@type\":\"Organization\",\"@id\":\"https:\/\/tourcruiser.com\/de\/#organization\",\"name\":\"STYLORAL PTE. LTD\",\"url\":\"https:\/\/tourcruiser.com\/de\/\",\"logo\":{\"@type\":\"ImageObject\",\"inLanguage\":\"de\",\"@id\":\"https:\/\/tourcruiser.com\/de\/#\/schema\/logo\/image\/\",\"url\":\"https:\/\/www.tourcruiser.com\/wp-content\/uploads\/2025\/12\/logo.png\",\"contentUrl\":\"https:\/\/www.tourcruiser.com\/wp-content\/uploads\/2025\/12\/logo.png\",\"width\":200,\"height\":65,\"caption\":\"STYLORAL PTE. LTD\"},\"image\":{\"@id\":\"https:\/\/tourcruiser.com\/de\/#\/schema\/logo\/image\/\"}}]}<\/script>\n<!-- \/ Yoast SEO plugin. -->","yoast_head_json":{"title":"Nike Free RN 5.0 2020 'Olive Aura' CI9921-300 - Tourcruiser PTE. LTD","robots":{"index":"index","follow":"follow","max-snippet":"max-snippet:-1","max-image-preview":"max-image-preview:large","max-video-preview":"max-video-preview:-1"},"canonical":"https:\/\/tourcruiser.com\/de\/products\/nike-free-rn-50-2020-olive-aura-ci9921-300\/","og_locale":"de_DE","og_type":"article","og_title":"Nike Free RN 5.0 2020 'Olive Aura' CI9921-300 - Tourcruiser PTE. LTD","og_description":"Erleben Sie unvergleichlichen Komfort und m\u00c3\u00bchelosen Style mit dem Nike Free RN 5.0 2020 \u00e2\u20ac\u017eOlive Aura\u00e2\u20ac\u0153 CI9921-300. Dieser Laufschuh besticht durch sein elegantes olivgr\u00c3\u00bcnes Design, das durch innovatives, leichtes Mesh und eine flexible Sohlentechnologie erg\u00c3\u00a4nzt wird und so ein nat\u00c3\u00bcrliches, barfu\u00c3\u0178\u00c3\u00a4hnliches Laufgef\u00c3\u00bchl vermittelt. Die eng anliegende Passform ist perfekt f\u00c3\u00bcr Gelegenheitsl\u00c3\u00a4ufer und Fitnessbegeisterte gleicherma\u00c3\u0178en und [&hellip;]","og_url":"https:\/\/tourcruiser.com\/de\/products\/nike-free-rn-50-2020-olive-aura-ci9921-300\/","og_site_name":"Tourcruiser Sneaker Store","twitter_card":"summary_large_image","twitter_image":"https:\/\/images.novelship.com\/product\/nike_free_rn_5_0_2020__olive_aura__ci9921-300_0_25206.jpeg","twitter_misc":{"Gesch\u00e4tzte Lesezeit":"1\u00a0Minute"},"schema":{"@context":"https:\/\/schema.org","@graph":[{"@type":"WebPage","@id":"https:\/\/tourcruiser.com\/de\/products\/nike-free-rn-50-2020-olive-aura-ci9921-300\/","url":"https:\/\/tourcruiser.com\/de\/products\/nike-free-rn-50-2020-olive-aura-ci9921-300\/","name":"Nike Free RN 5.0 2020 'Olive Aura' CI9921-300 - Tourcruiser PTE. LTD","isPartOf":{"@id":"https:\/\/tourcruiser.com\/de\/#website"},"primaryImageOfPage":{"@id":"https:\/\/tourcruiser.com\/de\/products\/nike-free-rn-50-2020-olive-aura-ci9921-300\/#primaryimage"},"image":{"@id":"https:\/\/tourcruiser.com\/de\/products\/nike-free-rn-50-2020-olive-aura-ci9921-300\/#primaryimage"},"thumbnailUrl":"https:\/\/images.novelship.com\/product\/nike_free_rn_5_0_2020__olive_aura__ci9921-300_0_25206.jpeg","datePublished":"2026-03-21T05:06:16+00:00","breadcrumb":{"@id":"https:\/\/tourcruiser.com\/de\/products\/nike-free-rn-50-2020-olive-aura-ci9921-300\/#breadcrumb"},"inLanguage":"de","potentialAction":[{"@type":"ReadAction","target":["https:\/\/tourcruiser.com\/de\/products\/nike-free-rn-50-2020-olive-aura-ci9921-300\/"]}]},{"@type":"ImageObject","inLanguage":"de","@id":"https:\/\/tourcruiser.com\/de\/products\/nike-free-rn-50-2020-olive-aura-ci9921-300\/#primaryimage","url":"https:\/\/images.novelship.com\/product\/nike_free_rn_5_0_2020__olive_aura__ci9921-300_0_25206.jpeg","contentUrl":"https:\/\/images.novelship.com\/product\/nike_free_rn_5_0_2020__olive_aura__ci9921-300_0_25206.jpeg"},{"@type":"BreadcrumbList","@id":"https:\/\/tourcruiser.com\/de\/products\/nike-free-rn-50-2020-olive-aura-ci9921-300\/#breadcrumb","itemListElement":[{"@type":"ListItem","position":1,"name":"Home","item":"https:\/\/tourcruiser.com\/de\/"},{"@type":"ListItem","position":2,"name":"Shop","item":"https:\/\/tourcruiser.com\/de\/shop\/"},{"@type":"ListItem","position":3,"name":"Nike Free RN 5.0 2020 'Olive Aura' CI9921-300"}]},{"@type":"WebSite","@id":"https:\/\/tourcruiser.com\/de\/#website","url":"https:\/\/tourcruiser.com\/de\/","name":"Styloral Jewelry Shop","description":"Tourcruiser Sneaker Store \u2014 der Ort, an dem das Universum deine Einzigartigkeit trifft.","publisher":{"@id":"https:\/\/tourcruiser.com\/de\/#organization"},"potentialAction":[{"@type":"SearchAction","target":{"@type":"EntryPoint","urlTemplate":"https:\/\/tourcruiser.com\/de\/?s={search_term_string}"},"query-input":{"@type":"PropertyValueSpecification","valueRequired":true,"valueName":"search_term_string"}}],"inLanguage":"de"},{"@type":"Organization","@id":"https:\/\/tourcruiser.com\/de\/#organization","name":"STYLORAL PTE. LTD","url":"https:\/\/tourcruiser.com\/de\/","logo":{"@type":"ImageObject","inLanguage":"de","@id":"https:\/\/tourcruiser.com\/de\/#\/schema\/logo\/image\/","url":"https:\/\/www.tourcruiser.com\/wp-content\/uploads\/2025\/12\/logo.png","contentUrl":"https:\/\/www.tourcruiser.com\/wp-content\/uploads\/2025\/12\/logo.png","width":200,"height":65,"caption":"STYLORAL PTE. LTD"},"image":{"@id":"https:\/\/tourcruiser.com\/de\/#\/schema\/logo\/image\/"}}]}},"_links":{"self":[{"href":"https:\/\/tourcruiser.com\/de\/wp-json\/wp\/v2\/product\/456991","targetHints":{"allow":["GET"]}}],"collection":[{"href":"https:\/\/tourcruiser.com\/de\/wp-json\/wp\/v2\/product"}],"about":[{"href":"https:\/\/tourcruiser.com\/de\/wp-json\/wp\/v2\/types\/product"}],"replies":[{"embeddable":true,"href":"https:\/\/tourcruiser.com\/de\/wp-json\/wp\/v2\/comments?post=456991"}],"wp:featuredmedia":[{"embeddable":true,"href":"https:\/\/tourcruiser.com\/de\/wp-json\/wp\/v2\/media\/456992"}],"wp:attachment":[{"href":"https:\/\/tourcruiser.com\/de\/wp-json\/wp\/v2\/media?parent=456991"}],"wp:term":[{"taxonomy":"product_brand","embeddable":true,"href":"https:\/\/tourcruiser.com\/de\/wp-json\/wp\/v2\/product_brand?post=456991"},{"taxonomy":"product_cat","embeddable":true,"href":"https:\/\/tourcruiser.com\/de\/wp-json\/wp\/v2\/product_cat?post=456991"},{"taxonomy":"product_tag","embeddable":true,"href":"https:\/\/tourcruiser.com\/de\/wp-json\/wp\/v2\/product_tag?post=456991"}],"curies":[{"name":"wp","href":"https:\/\/api.w.org\/{rel}","templated":true}]}}