{"id":456780,"date":"2026-03-21T12:06:08","date_gmt":"2026-03-21T05:06:08","guid":{"rendered":"http:\/\/tourcruiser.com\/product\/nike-zoom-kd-12-ep-university-red-ar4230-600"},"modified":"2026-03-21T12:06:08","modified_gmt":"2026-03-21T05:06:08","slug":"nike-zoom-kd-12-ep-university-red-ar4230-600","status":"publish","type":"product","link":"https:\/\/tourcruiser.com\/de\/products\/nike-zoom-kd-12-ep-university-red-ar4230-600\/","title":{"rendered":"Nike Zoom KD 12 EP &#8218;University Red&#8216; AR4230-600"},"content":{"rendered":"<p>Dominiere das Spielfeld mit dem Nike Zoom KD 12 EP \u00e2\u20ac\u017eUniversity Red\u00e2\u20ac\u0153. Sein fortschrittliches D\u00c3\u00a4mpfungssystem kombiniert Zoom Air und React-Schaum und bietet so unvergleichliche Reaktionsf\u00c3\u00a4higkeit und Aufprallschutz. Das atmungsaktive Mesh-Obermaterial sorgt f\u00c3\u00bcr optimale Bel\u00c3\u00bcftung, w\u00c3\u00a4hrend die strapazierf\u00c3\u00a4hige Gummisohle hervorragende Traktion auf Hallenb\u00c3\u00b6den bietet. Die leuchtende Farbe \u00e2\u20ac\u017eUniversity Red\u00e2\u20ac\u0153 strahlt Selbstbewusstsein aus und verleiht deinem Spiel einen Energieschub. Steigere deine Leistung mit dem Nike Zoom KD 12 EP \u00e2\u20ac\u017eUniversity Red\u00e2\u20ac\u0153 \u00e2\u20ac\u201c entwickelt, um dich auf dem Court zu st\u00c3\u00a4rken.<\/p>\n<p>Farbe: University Red\/Schwarz-Wei\u00c3\u0178<br \/>\nArtikelnummer: AR4230-600<br \/>\nObermaterial: Leder<br \/>\nFarbe: Rot<br \/>\nSaison: Ganzj\u00c3\u00a4hrig<\/p>\n<p>Farbe: Rot<\/p>\n","protected":false},"excerpt":{"rendered":"<p>Dominiere das Spielfeld mit dem Nike Zoom KD 12 EP \u00e2\u20ac\u017eUniversity Red\u00e2\u20ac\u0153. Sein fortschrittliches D\u00c3\u00a4mpfungssystem kombiniert Zoom Air und React-Schaum und bietet so unvergleichliche Reaktionsf\u00c3\u00a4higkeit und Aufprallschutz. Das atmungsaktive Mesh-Obermaterial sorgt f\u00c3\u00bcr optimale Bel\u00c3\u00bcftung, w\u00c3\u00a4hrend die strapazierf\u00c3\u00a4hige Gummisohle hervorragende Traktion auf Hallenb\u00c3\u00b6den bietet. Die leuchtende Farbe \u00e2\u20ac\u017eUniversity Red\u00e2\u20ac\u0153 strahlt Selbstbewusstsein aus und verleiht deinem Spiel [&hellip;]<\/p>\n","protected":false},"featured_media":456781,"comment_status":"open","ping_status":"closed","template":"","meta":[],"product_brand":[],"product_cat":[39251,38842,10803,39935],"product_tag":[10800,10753,11129,10801,11223,10900,10802],"class_list":{"0":"post-456780","1":"product","2":"type-product","3":"status-publish","4":"has-post-thumbnail","6":"product_cat-basketball-shoes","7":"product_cat-gender-men","8":"product_cat-nike","9":"product_cat-nike-zoom-kd-12-ep","10":"product_tag-basketball-shoes","11":"product_tag-gift-for-him","12":"product_tag-lightweight-basketball-shoes","13":"product_tag-nike","14":"product_tag-nike-basketball-shoes","15":"product_tag-nike-skateboarding-shoes","16":"product_tag-performance-sport-shoes","17":"wcpa_has_options","19":"first","20":"instock","21":"taxable","22":"shipping-taxable","23":"purchasable","24":"product-type-simple"},"wcpa_form_fields":{"rules":{"pric_overide_base_price":false,"pric_overide_base_price_if_gt_zero":false,"pric_overide_base_price_fully":false,"pric_cal_option_once":false,"pric_use_as_fee":false,"bind_quantity":false,"quantity_bind_formula":false},"fields":[{"type":"color-group","required":true,"elementId":"wcpa-color-group-66c4a75505e74","label":"Gr\u00f6\u00dfe - EU Gr\u00f6\u00dfe","inline":true,"priceOptions":"different_for_all","pricingType":"fixed","className":"hassizechart product-shoes-size-eu product-shoes-size","name":"color-group-66c4a75505e89","disp_type":"square","selection_type":"tick-border","disp_size":"44","show_label_inside":true,"adjust_width":true,"cart_display_type":"text","other_text":"Other","cl_rule":"show","col":6,"values":[{"label":"35.5","value":"EU 35.5","price":"","pimage":"","pimage_id":"","pthumb":"","color":""},{"label":"36","value":"EU 36","price":"","pimage":"","pimage_id":"","pthumb":"","color":"","selected":true},{"label":"36.5","value":"EU 36.5","price":"","pimage":"","pimage_id":"","pthumb":"","color":""},{"label":"37.5","value":"EU 37.5","price":"","pimage":"","pimage_id":"","pthumb":"","color":""},{"label":"38","value":"EU 38","price":"","pimage":"","pimage_id":"","pthumb":"","color":""},{"label":"38.5","value":"EU 38.5","price":"","pimage":"","pimage_id":"","pthumb":"","color":""},{"label":"39","value":"EU 39","price":"","pimage":"","pimage_id":"","pthumb":"","color":""},{"label":"40","value":"EU 40","price":"","pimage":"","pimage_id":"","pthumb":"","color":""},{"label":"40.5","value":"EU 40.5","price":"","pimage":"","pimage_id":"","pthumb":"","color":""},{"label":"41","value":"EU 41","price":"","pimage":"","pimage_id":"","pthumb":"","color":""},{"label":"42","value":"EU 42","price":"","pimage":"","pimage_id":"","pthumb":"","color":""},{"label":"42.5","value":"EU 42.5","price":"","pimage":"","pimage_id":"","pthumb":"","color":""},{"label":"43","value":"EU 43","price":"","pimage":"","pimage_id":"","pthumb":"","color":""},{"label":"44","value":"EU 44","price":"","pimage":"","pimage_id":"","pthumb":"","color":""},{"label":"44.5","value":"EU 44.5","price":"","pimage":"","pimage_id":"","pthumb":"","color":""},{"label":"45","value":"EU 45","price":"","pimage":"","pimage_id":"","pthumb":"","color":""},{"label":"45.5","value":"EU 45.5","price":"","pimage":"","pimage_id":"","pthumb":"","color":""},{"label":"46","value":"EU 46","price":"","pimage":"","pimage_id":"","pthumb":"","color":""},{"label":"47","value":"EU 47","price":"","pimage":"","pimage_id":"","pthumb":"","color":""},{"label":"47.5","value":"EU 47.5","price":"","pimage":"","pimage_id":"","pthumb":"","color":""},{"label":"48","value":"EU 48","price":"","pimage":"","pimage_id":"","pthumb":"","color":""}],"relations":[{"operator":false,"rules":[]}],"form_id":18106,"form_rules":{"pric_cal_option_once":false,"exclude_from_discount":false,"pric_use_as_fee":false,"fee_label":"Fee","render_after_acb":false,"disp_hide_options_price":false}}]},"yoast_head":"<!-- This site is optimized with the Yoast SEO plugin v26.5 - https:\/\/yoast.com\/wordpress\/plugins\/seo\/ -->\n<title>Nike Zoom KD 12 EP &#039;University Red&#039; AR4230-600 - Tourcruiser PTE. LTD<\/title>\n<meta name=\"robots\" content=\"index, follow, max-snippet:-1, max-image-preview:large, max-video-preview:-1\" \/>\n<link rel=\"canonical\" href=\"https:\/\/tourcruiser.com\/de\/products\/nike-zoom-kd-12-ep-university-red-ar4230-600\/\" \/>\n<meta property=\"og:locale\" content=\"de_DE\" \/>\n<meta property=\"og:type\" content=\"article\" \/>\n<meta property=\"og:title\" content=\"Nike Zoom KD 12 EP &#039;University Red&#039; AR4230-600 - Tourcruiser PTE. LTD\" \/>\n<meta property=\"og:description\" content=\"Dominiere das Spielfeld mit dem Nike Zoom KD 12 EP \u00e2\u20ac\u017eUniversity Red\u00e2\u20ac\u0153. Sein fortschrittliches D\u00c3\u00a4mpfungssystem kombiniert Zoom Air und React-Schaum und bietet so unvergleichliche Reaktionsf\u00c3\u00a4higkeit und Aufprallschutz. Das atmungsaktive Mesh-Obermaterial sorgt f\u00c3\u00bcr optimale Bel\u00c3\u00bcftung, w\u00c3\u00a4hrend die strapazierf\u00c3\u00a4hige Gummisohle hervorragende Traktion auf Hallenb\u00c3\u00b6den bietet. Die leuchtende Farbe \u00e2\u20ac\u017eUniversity Red\u00e2\u20ac\u0153 strahlt Selbstbewusstsein aus und verleiht deinem Spiel [&hellip;]\" \/>\n<meta property=\"og:url\" content=\"https:\/\/tourcruiser.com\/de\/products\/nike-zoom-kd-12-ep-university-red-ar4230-600\/\" \/>\n<meta property=\"og:site_name\" content=\"Tourcruiser Sneaker Store\" \/>\n<meta name=\"twitter:card\" content=\"summary_large_image\" \/>\n<meta name=\"twitter:image\" content=\"https:\/\/images.novelship.com\/product\/nike_zoom_kd_12_ep__university_red__ar4230-600_0_36648.jpeg\" \/>\n<script type=\"application\/ld+json\" class=\"yoast-schema-graph\">{\"@context\":\"https:\/\/schema.org\",\"@graph\":[{\"@type\":\"WebPage\",\"@id\":\"https:\/\/tourcruiser.com\/de\/products\/nike-zoom-kd-12-ep-university-red-ar4230-600\/\",\"url\":\"https:\/\/tourcruiser.com\/de\/products\/nike-zoom-kd-12-ep-university-red-ar4230-600\/\",\"name\":\"Nike Zoom KD 12 EP 'University Red' AR4230-600 - Tourcruiser PTE. LTD\",\"isPartOf\":{\"@id\":\"https:\/\/tourcruiser.com\/de\/#website\"},\"primaryImageOfPage\":{\"@id\":\"https:\/\/tourcruiser.com\/de\/products\/nike-zoom-kd-12-ep-university-red-ar4230-600\/#primaryimage\"},\"image\":{\"@id\":\"https:\/\/tourcruiser.com\/de\/products\/nike-zoom-kd-12-ep-university-red-ar4230-600\/#primaryimage\"},\"thumbnailUrl\":\"https:\/\/images.novelship.com\/product\/nike_zoom_kd_12_ep__university_red__ar4230-600_0_36648.jpeg\",\"datePublished\":\"2026-03-21T05:06:08+00:00\",\"breadcrumb\":{\"@id\":\"https:\/\/tourcruiser.com\/de\/products\/nike-zoom-kd-12-ep-university-red-ar4230-600\/#breadcrumb\"},\"inLanguage\":\"de\",\"potentialAction\":[{\"@type\":\"ReadAction\",\"target\":[\"https:\/\/tourcruiser.com\/de\/products\/nike-zoom-kd-12-ep-university-red-ar4230-600\/\"]}]},{\"@type\":\"ImageObject\",\"inLanguage\":\"de\",\"@id\":\"https:\/\/tourcruiser.com\/de\/products\/nike-zoom-kd-12-ep-university-red-ar4230-600\/#primaryimage\",\"url\":\"https:\/\/images.novelship.com\/product\/nike_zoom_kd_12_ep__university_red__ar4230-600_0_36648.jpeg\",\"contentUrl\":\"https:\/\/images.novelship.com\/product\/nike_zoom_kd_12_ep__university_red__ar4230-600_0_36648.jpeg\"},{\"@type\":\"BreadcrumbList\",\"@id\":\"https:\/\/tourcruiser.com\/de\/products\/nike-zoom-kd-12-ep-university-red-ar4230-600\/#breadcrumb\",\"itemListElement\":[{\"@type\":\"ListItem\",\"position\":1,\"name\":\"Home\",\"item\":\"https:\/\/tourcruiser.com\/de\/\"},{\"@type\":\"ListItem\",\"position\":2,\"name\":\"Shop\",\"item\":\"https:\/\/tourcruiser.com\/de\/shop\/\"},{\"@type\":\"ListItem\",\"position\":3,\"name\":\"Nike Zoom KD 12 EP 'University Red' AR4230-600\"}]},{\"@type\":\"WebSite\",\"@id\":\"https:\/\/tourcruiser.com\/de\/#website\",\"url\":\"https:\/\/tourcruiser.com\/de\/\",\"name\":\"Styloral Jewelry Shop\",\"description\":\"Tourcruiser Sneaker Store \u2014 der Ort, an dem das Universum deine Einzigartigkeit trifft.\",\"publisher\":{\"@id\":\"https:\/\/tourcruiser.com\/de\/#organization\"},\"potentialAction\":[{\"@type\":\"SearchAction\",\"target\":{\"@type\":\"EntryPoint\",\"urlTemplate\":\"https:\/\/tourcruiser.com\/de\/?s={search_term_string}\"},\"query-input\":{\"@type\":\"PropertyValueSpecification\",\"valueRequired\":true,\"valueName\":\"search_term_string\"}}],\"inLanguage\":\"de\"},{\"@type\":\"Organization\",\"@id\":\"https:\/\/tourcruiser.com\/de\/#organization\",\"name\":\"STYLORAL PTE. LTD\",\"url\":\"https:\/\/tourcruiser.com\/de\/\",\"logo\":{\"@type\":\"ImageObject\",\"inLanguage\":\"de\",\"@id\":\"https:\/\/tourcruiser.com\/de\/#\/schema\/logo\/image\/\",\"url\":\"https:\/\/www.tourcruiser.com\/wp-content\/uploads\/2025\/12\/logo.png\",\"contentUrl\":\"https:\/\/www.tourcruiser.com\/wp-content\/uploads\/2025\/12\/logo.png\",\"width\":200,\"height\":65,\"caption\":\"STYLORAL PTE. LTD\"},\"image\":{\"@id\":\"https:\/\/tourcruiser.com\/de\/#\/schema\/logo\/image\/\"}}]}<\/script>\n<!-- \/ Yoast SEO plugin. -->","yoast_head_json":{"title":"Nike Zoom KD 12 EP 'University Red' AR4230-600 - Tourcruiser PTE. LTD","robots":{"index":"index","follow":"follow","max-snippet":"max-snippet:-1","max-image-preview":"max-image-preview:large","max-video-preview":"max-video-preview:-1"},"canonical":"https:\/\/tourcruiser.com\/de\/products\/nike-zoom-kd-12-ep-university-red-ar4230-600\/","og_locale":"de_DE","og_type":"article","og_title":"Nike Zoom KD 12 EP 'University Red' AR4230-600 - Tourcruiser PTE. LTD","og_description":"Dominiere das Spielfeld mit dem Nike Zoom KD 12 EP \u00e2\u20ac\u017eUniversity Red\u00e2\u20ac\u0153. Sein fortschrittliches D\u00c3\u00a4mpfungssystem kombiniert Zoom Air und React-Schaum und bietet so unvergleichliche Reaktionsf\u00c3\u00a4higkeit und Aufprallschutz. Das atmungsaktive Mesh-Obermaterial sorgt f\u00c3\u00bcr optimale Bel\u00c3\u00bcftung, w\u00c3\u00a4hrend die strapazierf\u00c3\u00a4hige Gummisohle hervorragende Traktion auf Hallenb\u00c3\u00b6den bietet. Die leuchtende Farbe \u00e2\u20ac\u017eUniversity Red\u00e2\u20ac\u0153 strahlt Selbstbewusstsein aus und verleiht deinem Spiel [&hellip;]","og_url":"https:\/\/tourcruiser.com\/de\/products\/nike-zoom-kd-12-ep-university-red-ar4230-600\/","og_site_name":"Tourcruiser Sneaker Store","twitter_card":"summary_large_image","twitter_image":"https:\/\/images.novelship.com\/product\/nike_zoom_kd_12_ep__university_red__ar4230-600_0_36648.jpeg","schema":{"@context":"https:\/\/schema.org","@graph":[{"@type":"WebPage","@id":"https:\/\/tourcruiser.com\/de\/products\/nike-zoom-kd-12-ep-university-red-ar4230-600\/","url":"https:\/\/tourcruiser.com\/de\/products\/nike-zoom-kd-12-ep-university-red-ar4230-600\/","name":"Nike Zoom KD 12 EP 'University Red' AR4230-600 - Tourcruiser PTE. LTD","isPartOf":{"@id":"https:\/\/tourcruiser.com\/de\/#website"},"primaryImageOfPage":{"@id":"https:\/\/tourcruiser.com\/de\/products\/nike-zoom-kd-12-ep-university-red-ar4230-600\/#primaryimage"},"image":{"@id":"https:\/\/tourcruiser.com\/de\/products\/nike-zoom-kd-12-ep-university-red-ar4230-600\/#primaryimage"},"thumbnailUrl":"https:\/\/images.novelship.com\/product\/nike_zoom_kd_12_ep__university_red__ar4230-600_0_36648.jpeg","datePublished":"2026-03-21T05:06:08+00:00","breadcrumb":{"@id":"https:\/\/tourcruiser.com\/de\/products\/nike-zoom-kd-12-ep-university-red-ar4230-600\/#breadcrumb"},"inLanguage":"de","potentialAction":[{"@type":"ReadAction","target":["https:\/\/tourcruiser.com\/de\/products\/nike-zoom-kd-12-ep-university-red-ar4230-600\/"]}]},{"@type":"ImageObject","inLanguage":"de","@id":"https:\/\/tourcruiser.com\/de\/products\/nike-zoom-kd-12-ep-university-red-ar4230-600\/#primaryimage","url":"https:\/\/images.novelship.com\/product\/nike_zoom_kd_12_ep__university_red__ar4230-600_0_36648.jpeg","contentUrl":"https:\/\/images.novelship.com\/product\/nike_zoom_kd_12_ep__university_red__ar4230-600_0_36648.jpeg"},{"@type":"BreadcrumbList","@id":"https:\/\/tourcruiser.com\/de\/products\/nike-zoom-kd-12-ep-university-red-ar4230-600\/#breadcrumb","itemListElement":[{"@type":"ListItem","position":1,"name":"Home","item":"https:\/\/tourcruiser.com\/de\/"},{"@type":"ListItem","position":2,"name":"Shop","item":"https:\/\/tourcruiser.com\/de\/shop\/"},{"@type":"ListItem","position":3,"name":"Nike Zoom KD 12 EP 'University Red' AR4230-600"}]},{"@type":"WebSite","@id":"https:\/\/tourcruiser.com\/de\/#website","url":"https:\/\/tourcruiser.com\/de\/","name":"Styloral Jewelry Shop","description":"Tourcruiser Sneaker Store \u2014 der Ort, an dem das Universum deine Einzigartigkeit trifft.","publisher":{"@id":"https:\/\/tourcruiser.com\/de\/#organization"},"potentialAction":[{"@type":"SearchAction","target":{"@type":"EntryPoint","urlTemplate":"https:\/\/tourcruiser.com\/de\/?s={search_term_string}"},"query-input":{"@type":"PropertyValueSpecification","valueRequired":true,"valueName":"search_term_string"}}],"inLanguage":"de"},{"@type":"Organization","@id":"https:\/\/tourcruiser.com\/de\/#organization","name":"STYLORAL PTE. LTD","url":"https:\/\/tourcruiser.com\/de\/","logo":{"@type":"ImageObject","inLanguage":"de","@id":"https:\/\/tourcruiser.com\/de\/#\/schema\/logo\/image\/","url":"https:\/\/www.tourcruiser.com\/wp-content\/uploads\/2025\/12\/logo.png","contentUrl":"https:\/\/www.tourcruiser.com\/wp-content\/uploads\/2025\/12\/logo.png","width":200,"height":65,"caption":"STYLORAL PTE. LTD"},"image":{"@id":"https:\/\/tourcruiser.com\/de\/#\/schema\/logo\/image\/"}}]}},"_links":{"self":[{"href":"https:\/\/tourcruiser.com\/de\/wp-json\/wp\/v2\/product\/456780","targetHints":{"allow":["GET"]}}],"collection":[{"href":"https:\/\/tourcruiser.com\/de\/wp-json\/wp\/v2\/product"}],"about":[{"href":"https:\/\/tourcruiser.com\/de\/wp-json\/wp\/v2\/types\/product"}],"replies":[{"embeddable":true,"href":"https:\/\/tourcruiser.com\/de\/wp-json\/wp\/v2\/comments?post=456780"}],"wp:featuredmedia":[{"embeddable":true,"href":"https:\/\/tourcruiser.com\/de\/wp-json\/wp\/v2\/media\/456781"}],"wp:attachment":[{"href":"https:\/\/tourcruiser.com\/de\/wp-json\/wp\/v2\/media?parent=456780"}],"wp:term":[{"taxonomy":"product_brand","embeddable":true,"href":"https:\/\/tourcruiser.com\/de\/wp-json\/wp\/v2\/product_brand?post=456780"},{"taxonomy":"product_cat","embeddable":true,"href":"https:\/\/tourcruiser.com\/de\/wp-json\/wp\/v2\/product_cat?post=456780"},{"taxonomy":"product_tag","embeddable":true,"href":"https:\/\/tourcruiser.com\/de\/wp-json\/wp\/v2\/product_tag?post=456780"}],"curies":[{"name":"wp","href":"https:\/\/api.w.org\/{rel}","templated":true}]}}