{"id":456715,"date":"2026-03-21T12:06:06","date_gmt":"2026-03-21T05:06:06","guid":{"rendered":"http:\/\/tourcruiser.com\/product\/grade-school-nike-air-more-uptempo-2021-white-varsity-red-dj5988-100"},"modified":"2026-03-21T12:06:06","modified_gmt":"2026-03-21T05:06:06","slug":"grade-school-nike-air-more-uptempo-2021-white-varsity-red-dj5988-100","status":"publish","type":"product","link":"https:\/\/tourcruiser.com\/de\/products\/grade-school-nike-air-more-uptempo-2021-white-varsity-red-dj5988-100\/","title":{"rendered":"(Grade School) Nike Air More Uptempo 2021 &#8218;White Varsity Red&#8216; DJ5988-100"},"content":{"rendered":"<p>Der Nike Air More Uptempo 2021 \u00e2\u20ac\u017eWhite Varsity Red\u00e2\u20ac\u0153 \u00e2\u20ac\u201c der Inbegriff von Style und Komfort f\u00c3\u00bcr angehende Basketballstars. Dieser Sneaker besticht durch sein ikonisches Design mit dem markanten \u00e2\u20ac\u017eAIR\u00e2\u20ac\u0153-Schriftzug, der alle Blicke auf sich zieht. Hochwertiges Leder und robustes Gummi garantieren Langlebigkeit, w\u00c3\u00a4hrend die Air-D\u00c3\u00a4mpfung f\u00c3\u00bcr ein angenehmes und reaktionsfreudiges Laufgef\u00c3\u00bchl sorgt. Diese Schuhe in vielseitigem Wei\u00c3\u0178 und Varsity Red sind die perfekte Erg\u00c3\u00a4nzung f\u00c3\u00bcr jedes Spiel Ihres Kindes \u00e2\u20ac\u201c ob auf oder neben dem Court.<\/p>\n<ul>\n<li><strong>Farbgebung:<\/strong> Wei\u00c3\u0178\/Varsity Red-Wei\u00c3\u0178<\/li>\n<li><strong>Artikelnummer:<\/strong> DJ5988-100<\/li>\n<li><strong>Obermaterial:<\/strong> Leder<\/li>\n<li><strong>Zwischensohle:<\/strong> Air<\/li>\n<li><strong>Farbe:<\/strong> Wei\u00c3\u0178<\/li>\n<li><strong>Designer:<\/strong> Wilson Smith<\/li>\n<li><strong>Saison:<\/strong> Ganzj\u00c3\u00a4hrig<\/li>\n<li><strong>Erscheinungsjahr:<\/strong> 2021<\/li>\n<\/ul>\n","protected":false},"excerpt":{"rendered":"<p>Der Nike Air More Uptempo 2021 \u00e2\u20ac\u017eWhite Varsity Red\u00e2\u20ac\u0153 \u00e2\u20ac\u201c der Inbegriff von Style und Komfort f\u00c3\u00bcr angehende Basketballstars. Dieser Sneaker besticht durch sein ikonisches Design mit dem markanten \u00e2\u20ac\u017eAIR\u00e2\u20ac\u0153-Schriftzug, der alle Blicke auf sich zieht. Hochwertiges Leder und robustes Gummi garantieren Langlebigkeit, w\u00c3\u00a4hrend die Air-D\u00c3\u00a4mpfung f\u00c3\u00bcr ein angenehmes und reaktionsfreudiges Laufgef\u00c3\u00bchl sorgt. Diese Schuhe [&hellip;]<\/p>\n","protected":false},"featured_media":456716,"comment_status":"open","ping_status":"closed","template":"","meta":[],"product_brand":[],"product_cat":[39183,38923,10803,38872],"product_tag":[29299,11575,11576,10801,11223,10900,10756],"class_list":{"0":"post-456715","1":"product","2":"type-product","3":"status-publish","4":"has-post-thumbnail","6":"product_cat-nike-air-more-uptempo","7":"product_cat-kids-sneakers","8":"product_cat-nike","9":"product_cat-gender-youth","10":"product_tag-basketball-inspired","11":"product_tag-kids-lifestyle-casual-shoes","12":"product_tag-kids-sneakers","13":"product_tag-nike","14":"product_tag-nike-basketball-shoes","15":"product_tag-nike-skateboarding-shoes","16":"product_tag-retro-casual-shoes","17":"wcpa_has_options","19":"first","20":"instock","21":"taxable","22":"shipping-taxable","23":"purchasable","24":"product-type-simple"},"wcpa_form_fields":{"rules":{"pric_overide_base_price":false,"pric_overide_base_price_if_gt_zero":false,"pric_overide_base_price_fully":false,"pric_cal_option_once":false,"pric_use_as_fee":false,"bind_quantity":false,"quantity_bind_formula":false},"fields":[{"type":"color-group","required":true,"elementId":"wcpa-color-group-66c4a75505e74","label":"Gr\u00f6\u00dfe - EU Gr\u00f6\u00dfe","inline":true,"priceOptions":"different_for_all","pricingType":"fixed","className":"hassizechart product-shoes-size-eu product-shoes-size","name":"color-group-66c4a75505e89","disp_type":"square","selection_type":"tick-border","disp_size":"44","show_label_inside":true,"adjust_width":true,"cart_display_type":"text","other_text":"Other","cl_rule":"show","col":6,"values":[{"label":"35.5","value":"EU 35.5","price":"","pimage":"","pimage_id":"","pthumb":"","color":""},{"label":"36","value":"EU 36","price":"","pimage":"","pimage_id":"","pthumb":"","color":"","selected":true},{"label":"36.5","value":"EU 36.5","price":"","pimage":"","pimage_id":"","pthumb":"","color":""},{"label":"37.5","value":"EU 37.5","price":"","pimage":"","pimage_id":"","pthumb":"","color":""},{"label":"38","value":"EU 38","price":"","pimage":"","pimage_id":"","pthumb":"","color":""},{"label":"38.5","value":"EU 38.5","price":"","pimage":"","pimage_id":"","pthumb":"","color":""},{"label":"39","value":"EU 39","price":"","pimage":"","pimage_id":"","pthumb":"","color":""},{"label":"40","value":"EU 40","price":"","pimage":"","pimage_id":"","pthumb":"","color":""},{"label":"40.5","value":"EU 40.5","price":"","pimage":"","pimage_id":"","pthumb":"","color":""},{"label":"41","value":"EU 41","price":"","pimage":"","pimage_id":"","pthumb":"","color":""},{"label":"42","value":"EU 42","price":"","pimage":"","pimage_id":"","pthumb":"","color":""},{"label":"42.5","value":"EU 42.5","price":"","pimage":"","pimage_id":"","pthumb":"","color":""},{"label":"43","value":"EU 43","price":"","pimage":"","pimage_id":"","pthumb":"","color":""},{"label":"44","value":"EU 44","price":"","pimage":"","pimage_id":"","pthumb":"","color":""},{"label":"44.5","value":"EU 44.5","price":"","pimage":"","pimage_id":"","pthumb":"","color":""},{"label":"45","value":"EU 45","price":"","pimage":"","pimage_id":"","pthumb":"","color":""},{"label":"45.5","value":"EU 45.5","price":"","pimage":"","pimage_id":"","pthumb":"","color":""},{"label":"46","value":"EU 46","price":"","pimage":"","pimage_id":"","pthumb":"","color":""},{"label":"47","value":"EU 47","price":"","pimage":"","pimage_id":"","pthumb":"","color":""},{"label":"47.5","value":"EU 47.5","price":"","pimage":"","pimage_id":"","pthumb":"","color":""},{"label":"48","value":"EU 48","price":"","pimage":"","pimage_id":"","pthumb":"","color":""}],"relations":[{"operator":false,"rules":[]}],"form_id":18106,"form_rules":{"pric_cal_option_once":false,"exclude_from_discount":false,"pric_use_as_fee":false,"fee_label":"Fee","render_after_acb":false,"disp_hide_options_price":false}}]},"yoast_head":"<!-- This site is optimized with the Yoast SEO plugin v26.5 - https:\/\/yoast.com\/wordpress\/plugins\/seo\/ -->\n<title>(Grade School) Nike Air More Uptempo 2021 &#039;White Varsity Red&#039; DJ5988-100 - Tourcruiser PTE. LTD<\/title>\n<meta name=\"robots\" content=\"index, follow, max-snippet:-1, max-image-preview:large, max-video-preview:-1\" \/>\n<link rel=\"canonical\" href=\"https:\/\/tourcruiser.com\/de\/products\/grade-school-nike-air-more-uptempo-2021-white-varsity-red-dj5988-100\/\" \/>\n<meta property=\"og:locale\" content=\"de_DE\" \/>\n<meta property=\"og:type\" content=\"article\" \/>\n<meta property=\"og:title\" content=\"(Grade School) Nike Air More Uptempo 2021 &#039;White Varsity Red&#039; DJ5988-100 - Tourcruiser PTE. LTD\" \/>\n<meta property=\"og:description\" content=\"Der Nike Air More Uptempo 2021 \u00e2\u20ac\u017eWhite Varsity Red\u00e2\u20ac\u0153 \u00e2\u20ac\u201c der Inbegriff von Style und Komfort f\u00c3\u00bcr angehende Basketballstars. Dieser Sneaker besticht durch sein ikonisches Design mit dem markanten \u00e2\u20ac\u017eAIR\u00e2\u20ac\u0153-Schriftzug, der alle Blicke auf sich zieht. Hochwertiges Leder und robustes Gummi garantieren Langlebigkeit, w\u00c3\u00a4hrend die Air-D\u00c3\u00a4mpfung f\u00c3\u00bcr ein angenehmes und reaktionsfreudiges Laufgef\u00c3\u00bchl sorgt. Diese Schuhe [&hellip;]\" \/>\n<meta property=\"og:url\" content=\"https:\/\/tourcruiser.com\/de\/products\/grade-school-nike-air-more-uptempo-2021-white-varsity-red-dj5988-100\/\" \/>\n<meta property=\"og:site_name\" content=\"Tourcruiser Sneaker Store\" \/>\n<meta name=\"twitter:card\" content=\"summary_large_image\" \/>\n<meta name=\"twitter:image\" content=\"https:\/\/images.novelship.com\/product\/nike_air_more_uptempo_2021__white_varsity_red___yo_0_69770.jpeg\" \/>\n<meta name=\"twitter:label1\" content=\"Gesch\u00e4tzte Lesezeit\" \/>\n\t<meta name=\"twitter:data1\" content=\"1\u00a0Minute\" \/>\n<script type=\"application\/ld+json\" class=\"yoast-schema-graph\">{\"@context\":\"https:\/\/schema.org\",\"@graph\":[{\"@type\":\"WebPage\",\"@id\":\"https:\/\/tourcruiser.com\/de\/products\/grade-school-nike-air-more-uptempo-2021-white-varsity-red-dj5988-100\/\",\"url\":\"https:\/\/tourcruiser.com\/de\/products\/grade-school-nike-air-more-uptempo-2021-white-varsity-red-dj5988-100\/\",\"name\":\"(Grade School) Nike Air More Uptempo 2021 'White Varsity Red' DJ5988-100 - Tourcruiser PTE. LTD\",\"isPartOf\":{\"@id\":\"https:\/\/tourcruiser.com\/de\/#website\"},\"primaryImageOfPage\":{\"@id\":\"https:\/\/tourcruiser.com\/de\/products\/grade-school-nike-air-more-uptempo-2021-white-varsity-red-dj5988-100\/#primaryimage\"},\"image\":{\"@id\":\"https:\/\/tourcruiser.com\/de\/products\/grade-school-nike-air-more-uptempo-2021-white-varsity-red-dj5988-100\/#primaryimage\"},\"thumbnailUrl\":\"https:\/\/images.novelship.com\/product\/nike_air_more_uptempo_2021__white_varsity_red___yo_0_69770.jpeg\",\"datePublished\":\"2026-03-21T05:06:06+00:00\",\"breadcrumb\":{\"@id\":\"https:\/\/tourcruiser.com\/de\/products\/grade-school-nike-air-more-uptempo-2021-white-varsity-red-dj5988-100\/#breadcrumb\"},\"inLanguage\":\"de\",\"potentialAction\":[{\"@type\":\"ReadAction\",\"target\":[\"https:\/\/tourcruiser.com\/de\/products\/grade-school-nike-air-more-uptempo-2021-white-varsity-red-dj5988-100\/\"]}]},{\"@type\":\"ImageObject\",\"inLanguage\":\"de\",\"@id\":\"https:\/\/tourcruiser.com\/de\/products\/grade-school-nike-air-more-uptempo-2021-white-varsity-red-dj5988-100\/#primaryimage\",\"url\":\"https:\/\/images.novelship.com\/product\/nike_air_more_uptempo_2021__white_varsity_red___yo_0_69770.jpeg\",\"contentUrl\":\"https:\/\/images.novelship.com\/product\/nike_air_more_uptempo_2021__white_varsity_red___yo_0_69770.jpeg\"},{\"@type\":\"BreadcrumbList\",\"@id\":\"https:\/\/tourcruiser.com\/de\/products\/grade-school-nike-air-more-uptempo-2021-white-varsity-red-dj5988-100\/#breadcrumb\",\"itemListElement\":[{\"@type\":\"ListItem\",\"position\":1,\"name\":\"Home\",\"item\":\"https:\/\/tourcruiser.com\/de\/\"},{\"@type\":\"ListItem\",\"position\":2,\"name\":\"Shop\",\"item\":\"https:\/\/tourcruiser.com\/de\/shop\/\"},{\"@type\":\"ListItem\",\"position\":3,\"name\":\"(Grade School) Nike Air More Uptempo 2021 'White Varsity Red' DJ5988-100\"}]},{\"@type\":\"WebSite\",\"@id\":\"https:\/\/tourcruiser.com\/de\/#website\",\"url\":\"https:\/\/tourcruiser.com\/de\/\",\"name\":\"Styloral Jewelry Shop\",\"description\":\"Tourcruiser Sneaker Store \u2014 der Ort, an dem das Universum deine Einzigartigkeit trifft.\",\"publisher\":{\"@id\":\"https:\/\/tourcruiser.com\/de\/#organization\"},\"potentialAction\":[{\"@type\":\"SearchAction\",\"target\":{\"@type\":\"EntryPoint\",\"urlTemplate\":\"https:\/\/tourcruiser.com\/de\/?s={search_term_string}\"},\"query-input\":{\"@type\":\"PropertyValueSpecification\",\"valueRequired\":true,\"valueName\":\"search_term_string\"}}],\"inLanguage\":\"de\"},{\"@type\":\"Organization\",\"@id\":\"https:\/\/tourcruiser.com\/de\/#organization\",\"name\":\"STYLORAL PTE. LTD\",\"url\":\"https:\/\/tourcruiser.com\/de\/\",\"logo\":{\"@type\":\"ImageObject\",\"inLanguage\":\"de\",\"@id\":\"https:\/\/tourcruiser.com\/de\/#\/schema\/logo\/image\/\",\"url\":\"https:\/\/www.tourcruiser.com\/wp-content\/uploads\/2025\/12\/logo.png\",\"contentUrl\":\"https:\/\/www.tourcruiser.com\/wp-content\/uploads\/2025\/12\/logo.png\",\"width\":200,\"height\":65,\"caption\":\"STYLORAL PTE. LTD\"},\"image\":{\"@id\":\"https:\/\/tourcruiser.com\/de\/#\/schema\/logo\/image\/\"}}]}<\/script>\n<!-- \/ Yoast SEO plugin. -->","yoast_head_json":{"title":"(Grade School) Nike Air More Uptempo 2021 'White Varsity Red' DJ5988-100 - Tourcruiser PTE. LTD","robots":{"index":"index","follow":"follow","max-snippet":"max-snippet:-1","max-image-preview":"max-image-preview:large","max-video-preview":"max-video-preview:-1"},"canonical":"https:\/\/tourcruiser.com\/de\/products\/grade-school-nike-air-more-uptempo-2021-white-varsity-red-dj5988-100\/","og_locale":"de_DE","og_type":"article","og_title":"(Grade School) Nike Air More Uptempo 2021 'White Varsity Red' DJ5988-100 - Tourcruiser PTE. LTD","og_description":"Der Nike Air More Uptempo 2021 \u00e2\u20ac\u017eWhite Varsity Red\u00e2\u20ac\u0153 \u00e2\u20ac\u201c der Inbegriff von Style und Komfort f\u00c3\u00bcr angehende Basketballstars. Dieser Sneaker besticht durch sein ikonisches Design mit dem markanten \u00e2\u20ac\u017eAIR\u00e2\u20ac\u0153-Schriftzug, der alle Blicke auf sich zieht. Hochwertiges Leder und robustes Gummi garantieren Langlebigkeit, w\u00c3\u00a4hrend die Air-D\u00c3\u00a4mpfung f\u00c3\u00bcr ein angenehmes und reaktionsfreudiges Laufgef\u00c3\u00bchl sorgt. Diese Schuhe [&hellip;]","og_url":"https:\/\/tourcruiser.com\/de\/products\/grade-school-nike-air-more-uptempo-2021-white-varsity-red-dj5988-100\/","og_site_name":"Tourcruiser Sneaker Store","twitter_card":"summary_large_image","twitter_image":"https:\/\/images.novelship.com\/product\/nike_air_more_uptempo_2021__white_varsity_red___yo_0_69770.jpeg","twitter_misc":{"Gesch\u00e4tzte Lesezeit":"1\u00a0Minute"},"schema":{"@context":"https:\/\/schema.org","@graph":[{"@type":"WebPage","@id":"https:\/\/tourcruiser.com\/de\/products\/grade-school-nike-air-more-uptempo-2021-white-varsity-red-dj5988-100\/","url":"https:\/\/tourcruiser.com\/de\/products\/grade-school-nike-air-more-uptempo-2021-white-varsity-red-dj5988-100\/","name":"(Grade School) Nike Air More Uptempo 2021 'White Varsity Red' DJ5988-100 - Tourcruiser PTE. LTD","isPartOf":{"@id":"https:\/\/tourcruiser.com\/de\/#website"},"primaryImageOfPage":{"@id":"https:\/\/tourcruiser.com\/de\/products\/grade-school-nike-air-more-uptempo-2021-white-varsity-red-dj5988-100\/#primaryimage"},"image":{"@id":"https:\/\/tourcruiser.com\/de\/products\/grade-school-nike-air-more-uptempo-2021-white-varsity-red-dj5988-100\/#primaryimage"},"thumbnailUrl":"https:\/\/images.novelship.com\/product\/nike_air_more_uptempo_2021__white_varsity_red___yo_0_69770.jpeg","datePublished":"2026-03-21T05:06:06+00:00","breadcrumb":{"@id":"https:\/\/tourcruiser.com\/de\/products\/grade-school-nike-air-more-uptempo-2021-white-varsity-red-dj5988-100\/#breadcrumb"},"inLanguage":"de","potentialAction":[{"@type":"ReadAction","target":["https:\/\/tourcruiser.com\/de\/products\/grade-school-nike-air-more-uptempo-2021-white-varsity-red-dj5988-100\/"]}]},{"@type":"ImageObject","inLanguage":"de","@id":"https:\/\/tourcruiser.com\/de\/products\/grade-school-nike-air-more-uptempo-2021-white-varsity-red-dj5988-100\/#primaryimage","url":"https:\/\/images.novelship.com\/product\/nike_air_more_uptempo_2021__white_varsity_red___yo_0_69770.jpeg","contentUrl":"https:\/\/images.novelship.com\/product\/nike_air_more_uptempo_2021__white_varsity_red___yo_0_69770.jpeg"},{"@type":"BreadcrumbList","@id":"https:\/\/tourcruiser.com\/de\/products\/grade-school-nike-air-more-uptempo-2021-white-varsity-red-dj5988-100\/#breadcrumb","itemListElement":[{"@type":"ListItem","position":1,"name":"Home","item":"https:\/\/tourcruiser.com\/de\/"},{"@type":"ListItem","position":2,"name":"Shop","item":"https:\/\/tourcruiser.com\/de\/shop\/"},{"@type":"ListItem","position":3,"name":"(Grade School) Nike Air More Uptempo 2021 'White Varsity Red' DJ5988-100"}]},{"@type":"WebSite","@id":"https:\/\/tourcruiser.com\/de\/#website","url":"https:\/\/tourcruiser.com\/de\/","name":"Styloral Jewelry Shop","description":"Tourcruiser Sneaker Store \u2014 der Ort, an dem das Universum deine Einzigartigkeit trifft.","publisher":{"@id":"https:\/\/tourcruiser.com\/de\/#organization"},"potentialAction":[{"@type":"SearchAction","target":{"@type":"EntryPoint","urlTemplate":"https:\/\/tourcruiser.com\/de\/?s={search_term_string}"},"query-input":{"@type":"PropertyValueSpecification","valueRequired":true,"valueName":"search_term_string"}}],"inLanguage":"de"},{"@type":"Organization","@id":"https:\/\/tourcruiser.com\/de\/#organization","name":"STYLORAL PTE. LTD","url":"https:\/\/tourcruiser.com\/de\/","logo":{"@type":"ImageObject","inLanguage":"de","@id":"https:\/\/tourcruiser.com\/de\/#\/schema\/logo\/image\/","url":"https:\/\/www.tourcruiser.com\/wp-content\/uploads\/2025\/12\/logo.png","contentUrl":"https:\/\/www.tourcruiser.com\/wp-content\/uploads\/2025\/12\/logo.png","width":200,"height":65,"caption":"STYLORAL PTE. LTD"},"image":{"@id":"https:\/\/tourcruiser.com\/de\/#\/schema\/logo\/image\/"}}]}},"_links":{"self":[{"href":"https:\/\/tourcruiser.com\/de\/wp-json\/wp\/v2\/product\/456715","targetHints":{"allow":["GET"]}}],"collection":[{"href":"https:\/\/tourcruiser.com\/de\/wp-json\/wp\/v2\/product"}],"about":[{"href":"https:\/\/tourcruiser.com\/de\/wp-json\/wp\/v2\/types\/product"}],"replies":[{"embeddable":true,"href":"https:\/\/tourcruiser.com\/de\/wp-json\/wp\/v2\/comments?post=456715"}],"wp:featuredmedia":[{"embeddable":true,"href":"https:\/\/tourcruiser.com\/de\/wp-json\/wp\/v2\/media\/456716"}],"wp:attachment":[{"href":"https:\/\/tourcruiser.com\/de\/wp-json\/wp\/v2\/media?parent=456715"}],"wp:term":[{"taxonomy":"product_brand","embeddable":true,"href":"https:\/\/tourcruiser.com\/de\/wp-json\/wp\/v2\/product_brand?post=456715"},{"taxonomy":"product_cat","embeddable":true,"href":"https:\/\/tourcruiser.com\/de\/wp-json\/wp\/v2\/product_cat?post=456715"},{"taxonomy":"product_tag","embeddable":true,"href":"https:\/\/tourcruiser.com\/de\/wp-json\/wp\/v2\/product_tag?post=456715"}],"curies":[{"name":"wp","href":"https:\/\/api.w.org\/{rel}","templated":true}]}}