{"id":45671,"date":"2026-03-02T15:01:46","date_gmt":"2026-03-02T08:01:46","guid":{"rendered":"http:\/\/tourcruiser.com\/product\/nike-pegasus-easy-on-direct-exclusive"},"modified":"2026-03-28T00:54:00","modified_gmt":"2026-03-27T17:54:00","slug":"nike-pegasus-easy-on-direct-exclusive","status":"publish","type":"product","link":"https:\/\/tourcruiser.com\/de\/products\/nike-pegasus-easy-on-direct-exclusive\/","title":{"rendered":"Nike Pegasus Easy On [Direct Exclusive]"},"content":{"rendered":"<p>Erleben Sie ultimativen Komfort und m\u00fchelosen Style mit dem Nike Pegasus Easy On [Direct Exclusive], einer modernen Interpretation der legend\u00e4ren Pegasus-Silhouette, die auf Komfort und Vielseitigkeit ausgelegt ist. Dank des innovativen Slip-On-Designs l\u00e4sst sich dieser Schuh schnell und einfach anziehen und bietet gleichzeitig den zuverl\u00e4ssigen Halt und die D\u00e4mpfung, f\u00fcr die der Pegasus bekannt ist. Das leichte Mesh-Obermaterial sorgt f\u00fcr atmungsaktiven Komfort den ganzen Tag \u00fcber, und die strapazierf\u00e4hige Gummisohle bietet hervorragende Traktion \u201d\u201c perfekt zum Laufen, Spazierengehen oder f\u00fcr entspannte Freizeitaktivit\u00e4ten. Sein schlanker, moderner Look und die exklusive Farbgebung machen ihn zu einer herausragenden Erg\u00e4nzung Ihrer Schuhsammlung und eignen sich sowohl f\u00fcr sportliche Aktivit\u00e4ten als auch f\u00fcr den Alltag. Der Nike Pegasus Easy On vereint Funktionalit\u00e4t und Mode perfekt und deckt damit ein breites Spektrum an Lifestyles und Anspr\u00fcchen ab. Egal ob beim Laufen, im Fitnessstudio oder beim Erledigen von Besorgungen \u201d\u201c mit diesem exklusiv bei Direct erh\u00e4ltlichen Modell sind Sie in Sachen Stil und Leistung immer einen Schritt voraus.<\/p>\n<ul>\n<li><strong>Farbgebung:<\/strong> Wei\u00df\/Reinplatin\/Dunkelgrau\/Wei\u00df<\/li>\n<li><strong>Artikelnummer:<\/strong> FQ7837-101<\/li>\n<li><strong>Obermaterial:<\/strong> Mesh<\/li>\n<li><strong>Zwischensohle:<\/strong> ReactX<\/li>\n<li><strong>Farbe:<\/strong> Wei\u00df<\/li>\n<\/ul>\n","protected":false},"excerpt":{"rendered":"<p>Nike Pegasus Easy On \u201d\u201d White\/Pure Platinum\/Dark Smoke Gray\/White<\/p>\n","protected":false},"featured_media":45672,"comment_status":"open","ping_status":"closed","template":"","meta":[],"product_brand":[],"product_cat":[10803],"product_tag":[10801,10839,10802,10840,10758],"class_list":{"0":"post-45671","1":"product","2":"type-product","3":"status-publish","4":"has-post-thumbnail","6":"product_cat-nike","7":"product_tag-nike","8":"product_tag-performance-running-shoes","9":"product_tag-performance-sport-shoes","10":"product_tag-running-shoes","11":"product_tag-under-retail","12":"wcpa_has_options","14":"first","15":"outofstock","16":"taxable","17":"shipping-taxable","18":"purchasable","19":"product-type-simple"},"wcpa_form_fields":{"rules":{"pric_overide_base_price":false,"pric_overide_base_price_if_gt_zero":false,"pric_overide_base_price_fully":false,"pric_cal_option_once":false,"pric_use_as_fee":false,"bind_quantity":false,"quantity_bind_formula":false},"fields":[{"type":"color-group","required":true,"elementId":"wcpa-color-group-66c4a75505e74","label":"Gr\u00f6\u00dfe - EU Gr\u00f6\u00dfe","inline":true,"priceOptions":"different_for_all","pricingType":"fixed","className":"hassizechart product-shoes-size-eu product-shoes-size","name":"color-group-66c4a75505e89","disp_type":"square","selection_type":"tick-border","disp_size":"44","show_label_inside":true,"adjust_width":true,"cart_display_type":"text","other_text":"Other","cl_rule":"show","col":6,"values":[{"label":"35.5","value":"EU 35.5","price":"","pimage":"","pimage_id":"","pthumb":"","color":""},{"label":"36","value":"EU 36","price":"","pimage":"","pimage_id":"","pthumb":"","color":"","selected":true},{"label":"36.5","value":"EU 36.5","price":"","pimage":"","pimage_id":"","pthumb":"","color":""},{"label":"37.5","value":"EU 37.5","price":"","pimage":"","pimage_id":"","pthumb":"","color":""},{"label":"38","value":"EU 38","price":"","pimage":"","pimage_id":"","pthumb":"","color":""},{"label":"38.5","value":"EU 38.5","price":"","pimage":"","pimage_id":"","pthumb":"","color":""},{"label":"39","value":"EU 39","price":"","pimage":"","pimage_id":"","pthumb":"","color":""},{"label":"40","value":"EU 40","price":"","pimage":"","pimage_id":"","pthumb":"","color":""},{"label":"40.5","value":"EU 40.5","price":"","pimage":"","pimage_id":"","pthumb":"","color":""},{"label":"41","value":"EU 41","price":"","pimage":"","pimage_id":"","pthumb":"","color":""},{"label":"42","value":"EU 42","price":"","pimage":"","pimage_id":"","pthumb":"","color":""},{"label":"42.5","value":"EU 42.5","price":"","pimage":"","pimage_id":"","pthumb":"","color":""},{"label":"43","value":"EU 43","price":"","pimage":"","pimage_id":"","pthumb":"","color":""},{"label":"44","value":"EU 44","price":"","pimage":"","pimage_id":"","pthumb":"","color":""},{"label":"44.5","value":"EU 44.5","price":"","pimage":"","pimage_id":"","pthumb":"","color":""},{"label":"45","value":"EU 45","price":"","pimage":"","pimage_id":"","pthumb":"","color":""},{"label":"45.5","value":"EU 45.5","price":"","pimage":"","pimage_id":"","pthumb":"","color":""},{"label":"46","value":"EU 46","price":"","pimage":"","pimage_id":"","pthumb":"","color":""},{"label":"47","value":"EU 47","price":"","pimage":"","pimage_id":"","pthumb":"","color":""},{"label":"47.5","value":"EU 47.5","price":"","pimage":"","pimage_id":"","pthumb":"","color":""},{"label":"48","value":"EU 48","price":"","pimage":"","pimage_id":"","pthumb":"","color":""}],"relations":[{"operator":false,"rules":[]}],"form_id":18106,"form_rules":{"pric_cal_option_once":false,"exclude_from_discount":false,"pric_use_as_fee":false,"fee_label":"Fee","render_after_acb":false,"disp_hide_options_price":false}}]},"yoast_head":"<!-- This site is optimized with the Yoast SEO plugin v26.5 - https:\/\/yoast.com\/wordpress\/plugins\/seo\/ -->\n<title>Nike Pegasus Easy On [Direct Exclusive]  - Tourcruiser PTE. LTD<\/title>\n<meta name=\"robots\" content=\"index, follow, max-snippet:-1, max-image-preview:large, max-video-preview:-1\" \/>\n<link rel=\"canonical\" href=\"https:\/\/tourcruiser.com\/de\/products\/nike-pegasus-easy-on-direct-exclusive\/\" \/>\n<meta property=\"og:locale\" content=\"de_DE\" \/>\n<meta property=\"og:type\" content=\"article\" \/>\n<meta property=\"og:title\" content=\"Nike Pegasus Easy On [Direct Exclusive]  - Tourcruiser PTE. LTD\" \/>\n<meta property=\"og:description\" content=\"Nike Pegasus Easy On \u201d\u201d White\/Pure Platinum\/Dark Smoke Gray\/White\" \/>\n<meta property=\"og:url\" content=\"https:\/\/tourcruiser.com\/de\/products\/nike-pegasus-easy-on-direct-exclusive\/\" \/>\n<meta property=\"og:site_name\" content=\"Tourcruiser Sneaker Store\" \/>\n<meta property=\"article:modified_time\" content=\"2026-03-27T17:54:00+00:00\" \/>\n<meta name=\"twitter:card\" content=\"summary_large_image\" \/>\n<meta name=\"twitter:image\" content=\"https:\/\/images.novelship.com\/product\/nike_pegasus_easy_on__direct_exclusive__fq7837-101_0_75403.jpeg;https:\/\/images.novelship.com\/product\/nike_pegasus_easy_on__direct_exclusive__fq7837-101_1_75403.jpeg;https:\/\/images.novelship.com\/product\/nike_pegasus_easy_on__direct_exclusive__fq7837-101_2_75403.jpeg;https:\/\/images.novelship.com\/product\/nike_pegasus_easy_on__direct_exclusive__fq7837-101_3_75403.jpeg;https:\/\/images.novelship.com\/product\/nike_pegasus_easy_on__direct_exclusive__fq7837-101_4_75403.jpeg;https:\/\/images.novelship.com\/product\/nike_pegasus_easy_on__direct_exclusive__fq7837-101_5_75403.jpeg;https:\/\/images.novelship.com\/product\/nike_pegasus_easy_on__direct_exclusive__fq7837-101_6_75403.jpeg;https:\/\/images.novelship.com\/product\/nike_pegasus_easy_on__direct_exclusive__fq7837-101_7_75403.jpeg;https:\/\/images.novelship.com\/product\/nike_pegasus_easy_on__direct_exclusive__fq7837-101_8_75403.jpeg;https:\/\/images.novelship.com\/product\/nike_pegasus_easy_on__direct_exclusive__fq7837-101_9_75403.jpeg\" \/>\n<meta name=\"twitter:label1\" content=\"Gesch\u00e4tzte Lesezeit\" \/>\n\t<meta name=\"twitter:data1\" content=\"1\u00a0Minute\" \/>\n<script type=\"application\/ld+json\" class=\"yoast-schema-graph\">{\"@context\":\"https:\/\/schema.org\",\"@graph\":[{\"@type\":\"WebPage\",\"@id\":\"https:\/\/tourcruiser.com\/de\/products\/nike-pegasus-easy-on-direct-exclusive\/\",\"url\":\"https:\/\/tourcruiser.com\/de\/products\/nike-pegasus-easy-on-direct-exclusive\/\",\"name\":\"Nike Pegasus Easy On [Direct Exclusive] - Tourcruiser PTE. LTD\",\"isPartOf\":{\"@id\":\"https:\/\/tourcruiser.com\/de\/#website\"},\"primaryImageOfPage\":{\"@id\":\"https:\/\/tourcruiser.com\/de\/products\/nike-pegasus-easy-on-direct-exclusive\/#primaryimage\"},\"image\":{\"@id\":\"https:\/\/tourcruiser.com\/de\/products\/nike-pegasus-easy-on-direct-exclusive\/#primaryimage\"},\"thumbnailUrl\":\"https:\/\/images.novelship.com\/product\/nike_pegasus_easy_on__direct_exclusive__fq7837-101_0_75403.jpeg;https:\/\/images.novelship.com\/product\/nike_pegasus_easy_on__direct_exclusive__fq7837-101_1_75403.jpeg;https:\/\/images.novelship.com\/product\/nike_pegasus_easy_on__direct_exclusive__fq7837-101_2_75403.jpeg;https:\/\/images.novelship.com\/product\/nike_pegasus_easy_on__direct_exclusive__fq7837-101_3_75403.jpeg;https:\/\/images.novelship.com\/product\/nike_pegasus_easy_on__direct_exclusive__fq7837-101_4_75403.jpeg;https:\/\/images.novelship.com\/product\/nike_pegasus_easy_on__direct_exclusive__fq7837-101_5_75403.jpeg;https:\/\/images.novelship.com\/product\/nike_pegasus_easy_on__direct_exclusive__fq7837-101_6_75403.jpeg;https:\/\/images.novelship.com\/product\/nike_pegasus_easy_on__direct_exclusive__fq7837-101_7_75403.jpeg;https:\/\/images.novelship.com\/product\/nike_pegasus_easy_on__direct_exclusive__fq7837-101_8_75403.jpeg;https:\/\/images.novelship.com\/product\/nike_pegasus_easy_on__direct_exclusive__fq7837-101_9_75403.jpeg\",\"datePublished\":\"2026-03-02T08:01:46+00:00\",\"dateModified\":\"2026-03-27T17:54:00+00:00\",\"breadcrumb\":{\"@id\":\"https:\/\/tourcruiser.com\/de\/products\/nike-pegasus-easy-on-direct-exclusive\/#breadcrumb\"},\"inLanguage\":\"de\",\"potentialAction\":[{\"@type\":\"ReadAction\",\"target\":[\"https:\/\/tourcruiser.com\/de\/products\/nike-pegasus-easy-on-direct-exclusive\/\"]}]},{\"@type\":\"ImageObject\",\"inLanguage\":\"de\",\"@id\":\"https:\/\/tourcruiser.com\/de\/products\/nike-pegasus-easy-on-direct-exclusive\/#primaryimage\",\"url\":\"https:\/\/images.novelship.com\/product\/nike_pegasus_easy_on__direct_exclusive__fq7837-101_0_75403.jpeg;https:\/\/images.novelship.com\/product\/nike_pegasus_easy_on__direct_exclusive__fq7837-101_1_75403.jpeg;https:\/\/images.novelship.com\/product\/nike_pegasus_easy_on__direct_exclusive__fq7837-101_2_75403.jpeg;https:\/\/images.novelship.com\/product\/nike_pegasus_easy_on__direct_exclusive__fq7837-101_3_75403.jpeg;https:\/\/images.novelship.com\/product\/nike_pegasus_easy_on__direct_exclusive__fq7837-101_4_75403.jpeg;https:\/\/images.novelship.com\/product\/nike_pegasus_easy_on__direct_exclusive__fq7837-101_5_75403.jpeg;https:\/\/images.novelship.com\/product\/nike_pegasus_easy_on__direct_exclusive__fq7837-101_6_75403.jpeg;https:\/\/images.novelship.com\/product\/nike_pegasus_easy_on__direct_exclusive__fq7837-101_7_75403.jpeg;https:\/\/images.novelship.com\/product\/nike_pegasus_easy_on__direct_exclusive__fq7837-101_8_75403.jpeg;https:\/\/images.novelship.com\/product\/nike_pegasus_easy_on__direct_exclusive__fq7837-101_9_75403.jpeg\",\"contentUrl\":\"https:\/\/images.novelship.com\/product\/nike_pegasus_easy_on__direct_exclusive__fq7837-101_0_75403.jpeg;https:\/\/images.novelship.com\/product\/nike_pegasus_easy_on__direct_exclusive__fq7837-101_1_75403.jpeg;https:\/\/images.novelship.com\/product\/nike_pegasus_easy_on__direct_exclusive__fq7837-101_2_75403.jpeg;https:\/\/images.novelship.com\/product\/nike_pegasus_easy_on__direct_exclusive__fq7837-101_3_75403.jpeg;https:\/\/images.novelship.com\/product\/nike_pegasus_easy_on__direct_exclusive__fq7837-101_4_75403.jpeg;https:\/\/images.novelship.com\/product\/nike_pegasus_easy_on__direct_exclusive__fq7837-101_5_75403.jpeg;https:\/\/images.novelship.com\/product\/nike_pegasus_easy_on__direct_exclusive__fq7837-101_6_75403.jpeg;https:\/\/images.novelship.com\/product\/nike_pegasus_easy_on__direct_exclusive__fq7837-101_7_75403.jpeg;https:\/\/images.novelship.com\/product\/nike_pegasus_easy_on__direct_exclusive__fq7837-101_8_75403.jpeg;https:\/\/images.novelship.com\/product\/nike_pegasus_easy_on__direct_exclusive__fq7837-101_9_75403.jpeg\"},{\"@type\":\"BreadcrumbList\",\"@id\":\"https:\/\/tourcruiser.com\/de\/products\/nike-pegasus-easy-on-direct-exclusive\/#breadcrumb\",\"itemListElement\":[{\"@type\":\"ListItem\",\"position\":1,\"name\":\"Home\",\"item\":\"https:\/\/tourcruiser.com\/de\/\"},{\"@type\":\"ListItem\",\"position\":2,\"name\":\"Shop\",\"item\":\"https:\/\/tourcruiser.com\/de\/shop\/\"},{\"@type\":\"ListItem\",\"position\":3,\"name\":\"Nike Pegasus Easy On [Direct Exclusive]\"}]},{\"@type\":\"WebSite\",\"@id\":\"https:\/\/tourcruiser.com\/de\/#website\",\"url\":\"https:\/\/tourcruiser.com\/de\/\",\"name\":\"Styloral Jewelry Shop\",\"description\":\"Tourcruiser Sneaker Store \u2014 der Ort, an dem das Universum deine Einzigartigkeit trifft.\",\"publisher\":{\"@id\":\"https:\/\/tourcruiser.com\/de\/#organization\"},\"potentialAction\":[{\"@type\":\"SearchAction\",\"target\":{\"@type\":\"EntryPoint\",\"urlTemplate\":\"https:\/\/tourcruiser.com\/de\/?s={search_term_string}\"},\"query-input\":{\"@type\":\"PropertyValueSpecification\",\"valueRequired\":true,\"valueName\":\"search_term_string\"}}],\"inLanguage\":\"de\"},{\"@type\":\"Organization\",\"@id\":\"https:\/\/tourcruiser.com\/de\/#organization\",\"name\":\"STYLORAL PTE. LTD\",\"url\":\"https:\/\/tourcruiser.com\/de\/\",\"logo\":{\"@type\":\"ImageObject\",\"inLanguage\":\"de\",\"@id\":\"https:\/\/tourcruiser.com\/de\/#\/schema\/logo\/image\/\",\"url\":\"https:\/\/www.tourcruiser.com\/wp-content\/uploads\/2025\/12\/logo.png\",\"contentUrl\":\"https:\/\/www.tourcruiser.com\/wp-content\/uploads\/2025\/12\/logo.png\",\"width\":200,\"height\":65,\"caption\":\"STYLORAL PTE. LTD\"},\"image\":{\"@id\":\"https:\/\/tourcruiser.com\/de\/#\/schema\/logo\/image\/\"}}]}<\/script>\n<!-- \/ Yoast SEO plugin. -->","yoast_head_json":{"title":"Nike Pegasus Easy On [Direct Exclusive]  - Tourcruiser PTE. LTD","robots":{"index":"index","follow":"follow","max-snippet":"max-snippet:-1","max-image-preview":"max-image-preview:large","max-video-preview":"max-video-preview:-1"},"canonical":"https:\/\/tourcruiser.com\/de\/products\/nike-pegasus-easy-on-direct-exclusive\/","og_locale":"de_DE","og_type":"article","og_title":"Nike Pegasus Easy On [Direct Exclusive]  - Tourcruiser PTE. LTD","og_description":"Nike Pegasus Easy On \u201d\u201d White\/Pure Platinum\/Dark Smoke Gray\/White","og_url":"https:\/\/tourcruiser.com\/de\/products\/nike-pegasus-easy-on-direct-exclusive\/","og_site_name":"Tourcruiser Sneaker Store","article_modified_time":"2026-03-27T17:54:00+00:00","twitter_card":"summary_large_image","twitter_image":"https:\/\/images.novelship.com\/product\/nike_pegasus_easy_on__direct_exclusive__fq7837-101_0_75403.jpeg;https:\/\/images.novelship.com\/product\/nike_pegasus_easy_on__direct_exclusive__fq7837-101_1_75403.jpeg;https:\/\/images.novelship.com\/product\/nike_pegasus_easy_on__direct_exclusive__fq7837-101_2_75403.jpeg;https:\/\/images.novelship.com\/product\/nike_pegasus_easy_on__direct_exclusive__fq7837-101_3_75403.jpeg;https:\/\/images.novelship.com\/product\/nike_pegasus_easy_on__direct_exclusive__fq7837-101_4_75403.jpeg;https:\/\/images.novelship.com\/product\/nike_pegasus_easy_on__direct_exclusive__fq7837-101_5_75403.jpeg;https:\/\/images.novelship.com\/product\/nike_pegasus_easy_on__direct_exclusive__fq7837-101_6_75403.jpeg;https:\/\/images.novelship.com\/product\/nike_pegasus_easy_on__direct_exclusive__fq7837-101_7_75403.jpeg;https:\/\/images.novelship.com\/product\/nike_pegasus_easy_on__direct_exclusive__fq7837-101_8_75403.jpeg;https:\/\/images.novelship.com\/product\/nike_pegasus_easy_on__direct_exclusive__fq7837-101_9_75403.jpeg","twitter_misc":{"Gesch\u00e4tzte Lesezeit":"1\u00a0Minute"},"schema":{"@context":"https:\/\/schema.org","@graph":[{"@type":"WebPage","@id":"https:\/\/tourcruiser.com\/de\/products\/nike-pegasus-easy-on-direct-exclusive\/","url":"https:\/\/tourcruiser.com\/de\/products\/nike-pegasus-easy-on-direct-exclusive\/","name":"Nike Pegasus Easy On [Direct Exclusive] - Tourcruiser PTE. LTD","isPartOf":{"@id":"https:\/\/tourcruiser.com\/de\/#website"},"primaryImageOfPage":{"@id":"https:\/\/tourcruiser.com\/de\/products\/nike-pegasus-easy-on-direct-exclusive\/#primaryimage"},"image":{"@id":"https:\/\/tourcruiser.com\/de\/products\/nike-pegasus-easy-on-direct-exclusive\/#primaryimage"},"thumbnailUrl":"https:\/\/images.novelship.com\/product\/nike_pegasus_easy_on__direct_exclusive__fq7837-101_0_75403.jpeg;https:\/\/images.novelship.com\/product\/nike_pegasus_easy_on__direct_exclusive__fq7837-101_1_75403.jpeg;https:\/\/images.novelship.com\/product\/nike_pegasus_easy_on__direct_exclusive__fq7837-101_2_75403.jpeg;https:\/\/images.novelship.com\/product\/nike_pegasus_easy_on__direct_exclusive__fq7837-101_3_75403.jpeg;https:\/\/images.novelship.com\/product\/nike_pegasus_easy_on__direct_exclusive__fq7837-101_4_75403.jpeg;https:\/\/images.novelship.com\/product\/nike_pegasus_easy_on__direct_exclusive__fq7837-101_5_75403.jpeg;https:\/\/images.novelship.com\/product\/nike_pegasus_easy_on__direct_exclusive__fq7837-101_6_75403.jpeg;https:\/\/images.novelship.com\/product\/nike_pegasus_easy_on__direct_exclusive__fq7837-101_7_75403.jpeg;https:\/\/images.novelship.com\/product\/nike_pegasus_easy_on__direct_exclusive__fq7837-101_8_75403.jpeg;https:\/\/images.novelship.com\/product\/nike_pegasus_easy_on__direct_exclusive__fq7837-101_9_75403.jpeg","datePublished":"2026-03-02T08:01:46+00:00","dateModified":"2026-03-27T17:54:00+00:00","breadcrumb":{"@id":"https:\/\/tourcruiser.com\/de\/products\/nike-pegasus-easy-on-direct-exclusive\/#breadcrumb"},"inLanguage":"de","potentialAction":[{"@type":"ReadAction","target":["https:\/\/tourcruiser.com\/de\/products\/nike-pegasus-easy-on-direct-exclusive\/"]}]},{"@type":"ImageObject","inLanguage":"de","@id":"https:\/\/tourcruiser.com\/de\/products\/nike-pegasus-easy-on-direct-exclusive\/#primaryimage","url":"https:\/\/images.novelship.com\/product\/nike_pegasus_easy_on__direct_exclusive__fq7837-101_0_75403.jpeg;https:\/\/images.novelship.com\/product\/nike_pegasus_easy_on__direct_exclusive__fq7837-101_1_75403.jpeg;https:\/\/images.novelship.com\/product\/nike_pegasus_easy_on__direct_exclusive__fq7837-101_2_75403.jpeg;https:\/\/images.novelship.com\/product\/nike_pegasus_easy_on__direct_exclusive__fq7837-101_3_75403.jpeg;https:\/\/images.novelship.com\/product\/nike_pegasus_easy_on__direct_exclusive__fq7837-101_4_75403.jpeg;https:\/\/images.novelship.com\/product\/nike_pegasus_easy_on__direct_exclusive__fq7837-101_5_75403.jpeg;https:\/\/images.novelship.com\/product\/nike_pegasus_easy_on__direct_exclusive__fq7837-101_6_75403.jpeg;https:\/\/images.novelship.com\/product\/nike_pegasus_easy_on__direct_exclusive__fq7837-101_7_75403.jpeg;https:\/\/images.novelship.com\/product\/nike_pegasus_easy_on__direct_exclusive__fq7837-101_8_75403.jpeg;https:\/\/images.novelship.com\/product\/nike_pegasus_easy_on__direct_exclusive__fq7837-101_9_75403.jpeg","contentUrl":"https:\/\/images.novelship.com\/product\/nike_pegasus_easy_on__direct_exclusive__fq7837-101_0_75403.jpeg;https:\/\/images.novelship.com\/product\/nike_pegasus_easy_on__direct_exclusive__fq7837-101_1_75403.jpeg;https:\/\/images.novelship.com\/product\/nike_pegasus_easy_on__direct_exclusive__fq7837-101_2_75403.jpeg;https:\/\/images.novelship.com\/product\/nike_pegasus_easy_on__direct_exclusive__fq7837-101_3_75403.jpeg;https:\/\/images.novelship.com\/product\/nike_pegasus_easy_on__direct_exclusive__fq7837-101_4_75403.jpeg;https:\/\/images.novelship.com\/product\/nike_pegasus_easy_on__direct_exclusive__fq7837-101_5_75403.jpeg;https:\/\/images.novelship.com\/product\/nike_pegasus_easy_on__direct_exclusive__fq7837-101_6_75403.jpeg;https:\/\/images.novelship.com\/product\/nike_pegasus_easy_on__direct_exclusive__fq7837-101_7_75403.jpeg;https:\/\/images.novelship.com\/product\/nike_pegasus_easy_on__direct_exclusive__fq7837-101_8_75403.jpeg;https:\/\/images.novelship.com\/product\/nike_pegasus_easy_on__direct_exclusive__fq7837-101_9_75403.jpeg"},{"@type":"BreadcrumbList","@id":"https:\/\/tourcruiser.com\/de\/products\/nike-pegasus-easy-on-direct-exclusive\/#breadcrumb","itemListElement":[{"@type":"ListItem","position":1,"name":"Home","item":"https:\/\/tourcruiser.com\/de\/"},{"@type":"ListItem","position":2,"name":"Shop","item":"https:\/\/tourcruiser.com\/de\/shop\/"},{"@type":"ListItem","position":3,"name":"Nike Pegasus Easy On [Direct Exclusive]"}]},{"@type":"WebSite","@id":"https:\/\/tourcruiser.com\/de\/#website","url":"https:\/\/tourcruiser.com\/de\/","name":"Styloral Jewelry Shop","description":"Tourcruiser Sneaker Store \u2014 der Ort, an dem das Universum deine Einzigartigkeit trifft.","publisher":{"@id":"https:\/\/tourcruiser.com\/de\/#organization"},"potentialAction":[{"@type":"SearchAction","target":{"@type":"EntryPoint","urlTemplate":"https:\/\/tourcruiser.com\/de\/?s={search_term_string}"},"query-input":{"@type":"PropertyValueSpecification","valueRequired":true,"valueName":"search_term_string"}}],"inLanguage":"de"},{"@type":"Organization","@id":"https:\/\/tourcruiser.com\/de\/#organization","name":"STYLORAL PTE. LTD","url":"https:\/\/tourcruiser.com\/de\/","logo":{"@type":"ImageObject","inLanguage":"de","@id":"https:\/\/tourcruiser.com\/de\/#\/schema\/logo\/image\/","url":"https:\/\/www.tourcruiser.com\/wp-content\/uploads\/2025\/12\/logo.png","contentUrl":"https:\/\/www.tourcruiser.com\/wp-content\/uploads\/2025\/12\/logo.png","width":200,"height":65,"caption":"STYLORAL PTE. LTD"},"image":{"@id":"https:\/\/tourcruiser.com\/de\/#\/schema\/logo\/image\/"}}]}},"_links":{"self":[{"href":"https:\/\/tourcruiser.com\/de\/wp-json\/wp\/v2\/product\/45671","targetHints":{"allow":["GET"]}}],"collection":[{"href":"https:\/\/tourcruiser.com\/de\/wp-json\/wp\/v2\/product"}],"about":[{"href":"https:\/\/tourcruiser.com\/de\/wp-json\/wp\/v2\/types\/product"}],"replies":[{"embeddable":true,"href":"https:\/\/tourcruiser.com\/de\/wp-json\/wp\/v2\/comments?post=45671"}],"wp:featuredmedia":[{"embeddable":true,"href":"https:\/\/tourcruiser.com\/de\/wp-json\/wp\/v2\/media\/45672"}],"wp:attachment":[{"href":"https:\/\/tourcruiser.com\/de\/wp-json\/wp\/v2\/media?parent=45671"}],"wp:term":[{"taxonomy":"product_brand","embeddable":true,"href":"https:\/\/tourcruiser.com\/de\/wp-json\/wp\/v2\/product_brand?post=45671"},{"taxonomy":"product_cat","embeddable":true,"href":"https:\/\/tourcruiser.com\/de\/wp-json\/wp\/v2\/product_cat?post=45671"},{"taxonomy":"product_tag","embeddable":true,"href":"https:\/\/tourcruiser.com\/de\/wp-json\/wp\/v2\/product_tag?post=45671"}],"curies":[{"name":"wp","href":"https:\/\/api.w.org\/{rel}","templated":true}]}}