{"id":456691,"date":"2026-03-21T12:06:05","date_gmt":"2026-03-21T05:06:05","guid":{"rendered":"http:\/\/tourcruiser.com\/product\/nike-reactx-infinity-run-4-cool-grey-gorge-green-fj1221-006"},"modified":"2026-03-21T12:06:05","modified_gmt":"2026-03-21T05:06:05","slug":"nike-reactx-infinity-run-4-cool-grey-gorge-green-fj1221-006","status":"publish","type":"product","link":"https:\/\/tourcruiser.com\/de\/products\/nike-reactx-infinity-run-4-cool-grey-gorge-green-fj1221-006\/","title":{"rendered":"Nike ReactX Infinity Run 4 &#8218;Cool Grey Gorge Green&#8216; FJ1221-006"},"content":{"rendered":"<p>Verbessere dein Lauferlebnis mit dem Nike ReactX Infinity Run 4 &#8218;Cool Grey Gorge Green&#8216;. Erlebe unvergleichlichen Komfort dank weichem React-Schaum, der St\u00c3\u00b6\u00c3\u0178e absorbiert, w\u00c3\u00a4hrend das Flyknit-Obermaterial f\u00c3\u00bcr Atmungsaktivit\u00c3\u00a4t und sicheren Halt sorgt. Die abgerundete Sohle unterst\u00c3\u00bctzt dich mit sanftem Vortrieb, und reflektierende Details verbessern die Sichtbarkeit bei schlechten Lichtverh\u00c3\u00a4ltnissen. Egal, ob du ein erfahrener L\u00c3\u00a4ufer oder Laufanf\u00c3\u00a4nger bist \u00e2\u20ac\u201c diese Schuhe bieten dir ein au\u00c3\u0178ergew\u00c3\u00b6hnliches Laufgef\u00c3\u00bchl. Schl\u00c3\u00bcpfe noch heute in den ReactX Infinity Run 4 und erreiche deine Grenzen mit Stil und Komfort.<\/p>\n<ul>\n<li><strong>Farbgebung:<\/strong> Cool Grey\/Gorge Green\/Wei\u00c3\u0178<\/li>\n<li><strong>Artikelnummer:<\/strong> FJ1221-006<\/li>\n<li><strong>Obermaterial:<\/strong> Flyknit<\/li>\n<li><strong>Zwischensohle:<\/strong> ReactX<\/li>\n<li><strong>Farbe:<\/strong> Grau<\/li>\n<li><strong>Erscheinungsjahr:<\/strong> 2023<\/li>\n<\/ul>\n","protected":false},"excerpt":{"rendered":"<p>Verbessere dein Lauferlebnis mit dem Nike ReactX Infinity Run 4 &#8218;Cool Grey Gorge Green&#8216;. Erlebe unvergleichlichen Komfort dank weichem React-Schaum, der St\u00c3\u00b6\u00c3\u0178e absorbiert, w\u00c3\u00a4hrend das Flyknit-Obermaterial f\u00c3\u00bcr Atmungsaktivit\u00c3\u00a4t und sicheren Halt sorgt. Die abgerundete Sohle unterst\u00c3\u00bctzt dich mit sanftem Vortrieb, und reflektierende Details verbessern die Sichtbarkeit bei schlechten Lichtverh\u00c3\u00a4ltnissen. Egal, ob du ein erfahrener L\u00c3\u00a4ufer [&hellip;]<\/p>\n","protected":false},"featured_media":456692,"comment_status":"open","ping_status":"closed","template":"","meta":[],"product_brand":[],"product_cat":[38842,10803,38853,38850],"product_tag":[10799,10800,10753,10801,10882,10802,10840,10758],"class_list":{"0":"post-456691","1":"product","2":"type-product","3":"status-publish","4":"has-post-thumbnail","6":"product_cat-gender-men","7":"product_cat-nike","8":"product_cat-nike-reactx-infinity-run-4","9":"product_cat-running-shoes","10":"product_tag-ankle-support-basketball-shoes","11":"product_tag-basketball-shoes","12":"product_tag-gift-for-him","13":"product_tag-nike","14":"product_tag-nike-running-shoes","15":"product_tag-performance-sport-shoes","16":"product_tag-running-shoes","17":"product_tag-under-retail","18":"wcpa_has_options","20":"first","21":"instock","22":"taxable","23":"shipping-taxable","24":"purchasable","25":"product-type-simple"},"wcpa_form_fields":{"rules":{"pric_overide_base_price":false,"pric_overide_base_price_if_gt_zero":false,"pric_overide_base_price_fully":false,"pric_cal_option_once":false,"pric_use_as_fee":false,"bind_quantity":false,"quantity_bind_formula":false},"fields":[{"type":"color-group","required":true,"elementId":"wcpa-color-group-66c4a75505e74","label":"Gr\u00f6\u00dfe - EU Gr\u00f6\u00dfe","inline":true,"priceOptions":"different_for_all","pricingType":"fixed","className":"hassizechart product-shoes-size-eu product-shoes-size","name":"color-group-66c4a75505e89","disp_type":"square","selection_type":"tick-border","disp_size":"44","show_label_inside":true,"adjust_width":true,"cart_display_type":"text","other_text":"Other","cl_rule":"show","col":6,"values":[{"label":"35.5","value":"EU 35.5","price":"","pimage":"","pimage_id":"","pthumb":"","color":""},{"label":"36","value":"EU 36","price":"","pimage":"","pimage_id":"","pthumb":"","color":"","selected":true},{"label":"36.5","value":"EU 36.5","price":"","pimage":"","pimage_id":"","pthumb":"","color":""},{"label":"37.5","value":"EU 37.5","price":"","pimage":"","pimage_id":"","pthumb":"","color":""},{"label":"38","value":"EU 38","price":"","pimage":"","pimage_id":"","pthumb":"","color":""},{"label":"38.5","value":"EU 38.5","price":"","pimage":"","pimage_id":"","pthumb":"","color":""},{"label":"39","value":"EU 39","price":"","pimage":"","pimage_id":"","pthumb":"","color":""},{"label":"40","value":"EU 40","price":"","pimage":"","pimage_id":"","pthumb":"","color":""},{"label":"40.5","value":"EU 40.5","price":"","pimage":"","pimage_id":"","pthumb":"","color":""},{"label":"41","value":"EU 41","price":"","pimage":"","pimage_id":"","pthumb":"","color":""},{"label":"42","value":"EU 42","price":"","pimage":"","pimage_id":"","pthumb":"","color":""},{"label":"42.5","value":"EU 42.5","price":"","pimage":"","pimage_id":"","pthumb":"","color":""},{"label":"43","value":"EU 43","price":"","pimage":"","pimage_id":"","pthumb":"","color":""},{"label":"44","value":"EU 44","price":"","pimage":"","pimage_id":"","pthumb":"","color":""},{"label":"44.5","value":"EU 44.5","price":"","pimage":"","pimage_id":"","pthumb":"","color":""},{"label":"45","value":"EU 45","price":"","pimage":"","pimage_id":"","pthumb":"","color":""},{"label":"45.5","value":"EU 45.5","price":"","pimage":"","pimage_id":"","pthumb":"","color":""},{"label":"46","value":"EU 46","price":"","pimage":"","pimage_id":"","pthumb":"","color":""},{"label":"47","value":"EU 47","price":"","pimage":"","pimage_id":"","pthumb":"","color":""},{"label":"47.5","value":"EU 47.5","price":"","pimage":"","pimage_id":"","pthumb":"","color":""},{"label":"48","value":"EU 48","price":"","pimage":"","pimage_id":"","pthumb":"","color":""}],"relations":[{"operator":false,"rules":[]}],"form_id":18106,"form_rules":{"pric_cal_option_once":false,"exclude_from_discount":false,"pric_use_as_fee":false,"fee_label":"Fee","render_after_acb":false,"disp_hide_options_price":false}}]},"yoast_head":"<!-- This site is optimized with the Yoast SEO plugin v26.5 - https:\/\/yoast.com\/wordpress\/plugins\/seo\/ -->\n<title>Nike ReactX Infinity Run 4 &#039;Cool Grey Gorge Green&#039; FJ1221-006 - Tourcruiser PTE. LTD<\/title>\n<meta name=\"robots\" content=\"index, follow, max-snippet:-1, max-image-preview:large, max-video-preview:-1\" \/>\n<link rel=\"canonical\" href=\"https:\/\/tourcruiser.com\/de\/products\/nike-reactx-infinity-run-4-cool-grey-gorge-green-fj1221-006\/\" \/>\n<meta property=\"og:locale\" content=\"de_DE\" \/>\n<meta property=\"og:type\" content=\"article\" \/>\n<meta property=\"og:title\" content=\"Nike ReactX Infinity Run 4 &#039;Cool Grey Gorge Green&#039; FJ1221-006 - Tourcruiser PTE. LTD\" \/>\n<meta property=\"og:description\" content=\"Verbessere dein Lauferlebnis mit dem Nike ReactX Infinity Run 4 &#8218;Cool Grey Gorge Green&#8216;. Erlebe unvergleichlichen Komfort dank weichem React-Schaum, der St\u00c3\u00b6\u00c3\u0178e absorbiert, w\u00c3\u00a4hrend das Flyknit-Obermaterial f\u00c3\u00bcr Atmungsaktivit\u00c3\u00a4t und sicheren Halt sorgt. Die abgerundete Sohle unterst\u00c3\u00bctzt dich mit sanftem Vortrieb, und reflektierende Details verbessern die Sichtbarkeit bei schlechten Lichtverh\u00c3\u00a4ltnissen. Egal, ob du ein erfahrener L\u00c3\u00a4ufer [&hellip;]\" \/>\n<meta property=\"og:url\" content=\"https:\/\/tourcruiser.com\/de\/products\/nike-reactx-infinity-run-4-cool-grey-gorge-green-fj1221-006\/\" \/>\n<meta property=\"og:site_name\" content=\"Tourcruiser Sneaker Store\" \/>\n<meta name=\"twitter:card\" content=\"summary_large_image\" \/>\n<meta name=\"twitter:image\" content=\"https:\/\/images.novelship.com\/product\/nike_reactx_infinity_run_4__cool_grey_gorge_green__0_80044.jpeg\" \/>\n<meta name=\"twitter:label1\" content=\"Gesch\u00e4tzte Lesezeit\" \/>\n\t<meta name=\"twitter:data1\" content=\"1\u00a0Minute\" \/>\n<script type=\"application\/ld+json\" class=\"yoast-schema-graph\">{\"@context\":\"https:\/\/schema.org\",\"@graph\":[{\"@type\":\"WebPage\",\"@id\":\"https:\/\/tourcruiser.com\/de\/products\/nike-reactx-infinity-run-4-cool-grey-gorge-green-fj1221-006\/\",\"url\":\"https:\/\/tourcruiser.com\/de\/products\/nike-reactx-infinity-run-4-cool-grey-gorge-green-fj1221-006\/\",\"name\":\"Nike ReactX Infinity Run 4 'Cool Grey Gorge Green' FJ1221-006 - Tourcruiser PTE. LTD\",\"isPartOf\":{\"@id\":\"https:\/\/tourcruiser.com\/de\/#website\"},\"primaryImageOfPage\":{\"@id\":\"https:\/\/tourcruiser.com\/de\/products\/nike-reactx-infinity-run-4-cool-grey-gorge-green-fj1221-006\/#primaryimage\"},\"image\":{\"@id\":\"https:\/\/tourcruiser.com\/de\/products\/nike-reactx-infinity-run-4-cool-grey-gorge-green-fj1221-006\/#primaryimage\"},\"thumbnailUrl\":\"https:\/\/images.novelship.com\/product\/nike_reactx_infinity_run_4__cool_grey_gorge_green__0_80044.jpeg\",\"datePublished\":\"2026-03-21T05:06:05+00:00\",\"breadcrumb\":{\"@id\":\"https:\/\/tourcruiser.com\/de\/products\/nike-reactx-infinity-run-4-cool-grey-gorge-green-fj1221-006\/#breadcrumb\"},\"inLanguage\":\"de\",\"potentialAction\":[{\"@type\":\"ReadAction\",\"target\":[\"https:\/\/tourcruiser.com\/de\/products\/nike-reactx-infinity-run-4-cool-grey-gorge-green-fj1221-006\/\"]}]},{\"@type\":\"ImageObject\",\"inLanguage\":\"de\",\"@id\":\"https:\/\/tourcruiser.com\/de\/products\/nike-reactx-infinity-run-4-cool-grey-gorge-green-fj1221-006\/#primaryimage\",\"url\":\"https:\/\/images.novelship.com\/product\/nike_reactx_infinity_run_4__cool_grey_gorge_green__0_80044.jpeg\",\"contentUrl\":\"https:\/\/images.novelship.com\/product\/nike_reactx_infinity_run_4__cool_grey_gorge_green__0_80044.jpeg\"},{\"@type\":\"BreadcrumbList\",\"@id\":\"https:\/\/tourcruiser.com\/de\/products\/nike-reactx-infinity-run-4-cool-grey-gorge-green-fj1221-006\/#breadcrumb\",\"itemListElement\":[{\"@type\":\"ListItem\",\"position\":1,\"name\":\"Home\",\"item\":\"https:\/\/tourcruiser.com\/de\/\"},{\"@type\":\"ListItem\",\"position\":2,\"name\":\"Shop\",\"item\":\"https:\/\/tourcruiser.com\/de\/shop\/\"},{\"@type\":\"ListItem\",\"position\":3,\"name\":\"Nike ReactX Infinity Run 4 'Cool Grey Gorge Green' FJ1221-006\"}]},{\"@type\":\"WebSite\",\"@id\":\"https:\/\/tourcruiser.com\/de\/#website\",\"url\":\"https:\/\/tourcruiser.com\/de\/\",\"name\":\"Styloral Jewelry Shop\",\"description\":\"Tourcruiser Sneaker Store \u2014 der Ort, an dem das Universum deine Einzigartigkeit trifft.\",\"publisher\":{\"@id\":\"https:\/\/tourcruiser.com\/de\/#organization\"},\"potentialAction\":[{\"@type\":\"SearchAction\",\"target\":{\"@type\":\"EntryPoint\",\"urlTemplate\":\"https:\/\/tourcruiser.com\/de\/?s={search_term_string}\"},\"query-input\":{\"@type\":\"PropertyValueSpecification\",\"valueRequired\":true,\"valueName\":\"search_term_string\"}}],\"inLanguage\":\"de\"},{\"@type\":\"Organization\",\"@id\":\"https:\/\/tourcruiser.com\/de\/#organization\",\"name\":\"STYLORAL PTE. LTD\",\"url\":\"https:\/\/tourcruiser.com\/de\/\",\"logo\":{\"@type\":\"ImageObject\",\"inLanguage\":\"de\",\"@id\":\"https:\/\/tourcruiser.com\/de\/#\/schema\/logo\/image\/\",\"url\":\"https:\/\/www.tourcruiser.com\/wp-content\/uploads\/2025\/12\/logo.png\",\"contentUrl\":\"https:\/\/www.tourcruiser.com\/wp-content\/uploads\/2025\/12\/logo.png\",\"width\":200,\"height\":65,\"caption\":\"STYLORAL PTE. LTD\"},\"image\":{\"@id\":\"https:\/\/tourcruiser.com\/de\/#\/schema\/logo\/image\/\"}}]}<\/script>\n<!-- \/ Yoast SEO plugin. -->","yoast_head_json":{"title":"Nike ReactX Infinity Run 4 'Cool Grey Gorge Green' FJ1221-006 - Tourcruiser PTE. LTD","robots":{"index":"index","follow":"follow","max-snippet":"max-snippet:-1","max-image-preview":"max-image-preview:large","max-video-preview":"max-video-preview:-1"},"canonical":"https:\/\/tourcruiser.com\/de\/products\/nike-reactx-infinity-run-4-cool-grey-gorge-green-fj1221-006\/","og_locale":"de_DE","og_type":"article","og_title":"Nike ReactX Infinity Run 4 'Cool Grey Gorge Green' FJ1221-006 - Tourcruiser PTE. LTD","og_description":"Verbessere dein Lauferlebnis mit dem Nike ReactX Infinity Run 4 &#8218;Cool Grey Gorge Green&#8216;. Erlebe unvergleichlichen Komfort dank weichem React-Schaum, der St\u00c3\u00b6\u00c3\u0178e absorbiert, w\u00c3\u00a4hrend das Flyknit-Obermaterial f\u00c3\u00bcr Atmungsaktivit\u00c3\u00a4t und sicheren Halt sorgt. Die abgerundete Sohle unterst\u00c3\u00bctzt dich mit sanftem Vortrieb, und reflektierende Details verbessern die Sichtbarkeit bei schlechten Lichtverh\u00c3\u00a4ltnissen. Egal, ob du ein erfahrener L\u00c3\u00a4ufer [&hellip;]","og_url":"https:\/\/tourcruiser.com\/de\/products\/nike-reactx-infinity-run-4-cool-grey-gorge-green-fj1221-006\/","og_site_name":"Tourcruiser Sneaker Store","twitter_card":"summary_large_image","twitter_image":"https:\/\/images.novelship.com\/product\/nike_reactx_infinity_run_4__cool_grey_gorge_green__0_80044.jpeg","twitter_misc":{"Gesch\u00e4tzte Lesezeit":"1\u00a0Minute"},"schema":{"@context":"https:\/\/schema.org","@graph":[{"@type":"WebPage","@id":"https:\/\/tourcruiser.com\/de\/products\/nike-reactx-infinity-run-4-cool-grey-gorge-green-fj1221-006\/","url":"https:\/\/tourcruiser.com\/de\/products\/nike-reactx-infinity-run-4-cool-grey-gorge-green-fj1221-006\/","name":"Nike ReactX Infinity Run 4 'Cool Grey Gorge Green' FJ1221-006 - Tourcruiser PTE. LTD","isPartOf":{"@id":"https:\/\/tourcruiser.com\/de\/#website"},"primaryImageOfPage":{"@id":"https:\/\/tourcruiser.com\/de\/products\/nike-reactx-infinity-run-4-cool-grey-gorge-green-fj1221-006\/#primaryimage"},"image":{"@id":"https:\/\/tourcruiser.com\/de\/products\/nike-reactx-infinity-run-4-cool-grey-gorge-green-fj1221-006\/#primaryimage"},"thumbnailUrl":"https:\/\/images.novelship.com\/product\/nike_reactx_infinity_run_4__cool_grey_gorge_green__0_80044.jpeg","datePublished":"2026-03-21T05:06:05+00:00","breadcrumb":{"@id":"https:\/\/tourcruiser.com\/de\/products\/nike-reactx-infinity-run-4-cool-grey-gorge-green-fj1221-006\/#breadcrumb"},"inLanguage":"de","potentialAction":[{"@type":"ReadAction","target":["https:\/\/tourcruiser.com\/de\/products\/nike-reactx-infinity-run-4-cool-grey-gorge-green-fj1221-006\/"]}]},{"@type":"ImageObject","inLanguage":"de","@id":"https:\/\/tourcruiser.com\/de\/products\/nike-reactx-infinity-run-4-cool-grey-gorge-green-fj1221-006\/#primaryimage","url":"https:\/\/images.novelship.com\/product\/nike_reactx_infinity_run_4__cool_grey_gorge_green__0_80044.jpeg","contentUrl":"https:\/\/images.novelship.com\/product\/nike_reactx_infinity_run_4__cool_grey_gorge_green__0_80044.jpeg"},{"@type":"BreadcrumbList","@id":"https:\/\/tourcruiser.com\/de\/products\/nike-reactx-infinity-run-4-cool-grey-gorge-green-fj1221-006\/#breadcrumb","itemListElement":[{"@type":"ListItem","position":1,"name":"Home","item":"https:\/\/tourcruiser.com\/de\/"},{"@type":"ListItem","position":2,"name":"Shop","item":"https:\/\/tourcruiser.com\/de\/shop\/"},{"@type":"ListItem","position":3,"name":"Nike ReactX Infinity Run 4 'Cool Grey Gorge Green' FJ1221-006"}]},{"@type":"WebSite","@id":"https:\/\/tourcruiser.com\/de\/#website","url":"https:\/\/tourcruiser.com\/de\/","name":"Styloral Jewelry Shop","description":"Tourcruiser Sneaker Store \u2014 der Ort, an dem das Universum deine Einzigartigkeit trifft.","publisher":{"@id":"https:\/\/tourcruiser.com\/de\/#organization"},"potentialAction":[{"@type":"SearchAction","target":{"@type":"EntryPoint","urlTemplate":"https:\/\/tourcruiser.com\/de\/?s={search_term_string}"},"query-input":{"@type":"PropertyValueSpecification","valueRequired":true,"valueName":"search_term_string"}}],"inLanguage":"de"},{"@type":"Organization","@id":"https:\/\/tourcruiser.com\/de\/#organization","name":"STYLORAL PTE. LTD","url":"https:\/\/tourcruiser.com\/de\/","logo":{"@type":"ImageObject","inLanguage":"de","@id":"https:\/\/tourcruiser.com\/de\/#\/schema\/logo\/image\/","url":"https:\/\/www.tourcruiser.com\/wp-content\/uploads\/2025\/12\/logo.png","contentUrl":"https:\/\/www.tourcruiser.com\/wp-content\/uploads\/2025\/12\/logo.png","width":200,"height":65,"caption":"STYLORAL PTE. LTD"},"image":{"@id":"https:\/\/tourcruiser.com\/de\/#\/schema\/logo\/image\/"}}]}},"_links":{"self":[{"href":"https:\/\/tourcruiser.com\/de\/wp-json\/wp\/v2\/product\/456691","targetHints":{"allow":["GET"]}}],"collection":[{"href":"https:\/\/tourcruiser.com\/de\/wp-json\/wp\/v2\/product"}],"about":[{"href":"https:\/\/tourcruiser.com\/de\/wp-json\/wp\/v2\/types\/product"}],"replies":[{"embeddable":true,"href":"https:\/\/tourcruiser.com\/de\/wp-json\/wp\/v2\/comments?post=456691"}],"wp:featuredmedia":[{"embeddable":true,"href":"https:\/\/tourcruiser.com\/de\/wp-json\/wp\/v2\/media\/456692"}],"wp:attachment":[{"href":"https:\/\/tourcruiser.com\/de\/wp-json\/wp\/v2\/media?parent=456691"}],"wp:term":[{"taxonomy":"product_brand","embeddable":true,"href":"https:\/\/tourcruiser.com\/de\/wp-json\/wp\/v2\/product_brand?post=456691"},{"taxonomy":"product_cat","embeddable":true,"href":"https:\/\/tourcruiser.com\/de\/wp-json\/wp\/v2\/product_cat?post=456691"},{"taxonomy":"product_tag","embeddable":true,"href":"https:\/\/tourcruiser.com\/de\/wp-json\/wp\/v2\/product_tag?post=456691"}],"curies":[{"name":"wp","href":"https:\/\/api.w.org\/{rel}","templated":true}]}}