{"id":45657,"date":"2026-03-02T15:01:45","date_gmt":"2026-03-02T08:01:45","guid":{"rendered":"http:\/\/tourcruiser.com\/product\/women-adidas-adifom-stan-smith-mule-light-purple"},"modified":"2026-03-28T00:53:59","modified_gmt":"2026-03-27T17:53:59","slug":"women-adidas-adifom-stan-smith-mule-light-purple","status":"publish","type":"product","link":"https:\/\/tourcruiser.com\/de\/products\/women-adidas-adifom-stan-smith-mule-light-purple\/","title":{"rendered":"(Women) adidas Adifom Stan Smith Mule &#8218;Light Purple&#8216;"},"content":{"rendered":"<p>Wir pr\u00e4sentieren den adidas Originals AdiFOM Stan Smith Mule \u201ePurple Beach Sandal\u201c (IH0847) \u201d\u201c eine perfekte Kombination aus ikonischem Style und sommerlichem Flair. Dieser bequeme Pantolette besticht durch ein leuchtendes Lila, eine gepolsterte AdiFOM-Zwischensohle f\u00fcr ganzt\u00e4gigen Tragekomfort und die typischen Stan Smith-Details wie die perforierten 3-Streifen und den gepr\u00e4gten Fersenpatch. Mit diesen Sandalen verleihst du deinem Sommer-Look das gewisse Etwas \u201d\u201c perfekt f\u00fcr Strandtage oder entspannte Ausfl\u00fcge.<br \/>\n&#8230;<\/p>\n","protected":false},"excerpt":{"rendered":"<p>adidas Stan Smith AdiFOM \u201d\u201d Light Purple\/Light Purple<\/p>\n","protected":false},"featured_media":45658,"comment_status":"open","ping_status":"closed","template":"","meta":[],"product_brand":[],"product_cat":[10941],"product_tag":[10992],"class_list":{"0":"post-45657","1":"product","2":"type-product","3":"status-publish","4":"has-post-thumbnail","6":"product_cat-adidas-women","7":"product_tag-small-100-usd","8":"wcpa_has_options","10":"first","11":"outofstock","12":"taxable","13":"shipping-taxable","14":"purchasable","15":"product-type-simple"},"wcpa_form_fields":{"rules":{"pric_overide_base_price":false,"pric_overide_base_price_if_gt_zero":false,"pric_overide_base_price_fully":false,"pric_cal_option_once":false,"pric_use_as_fee":false,"bind_quantity":false,"quantity_bind_formula":false},"fields":[{"type":"color-group","required":true,"elementId":"wcpa-color-group-66c4a7f817afe","label":"Gr\u00f6\u00dfe","inline":true,"priceOptions":"different_for_all","pricingType":"fixed","className":"hassizechart product-shoes-size-eu product-shoes-size","name":"color-group-66c4a7f817b18","disp_type":"square","selection_type":"tick-border","disp_size":"50","show_label_inside":true,"adjust_width":true,"cart_display_type":"text","other_text":"Other","cl_rule":"show","col":6,"values":[{"label":"35","value":"EU 35","price":"","pimage":"","pimage_id":"","pthumb":"","color":""},{"label":"35.5","value":"EU 35.5","price":"","pimage":"","pimage_id":"","pthumb":"","color":""},{"label":"36","value":"EU 36","price":"","pimage":"","pimage_id":"","pthumb":"","color":"","selected":true},{"label":"36 2\/3","value":"EU 36 2\/3","price":"","pimage":"","pimage_id":"","pthumb":"","color":""},{"label":"37 1\/3","value":"EU 37 1\/3","price":"","pimage":"","pimage_id":"","pthumb":"","color":""},{"label":"38","value":"EU 38","price":"","pimage":"","pimage_id":"","pthumb":"","color":""},{"label":"38 2\/3","value":"EU 38 2\/3","price":"","pimage":"","pimage_id":"","pthumb":"","color":""},{"label":"39 1\/3","value":"EU 39 1\/3","price":"","pimage":"","pimage_id":"","pthumb":"","color":""},{"label":"40","value":"EU 40","price":"","pimage":"","pimage_id":"","pthumb":"","color":""},{"label":"40 2\/3","value":"EU 40 2\/3","price":"","pimage":"","pimage_id":"","pthumb":"","color":""},{"label":"41 1\/3","value":"EU 41 1\/3","price":"","pimage":"","pimage_id":"","pthumb":"","color":""},{"label":"42","value":"EU 42","price":"","pimage":"","pimage_id":"","pthumb":"","color":""},{"label":"42 2\/3","value":"EU 42 2\/3","price":"","pimage":"","pimage_id":"","pthumb":"","color":""},{"label":"43 1\/3","value":"EU 43 1\/3","price":"","pimage":"","pimage_id":"","pthumb":"","color":""},{"label":"44","value":"EU 44","price":"","pimage":"","pimage_id":"","pthumb":"","color":""},{"label":"44 2\/3","value":"EU 44 2\/3","price":"","pimage":"","pimage_id":"","pthumb":"","color":""},{"label":"45 1\/3","value":"EU 45 1\/3","price":"","pimage":"","pimage_id":"","pthumb":"","color":""},{"label":"46","value":"EU 46","price":"","pimage":"","pimage_id":"","pthumb":"","color":""},{"label":"46 2\/3","value":"EU 46 2\/3","price":"","pimage":"","pimage_id":"","pthumb":"","color":""},{"label":"47 1\/3","value":"EU 47 1\/3","price":"","pimage":"","pimage_id":"","pthumb":"","color":""}],"relations":[{"operator":false,"rules":[]}],"form_id":24802,"form_rules":{"pric_cal_option_once":false,"exclude_from_discount":false,"pric_use_as_fee":false,"fee_label":"Fee","render_after_acb":false,"disp_hide_options_price":false}}]},"yoast_head":"<!-- This site is optimized with the Yoast SEO plugin v26.5 - https:\/\/yoast.com\/wordpress\/plugins\/seo\/ -->\n<title>(Women) adidas Adifom Stan Smith Mule &#039;Light Purple&#039;  - Tourcruiser PTE. LTD<\/title>\n<meta name=\"robots\" content=\"index, follow, max-snippet:-1, max-image-preview:large, max-video-preview:-1\" \/>\n<link rel=\"canonical\" href=\"https:\/\/tourcruiser.com\/\" \/>\n<meta property=\"og:locale\" content=\"de_DE\" \/>\n<meta property=\"og:type\" content=\"article\" \/>\n<meta property=\"og:title\" content=\"(Women) adidas Adifom Stan Smith Mule &#039;Light Purple&#039;  - Tourcruiser PTE. LTD\" \/>\n<meta property=\"og:description\" content=\"adidas Stan Smith AdiFOM \u201d\u201d Light Purple\/Light Purple\" \/>\n<meta property=\"og:url\" content=\"\/\" \/>\n<meta property=\"og:site_name\" content=\"Tourcruiser Sneaker Store\" \/>\n<meta property=\"article:modified_time\" content=\"2026-03-27T17:53:59+00:00\" \/>\n<meta name=\"twitter:card\" content=\"summary_large_image\" \/>\n<meta name=\"twitter:image\" content=\"https:\/\/images.novelship.com\/product\/_women__adidas_originals_adifom_stan_smith_mule__p_0_7461.png;https:\/\/images.novelship.com\/product\/_women__adidas_originals_adifom_stan_smith_mule__p_1_7461.jpeg;https:\/\/images.novelship.com\/product\/_women__adidas_originals_adifom_stan_smith_mule__p_2_7461.jpeg;https:\/\/images.novelship.com\/product\/_women__adidas_originals_adifom_stan_smith_mule__p_3_7461.jpeg;https:\/\/images.novelship.com\/product\/_women__adidas_originals_adifom_stan_smith_mule__p_4_7461.jpeg;https:\/\/images.novelship.com\/product\/_women__adidas_originals_adifom_stan_smith_mule__p_5_7461.jpeg\" \/>\n<script type=\"application\/ld+json\" class=\"yoast-schema-graph\">{\"@context\":\"https:\/\/schema.org\",\"@graph\":[{\"@type\":\"WebPage\",\"@id\":\"\/\",\"url\":\"https:\/\/tourcruiser.com\/\",\"name\":\"(Women) adidas Adifom Stan Smith Mule 'Light Purple' - Tourcruiser PTE. LTD\",\"isPartOf\":{\"@id\":\"\/#website\"},\"primaryImageOfPage\":{\"@id\":\"https:\/\/tourcruiser.com\/#primaryimage\"},\"image\":{\"@id\":\"https:\/\/tourcruiser.com\/#primaryimage\"},\"thumbnailUrl\":\"https:\/\/images.novelship.com\/product\/_women__adidas_originals_adifom_stan_smith_mule__p_0_7461.png;https:\/\/images.novelship.com\/product\/_women__adidas_originals_adifom_stan_smith_mule__p_1_7461.jpeg;https:\/\/images.novelship.com\/product\/_women__adidas_originals_adifom_stan_smith_mule__p_2_7461.jpeg;https:\/\/images.novelship.com\/product\/_women__adidas_originals_adifom_stan_smith_mule__p_3_7461.jpeg;https:\/\/images.novelship.com\/product\/_women__adidas_originals_adifom_stan_smith_mule__p_4_7461.jpeg;https:\/\/images.novelship.com\/product\/_women__adidas_originals_adifom_stan_smith_mule__p_5_7461.jpeg\",\"datePublished\":\"2026-03-02T08:01:45+00:00\",\"dateModified\":\"2026-03-27T17:53:59+00:00\",\"breadcrumb\":{\"@id\":\"https:\/\/tourcruiser.com\/#breadcrumb\"},\"inLanguage\":\"de\",\"potentialAction\":[{\"@type\":\"ReadAction\",\"target\":[\"https:\/\/tourcruiser.com\/\"]}]},{\"@type\":\"ImageObject\",\"inLanguage\":\"de\",\"@id\":\"https:\/\/tourcruiser.com\/#primaryimage\",\"url\":\"https:\/\/images.novelship.com\/product\/_women__adidas_originals_adifom_stan_smith_mule__p_0_7461.png;https:\/\/images.novelship.com\/product\/_women__adidas_originals_adifom_stan_smith_mule__p_1_7461.jpeg;https:\/\/images.novelship.com\/product\/_women__adidas_originals_adifom_stan_smith_mule__p_2_7461.jpeg;https:\/\/images.novelship.com\/product\/_women__adidas_originals_adifom_stan_smith_mule__p_3_7461.jpeg;https:\/\/images.novelship.com\/product\/_women__adidas_originals_adifom_stan_smith_mule__p_4_7461.jpeg;https:\/\/images.novelship.com\/product\/_women__adidas_originals_adifom_stan_smith_mule__p_5_7461.jpeg\",\"contentUrl\":\"https:\/\/images.novelship.com\/product\/_women__adidas_originals_adifom_stan_smith_mule__p_0_7461.png;https:\/\/images.novelship.com\/product\/_women__adidas_originals_adifom_stan_smith_mule__p_1_7461.jpeg;https:\/\/images.novelship.com\/product\/_women__adidas_originals_adifom_stan_smith_mule__p_2_7461.jpeg;https:\/\/images.novelship.com\/product\/_women__adidas_originals_adifom_stan_smith_mule__p_3_7461.jpeg;https:\/\/images.novelship.com\/product\/_women__adidas_originals_adifom_stan_smith_mule__p_4_7461.jpeg;https:\/\/images.novelship.com\/product\/_women__adidas_originals_adifom_stan_smith_mule__p_5_7461.jpeg\"},{\"@type\":\"BreadcrumbList\",\"@id\":\"https:\/\/tourcruiser.com\/#breadcrumb\",\"itemListElement\":[{\"@type\":\"ListItem\",\"position\":1,\"name\":\"Home\",\"item\":\"https:\/\/tourcruiser.com\/de\/\"},{\"@type\":\"ListItem\",\"position\":2,\"name\":\"Shop\",\"item\":\"https:\/\/tourcruiser.com\/de\/shop\/\"},{\"@type\":\"ListItem\",\"position\":3,\"name\":\"(Women) adidas Adifom Stan Smith Mule &#8218;Light Purple&#8216;\"}]},{\"@type\":\"WebSite\",\"@id\":\"\/#website\",\"url\":\"\/\",\"name\":\"Styloral Jewelry Shop\",\"description\":\"Tourcruiser Sneaker Store \u2014 der Ort, an dem das Universum deine Einzigartigkeit trifft.\",\"publisher\":{\"@id\":\"\/#organization\"},\"potentialAction\":[{\"@type\":\"SearchAction\",\"target\":{\"@type\":\"EntryPoint\",\"urlTemplate\":\"\/?s={search_term_string}\"},\"query-input\":{\"@type\":\"PropertyValueSpecification\",\"valueRequired\":true,\"valueName\":\"search_term_string\"}}],\"inLanguage\":\"de\"},{\"@type\":\"Organization\",\"@id\":\"\/#organization\",\"name\":\"STYLORAL PTE. LTD\",\"url\":\"\/\",\"logo\":{\"@type\":\"ImageObject\",\"inLanguage\":\"de\",\"@id\":\"\/#\/schema\/logo\/image\/\",\"url\":\"https:\/\/www.tourcruiser.com\/wp-content\/uploads\/2025\/12\/logo.png\",\"contentUrl\":\"https:\/\/www.tourcruiser.com\/wp-content\/uploads\/2025\/12\/logo.png\",\"width\":200,\"height\":65,\"caption\":\"STYLORAL PTE. LTD\"},\"image\":{\"@id\":\"\/#\/schema\/logo\/image\/\"}}]}<\/script>\n<!-- \/ Yoast SEO plugin. -->","yoast_head_json":{"title":"(Women) adidas Adifom Stan Smith Mule 'Light Purple'  - Tourcruiser PTE. LTD","robots":{"index":"index","follow":"follow","max-snippet":"max-snippet:-1","max-image-preview":"max-image-preview:large","max-video-preview":"max-video-preview:-1"},"canonical":"https:\/\/tourcruiser.com\/","og_locale":"de_DE","og_type":"article","og_title":"(Women) adidas Adifom Stan Smith Mule 'Light Purple'  - Tourcruiser PTE. LTD","og_description":"adidas Stan Smith AdiFOM \u201d\u201d Light Purple\/Light Purple","og_url":"\/","og_site_name":"Tourcruiser Sneaker Store","article_modified_time":"2026-03-27T17:53:59+00:00","twitter_card":"summary_large_image","twitter_image":"https:\/\/images.novelship.com\/product\/_women__adidas_originals_adifom_stan_smith_mule__p_0_7461.png;https:\/\/images.novelship.com\/product\/_women__adidas_originals_adifom_stan_smith_mule__p_1_7461.jpeg;https:\/\/images.novelship.com\/product\/_women__adidas_originals_adifom_stan_smith_mule__p_2_7461.jpeg;https:\/\/images.novelship.com\/product\/_women__adidas_originals_adifom_stan_smith_mule__p_3_7461.jpeg;https:\/\/images.novelship.com\/product\/_women__adidas_originals_adifom_stan_smith_mule__p_4_7461.jpeg;https:\/\/images.novelship.com\/product\/_women__adidas_originals_adifom_stan_smith_mule__p_5_7461.jpeg","schema":{"@context":"https:\/\/schema.org","@graph":[{"@type":"WebPage","@id":"\/","url":"https:\/\/tourcruiser.com\/","name":"(Women) adidas Adifom Stan Smith Mule 'Light Purple' - Tourcruiser PTE. LTD","isPartOf":{"@id":"\/#website"},"primaryImageOfPage":{"@id":"https:\/\/tourcruiser.com\/#primaryimage"},"image":{"@id":"https:\/\/tourcruiser.com\/#primaryimage"},"thumbnailUrl":"https:\/\/images.novelship.com\/product\/_women__adidas_originals_adifom_stan_smith_mule__p_0_7461.png;https:\/\/images.novelship.com\/product\/_women__adidas_originals_adifom_stan_smith_mule__p_1_7461.jpeg;https:\/\/images.novelship.com\/product\/_women__adidas_originals_adifom_stan_smith_mule__p_2_7461.jpeg;https:\/\/images.novelship.com\/product\/_women__adidas_originals_adifom_stan_smith_mule__p_3_7461.jpeg;https:\/\/images.novelship.com\/product\/_women__adidas_originals_adifom_stan_smith_mule__p_4_7461.jpeg;https:\/\/images.novelship.com\/product\/_women__adidas_originals_adifom_stan_smith_mule__p_5_7461.jpeg","datePublished":"2026-03-02T08:01:45+00:00","dateModified":"2026-03-27T17:53:59+00:00","breadcrumb":{"@id":"https:\/\/tourcruiser.com\/#breadcrumb"},"inLanguage":"de","potentialAction":[{"@type":"ReadAction","target":["https:\/\/tourcruiser.com\/"]}]},{"@type":"ImageObject","inLanguage":"de","@id":"https:\/\/tourcruiser.com\/#primaryimage","url":"https:\/\/images.novelship.com\/product\/_women__adidas_originals_adifom_stan_smith_mule__p_0_7461.png;https:\/\/images.novelship.com\/product\/_women__adidas_originals_adifom_stan_smith_mule__p_1_7461.jpeg;https:\/\/images.novelship.com\/product\/_women__adidas_originals_adifom_stan_smith_mule__p_2_7461.jpeg;https:\/\/images.novelship.com\/product\/_women__adidas_originals_adifom_stan_smith_mule__p_3_7461.jpeg;https:\/\/images.novelship.com\/product\/_women__adidas_originals_adifom_stan_smith_mule__p_4_7461.jpeg;https:\/\/images.novelship.com\/product\/_women__adidas_originals_adifom_stan_smith_mule__p_5_7461.jpeg","contentUrl":"https:\/\/images.novelship.com\/product\/_women__adidas_originals_adifom_stan_smith_mule__p_0_7461.png;https:\/\/images.novelship.com\/product\/_women__adidas_originals_adifom_stan_smith_mule__p_1_7461.jpeg;https:\/\/images.novelship.com\/product\/_women__adidas_originals_adifom_stan_smith_mule__p_2_7461.jpeg;https:\/\/images.novelship.com\/product\/_women__adidas_originals_adifom_stan_smith_mule__p_3_7461.jpeg;https:\/\/images.novelship.com\/product\/_women__adidas_originals_adifom_stan_smith_mule__p_4_7461.jpeg;https:\/\/images.novelship.com\/product\/_women__adidas_originals_adifom_stan_smith_mule__p_5_7461.jpeg"},{"@type":"BreadcrumbList","@id":"https:\/\/tourcruiser.com\/#breadcrumb","itemListElement":[{"@type":"ListItem","position":1,"name":"Home","item":"https:\/\/tourcruiser.com\/de\/"},{"@type":"ListItem","position":2,"name":"Shop","item":"https:\/\/tourcruiser.com\/de\/shop\/"},{"@type":"ListItem","position":3,"name":"(Women) adidas Adifom Stan Smith Mule &#8218;Light Purple&#8216;"}]},{"@type":"WebSite","@id":"\/#website","url":"\/","name":"Styloral Jewelry Shop","description":"Tourcruiser Sneaker Store \u2014 der Ort, an dem das Universum deine Einzigartigkeit trifft.","publisher":{"@id":"\/#organization"},"potentialAction":[{"@type":"SearchAction","target":{"@type":"EntryPoint","urlTemplate":"\/?s={search_term_string}"},"query-input":{"@type":"PropertyValueSpecification","valueRequired":true,"valueName":"search_term_string"}}],"inLanguage":"de"},{"@type":"Organization","@id":"\/#organization","name":"STYLORAL PTE. LTD","url":"\/","logo":{"@type":"ImageObject","inLanguage":"de","@id":"\/#\/schema\/logo\/image\/","url":"https:\/\/www.tourcruiser.com\/wp-content\/uploads\/2025\/12\/logo.png","contentUrl":"https:\/\/www.tourcruiser.com\/wp-content\/uploads\/2025\/12\/logo.png","width":200,"height":65,"caption":"STYLORAL PTE. LTD"},"image":{"@id":"\/#\/schema\/logo\/image\/"}}]}},"_links":{"self":[{"href":"https:\/\/tourcruiser.com\/de\/wp-json\/wp\/v2\/product\/45657","targetHints":{"allow":["GET"]}}],"collection":[{"href":"https:\/\/tourcruiser.com\/de\/wp-json\/wp\/v2\/product"}],"about":[{"href":"https:\/\/tourcruiser.com\/de\/wp-json\/wp\/v2\/types\/product"}],"replies":[{"embeddable":true,"href":"https:\/\/tourcruiser.com\/de\/wp-json\/wp\/v2\/comments?post=45657"}],"wp:featuredmedia":[{"embeddable":true,"href":"https:\/\/tourcruiser.com\/de\/wp-json\/wp\/v2\/media\/45658"}],"wp:attachment":[{"href":"https:\/\/tourcruiser.com\/de\/wp-json\/wp\/v2\/media?parent=45657"}],"wp:term":[{"taxonomy":"product_brand","embeddable":true,"href":"https:\/\/tourcruiser.com\/de\/wp-json\/wp\/v2\/product_brand?post=45657"},{"taxonomy":"product_cat","embeddable":true,"href":"https:\/\/tourcruiser.com\/de\/wp-json\/wp\/v2\/product_cat?post=45657"},{"taxonomy":"product_tag","embeddable":true,"href":"https:\/\/tourcruiser.com\/de\/wp-json\/wp\/v2\/product_tag?post=45657"}],"curies":[{"name":"wp","href":"https:\/\/api.w.org\/{rel}","templated":true}]}}