{"id":456562,"date":"2026-03-21T12:06:00","date_gmt":"2026-03-21T05:06:00","guid":{"rendered":"http:\/\/tourcruiser.com\/product\/nike-air-max-90-terrascape-tan-orange-green-dv7413-100"},"modified":"2026-03-21T12:06:00","modified_gmt":"2026-03-21T05:06:00","slug":"nike-air-max-90-terrascape-tan-orange-green-dv7413-100","status":"publish","type":"product","link":"https:\/\/tourcruiser.com\/de\/products\/nike-air-max-90-terrascape-tan-orange-green-dv7413-100\/","title":{"rendered":"Nike Air Max 90 Terrascape &#8218;Tan Orange Green&#8216; DV7413-100"},"content":{"rendered":"<p>Die Nike Air Max 90 Terrascape Sneaker in den Farben Tan, Orange und Gr\u00c3\u00bcn vereinen Style und Funktionalit\u00c3\u00a4t perfekt. Diese von Nike designten Sneaker bestechen durch ihre einzigartige Farbkombination aus Tan, Orange und Gr\u00c3\u00bcn. Dank der legend\u00c3\u00a4ren Air Max Technologie bieten sie hervorragende D\u00c3\u00a4mpfung und h\u00c3\u00b6chsten Tragekomfort. Hergestellt aus hochwertigen Materialien, sind diese Sneaker besonders langlebig. Ob beim Sport oder beim Einkaufen \u00e2\u20ac\u201c mit diesen Sneakern siehst du immer stylisch aus und f\u00c3\u00bchlst dich rundum wohl.<\/p>\n<p>Style-Code: DV7413-100<\/p>\n<p>Farbe: Tan<\/p>\n<p>Saison: Winter<\/p>\n<p>Erscheinungsjahr: 2023<\/p>\n","protected":false},"excerpt":{"rendered":"<p>Die Nike Air Max 90 Terrascape Sneaker in den Farben Tan, Orange und Gr\u00c3\u00bcn vereinen Style und Funktionalit\u00c3\u00a4t perfekt. Diese von Nike designten Sneaker bestechen durch ihre einzigartige Farbkombination aus Tan, Orange und Gr\u00c3\u00bcn. Dank der legend\u00c3\u00a4ren Air Max Technologie bieten sie hervorragende D\u00c3\u00a4mpfung und h\u00c3\u00b6chsten Tragekomfort. Hergestellt aus hochwertigen Materialien, sind diese Sneaker besonders [&hellip;]<\/p>\n","protected":false},"featured_media":456563,"comment_status":"open","ping_status":"closed","template":"","meta":[],"product_brand":[],"product_cat":[39927,38842,10803],"product_tag":[10754,10765,10801,10768,10758],"class_list":{"0":"post-456562","1":"product","2":"type-product","3":"status-publish","4":"has-post-thumbnail","6":"product_cat-lifestyle-shoes","7":"product_cat-gender-men","8":"product_cat-nike","9":"product_tag-lifestyle-casual-shoes","10":"product_tag-lifestyle-shoes-running-inspired","11":"product_tag-nike","12":"product_tag-retro-running-shoes","13":"product_tag-under-retail","14":"wcpa_has_options","16":"first","17":"instock","18":"taxable","19":"shipping-taxable","20":"purchasable","21":"product-type-simple"},"wcpa_form_fields":{"rules":{"pric_overide_base_price":false,"pric_overide_base_price_if_gt_zero":false,"pric_overide_base_price_fully":false,"pric_cal_option_once":false,"pric_use_as_fee":false,"bind_quantity":false,"quantity_bind_formula":false},"fields":[{"type":"color-group","required":true,"elementId":"wcpa-color-group-66c4a75505e74","label":"Gr\u00f6\u00dfe - EU Gr\u00f6\u00dfe","inline":true,"priceOptions":"different_for_all","pricingType":"fixed","className":"hassizechart product-shoes-size-eu product-shoes-size","name":"color-group-66c4a75505e89","disp_type":"square","selection_type":"tick-border","disp_size":"44","show_label_inside":true,"adjust_width":true,"cart_display_type":"text","other_text":"Other","cl_rule":"show","col":6,"values":[{"label":"35.5","value":"EU 35.5","price":"","pimage":"","pimage_id":"","pthumb":"","color":""},{"label":"36","value":"EU 36","price":"","pimage":"","pimage_id":"","pthumb":"","color":"","selected":true},{"label":"36.5","value":"EU 36.5","price":"","pimage":"","pimage_id":"","pthumb":"","color":""},{"label":"37.5","value":"EU 37.5","price":"","pimage":"","pimage_id":"","pthumb":"","color":""},{"label":"38","value":"EU 38","price":"","pimage":"","pimage_id":"","pthumb":"","color":""},{"label":"38.5","value":"EU 38.5","price":"","pimage":"","pimage_id":"","pthumb":"","color":""},{"label":"39","value":"EU 39","price":"","pimage":"","pimage_id":"","pthumb":"","color":""},{"label":"40","value":"EU 40","price":"","pimage":"","pimage_id":"","pthumb":"","color":""},{"label":"40.5","value":"EU 40.5","price":"","pimage":"","pimage_id":"","pthumb":"","color":""},{"label":"41","value":"EU 41","price":"","pimage":"","pimage_id":"","pthumb":"","color":""},{"label":"42","value":"EU 42","price":"","pimage":"","pimage_id":"","pthumb":"","color":""},{"label":"42.5","value":"EU 42.5","price":"","pimage":"","pimage_id":"","pthumb":"","color":""},{"label":"43","value":"EU 43","price":"","pimage":"","pimage_id":"","pthumb":"","color":""},{"label":"44","value":"EU 44","price":"","pimage":"","pimage_id":"","pthumb":"","color":""},{"label":"44.5","value":"EU 44.5","price":"","pimage":"","pimage_id":"","pthumb":"","color":""},{"label":"45","value":"EU 45","price":"","pimage":"","pimage_id":"","pthumb":"","color":""},{"label":"45.5","value":"EU 45.5","price":"","pimage":"","pimage_id":"","pthumb":"","color":""},{"label":"46","value":"EU 46","price":"","pimage":"","pimage_id":"","pthumb":"","color":""},{"label":"47","value":"EU 47","price":"","pimage":"","pimage_id":"","pthumb":"","color":""},{"label":"47.5","value":"EU 47.5","price":"","pimage":"","pimage_id":"","pthumb":"","color":""},{"label":"48","value":"EU 48","price":"","pimage":"","pimage_id":"","pthumb":"","color":""}],"relations":[{"operator":false,"rules":[]}],"form_id":18106,"form_rules":{"pric_cal_option_once":false,"exclude_from_discount":false,"pric_use_as_fee":false,"fee_label":"Fee","render_after_acb":false,"disp_hide_options_price":false}}]},"yoast_head":"<!-- This site is optimized with the Yoast SEO plugin v26.5 - https:\/\/yoast.com\/wordpress\/plugins\/seo\/ -->\n<title>Nike Air Max 90 Terrascape &#039;Tan Orange Green&#039; DV7413-100 - Tourcruiser PTE. LTD<\/title>\n<meta name=\"robots\" content=\"index, follow, max-snippet:-1, max-image-preview:large, max-video-preview:-1\" \/>\n<link rel=\"canonical\" href=\"https:\/\/tourcruiser.com\/de\/products\/nike-air-max-90-terrascape-tan-orange-green-dv7413-100\/\" \/>\n<meta property=\"og:locale\" content=\"de_DE\" \/>\n<meta property=\"og:type\" content=\"article\" \/>\n<meta property=\"og:title\" content=\"Nike Air Max 90 Terrascape &#039;Tan Orange Green&#039; DV7413-100 - Tourcruiser PTE. LTD\" \/>\n<meta property=\"og:description\" content=\"Die Nike Air Max 90 Terrascape Sneaker in den Farben Tan, Orange und Gr\u00c3\u00bcn vereinen Style und Funktionalit\u00c3\u00a4t perfekt. Diese von Nike designten Sneaker bestechen durch ihre einzigartige Farbkombination aus Tan, Orange und Gr\u00c3\u00bcn. Dank der legend\u00c3\u00a4ren Air Max Technologie bieten sie hervorragende D\u00c3\u00a4mpfung und h\u00c3\u00b6chsten Tragekomfort. Hergestellt aus hochwertigen Materialien, sind diese Sneaker besonders [&hellip;]\" \/>\n<meta property=\"og:url\" content=\"https:\/\/tourcruiser.com\/de\/products\/nike-air-max-90-terrascape-tan-orange-green-dv7413-100\/\" \/>\n<meta property=\"og:site_name\" content=\"Tourcruiser Sneaker Store\" \/>\n<meta name=\"twitter:card\" content=\"summary_large_image\" \/>\n<meta name=\"twitter:image\" content=\"https:\/\/images.novelship.com\/product\/nike_air_max_90_terrascape__tan_orange_green__0_42820.octet-stream\" \/>\n<script type=\"application\/ld+json\" class=\"yoast-schema-graph\">{\"@context\":\"https:\/\/schema.org\",\"@graph\":[{\"@type\":\"WebPage\",\"@id\":\"https:\/\/tourcruiser.com\/de\/products\/nike-air-max-90-terrascape-tan-orange-green-dv7413-100\/\",\"url\":\"https:\/\/tourcruiser.com\/de\/products\/nike-air-max-90-terrascape-tan-orange-green-dv7413-100\/\",\"name\":\"Nike Air Max 90 Terrascape 'Tan Orange Green' DV7413-100 - Tourcruiser PTE. LTD\",\"isPartOf\":{\"@id\":\"https:\/\/tourcruiser.com\/de\/#website\"},\"primaryImageOfPage\":{\"@id\":\"https:\/\/tourcruiser.com\/de\/products\/nike-air-max-90-terrascape-tan-orange-green-dv7413-100\/#primaryimage\"},\"image\":{\"@id\":\"https:\/\/tourcruiser.com\/de\/products\/nike-air-max-90-terrascape-tan-orange-green-dv7413-100\/#primaryimage\"},\"thumbnailUrl\":\"https:\/\/images.novelship.com\/product\/nike_air_max_90_terrascape__tan_orange_green__0_42820.octet-stream\",\"datePublished\":\"2026-03-21T05:06:00+00:00\",\"breadcrumb\":{\"@id\":\"https:\/\/tourcruiser.com\/de\/products\/nike-air-max-90-terrascape-tan-orange-green-dv7413-100\/#breadcrumb\"},\"inLanguage\":\"de\",\"potentialAction\":[{\"@type\":\"ReadAction\",\"target\":[\"https:\/\/tourcruiser.com\/de\/products\/nike-air-max-90-terrascape-tan-orange-green-dv7413-100\/\"]}]},{\"@type\":\"ImageObject\",\"inLanguage\":\"de\",\"@id\":\"https:\/\/tourcruiser.com\/de\/products\/nike-air-max-90-terrascape-tan-orange-green-dv7413-100\/#primaryimage\",\"url\":\"https:\/\/images.novelship.com\/product\/nike_air_max_90_terrascape__tan_orange_green__0_42820.octet-stream\",\"contentUrl\":\"https:\/\/images.novelship.com\/product\/nike_air_max_90_terrascape__tan_orange_green__0_42820.octet-stream\"},{\"@type\":\"BreadcrumbList\",\"@id\":\"https:\/\/tourcruiser.com\/de\/products\/nike-air-max-90-terrascape-tan-orange-green-dv7413-100\/#breadcrumb\",\"itemListElement\":[{\"@type\":\"ListItem\",\"position\":1,\"name\":\"Home\",\"item\":\"https:\/\/tourcruiser.com\/de\/\"},{\"@type\":\"ListItem\",\"position\":2,\"name\":\"Shop\",\"item\":\"https:\/\/tourcruiser.com\/de\/shop\/\"},{\"@type\":\"ListItem\",\"position\":3,\"name\":\"Nike Air Max 90 Terrascape 'Tan Orange Green' DV7413-100\"}]},{\"@type\":\"WebSite\",\"@id\":\"https:\/\/tourcruiser.com\/de\/#website\",\"url\":\"https:\/\/tourcruiser.com\/de\/\",\"name\":\"Styloral Jewelry Shop\",\"description\":\"Tourcruiser Sneaker Store \u2014 der Ort, an dem das Universum deine Einzigartigkeit trifft.\",\"publisher\":{\"@id\":\"https:\/\/tourcruiser.com\/de\/#organization\"},\"potentialAction\":[{\"@type\":\"SearchAction\",\"target\":{\"@type\":\"EntryPoint\",\"urlTemplate\":\"https:\/\/tourcruiser.com\/de\/?s={search_term_string}\"},\"query-input\":{\"@type\":\"PropertyValueSpecification\",\"valueRequired\":true,\"valueName\":\"search_term_string\"}}],\"inLanguage\":\"de\"},{\"@type\":\"Organization\",\"@id\":\"https:\/\/tourcruiser.com\/de\/#organization\",\"name\":\"STYLORAL PTE. LTD\",\"url\":\"https:\/\/tourcruiser.com\/de\/\",\"logo\":{\"@type\":\"ImageObject\",\"inLanguage\":\"de\",\"@id\":\"https:\/\/tourcruiser.com\/de\/#\/schema\/logo\/image\/\",\"url\":\"https:\/\/www.tourcruiser.com\/wp-content\/uploads\/2025\/12\/logo.png\",\"contentUrl\":\"https:\/\/www.tourcruiser.com\/wp-content\/uploads\/2025\/12\/logo.png\",\"width\":200,\"height\":65,\"caption\":\"STYLORAL PTE. LTD\"},\"image\":{\"@id\":\"https:\/\/tourcruiser.com\/de\/#\/schema\/logo\/image\/\"}}]}<\/script>\n<!-- \/ Yoast SEO plugin. -->","yoast_head_json":{"title":"Nike Air Max 90 Terrascape 'Tan Orange Green' DV7413-100 - Tourcruiser PTE. LTD","robots":{"index":"index","follow":"follow","max-snippet":"max-snippet:-1","max-image-preview":"max-image-preview:large","max-video-preview":"max-video-preview:-1"},"canonical":"https:\/\/tourcruiser.com\/de\/products\/nike-air-max-90-terrascape-tan-orange-green-dv7413-100\/","og_locale":"de_DE","og_type":"article","og_title":"Nike Air Max 90 Terrascape 'Tan Orange Green' DV7413-100 - Tourcruiser PTE. LTD","og_description":"Die Nike Air Max 90 Terrascape Sneaker in den Farben Tan, Orange und Gr\u00c3\u00bcn vereinen Style und Funktionalit\u00c3\u00a4t perfekt. Diese von Nike designten Sneaker bestechen durch ihre einzigartige Farbkombination aus Tan, Orange und Gr\u00c3\u00bcn. Dank der legend\u00c3\u00a4ren Air Max Technologie bieten sie hervorragende D\u00c3\u00a4mpfung und h\u00c3\u00b6chsten Tragekomfort. Hergestellt aus hochwertigen Materialien, sind diese Sneaker besonders [&hellip;]","og_url":"https:\/\/tourcruiser.com\/de\/products\/nike-air-max-90-terrascape-tan-orange-green-dv7413-100\/","og_site_name":"Tourcruiser Sneaker Store","twitter_card":"summary_large_image","twitter_image":"https:\/\/images.novelship.com\/product\/nike_air_max_90_terrascape__tan_orange_green__0_42820.octet-stream","schema":{"@context":"https:\/\/schema.org","@graph":[{"@type":"WebPage","@id":"https:\/\/tourcruiser.com\/de\/products\/nike-air-max-90-terrascape-tan-orange-green-dv7413-100\/","url":"https:\/\/tourcruiser.com\/de\/products\/nike-air-max-90-terrascape-tan-orange-green-dv7413-100\/","name":"Nike Air Max 90 Terrascape 'Tan Orange Green' DV7413-100 - Tourcruiser PTE. LTD","isPartOf":{"@id":"https:\/\/tourcruiser.com\/de\/#website"},"primaryImageOfPage":{"@id":"https:\/\/tourcruiser.com\/de\/products\/nike-air-max-90-terrascape-tan-orange-green-dv7413-100\/#primaryimage"},"image":{"@id":"https:\/\/tourcruiser.com\/de\/products\/nike-air-max-90-terrascape-tan-orange-green-dv7413-100\/#primaryimage"},"thumbnailUrl":"https:\/\/images.novelship.com\/product\/nike_air_max_90_terrascape__tan_orange_green__0_42820.octet-stream","datePublished":"2026-03-21T05:06:00+00:00","breadcrumb":{"@id":"https:\/\/tourcruiser.com\/de\/products\/nike-air-max-90-terrascape-tan-orange-green-dv7413-100\/#breadcrumb"},"inLanguage":"de","potentialAction":[{"@type":"ReadAction","target":["https:\/\/tourcruiser.com\/de\/products\/nike-air-max-90-terrascape-tan-orange-green-dv7413-100\/"]}]},{"@type":"ImageObject","inLanguage":"de","@id":"https:\/\/tourcruiser.com\/de\/products\/nike-air-max-90-terrascape-tan-orange-green-dv7413-100\/#primaryimage","url":"https:\/\/images.novelship.com\/product\/nike_air_max_90_terrascape__tan_orange_green__0_42820.octet-stream","contentUrl":"https:\/\/images.novelship.com\/product\/nike_air_max_90_terrascape__tan_orange_green__0_42820.octet-stream"},{"@type":"BreadcrumbList","@id":"https:\/\/tourcruiser.com\/de\/products\/nike-air-max-90-terrascape-tan-orange-green-dv7413-100\/#breadcrumb","itemListElement":[{"@type":"ListItem","position":1,"name":"Home","item":"https:\/\/tourcruiser.com\/de\/"},{"@type":"ListItem","position":2,"name":"Shop","item":"https:\/\/tourcruiser.com\/de\/shop\/"},{"@type":"ListItem","position":3,"name":"Nike Air Max 90 Terrascape 'Tan Orange Green' DV7413-100"}]},{"@type":"WebSite","@id":"https:\/\/tourcruiser.com\/de\/#website","url":"https:\/\/tourcruiser.com\/de\/","name":"Styloral Jewelry Shop","description":"Tourcruiser Sneaker Store \u2014 der Ort, an dem das Universum deine Einzigartigkeit trifft.","publisher":{"@id":"https:\/\/tourcruiser.com\/de\/#organization"},"potentialAction":[{"@type":"SearchAction","target":{"@type":"EntryPoint","urlTemplate":"https:\/\/tourcruiser.com\/de\/?s={search_term_string}"},"query-input":{"@type":"PropertyValueSpecification","valueRequired":true,"valueName":"search_term_string"}}],"inLanguage":"de"},{"@type":"Organization","@id":"https:\/\/tourcruiser.com\/de\/#organization","name":"STYLORAL PTE. LTD","url":"https:\/\/tourcruiser.com\/de\/","logo":{"@type":"ImageObject","inLanguage":"de","@id":"https:\/\/tourcruiser.com\/de\/#\/schema\/logo\/image\/","url":"https:\/\/www.tourcruiser.com\/wp-content\/uploads\/2025\/12\/logo.png","contentUrl":"https:\/\/www.tourcruiser.com\/wp-content\/uploads\/2025\/12\/logo.png","width":200,"height":65,"caption":"STYLORAL PTE. LTD"},"image":{"@id":"https:\/\/tourcruiser.com\/de\/#\/schema\/logo\/image\/"}}]}},"_links":{"self":[{"href":"https:\/\/tourcruiser.com\/de\/wp-json\/wp\/v2\/product\/456562","targetHints":{"allow":["GET"]}}],"collection":[{"href":"https:\/\/tourcruiser.com\/de\/wp-json\/wp\/v2\/product"}],"about":[{"href":"https:\/\/tourcruiser.com\/de\/wp-json\/wp\/v2\/types\/product"}],"replies":[{"embeddable":true,"href":"https:\/\/tourcruiser.com\/de\/wp-json\/wp\/v2\/comments?post=456562"}],"wp:featuredmedia":[{"embeddable":true,"href":"https:\/\/tourcruiser.com\/de\/wp-json\/wp\/v2\/media\/456563"}],"wp:attachment":[{"href":"https:\/\/tourcruiser.com\/de\/wp-json\/wp\/v2\/media?parent=456562"}],"wp:term":[{"taxonomy":"product_brand","embeddable":true,"href":"https:\/\/tourcruiser.com\/de\/wp-json\/wp\/v2\/product_brand?post=456562"},{"taxonomy":"product_cat","embeddable":true,"href":"https:\/\/tourcruiser.com\/de\/wp-json\/wp\/v2\/product_cat?post=456562"},{"taxonomy":"product_tag","embeddable":true,"href":"https:\/\/tourcruiser.com\/de\/wp-json\/wp\/v2\/product_tag?post=456562"}],"curies":[{"name":"wp","href":"https:\/\/api.w.org\/{rel}","templated":true}]}}