{"id":45501,"date":"2026-03-02T15:01:29","date_gmt":"2026-03-02T08:01:29","guid":{"rendered":"http:\/\/tourcruiser.com\/product\/women-nike-zoom-fly-6-barely-volt"},"modified":"2026-03-28T00:53:52","modified_gmt":"2026-03-27T17:53:52","slug":"women-nike-zoom-fly-6-barely-volt","status":"publish","type":"product","link":"https:\/\/tourcruiser.com\/de\/products\/women-nike-zoom-fly-6-barely-volt\/","title":{"rendered":"(Women) Nike Zoom Fly 6 &#8218;Barely Volt&#8216;"},"content":{"rendered":"<p>Erlebe unvergleichliche Geschwindigkeit und Komfort mit dem Nike Zoom Fly 6 FN8455-701, einem leichten Laufschuh, der deine Leistung bei jedem Training und Wettkampf steigert. Dank der fortschrittlichen Nike ZoomX-Schaumstoffd\u00e4mpfung bietet dieser Schuh eine reaktionsschnelle Energier\u00fcckgabe und sorgt so f\u00fcr ein leichtes Laufgef\u00fchl Kilometer f\u00fcr Kilometer. Das strapazierf\u00e4hige und atmungsaktive Mesh-Obermaterial gew\u00e4hrleistet optimale Bel\u00fcftung und h\u00e4lt deine F\u00fc\u00dfe auch bei intensiven Trainingseinheiten k\u00fchl und komfortabel.<\/p>\n<p>Die federnde Carbonfaserplatte in der Mittelsohle bietet dynamischen Vortrieb und erm\u00f6glicht einen geschmeidigen und effizienten Laufstil vom Start bis zum Ziel. Mit seinem modernen, auff\u00e4lligen Farbdesign vereint der Nike Zoom Fly 6 Leistung und Stil und ist damit perfekt f\u00fcr Athleten, die sich nicht nur gut f\u00fchlen, sondern auch gut aussehen wollen. Eine robuste Au\u00dfensohle mit zuverl\u00e4ssiger Traktion bietet Stabilit\u00e4t auf verschiedenen Untergr\u00fcnden, egal ob du auf der Stra\u00dfe, der Bahn oder im Gel\u00e4nde trainierst.<\/p>\n<p>Der Nike Zoom Fly 6 FN8455-701 wurde sowohl f\u00fcr erfahrene L\u00e4ufer als auch f\u00fcr Einsteiger entwickelt und vereint innovative Technologie mit einem eleganten Design, damit du deine Grenzen \u00fcberwinden und deine Ziele erreichen kannst. Egal, ob du pers\u00f6nliche Bestzeiten jagst oder einfach nur ganzt\u00e4gigen Tragekomfort suchst \u201d\u201c dieser Laufschuh ist der perfekte Begleiter f\u00fcr all deine Ziele.<\/p>\n<ul>\n<li><strong>Farbgebung:<\/strong> Barely Volt\/Vault\/Blue Tint\/Off Noir<\/li>\n<li><strong>Artikelnummer:<\/strong> FN8455-701<\/li>\n<li><strong>Obermaterial:<\/strong> Mesh<\/li>\n<li><strong>Mittelsohle:<\/strong> Zoom X<\/li>\n<li><strong>Farbe:<\/strong> Gr\u00fcn<\/li>\n<\/ul>\n","protected":false},"excerpt":{"rendered":"<p>Nike Zoom Fly 6 \u201d\u201d Barely Volt\/Vault\/Blue Tint\/Off Noir<\/p>\n","protected":false},"featured_media":45502,"comment_status":"open","ping_status":"closed","template":"","meta":[],"product_brand":[],"product_cat":[10809],"product_tag":[11026,10801,10839,10802,10840,10758],"class_list":{"0":"post-45501","1":"product","2":"type-product","3":"status-publish","4":"has-post-thumbnail","6":"product_cat-nike-women","7":"product_tag-carbon-plated-running-shoes","8":"product_tag-nike","9":"product_tag-performance-running-shoes","10":"product_tag-performance-sport-shoes","11":"product_tag-running-shoes","12":"product_tag-under-retail","13":"wcpa_has_options","15":"first","16":"outofstock","17":"sale","18":"taxable","19":"shipping-taxable","20":"purchasable","21":"product-type-simple"},"wcpa_form_fields":{"rules":{"pric_overide_base_price":false,"pric_overide_base_price_if_gt_zero":false,"pric_overide_base_price_fully":false,"pric_cal_option_once":false,"pric_use_as_fee":false,"bind_quantity":false,"quantity_bind_formula":false},"fields":[{"type":"color-group","required":true,"elementId":"wcpa-color-group-66c4a75505e74","label":"Gr\u00f6\u00dfe - EU Gr\u00f6\u00dfe","inline":true,"priceOptions":"different_for_all","pricingType":"fixed","className":"hassizechart product-shoes-size-eu product-shoes-size","name":"color-group-66c4a75505e89","disp_type":"square","selection_type":"tick-border","disp_size":"44","show_label_inside":true,"adjust_width":true,"cart_display_type":"text","other_text":"Other","cl_rule":"show","col":6,"values":[{"label":"35.5","value":"EU 35.5","price":"","pimage":"","pimage_id":"","pthumb":"","color":""},{"label":"36","value":"EU 36","price":"","pimage":"","pimage_id":"","pthumb":"","color":"","selected":true},{"label":"36.5","value":"EU 36.5","price":"","pimage":"","pimage_id":"","pthumb":"","color":""},{"label":"37.5","value":"EU 37.5","price":"","pimage":"","pimage_id":"","pthumb":"","color":""},{"label":"38","value":"EU 38","price":"","pimage":"","pimage_id":"","pthumb":"","color":""},{"label":"38.5","value":"EU 38.5","price":"","pimage":"","pimage_id":"","pthumb":"","color":""},{"label":"39","value":"EU 39","price":"","pimage":"","pimage_id":"","pthumb":"","color":""},{"label":"40","value":"EU 40","price":"","pimage":"","pimage_id":"","pthumb":"","color":""},{"label":"40.5","value":"EU 40.5","price":"","pimage":"","pimage_id":"","pthumb":"","color":""},{"label":"41","value":"EU 41","price":"","pimage":"","pimage_id":"","pthumb":"","color":""},{"label":"42","value":"EU 42","price":"","pimage":"","pimage_id":"","pthumb":"","color":""},{"label":"42.5","value":"EU 42.5","price":"","pimage":"","pimage_id":"","pthumb":"","color":""},{"label":"43","value":"EU 43","price":"","pimage":"","pimage_id":"","pthumb":"","color":""},{"label":"44","value":"EU 44","price":"","pimage":"","pimage_id":"","pthumb":"","color":""},{"label":"44.5","value":"EU 44.5","price":"","pimage":"","pimage_id":"","pthumb":"","color":""},{"label":"45","value":"EU 45","price":"","pimage":"","pimage_id":"","pthumb":"","color":""},{"label":"45.5","value":"EU 45.5","price":"","pimage":"","pimage_id":"","pthumb":"","color":""},{"label":"46","value":"EU 46","price":"","pimage":"","pimage_id":"","pthumb":"","color":""},{"label":"47","value":"EU 47","price":"","pimage":"","pimage_id":"","pthumb":"","color":""},{"label":"47.5","value":"EU 47.5","price":"","pimage":"","pimage_id":"","pthumb":"","color":""},{"label":"48","value":"EU 48","price":"","pimage":"","pimage_id":"","pthumb":"","color":""}],"relations":[{"operator":false,"rules":[]}],"form_id":18106,"form_rules":{"pric_cal_option_once":false,"exclude_from_discount":false,"pric_use_as_fee":false,"fee_label":"Fee","render_after_acb":false,"disp_hide_options_price":false}}]},"yoast_head":"<!-- This site is optimized with the Yoast SEO plugin v26.5 - https:\/\/yoast.com\/wordpress\/plugins\/seo\/ -->\n<title>(Women) Nike Zoom Fly 6 &#039;Barely Volt&#039;  - Tourcruiser PTE. LTD<\/title>\n<meta name=\"robots\" content=\"index, follow, max-snippet:-1, max-image-preview:large, max-video-preview:-1\" \/>\n<link rel=\"canonical\" href=\"https:\/\/tourcruiser.com\/de\/products\/women-nike-zoom-fly-6-barely-volt\/\" \/>\n<meta property=\"og:locale\" content=\"de_DE\" \/>\n<meta property=\"og:type\" content=\"article\" \/>\n<meta property=\"og:title\" content=\"(Women) Nike Zoom Fly 6 &#039;Barely Volt&#039;  - Tourcruiser PTE. LTD\" \/>\n<meta property=\"og:description\" content=\"Nike Zoom Fly 6 \u201d\u201d Barely Volt\/Vault\/Blue Tint\/Off Noir\" \/>\n<meta property=\"og:url\" content=\"https:\/\/tourcruiser.com\/de\/products\/women-nike-zoom-fly-6-barely-volt\/\" \/>\n<meta property=\"og:site_name\" content=\"Tourcruiser Sneaker Store\" \/>\n<meta property=\"article:modified_time\" content=\"2026-03-27T17:53:52+00:00\" \/>\n<meta name=\"twitter:card\" content=\"summary_large_image\" \/>\n<meta name=\"twitter:image\" content=\"https:\/\/images.novelship.com\/product\/_w__nike_zoom_fly_6_fn8455-701_0_14745.png;https:\/\/images.novelship.com\/product\/_w__nike_zoom_fly_6_fn8455-701_1_14745.png;https:\/\/images.novelship.com\/product\/_w__nike_zoom_fly_6_fn8455-701_2_14745.png;https:\/\/images.novelship.com\/product\/_w__nike_zoom_fly_6_fn8455-701_3_14745.png;https:\/\/images.novelship.com\/product\/_w__nike_zoom_fly_6_fn8455-701_4_14745.png;https:\/\/images.novelship.com\/product\/_w__nike_zoom_fly_6_fn8455-701_5_14745.png;https:\/\/images.novelship.com\/product\/_w__nike_zoom_fly_6_fn8455-701_6_14745.png;https:\/\/images.novelship.com\/product\/_w__nike_zoom_fly_6_fn8455-701_7_14745.png;https:\/\/images.novelship.com\/product\/_w__nike_zoom_fly_6_fn8455-701_8_14745.png\" \/>\n<meta name=\"twitter:label1\" content=\"Gesch\u00e4tzte Lesezeit\" \/>\n\t<meta name=\"twitter:data1\" content=\"1\u00a0Minute\" \/>\n<script type=\"application\/ld+json\" class=\"yoast-schema-graph\">{\"@context\":\"https:\/\/schema.org\",\"@graph\":[{\"@type\":\"WebPage\",\"@id\":\"https:\/\/tourcruiser.com\/de\/products\/women-nike-zoom-fly-6-barely-volt\/\",\"url\":\"https:\/\/tourcruiser.com\/de\/products\/women-nike-zoom-fly-6-barely-volt\/\",\"name\":\"(Women) Nike Zoom Fly 6 'Barely Volt' - Tourcruiser PTE. LTD\",\"isPartOf\":{\"@id\":\"https:\/\/tourcruiser.com\/de\/#website\"},\"primaryImageOfPage\":{\"@id\":\"https:\/\/tourcruiser.com\/de\/products\/women-nike-zoom-fly-6-barely-volt\/#primaryimage\"},\"image\":{\"@id\":\"https:\/\/tourcruiser.com\/de\/products\/women-nike-zoom-fly-6-barely-volt\/#primaryimage\"},\"thumbnailUrl\":\"https:\/\/images.novelship.com\/product\/_w__nike_zoom_fly_6_fn8455-701_0_14745.png;https:\/\/images.novelship.com\/product\/_w__nike_zoom_fly_6_fn8455-701_1_14745.png;https:\/\/images.novelship.com\/product\/_w__nike_zoom_fly_6_fn8455-701_2_14745.png;https:\/\/images.novelship.com\/product\/_w__nike_zoom_fly_6_fn8455-701_3_14745.png;https:\/\/images.novelship.com\/product\/_w__nike_zoom_fly_6_fn8455-701_4_14745.png;https:\/\/images.novelship.com\/product\/_w__nike_zoom_fly_6_fn8455-701_5_14745.png;https:\/\/images.novelship.com\/product\/_w__nike_zoom_fly_6_fn8455-701_6_14745.png;https:\/\/images.novelship.com\/product\/_w__nike_zoom_fly_6_fn8455-701_7_14745.png;https:\/\/images.novelship.com\/product\/_w__nike_zoom_fly_6_fn8455-701_8_14745.png\",\"datePublished\":\"2026-03-02T08:01:29+00:00\",\"dateModified\":\"2026-03-27T17:53:52+00:00\",\"breadcrumb\":{\"@id\":\"https:\/\/tourcruiser.com\/de\/products\/women-nike-zoom-fly-6-barely-volt\/#breadcrumb\"},\"inLanguage\":\"de\",\"potentialAction\":[{\"@type\":\"ReadAction\",\"target\":[\"https:\/\/tourcruiser.com\/de\/products\/women-nike-zoom-fly-6-barely-volt\/\"]}]},{\"@type\":\"ImageObject\",\"inLanguage\":\"de\",\"@id\":\"https:\/\/tourcruiser.com\/de\/products\/women-nike-zoom-fly-6-barely-volt\/#primaryimage\",\"url\":\"https:\/\/images.novelship.com\/product\/_w__nike_zoom_fly_6_fn8455-701_0_14745.png;https:\/\/images.novelship.com\/product\/_w__nike_zoom_fly_6_fn8455-701_1_14745.png;https:\/\/images.novelship.com\/product\/_w__nike_zoom_fly_6_fn8455-701_2_14745.png;https:\/\/images.novelship.com\/product\/_w__nike_zoom_fly_6_fn8455-701_3_14745.png;https:\/\/images.novelship.com\/product\/_w__nike_zoom_fly_6_fn8455-701_4_14745.png;https:\/\/images.novelship.com\/product\/_w__nike_zoom_fly_6_fn8455-701_5_14745.png;https:\/\/images.novelship.com\/product\/_w__nike_zoom_fly_6_fn8455-701_6_14745.png;https:\/\/images.novelship.com\/product\/_w__nike_zoom_fly_6_fn8455-701_7_14745.png;https:\/\/images.novelship.com\/product\/_w__nike_zoom_fly_6_fn8455-701_8_14745.png\",\"contentUrl\":\"https:\/\/images.novelship.com\/product\/_w__nike_zoom_fly_6_fn8455-701_0_14745.png;https:\/\/images.novelship.com\/product\/_w__nike_zoom_fly_6_fn8455-701_1_14745.png;https:\/\/images.novelship.com\/product\/_w__nike_zoom_fly_6_fn8455-701_2_14745.png;https:\/\/images.novelship.com\/product\/_w__nike_zoom_fly_6_fn8455-701_3_14745.png;https:\/\/images.novelship.com\/product\/_w__nike_zoom_fly_6_fn8455-701_4_14745.png;https:\/\/images.novelship.com\/product\/_w__nike_zoom_fly_6_fn8455-701_5_14745.png;https:\/\/images.novelship.com\/product\/_w__nike_zoom_fly_6_fn8455-701_6_14745.png;https:\/\/images.novelship.com\/product\/_w__nike_zoom_fly_6_fn8455-701_7_14745.png;https:\/\/images.novelship.com\/product\/_w__nike_zoom_fly_6_fn8455-701_8_14745.png\"},{\"@type\":\"BreadcrumbList\",\"@id\":\"https:\/\/tourcruiser.com\/de\/products\/women-nike-zoom-fly-6-barely-volt\/#breadcrumb\",\"itemListElement\":[{\"@type\":\"ListItem\",\"position\":1,\"name\":\"Home\",\"item\":\"https:\/\/tourcruiser.com\/de\/\"},{\"@type\":\"ListItem\",\"position\":2,\"name\":\"Shop\",\"item\":\"https:\/\/tourcruiser.com\/de\/shop\/\"},{\"@type\":\"ListItem\",\"position\":3,\"name\":\"(Women) Nike Zoom Fly 6 'Barely Volt'\"}]},{\"@type\":\"WebSite\",\"@id\":\"https:\/\/tourcruiser.com\/de\/#website\",\"url\":\"https:\/\/tourcruiser.com\/de\/\",\"name\":\"Styloral Jewelry Shop\",\"description\":\"Tourcruiser Sneaker Store \u2014 der Ort, an dem das Universum deine Einzigartigkeit trifft.\",\"publisher\":{\"@id\":\"https:\/\/tourcruiser.com\/de\/#organization\"},\"potentialAction\":[{\"@type\":\"SearchAction\",\"target\":{\"@type\":\"EntryPoint\",\"urlTemplate\":\"https:\/\/tourcruiser.com\/de\/?s={search_term_string}\"},\"query-input\":{\"@type\":\"PropertyValueSpecification\",\"valueRequired\":true,\"valueName\":\"search_term_string\"}}],\"inLanguage\":\"de\"},{\"@type\":\"Organization\",\"@id\":\"https:\/\/tourcruiser.com\/de\/#organization\",\"name\":\"STYLORAL PTE. LTD\",\"url\":\"https:\/\/tourcruiser.com\/de\/\",\"logo\":{\"@type\":\"ImageObject\",\"inLanguage\":\"de\",\"@id\":\"https:\/\/tourcruiser.com\/de\/#\/schema\/logo\/image\/\",\"url\":\"https:\/\/www.tourcruiser.com\/wp-content\/uploads\/2025\/12\/logo.png\",\"contentUrl\":\"https:\/\/www.tourcruiser.com\/wp-content\/uploads\/2025\/12\/logo.png\",\"width\":200,\"height\":65,\"caption\":\"STYLORAL PTE. LTD\"},\"image\":{\"@id\":\"https:\/\/tourcruiser.com\/de\/#\/schema\/logo\/image\/\"}}]}<\/script>\n<!-- \/ Yoast SEO plugin. -->","yoast_head_json":{"title":"(Women) Nike Zoom Fly 6 'Barely Volt'  - Tourcruiser PTE. LTD","robots":{"index":"index","follow":"follow","max-snippet":"max-snippet:-1","max-image-preview":"max-image-preview:large","max-video-preview":"max-video-preview:-1"},"canonical":"https:\/\/tourcruiser.com\/de\/products\/women-nike-zoom-fly-6-barely-volt\/","og_locale":"de_DE","og_type":"article","og_title":"(Women) Nike Zoom Fly 6 'Barely Volt'  - Tourcruiser PTE. LTD","og_description":"Nike Zoom Fly 6 \u201d\u201d Barely Volt\/Vault\/Blue Tint\/Off Noir","og_url":"https:\/\/tourcruiser.com\/de\/products\/women-nike-zoom-fly-6-barely-volt\/","og_site_name":"Tourcruiser Sneaker Store","article_modified_time":"2026-03-27T17:53:52+00:00","twitter_card":"summary_large_image","twitter_image":"https:\/\/images.novelship.com\/product\/_w__nike_zoom_fly_6_fn8455-701_0_14745.png;https:\/\/images.novelship.com\/product\/_w__nike_zoom_fly_6_fn8455-701_1_14745.png;https:\/\/images.novelship.com\/product\/_w__nike_zoom_fly_6_fn8455-701_2_14745.png;https:\/\/images.novelship.com\/product\/_w__nike_zoom_fly_6_fn8455-701_3_14745.png;https:\/\/images.novelship.com\/product\/_w__nike_zoom_fly_6_fn8455-701_4_14745.png;https:\/\/images.novelship.com\/product\/_w__nike_zoom_fly_6_fn8455-701_5_14745.png;https:\/\/images.novelship.com\/product\/_w__nike_zoom_fly_6_fn8455-701_6_14745.png;https:\/\/images.novelship.com\/product\/_w__nike_zoom_fly_6_fn8455-701_7_14745.png;https:\/\/images.novelship.com\/product\/_w__nike_zoom_fly_6_fn8455-701_8_14745.png","twitter_misc":{"Gesch\u00e4tzte Lesezeit":"1\u00a0Minute"},"schema":{"@context":"https:\/\/schema.org","@graph":[{"@type":"WebPage","@id":"https:\/\/tourcruiser.com\/de\/products\/women-nike-zoom-fly-6-barely-volt\/","url":"https:\/\/tourcruiser.com\/de\/products\/women-nike-zoom-fly-6-barely-volt\/","name":"(Women) Nike Zoom Fly 6 'Barely Volt' - Tourcruiser PTE. LTD","isPartOf":{"@id":"https:\/\/tourcruiser.com\/de\/#website"},"primaryImageOfPage":{"@id":"https:\/\/tourcruiser.com\/de\/products\/women-nike-zoom-fly-6-barely-volt\/#primaryimage"},"image":{"@id":"https:\/\/tourcruiser.com\/de\/products\/women-nike-zoom-fly-6-barely-volt\/#primaryimage"},"thumbnailUrl":"https:\/\/images.novelship.com\/product\/_w__nike_zoom_fly_6_fn8455-701_0_14745.png;https:\/\/images.novelship.com\/product\/_w__nike_zoom_fly_6_fn8455-701_1_14745.png;https:\/\/images.novelship.com\/product\/_w__nike_zoom_fly_6_fn8455-701_2_14745.png;https:\/\/images.novelship.com\/product\/_w__nike_zoom_fly_6_fn8455-701_3_14745.png;https:\/\/images.novelship.com\/product\/_w__nike_zoom_fly_6_fn8455-701_4_14745.png;https:\/\/images.novelship.com\/product\/_w__nike_zoom_fly_6_fn8455-701_5_14745.png;https:\/\/images.novelship.com\/product\/_w__nike_zoom_fly_6_fn8455-701_6_14745.png;https:\/\/images.novelship.com\/product\/_w__nike_zoom_fly_6_fn8455-701_7_14745.png;https:\/\/images.novelship.com\/product\/_w__nike_zoom_fly_6_fn8455-701_8_14745.png","datePublished":"2026-03-02T08:01:29+00:00","dateModified":"2026-03-27T17:53:52+00:00","breadcrumb":{"@id":"https:\/\/tourcruiser.com\/de\/products\/women-nike-zoom-fly-6-barely-volt\/#breadcrumb"},"inLanguage":"de","potentialAction":[{"@type":"ReadAction","target":["https:\/\/tourcruiser.com\/de\/products\/women-nike-zoom-fly-6-barely-volt\/"]}]},{"@type":"ImageObject","inLanguage":"de","@id":"https:\/\/tourcruiser.com\/de\/products\/women-nike-zoom-fly-6-barely-volt\/#primaryimage","url":"https:\/\/images.novelship.com\/product\/_w__nike_zoom_fly_6_fn8455-701_0_14745.png;https:\/\/images.novelship.com\/product\/_w__nike_zoom_fly_6_fn8455-701_1_14745.png;https:\/\/images.novelship.com\/product\/_w__nike_zoom_fly_6_fn8455-701_2_14745.png;https:\/\/images.novelship.com\/product\/_w__nike_zoom_fly_6_fn8455-701_3_14745.png;https:\/\/images.novelship.com\/product\/_w__nike_zoom_fly_6_fn8455-701_4_14745.png;https:\/\/images.novelship.com\/product\/_w__nike_zoom_fly_6_fn8455-701_5_14745.png;https:\/\/images.novelship.com\/product\/_w__nike_zoom_fly_6_fn8455-701_6_14745.png;https:\/\/images.novelship.com\/product\/_w__nike_zoom_fly_6_fn8455-701_7_14745.png;https:\/\/images.novelship.com\/product\/_w__nike_zoom_fly_6_fn8455-701_8_14745.png","contentUrl":"https:\/\/images.novelship.com\/product\/_w__nike_zoom_fly_6_fn8455-701_0_14745.png;https:\/\/images.novelship.com\/product\/_w__nike_zoom_fly_6_fn8455-701_1_14745.png;https:\/\/images.novelship.com\/product\/_w__nike_zoom_fly_6_fn8455-701_2_14745.png;https:\/\/images.novelship.com\/product\/_w__nike_zoom_fly_6_fn8455-701_3_14745.png;https:\/\/images.novelship.com\/product\/_w__nike_zoom_fly_6_fn8455-701_4_14745.png;https:\/\/images.novelship.com\/product\/_w__nike_zoom_fly_6_fn8455-701_5_14745.png;https:\/\/images.novelship.com\/product\/_w__nike_zoom_fly_6_fn8455-701_6_14745.png;https:\/\/images.novelship.com\/product\/_w__nike_zoom_fly_6_fn8455-701_7_14745.png;https:\/\/images.novelship.com\/product\/_w__nike_zoom_fly_6_fn8455-701_8_14745.png"},{"@type":"BreadcrumbList","@id":"https:\/\/tourcruiser.com\/de\/products\/women-nike-zoom-fly-6-barely-volt\/#breadcrumb","itemListElement":[{"@type":"ListItem","position":1,"name":"Home","item":"https:\/\/tourcruiser.com\/de\/"},{"@type":"ListItem","position":2,"name":"Shop","item":"https:\/\/tourcruiser.com\/de\/shop\/"},{"@type":"ListItem","position":3,"name":"(Women) Nike Zoom Fly 6 'Barely Volt'"}]},{"@type":"WebSite","@id":"https:\/\/tourcruiser.com\/de\/#website","url":"https:\/\/tourcruiser.com\/de\/","name":"Styloral Jewelry Shop","description":"Tourcruiser Sneaker Store \u2014 der Ort, an dem das Universum deine Einzigartigkeit trifft.","publisher":{"@id":"https:\/\/tourcruiser.com\/de\/#organization"},"potentialAction":[{"@type":"SearchAction","target":{"@type":"EntryPoint","urlTemplate":"https:\/\/tourcruiser.com\/de\/?s={search_term_string}"},"query-input":{"@type":"PropertyValueSpecification","valueRequired":true,"valueName":"search_term_string"}}],"inLanguage":"de"},{"@type":"Organization","@id":"https:\/\/tourcruiser.com\/de\/#organization","name":"STYLORAL PTE. LTD","url":"https:\/\/tourcruiser.com\/de\/","logo":{"@type":"ImageObject","inLanguage":"de","@id":"https:\/\/tourcruiser.com\/de\/#\/schema\/logo\/image\/","url":"https:\/\/www.tourcruiser.com\/wp-content\/uploads\/2025\/12\/logo.png","contentUrl":"https:\/\/www.tourcruiser.com\/wp-content\/uploads\/2025\/12\/logo.png","width":200,"height":65,"caption":"STYLORAL PTE. LTD"},"image":{"@id":"https:\/\/tourcruiser.com\/de\/#\/schema\/logo\/image\/"}}]}},"_links":{"self":[{"href":"https:\/\/tourcruiser.com\/de\/wp-json\/wp\/v2\/product\/45501","targetHints":{"allow":["GET"]}}],"collection":[{"href":"https:\/\/tourcruiser.com\/de\/wp-json\/wp\/v2\/product"}],"about":[{"href":"https:\/\/tourcruiser.com\/de\/wp-json\/wp\/v2\/types\/product"}],"replies":[{"embeddable":true,"href":"https:\/\/tourcruiser.com\/de\/wp-json\/wp\/v2\/comments?post=45501"}],"wp:featuredmedia":[{"embeddable":true,"href":"https:\/\/tourcruiser.com\/de\/wp-json\/wp\/v2\/media\/45502"}],"wp:attachment":[{"href":"https:\/\/tourcruiser.com\/de\/wp-json\/wp\/v2\/media?parent=45501"}],"wp:term":[{"taxonomy":"product_brand","embeddable":true,"href":"https:\/\/tourcruiser.com\/de\/wp-json\/wp\/v2\/product_brand?post=45501"},{"taxonomy":"product_cat","embeddable":true,"href":"https:\/\/tourcruiser.com\/de\/wp-json\/wp\/v2\/product_cat?post=45501"},{"taxonomy":"product_tag","embeddable":true,"href":"https:\/\/tourcruiser.com\/de\/wp-json\/wp\/v2\/product_tag?post=45501"}],"curies":[{"name":"wp","href":"https:\/\/api.w.org\/{rel}","templated":true}]}}