{"id":453745,"date":"2026-03-21T12:04:32","date_gmt":"2026-03-21T05:04:32","guid":{"rendered":"http:\/\/tourcruiser.com\/product\/nike-sb-dunk-high-premium-northern-lights-313171-063"},"modified":"2026-03-21T12:04:32","modified_gmt":"2026-03-21T05:04:32","slug":"nike-sb-dunk-high-premium-northern-lights-313171-063","status":"publish","type":"product","link":"https:\/\/tourcruiser.com\/de\/products\/nike-sb-dunk-high-premium-northern-lights-313171-063\/","title":{"rendered":"Nike SB Dunk High Premium &#8218;Northern Lights&#8216; 313171-063"},"content":{"rendered":"<p>Der Nike SB Dunk High Premium Northern Lights, auch bekannt als Northern Lights, ist ein stylischer Schuh von Nike. Mit seiner eleganten schwarzen Farbe und den hochwertigen Materialien bietet er sowohl Komfort als auch Style. Dieser Schuh ist perfekt f\u00c3\u00bcr Sportler und Sneaker-Fans und ein Must-have f\u00c3\u00bcr jede Sammlung.<\/p>\n<p>Farbgebung: Anthrazit\/Schwarz-Hyperpink-Kristall-Mint<\/p>\n<p>Style-Code: 313171-063<\/p>\n<p>Farbe: Schwarz<br \/>\nDesigner: Peter Moore<br \/>\nSaison: Herbst<\/p>\n<p>Erscheinungsjahr: 2014<\/p>\n","protected":false},"excerpt":{"rendered":"<p>Der Nike SB Dunk High Premium Northern Lights, auch bekannt als Northern Lights, ist ein stylischer Schuh von Nike. Mit seiner eleganten schwarzen Farbe und den hochwertigen Materialien bietet er sowohl Komfort als auch Style. Dieser Schuh ist perfekt f\u00c3\u00bcr Sportler und Sneaker-Fans und ein Must-have f\u00c3\u00bcr jede Sammlung. Farbgebung: Anthrazit\/Schwarz-Hyperpink-Kristall-Mint Style-Code: 313171-063 Farbe: Schwarz [&hellip;]<\/p>\n","protected":false},"featured_media":453746,"comment_status":"open","ping_status":"closed","template":"","meta":[],"product_brand":[],"product_cat":[38842,10803,39770,38901],"product_tag":[10799,10800,10801,10802,11153],"class_list":{"0":"post-453745","1":"product","2":"type-product","3":"status-publish","4":"has-post-thumbnail","6":"product_cat-gender-men","7":"product_cat-nike","8":"product_cat-nike-sb-dunk-high-premium","9":"product_cat-skateboard-shoes","10":"product_tag-ankle-support-basketball-shoes","11":"product_tag-basketball-shoes","12":"product_tag-nike","13":"product_tag-performance-sport-shoes","14":"product_tag-skateboard-shoes","15":"wcpa_has_options","17":"first","18":"instock","19":"taxable","20":"shipping-taxable","21":"purchasable","22":"product-type-simple"},"wcpa_form_fields":{"rules":{"pric_overide_base_price":false,"pric_overide_base_price_if_gt_zero":false,"pric_overide_base_price_fully":false,"pric_cal_option_once":false,"pric_use_as_fee":false,"bind_quantity":false,"quantity_bind_formula":false},"fields":[{"type":"color-group","required":true,"elementId":"wcpa-color-group-66c4a75505e74","label":"Gr\u00f6\u00dfe - EU Gr\u00f6\u00dfe","inline":true,"priceOptions":"different_for_all","pricingType":"fixed","className":"hassizechart product-shoes-size-eu product-shoes-size","name":"color-group-66c4a75505e89","disp_type":"square","selection_type":"tick-border","disp_size":"44","show_label_inside":true,"adjust_width":true,"cart_display_type":"text","other_text":"Other","cl_rule":"show","col":6,"values":[{"label":"35.5","value":"EU 35.5","price":"","pimage":"","pimage_id":"","pthumb":"","color":""},{"label":"36","value":"EU 36","price":"","pimage":"","pimage_id":"","pthumb":"","color":"","selected":true},{"label":"36.5","value":"EU 36.5","price":"","pimage":"","pimage_id":"","pthumb":"","color":""},{"label":"37.5","value":"EU 37.5","price":"","pimage":"","pimage_id":"","pthumb":"","color":""},{"label":"38","value":"EU 38","price":"","pimage":"","pimage_id":"","pthumb":"","color":""},{"label":"38.5","value":"EU 38.5","price":"","pimage":"","pimage_id":"","pthumb":"","color":""},{"label":"39","value":"EU 39","price":"","pimage":"","pimage_id":"","pthumb":"","color":""},{"label":"40","value":"EU 40","price":"","pimage":"","pimage_id":"","pthumb":"","color":""},{"label":"40.5","value":"EU 40.5","price":"","pimage":"","pimage_id":"","pthumb":"","color":""},{"label":"41","value":"EU 41","price":"","pimage":"","pimage_id":"","pthumb":"","color":""},{"label":"42","value":"EU 42","price":"","pimage":"","pimage_id":"","pthumb":"","color":""},{"label":"42.5","value":"EU 42.5","price":"","pimage":"","pimage_id":"","pthumb":"","color":""},{"label":"43","value":"EU 43","price":"","pimage":"","pimage_id":"","pthumb":"","color":""},{"label":"44","value":"EU 44","price":"","pimage":"","pimage_id":"","pthumb":"","color":""},{"label":"44.5","value":"EU 44.5","price":"","pimage":"","pimage_id":"","pthumb":"","color":""},{"label":"45","value":"EU 45","price":"","pimage":"","pimage_id":"","pthumb":"","color":""},{"label":"45.5","value":"EU 45.5","price":"","pimage":"","pimage_id":"","pthumb":"","color":""},{"label":"46","value":"EU 46","price":"","pimage":"","pimage_id":"","pthumb":"","color":""},{"label":"47","value":"EU 47","price":"","pimage":"","pimage_id":"","pthumb":"","color":""},{"label":"47.5","value":"EU 47.5","price":"","pimage":"","pimage_id":"","pthumb":"","color":""},{"label":"48","value":"EU 48","price":"","pimage":"","pimage_id":"","pthumb":"","color":""}],"relations":[{"operator":false,"rules":[]}],"form_id":18106,"form_rules":{"pric_cal_option_once":false,"exclude_from_discount":false,"pric_use_as_fee":false,"fee_label":"Fee","render_after_acb":false,"disp_hide_options_price":false}}]},"yoast_head":"<!-- This site is optimized with the Yoast SEO plugin v26.5 - https:\/\/yoast.com\/wordpress\/plugins\/seo\/ -->\n<title>Nike SB Dunk High Premium &#039;Northern Lights&#039; 313171-063 - Tourcruiser PTE. LTD<\/title>\n<meta name=\"robots\" content=\"index, follow, max-snippet:-1, max-image-preview:large, max-video-preview:-1\" \/>\n<link rel=\"canonical\" href=\"https:\/\/tourcruiser.com\/de\/products\/nike-sb-dunk-high-premium-northern-lights-313171-063\/\" \/>\n<meta property=\"og:locale\" content=\"de_DE\" \/>\n<meta property=\"og:type\" content=\"article\" \/>\n<meta property=\"og:title\" content=\"Nike SB Dunk High Premium &#039;Northern Lights&#039; 313171-063 - Tourcruiser PTE. LTD\" \/>\n<meta property=\"og:description\" content=\"Der Nike SB Dunk High Premium Northern Lights, auch bekannt als Northern Lights, ist ein stylischer Schuh von Nike. Mit seiner eleganten schwarzen Farbe und den hochwertigen Materialien bietet er sowohl Komfort als auch Style. Dieser Schuh ist perfekt f\u00c3\u00bcr Sportler und Sneaker-Fans und ein Must-have f\u00c3\u00bcr jede Sammlung. Farbgebung: Anthrazit\/Schwarz-Hyperpink-Kristall-Mint Style-Code: 313171-063 Farbe: Schwarz [&hellip;]\" \/>\n<meta property=\"og:url\" content=\"https:\/\/tourcruiser.com\/de\/products\/nike-sb-dunk-high-premium-northern-lights-313171-063\/\" \/>\n<meta property=\"og:site_name\" content=\"Tourcruiser Sneaker Store\" \/>\n<meta name=\"twitter:card\" content=\"summary_large_image\" \/>\n<meta name=\"twitter:image\" content=\"https:\/\/images.novelship.com\/product\/nike_sb_dunk_high_premium__northern_lights__313171_0_63226.jpeg\" \/>\n<script type=\"application\/ld+json\" class=\"yoast-schema-graph\">{\"@context\":\"https:\/\/schema.org\",\"@graph\":[{\"@type\":\"WebPage\",\"@id\":\"https:\/\/tourcruiser.com\/de\/products\/nike-sb-dunk-high-premium-northern-lights-313171-063\/\",\"url\":\"https:\/\/tourcruiser.com\/de\/products\/nike-sb-dunk-high-premium-northern-lights-313171-063\/\",\"name\":\"Nike SB Dunk High Premium 'Northern Lights' 313171-063 - Tourcruiser PTE. LTD\",\"isPartOf\":{\"@id\":\"https:\/\/tourcruiser.com\/de\/#website\"},\"primaryImageOfPage\":{\"@id\":\"https:\/\/tourcruiser.com\/de\/products\/nike-sb-dunk-high-premium-northern-lights-313171-063\/#primaryimage\"},\"image\":{\"@id\":\"https:\/\/tourcruiser.com\/de\/products\/nike-sb-dunk-high-premium-northern-lights-313171-063\/#primaryimage\"},\"thumbnailUrl\":\"https:\/\/images.novelship.com\/product\/nike_sb_dunk_high_premium__northern_lights__313171_0_63226.jpeg\",\"datePublished\":\"2026-03-21T05:04:32+00:00\",\"breadcrumb\":{\"@id\":\"https:\/\/tourcruiser.com\/de\/products\/nike-sb-dunk-high-premium-northern-lights-313171-063\/#breadcrumb\"},\"inLanguage\":\"de\",\"potentialAction\":[{\"@type\":\"ReadAction\",\"target\":[\"https:\/\/tourcruiser.com\/de\/products\/nike-sb-dunk-high-premium-northern-lights-313171-063\/\"]}]},{\"@type\":\"ImageObject\",\"inLanguage\":\"de\",\"@id\":\"https:\/\/tourcruiser.com\/de\/products\/nike-sb-dunk-high-premium-northern-lights-313171-063\/#primaryimage\",\"url\":\"https:\/\/images.novelship.com\/product\/nike_sb_dunk_high_premium__northern_lights__313171_0_63226.jpeg\",\"contentUrl\":\"https:\/\/images.novelship.com\/product\/nike_sb_dunk_high_premium__northern_lights__313171_0_63226.jpeg\"},{\"@type\":\"BreadcrumbList\",\"@id\":\"https:\/\/tourcruiser.com\/de\/products\/nike-sb-dunk-high-premium-northern-lights-313171-063\/#breadcrumb\",\"itemListElement\":[{\"@type\":\"ListItem\",\"position\":1,\"name\":\"Home\",\"item\":\"https:\/\/tourcruiser.com\/de\/\"},{\"@type\":\"ListItem\",\"position\":2,\"name\":\"Shop\",\"item\":\"https:\/\/tourcruiser.com\/de\/shop\/\"},{\"@type\":\"ListItem\",\"position\":3,\"name\":\"Nike SB Dunk High Premium 'Northern Lights' 313171-063\"}]},{\"@type\":\"WebSite\",\"@id\":\"https:\/\/tourcruiser.com\/de\/#website\",\"url\":\"https:\/\/tourcruiser.com\/de\/\",\"name\":\"Styloral Jewelry Shop\",\"description\":\"Tourcruiser Sneaker Store \u2014 der Ort, an dem das Universum deine Einzigartigkeit trifft.\",\"publisher\":{\"@id\":\"https:\/\/tourcruiser.com\/de\/#organization\"},\"potentialAction\":[{\"@type\":\"SearchAction\",\"target\":{\"@type\":\"EntryPoint\",\"urlTemplate\":\"https:\/\/tourcruiser.com\/de\/?s={search_term_string}\"},\"query-input\":{\"@type\":\"PropertyValueSpecification\",\"valueRequired\":true,\"valueName\":\"search_term_string\"}}],\"inLanguage\":\"de\"},{\"@type\":\"Organization\",\"@id\":\"https:\/\/tourcruiser.com\/de\/#organization\",\"name\":\"STYLORAL PTE. LTD\",\"url\":\"https:\/\/tourcruiser.com\/de\/\",\"logo\":{\"@type\":\"ImageObject\",\"inLanguage\":\"de\",\"@id\":\"https:\/\/tourcruiser.com\/de\/#\/schema\/logo\/image\/\",\"url\":\"https:\/\/www.tourcruiser.com\/wp-content\/uploads\/2025\/12\/logo.png\",\"contentUrl\":\"https:\/\/www.tourcruiser.com\/wp-content\/uploads\/2025\/12\/logo.png\",\"width\":200,\"height\":65,\"caption\":\"STYLORAL PTE. LTD\"},\"image\":{\"@id\":\"https:\/\/tourcruiser.com\/de\/#\/schema\/logo\/image\/\"}}]}<\/script>\n<!-- \/ Yoast SEO plugin. -->","yoast_head_json":{"title":"Nike SB Dunk High Premium 'Northern Lights' 313171-063 - Tourcruiser PTE. LTD","robots":{"index":"index","follow":"follow","max-snippet":"max-snippet:-1","max-image-preview":"max-image-preview:large","max-video-preview":"max-video-preview:-1"},"canonical":"https:\/\/tourcruiser.com\/de\/products\/nike-sb-dunk-high-premium-northern-lights-313171-063\/","og_locale":"de_DE","og_type":"article","og_title":"Nike SB Dunk High Premium 'Northern Lights' 313171-063 - Tourcruiser PTE. LTD","og_description":"Der Nike SB Dunk High Premium Northern Lights, auch bekannt als Northern Lights, ist ein stylischer Schuh von Nike. Mit seiner eleganten schwarzen Farbe und den hochwertigen Materialien bietet er sowohl Komfort als auch Style. Dieser Schuh ist perfekt f\u00c3\u00bcr Sportler und Sneaker-Fans und ein Must-have f\u00c3\u00bcr jede Sammlung. Farbgebung: Anthrazit\/Schwarz-Hyperpink-Kristall-Mint Style-Code: 313171-063 Farbe: Schwarz [&hellip;]","og_url":"https:\/\/tourcruiser.com\/de\/products\/nike-sb-dunk-high-premium-northern-lights-313171-063\/","og_site_name":"Tourcruiser Sneaker Store","twitter_card":"summary_large_image","twitter_image":"https:\/\/images.novelship.com\/product\/nike_sb_dunk_high_premium__northern_lights__313171_0_63226.jpeg","schema":{"@context":"https:\/\/schema.org","@graph":[{"@type":"WebPage","@id":"https:\/\/tourcruiser.com\/de\/products\/nike-sb-dunk-high-premium-northern-lights-313171-063\/","url":"https:\/\/tourcruiser.com\/de\/products\/nike-sb-dunk-high-premium-northern-lights-313171-063\/","name":"Nike SB Dunk High Premium 'Northern Lights' 313171-063 - Tourcruiser PTE. LTD","isPartOf":{"@id":"https:\/\/tourcruiser.com\/de\/#website"},"primaryImageOfPage":{"@id":"https:\/\/tourcruiser.com\/de\/products\/nike-sb-dunk-high-premium-northern-lights-313171-063\/#primaryimage"},"image":{"@id":"https:\/\/tourcruiser.com\/de\/products\/nike-sb-dunk-high-premium-northern-lights-313171-063\/#primaryimage"},"thumbnailUrl":"https:\/\/images.novelship.com\/product\/nike_sb_dunk_high_premium__northern_lights__313171_0_63226.jpeg","datePublished":"2026-03-21T05:04:32+00:00","breadcrumb":{"@id":"https:\/\/tourcruiser.com\/de\/products\/nike-sb-dunk-high-premium-northern-lights-313171-063\/#breadcrumb"},"inLanguage":"de","potentialAction":[{"@type":"ReadAction","target":["https:\/\/tourcruiser.com\/de\/products\/nike-sb-dunk-high-premium-northern-lights-313171-063\/"]}]},{"@type":"ImageObject","inLanguage":"de","@id":"https:\/\/tourcruiser.com\/de\/products\/nike-sb-dunk-high-premium-northern-lights-313171-063\/#primaryimage","url":"https:\/\/images.novelship.com\/product\/nike_sb_dunk_high_premium__northern_lights__313171_0_63226.jpeg","contentUrl":"https:\/\/images.novelship.com\/product\/nike_sb_dunk_high_premium__northern_lights__313171_0_63226.jpeg"},{"@type":"BreadcrumbList","@id":"https:\/\/tourcruiser.com\/de\/products\/nike-sb-dunk-high-premium-northern-lights-313171-063\/#breadcrumb","itemListElement":[{"@type":"ListItem","position":1,"name":"Home","item":"https:\/\/tourcruiser.com\/de\/"},{"@type":"ListItem","position":2,"name":"Shop","item":"https:\/\/tourcruiser.com\/de\/shop\/"},{"@type":"ListItem","position":3,"name":"Nike SB Dunk High Premium 'Northern Lights' 313171-063"}]},{"@type":"WebSite","@id":"https:\/\/tourcruiser.com\/de\/#website","url":"https:\/\/tourcruiser.com\/de\/","name":"Styloral Jewelry Shop","description":"Tourcruiser Sneaker Store \u2014 der Ort, an dem das Universum deine Einzigartigkeit trifft.","publisher":{"@id":"https:\/\/tourcruiser.com\/de\/#organization"},"potentialAction":[{"@type":"SearchAction","target":{"@type":"EntryPoint","urlTemplate":"https:\/\/tourcruiser.com\/de\/?s={search_term_string}"},"query-input":{"@type":"PropertyValueSpecification","valueRequired":true,"valueName":"search_term_string"}}],"inLanguage":"de"},{"@type":"Organization","@id":"https:\/\/tourcruiser.com\/de\/#organization","name":"STYLORAL PTE. LTD","url":"https:\/\/tourcruiser.com\/de\/","logo":{"@type":"ImageObject","inLanguage":"de","@id":"https:\/\/tourcruiser.com\/de\/#\/schema\/logo\/image\/","url":"https:\/\/www.tourcruiser.com\/wp-content\/uploads\/2025\/12\/logo.png","contentUrl":"https:\/\/www.tourcruiser.com\/wp-content\/uploads\/2025\/12\/logo.png","width":200,"height":65,"caption":"STYLORAL PTE. LTD"},"image":{"@id":"https:\/\/tourcruiser.com\/de\/#\/schema\/logo\/image\/"}}]}},"_links":{"self":[{"href":"https:\/\/tourcruiser.com\/de\/wp-json\/wp\/v2\/product\/453745","targetHints":{"allow":["GET"]}}],"collection":[{"href":"https:\/\/tourcruiser.com\/de\/wp-json\/wp\/v2\/product"}],"about":[{"href":"https:\/\/tourcruiser.com\/de\/wp-json\/wp\/v2\/types\/product"}],"replies":[{"embeddable":true,"href":"https:\/\/tourcruiser.com\/de\/wp-json\/wp\/v2\/comments?post=453745"}],"wp:featuredmedia":[{"embeddable":true,"href":"https:\/\/tourcruiser.com\/de\/wp-json\/wp\/v2\/media\/453746"}],"wp:attachment":[{"href":"https:\/\/tourcruiser.com\/de\/wp-json\/wp\/v2\/media?parent=453745"}],"wp:term":[{"taxonomy":"product_brand","embeddable":true,"href":"https:\/\/tourcruiser.com\/de\/wp-json\/wp\/v2\/product_brand?post=453745"},{"taxonomy":"product_cat","embeddable":true,"href":"https:\/\/tourcruiser.com\/de\/wp-json\/wp\/v2\/product_cat?post=453745"},{"taxonomy":"product_tag","embeddable":true,"href":"https:\/\/tourcruiser.com\/de\/wp-json\/wp\/v2\/product_tag?post=453745"}],"curies":[{"name":"wp","href":"https:\/\/api.w.org\/{rel}","templated":true}]}}