{"id":453547,"date":"2026-03-21T12:04:24","date_gmt":"2026-03-21T05:04:24","guid":{"rendered":"http:\/\/tourcruiser.com\/product\/new-balance-fuelcell-supercomp-elite-v3-tcs-nyc-marathon-2023-mrcelnm3"},"modified":"2026-03-21T12:04:24","modified_gmt":"2026-03-21T05:04:24","slug":"new-balance-fuelcell-supercomp-elite-v3-tcs-nyc-marathon-2023-mrcelnm3","status":"publish","type":"product","link":"https:\/\/tourcruiser.com\/de\/products\/new-balance-fuelcell-supercomp-elite-v3-tcs-nyc-marathon-2023-mrcelnm3\/","title":{"rendered":"New Balance FuelCell SuperComp Elite v3 &#8218;TCS NYC Marathon 2023&#8216; MRCELNM3"},"content":{"rendered":"<p>Wir pr\u00c3\u00a4sentieren den New Balance FuelCell SuperComp Elite v3 \u00e2\u20ac\u017eTCS NYC Marathon 2023\u00e2\u20ac\u0153 (MRCELNM3) \u00e2\u20ac\u201c ein Laufschuh, der neue Ma\u00c3\u0178st\u00c3\u00a4be setzt! Dieser Schuh in limitierter Auflage verf\u00c3\u00bcgt \u00c3\u00bcber eine fortschrittliche FuelCell-Schaumstoff-Mittelsohle f\u00c3\u00bcr unvergleichliche Energier\u00c3\u00bcckgabe und verhilft dir zu neuen H\u00c3\u00b6chstleistungen. Sein leichtes Mesh-Obermaterial und das schlanke Design minimieren den Luftwiderstand, w\u00c3\u00a4hrend gezielte St\u00c3\u00bctzstrukturen f\u00c3\u00bcr einen sicheren und reaktionsfreudigen Sitz sorgen. Mach dich bereit, die Stra\u00c3\u0178en zu erobern \u00e2\u20ac\u201c mit dem SuperComp Elite v3, der mit viel Liebe zum Detail entwickelt wurde, um dein Marathon-Erlebnis auf ein neues Level zu heben.<\/p>\n<ul>\n<li><strong>Farbgebung:<\/strong> Thirty Watt\/Nb Navy\/Silber Metallic<\/li>\n<li><strong>Style-Code:<\/strong> MRCELNM3<\/li>\n<li><strong>Obermaterial:<\/strong> Strick<\/li>\n<li><strong>Zwischensohle:<\/strong> FuelCell<\/li>\n<li><strong>Farbe:<\/strong> Wei\u00c3\u0178<\/li>\n<li><strong>Erscheinungsjahr:<\/strong> 2023<\/li>\n<\/ul>\n","protected":false},"excerpt":{"rendered":"<p>Wir pr\u00c3\u00a4sentieren den New Balance FuelCell SuperComp Elite v3 \u00e2\u20ac\u017eTCS NYC Marathon 2023\u00e2\u20ac\u0153 (MRCELNM3) \u00e2\u20ac\u201c ein Laufschuh, der neue Ma\u00c3\u0178st\u00c3\u00a4be setzt! Dieser Schuh in limitierter Auflage verf\u00c3\u00bcgt \u00c3\u00bcber eine fortschrittliche FuelCell-Schaumstoff-Mittelsohle f\u00c3\u00bcr unvergleichliche Energier\u00c3\u00bcckgabe und verhilft dir zu neuen H\u00c3\u00b6chstleistungen. Sein leichtes Mesh-Obermaterial und das schlanke Design minimieren den Luftwiderstand, w\u00c3\u00a4hrend gezielte St\u00c3\u00bctzstrukturen f\u00c3\u00bcr einen [&hellip;]<\/p>\n","protected":false},"featured_media":453548,"comment_status":"open","ping_status":"closed","template":"","meta":[],"product_brand":[],"product_cat":[39750,38842,10771,38850],"product_tag":[11026,10753,10837,10766,10767,10839,10802,10840,10758],"class_list":{"0":"post-453547","1":"product","2":"type-product","3":"status-publish","4":"has-post-thumbnail","6":"product_cat-new-balance-fuelcell-supercomp-elite-v3","7":"product_cat-gender-men","8":"product_cat-new-balance","9":"product_cat-running-shoes","10":"product_tag-carbon-plated-running-shoes","11":"product_tag-gift-for-him","12":"product_tag-marathon-long-distance-running-shoes","13":"product_tag-new-balance","14":"product_tag-new-balance-running-shoes","15":"product_tag-performance-running-shoes","16":"product_tag-performance-sport-shoes","17":"product_tag-running-shoes","18":"product_tag-under-retail","19":"wcpa_has_options","21":"first","22":"instock","23":"taxable","24":"shipping-taxable","25":"purchasable","26":"product-type-simple"},"wcpa_form_fields":{"rules":{"pric_overide_base_price":false,"pric_overide_base_price_if_gt_zero":false,"pric_overide_base_price_fully":false,"pric_cal_option_once":false,"pric_use_as_fee":false,"bind_quantity":false,"quantity_bind_formula":false},"fields":[{"type":"color-group","required":true,"elementId":"wcpa-color-group-66c4a928225d2","label":"Gr\u00f6\u00dfe","inline":true,"priceOptions":"different_for_all","pricingType":"fixed","className":"hassizechart product-shoes-size-eu product-shoes-size","name":"color-group-66c4a928225e2","disp_type":"square","selection_type":"tick-border","disp_size":"50","show_label_inside":true,"adjust_width":true,"cart_display_type":"text","other_text":"Other","cl_rule":"show","col":6,"values":[{"label":"35","value":"EU 35","price":"","pimage":"","pimage_id":"","pthumb":"","color":""},{"label":"36","value":"EU 36","price":"","pimage":"","pimage_id":"","pthumb":"","color":"","selected":true},{"label":"37","value":"EU 37","price":"","pimage":"","pimage_id":"","pthumb":"","color":""},{"label":"37.5","value":"EU 37.5","price":"","pimage":"","pimage_id":"","pthumb":"","color":""},{"label":"38","value":"EU 38","price":"","pimage":"","pimage_id":"","pthumb":"","color":""},{"label":"38.5","value":"EU 38.5","price":"","pimage":"","pimage_id":"","pthumb":"","color":""},{"label":"39","value":"EU 39","price":"","pimage":"","pimage_id":"","pthumb":"","color":""},{"label":"39.5","value":"EU 39.5","price":"","pimage":"","pimage_id":"","pthumb":"","color":""},{"label":"40","value":"EU 40","price":"","pimage":"","pimage_id":"","pthumb":"","color":""},{"label":"40.5","value":"EU 40.5","price":"","pimage":"","pimage_id":"","pthumb":"","color":""},{"label":" 41.5","value":"EU 41.5","price":"","pimage":"","pimage_id":"","pthumb":"","color":""},{"label":"42","value":"EU 42","price":"","pimage":"","pimage_id":"","pthumb":"","color":""},{"label":"42.5","value":"EU 42.5","price":"","pimage":"","pimage_id":"","pthumb":"","color":""},{"label":"43","value":"EU 43","price":"","pimage":"","pimage_id":"","pthumb":"","color":""},{"label":"44","value":"EU 44","price":"","pimage":"","pimage_id":"","pthumb":"","color":""},{"label":"44.5","value":"EU 44.5","price":"","pimage":"","pimage_id":"","pthumb":"","color":""},{"label":"45","value":"EU 45","price":"","pimage":"","pimage_id":"","pthumb":"","color":""},{"label":"45.5","value":"EU 45.5","price":"","pimage":"","pimage_id":"","pthumb":"","color":""},{"label":"46","value":"EU 46","price":"","pimage":"","pimage_id":"","pthumb":"","color":""}],"relations":[{"operator":false,"rules":[]}],"form_id":24803,"form_rules":{"pric_cal_option_once":false,"exclude_from_discount":false,"pric_use_as_fee":false,"fee_label":"Fee","render_after_acb":false,"disp_hide_options_price":false}}]},"yoast_head":"<!-- This site is optimized with the Yoast SEO plugin v26.5 - https:\/\/yoast.com\/wordpress\/plugins\/seo\/ -->\n<title>New Balance FuelCell SuperComp Elite v3 &#039;TCS NYC Marathon 2023&#039; MRCELNM3 - Tourcruiser PTE. LTD<\/title>\n<meta name=\"robots\" content=\"index, follow, max-snippet:-1, max-image-preview:large, max-video-preview:-1\" \/>\n<link rel=\"canonical\" href=\"https:\/\/tourcruiser.com\/de\/products\/new-balance-fuelcell-supercomp-elite-v3-tcs-nyc-marathon-2023-mrcelnm3\/\" \/>\n<meta property=\"og:locale\" content=\"de_DE\" \/>\n<meta property=\"og:type\" content=\"article\" \/>\n<meta property=\"og:title\" content=\"New Balance FuelCell SuperComp Elite v3 &#039;TCS NYC Marathon 2023&#039; MRCELNM3 - Tourcruiser PTE. LTD\" \/>\n<meta property=\"og:description\" content=\"Wir pr\u00c3\u00a4sentieren den New Balance FuelCell SuperComp Elite v3 \u00e2\u20ac\u017eTCS NYC Marathon 2023\u00e2\u20ac\u0153 (MRCELNM3) \u00e2\u20ac\u201c ein Laufschuh, der neue Ma\u00c3\u0178st\u00c3\u00a4be setzt! Dieser Schuh in limitierter Auflage verf\u00c3\u00bcgt \u00c3\u00bcber eine fortschrittliche FuelCell-Schaumstoff-Mittelsohle f\u00c3\u00bcr unvergleichliche Energier\u00c3\u00bcckgabe und verhilft dir zu neuen H\u00c3\u00b6chstleistungen. Sein leichtes Mesh-Obermaterial und das schlanke Design minimieren den Luftwiderstand, w\u00c3\u00a4hrend gezielte St\u00c3\u00bctzstrukturen f\u00c3\u00bcr einen [&hellip;]\" \/>\n<meta property=\"og:url\" content=\"https:\/\/tourcruiser.com\/de\/products\/new-balance-fuelcell-supercomp-elite-v3-tcs-nyc-marathon-2023-mrcelnm3\/\" \/>\n<meta property=\"og:site_name\" content=\"Tourcruiser Sneaker Store\" \/>\n<meta name=\"twitter:card\" content=\"summary_large_image\" \/>\n<meta name=\"twitter:image\" content=\"https:\/\/images.novelship.com\/product\/new_balance_fuelcell_supercomp_elite_v3__tcs_nyc_m_0_87518.png\" \/>\n<meta name=\"twitter:label1\" content=\"Gesch\u00e4tzte Lesezeit\" \/>\n\t<meta name=\"twitter:data1\" content=\"1\u00a0Minute\" \/>\n<script type=\"application\/ld+json\" class=\"yoast-schema-graph\">{\"@context\":\"https:\/\/schema.org\",\"@graph\":[{\"@type\":\"WebPage\",\"@id\":\"https:\/\/tourcruiser.com\/de\/products\/new-balance-fuelcell-supercomp-elite-v3-tcs-nyc-marathon-2023-mrcelnm3\/\",\"url\":\"https:\/\/tourcruiser.com\/de\/products\/new-balance-fuelcell-supercomp-elite-v3-tcs-nyc-marathon-2023-mrcelnm3\/\",\"name\":\"New Balance FuelCell SuperComp Elite v3 'TCS NYC Marathon 2023' MRCELNM3 - Tourcruiser PTE. LTD\",\"isPartOf\":{\"@id\":\"https:\/\/tourcruiser.com\/de\/#website\"},\"primaryImageOfPage\":{\"@id\":\"https:\/\/tourcruiser.com\/de\/products\/new-balance-fuelcell-supercomp-elite-v3-tcs-nyc-marathon-2023-mrcelnm3\/#primaryimage\"},\"image\":{\"@id\":\"https:\/\/tourcruiser.com\/de\/products\/new-balance-fuelcell-supercomp-elite-v3-tcs-nyc-marathon-2023-mrcelnm3\/#primaryimage\"},\"thumbnailUrl\":\"https:\/\/images.novelship.com\/product\/new_balance_fuelcell_supercomp_elite_v3__tcs_nyc_m_0_87518.png\",\"datePublished\":\"2026-03-21T05:04:24+00:00\",\"breadcrumb\":{\"@id\":\"https:\/\/tourcruiser.com\/de\/products\/new-balance-fuelcell-supercomp-elite-v3-tcs-nyc-marathon-2023-mrcelnm3\/#breadcrumb\"},\"inLanguage\":\"de\",\"potentialAction\":[{\"@type\":\"ReadAction\",\"target\":[\"https:\/\/tourcruiser.com\/de\/products\/new-balance-fuelcell-supercomp-elite-v3-tcs-nyc-marathon-2023-mrcelnm3\/\"]}]},{\"@type\":\"ImageObject\",\"inLanguage\":\"de\",\"@id\":\"https:\/\/tourcruiser.com\/de\/products\/new-balance-fuelcell-supercomp-elite-v3-tcs-nyc-marathon-2023-mrcelnm3\/#primaryimage\",\"url\":\"https:\/\/images.novelship.com\/product\/new_balance_fuelcell_supercomp_elite_v3__tcs_nyc_m_0_87518.png\",\"contentUrl\":\"https:\/\/images.novelship.com\/product\/new_balance_fuelcell_supercomp_elite_v3__tcs_nyc_m_0_87518.png\"},{\"@type\":\"BreadcrumbList\",\"@id\":\"https:\/\/tourcruiser.com\/de\/products\/new-balance-fuelcell-supercomp-elite-v3-tcs-nyc-marathon-2023-mrcelnm3\/#breadcrumb\",\"itemListElement\":[{\"@type\":\"ListItem\",\"position\":1,\"name\":\"Home\",\"item\":\"https:\/\/tourcruiser.com\/de\/\"},{\"@type\":\"ListItem\",\"position\":2,\"name\":\"Shop\",\"item\":\"https:\/\/tourcruiser.com\/de\/shop\/\"},{\"@type\":\"ListItem\",\"position\":3,\"name\":\"New Balance FuelCell SuperComp Elite v3 'TCS NYC Marathon 2023' MRCELNM3\"}]},{\"@type\":\"WebSite\",\"@id\":\"https:\/\/tourcruiser.com\/de\/#website\",\"url\":\"https:\/\/tourcruiser.com\/de\/\",\"name\":\"Styloral Jewelry Shop\",\"description\":\"Tourcruiser Sneaker Store \u2014 der Ort, an dem das Universum deine Einzigartigkeit trifft.\",\"publisher\":{\"@id\":\"https:\/\/tourcruiser.com\/de\/#organization\"},\"potentialAction\":[{\"@type\":\"SearchAction\",\"target\":{\"@type\":\"EntryPoint\",\"urlTemplate\":\"https:\/\/tourcruiser.com\/de\/?s={search_term_string}\"},\"query-input\":{\"@type\":\"PropertyValueSpecification\",\"valueRequired\":true,\"valueName\":\"search_term_string\"}}],\"inLanguage\":\"de\"},{\"@type\":\"Organization\",\"@id\":\"https:\/\/tourcruiser.com\/de\/#organization\",\"name\":\"STYLORAL PTE. LTD\",\"url\":\"https:\/\/tourcruiser.com\/de\/\",\"logo\":{\"@type\":\"ImageObject\",\"inLanguage\":\"de\",\"@id\":\"https:\/\/tourcruiser.com\/de\/#\/schema\/logo\/image\/\",\"url\":\"https:\/\/www.tourcruiser.com\/wp-content\/uploads\/2025\/12\/logo.png\",\"contentUrl\":\"https:\/\/www.tourcruiser.com\/wp-content\/uploads\/2025\/12\/logo.png\",\"width\":200,\"height\":65,\"caption\":\"STYLORAL PTE. LTD\"},\"image\":{\"@id\":\"https:\/\/tourcruiser.com\/de\/#\/schema\/logo\/image\/\"}}]}<\/script>\n<!-- \/ Yoast SEO plugin. -->","yoast_head_json":{"title":"New Balance FuelCell SuperComp Elite v3 'TCS NYC Marathon 2023' MRCELNM3 - Tourcruiser PTE. LTD","robots":{"index":"index","follow":"follow","max-snippet":"max-snippet:-1","max-image-preview":"max-image-preview:large","max-video-preview":"max-video-preview:-1"},"canonical":"https:\/\/tourcruiser.com\/de\/products\/new-balance-fuelcell-supercomp-elite-v3-tcs-nyc-marathon-2023-mrcelnm3\/","og_locale":"de_DE","og_type":"article","og_title":"New Balance FuelCell SuperComp Elite v3 'TCS NYC Marathon 2023' MRCELNM3 - Tourcruiser PTE. LTD","og_description":"Wir pr\u00c3\u00a4sentieren den New Balance FuelCell SuperComp Elite v3 \u00e2\u20ac\u017eTCS NYC Marathon 2023\u00e2\u20ac\u0153 (MRCELNM3) \u00e2\u20ac\u201c ein Laufschuh, der neue Ma\u00c3\u0178st\u00c3\u00a4be setzt! Dieser Schuh in limitierter Auflage verf\u00c3\u00bcgt \u00c3\u00bcber eine fortschrittliche FuelCell-Schaumstoff-Mittelsohle f\u00c3\u00bcr unvergleichliche Energier\u00c3\u00bcckgabe und verhilft dir zu neuen H\u00c3\u00b6chstleistungen. Sein leichtes Mesh-Obermaterial und das schlanke Design minimieren den Luftwiderstand, w\u00c3\u00a4hrend gezielte St\u00c3\u00bctzstrukturen f\u00c3\u00bcr einen [&hellip;]","og_url":"https:\/\/tourcruiser.com\/de\/products\/new-balance-fuelcell-supercomp-elite-v3-tcs-nyc-marathon-2023-mrcelnm3\/","og_site_name":"Tourcruiser Sneaker Store","twitter_card":"summary_large_image","twitter_image":"https:\/\/images.novelship.com\/product\/new_balance_fuelcell_supercomp_elite_v3__tcs_nyc_m_0_87518.png","twitter_misc":{"Gesch\u00e4tzte Lesezeit":"1\u00a0Minute"},"schema":{"@context":"https:\/\/schema.org","@graph":[{"@type":"WebPage","@id":"https:\/\/tourcruiser.com\/de\/products\/new-balance-fuelcell-supercomp-elite-v3-tcs-nyc-marathon-2023-mrcelnm3\/","url":"https:\/\/tourcruiser.com\/de\/products\/new-balance-fuelcell-supercomp-elite-v3-tcs-nyc-marathon-2023-mrcelnm3\/","name":"New Balance FuelCell SuperComp Elite v3 'TCS NYC Marathon 2023' MRCELNM3 - Tourcruiser PTE. LTD","isPartOf":{"@id":"https:\/\/tourcruiser.com\/de\/#website"},"primaryImageOfPage":{"@id":"https:\/\/tourcruiser.com\/de\/products\/new-balance-fuelcell-supercomp-elite-v3-tcs-nyc-marathon-2023-mrcelnm3\/#primaryimage"},"image":{"@id":"https:\/\/tourcruiser.com\/de\/products\/new-balance-fuelcell-supercomp-elite-v3-tcs-nyc-marathon-2023-mrcelnm3\/#primaryimage"},"thumbnailUrl":"https:\/\/images.novelship.com\/product\/new_balance_fuelcell_supercomp_elite_v3__tcs_nyc_m_0_87518.png","datePublished":"2026-03-21T05:04:24+00:00","breadcrumb":{"@id":"https:\/\/tourcruiser.com\/de\/products\/new-balance-fuelcell-supercomp-elite-v3-tcs-nyc-marathon-2023-mrcelnm3\/#breadcrumb"},"inLanguage":"de","potentialAction":[{"@type":"ReadAction","target":["https:\/\/tourcruiser.com\/de\/products\/new-balance-fuelcell-supercomp-elite-v3-tcs-nyc-marathon-2023-mrcelnm3\/"]}]},{"@type":"ImageObject","inLanguage":"de","@id":"https:\/\/tourcruiser.com\/de\/products\/new-balance-fuelcell-supercomp-elite-v3-tcs-nyc-marathon-2023-mrcelnm3\/#primaryimage","url":"https:\/\/images.novelship.com\/product\/new_balance_fuelcell_supercomp_elite_v3__tcs_nyc_m_0_87518.png","contentUrl":"https:\/\/images.novelship.com\/product\/new_balance_fuelcell_supercomp_elite_v3__tcs_nyc_m_0_87518.png"},{"@type":"BreadcrumbList","@id":"https:\/\/tourcruiser.com\/de\/products\/new-balance-fuelcell-supercomp-elite-v3-tcs-nyc-marathon-2023-mrcelnm3\/#breadcrumb","itemListElement":[{"@type":"ListItem","position":1,"name":"Home","item":"https:\/\/tourcruiser.com\/de\/"},{"@type":"ListItem","position":2,"name":"Shop","item":"https:\/\/tourcruiser.com\/de\/shop\/"},{"@type":"ListItem","position":3,"name":"New Balance FuelCell SuperComp Elite v3 'TCS NYC Marathon 2023' MRCELNM3"}]},{"@type":"WebSite","@id":"https:\/\/tourcruiser.com\/de\/#website","url":"https:\/\/tourcruiser.com\/de\/","name":"Styloral Jewelry Shop","description":"Tourcruiser Sneaker Store \u2014 der Ort, an dem das Universum deine Einzigartigkeit trifft.","publisher":{"@id":"https:\/\/tourcruiser.com\/de\/#organization"},"potentialAction":[{"@type":"SearchAction","target":{"@type":"EntryPoint","urlTemplate":"https:\/\/tourcruiser.com\/de\/?s={search_term_string}"},"query-input":{"@type":"PropertyValueSpecification","valueRequired":true,"valueName":"search_term_string"}}],"inLanguage":"de"},{"@type":"Organization","@id":"https:\/\/tourcruiser.com\/de\/#organization","name":"STYLORAL PTE. LTD","url":"https:\/\/tourcruiser.com\/de\/","logo":{"@type":"ImageObject","inLanguage":"de","@id":"https:\/\/tourcruiser.com\/de\/#\/schema\/logo\/image\/","url":"https:\/\/www.tourcruiser.com\/wp-content\/uploads\/2025\/12\/logo.png","contentUrl":"https:\/\/www.tourcruiser.com\/wp-content\/uploads\/2025\/12\/logo.png","width":200,"height":65,"caption":"STYLORAL PTE. LTD"},"image":{"@id":"https:\/\/tourcruiser.com\/de\/#\/schema\/logo\/image\/"}}]}},"_links":{"self":[{"href":"https:\/\/tourcruiser.com\/de\/wp-json\/wp\/v2\/product\/453547","targetHints":{"allow":["GET"]}}],"collection":[{"href":"https:\/\/tourcruiser.com\/de\/wp-json\/wp\/v2\/product"}],"about":[{"href":"https:\/\/tourcruiser.com\/de\/wp-json\/wp\/v2\/types\/product"}],"replies":[{"embeddable":true,"href":"https:\/\/tourcruiser.com\/de\/wp-json\/wp\/v2\/comments?post=453547"}],"wp:featuredmedia":[{"embeddable":true,"href":"https:\/\/tourcruiser.com\/de\/wp-json\/wp\/v2\/media\/453548"}],"wp:attachment":[{"href":"https:\/\/tourcruiser.com\/de\/wp-json\/wp\/v2\/media?parent=453547"}],"wp:term":[{"taxonomy":"product_brand","embeddable":true,"href":"https:\/\/tourcruiser.com\/de\/wp-json\/wp\/v2\/product_brand?post=453547"},{"taxonomy":"product_cat","embeddable":true,"href":"https:\/\/tourcruiser.com\/de\/wp-json\/wp\/v2\/product_cat?post=453547"},{"taxonomy":"product_tag","embeddable":true,"href":"https:\/\/tourcruiser.com\/de\/wp-json\/wp\/v2\/product_tag?post=453547"}],"curies":[{"name":"wp","href":"https:\/\/api.w.org\/{rel}","templated":true}]}}