{"id":453430,"date":"2026-03-21T12:04:21","date_gmt":"2026-03-21T05:04:21","guid":{"rendered":"http:\/\/tourcruiser.com\/product\/ganni-x-new-balance-1906r-blazing-yellow-m1906rga"},"modified":"2026-03-21T12:04:21","modified_gmt":"2026-03-21T05:04:21","slug":"ganni-x-new-balance-1906r-blazing-yellow-m1906rga","status":"publish","type":"product","link":"https:\/\/tourcruiser.com\/de\/products\/ganni-x-new-balance-1906r-blazing-yellow-m1906rga\/","title":{"rendered":"GANNI x New Balance 1906R &#8218;Blazing Yellow&#8216; M1906RGA"},"content":{"rendered":"<p>Wir pr\u00c3\u00a4sentieren den GANNI x New Balance 1906R \u00e2\u20ac\u017eBlazing Yellow\u00e2\u20ac\u0153 \u00e2\u20ac\u201c die perfekte Kombination aus Style und Performance. Exklusiv aus unserer Kollaboration: Dieser Sneaker besticht durch ein leuchtendes Gelb, hochwertiges Wildleder und Mesh sowie eine markante Silhouette, die Komfort und Fashion vereint. Mit seinem auff\u00c3\u00a4lligen Design und der au\u00c3\u0178ergew\u00c3\u00b6hnlichen D\u00c3\u00a4mpfung zieht der 1906R garantiert alle Blicke auf sich. Sp\u00c3\u00bcre die Energie der Stra\u00c3\u0178e und setze mit GANNI x New Balance neue Ma\u00c3\u0178st\u00c3\u00a4be in Sachen Schuhe.<br \/>\n&#8230;<\/p>\n","protected":false},"excerpt":{"rendered":"<p>Wir pr\u00c3\u00a4sentieren den GANNI x New Balance 1906R \u00e2\u20ac\u017eBlazing Yellow\u00e2\u20ac\u0153 \u00e2\u20ac\u201c die perfekte Kombination aus Style und Performance. Exklusiv aus unserer Kollaboration: Dieser Sneaker besticht durch ein leuchtendes Gelb, hochwertiges Wildleder und Mesh sowie eine markante Silhouette, die Komfort und Fashion vereint. Mit seinem auff\u00c3\u00a4lligen Design und der au\u00c3\u0178ergew\u00c3\u00b6hnlichen D\u00c3\u00a4mpfung zieht der 1906R garantiert alle [&hellip;]<\/p>\n","protected":false},"featured_media":453431,"comment_status":"open","ping_status":"closed","template":"","meta":[],"product_brand":[],"product_cat":[39690,38840,38842,10771],"product_tag":[10750,10753,10754,10765,10766,10767,10768,10785,10758],"class_list":{"0":"post-453430","1":"product","2":"type-product","3":"status-publish","4":"has-post-thumbnail","6":"product_cat-new-balance-1906r","7":"product_cat-lifestyle-shoes-running-inspired","8":"product_cat-gender-men","9":"product_cat-new-balance","10":"product_tag-athleisure-shoes","11":"product_tag-gift-for-him","12":"product_tag-lifestyle-casual-shoes","13":"product_tag-lifestyle-shoes-running-inspired","14":"product_tag-new-balance","15":"product_tag-new-balance-running-shoes","16":"product_tag-retro-running-shoes","17":"product_tag-trending-deals","18":"product_tag-under-retail","19":"wcpa_has_options","21":"first","22":"instock","23":"taxable","24":"shipping-taxable","25":"purchasable","26":"product-type-simple"},"wcpa_form_fields":{"rules":{"pric_overide_base_price":false,"pric_overide_base_price_if_gt_zero":false,"pric_overide_base_price_fully":false,"pric_cal_option_once":false,"pric_use_as_fee":false,"bind_quantity":false,"quantity_bind_formula":false},"fields":[{"type":"color-group","required":true,"elementId":"wcpa-color-group-66c4a928225d2","label":"Gr\u00f6\u00dfe","inline":true,"priceOptions":"different_for_all","pricingType":"fixed","className":"hassizechart product-shoes-size-eu product-shoes-size","name":"color-group-66c4a928225e2","disp_type":"square","selection_type":"tick-border","disp_size":"50","show_label_inside":true,"adjust_width":true,"cart_display_type":"text","other_text":"Other","cl_rule":"show","col":6,"values":[{"label":"35","value":"EU 35","price":"","pimage":"","pimage_id":"","pthumb":"","color":""},{"label":"36","value":"EU 36","price":"","pimage":"","pimage_id":"","pthumb":"","color":"","selected":true},{"label":"37","value":"EU 37","price":"","pimage":"","pimage_id":"","pthumb":"","color":""},{"label":"37.5","value":"EU 37.5","price":"","pimage":"","pimage_id":"","pthumb":"","color":""},{"label":"38","value":"EU 38","price":"","pimage":"","pimage_id":"","pthumb":"","color":""},{"label":"38.5","value":"EU 38.5","price":"","pimage":"","pimage_id":"","pthumb":"","color":""},{"label":"39","value":"EU 39","price":"","pimage":"","pimage_id":"","pthumb":"","color":""},{"label":"39.5","value":"EU 39.5","price":"","pimage":"","pimage_id":"","pthumb":"","color":""},{"label":"40","value":"EU 40","price":"","pimage":"","pimage_id":"","pthumb":"","color":""},{"label":"40.5","value":"EU 40.5","price":"","pimage":"","pimage_id":"","pthumb":"","color":""},{"label":" 41.5","value":"EU 41.5","price":"","pimage":"","pimage_id":"","pthumb":"","color":""},{"label":"42","value":"EU 42","price":"","pimage":"","pimage_id":"","pthumb":"","color":""},{"label":"42.5","value":"EU 42.5","price":"","pimage":"","pimage_id":"","pthumb":"","color":""},{"label":"43","value":"EU 43","price":"","pimage":"","pimage_id":"","pthumb":"","color":""},{"label":"44","value":"EU 44","price":"","pimage":"","pimage_id":"","pthumb":"","color":""},{"label":"44.5","value":"EU 44.5","price":"","pimage":"","pimage_id":"","pthumb":"","color":""},{"label":"45","value":"EU 45","price":"","pimage":"","pimage_id":"","pthumb":"","color":""},{"label":"45.5","value":"EU 45.5","price":"","pimage":"","pimage_id":"","pthumb":"","color":""},{"label":"46","value":"EU 46","price":"","pimage":"","pimage_id":"","pthumb":"","color":""}],"relations":[{"operator":false,"rules":[]}],"form_id":24803,"form_rules":{"pric_cal_option_once":false,"exclude_from_discount":false,"pric_use_as_fee":false,"fee_label":"Fee","render_after_acb":false,"disp_hide_options_price":false}}]},"yoast_head":"<!-- This site is optimized with the Yoast SEO plugin v26.5 - https:\/\/yoast.com\/wordpress\/plugins\/seo\/ -->\n<title>GANNI x New Balance 1906R &#039;Blazing Yellow&#039; M1906RGA - Tourcruiser PTE. LTD<\/title>\n<meta name=\"robots\" content=\"index, follow, max-snippet:-1, max-image-preview:large, max-video-preview:-1\" \/>\n<link rel=\"canonical\" href=\"https:\/\/tourcruiser.com\/de\/products\/ganni-x-new-balance-1906r-blazing-yellow-m1906rga\/\" \/>\n<meta property=\"og:locale\" content=\"de_DE\" \/>\n<meta property=\"og:type\" content=\"article\" \/>\n<meta property=\"og:title\" content=\"GANNI x New Balance 1906R &#039;Blazing Yellow&#039; M1906RGA - Tourcruiser PTE. LTD\" \/>\n<meta property=\"og:description\" content=\"Wir pr\u00c3\u00a4sentieren den GANNI x New Balance 1906R \u00e2\u20ac\u017eBlazing Yellow\u00e2\u20ac\u0153 \u00e2\u20ac\u201c die perfekte Kombination aus Style und Performance. Exklusiv aus unserer Kollaboration: Dieser Sneaker besticht durch ein leuchtendes Gelb, hochwertiges Wildleder und Mesh sowie eine markante Silhouette, die Komfort und Fashion vereint. Mit seinem auff\u00c3\u00a4lligen Design und der au\u00c3\u0178ergew\u00c3\u00b6hnlichen D\u00c3\u00a4mpfung zieht der 1906R garantiert alle [&hellip;]\" \/>\n<meta property=\"og:url\" content=\"https:\/\/tourcruiser.com\/de\/products\/ganni-x-new-balance-1906r-blazing-yellow-m1906rga\/\" \/>\n<meta property=\"og:site_name\" content=\"Tourcruiser Sneaker Store\" \/>\n<meta name=\"twitter:card\" content=\"summary_large_image\" \/>\n<meta name=\"twitter:image\" content=\"https:\/\/images.novelship.com\/product\/ganni_x_new_balance_1906r__blazing_yellow__m1906rg_0_61640.jpeg\" \/>\n<script type=\"application\/ld+json\" class=\"yoast-schema-graph\">{\"@context\":\"https:\/\/schema.org\",\"@graph\":[{\"@type\":\"WebPage\",\"@id\":\"https:\/\/tourcruiser.com\/de\/products\/ganni-x-new-balance-1906r-blazing-yellow-m1906rga\/\",\"url\":\"https:\/\/tourcruiser.com\/de\/products\/ganni-x-new-balance-1906r-blazing-yellow-m1906rga\/\",\"name\":\"GANNI x New Balance 1906R 'Blazing Yellow' M1906RGA - Tourcruiser PTE. LTD\",\"isPartOf\":{\"@id\":\"https:\/\/tourcruiser.com\/de\/#website\"},\"primaryImageOfPage\":{\"@id\":\"https:\/\/tourcruiser.com\/de\/products\/ganni-x-new-balance-1906r-blazing-yellow-m1906rga\/#primaryimage\"},\"image\":{\"@id\":\"https:\/\/tourcruiser.com\/de\/products\/ganni-x-new-balance-1906r-blazing-yellow-m1906rga\/#primaryimage\"},\"thumbnailUrl\":\"https:\/\/images.novelship.com\/product\/ganni_x_new_balance_1906r__blazing_yellow__m1906rg_0_61640.jpeg\",\"datePublished\":\"2026-03-21T05:04:21+00:00\",\"breadcrumb\":{\"@id\":\"https:\/\/tourcruiser.com\/de\/products\/ganni-x-new-balance-1906r-blazing-yellow-m1906rga\/#breadcrumb\"},\"inLanguage\":\"de\",\"potentialAction\":[{\"@type\":\"ReadAction\",\"target\":[\"https:\/\/tourcruiser.com\/de\/products\/ganni-x-new-balance-1906r-blazing-yellow-m1906rga\/\"]}]},{\"@type\":\"ImageObject\",\"inLanguage\":\"de\",\"@id\":\"https:\/\/tourcruiser.com\/de\/products\/ganni-x-new-balance-1906r-blazing-yellow-m1906rga\/#primaryimage\",\"url\":\"https:\/\/images.novelship.com\/product\/ganni_x_new_balance_1906r__blazing_yellow__m1906rg_0_61640.jpeg\",\"contentUrl\":\"https:\/\/images.novelship.com\/product\/ganni_x_new_balance_1906r__blazing_yellow__m1906rg_0_61640.jpeg\"},{\"@type\":\"BreadcrumbList\",\"@id\":\"https:\/\/tourcruiser.com\/de\/products\/ganni-x-new-balance-1906r-blazing-yellow-m1906rga\/#breadcrumb\",\"itemListElement\":[{\"@type\":\"ListItem\",\"position\":1,\"name\":\"Home\",\"item\":\"https:\/\/tourcruiser.com\/de\/\"},{\"@type\":\"ListItem\",\"position\":2,\"name\":\"Shop\",\"item\":\"https:\/\/tourcruiser.com\/de\/shop\/\"},{\"@type\":\"ListItem\",\"position\":3,\"name\":\"GANNI x New Balance 1906R 'Blazing Yellow' M1906RGA\"}]},{\"@type\":\"WebSite\",\"@id\":\"https:\/\/tourcruiser.com\/de\/#website\",\"url\":\"https:\/\/tourcruiser.com\/de\/\",\"name\":\"Styloral Jewelry Shop\",\"description\":\"Tourcruiser Sneaker Store \u2014 der Ort, an dem das Universum deine Einzigartigkeit trifft.\",\"publisher\":{\"@id\":\"https:\/\/tourcruiser.com\/de\/#organization\"},\"potentialAction\":[{\"@type\":\"SearchAction\",\"target\":{\"@type\":\"EntryPoint\",\"urlTemplate\":\"https:\/\/tourcruiser.com\/de\/?s={search_term_string}\"},\"query-input\":{\"@type\":\"PropertyValueSpecification\",\"valueRequired\":true,\"valueName\":\"search_term_string\"}}],\"inLanguage\":\"de\"},{\"@type\":\"Organization\",\"@id\":\"https:\/\/tourcruiser.com\/de\/#organization\",\"name\":\"STYLORAL PTE. LTD\",\"url\":\"https:\/\/tourcruiser.com\/de\/\",\"logo\":{\"@type\":\"ImageObject\",\"inLanguage\":\"de\",\"@id\":\"https:\/\/tourcruiser.com\/de\/#\/schema\/logo\/image\/\",\"url\":\"https:\/\/www.tourcruiser.com\/wp-content\/uploads\/2025\/12\/logo.png\",\"contentUrl\":\"https:\/\/www.tourcruiser.com\/wp-content\/uploads\/2025\/12\/logo.png\",\"width\":200,\"height\":65,\"caption\":\"STYLORAL PTE. LTD\"},\"image\":{\"@id\":\"https:\/\/tourcruiser.com\/de\/#\/schema\/logo\/image\/\"}}]}<\/script>\n<!-- \/ Yoast SEO plugin. -->","yoast_head_json":{"title":"GANNI x New Balance 1906R 'Blazing Yellow' M1906RGA - Tourcruiser PTE. LTD","robots":{"index":"index","follow":"follow","max-snippet":"max-snippet:-1","max-image-preview":"max-image-preview:large","max-video-preview":"max-video-preview:-1"},"canonical":"https:\/\/tourcruiser.com\/de\/products\/ganni-x-new-balance-1906r-blazing-yellow-m1906rga\/","og_locale":"de_DE","og_type":"article","og_title":"GANNI x New Balance 1906R 'Blazing Yellow' M1906RGA - Tourcruiser PTE. LTD","og_description":"Wir pr\u00c3\u00a4sentieren den GANNI x New Balance 1906R \u00e2\u20ac\u017eBlazing Yellow\u00e2\u20ac\u0153 \u00e2\u20ac\u201c die perfekte Kombination aus Style und Performance. Exklusiv aus unserer Kollaboration: Dieser Sneaker besticht durch ein leuchtendes Gelb, hochwertiges Wildleder und Mesh sowie eine markante Silhouette, die Komfort und Fashion vereint. Mit seinem auff\u00c3\u00a4lligen Design und der au\u00c3\u0178ergew\u00c3\u00b6hnlichen D\u00c3\u00a4mpfung zieht der 1906R garantiert alle [&hellip;]","og_url":"https:\/\/tourcruiser.com\/de\/products\/ganni-x-new-balance-1906r-blazing-yellow-m1906rga\/","og_site_name":"Tourcruiser Sneaker Store","twitter_card":"summary_large_image","twitter_image":"https:\/\/images.novelship.com\/product\/ganni_x_new_balance_1906r__blazing_yellow__m1906rg_0_61640.jpeg","schema":{"@context":"https:\/\/schema.org","@graph":[{"@type":"WebPage","@id":"https:\/\/tourcruiser.com\/de\/products\/ganni-x-new-balance-1906r-blazing-yellow-m1906rga\/","url":"https:\/\/tourcruiser.com\/de\/products\/ganni-x-new-balance-1906r-blazing-yellow-m1906rga\/","name":"GANNI x New Balance 1906R 'Blazing Yellow' M1906RGA - Tourcruiser PTE. LTD","isPartOf":{"@id":"https:\/\/tourcruiser.com\/de\/#website"},"primaryImageOfPage":{"@id":"https:\/\/tourcruiser.com\/de\/products\/ganni-x-new-balance-1906r-blazing-yellow-m1906rga\/#primaryimage"},"image":{"@id":"https:\/\/tourcruiser.com\/de\/products\/ganni-x-new-balance-1906r-blazing-yellow-m1906rga\/#primaryimage"},"thumbnailUrl":"https:\/\/images.novelship.com\/product\/ganni_x_new_balance_1906r__blazing_yellow__m1906rg_0_61640.jpeg","datePublished":"2026-03-21T05:04:21+00:00","breadcrumb":{"@id":"https:\/\/tourcruiser.com\/de\/products\/ganni-x-new-balance-1906r-blazing-yellow-m1906rga\/#breadcrumb"},"inLanguage":"de","potentialAction":[{"@type":"ReadAction","target":["https:\/\/tourcruiser.com\/de\/products\/ganni-x-new-balance-1906r-blazing-yellow-m1906rga\/"]}]},{"@type":"ImageObject","inLanguage":"de","@id":"https:\/\/tourcruiser.com\/de\/products\/ganni-x-new-balance-1906r-blazing-yellow-m1906rga\/#primaryimage","url":"https:\/\/images.novelship.com\/product\/ganni_x_new_balance_1906r__blazing_yellow__m1906rg_0_61640.jpeg","contentUrl":"https:\/\/images.novelship.com\/product\/ganni_x_new_balance_1906r__blazing_yellow__m1906rg_0_61640.jpeg"},{"@type":"BreadcrumbList","@id":"https:\/\/tourcruiser.com\/de\/products\/ganni-x-new-balance-1906r-blazing-yellow-m1906rga\/#breadcrumb","itemListElement":[{"@type":"ListItem","position":1,"name":"Home","item":"https:\/\/tourcruiser.com\/de\/"},{"@type":"ListItem","position":2,"name":"Shop","item":"https:\/\/tourcruiser.com\/de\/shop\/"},{"@type":"ListItem","position":3,"name":"GANNI x New Balance 1906R 'Blazing Yellow' M1906RGA"}]},{"@type":"WebSite","@id":"https:\/\/tourcruiser.com\/de\/#website","url":"https:\/\/tourcruiser.com\/de\/","name":"Styloral Jewelry Shop","description":"Tourcruiser Sneaker Store \u2014 der Ort, an dem das Universum deine Einzigartigkeit trifft.","publisher":{"@id":"https:\/\/tourcruiser.com\/de\/#organization"},"potentialAction":[{"@type":"SearchAction","target":{"@type":"EntryPoint","urlTemplate":"https:\/\/tourcruiser.com\/de\/?s={search_term_string}"},"query-input":{"@type":"PropertyValueSpecification","valueRequired":true,"valueName":"search_term_string"}}],"inLanguage":"de"},{"@type":"Organization","@id":"https:\/\/tourcruiser.com\/de\/#organization","name":"STYLORAL PTE. LTD","url":"https:\/\/tourcruiser.com\/de\/","logo":{"@type":"ImageObject","inLanguage":"de","@id":"https:\/\/tourcruiser.com\/de\/#\/schema\/logo\/image\/","url":"https:\/\/www.tourcruiser.com\/wp-content\/uploads\/2025\/12\/logo.png","contentUrl":"https:\/\/www.tourcruiser.com\/wp-content\/uploads\/2025\/12\/logo.png","width":200,"height":65,"caption":"STYLORAL PTE. LTD"},"image":{"@id":"https:\/\/tourcruiser.com\/de\/#\/schema\/logo\/image\/"}}]}},"_links":{"self":[{"href":"https:\/\/tourcruiser.com\/de\/wp-json\/wp\/v2\/product\/453430","targetHints":{"allow":["GET"]}}],"collection":[{"href":"https:\/\/tourcruiser.com\/de\/wp-json\/wp\/v2\/product"}],"about":[{"href":"https:\/\/tourcruiser.com\/de\/wp-json\/wp\/v2\/types\/product"}],"replies":[{"embeddable":true,"href":"https:\/\/tourcruiser.com\/de\/wp-json\/wp\/v2\/comments?post=453430"}],"wp:featuredmedia":[{"embeddable":true,"href":"https:\/\/tourcruiser.com\/de\/wp-json\/wp\/v2\/media\/453431"}],"wp:attachment":[{"href":"https:\/\/tourcruiser.com\/de\/wp-json\/wp\/v2\/media?parent=453430"}],"wp:term":[{"taxonomy":"product_brand","embeddable":true,"href":"https:\/\/tourcruiser.com\/de\/wp-json\/wp\/v2\/product_brand?post=453430"},{"taxonomy":"product_cat","embeddable":true,"href":"https:\/\/tourcruiser.com\/de\/wp-json\/wp\/v2\/product_cat?post=453430"},{"taxonomy":"product_tag","embeddable":true,"href":"https:\/\/tourcruiser.com\/de\/wp-json\/wp\/v2\/product_tag?post=453430"}],"curies":[{"name":"wp","href":"https:\/\/api.w.org\/{rel}","templated":true}]}}