{"id":453405,"date":"2026-03-21T12:04:20","date_gmt":"2026-03-21T05:04:20","guid":{"rendered":"http:\/\/tourcruiser.com\/product\/jjjjound-x-new-balance-2002r-storm-blue-m2002ru2"},"modified":"2026-03-21T12:04:20","modified_gmt":"2026-03-21T05:04:20","slug":"jjjjound-x-new-balance-2002r-storm-blue-m2002ru2","status":"publish","type":"product","link":"https:\/\/tourcruiser.com\/de\/products\/jjjjound-x-new-balance-2002r-storm-blue-m2002ru2\/","title":{"rendered":"JJJJound x New Balance 2002R &#8218;Storm Blue&#8216; M2002RU2"},"content":{"rendered":"<p>Wir pr\u00c3\u00a4sentieren den JJJJound x New Balance 2002R \u00e2\u20ac\u017eStorm Blue\u00e2\u20ac\u0153 \u00e2\u20ac\u201c eine Kollaboration, die l\u00c3\u00a4ssigen Streetstyle mit technischer Pr\u00c3\u00a4zision vereint. Der Sneaker besticht durch sein markantes Obermaterial aus blauem Wildleder und Mesh und pr\u00c3\u00a4sentiert sich in einem eleganten und modernen Look. Sein fortschrittliches D\u00c3\u00a4mpfungssystem sorgt f\u00c3\u00bcr ganzt\u00c3\u00a4gigen Tragekomfort, w\u00c3\u00a4hrend die strapazierf\u00c3\u00a4hige Gummisohle zuverl\u00c3\u00a4ssigen Halt bietet. Ob auf der Stra\u00c3\u0178e oder auf den Trails \u00e2\u20ac\u201c der JJJJound x New Balance 2002R \u00e2\u20ac\u017eStorm Blue\u00e2\u20ac\u0153 vereint Style, Funktionalit\u00c3\u00a4t und urbanen Chic perfekt.<\/p>\n<ul>\n<li><strong>Farbgebung:<\/strong> Storm Blue\/Sea Salt<\/li>\n<li><strong>Style-Code:<\/strong> M2002RU2<\/li>\n<li><strong>Obermaterial:<\/strong> Wildleder<\/li>\n<li><strong>Zwischensohle:<\/strong> NERGY<\/li>\n<li><strong>Farbe:<\/strong> Grau<\/li>\n<li><strong>Erscheinungsjahr:<\/strong> 2023<\/li>\n<\/ul>\n","protected":false},"excerpt":{"rendered":"<p>Wir pr\u00c3\u00a4sentieren den JJJJound x New Balance 2002R \u00e2\u20ac\u017eStorm Blue\u00e2\u20ac\u0153 \u00e2\u20ac\u201c eine Kollaboration, die l\u00c3\u00a4ssigen Streetstyle mit technischer Pr\u00c3\u00a4zision vereint. Der Sneaker besticht durch sein markantes Obermaterial aus blauem Wildleder und Mesh und pr\u00c3\u00a4sentiert sich in einem eleganten und modernen Look. Sein fortschrittliches D\u00c3\u00a4mpfungssystem sorgt f\u00c3\u00bcr ganzt\u00c3\u00a4gigen Tragekomfort, w\u00c3\u00a4hrend die strapazierf\u00c3\u00a4hige Gummisohle zuverl\u00c3\u00a4ssigen Halt bietet. [&hellip;]<\/p>\n","protected":false},"featured_media":453406,"comment_status":"open","ping_status":"closed","template":"","meta":[],"product_brand":[],"product_cat":[38862,38840,38842,10771],"product_tag":[10750,10753,10754,10765,10766,10768,10758],"class_list":{"0":"post-453405","1":"product","2":"type-product","3":"status-publish","4":"has-post-thumbnail","6":"product_cat-new-balance-2002r","7":"product_cat-lifestyle-shoes-running-inspired","8":"product_cat-gender-men","9":"product_cat-new-balance","10":"product_tag-athleisure-shoes","11":"product_tag-gift-for-him","12":"product_tag-lifestyle-casual-shoes","13":"product_tag-lifestyle-shoes-running-inspired","14":"product_tag-new-balance","15":"product_tag-retro-running-shoes","16":"product_tag-under-retail","17":"wcpa_has_options","19":"first","20":"instock","21":"taxable","22":"shipping-taxable","23":"purchasable","24":"product-type-simple"},"wcpa_form_fields":{"rules":{"pric_overide_base_price":false,"pric_overide_base_price_if_gt_zero":false,"pric_overide_base_price_fully":false,"pric_cal_option_once":false,"pric_use_as_fee":false,"bind_quantity":false,"quantity_bind_formula":false},"fields":[{"type":"color-group","required":true,"elementId":"wcpa-color-group-66c4a928225d2","label":"Gr\u00f6\u00dfe","inline":true,"priceOptions":"different_for_all","pricingType":"fixed","className":"hassizechart product-shoes-size-eu product-shoes-size","name":"color-group-66c4a928225e2","disp_type":"square","selection_type":"tick-border","disp_size":"50","show_label_inside":true,"adjust_width":true,"cart_display_type":"text","other_text":"Other","cl_rule":"show","col":6,"values":[{"label":"35","value":"EU 35","price":"","pimage":"","pimage_id":"","pthumb":"","color":""},{"label":"36","value":"EU 36","price":"","pimage":"","pimage_id":"","pthumb":"","color":"","selected":true},{"label":"37","value":"EU 37","price":"","pimage":"","pimage_id":"","pthumb":"","color":""},{"label":"37.5","value":"EU 37.5","price":"","pimage":"","pimage_id":"","pthumb":"","color":""},{"label":"38","value":"EU 38","price":"","pimage":"","pimage_id":"","pthumb":"","color":""},{"label":"38.5","value":"EU 38.5","price":"","pimage":"","pimage_id":"","pthumb":"","color":""},{"label":"39","value":"EU 39","price":"","pimage":"","pimage_id":"","pthumb":"","color":""},{"label":"39.5","value":"EU 39.5","price":"","pimage":"","pimage_id":"","pthumb":"","color":""},{"label":"40","value":"EU 40","price":"","pimage":"","pimage_id":"","pthumb":"","color":""},{"label":"40.5","value":"EU 40.5","price":"","pimage":"","pimage_id":"","pthumb":"","color":""},{"label":" 41.5","value":"EU 41.5","price":"","pimage":"","pimage_id":"","pthumb":"","color":""},{"label":"42","value":"EU 42","price":"","pimage":"","pimage_id":"","pthumb":"","color":""},{"label":"42.5","value":"EU 42.5","price":"","pimage":"","pimage_id":"","pthumb":"","color":""},{"label":"43","value":"EU 43","price":"","pimage":"","pimage_id":"","pthumb":"","color":""},{"label":"44","value":"EU 44","price":"","pimage":"","pimage_id":"","pthumb":"","color":""},{"label":"44.5","value":"EU 44.5","price":"","pimage":"","pimage_id":"","pthumb":"","color":""},{"label":"45","value":"EU 45","price":"","pimage":"","pimage_id":"","pthumb":"","color":""},{"label":"45.5","value":"EU 45.5","price":"","pimage":"","pimage_id":"","pthumb":"","color":""},{"label":"46","value":"EU 46","price":"","pimage":"","pimage_id":"","pthumb":"","color":""}],"relations":[{"operator":false,"rules":[]}],"form_id":24803,"form_rules":{"pric_cal_option_once":false,"exclude_from_discount":false,"pric_use_as_fee":false,"fee_label":"Fee","render_after_acb":false,"disp_hide_options_price":false}}]},"yoast_head":"<!-- This site is optimized with the Yoast SEO plugin v26.5 - https:\/\/yoast.com\/wordpress\/plugins\/seo\/ -->\n<title>JJJJound x New Balance 2002R &#039;Storm Blue&#039; M2002RU2 - Tourcruiser PTE. LTD<\/title>\n<meta name=\"robots\" content=\"index, follow, max-snippet:-1, max-image-preview:large, max-video-preview:-1\" \/>\n<link rel=\"canonical\" href=\"https:\/\/tourcruiser.com\/de\/products\/jjjjound-x-new-balance-2002r-storm-blue-m2002ru2\/\" \/>\n<meta property=\"og:locale\" content=\"de_DE\" \/>\n<meta property=\"og:type\" content=\"article\" \/>\n<meta property=\"og:title\" content=\"JJJJound x New Balance 2002R &#039;Storm Blue&#039; M2002RU2 - Tourcruiser PTE. LTD\" \/>\n<meta property=\"og:description\" content=\"Wir pr\u00c3\u00a4sentieren den JJJJound x New Balance 2002R \u00e2\u20ac\u017eStorm Blue\u00e2\u20ac\u0153 \u00e2\u20ac\u201c eine Kollaboration, die l\u00c3\u00a4ssigen Streetstyle mit technischer Pr\u00c3\u00a4zision vereint. Der Sneaker besticht durch sein markantes Obermaterial aus blauem Wildleder und Mesh und pr\u00c3\u00a4sentiert sich in einem eleganten und modernen Look. Sein fortschrittliches D\u00c3\u00a4mpfungssystem sorgt f\u00c3\u00bcr ganzt\u00c3\u00a4gigen Tragekomfort, w\u00c3\u00a4hrend die strapazierf\u00c3\u00a4hige Gummisohle zuverl\u00c3\u00a4ssigen Halt bietet. [&hellip;]\" \/>\n<meta property=\"og:url\" content=\"https:\/\/tourcruiser.com\/de\/products\/jjjjound-x-new-balance-2002r-storm-blue-m2002ru2\/\" \/>\n<meta property=\"og:site_name\" content=\"Tourcruiser Sneaker Store\" \/>\n<meta name=\"twitter:card\" content=\"summary_large_image\" \/>\n<meta name=\"twitter:image\" content=\"https:\/\/images.novelship.com\/product\/jjjjound_x_new_balance_2002r__storm_blue__m2002ru2_0_3368.jpeg\" \/>\n<meta name=\"twitter:label1\" content=\"Gesch\u00e4tzte Lesezeit\" \/>\n\t<meta name=\"twitter:data1\" content=\"1\u00a0Minute\" \/>\n<script type=\"application\/ld+json\" class=\"yoast-schema-graph\">{\"@context\":\"https:\/\/schema.org\",\"@graph\":[{\"@type\":\"WebPage\",\"@id\":\"https:\/\/tourcruiser.com\/de\/products\/jjjjound-x-new-balance-2002r-storm-blue-m2002ru2\/\",\"url\":\"https:\/\/tourcruiser.com\/de\/products\/jjjjound-x-new-balance-2002r-storm-blue-m2002ru2\/\",\"name\":\"JJJJound x New Balance 2002R 'Storm Blue' M2002RU2 - Tourcruiser PTE. LTD\",\"isPartOf\":{\"@id\":\"https:\/\/tourcruiser.com\/de\/#website\"},\"primaryImageOfPage\":{\"@id\":\"https:\/\/tourcruiser.com\/de\/products\/jjjjound-x-new-balance-2002r-storm-blue-m2002ru2\/#primaryimage\"},\"image\":{\"@id\":\"https:\/\/tourcruiser.com\/de\/products\/jjjjound-x-new-balance-2002r-storm-blue-m2002ru2\/#primaryimage\"},\"thumbnailUrl\":\"https:\/\/images.novelship.com\/product\/jjjjound_x_new_balance_2002r__storm_blue__m2002ru2_0_3368.jpeg\",\"datePublished\":\"2026-03-21T05:04:20+00:00\",\"breadcrumb\":{\"@id\":\"https:\/\/tourcruiser.com\/de\/products\/jjjjound-x-new-balance-2002r-storm-blue-m2002ru2\/#breadcrumb\"},\"inLanguage\":\"de\",\"potentialAction\":[{\"@type\":\"ReadAction\",\"target\":[\"https:\/\/tourcruiser.com\/de\/products\/jjjjound-x-new-balance-2002r-storm-blue-m2002ru2\/\"]}]},{\"@type\":\"ImageObject\",\"inLanguage\":\"de\",\"@id\":\"https:\/\/tourcruiser.com\/de\/products\/jjjjound-x-new-balance-2002r-storm-blue-m2002ru2\/#primaryimage\",\"url\":\"https:\/\/images.novelship.com\/product\/jjjjound_x_new_balance_2002r__storm_blue__m2002ru2_0_3368.jpeg\",\"contentUrl\":\"https:\/\/images.novelship.com\/product\/jjjjound_x_new_balance_2002r__storm_blue__m2002ru2_0_3368.jpeg\"},{\"@type\":\"BreadcrumbList\",\"@id\":\"https:\/\/tourcruiser.com\/de\/products\/jjjjound-x-new-balance-2002r-storm-blue-m2002ru2\/#breadcrumb\",\"itemListElement\":[{\"@type\":\"ListItem\",\"position\":1,\"name\":\"Home\",\"item\":\"https:\/\/tourcruiser.com\/de\/\"},{\"@type\":\"ListItem\",\"position\":2,\"name\":\"Shop\",\"item\":\"https:\/\/tourcruiser.com\/de\/shop\/\"},{\"@type\":\"ListItem\",\"position\":3,\"name\":\"JJJJound x New Balance 2002R 'Storm Blue' M2002RU2\"}]},{\"@type\":\"WebSite\",\"@id\":\"https:\/\/tourcruiser.com\/de\/#website\",\"url\":\"https:\/\/tourcruiser.com\/de\/\",\"name\":\"Styloral Jewelry Shop\",\"description\":\"Tourcruiser Sneaker Store \u2014 der Ort, an dem das Universum deine Einzigartigkeit trifft.\",\"publisher\":{\"@id\":\"https:\/\/tourcruiser.com\/de\/#organization\"},\"potentialAction\":[{\"@type\":\"SearchAction\",\"target\":{\"@type\":\"EntryPoint\",\"urlTemplate\":\"https:\/\/tourcruiser.com\/de\/?s={search_term_string}\"},\"query-input\":{\"@type\":\"PropertyValueSpecification\",\"valueRequired\":true,\"valueName\":\"search_term_string\"}}],\"inLanguage\":\"de\"},{\"@type\":\"Organization\",\"@id\":\"https:\/\/tourcruiser.com\/de\/#organization\",\"name\":\"STYLORAL PTE. LTD\",\"url\":\"https:\/\/tourcruiser.com\/de\/\",\"logo\":{\"@type\":\"ImageObject\",\"inLanguage\":\"de\",\"@id\":\"https:\/\/tourcruiser.com\/de\/#\/schema\/logo\/image\/\",\"url\":\"https:\/\/www.tourcruiser.com\/wp-content\/uploads\/2025\/12\/logo.png\",\"contentUrl\":\"https:\/\/www.tourcruiser.com\/wp-content\/uploads\/2025\/12\/logo.png\",\"width\":200,\"height\":65,\"caption\":\"STYLORAL PTE. LTD\"},\"image\":{\"@id\":\"https:\/\/tourcruiser.com\/de\/#\/schema\/logo\/image\/\"}}]}<\/script>\n<!-- \/ Yoast SEO plugin. -->","yoast_head_json":{"title":"JJJJound x New Balance 2002R 'Storm Blue' M2002RU2 - Tourcruiser PTE. LTD","robots":{"index":"index","follow":"follow","max-snippet":"max-snippet:-1","max-image-preview":"max-image-preview:large","max-video-preview":"max-video-preview:-1"},"canonical":"https:\/\/tourcruiser.com\/de\/products\/jjjjound-x-new-balance-2002r-storm-blue-m2002ru2\/","og_locale":"de_DE","og_type":"article","og_title":"JJJJound x New Balance 2002R 'Storm Blue' M2002RU2 - Tourcruiser PTE. LTD","og_description":"Wir pr\u00c3\u00a4sentieren den JJJJound x New Balance 2002R \u00e2\u20ac\u017eStorm Blue\u00e2\u20ac\u0153 \u00e2\u20ac\u201c eine Kollaboration, die l\u00c3\u00a4ssigen Streetstyle mit technischer Pr\u00c3\u00a4zision vereint. Der Sneaker besticht durch sein markantes Obermaterial aus blauem Wildleder und Mesh und pr\u00c3\u00a4sentiert sich in einem eleganten und modernen Look. Sein fortschrittliches D\u00c3\u00a4mpfungssystem sorgt f\u00c3\u00bcr ganzt\u00c3\u00a4gigen Tragekomfort, w\u00c3\u00a4hrend die strapazierf\u00c3\u00a4hige Gummisohle zuverl\u00c3\u00a4ssigen Halt bietet. [&hellip;]","og_url":"https:\/\/tourcruiser.com\/de\/products\/jjjjound-x-new-balance-2002r-storm-blue-m2002ru2\/","og_site_name":"Tourcruiser Sneaker Store","twitter_card":"summary_large_image","twitter_image":"https:\/\/images.novelship.com\/product\/jjjjound_x_new_balance_2002r__storm_blue__m2002ru2_0_3368.jpeg","twitter_misc":{"Gesch\u00e4tzte Lesezeit":"1\u00a0Minute"},"schema":{"@context":"https:\/\/schema.org","@graph":[{"@type":"WebPage","@id":"https:\/\/tourcruiser.com\/de\/products\/jjjjound-x-new-balance-2002r-storm-blue-m2002ru2\/","url":"https:\/\/tourcruiser.com\/de\/products\/jjjjound-x-new-balance-2002r-storm-blue-m2002ru2\/","name":"JJJJound x New Balance 2002R 'Storm Blue' M2002RU2 - Tourcruiser PTE. LTD","isPartOf":{"@id":"https:\/\/tourcruiser.com\/de\/#website"},"primaryImageOfPage":{"@id":"https:\/\/tourcruiser.com\/de\/products\/jjjjound-x-new-balance-2002r-storm-blue-m2002ru2\/#primaryimage"},"image":{"@id":"https:\/\/tourcruiser.com\/de\/products\/jjjjound-x-new-balance-2002r-storm-blue-m2002ru2\/#primaryimage"},"thumbnailUrl":"https:\/\/images.novelship.com\/product\/jjjjound_x_new_balance_2002r__storm_blue__m2002ru2_0_3368.jpeg","datePublished":"2026-03-21T05:04:20+00:00","breadcrumb":{"@id":"https:\/\/tourcruiser.com\/de\/products\/jjjjound-x-new-balance-2002r-storm-blue-m2002ru2\/#breadcrumb"},"inLanguage":"de","potentialAction":[{"@type":"ReadAction","target":["https:\/\/tourcruiser.com\/de\/products\/jjjjound-x-new-balance-2002r-storm-blue-m2002ru2\/"]}]},{"@type":"ImageObject","inLanguage":"de","@id":"https:\/\/tourcruiser.com\/de\/products\/jjjjound-x-new-balance-2002r-storm-blue-m2002ru2\/#primaryimage","url":"https:\/\/images.novelship.com\/product\/jjjjound_x_new_balance_2002r__storm_blue__m2002ru2_0_3368.jpeg","contentUrl":"https:\/\/images.novelship.com\/product\/jjjjound_x_new_balance_2002r__storm_blue__m2002ru2_0_3368.jpeg"},{"@type":"BreadcrumbList","@id":"https:\/\/tourcruiser.com\/de\/products\/jjjjound-x-new-balance-2002r-storm-blue-m2002ru2\/#breadcrumb","itemListElement":[{"@type":"ListItem","position":1,"name":"Home","item":"https:\/\/tourcruiser.com\/de\/"},{"@type":"ListItem","position":2,"name":"Shop","item":"https:\/\/tourcruiser.com\/de\/shop\/"},{"@type":"ListItem","position":3,"name":"JJJJound x New Balance 2002R 'Storm Blue' M2002RU2"}]},{"@type":"WebSite","@id":"https:\/\/tourcruiser.com\/de\/#website","url":"https:\/\/tourcruiser.com\/de\/","name":"Styloral Jewelry Shop","description":"Tourcruiser Sneaker Store \u2014 der Ort, an dem das Universum deine Einzigartigkeit trifft.","publisher":{"@id":"https:\/\/tourcruiser.com\/de\/#organization"},"potentialAction":[{"@type":"SearchAction","target":{"@type":"EntryPoint","urlTemplate":"https:\/\/tourcruiser.com\/de\/?s={search_term_string}"},"query-input":{"@type":"PropertyValueSpecification","valueRequired":true,"valueName":"search_term_string"}}],"inLanguage":"de"},{"@type":"Organization","@id":"https:\/\/tourcruiser.com\/de\/#organization","name":"STYLORAL PTE. LTD","url":"https:\/\/tourcruiser.com\/de\/","logo":{"@type":"ImageObject","inLanguage":"de","@id":"https:\/\/tourcruiser.com\/de\/#\/schema\/logo\/image\/","url":"https:\/\/www.tourcruiser.com\/wp-content\/uploads\/2025\/12\/logo.png","contentUrl":"https:\/\/www.tourcruiser.com\/wp-content\/uploads\/2025\/12\/logo.png","width":200,"height":65,"caption":"STYLORAL PTE. LTD"},"image":{"@id":"https:\/\/tourcruiser.com\/de\/#\/schema\/logo\/image\/"}}]}},"_links":{"self":[{"href":"https:\/\/tourcruiser.com\/de\/wp-json\/wp\/v2\/product\/453405","targetHints":{"allow":["GET"]}}],"collection":[{"href":"https:\/\/tourcruiser.com\/de\/wp-json\/wp\/v2\/product"}],"about":[{"href":"https:\/\/tourcruiser.com\/de\/wp-json\/wp\/v2\/types\/product"}],"replies":[{"embeddable":true,"href":"https:\/\/tourcruiser.com\/de\/wp-json\/wp\/v2\/comments?post=453405"}],"wp:featuredmedia":[{"embeddable":true,"href":"https:\/\/tourcruiser.com\/de\/wp-json\/wp\/v2\/media\/453406"}],"wp:attachment":[{"href":"https:\/\/tourcruiser.com\/de\/wp-json\/wp\/v2\/media?parent=453405"}],"wp:term":[{"taxonomy":"product_brand","embeddable":true,"href":"https:\/\/tourcruiser.com\/de\/wp-json\/wp\/v2\/product_brand?post=453405"},{"taxonomy":"product_cat","embeddable":true,"href":"https:\/\/tourcruiser.com\/de\/wp-json\/wp\/v2\/product_cat?post=453405"},{"taxonomy":"product_tag","embeddable":true,"href":"https:\/\/tourcruiser.com\/de\/wp-json\/wp\/v2\/product_tag?post=453405"}],"curies":[{"name":"wp","href":"https:\/\/api.w.org\/{rel}","templated":true}]}}