{"id":453396,"date":"2026-03-21T12:04:20","date_gmt":"2026-03-21T05:04:20","guid":{"rendered":"http:\/\/tourcruiser.com\/product\/new-balance-1906r-comme-des-garcons-homme-white-m1906rco"},"modified":"2026-03-21T12:04:20","modified_gmt":"2026-03-21T05:04:20","slug":"new-balance-1906r-comme-des-garcons-homme-white-m1906rco","status":"publish","type":"product","link":"https:\/\/tourcruiser.com\/de\/products\/new-balance-1906r-comme-des-garcons-homme-white-m1906rco\/","title":{"rendered":"New Balance 1906R Comme des Garcons Homme White M1906RCO"},"content":{"rendered":"<p>Wir pr\u00c3\u00a4sentieren den New Balance 1906R Comme des Gar\u00c3\u00a7ons Homme White \u00e2\u20ac\u201c eine exklusive Kollaboration zweier Kultmarken. Erleben Sie die Verschmelzung von Sportlichkeit und avantgardistischer Mode mit diesen markanten Sneakern. Das wei\u00c3\u0178e Leder-Obermaterial, die Mesh-Eins\u00c3\u00a4tze und das charakteristische N-Logo erinnern an den klassischen NB-Stil, w\u00c3\u00a4hrend die markante Sohle und das CDG-Branding einen Hauch von High Fashion verleihen. Werten Sie Ihre Garderobe auf und setzen Sie ein Statement mit dem M1906RCO.<\/p>\n<p>Farbgebung: Wei\u00c3\u0178\/Schwarz<br \/>\nStyle-Code: M1906RCO<br \/>\nObermaterial: Mesh<br \/>\nZwischensohle: NERGY<br \/>\nFarbe: Wei\u00c3\u0178<br \/>\nErscheinungsjahr: 2023<\/p>\n","protected":false},"excerpt":{"rendered":"<p>Wir pr\u00c3\u00a4sentieren den New Balance 1906R Comme des Gar\u00c3\u00a7ons Homme White \u00e2\u20ac\u201c eine exklusive Kollaboration zweier Kultmarken. Erleben Sie die Verschmelzung von Sportlichkeit und avantgardistischer Mode mit diesen markanten Sneakern. Das wei\u00c3\u0178e Leder-Obermaterial, die Mesh-Eins\u00c3\u00a4tze und das charakteristische N-Logo erinnern an den klassischen NB-Stil, w\u00c3\u00a4hrend die markante Sohle und das CDG-Branding einen Hauch von High [&hellip;]<\/p>\n","protected":false},"featured_media":453397,"comment_status":"open","ping_status":"closed","template":"","meta":[],"product_brand":[],"product_cat":[39736,38840,38842,10771],"product_tag":[10750,10753,10754,10765,10766,10767,10768],"class_list":{"0":"post-453396","1":"product","2":"type-product","3":"status-publish","4":"has-post-thumbnail","6":"product_cat-new-balance-1906r-comme-des-garcons-homme","7":"product_cat-lifestyle-shoes-running-inspired","8":"product_cat-gender-men","9":"product_cat-new-balance","10":"product_tag-athleisure-shoes","11":"product_tag-gift-for-him","12":"product_tag-lifestyle-casual-shoes","13":"product_tag-lifestyle-shoes-running-inspired","14":"product_tag-new-balance","15":"product_tag-new-balance-running-shoes","16":"product_tag-retro-running-shoes","17":"wcpa_has_options","19":"first","20":"instock","21":"taxable","22":"shipping-taxable","23":"purchasable","24":"product-type-simple"},"wcpa_form_fields":{"rules":{"pric_overide_base_price":false,"pric_overide_base_price_if_gt_zero":false,"pric_overide_base_price_fully":false,"pric_cal_option_once":false,"pric_use_as_fee":false,"bind_quantity":false,"quantity_bind_formula":false},"fields":[{"type":"color-group","required":true,"elementId":"wcpa-color-group-66c4a928225d2","label":"Gr\u00f6\u00dfe","inline":true,"priceOptions":"different_for_all","pricingType":"fixed","className":"hassizechart product-shoes-size-eu product-shoes-size","name":"color-group-66c4a928225e2","disp_type":"square","selection_type":"tick-border","disp_size":"50","show_label_inside":true,"adjust_width":true,"cart_display_type":"text","other_text":"Other","cl_rule":"show","col":6,"values":[{"label":"35","value":"EU 35","price":"","pimage":"","pimage_id":"","pthumb":"","color":""},{"label":"36","value":"EU 36","price":"","pimage":"","pimage_id":"","pthumb":"","color":"","selected":true},{"label":"37","value":"EU 37","price":"","pimage":"","pimage_id":"","pthumb":"","color":""},{"label":"37.5","value":"EU 37.5","price":"","pimage":"","pimage_id":"","pthumb":"","color":""},{"label":"38","value":"EU 38","price":"","pimage":"","pimage_id":"","pthumb":"","color":""},{"label":"38.5","value":"EU 38.5","price":"","pimage":"","pimage_id":"","pthumb":"","color":""},{"label":"39","value":"EU 39","price":"","pimage":"","pimage_id":"","pthumb":"","color":""},{"label":"39.5","value":"EU 39.5","price":"","pimage":"","pimage_id":"","pthumb":"","color":""},{"label":"40","value":"EU 40","price":"","pimage":"","pimage_id":"","pthumb":"","color":""},{"label":"40.5","value":"EU 40.5","price":"","pimage":"","pimage_id":"","pthumb":"","color":""},{"label":" 41.5","value":"EU 41.5","price":"","pimage":"","pimage_id":"","pthumb":"","color":""},{"label":"42","value":"EU 42","price":"","pimage":"","pimage_id":"","pthumb":"","color":""},{"label":"42.5","value":"EU 42.5","price":"","pimage":"","pimage_id":"","pthumb":"","color":""},{"label":"43","value":"EU 43","price":"","pimage":"","pimage_id":"","pthumb":"","color":""},{"label":"44","value":"EU 44","price":"","pimage":"","pimage_id":"","pthumb":"","color":""},{"label":"44.5","value":"EU 44.5","price":"","pimage":"","pimage_id":"","pthumb":"","color":""},{"label":"45","value":"EU 45","price":"","pimage":"","pimage_id":"","pthumb":"","color":""},{"label":"45.5","value":"EU 45.5","price":"","pimage":"","pimage_id":"","pthumb":"","color":""},{"label":"46","value":"EU 46","price":"","pimage":"","pimage_id":"","pthumb":"","color":""}],"relations":[{"operator":false,"rules":[]}],"form_id":24803,"form_rules":{"pric_cal_option_once":false,"exclude_from_discount":false,"pric_use_as_fee":false,"fee_label":"Fee","render_after_acb":false,"disp_hide_options_price":false}}]},"yoast_head":"<!-- This site is optimized with the Yoast SEO plugin v26.5 - https:\/\/yoast.com\/wordpress\/plugins\/seo\/ -->\n<title>New Balance 1906R Comme des Garcons Homme White M1906RCO - Tourcruiser PTE. LTD<\/title>\n<meta name=\"robots\" content=\"index, follow, max-snippet:-1, max-image-preview:large, max-video-preview:-1\" \/>\n<link rel=\"canonical\" href=\"https:\/\/tourcruiser.com\/de\/products\/new-balance-1906r-comme-des-garcons-homme-white-m1906rco\/\" \/>\n<meta property=\"og:locale\" content=\"de_DE\" \/>\n<meta property=\"og:type\" content=\"article\" \/>\n<meta property=\"og:title\" content=\"New Balance 1906R Comme des Garcons Homme White M1906RCO - Tourcruiser PTE. LTD\" \/>\n<meta property=\"og:description\" content=\"Wir pr\u00c3\u00a4sentieren den New Balance 1906R Comme des Gar\u00c3\u00a7ons Homme White \u00e2\u20ac\u201c eine exklusive Kollaboration zweier Kultmarken. Erleben Sie die Verschmelzung von Sportlichkeit und avantgardistischer Mode mit diesen markanten Sneakern. Das wei\u00c3\u0178e Leder-Obermaterial, die Mesh-Eins\u00c3\u00a4tze und das charakteristische N-Logo erinnern an den klassischen NB-Stil, w\u00c3\u00a4hrend die markante Sohle und das CDG-Branding einen Hauch von High [&hellip;]\" \/>\n<meta property=\"og:url\" content=\"https:\/\/tourcruiser.com\/de\/products\/new-balance-1906r-comme-des-garcons-homme-white-m1906rco\/\" \/>\n<meta property=\"og:site_name\" content=\"Tourcruiser Sneaker Store\" \/>\n<meta name=\"twitter:card\" content=\"summary_large_image\" \/>\n<meta name=\"twitter:image\" content=\"https:\/\/images.novelship.com\/product\/new_balance_1906r_comme_des_garcons_homme_white_m1_0_66082.jpeg\" \/>\n<script type=\"application\/ld+json\" class=\"yoast-schema-graph\">{\"@context\":\"https:\/\/schema.org\",\"@graph\":[{\"@type\":\"WebPage\",\"@id\":\"https:\/\/tourcruiser.com\/de\/products\/new-balance-1906r-comme-des-garcons-homme-white-m1906rco\/\",\"url\":\"https:\/\/tourcruiser.com\/de\/products\/new-balance-1906r-comme-des-garcons-homme-white-m1906rco\/\",\"name\":\"New Balance 1906R Comme des Garcons Homme White M1906RCO - Tourcruiser PTE. LTD\",\"isPartOf\":{\"@id\":\"https:\/\/tourcruiser.com\/de\/#website\"},\"primaryImageOfPage\":{\"@id\":\"https:\/\/tourcruiser.com\/de\/products\/new-balance-1906r-comme-des-garcons-homme-white-m1906rco\/#primaryimage\"},\"image\":{\"@id\":\"https:\/\/tourcruiser.com\/de\/products\/new-balance-1906r-comme-des-garcons-homme-white-m1906rco\/#primaryimage\"},\"thumbnailUrl\":\"https:\/\/images.novelship.com\/product\/new_balance_1906r_comme_des_garcons_homme_white_m1_0_66082.jpeg\",\"datePublished\":\"2026-03-21T05:04:20+00:00\",\"breadcrumb\":{\"@id\":\"https:\/\/tourcruiser.com\/de\/products\/new-balance-1906r-comme-des-garcons-homme-white-m1906rco\/#breadcrumb\"},\"inLanguage\":\"de\",\"potentialAction\":[{\"@type\":\"ReadAction\",\"target\":[\"https:\/\/tourcruiser.com\/de\/products\/new-balance-1906r-comme-des-garcons-homme-white-m1906rco\/\"]}]},{\"@type\":\"ImageObject\",\"inLanguage\":\"de\",\"@id\":\"https:\/\/tourcruiser.com\/de\/products\/new-balance-1906r-comme-des-garcons-homme-white-m1906rco\/#primaryimage\",\"url\":\"https:\/\/images.novelship.com\/product\/new_balance_1906r_comme_des_garcons_homme_white_m1_0_66082.jpeg\",\"contentUrl\":\"https:\/\/images.novelship.com\/product\/new_balance_1906r_comme_des_garcons_homme_white_m1_0_66082.jpeg\"},{\"@type\":\"BreadcrumbList\",\"@id\":\"https:\/\/tourcruiser.com\/de\/products\/new-balance-1906r-comme-des-garcons-homme-white-m1906rco\/#breadcrumb\",\"itemListElement\":[{\"@type\":\"ListItem\",\"position\":1,\"name\":\"Home\",\"item\":\"https:\/\/tourcruiser.com\/de\/\"},{\"@type\":\"ListItem\",\"position\":2,\"name\":\"Shop\",\"item\":\"https:\/\/tourcruiser.com\/de\/shop\/\"},{\"@type\":\"ListItem\",\"position\":3,\"name\":\"New Balance 1906R Comme des Garcons Homme White M1906RCO\"}]},{\"@type\":\"WebSite\",\"@id\":\"https:\/\/tourcruiser.com\/de\/#website\",\"url\":\"https:\/\/tourcruiser.com\/de\/\",\"name\":\"Styloral Jewelry Shop\",\"description\":\"Tourcruiser Sneaker Store \u2014 der Ort, an dem das Universum deine Einzigartigkeit trifft.\",\"publisher\":{\"@id\":\"https:\/\/tourcruiser.com\/de\/#organization\"},\"potentialAction\":[{\"@type\":\"SearchAction\",\"target\":{\"@type\":\"EntryPoint\",\"urlTemplate\":\"https:\/\/tourcruiser.com\/de\/?s={search_term_string}\"},\"query-input\":{\"@type\":\"PropertyValueSpecification\",\"valueRequired\":true,\"valueName\":\"search_term_string\"}}],\"inLanguage\":\"de\"},{\"@type\":\"Organization\",\"@id\":\"https:\/\/tourcruiser.com\/de\/#organization\",\"name\":\"STYLORAL PTE. LTD\",\"url\":\"https:\/\/tourcruiser.com\/de\/\",\"logo\":{\"@type\":\"ImageObject\",\"inLanguage\":\"de\",\"@id\":\"https:\/\/tourcruiser.com\/de\/#\/schema\/logo\/image\/\",\"url\":\"https:\/\/www.tourcruiser.com\/wp-content\/uploads\/2025\/12\/logo.png\",\"contentUrl\":\"https:\/\/www.tourcruiser.com\/wp-content\/uploads\/2025\/12\/logo.png\",\"width\":200,\"height\":65,\"caption\":\"STYLORAL PTE. LTD\"},\"image\":{\"@id\":\"https:\/\/tourcruiser.com\/de\/#\/schema\/logo\/image\/\"}}]}<\/script>\n<!-- \/ Yoast SEO plugin. -->","yoast_head_json":{"title":"New Balance 1906R Comme des Garcons Homme White M1906RCO - Tourcruiser PTE. LTD","robots":{"index":"index","follow":"follow","max-snippet":"max-snippet:-1","max-image-preview":"max-image-preview:large","max-video-preview":"max-video-preview:-1"},"canonical":"https:\/\/tourcruiser.com\/de\/products\/new-balance-1906r-comme-des-garcons-homme-white-m1906rco\/","og_locale":"de_DE","og_type":"article","og_title":"New Balance 1906R Comme des Garcons Homme White M1906RCO - Tourcruiser PTE. LTD","og_description":"Wir pr\u00c3\u00a4sentieren den New Balance 1906R Comme des Gar\u00c3\u00a7ons Homme White \u00e2\u20ac\u201c eine exklusive Kollaboration zweier Kultmarken. Erleben Sie die Verschmelzung von Sportlichkeit und avantgardistischer Mode mit diesen markanten Sneakern. Das wei\u00c3\u0178e Leder-Obermaterial, die Mesh-Eins\u00c3\u00a4tze und das charakteristische N-Logo erinnern an den klassischen NB-Stil, w\u00c3\u00a4hrend die markante Sohle und das CDG-Branding einen Hauch von High [&hellip;]","og_url":"https:\/\/tourcruiser.com\/de\/products\/new-balance-1906r-comme-des-garcons-homme-white-m1906rco\/","og_site_name":"Tourcruiser Sneaker Store","twitter_card":"summary_large_image","twitter_image":"https:\/\/images.novelship.com\/product\/new_balance_1906r_comme_des_garcons_homme_white_m1_0_66082.jpeg","schema":{"@context":"https:\/\/schema.org","@graph":[{"@type":"WebPage","@id":"https:\/\/tourcruiser.com\/de\/products\/new-balance-1906r-comme-des-garcons-homme-white-m1906rco\/","url":"https:\/\/tourcruiser.com\/de\/products\/new-balance-1906r-comme-des-garcons-homme-white-m1906rco\/","name":"New Balance 1906R Comme des Garcons Homme White M1906RCO - Tourcruiser PTE. LTD","isPartOf":{"@id":"https:\/\/tourcruiser.com\/de\/#website"},"primaryImageOfPage":{"@id":"https:\/\/tourcruiser.com\/de\/products\/new-balance-1906r-comme-des-garcons-homme-white-m1906rco\/#primaryimage"},"image":{"@id":"https:\/\/tourcruiser.com\/de\/products\/new-balance-1906r-comme-des-garcons-homme-white-m1906rco\/#primaryimage"},"thumbnailUrl":"https:\/\/images.novelship.com\/product\/new_balance_1906r_comme_des_garcons_homme_white_m1_0_66082.jpeg","datePublished":"2026-03-21T05:04:20+00:00","breadcrumb":{"@id":"https:\/\/tourcruiser.com\/de\/products\/new-balance-1906r-comme-des-garcons-homme-white-m1906rco\/#breadcrumb"},"inLanguage":"de","potentialAction":[{"@type":"ReadAction","target":["https:\/\/tourcruiser.com\/de\/products\/new-balance-1906r-comme-des-garcons-homme-white-m1906rco\/"]}]},{"@type":"ImageObject","inLanguage":"de","@id":"https:\/\/tourcruiser.com\/de\/products\/new-balance-1906r-comme-des-garcons-homme-white-m1906rco\/#primaryimage","url":"https:\/\/images.novelship.com\/product\/new_balance_1906r_comme_des_garcons_homme_white_m1_0_66082.jpeg","contentUrl":"https:\/\/images.novelship.com\/product\/new_balance_1906r_comme_des_garcons_homme_white_m1_0_66082.jpeg"},{"@type":"BreadcrumbList","@id":"https:\/\/tourcruiser.com\/de\/products\/new-balance-1906r-comme-des-garcons-homme-white-m1906rco\/#breadcrumb","itemListElement":[{"@type":"ListItem","position":1,"name":"Home","item":"https:\/\/tourcruiser.com\/de\/"},{"@type":"ListItem","position":2,"name":"Shop","item":"https:\/\/tourcruiser.com\/de\/shop\/"},{"@type":"ListItem","position":3,"name":"New Balance 1906R Comme des Garcons Homme White M1906RCO"}]},{"@type":"WebSite","@id":"https:\/\/tourcruiser.com\/de\/#website","url":"https:\/\/tourcruiser.com\/de\/","name":"Styloral Jewelry Shop","description":"Tourcruiser Sneaker Store \u2014 der Ort, an dem das Universum deine Einzigartigkeit trifft.","publisher":{"@id":"https:\/\/tourcruiser.com\/de\/#organization"},"potentialAction":[{"@type":"SearchAction","target":{"@type":"EntryPoint","urlTemplate":"https:\/\/tourcruiser.com\/de\/?s={search_term_string}"},"query-input":{"@type":"PropertyValueSpecification","valueRequired":true,"valueName":"search_term_string"}}],"inLanguage":"de"},{"@type":"Organization","@id":"https:\/\/tourcruiser.com\/de\/#organization","name":"STYLORAL PTE. LTD","url":"https:\/\/tourcruiser.com\/de\/","logo":{"@type":"ImageObject","inLanguage":"de","@id":"https:\/\/tourcruiser.com\/de\/#\/schema\/logo\/image\/","url":"https:\/\/www.tourcruiser.com\/wp-content\/uploads\/2025\/12\/logo.png","contentUrl":"https:\/\/www.tourcruiser.com\/wp-content\/uploads\/2025\/12\/logo.png","width":200,"height":65,"caption":"STYLORAL PTE. LTD"},"image":{"@id":"https:\/\/tourcruiser.com\/de\/#\/schema\/logo\/image\/"}}]}},"_links":{"self":[{"href":"https:\/\/tourcruiser.com\/de\/wp-json\/wp\/v2\/product\/453396","targetHints":{"allow":["GET"]}}],"collection":[{"href":"https:\/\/tourcruiser.com\/de\/wp-json\/wp\/v2\/product"}],"about":[{"href":"https:\/\/tourcruiser.com\/de\/wp-json\/wp\/v2\/types\/product"}],"replies":[{"embeddable":true,"href":"https:\/\/tourcruiser.com\/de\/wp-json\/wp\/v2\/comments?post=453396"}],"wp:featuredmedia":[{"embeddable":true,"href":"https:\/\/tourcruiser.com\/de\/wp-json\/wp\/v2\/media\/453397"}],"wp:attachment":[{"href":"https:\/\/tourcruiser.com\/de\/wp-json\/wp\/v2\/media?parent=453396"}],"wp:term":[{"taxonomy":"product_brand","embeddable":true,"href":"https:\/\/tourcruiser.com\/de\/wp-json\/wp\/v2\/product_brand?post=453396"},{"taxonomy":"product_cat","embeddable":true,"href":"https:\/\/tourcruiser.com\/de\/wp-json\/wp\/v2\/product_cat?post=453396"},{"taxonomy":"product_tag","embeddable":true,"href":"https:\/\/tourcruiser.com\/de\/wp-json\/wp\/v2\/product_tag?post=453396"}],"curies":[{"name":"wp","href":"https:\/\/api.w.org\/{rel}","templated":true}]}}