{"id":453373,"date":"2026-03-21T12:04:19","date_gmt":"2026-03-21T05:04:19","guid":{"rendered":"http:\/\/tourcruiser.com\/product\/dtlr-x-new-balance-9060-fire-sign-u9060dmg"},"modified":"2026-03-21T12:04:19","modified_gmt":"2026-03-21T05:04:19","slug":"dtlr-x-new-balance-9060-fire-sign-u9060dmg","status":"publish","type":"product","link":"https:\/\/tourcruiser.com\/de\/products\/dtlr-x-new-balance-9060-fire-sign-u9060dmg\/","title":{"rendered":"DTLR x New Balance 9060 &#8218;Fire Sign&#8216; U9060DMG"},"content":{"rendered":"<p>Entfache deinen Style mit dem exklusiven DTLR x New Balance 9060 \u00e2\u20ac\u017eFire Sign\u00e2\u20ac\u0153. Dieser aufregende Sneaker besticht durch eine feurige Mischung aus Rot-, Orange- und Gelbt\u00c3\u00b6nen und f\u00c3\u00a4ngt die Essenz von Leidenschaft und Energie ein. Seine markanten, flammeninspirierten Details und die hochwertigen Materialien machen jeden Schritt zu einem echten Hingucker und setzen \u00c3\u00bcberall ein Statement. Erlebe die perfekte Verbindung von Komfort und Style: Die ABZORB- und SBS-D\u00c3\u00a4mpfung bieten unvergleichlichen Halt, und die robuste Au\u00c3\u0178ensohle sorgt f\u00c3\u00bcr Stabilit\u00c3\u00a4t. Zeig dein Feuerzeichen und bring die Stra\u00c3\u0178en mit jedem Schritt zum Leuchten.<\/p>\n<ul>\n<li><strong>Farbgebung:<\/strong> Rot\/Orange\/Schwarz<\/li>\n<li><strong>Style-Code:<\/strong> U9060DMG<\/li>\n<li><strong>Obermaterial:<\/strong> Wildleder<\/li>\n<li><strong>Zwischensohle:<\/strong> ABZORB<\/li>\n<li><strong>Farbe:<\/strong> Rot<\/li>\n<li><strong>Erscheinungsjahr:<\/strong> 2023<\/li>\n<\/ul>\n","protected":false},"excerpt":{"rendered":"<p>Entfache deinen Style mit dem exklusiven DTLR x New Balance 9060 \u00e2\u20ac\u017eFire Sign\u00e2\u20ac\u0153. Dieser aufregende Sneaker besticht durch eine feurige Mischung aus Rot-, Orange- und Gelbt\u00c3\u00b6nen und f\u00c3\u00a4ngt die Essenz von Leidenschaft und Energie ein. Seine markanten, flammeninspirierten Details und die hochwertigen Materialien machen jeden Schritt zu einem echten Hingucker und setzen \u00c3\u00bcberall ein Statement. [&hellip;]<\/p>\n","protected":false},"featured_media":453374,"comment_status":"open","ping_status":"closed","template":"","meta":[],"product_brand":[],"product_cat":[39678,38840,38842,10771],"product_tag":[10750,10753,10754,10765,10766,10767,10768],"class_list":{"0":"post-453373","1":"product","2":"type-product","3":"status-publish","4":"has-post-thumbnail","6":"product_cat-new-balance-9060","7":"product_cat-lifestyle-shoes-running-inspired","8":"product_cat-gender-men","9":"product_cat-new-balance","10":"product_tag-athleisure-shoes","11":"product_tag-gift-for-him","12":"product_tag-lifestyle-casual-shoes","13":"product_tag-lifestyle-shoes-running-inspired","14":"product_tag-new-balance","15":"product_tag-new-balance-running-shoes","16":"product_tag-retro-running-shoes","17":"wcpa_has_options","19":"first","20":"instock","21":"taxable","22":"shipping-taxable","23":"purchasable","24":"product-type-simple"},"wcpa_form_fields":{"rules":{"pric_overide_base_price":false,"pric_overide_base_price_if_gt_zero":false,"pric_overide_base_price_fully":false,"pric_cal_option_once":false,"pric_use_as_fee":false,"bind_quantity":false,"quantity_bind_formula":false},"fields":[{"type":"color-group","required":true,"elementId":"wcpa-color-group-66c4a928225d2","label":"Gr\u00f6\u00dfe","inline":true,"priceOptions":"different_for_all","pricingType":"fixed","className":"hassizechart product-shoes-size-eu product-shoes-size","name":"color-group-66c4a928225e2","disp_type":"square","selection_type":"tick-border","disp_size":"50","show_label_inside":true,"adjust_width":true,"cart_display_type":"text","other_text":"Other","cl_rule":"show","col":6,"values":[{"label":"35","value":"EU 35","price":"","pimage":"","pimage_id":"","pthumb":"","color":""},{"label":"36","value":"EU 36","price":"","pimage":"","pimage_id":"","pthumb":"","color":"","selected":true},{"label":"37","value":"EU 37","price":"","pimage":"","pimage_id":"","pthumb":"","color":""},{"label":"37.5","value":"EU 37.5","price":"","pimage":"","pimage_id":"","pthumb":"","color":""},{"label":"38","value":"EU 38","price":"","pimage":"","pimage_id":"","pthumb":"","color":""},{"label":"38.5","value":"EU 38.5","price":"","pimage":"","pimage_id":"","pthumb":"","color":""},{"label":"39","value":"EU 39","price":"","pimage":"","pimage_id":"","pthumb":"","color":""},{"label":"39.5","value":"EU 39.5","price":"","pimage":"","pimage_id":"","pthumb":"","color":""},{"label":"40","value":"EU 40","price":"","pimage":"","pimage_id":"","pthumb":"","color":""},{"label":"40.5","value":"EU 40.5","price":"","pimage":"","pimage_id":"","pthumb":"","color":""},{"label":" 41.5","value":"EU 41.5","price":"","pimage":"","pimage_id":"","pthumb":"","color":""},{"label":"42","value":"EU 42","price":"","pimage":"","pimage_id":"","pthumb":"","color":""},{"label":"42.5","value":"EU 42.5","price":"","pimage":"","pimage_id":"","pthumb":"","color":""},{"label":"43","value":"EU 43","price":"","pimage":"","pimage_id":"","pthumb":"","color":""},{"label":"44","value":"EU 44","price":"","pimage":"","pimage_id":"","pthumb":"","color":""},{"label":"44.5","value":"EU 44.5","price":"","pimage":"","pimage_id":"","pthumb":"","color":""},{"label":"45","value":"EU 45","price":"","pimage":"","pimage_id":"","pthumb":"","color":""},{"label":"45.5","value":"EU 45.5","price":"","pimage":"","pimage_id":"","pthumb":"","color":""},{"label":"46","value":"EU 46","price":"","pimage":"","pimage_id":"","pthumb":"","color":""}],"relations":[{"operator":false,"rules":[]}],"form_id":24803,"form_rules":{"pric_cal_option_once":false,"exclude_from_discount":false,"pric_use_as_fee":false,"fee_label":"Fee","render_after_acb":false,"disp_hide_options_price":false}}]},"yoast_head":"<!-- This site is optimized with the Yoast SEO plugin v26.5 - https:\/\/yoast.com\/wordpress\/plugins\/seo\/ -->\n<title>DTLR x New Balance 9060 &#039;Fire Sign&#039; U9060DMG - Tourcruiser PTE. LTD<\/title>\n<meta name=\"robots\" content=\"index, follow, max-snippet:-1, max-image-preview:large, max-video-preview:-1\" \/>\n<link rel=\"canonical\" href=\"https:\/\/tourcruiser.com\/de\/products\/dtlr-x-new-balance-9060-fire-sign-u9060dmg\/\" \/>\n<meta property=\"og:locale\" content=\"de_DE\" \/>\n<meta property=\"og:type\" content=\"article\" \/>\n<meta property=\"og:title\" content=\"DTLR x New Balance 9060 &#039;Fire Sign&#039; U9060DMG - Tourcruiser PTE. LTD\" \/>\n<meta property=\"og:description\" content=\"Entfache deinen Style mit dem exklusiven DTLR x New Balance 9060 \u00e2\u20ac\u017eFire Sign\u00e2\u20ac\u0153. Dieser aufregende Sneaker besticht durch eine feurige Mischung aus Rot-, Orange- und Gelbt\u00c3\u00b6nen und f\u00c3\u00a4ngt die Essenz von Leidenschaft und Energie ein. Seine markanten, flammeninspirierten Details und die hochwertigen Materialien machen jeden Schritt zu einem echten Hingucker und setzen \u00c3\u00bcberall ein Statement. [&hellip;]\" \/>\n<meta property=\"og:url\" content=\"https:\/\/tourcruiser.com\/de\/products\/dtlr-x-new-balance-9060-fire-sign-u9060dmg\/\" \/>\n<meta property=\"og:site_name\" content=\"Tourcruiser Sneaker Store\" \/>\n<meta name=\"twitter:card\" content=\"summary_large_image\" \/>\n<meta name=\"twitter:image\" content=\"https:\/\/images.novelship.com\/product\/dtlr_x_new_balance_9060__fire_sign__u9060dmg_0_53317.jpeg\" \/>\n<meta name=\"twitter:label1\" content=\"Gesch\u00e4tzte Lesezeit\" \/>\n\t<meta name=\"twitter:data1\" content=\"1\u00a0Minute\" \/>\n<script type=\"application\/ld+json\" class=\"yoast-schema-graph\">{\"@context\":\"https:\/\/schema.org\",\"@graph\":[{\"@type\":\"WebPage\",\"@id\":\"https:\/\/tourcruiser.com\/de\/products\/dtlr-x-new-balance-9060-fire-sign-u9060dmg\/\",\"url\":\"https:\/\/tourcruiser.com\/de\/products\/dtlr-x-new-balance-9060-fire-sign-u9060dmg\/\",\"name\":\"DTLR x New Balance 9060 'Fire Sign' U9060DMG - Tourcruiser PTE. LTD\",\"isPartOf\":{\"@id\":\"https:\/\/tourcruiser.com\/de\/#website\"},\"primaryImageOfPage\":{\"@id\":\"https:\/\/tourcruiser.com\/de\/products\/dtlr-x-new-balance-9060-fire-sign-u9060dmg\/#primaryimage\"},\"image\":{\"@id\":\"https:\/\/tourcruiser.com\/de\/products\/dtlr-x-new-balance-9060-fire-sign-u9060dmg\/#primaryimage\"},\"thumbnailUrl\":\"https:\/\/images.novelship.com\/product\/dtlr_x_new_balance_9060__fire_sign__u9060dmg_0_53317.jpeg\",\"datePublished\":\"2026-03-21T05:04:19+00:00\",\"breadcrumb\":{\"@id\":\"https:\/\/tourcruiser.com\/de\/products\/dtlr-x-new-balance-9060-fire-sign-u9060dmg\/#breadcrumb\"},\"inLanguage\":\"de\",\"potentialAction\":[{\"@type\":\"ReadAction\",\"target\":[\"https:\/\/tourcruiser.com\/de\/products\/dtlr-x-new-balance-9060-fire-sign-u9060dmg\/\"]}]},{\"@type\":\"ImageObject\",\"inLanguage\":\"de\",\"@id\":\"https:\/\/tourcruiser.com\/de\/products\/dtlr-x-new-balance-9060-fire-sign-u9060dmg\/#primaryimage\",\"url\":\"https:\/\/images.novelship.com\/product\/dtlr_x_new_balance_9060__fire_sign__u9060dmg_0_53317.jpeg\",\"contentUrl\":\"https:\/\/images.novelship.com\/product\/dtlr_x_new_balance_9060__fire_sign__u9060dmg_0_53317.jpeg\"},{\"@type\":\"BreadcrumbList\",\"@id\":\"https:\/\/tourcruiser.com\/de\/products\/dtlr-x-new-balance-9060-fire-sign-u9060dmg\/#breadcrumb\",\"itemListElement\":[{\"@type\":\"ListItem\",\"position\":1,\"name\":\"Home\",\"item\":\"https:\/\/tourcruiser.com\/de\/\"},{\"@type\":\"ListItem\",\"position\":2,\"name\":\"Shop\",\"item\":\"https:\/\/tourcruiser.com\/de\/shop\/\"},{\"@type\":\"ListItem\",\"position\":3,\"name\":\"DTLR x New Balance 9060 'Fire Sign' U9060DMG\"}]},{\"@type\":\"WebSite\",\"@id\":\"https:\/\/tourcruiser.com\/de\/#website\",\"url\":\"https:\/\/tourcruiser.com\/de\/\",\"name\":\"Styloral Jewelry Shop\",\"description\":\"Tourcruiser Sneaker Store \u2014 der Ort, an dem das Universum deine Einzigartigkeit trifft.\",\"publisher\":{\"@id\":\"https:\/\/tourcruiser.com\/de\/#organization\"},\"potentialAction\":[{\"@type\":\"SearchAction\",\"target\":{\"@type\":\"EntryPoint\",\"urlTemplate\":\"https:\/\/tourcruiser.com\/de\/?s={search_term_string}\"},\"query-input\":{\"@type\":\"PropertyValueSpecification\",\"valueRequired\":true,\"valueName\":\"search_term_string\"}}],\"inLanguage\":\"de\"},{\"@type\":\"Organization\",\"@id\":\"https:\/\/tourcruiser.com\/de\/#organization\",\"name\":\"STYLORAL PTE. LTD\",\"url\":\"https:\/\/tourcruiser.com\/de\/\",\"logo\":{\"@type\":\"ImageObject\",\"inLanguage\":\"de\",\"@id\":\"https:\/\/tourcruiser.com\/de\/#\/schema\/logo\/image\/\",\"url\":\"https:\/\/www.tourcruiser.com\/wp-content\/uploads\/2025\/12\/logo.png\",\"contentUrl\":\"https:\/\/www.tourcruiser.com\/wp-content\/uploads\/2025\/12\/logo.png\",\"width\":200,\"height\":65,\"caption\":\"STYLORAL PTE. LTD\"},\"image\":{\"@id\":\"https:\/\/tourcruiser.com\/de\/#\/schema\/logo\/image\/\"}}]}<\/script>\n<!-- \/ Yoast SEO plugin. -->","yoast_head_json":{"title":"DTLR x New Balance 9060 'Fire Sign' U9060DMG - Tourcruiser PTE. LTD","robots":{"index":"index","follow":"follow","max-snippet":"max-snippet:-1","max-image-preview":"max-image-preview:large","max-video-preview":"max-video-preview:-1"},"canonical":"https:\/\/tourcruiser.com\/de\/products\/dtlr-x-new-balance-9060-fire-sign-u9060dmg\/","og_locale":"de_DE","og_type":"article","og_title":"DTLR x New Balance 9060 'Fire Sign' U9060DMG - Tourcruiser PTE. LTD","og_description":"Entfache deinen Style mit dem exklusiven DTLR x New Balance 9060 \u00e2\u20ac\u017eFire Sign\u00e2\u20ac\u0153. Dieser aufregende Sneaker besticht durch eine feurige Mischung aus Rot-, Orange- und Gelbt\u00c3\u00b6nen und f\u00c3\u00a4ngt die Essenz von Leidenschaft und Energie ein. Seine markanten, flammeninspirierten Details und die hochwertigen Materialien machen jeden Schritt zu einem echten Hingucker und setzen \u00c3\u00bcberall ein Statement. [&hellip;]","og_url":"https:\/\/tourcruiser.com\/de\/products\/dtlr-x-new-balance-9060-fire-sign-u9060dmg\/","og_site_name":"Tourcruiser Sneaker Store","twitter_card":"summary_large_image","twitter_image":"https:\/\/images.novelship.com\/product\/dtlr_x_new_balance_9060__fire_sign__u9060dmg_0_53317.jpeg","twitter_misc":{"Gesch\u00e4tzte Lesezeit":"1\u00a0Minute"},"schema":{"@context":"https:\/\/schema.org","@graph":[{"@type":"WebPage","@id":"https:\/\/tourcruiser.com\/de\/products\/dtlr-x-new-balance-9060-fire-sign-u9060dmg\/","url":"https:\/\/tourcruiser.com\/de\/products\/dtlr-x-new-balance-9060-fire-sign-u9060dmg\/","name":"DTLR x New Balance 9060 'Fire Sign' U9060DMG - Tourcruiser PTE. LTD","isPartOf":{"@id":"https:\/\/tourcruiser.com\/de\/#website"},"primaryImageOfPage":{"@id":"https:\/\/tourcruiser.com\/de\/products\/dtlr-x-new-balance-9060-fire-sign-u9060dmg\/#primaryimage"},"image":{"@id":"https:\/\/tourcruiser.com\/de\/products\/dtlr-x-new-balance-9060-fire-sign-u9060dmg\/#primaryimage"},"thumbnailUrl":"https:\/\/images.novelship.com\/product\/dtlr_x_new_balance_9060__fire_sign__u9060dmg_0_53317.jpeg","datePublished":"2026-03-21T05:04:19+00:00","breadcrumb":{"@id":"https:\/\/tourcruiser.com\/de\/products\/dtlr-x-new-balance-9060-fire-sign-u9060dmg\/#breadcrumb"},"inLanguage":"de","potentialAction":[{"@type":"ReadAction","target":["https:\/\/tourcruiser.com\/de\/products\/dtlr-x-new-balance-9060-fire-sign-u9060dmg\/"]}]},{"@type":"ImageObject","inLanguage":"de","@id":"https:\/\/tourcruiser.com\/de\/products\/dtlr-x-new-balance-9060-fire-sign-u9060dmg\/#primaryimage","url":"https:\/\/images.novelship.com\/product\/dtlr_x_new_balance_9060__fire_sign__u9060dmg_0_53317.jpeg","contentUrl":"https:\/\/images.novelship.com\/product\/dtlr_x_new_balance_9060__fire_sign__u9060dmg_0_53317.jpeg"},{"@type":"BreadcrumbList","@id":"https:\/\/tourcruiser.com\/de\/products\/dtlr-x-new-balance-9060-fire-sign-u9060dmg\/#breadcrumb","itemListElement":[{"@type":"ListItem","position":1,"name":"Home","item":"https:\/\/tourcruiser.com\/de\/"},{"@type":"ListItem","position":2,"name":"Shop","item":"https:\/\/tourcruiser.com\/de\/shop\/"},{"@type":"ListItem","position":3,"name":"DTLR x New Balance 9060 'Fire Sign' U9060DMG"}]},{"@type":"WebSite","@id":"https:\/\/tourcruiser.com\/de\/#website","url":"https:\/\/tourcruiser.com\/de\/","name":"Styloral Jewelry Shop","description":"Tourcruiser Sneaker Store \u2014 der Ort, an dem das Universum deine Einzigartigkeit trifft.","publisher":{"@id":"https:\/\/tourcruiser.com\/de\/#organization"},"potentialAction":[{"@type":"SearchAction","target":{"@type":"EntryPoint","urlTemplate":"https:\/\/tourcruiser.com\/de\/?s={search_term_string}"},"query-input":{"@type":"PropertyValueSpecification","valueRequired":true,"valueName":"search_term_string"}}],"inLanguage":"de"},{"@type":"Organization","@id":"https:\/\/tourcruiser.com\/de\/#organization","name":"STYLORAL PTE. LTD","url":"https:\/\/tourcruiser.com\/de\/","logo":{"@type":"ImageObject","inLanguage":"de","@id":"https:\/\/tourcruiser.com\/de\/#\/schema\/logo\/image\/","url":"https:\/\/www.tourcruiser.com\/wp-content\/uploads\/2025\/12\/logo.png","contentUrl":"https:\/\/www.tourcruiser.com\/wp-content\/uploads\/2025\/12\/logo.png","width":200,"height":65,"caption":"STYLORAL PTE. LTD"},"image":{"@id":"https:\/\/tourcruiser.com\/de\/#\/schema\/logo\/image\/"}}]}},"_links":{"self":[{"href":"https:\/\/tourcruiser.com\/de\/wp-json\/wp\/v2\/product\/453373","targetHints":{"allow":["GET"]}}],"collection":[{"href":"https:\/\/tourcruiser.com\/de\/wp-json\/wp\/v2\/product"}],"about":[{"href":"https:\/\/tourcruiser.com\/de\/wp-json\/wp\/v2\/types\/product"}],"replies":[{"embeddable":true,"href":"https:\/\/tourcruiser.com\/de\/wp-json\/wp\/v2\/comments?post=453373"}],"wp:featuredmedia":[{"embeddable":true,"href":"https:\/\/tourcruiser.com\/de\/wp-json\/wp\/v2\/media\/453374"}],"wp:attachment":[{"href":"https:\/\/tourcruiser.com\/de\/wp-json\/wp\/v2\/media?parent=453373"}],"wp:term":[{"taxonomy":"product_brand","embeddable":true,"href":"https:\/\/tourcruiser.com\/de\/wp-json\/wp\/v2\/product_brand?post=453373"},{"taxonomy":"product_cat","embeddable":true,"href":"https:\/\/tourcruiser.com\/de\/wp-json\/wp\/v2\/product_cat?post=453373"},{"taxonomy":"product_tag","embeddable":true,"href":"https:\/\/tourcruiser.com\/de\/wp-json\/wp\/v2\/product_tag?post=453373"}],"curies":[{"name":"wp","href":"https:\/\/api.w.org\/{rel}","templated":true}]}}