{"id":453349,"date":"2026-03-21T12:04:18","date_gmt":"2026-03-21T05:04:18","guid":{"rendered":"http:\/\/tourcruiser.com\/product\/new-balance-randomevent-unik-2002r-white-ml2002rx"},"modified":"2026-03-21T12:04:18","modified_gmt":"2026-03-21T05:04:18","slug":"new-balance-randomevent-unik-2002r-white-ml2002rx","status":"publish","type":"product","link":"https:\/\/tourcruiser.com\/de\/products\/new-balance-randomevent-unik-2002r-white-ml2002rx\/","title":{"rendered":"New Balance RANDOMEVENT UNIK 2002R &#8218;White&#8216; ML2002RX"},"content":{"rendered":"<p>Mit dem New Balance RANDOMEVENT UNIK 2002R &#8218;White&#8216; ML2002RX verleihst du deinem Sneaker-Style das gewisse Extra. Dieser stylische Schuh vereint hochwertige Materialien und fortschrittliche D\u00c3\u00a4mpfung f\u00c3\u00bcr ganzt\u00c3\u00a4gigen Tragekomfort. Das elegante wei\u00c3\u0178e Design wird durch markante, moderne Details akzentuiert und macht ihn zu einer vielseitigen Erg\u00c3\u00a4nzung f\u00c3\u00bcr jede Garderobe. Der 2002R wurde f\u00c3\u00bcr Performance und Fashion entwickelt und bietet optimalen Halt, egal ob du auf der Stra\u00c3\u0178e oder im Fitnessstudio unterwegs bist. Steigere deinen Style und deinen Komfort mit der unvergleichlichen Innovation von New Balance.<\/p>\n<ul>\n<li><strong>Farbe:<\/strong> Wei\u00c3\u0178<\/li>\n<li><strong>Style-Code:<\/strong> ML2002RX<\/li>\n<li><strong>Obermaterial:<\/strong> Kunstleder<\/li>\n<li><strong>Farbe:<\/strong> Beige<\/li>\n<li><strong>Saison:<\/strong> Ganzj\u00c3\u00a4hrig<\/li>\n<\/ul>\n","protected":false},"excerpt":{"rendered":"<p>Mit dem New Balance RANDOMEVENT UNIK 2002R &#8218;White&#8216; ML2002RX verleihst du deinem Sneaker-Style das gewisse Extra. Dieser stylische Schuh vereint hochwertige Materialien und fortschrittliche D\u00c3\u00a4mpfung f\u00c3\u00bcr ganzt\u00c3\u00a4gigen Tragekomfort. Das elegante wei\u00c3\u0178e Design wird durch markante, moderne Details akzentuiert und macht ihn zu einer vielseitigen Erg\u00c3\u00a4nzung f\u00c3\u00bcr jede Garderobe. Der 2002R wurde f\u00c3\u00bcr Performance und Fashion [&hellip;]<\/p>\n","protected":false},"featured_media":453350,"comment_status":"open","ping_status":"closed","template":"","meta":[],"product_brand":[],"product_cat":[38840,38842,10771,39730],"product_tag":[10750,10753,10754,10765,10766,10767,10768,10758],"class_list":{"0":"post-453349","1":"product","2":"type-product","3":"status-publish","4":"has-post-thumbnail","6":"product_cat-lifestyle-shoes-running-inspired","7":"product_cat-gender-men","8":"product_cat-new-balance","9":"product_cat-new-balance-randomevent-unik-2002r","10":"product_tag-athleisure-shoes","11":"product_tag-gift-for-him","12":"product_tag-lifestyle-casual-shoes","13":"product_tag-lifestyle-shoes-running-inspired","14":"product_tag-new-balance","15":"product_tag-new-balance-running-shoes","16":"product_tag-retro-running-shoes","17":"product_tag-under-retail","18":"wcpa_has_options","20":"first","21":"instock","22":"taxable","23":"shipping-taxable","24":"purchasable","25":"product-type-simple"},"wcpa_form_fields":{"rules":{"pric_overide_base_price":false,"pric_overide_base_price_if_gt_zero":false,"pric_overide_base_price_fully":false,"pric_cal_option_once":false,"pric_use_as_fee":false,"bind_quantity":false,"quantity_bind_formula":false},"fields":[{"type":"color-group","required":true,"elementId":"wcpa-color-group-66c4a928225d2","label":"Gr\u00f6\u00dfe","inline":true,"priceOptions":"different_for_all","pricingType":"fixed","className":"hassizechart product-shoes-size-eu product-shoes-size","name":"color-group-66c4a928225e2","disp_type":"square","selection_type":"tick-border","disp_size":"50","show_label_inside":true,"adjust_width":true,"cart_display_type":"text","other_text":"Other","cl_rule":"show","col":6,"values":[{"label":"35","value":"EU 35","price":"","pimage":"","pimage_id":"","pthumb":"","color":""},{"label":"36","value":"EU 36","price":"","pimage":"","pimage_id":"","pthumb":"","color":"","selected":true},{"label":"37","value":"EU 37","price":"","pimage":"","pimage_id":"","pthumb":"","color":""},{"label":"37.5","value":"EU 37.5","price":"","pimage":"","pimage_id":"","pthumb":"","color":""},{"label":"38","value":"EU 38","price":"","pimage":"","pimage_id":"","pthumb":"","color":""},{"label":"38.5","value":"EU 38.5","price":"","pimage":"","pimage_id":"","pthumb":"","color":""},{"label":"39","value":"EU 39","price":"","pimage":"","pimage_id":"","pthumb":"","color":""},{"label":"39.5","value":"EU 39.5","price":"","pimage":"","pimage_id":"","pthumb":"","color":""},{"label":"40","value":"EU 40","price":"","pimage":"","pimage_id":"","pthumb":"","color":""},{"label":"40.5","value":"EU 40.5","price":"","pimage":"","pimage_id":"","pthumb":"","color":""},{"label":" 41.5","value":"EU 41.5","price":"","pimage":"","pimage_id":"","pthumb":"","color":""},{"label":"42","value":"EU 42","price":"","pimage":"","pimage_id":"","pthumb":"","color":""},{"label":"42.5","value":"EU 42.5","price":"","pimage":"","pimage_id":"","pthumb":"","color":""},{"label":"43","value":"EU 43","price":"","pimage":"","pimage_id":"","pthumb":"","color":""},{"label":"44","value":"EU 44","price":"","pimage":"","pimage_id":"","pthumb":"","color":""},{"label":"44.5","value":"EU 44.5","price":"","pimage":"","pimage_id":"","pthumb":"","color":""},{"label":"45","value":"EU 45","price":"","pimage":"","pimage_id":"","pthumb":"","color":""},{"label":"45.5","value":"EU 45.5","price":"","pimage":"","pimage_id":"","pthumb":"","color":""},{"label":"46","value":"EU 46","price":"","pimage":"","pimage_id":"","pthumb":"","color":""}],"relations":[{"operator":false,"rules":[]}],"form_id":24803,"form_rules":{"pric_cal_option_once":false,"exclude_from_discount":false,"pric_use_as_fee":false,"fee_label":"Fee","render_after_acb":false,"disp_hide_options_price":false}}]},"yoast_head":"<!-- This site is optimized with the Yoast SEO plugin v26.5 - https:\/\/yoast.com\/wordpress\/plugins\/seo\/ -->\n<title>New Balance RANDOMEVENT UNIK 2002R &#039;White&#039; ML2002RX - Tourcruiser PTE. LTD<\/title>\n<meta name=\"robots\" content=\"index, follow, max-snippet:-1, max-image-preview:large, max-video-preview:-1\" \/>\n<link rel=\"canonical\" href=\"https:\/\/tourcruiser.com\/de\/products\/new-balance-randomevent-unik-2002r-white-ml2002rx\/\" \/>\n<meta property=\"og:locale\" content=\"de_DE\" \/>\n<meta property=\"og:type\" content=\"article\" \/>\n<meta property=\"og:title\" content=\"New Balance RANDOMEVENT UNIK 2002R &#039;White&#039; ML2002RX - Tourcruiser PTE. LTD\" \/>\n<meta property=\"og:description\" content=\"Mit dem New Balance RANDOMEVENT UNIK 2002R &#8218;White&#8216; ML2002RX verleihst du deinem Sneaker-Style das gewisse Extra. Dieser stylische Schuh vereint hochwertige Materialien und fortschrittliche D\u00c3\u00a4mpfung f\u00c3\u00bcr ganzt\u00c3\u00a4gigen Tragekomfort. Das elegante wei\u00c3\u0178e Design wird durch markante, moderne Details akzentuiert und macht ihn zu einer vielseitigen Erg\u00c3\u00a4nzung f\u00c3\u00bcr jede Garderobe. Der 2002R wurde f\u00c3\u00bcr Performance und Fashion [&hellip;]\" \/>\n<meta property=\"og:url\" content=\"https:\/\/tourcruiser.com\/de\/products\/new-balance-randomevent-unik-2002r-white-ml2002rx\/\" \/>\n<meta property=\"og:site_name\" content=\"Tourcruiser Sneaker Store\" \/>\n<meta name=\"twitter:card\" content=\"summary_large_image\" \/>\n<meta name=\"twitter:image\" content=\"https:\/\/images.novelship.com\/product\/randomevent_x_unik_x_new_balance_2002r__triple_col_0_52622.jpeg\" \/>\n<meta name=\"twitter:label1\" content=\"Gesch\u00e4tzte Lesezeit\" \/>\n\t<meta name=\"twitter:data1\" content=\"1\u00a0Minute\" \/>\n<script type=\"application\/ld+json\" class=\"yoast-schema-graph\">{\"@context\":\"https:\/\/schema.org\",\"@graph\":[{\"@type\":\"WebPage\",\"@id\":\"https:\/\/tourcruiser.com\/de\/products\/new-balance-randomevent-unik-2002r-white-ml2002rx\/\",\"url\":\"https:\/\/tourcruiser.com\/de\/products\/new-balance-randomevent-unik-2002r-white-ml2002rx\/\",\"name\":\"New Balance RANDOMEVENT UNIK 2002R 'White' ML2002RX - Tourcruiser PTE. LTD\",\"isPartOf\":{\"@id\":\"https:\/\/tourcruiser.com\/de\/#website\"},\"primaryImageOfPage\":{\"@id\":\"https:\/\/tourcruiser.com\/de\/products\/new-balance-randomevent-unik-2002r-white-ml2002rx\/#primaryimage\"},\"image\":{\"@id\":\"https:\/\/tourcruiser.com\/de\/products\/new-balance-randomevent-unik-2002r-white-ml2002rx\/#primaryimage\"},\"thumbnailUrl\":\"https:\/\/images.novelship.com\/product\/randomevent_x_unik_x_new_balance_2002r__triple_col_0_52622.jpeg\",\"datePublished\":\"2026-03-21T05:04:18+00:00\",\"breadcrumb\":{\"@id\":\"https:\/\/tourcruiser.com\/de\/products\/new-balance-randomevent-unik-2002r-white-ml2002rx\/#breadcrumb\"},\"inLanguage\":\"de\",\"potentialAction\":[{\"@type\":\"ReadAction\",\"target\":[\"https:\/\/tourcruiser.com\/de\/products\/new-balance-randomevent-unik-2002r-white-ml2002rx\/\"]}]},{\"@type\":\"ImageObject\",\"inLanguage\":\"de\",\"@id\":\"https:\/\/tourcruiser.com\/de\/products\/new-balance-randomevent-unik-2002r-white-ml2002rx\/#primaryimage\",\"url\":\"https:\/\/images.novelship.com\/product\/randomevent_x_unik_x_new_balance_2002r__triple_col_0_52622.jpeg\",\"contentUrl\":\"https:\/\/images.novelship.com\/product\/randomevent_x_unik_x_new_balance_2002r__triple_col_0_52622.jpeg\"},{\"@type\":\"BreadcrumbList\",\"@id\":\"https:\/\/tourcruiser.com\/de\/products\/new-balance-randomevent-unik-2002r-white-ml2002rx\/#breadcrumb\",\"itemListElement\":[{\"@type\":\"ListItem\",\"position\":1,\"name\":\"Home\",\"item\":\"https:\/\/tourcruiser.com\/de\/\"},{\"@type\":\"ListItem\",\"position\":2,\"name\":\"Shop\",\"item\":\"https:\/\/tourcruiser.com\/de\/shop\/\"},{\"@type\":\"ListItem\",\"position\":3,\"name\":\"New Balance RANDOMEVENT UNIK 2002R 'White' ML2002RX\"}]},{\"@type\":\"WebSite\",\"@id\":\"https:\/\/tourcruiser.com\/de\/#website\",\"url\":\"https:\/\/tourcruiser.com\/de\/\",\"name\":\"Styloral Jewelry Shop\",\"description\":\"Tourcruiser Sneaker Store \u2014 der Ort, an dem das Universum deine Einzigartigkeit trifft.\",\"publisher\":{\"@id\":\"https:\/\/tourcruiser.com\/de\/#organization\"},\"potentialAction\":[{\"@type\":\"SearchAction\",\"target\":{\"@type\":\"EntryPoint\",\"urlTemplate\":\"https:\/\/tourcruiser.com\/de\/?s={search_term_string}\"},\"query-input\":{\"@type\":\"PropertyValueSpecification\",\"valueRequired\":true,\"valueName\":\"search_term_string\"}}],\"inLanguage\":\"de\"},{\"@type\":\"Organization\",\"@id\":\"https:\/\/tourcruiser.com\/de\/#organization\",\"name\":\"STYLORAL PTE. LTD\",\"url\":\"https:\/\/tourcruiser.com\/de\/\",\"logo\":{\"@type\":\"ImageObject\",\"inLanguage\":\"de\",\"@id\":\"https:\/\/tourcruiser.com\/de\/#\/schema\/logo\/image\/\",\"url\":\"https:\/\/www.tourcruiser.com\/wp-content\/uploads\/2025\/12\/logo.png\",\"contentUrl\":\"https:\/\/www.tourcruiser.com\/wp-content\/uploads\/2025\/12\/logo.png\",\"width\":200,\"height\":65,\"caption\":\"STYLORAL PTE. LTD\"},\"image\":{\"@id\":\"https:\/\/tourcruiser.com\/de\/#\/schema\/logo\/image\/\"}}]}<\/script>\n<!-- \/ Yoast SEO plugin. -->","yoast_head_json":{"title":"New Balance RANDOMEVENT UNIK 2002R 'White' ML2002RX - Tourcruiser PTE. LTD","robots":{"index":"index","follow":"follow","max-snippet":"max-snippet:-1","max-image-preview":"max-image-preview:large","max-video-preview":"max-video-preview:-1"},"canonical":"https:\/\/tourcruiser.com\/de\/products\/new-balance-randomevent-unik-2002r-white-ml2002rx\/","og_locale":"de_DE","og_type":"article","og_title":"New Balance RANDOMEVENT UNIK 2002R 'White' ML2002RX - Tourcruiser PTE. LTD","og_description":"Mit dem New Balance RANDOMEVENT UNIK 2002R &#8218;White&#8216; ML2002RX verleihst du deinem Sneaker-Style das gewisse Extra. Dieser stylische Schuh vereint hochwertige Materialien und fortschrittliche D\u00c3\u00a4mpfung f\u00c3\u00bcr ganzt\u00c3\u00a4gigen Tragekomfort. Das elegante wei\u00c3\u0178e Design wird durch markante, moderne Details akzentuiert und macht ihn zu einer vielseitigen Erg\u00c3\u00a4nzung f\u00c3\u00bcr jede Garderobe. Der 2002R wurde f\u00c3\u00bcr Performance und Fashion [&hellip;]","og_url":"https:\/\/tourcruiser.com\/de\/products\/new-balance-randomevent-unik-2002r-white-ml2002rx\/","og_site_name":"Tourcruiser Sneaker Store","twitter_card":"summary_large_image","twitter_image":"https:\/\/images.novelship.com\/product\/randomevent_x_unik_x_new_balance_2002r__triple_col_0_52622.jpeg","twitter_misc":{"Gesch\u00e4tzte Lesezeit":"1\u00a0Minute"},"schema":{"@context":"https:\/\/schema.org","@graph":[{"@type":"WebPage","@id":"https:\/\/tourcruiser.com\/de\/products\/new-balance-randomevent-unik-2002r-white-ml2002rx\/","url":"https:\/\/tourcruiser.com\/de\/products\/new-balance-randomevent-unik-2002r-white-ml2002rx\/","name":"New Balance RANDOMEVENT UNIK 2002R 'White' ML2002RX - Tourcruiser PTE. LTD","isPartOf":{"@id":"https:\/\/tourcruiser.com\/de\/#website"},"primaryImageOfPage":{"@id":"https:\/\/tourcruiser.com\/de\/products\/new-balance-randomevent-unik-2002r-white-ml2002rx\/#primaryimage"},"image":{"@id":"https:\/\/tourcruiser.com\/de\/products\/new-balance-randomevent-unik-2002r-white-ml2002rx\/#primaryimage"},"thumbnailUrl":"https:\/\/images.novelship.com\/product\/randomevent_x_unik_x_new_balance_2002r__triple_col_0_52622.jpeg","datePublished":"2026-03-21T05:04:18+00:00","breadcrumb":{"@id":"https:\/\/tourcruiser.com\/de\/products\/new-balance-randomevent-unik-2002r-white-ml2002rx\/#breadcrumb"},"inLanguage":"de","potentialAction":[{"@type":"ReadAction","target":["https:\/\/tourcruiser.com\/de\/products\/new-balance-randomevent-unik-2002r-white-ml2002rx\/"]}]},{"@type":"ImageObject","inLanguage":"de","@id":"https:\/\/tourcruiser.com\/de\/products\/new-balance-randomevent-unik-2002r-white-ml2002rx\/#primaryimage","url":"https:\/\/images.novelship.com\/product\/randomevent_x_unik_x_new_balance_2002r__triple_col_0_52622.jpeg","contentUrl":"https:\/\/images.novelship.com\/product\/randomevent_x_unik_x_new_balance_2002r__triple_col_0_52622.jpeg"},{"@type":"BreadcrumbList","@id":"https:\/\/tourcruiser.com\/de\/products\/new-balance-randomevent-unik-2002r-white-ml2002rx\/#breadcrumb","itemListElement":[{"@type":"ListItem","position":1,"name":"Home","item":"https:\/\/tourcruiser.com\/de\/"},{"@type":"ListItem","position":2,"name":"Shop","item":"https:\/\/tourcruiser.com\/de\/shop\/"},{"@type":"ListItem","position":3,"name":"New Balance RANDOMEVENT UNIK 2002R 'White' ML2002RX"}]},{"@type":"WebSite","@id":"https:\/\/tourcruiser.com\/de\/#website","url":"https:\/\/tourcruiser.com\/de\/","name":"Styloral Jewelry Shop","description":"Tourcruiser Sneaker Store \u2014 der Ort, an dem das Universum deine Einzigartigkeit trifft.","publisher":{"@id":"https:\/\/tourcruiser.com\/de\/#organization"},"potentialAction":[{"@type":"SearchAction","target":{"@type":"EntryPoint","urlTemplate":"https:\/\/tourcruiser.com\/de\/?s={search_term_string}"},"query-input":{"@type":"PropertyValueSpecification","valueRequired":true,"valueName":"search_term_string"}}],"inLanguage":"de"},{"@type":"Organization","@id":"https:\/\/tourcruiser.com\/de\/#organization","name":"STYLORAL PTE. LTD","url":"https:\/\/tourcruiser.com\/de\/","logo":{"@type":"ImageObject","inLanguage":"de","@id":"https:\/\/tourcruiser.com\/de\/#\/schema\/logo\/image\/","url":"https:\/\/www.tourcruiser.com\/wp-content\/uploads\/2025\/12\/logo.png","contentUrl":"https:\/\/www.tourcruiser.com\/wp-content\/uploads\/2025\/12\/logo.png","width":200,"height":65,"caption":"STYLORAL PTE. LTD"},"image":{"@id":"https:\/\/tourcruiser.com\/de\/#\/schema\/logo\/image\/"}}]}},"_links":{"self":[{"href":"https:\/\/tourcruiser.com\/de\/wp-json\/wp\/v2\/product\/453349","targetHints":{"allow":["GET"]}}],"collection":[{"href":"https:\/\/tourcruiser.com\/de\/wp-json\/wp\/v2\/product"}],"about":[{"href":"https:\/\/tourcruiser.com\/de\/wp-json\/wp\/v2\/types\/product"}],"replies":[{"embeddable":true,"href":"https:\/\/tourcruiser.com\/de\/wp-json\/wp\/v2\/comments?post=453349"}],"wp:featuredmedia":[{"embeddable":true,"href":"https:\/\/tourcruiser.com\/de\/wp-json\/wp\/v2\/media\/453350"}],"wp:attachment":[{"href":"https:\/\/tourcruiser.com\/de\/wp-json\/wp\/v2\/media?parent=453349"}],"wp:term":[{"taxonomy":"product_brand","embeddable":true,"href":"https:\/\/tourcruiser.com\/de\/wp-json\/wp\/v2\/product_brand?post=453349"},{"taxonomy":"product_cat","embeddable":true,"href":"https:\/\/tourcruiser.com\/de\/wp-json\/wp\/v2\/product_cat?post=453349"},{"taxonomy":"product_tag","embeddable":true,"href":"https:\/\/tourcruiser.com\/de\/wp-json\/wp\/v2\/product_tag?post=453349"}],"curies":[{"name":"wp","href":"https:\/\/api.w.org\/{rel}","templated":true}]}}