{"id":45317,"date":"2026-03-02T15:01:13","date_gmt":"2026-03-02T08:01:13","guid":{"rendered":"http:\/\/tourcruiser.com\/product\/adidas-runfalcon-5-wide-grey-carbon-footwear"},"modified":"2026-03-28T00:53:42","modified_gmt":"2026-03-27T17:53:42","slug":"adidas-runfalcon-5-wide-grey-carbon-footwear","status":"publish","type":"product","link":"https:\/\/tourcruiser.com\/de\/products\/adidas-runfalcon-5-wide-grey-carbon-footwear\/","title":{"rendered":"Adidas Runfalcon 5 Wide Grey Carbon Footwear"},"content":{"rendered":"<p>Der Adidas Runfalcon 5 Wide Grey Carbon (JH5185) bietet \u00fcberragenden Komfort und Stabilit\u00e4t und ist damit die ideale Wahl f\u00fcr t\u00e4gliche L\u00e4ufer und einen aktiven Lebensstil. Dank der breiteren Passform bietet dieser Schuh verbesserte Unterst\u00fctzung und ein sicheres Tragegef\u00fchl. Die leichte und dennoch strapazierf\u00e4hige Konstruktion verf\u00fcgt \u00fcber ein atmungsaktives Mesh-Obermaterial, das Ihre F\u00fc\u00dfe auch bei langen L\u00e4ufen oder Spazierg\u00e4ngen angenehm k\u00fchl h\u00e4lt. Die EVA-Zwischensohle sorgt f\u00fcr reaktionsfreudige D\u00e4mpfung, w\u00e4hrend die Gummiau\u00dfensohle zuverl\u00e4ssige Traktion auf verschiedenen Untergr\u00fcnden gew\u00e4hrleistet. Die elegante graue Carbonfarbe mit modernen Details macht den Schuh zu einer vielseitigen Erg\u00e4nzung Ihrer Sport- oder Freizeitgarderobe. Egal ob auf der Laufbahn, im Fitnessstudio oder auf der Stra\u00dfe \u201d\u201c der Adidas Runfalcon 5 Wide vereint Performance, Style und ganzt\u00e4gigen Tragekomfort f\u00fcr ein unvergleichliches Laufgef\u00fchl.<\/p>\n<ul>\n<li><strong>Farbgebung:<\/strong> Grey Three\/Carbon\/Cloud White<\/li>\n<li><strong>Style-Code:<\/strong> JH5185<\/li>\n<li><strong>Obermaterial:<\/strong> Mesh<\/li>\n<li><strong>Zwischensohle:<\/strong> Cloudfoam<\/li>\n<li><strong>Farbe:<\/strong> Grau<\/li>\n<li><strong>Saison:<\/strong> Sommer<\/li>\n<li><strong>Erscheinungsjahr:<\/strong> 2024<\/li>\n<\/ul>\n","protected":false},"excerpt":{"rendered":"<p>adidas Runfalcon 5 Wide \u201d\u201d Grey Three\/Carbon\/Cloud White<\/p>\n","protected":false},"featured_media":45318,"comment_status":"open","ping_status":"closed","template":"","meta":[],"product_brand":[],"product_cat":[10760],"product_tag":[10759,11835,10839,10802,10840,10758],"class_list":{"0":"post-45317","1":"product","2":"type-product","3":"status-publish","4":"has-post-thumbnail","6":"product_cat-adidas","7":"product_tag-adidas","8":"product_tag-casual-running-shoes","9":"product_tag-performance-running-shoes","10":"product_tag-performance-sport-shoes","11":"product_tag-running-shoes","12":"product_tag-under-retail","13":"wcpa_has_options","15":"first","16":"outofstock","17":"taxable","18":"shipping-taxable","19":"purchasable","20":"product-type-simple"},"wcpa_form_fields":{"rules":{"pric_overide_base_price":false,"pric_overide_base_price_if_gt_zero":false,"pric_overide_base_price_fully":false,"pric_cal_option_once":false,"pric_use_as_fee":false,"bind_quantity":false,"quantity_bind_formula":false},"fields":[{"type":"color-group","required":true,"elementId":"wcpa-color-group-66c4a7f817afe","label":"Gr\u00f6\u00dfe","inline":true,"priceOptions":"different_for_all","pricingType":"fixed","className":"hassizechart product-shoes-size-eu product-shoes-size","name":"color-group-66c4a7f817b18","disp_type":"square","selection_type":"tick-border","disp_size":"50","show_label_inside":true,"adjust_width":true,"cart_display_type":"text","other_text":"Other","cl_rule":"show","col":6,"values":[{"label":"35","value":"EU 35","price":"","pimage":"","pimage_id":"","pthumb":"","color":""},{"label":"35.5","value":"EU 35.5","price":"","pimage":"","pimage_id":"","pthumb":"","color":""},{"label":"36","value":"EU 36","price":"","pimage":"","pimage_id":"","pthumb":"","color":"","selected":true},{"label":"36 2\/3","value":"EU 36 2\/3","price":"","pimage":"","pimage_id":"","pthumb":"","color":""},{"label":"37 1\/3","value":"EU 37 1\/3","price":"","pimage":"","pimage_id":"","pthumb":"","color":""},{"label":"38","value":"EU 38","price":"","pimage":"","pimage_id":"","pthumb":"","color":""},{"label":"38 2\/3","value":"EU 38 2\/3","price":"","pimage":"","pimage_id":"","pthumb":"","color":""},{"label":"39 1\/3","value":"EU 39 1\/3","price":"","pimage":"","pimage_id":"","pthumb":"","color":""},{"label":"40","value":"EU 40","price":"","pimage":"","pimage_id":"","pthumb":"","color":""},{"label":"40 2\/3","value":"EU 40 2\/3","price":"","pimage":"","pimage_id":"","pthumb":"","color":""},{"label":"41 1\/3","value":"EU 41 1\/3","price":"","pimage":"","pimage_id":"","pthumb":"","color":""},{"label":"42","value":"EU 42","price":"","pimage":"","pimage_id":"","pthumb":"","color":""},{"label":"42 2\/3","value":"EU 42 2\/3","price":"","pimage":"","pimage_id":"","pthumb":"","color":""},{"label":"43 1\/3","value":"EU 43 1\/3","price":"","pimage":"","pimage_id":"","pthumb":"","color":""},{"label":"44","value":"EU 44","price":"","pimage":"","pimage_id":"","pthumb":"","color":""},{"label":"44 2\/3","value":"EU 44 2\/3","price":"","pimage":"","pimage_id":"","pthumb":"","color":""},{"label":"45 1\/3","value":"EU 45 1\/3","price":"","pimage":"","pimage_id":"","pthumb":"","color":""},{"label":"46","value":"EU 46","price":"","pimage":"","pimage_id":"","pthumb":"","color":""},{"label":"46 2\/3","value":"EU 46 2\/3","price":"","pimage":"","pimage_id":"","pthumb":"","color":""},{"label":"47 1\/3","value":"EU 47 1\/3","price":"","pimage":"","pimage_id":"","pthumb":"","color":""}],"relations":[{"operator":false,"rules":[]}],"form_id":24802,"form_rules":{"pric_cal_option_once":false,"exclude_from_discount":false,"pric_use_as_fee":false,"fee_label":"Fee","render_after_acb":false,"disp_hide_options_price":false}}]},"yoast_head":"<!-- This site is optimized with the Yoast SEO plugin v26.5 - https:\/\/yoast.com\/wordpress\/plugins\/seo\/ -->\n<title>Adidas Runfalcon 5 Wide Grey Carbon Footwear  - Tourcruiser PTE. LTD<\/title>\n<meta name=\"robots\" content=\"index, follow, max-snippet:-1, max-image-preview:large, max-video-preview:-1\" \/>\n<link rel=\"canonical\" href=\"https:\/\/tourcruiser.com\/de\/products\/adidas-runfalcon-5-wide-grey-carbon-footwear\/\" \/>\n<meta property=\"og:locale\" content=\"de_DE\" \/>\n<meta property=\"og:type\" content=\"article\" \/>\n<meta property=\"og:title\" content=\"Adidas Runfalcon 5 Wide Grey Carbon Footwear  - Tourcruiser PTE. LTD\" \/>\n<meta property=\"og:description\" content=\"adidas Runfalcon 5 Wide \u201d\u201d Grey Three\/Carbon\/Cloud White\" \/>\n<meta property=\"og:url\" content=\"https:\/\/tourcruiser.com\/de\/products\/adidas-runfalcon-5-wide-grey-carbon-footwear\/\" \/>\n<meta property=\"og:site_name\" content=\"Tourcruiser Sneaker Store\" \/>\n<meta property=\"article:modified_time\" content=\"2026-03-27T17:53:42+00:00\" \/>\n<meta name=\"twitter:card\" content=\"summary_large_image\" \/>\n<meta name=\"twitter:image\" content=\"https:\/\/images.novelship.com\/product\/adidas_runfalcon_5_wide_grey_carbon_footwear_jh518_0_85550.png;https:\/\/images.novelship.com\/product\/adidas_runfalcon_5_wide_grey_carbon_footwear_jh518_1_85550.png;https:\/\/images.novelship.com\/product\/adidas_runfalcon_5_wide_grey_carbon_footwear_jh518_2_85550.png;https:\/\/images.novelship.com\/product\/adidas_runfalcon_5_wide_grey_carbon_footwear_jh518_3_85550.png;https:\/\/images.novelship.com\/product\/adidas_runfalcon_5_wide_grey_carbon_footwear_jh518_4_85550.png;https:\/\/images.novelship.com\/product\/adidas_runfalcon_5_wide_grey_carbon_footwear_jh518_5_85550.png;https:\/\/images.novelship.com\/product\/adidas_runfalcon_5_wide_grey_carbon_footwear_jh518_6_85550.png\" \/>\n<meta name=\"twitter:label1\" content=\"Gesch\u00e4tzte Lesezeit\" \/>\n\t<meta name=\"twitter:data1\" content=\"1\u00a0Minute\" \/>\n<script type=\"application\/ld+json\" class=\"yoast-schema-graph\">{\"@context\":\"https:\/\/schema.org\",\"@graph\":[{\"@type\":\"WebPage\",\"@id\":\"https:\/\/tourcruiser.com\/de\/products\/adidas-runfalcon-5-wide-grey-carbon-footwear\/\",\"url\":\"https:\/\/tourcruiser.com\/de\/products\/adidas-runfalcon-5-wide-grey-carbon-footwear\/\",\"name\":\"Adidas Runfalcon 5 Wide Grey Carbon Footwear - Tourcruiser PTE. LTD\",\"isPartOf\":{\"@id\":\"https:\/\/tourcruiser.com\/de\/#website\"},\"primaryImageOfPage\":{\"@id\":\"https:\/\/tourcruiser.com\/de\/products\/adidas-runfalcon-5-wide-grey-carbon-footwear\/#primaryimage\"},\"image\":{\"@id\":\"https:\/\/tourcruiser.com\/de\/products\/adidas-runfalcon-5-wide-grey-carbon-footwear\/#primaryimage\"},\"thumbnailUrl\":\"https:\/\/images.novelship.com\/product\/adidas_runfalcon_5_wide_grey_carbon_footwear_jh518_0_85550.png;https:\/\/images.novelship.com\/product\/adidas_runfalcon_5_wide_grey_carbon_footwear_jh518_1_85550.png;https:\/\/images.novelship.com\/product\/adidas_runfalcon_5_wide_grey_carbon_footwear_jh518_2_85550.png;https:\/\/images.novelship.com\/product\/adidas_runfalcon_5_wide_grey_carbon_footwear_jh518_3_85550.png;https:\/\/images.novelship.com\/product\/adidas_runfalcon_5_wide_grey_carbon_footwear_jh518_4_85550.png;https:\/\/images.novelship.com\/product\/adidas_runfalcon_5_wide_grey_carbon_footwear_jh518_5_85550.png;https:\/\/images.novelship.com\/product\/adidas_runfalcon_5_wide_grey_carbon_footwear_jh518_6_85550.png\",\"datePublished\":\"2026-03-02T08:01:13+00:00\",\"dateModified\":\"2026-03-27T17:53:42+00:00\",\"breadcrumb\":{\"@id\":\"https:\/\/tourcruiser.com\/de\/products\/adidas-runfalcon-5-wide-grey-carbon-footwear\/#breadcrumb\"},\"inLanguage\":\"de\",\"potentialAction\":[{\"@type\":\"ReadAction\",\"target\":[\"https:\/\/tourcruiser.com\/de\/products\/adidas-runfalcon-5-wide-grey-carbon-footwear\/\"]}]},{\"@type\":\"ImageObject\",\"inLanguage\":\"de\",\"@id\":\"https:\/\/tourcruiser.com\/de\/products\/adidas-runfalcon-5-wide-grey-carbon-footwear\/#primaryimage\",\"url\":\"https:\/\/images.novelship.com\/product\/adidas_runfalcon_5_wide_grey_carbon_footwear_jh518_0_85550.png;https:\/\/images.novelship.com\/product\/adidas_runfalcon_5_wide_grey_carbon_footwear_jh518_1_85550.png;https:\/\/images.novelship.com\/product\/adidas_runfalcon_5_wide_grey_carbon_footwear_jh518_2_85550.png;https:\/\/images.novelship.com\/product\/adidas_runfalcon_5_wide_grey_carbon_footwear_jh518_3_85550.png;https:\/\/images.novelship.com\/product\/adidas_runfalcon_5_wide_grey_carbon_footwear_jh518_4_85550.png;https:\/\/images.novelship.com\/product\/adidas_runfalcon_5_wide_grey_carbon_footwear_jh518_5_85550.png;https:\/\/images.novelship.com\/product\/adidas_runfalcon_5_wide_grey_carbon_footwear_jh518_6_85550.png\",\"contentUrl\":\"https:\/\/images.novelship.com\/product\/adidas_runfalcon_5_wide_grey_carbon_footwear_jh518_0_85550.png;https:\/\/images.novelship.com\/product\/adidas_runfalcon_5_wide_grey_carbon_footwear_jh518_1_85550.png;https:\/\/images.novelship.com\/product\/adidas_runfalcon_5_wide_grey_carbon_footwear_jh518_2_85550.png;https:\/\/images.novelship.com\/product\/adidas_runfalcon_5_wide_grey_carbon_footwear_jh518_3_85550.png;https:\/\/images.novelship.com\/product\/adidas_runfalcon_5_wide_grey_carbon_footwear_jh518_4_85550.png;https:\/\/images.novelship.com\/product\/adidas_runfalcon_5_wide_grey_carbon_footwear_jh518_5_85550.png;https:\/\/images.novelship.com\/product\/adidas_runfalcon_5_wide_grey_carbon_footwear_jh518_6_85550.png\"},{\"@type\":\"BreadcrumbList\",\"@id\":\"https:\/\/tourcruiser.com\/de\/products\/adidas-runfalcon-5-wide-grey-carbon-footwear\/#breadcrumb\",\"itemListElement\":[{\"@type\":\"ListItem\",\"position\":1,\"name\":\"Home\",\"item\":\"https:\/\/tourcruiser.com\/de\/\"},{\"@type\":\"ListItem\",\"position\":2,\"name\":\"Shop\",\"item\":\"https:\/\/tourcruiser.com\/de\/shop\/\"},{\"@type\":\"ListItem\",\"position\":3,\"name\":\"Adidas Runfalcon 5 Wide Grey Carbon Footwear\"}]},{\"@type\":\"WebSite\",\"@id\":\"https:\/\/tourcruiser.com\/de\/#website\",\"url\":\"https:\/\/tourcruiser.com\/de\/\",\"name\":\"Styloral Jewelry Shop\",\"description\":\"Tourcruiser Sneaker Store \u2014 der Ort, an dem das Universum deine Einzigartigkeit trifft.\",\"publisher\":{\"@id\":\"https:\/\/tourcruiser.com\/de\/#organization\"},\"potentialAction\":[{\"@type\":\"SearchAction\",\"target\":{\"@type\":\"EntryPoint\",\"urlTemplate\":\"https:\/\/tourcruiser.com\/de\/?s={search_term_string}\"},\"query-input\":{\"@type\":\"PropertyValueSpecification\",\"valueRequired\":true,\"valueName\":\"search_term_string\"}}],\"inLanguage\":\"de\"},{\"@type\":\"Organization\",\"@id\":\"https:\/\/tourcruiser.com\/de\/#organization\",\"name\":\"STYLORAL PTE. LTD\",\"url\":\"https:\/\/tourcruiser.com\/de\/\",\"logo\":{\"@type\":\"ImageObject\",\"inLanguage\":\"de\",\"@id\":\"https:\/\/tourcruiser.com\/de\/#\/schema\/logo\/image\/\",\"url\":\"https:\/\/www.tourcruiser.com\/wp-content\/uploads\/2025\/12\/logo.png\",\"contentUrl\":\"https:\/\/www.tourcruiser.com\/wp-content\/uploads\/2025\/12\/logo.png\",\"width\":200,\"height\":65,\"caption\":\"STYLORAL PTE. LTD\"},\"image\":{\"@id\":\"https:\/\/tourcruiser.com\/de\/#\/schema\/logo\/image\/\"}}]}<\/script>\n<!-- \/ Yoast SEO plugin. -->","yoast_head_json":{"title":"Adidas Runfalcon 5 Wide Grey Carbon Footwear  - Tourcruiser PTE. LTD","robots":{"index":"index","follow":"follow","max-snippet":"max-snippet:-1","max-image-preview":"max-image-preview:large","max-video-preview":"max-video-preview:-1"},"canonical":"https:\/\/tourcruiser.com\/de\/products\/adidas-runfalcon-5-wide-grey-carbon-footwear\/","og_locale":"de_DE","og_type":"article","og_title":"Adidas Runfalcon 5 Wide Grey Carbon Footwear  - Tourcruiser PTE. LTD","og_description":"adidas Runfalcon 5 Wide \u201d\u201d Grey Three\/Carbon\/Cloud White","og_url":"https:\/\/tourcruiser.com\/de\/products\/adidas-runfalcon-5-wide-grey-carbon-footwear\/","og_site_name":"Tourcruiser Sneaker Store","article_modified_time":"2026-03-27T17:53:42+00:00","twitter_card":"summary_large_image","twitter_image":"https:\/\/images.novelship.com\/product\/adidas_runfalcon_5_wide_grey_carbon_footwear_jh518_0_85550.png;https:\/\/images.novelship.com\/product\/adidas_runfalcon_5_wide_grey_carbon_footwear_jh518_1_85550.png;https:\/\/images.novelship.com\/product\/adidas_runfalcon_5_wide_grey_carbon_footwear_jh518_2_85550.png;https:\/\/images.novelship.com\/product\/adidas_runfalcon_5_wide_grey_carbon_footwear_jh518_3_85550.png;https:\/\/images.novelship.com\/product\/adidas_runfalcon_5_wide_grey_carbon_footwear_jh518_4_85550.png;https:\/\/images.novelship.com\/product\/adidas_runfalcon_5_wide_grey_carbon_footwear_jh518_5_85550.png;https:\/\/images.novelship.com\/product\/adidas_runfalcon_5_wide_grey_carbon_footwear_jh518_6_85550.png","twitter_misc":{"Gesch\u00e4tzte Lesezeit":"1\u00a0Minute"},"schema":{"@context":"https:\/\/schema.org","@graph":[{"@type":"WebPage","@id":"https:\/\/tourcruiser.com\/de\/products\/adidas-runfalcon-5-wide-grey-carbon-footwear\/","url":"https:\/\/tourcruiser.com\/de\/products\/adidas-runfalcon-5-wide-grey-carbon-footwear\/","name":"Adidas Runfalcon 5 Wide Grey Carbon Footwear - Tourcruiser PTE. LTD","isPartOf":{"@id":"https:\/\/tourcruiser.com\/de\/#website"},"primaryImageOfPage":{"@id":"https:\/\/tourcruiser.com\/de\/products\/adidas-runfalcon-5-wide-grey-carbon-footwear\/#primaryimage"},"image":{"@id":"https:\/\/tourcruiser.com\/de\/products\/adidas-runfalcon-5-wide-grey-carbon-footwear\/#primaryimage"},"thumbnailUrl":"https:\/\/images.novelship.com\/product\/adidas_runfalcon_5_wide_grey_carbon_footwear_jh518_0_85550.png;https:\/\/images.novelship.com\/product\/adidas_runfalcon_5_wide_grey_carbon_footwear_jh518_1_85550.png;https:\/\/images.novelship.com\/product\/adidas_runfalcon_5_wide_grey_carbon_footwear_jh518_2_85550.png;https:\/\/images.novelship.com\/product\/adidas_runfalcon_5_wide_grey_carbon_footwear_jh518_3_85550.png;https:\/\/images.novelship.com\/product\/adidas_runfalcon_5_wide_grey_carbon_footwear_jh518_4_85550.png;https:\/\/images.novelship.com\/product\/adidas_runfalcon_5_wide_grey_carbon_footwear_jh518_5_85550.png;https:\/\/images.novelship.com\/product\/adidas_runfalcon_5_wide_grey_carbon_footwear_jh518_6_85550.png","datePublished":"2026-03-02T08:01:13+00:00","dateModified":"2026-03-27T17:53:42+00:00","breadcrumb":{"@id":"https:\/\/tourcruiser.com\/de\/products\/adidas-runfalcon-5-wide-grey-carbon-footwear\/#breadcrumb"},"inLanguage":"de","potentialAction":[{"@type":"ReadAction","target":["https:\/\/tourcruiser.com\/de\/products\/adidas-runfalcon-5-wide-grey-carbon-footwear\/"]}]},{"@type":"ImageObject","inLanguage":"de","@id":"https:\/\/tourcruiser.com\/de\/products\/adidas-runfalcon-5-wide-grey-carbon-footwear\/#primaryimage","url":"https:\/\/images.novelship.com\/product\/adidas_runfalcon_5_wide_grey_carbon_footwear_jh518_0_85550.png;https:\/\/images.novelship.com\/product\/adidas_runfalcon_5_wide_grey_carbon_footwear_jh518_1_85550.png;https:\/\/images.novelship.com\/product\/adidas_runfalcon_5_wide_grey_carbon_footwear_jh518_2_85550.png;https:\/\/images.novelship.com\/product\/adidas_runfalcon_5_wide_grey_carbon_footwear_jh518_3_85550.png;https:\/\/images.novelship.com\/product\/adidas_runfalcon_5_wide_grey_carbon_footwear_jh518_4_85550.png;https:\/\/images.novelship.com\/product\/adidas_runfalcon_5_wide_grey_carbon_footwear_jh518_5_85550.png;https:\/\/images.novelship.com\/product\/adidas_runfalcon_5_wide_grey_carbon_footwear_jh518_6_85550.png","contentUrl":"https:\/\/images.novelship.com\/product\/adidas_runfalcon_5_wide_grey_carbon_footwear_jh518_0_85550.png;https:\/\/images.novelship.com\/product\/adidas_runfalcon_5_wide_grey_carbon_footwear_jh518_1_85550.png;https:\/\/images.novelship.com\/product\/adidas_runfalcon_5_wide_grey_carbon_footwear_jh518_2_85550.png;https:\/\/images.novelship.com\/product\/adidas_runfalcon_5_wide_grey_carbon_footwear_jh518_3_85550.png;https:\/\/images.novelship.com\/product\/adidas_runfalcon_5_wide_grey_carbon_footwear_jh518_4_85550.png;https:\/\/images.novelship.com\/product\/adidas_runfalcon_5_wide_grey_carbon_footwear_jh518_5_85550.png;https:\/\/images.novelship.com\/product\/adidas_runfalcon_5_wide_grey_carbon_footwear_jh518_6_85550.png"},{"@type":"BreadcrumbList","@id":"https:\/\/tourcruiser.com\/de\/products\/adidas-runfalcon-5-wide-grey-carbon-footwear\/#breadcrumb","itemListElement":[{"@type":"ListItem","position":1,"name":"Home","item":"https:\/\/tourcruiser.com\/de\/"},{"@type":"ListItem","position":2,"name":"Shop","item":"https:\/\/tourcruiser.com\/de\/shop\/"},{"@type":"ListItem","position":3,"name":"Adidas Runfalcon 5 Wide Grey Carbon Footwear"}]},{"@type":"WebSite","@id":"https:\/\/tourcruiser.com\/de\/#website","url":"https:\/\/tourcruiser.com\/de\/","name":"Styloral Jewelry Shop","description":"Tourcruiser Sneaker Store \u2014 der Ort, an dem das Universum deine Einzigartigkeit trifft.","publisher":{"@id":"https:\/\/tourcruiser.com\/de\/#organization"},"potentialAction":[{"@type":"SearchAction","target":{"@type":"EntryPoint","urlTemplate":"https:\/\/tourcruiser.com\/de\/?s={search_term_string}"},"query-input":{"@type":"PropertyValueSpecification","valueRequired":true,"valueName":"search_term_string"}}],"inLanguage":"de"},{"@type":"Organization","@id":"https:\/\/tourcruiser.com\/de\/#organization","name":"STYLORAL PTE. LTD","url":"https:\/\/tourcruiser.com\/de\/","logo":{"@type":"ImageObject","inLanguage":"de","@id":"https:\/\/tourcruiser.com\/de\/#\/schema\/logo\/image\/","url":"https:\/\/www.tourcruiser.com\/wp-content\/uploads\/2025\/12\/logo.png","contentUrl":"https:\/\/www.tourcruiser.com\/wp-content\/uploads\/2025\/12\/logo.png","width":200,"height":65,"caption":"STYLORAL PTE. LTD"},"image":{"@id":"https:\/\/tourcruiser.com\/de\/#\/schema\/logo\/image\/"}}]}},"_links":{"self":[{"href":"https:\/\/tourcruiser.com\/de\/wp-json\/wp\/v2\/product\/45317","targetHints":{"allow":["GET"]}}],"collection":[{"href":"https:\/\/tourcruiser.com\/de\/wp-json\/wp\/v2\/product"}],"about":[{"href":"https:\/\/tourcruiser.com\/de\/wp-json\/wp\/v2\/types\/product"}],"replies":[{"embeddable":true,"href":"https:\/\/tourcruiser.com\/de\/wp-json\/wp\/v2\/comments?post=45317"}],"wp:featuredmedia":[{"embeddable":true,"href":"https:\/\/tourcruiser.com\/de\/wp-json\/wp\/v2\/media\/45318"}],"wp:attachment":[{"href":"https:\/\/tourcruiser.com\/de\/wp-json\/wp\/v2\/media?parent=45317"}],"wp:term":[{"taxonomy":"product_brand","embeddable":true,"href":"https:\/\/tourcruiser.com\/de\/wp-json\/wp\/v2\/product_brand?post=45317"},{"taxonomy":"product_cat","embeddable":true,"href":"https:\/\/tourcruiser.com\/de\/wp-json\/wp\/v2\/product_cat?post=45317"},{"taxonomy":"product_tag","embeddable":true,"href":"https:\/\/tourcruiser.com\/de\/wp-json\/wp\/v2\/product_tag?post=45317"}],"curies":[{"name":"wp","href":"https:\/\/api.w.org\/{rel}","templated":true}]}}