{"id":453141,"date":"2026-03-21T12:04:11","date_gmt":"2026-03-21T05:04:11","guid":{"rendered":"http:\/\/tourcruiser.com\/product\/women-new-balance-joe-freshgoods-x-993-made-in-usa-performance-artpowder-pink-wr993jh1"},"modified":"2026-03-21T12:04:11","modified_gmt":"2026-03-21T05:04:11","slug":"women-new-balance-joe-freshgoods-x-993-made-in-usa-performance-artpowder-pink-wr993jh1","status":"publish","type":"product","link":"https:\/\/tourcruiser.com\/de\/products\/women-new-balance-joe-freshgoods-x-993-made-in-usa-performance-artpowder-pink-wr993jh1\/","title":{"rendered":"(Women) New Balance Joe Freshgoods x 993 Made in USA &#8218;Performance Art &#8211; Powder Pink&#8216; WR993JH1"},"content":{"rendered":"<p>Wir pr\u00c3\u00a4sentieren den New Balance Joe Freshgoods x 993 Made in USA Performance Art Sneaker in Puderrosa (Damen). Diese Kollaboration zwischen New Balance und Joe Freshgoods bringt Ihnen einen stylischen und leistungsstarken Sneaker. Hergestellt in den USA, besticht er durch seine wundersch\u00c3\u00b6ne Puderrosa-Farbe und bietet au\u00c3\u0178ergew\u00c3\u00b6hnlichen Komfort und Halt. Dieser Sneaker ist perfekt f\u00c3\u00bcr den ganzen Tag und ein Must-have f\u00c3\u00bcr Sneaker-Fans und modebewusste Menschen.<\/p>\n<p>Farbe: Puderrosa<\/p>\n<p>Style-Code: WR993JH1<\/p>\n<p>Obermaterial: Wildleder<\/p>\n<p>Zwischensohle: ABZORB<\/p>\n<p>Farbe: Rosa<br \/>\nSaison: Herbst<\/p>\n<p>Erscheinungsjahr: 2022<\/p>\n","protected":false},"excerpt":{"rendered":"<p>Wir pr\u00c3\u00a4sentieren den New Balance Joe Freshgoods x 993 Made in USA Performance Art Sneaker in Puderrosa (Damen). Diese Kollaboration zwischen New Balance und Joe Freshgoods bringt Ihnen einen stylischen und leistungsstarken Sneaker. Hergestellt in den USA, besticht er durch seine wundersch\u00c3\u00b6ne Puderrosa-Farbe und bietet au\u00c3\u0178ergew\u00c3\u00b6hnlichen Komfort und Halt. Dieser Sneaker ist perfekt f\u00c3\u00bcr den [&hellip;]<\/p>\n","protected":false},"featured_media":453142,"comment_status":"open","ping_status":"closed","template":"","meta":[],"product_brand":[],"product_cat":[39688,38840,10771,38854],"product_tag":[10750,10926,10754,10765,10766,10767,10768],"class_list":{"0":"post-453141","1":"product","2":"type-product","3":"status-publish","4":"has-post-thumbnail","6":"product_cat-new-balance-993","7":"product_cat-lifestyle-shoes-running-inspired","8":"product_cat-new-balance","9":"product_cat-gender-women","10":"product_tag-athleisure-shoes","11":"product_tag-gift-for-her","12":"product_tag-lifestyle-casual-shoes","13":"product_tag-lifestyle-shoes-running-inspired","14":"product_tag-new-balance","15":"product_tag-new-balance-running-shoes","16":"product_tag-retro-running-shoes","17":"wcpa_has_options","19":"first","20":"instock","21":"taxable","22":"shipping-taxable","23":"purchasable","24":"product-type-simple"},"wcpa_form_fields":{"rules":{"pric_overide_base_price":false,"pric_overide_base_price_if_gt_zero":false,"pric_overide_base_price_fully":false,"pric_cal_option_once":false,"pric_use_as_fee":false,"bind_quantity":false,"quantity_bind_formula":false},"fields":[{"type":"color-group","required":true,"elementId":"wcpa-color-group-66c4a928225d2","label":"Gr\u00f6\u00dfe","inline":true,"priceOptions":"different_for_all","pricingType":"fixed","className":"hassizechart product-shoes-size-eu product-shoes-size","name":"color-group-66c4a928225e2","disp_type":"square","selection_type":"tick-border","disp_size":"50","show_label_inside":true,"adjust_width":true,"cart_display_type":"text","other_text":"Other","cl_rule":"show","col":6,"values":[{"label":"35","value":"EU 35","price":"","pimage":"","pimage_id":"","pthumb":"","color":""},{"label":"36","value":"EU 36","price":"","pimage":"","pimage_id":"","pthumb":"","color":"","selected":true},{"label":"37","value":"EU 37","price":"","pimage":"","pimage_id":"","pthumb":"","color":""},{"label":"37.5","value":"EU 37.5","price":"","pimage":"","pimage_id":"","pthumb":"","color":""},{"label":"38","value":"EU 38","price":"","pimage":"","pimage_id":"","pthumb":"","color":""},{"label":"38.5","value":"EU 38.5","price":"","pimage":"","pimage_id":"","pthumb":"","color":""},{"label":"39","value":"EU 39","price":"","pimage":"","pimage_id":"","pthumb":"","color":""},{"label":"39.5","value":"EU 39.5","price":"","pimage":"","pimage_id":"","pthumb":"","color":""},{"label":"40","value":"EU 40","price":"","pimage":"","pimage_id":"","pthumb":"","color":""},{"label":"40.5","value":"EU 40.5","price":"","pimage":"","pimage_id":"","pthumb":"","color":""},{"label":" 41.5","value":"EU 41.5","price":"","pimage":"","pimage_id":"","pthumb":"","color":""},{"label":"42","value":"EU 42","price":"","pimage":"","pimage_id":"","pthumb":"","color":""},{"label":"42.5","value":"EU 42.5","price":"","pimage":"","pimage_id":"","pthumb":"","color":""},{"label":"43","value":"EU 43","price":"","pimage":"","pimage_id":"","pthumb":"","color":""},{"label":"44","value":"EU 44","price":"","pimage":"","pimage_id":"","pthumb":"","color":""},{"label":"44.5","value":"EU 44.5","price":"","pimage":"","pimage_id":"","pthumb":"","color":""},{"label":"45","value":"EU 45","price":"","pimage":"","pimage_id":"","pthumb":"","color":""},{"label":"45.5","value":"EU 45.5","price":"","pimage":"","pimage_id":"","pthumb":"","color":""},{"label":"46","value":"EU 46","price":"","pimage":"","pimage_id":"","pthumb":"","color":""}],"relations":[{"operator":false,"rules":[]}],"form_id":24803,"form_rules":{"pric_cal_option_once":false,"exclude_from_discount":false,"pric_use_as_fee":false,"fee_label":"Fee","render_after_acb":false,"disp_hide_options_price":false}}]},"yoast_head":"<!-- This site is optimized with the Yoast SEO plugin v26.5 - https:\/\/yoast.com\/wordpress\/plugins\/seo\/ -->\n<title>(Women) New Balance Joe Freshgoods x 993 Made in USA &#039;Performance Art - Powder Pink&#039; WR993JH1 - Tourcruiser PTE. LTD<\/title>\n<meta name=\"robots\" content=\"index, follow, max-snippet:-1, max-image-preview:large, max-video-preview:-1\" \/>\n<link rel=\"canonical\" href=\"https:\/\/tourcruiser.com\/de\/products\/women-new-balance-joe-freshgoods-x-993-made-in-usa-performance-artpowder-pink-wr993jh1\/\" \/>\n<meta property=\"og:locale\" content=\"de_DE\" \/>\n<meta property=\"og:type\" content=\"article\" \/>\n<meta property=\"og:title\" content=\"(Women) New Balance Joe Freshgoods x 993 Made in USA &#039;Performance Art - Powder Pink&#039; WR993JH1 - Tourcruiser PTE. LTD\" \/>\n<meta property=\"og:description\" content=\"Wir pr\u00c3\u00a4sentieren den New Balance Joe Freshgoods x 993 Made in USA Performance Art Sneaker in Puderrosa (Damen). Diese Kollaboration zwischen New Balance und Joe Freshgoods bringt Ihnen einen stylischen und leistungsstarken Sneaker. Hergestellt in den USA, besticht er durch seine wundersch\u00c3\u00b6ne Puderrosa-Farbe und bietet au\u00c3\u0178ergew\u00c3\u00b6hnlichen Komfort und Halt. Dieser Sneaker ist perfekt f\u00c3\u00bcr den [&hellip;]\" \/>\n<meta property=\"og:url\" content=\"https:\/\/tourcruiser.com\/de\/products\/women-new-balance-joe-freshgoods-x-993-made-in-usa-performance-artpowder-pink-wr993jh1\/\" \/>\n<meta property=\"og:site_name\" content=\"Tourcruiser Sneaker Store\" \/>\n<meta name=\"twitter:card\" content=\"summary_large_image\" \/>\n<meta name=\"twitter:image\" content=\"https:\/\/images.novelship.com\/product\/_women__new_balance_joe_freshgoods_x_993_made_in_u_0_30896.jpeg\" \/>\n<script type=\"application\/ld+json\" class=\"yoast-schema-graph\">{\"@context\":\"https:\/\/schema.org\",\"@graph\":[{\"@type\":\"WebPage\",\"@id\":\"https:\/\/tourcruiser.com\/de\/products\/women-new-balance-joe-freshgoods-x-993-made-in-usa-performance-artpowder-pink-wr993jh1\/\",\"url\":\"https:\/\/tourcruiser.com\/de\/products\/women-new-balance-joe-freshgoods-x-993-made-in-usa-performance-artpowder-pink-wr993jh1\/\",\"name\":\"(Women) New Balance Joe Freshgoods x 993 Made in USA 'Performance Art - Powder Pink' WR993JH1 - Tourcruiser PTE. LTD\",\"isPartOf\":{\"@id\":\"https:\/\/tourcruiser.com\/de\/#website\"},\"primaryImageOfPage\":{\"@id\":\"https:\/\/tourcruiser.com\/de\/products\/women-new-balance-joe-freshgoods-x-993-made-in-usa-performance-artpowder-pink-wr993jh1\/#primaryimage\"},\"image\":{\"@id\":\"https:\/\/tourcruiser.com\/de\/products\/women-new-balance-joe-freshgoods-x-993-made-in-usa-performance-artpowder-pink-wr993jh1\/#primaryimage\"},\"thumbnailUrl\":\"https:\/\/images.novelship.com\/product\/_women__new_balance_joe_freshgoods_x_993_made_in_u_0_30896.jpeg\",\"datePublished\":\"2026-03-21T05:04:11+00:00\",\"breadcrumb\":{\"@id\":\"https:\/\/tourcruiser.com\/de\/products\/women-new-balance-joe-freshgoods-x-993-made-in-usa-performance-artpowder-pink-wr993jh1\/#breadcrumb\"},\"inLanguage\":\"de\",\"potentialAction\":[{\"@type\":\"ReadAction\",\"target\":[\"https:\/\/tourcruiser.com\/de\/products\/women-new-balance-joe-freshgoods-x-993-made-in-usa-performance-artpowder-pink-wr993jh1\/\"]}]},{\"@type\":\"ImageObject\",\"inLanguage\":\"de\",\"@id\":\"https:\/\/tourcruiser.com\/de\/products\/women-new-balance-joe-freshgoods-x-993-made-in-usa-performance-artpowder-pink-wr993jh1\/#primaryimage\",\"url\":\"https:\/\/images.novelship.com\/product\/_women__new_balance_joe_freshgoods_x_993_made_in_u_0_30896.jpeg\",\"contentUrl\":\"https:\/\/images.novelship.com\/product\/_women__new_balance_joe_freshgoods_x_993_made_in_u_0_30896.jpeg\"},{\"@type\":\"BreadcrumbList\",\"@id\":\"https:\/\/tourcruiser.com\/de\/products\/women-new-balance-joe-freshgoods-x-993-made-in-usa-performance-artpowder-pink-wr993jh1\/#breadcrumb\",\"itemListElement\":[{\"@type\":\"ListItem\",\"position\":1,\"name\":\"Home\",\"item\":\"https:\/\/tourcruiser.com\/de\/\"},{\"@type\":\"ListItem\",\"position\":2,\"name\":\"Shop\",\"item\":\"https:\/\/tourcruiser.com\/de\/shop\/\"},{\"@type\":\"ListItem\",\"position\":3,\"name\":\"(Women) New Balance Joe Freshgoods x 993 Made in USA 'Performance Art - Powder Pink' WR993JH1\"}]},{\"@type\":\"WebSite\",\"@id\":\"https:\/\/tourcruiser.com\/de\/#website\",\"url\":\"https:\/\/tourcruiser.com\/de\/\",\"name\":\"Styloral Jewelry Shop\",\"description\":\"Tourcruiser Sneaker Store \u2014 der Ort, an dem das Universum deine Einzigartigkeit trifft.\",\"publisher\":{\"@id\":\"https:\/\/tourcruiser.com\/de\/#organization\"},\"potentialAction\":[{\"@type\":\"SearchAction\",\"target\":{\"@type\":\"EntryPoint\",\"urlTemplate\":\"https:\/\/tourcruiser.com\/de\/?s={search_term_string}\"},\"query-input\":{\"@type\":\"PropertyValueSpecification\",\"valueRequired\":true,\"valueName\":\"search_term_string\"}}],\"inLanguage\":\"de\"},{\"@type\":\"Organization\",\"@id\":\"https:\/\/tourcruiser.com\/de\/#organization\",\"name\":\"STYLORAL PTE. LTD\",\"url\":\"https:\/\/tourcruiser.com\/de\/\",\"logo\":{\"@type\":\"ImageObject\",\"inLanguage\":\"de\",\"@id\":\"https:\/\/tourcruiser.com\/de\/#\/schema\/logo\/image\/\",\"url\":\"https:\/\/www.tourcruiser.com\/wp-content\/uploads\/2025\/12\/logo.png\",\"contentUrl\":\"https:\/\/www.tourcruiser.com\/wp-content\/uploads\/2025\/12\/logo.png\",\"width\":200,\"height\":65,\"caption\":\"STYLORAL PTE. LTD\"},\"image\":{\"@id\":\"https:\/\/tourcruiser.com\/de\/#\/schema\/logo\/image\/\"}}]}<\/script>\n<!-- \/ Yoast SEO plugin. -->","yoast_head_json":{"title":"(Women) New Balance Joe Freshgoods x 993 Made in USA 'Performance Art - Powder Pink' WR993JH1 - Tourcruiser PTE. LTD","robots":{"index":"index","follow":"follow","max-snippet":"max-snippet:-1","max-image-preview":"max-image-preview:large","max-video-preview":"max-video-preview:-1"},"canonical":"https:\/\/tourcruiser.com\/de\/products\/women-new-balance-joe-freshgoods-x-993-made-in-usa-performance-artpowder-pink-wr993jh1\/","og_locale":"de_DE","og_type":"article","og_title":"(Women) New Balance Joe Freshgoods x 993 Made in USA 'Performance Art - Powder Pink' WR993JH1 - Tourcruiser PTE. LTD","og_description":"Wir pr\u00c3\u00a4sentieren den New Balance Joe Freshgoods x 993 Made in USA Performance Art Sneaker in Puderrosa (Damen). Diese Kollaboration zwischen New Balance und Joe Freshgoods bringt Ihnen einen stylischen und leistungsstarken Sneaker. Hergestellt in den USA, besticht er durch seine wundersch\u00c3\u00b6ne Puderrosa-Farbe und bietet au\u00c3\u0178ergew\u00c3\u00b6hnlichen Komfort und Halt. Dieser Sneaker ist perfekt f\u00c3\u00bcr den [&hellip;]","og_url":"https:\/\/tourcruiser.com\/de\/products\/women-new-balance-joe-freshgoods-x-993-made-in-usa-performance-artpowder-pink-wr993jh1\/","og_site_name":"Tourcruiser Sneaker Store","twitter_card":"summary_large_image","twitter_image":"https:\/\/images.novelship.com\/product\/_women__new_balance_joe_freshgoods_x_993_made_in_u_0_30896.jpeg","schema":{"@context":"https:\/\/schema.org","@graph":[{"@type":"WebPage","@id":"https:\/\/tourcruiser.com\/de\/products\/women-new-balance-joe-freshgoods-x-993-made-in-usa-performance-artpowder-pink-wr993jh1\/","url":"https:\/\/tourcruiser.com\/de\/products\/women-new-balance-joe-freshgoods-x-993-made-in-usa-performance-artpowder-pink-wr993jh1\/","name":"(Women) New Balance Joe Freshgoods x 993 Made in USA 'Performance Art - Powder Pink' WR993JH1 - Tourcruiser PTE. LTD","isPartOf":{"@id":"https:\/\/tourcruiser.com\/de\/#website"},"primaryImageOfPage":{"@id":"https:\/\/tourcruiser.com\/de\/products\/women-new-balance-joe-freshgoods-x-993-made-in-usa-performance-artpowder-pink-wr993jh1\/#primaryimage"},"image":{"@id":"https:\/\/tourcruiser.com\/de\/products\/women-new-balance-joe-freshgoods-x-993-made-in-usa-performance-artpowder-pink-wr993jh1\/#primaryimage"},"thumbnailUrl":"https:\/\/images.novelship.com\/product\/_women__new_balance_joe_freshgoods_x_993_made_in_u_0_30896.jpeg","datePublished":"2026-03-21T05:04:11+00:00","breadcrumb":{"@id":"https:\/\/tourcruiser.com\/de\/products\/women-new-balance-joe-freshgoods-x-993-made-in-usa-performance-artpowder-pink-wr993jh1\/#breadcrumb"},"inLanguage":"de","potentialAction":[{"@type":"ReadAction","target":["https:\/\/tourcruiser.com\/de\/products\/women-new-balance-joe-freshgoods-x-993-made-in-usa-performance-artpowder-pink-wr993jh1\/"]}]},{"@type":"ImageObject","inLanguage":"de","@id":"https:\/\/tourcruiser.com\/de\/products\/women-new-balance-joe-freshgoods-x-993-made-in-usa-performance-artpowder-pink-wr993jh1\/#primaryimage","url":"https:\/\/images.novelship.com\/product\/_women__new_balance_joe_freshgoods_x_993_made_in_u_0_30896.jpeg","contentUrl":"https:\/\/images.novelship.com\/product\/_women__new_balance_joe_freshgoods_x_993_made_in_u_0_30896.jpeg"},{"@type":"BreadcrumbList","@id":"https:\/\/tourcruiser.com\/de\/products\/women-new-balance-joe-freshgoods-x-993-made-in-usa-performance-artpowder-pink-wr993jh1\/#breadcrumb","itemListElement":[{"@type":"ListItem","position":1,"name":"Home","item":"https:\/\/tourcruiser.com\/de\/"},{"@type":"ListItem","position":2,"name":"Shop","item":"https:\/\/tourcruiser.com\/de\/shop\/"},{"@type":"ListItem","position":3,"name":"(Women) New Balance Joe Freshgoods x 993 Made in USA 'Performance Art - Powder Pink' WR993JH1"}]},{"@type":"WebSite","@id":"https:\/\/tourcruiser.com\/de\/#website","url":"https:\/\/tourcruiser.com\/de\/","name":"Styloral Jewelry Shop","description":"Tourcruiser Sneaker Store \u2014 der Ort, an dem das Universum deine Einzigartigkeit trifft.","publisher":{"@id":"https:\/\/tourcruiser.com\/de\/#organization"},"potentialAction":[{"@type":"SearchAction","target":{"@type":"EntryPoint","urlTemplate":"https:\/\/tourcruiser.com\/de\/?s={search_term_string}"},"query-input":{"@type":"PropertyValueSpecification","valueRequired":true,"valueName":"search_term_string"}}],"inLanguage":"de"},{"@type":"Organization","@id":"https:\/\/tourcruiser.com\/de\/#organization","name":"STYLORAL PTE. LTD","url":"https:\/\/tourcruiser.com\/de\/","logo":{"@type":"ImageObject","inLanguage":"de","@id":"https:\/\/tourcruiser.com\/de\/#\/schema\/logo\/image\/","url":"https:\/\/www.tourcruiser.com\/wp-content\/uploads\/2025\/12\/logo.png","contentUrl":"https:\/\/www.tourcruiser.com\/wp-content\/uploads\/2025\/12\/logo.png","width":200,"height":65,"caption":"STYLORAL PTE. LTD"},"image":{"@id":"https:\/\/tourcruiser.com\/de\/#\/schema\/logo\/image\/"}}]}},"_links":{"self":[{"href":"https:\/\/tourcruiser.com\/de\/wp-json\/wp\/v2\/product\/453141","targetHints":{"allow":["GET"]}}],"collection":[{"href":"https:\/\/tourcruiser.com\/de\/wp-json\/wp\/v2\/product"}],"about":[{"href":"https:\/\/tourcruiser.com\/de\/wp-json\/wp\/v2\/types\/product"}],"replies":[{"embeddable":true,"href":"https:\/\/tourcruiser.com\/de\/wp-json\/wp\/v2\/comments?post=453141"}],"wp:featuredmedia":[{"embeddable":true,"href":"https:\/\/tourcruiser.com\/de\/wp-json\/wp\/v2\/media\/453142"}],"wp:attachment":[{"href":"https:\/\/tourcruiser.com\/de\/wp-json\/wp\/v2\/media?parent=453141"}],"wp:term":[{"taxonomy":"product_brand","embeddable":true,"href":"https:\/\/tourcruiser.com\/de\/wp-json\/wp\/v2\/product_brand?post=453141"},{"taxonomy":"product_cat","embeddable":true,"href":"https:\/\/tourcruiser.com\/de\/wp-json\/wp\/v2\/product_cat?post=453141"},{"taxonomy":"product_tag","embeddable":true,"href":"https:\/\/tourcruiser.com\/de\/wp-json\/wp\/v2\/product_tag?post=453141"}],"curies":[{"name":"wp","href":"https:\/\/api.w.org\/{rel}","templated":true}]}}