{"id":452384,"date":"2026-03-21T12:03:48","date_gmt":"2026-03-21T05:03:48","guid":{"rendered":"http:\/\/tourcruiser.com\/product\/kith-x-adidas-handball-spezial-classics-programamazon-green-ih2623"},"modified":"2026-03-21T12:03:48","modified_gmt":"2026-03-21T05:03:48","slug":"kith-x-adidas-handball-spezial-classics-programamazon-green-ih2623","status":"publish","type":"product","link":"https:\/\/tourcruiser.com\/de\/products\/kith-x-adidas-handball-spezial-classics-programamazon-green-ih2623\/","title":{"rendered":"Kith x adidas Handball Spezial &#8218;Classics Program &#8211; Amazon Green&#8216; IH2623"},"content":{"rendered":"<p>Entdecke die perfekte Verbindung von Tradition und Stil mit dem Kith x adidas Handball Spezial &#8218;Classics Program \u00e2\u20ac\u201c Amazon Green&#8216; IH2623. Dieser Sneaker in limitierter Auflage besticht durch ein Obermaterial aus edlem, amazongr\u00c3\u00bcnem Wildleder, die charakteristischen Drei Streifen in kontrastierendem Wei\u00c3\u0178 und eine Gummisohle f\u00c3\u00bcr optimale Traktion. Das Kollaborationsdesign vereint Kiths urbanen Stil mit der traditionsreichen Handwerkskunst von adidas und macht ihn zu einem Must-have f\u00c3\u00bcr modebewusste Sneaker-Fans. Bereichere deine Schuhsammlung mit einem zeitlosen Modell.<\/p>\n<ul>\n<li><strong>Farbgebung:<\/strong> Amazongr\u00c3\u00bcn\/Hellbraun\/Gummi<\/li>\n<li><strong>Style-Code:<\/strong> IH2623<\/li>\n<li><strong>Obermaterial:<\/strong> Nubukleder<\/li>\n<li><strong>Farbe:<\/strong> Blau<\/li>\n<li><strong>Erscheinungsjahr:<\/strong> 2024<\/li>\n<\/ul>\n","protected":false},"excerpt":{"rendered":"<p>Entdecke die perfekte Verbindung von Tradition und Stil mit dem Kith x adidas Handball Spezial &#8218;Classics Program \u00e2\u20ac\u201c Amazon Green&#8216; IH2623. Dieser Sneaker in limitierter Auflage besticht durch ein Obermaterial aus edlem, amazongr\u00c3\u00bcnem Wildleder, die charakteristischen Drei Streifen in kontrastierendem Wei\u00c3\u0178 und eine Gummisohle f\u00c3\u00bcr optimale Traktion. Das Kollaborationsdesign vereint Kiths urbanen Stil mit der [&hellip;]<\/p>\n","protected":false},"featured_media":452385,"comment_status":"open","ping_status":"closed","template":"","meta":[],"product_brand":[],"product_cat":[10760,39276,39277,38842],"product_tag":[10759,10750,10753,10754,10949,10756],"class_list":{"0":"post-452384","1":"product","2":"type-product","3":"status-publish","4":"has-post-thumbnail","6":"product_cat-adidas","7":"product_cat-adidas-handball-spezial","8":"product_cat-lifestyle-shoes-handball-inspired","9":"product_cat-gender-men","10":"product_tag-adidas","11":"product_tag-athleisure-shoes","12":"product_tag-gift-for-him","13":"product_tag-lifestyle-casual-shoes","14":"product_tag-lifestyle-shoes-handball-inspired","15":"product_tag-retro-casual-shoes","16":"wcpa_has_options","18":"first","19":"instock","20":"taxable","21":"shipping-taxable","22":"purchasable","23":"product-type-simple"},"wcpa_form_fields":{"rules":{"pric_overide_base_price":false,"pric_overide_base_price_if_gt_zero":false,"pric_overide_base_price_fully":false,"pric_cal_option_once":false,"pric_use_as_fee":false,"bind_quantity":false,"quantity_bind_formula":false},"fields":[{"type":"color-group","required":true,"elementId":"wcpa-color-group-66c4a7f817afe","label":"Gr\u00f6\u00dfe","inline":true,"priceOptions":"different_for_all","pricingType":"fixed","className":"hassizechart product-shoes-size-eu product-shoes-size","name":"color-group-66c4a7f817b18","disp_type":"square","selection_type":"tick-border","disp_size":"50","show_label_inside":true,"adjust_width":true,"cart_display_type":"text","other_text":"Other","cl_rule":"show","col":6,"values":[{"label":"35","value":"EU 35","price":"","pimage":"","pimage_id":"","pthumb":"","color":""},{"label":"35.5","value":"EU 35.5","price":"","pimage":"","pimage_id":"","pthumb":"","color":""},{"label":"36","value":"EU 36","price":"","pimage":"","pimage_id":"","pthumb":"","color":"","selected":true},{"label":"36 2\/3","value":"EU 36 2\/3","price":"","pimage":"","pimage_id":"","pthumb":"","color":""},{"label":"37 1\/3","value":"EU 37 1\/3","price":"","pimage":"","pimage_id":"","pthumb":"","color":""},{"label":"38","value":"EU 38","price":"","pimage":"","pimage_id":"","pthumb":"","color":""},{"label":"38 2\/3","value":"EU 38 2\/3","price":"","pimage":"","pimage_id":"","pthumb":"","color":""},{"label":"39 1\/3","value":"EU 39 1\/3","price":"","pimage":"","pimage_id":"","pthumb":"","color":""},{"label":"40","value":"EU 40","price":"","pimage":"","pimage_id":"","pthumb":"","color":""},{"label":"40 2\/3","value":"EU 40 2\/3","price":"","pimage":"","pimage_id":"","pthumb":"","color":""},{"label":"41 1\/3","value":"EU 41 1\/3","price":"","pimage":"","pimage_id":"","pthumb":"","color":""},{"label":"42","value":"EU 42","price":"","pimage":"","pimage_id":"","pthumb":"","color":""},{"label":"42 2\/3","value":"EU 42 2\/3","price":"","pimage":"","pimage_id":"","pthumb":"","color":""},{"label":"43 1\/3","value":"EU 43 1\/3","price":"","pimage":"","pimage_id":"","pthumb":"","color":""},{"label":"44","value":"EU 44","price":"","pimage":"","pimage_id":"","pthumb":"","color":""},{"label":"44 2\/3","value":"EU 44 2\/3","price":"","pimage":"","pimage_id":"","pthumb":"","color":""},{"label":"45 1\/3","value":"EU 45 1\/3","price":"","pimage":"","pimage_id":"","pthumb":"","color":""},{"label":"46","value":"EU 46","price":"","pimage":"","pimage_id":"","pthumb":"","color":""},{"label":"46 2\/3","value":"EU 46 2\/3","price":"","pimage":"","pimage_id":"","pthumb":"","color":""},{"label":"47 1\/3","value":"EU 47 1\/3","price":"","pimage":"","pimage_id":"","pthumb":"","color":""}],"relations":[{"operator":false,"rules":[]}],"form_id":24802,"form_rules":{"pric_cal_option_once":false,"exclude_from_discount":false,"pric_use_as_fee":false,"fee_label":"Fee","render_after_acb":false,"disp_hide_options_price":false}}]},"yoast_head":"<!-- This site is optimized with the Yoast SEO plugin v26.5 - https:\/\/yoast.com\/wordpress\/plugins\/seo\/ -->\n<title>Kith x adidas Handball Spezial &#039;Classics Program - Amazon Green&#039; IH2623 - Tourcruiser PTE. LTD<\/title>\n<meta name=\"robots\" content=\"index, follow, max-snippet:-1, max-image-preview:large, max-video-preview:-1\" \/>\n<link rel=\"canonical\" href=\"https:\/\/tourcruiser.com\/de\/products\/kith-x-adidas-handball-spezial-classics-programamazon-green-ih2623\/\" \/>\n<meta property=\"og:locale\" content=\"de_DE\" \/>\n<meta property=\"og:type\" content=\"article\" \/>\n<meta property=\"og:title\" content=\"Kith x adidas Handball Spezial &#039;Classics Program - Amazon Green&#039; IH2623 - Tourcruiser PTE. LTD\" \/>\n<meta property=\"og:description\" content=\"Entdecke die perfekte Verbindung von Tradition und Stil mit dem Kith x adidas Handball Spezial &#8218;Classics Program \u00e2\u20ac\u201c Amazon Green&#8216; IH2623. Dieser Sneaker in limitierter Auflage besticht durch ein Obermaterial aus edlem, amazongr\u00c3\u00bcnem Wildleder, die charakteristischen Drei Streifen in kontrastierendem Wei\u00c3\u0178 und eine Gummisohle f\u00c3\u00bcr optimale Traktion. Das Kollaborationsdesign vereint Kiths urbanen Stil mit der [&hellip;]\" \/>\n<meta property=\"og:url\" content=\"https:\/\/tourcruiser.com\/de\/products\/kith-x-adidas-handball-spezial-classics-programamazon-green-ih2623\/\" \/>\n<meta property=\"og:site_name\" content=\"Tourcruiser Sneaker Store\" \/>\n<meta name=\"twitter:card\" content=\"summary_large_image\" \/>\n<meta name=\"twitter:image\" content=\"https:\/\/images.novelship.com\/product\/kith_x_adidas_handball_spezial__classics_program_-_0_34963.png\" \/>\n<script type=\"application\/ld+json\" class=\"yoast-schema-graph\">{\"@context\":\"https:\/\/schema.org\",\"@graph\":[{\"@type\":\"WebPage\",\"@id\":\"https:\/\/tourcruiser.com\/de\/products\/kith-x-adidas-handball-spezial-classics-programamazon-green-ih2623\/\",\"url\":\"https:\/\/tourcruiser.com\/de\/products\/kith-x-adidas-handball-spezial-classics-programamazon-green-ih2623\/\",\"name\":\"Kith x adidas Handball Spezial 'Classics Program - Amazon Green' IH2623 - Tourcruiser PTE. LTD\",\"isPartOf\":{\"@id\":\"https:\/\/tourcruiser.com\/de\/#website\"},\"primaryImageOfPage\":{\"@id\":\"https:\/\/tourcruiser.com\/de\/products\/kith-x-adidas-handball-spezial-classics-programamazon-green-ih2623\/#primaryimage\"},\"image\":{\"@id\":\"https:\/\/tourcruiser.com\/de\/products\/kith-x-adidas-handball-spezial-classics-programamazon-green-ih2623\/#primaryimage\"},\"thumbnailUrl\":\"https:\/\/images.novelship.com\/product\/kith_x_adidas_handball_spezial__classics_program_-_0_34963.png\",\"datePublished\":\"2026-03-21T05:03:48+00:00\",\"breadcrumb\":{\"@id\":\"https:\/\/tourcruiser.com\/de\/products\/kith-x-adidas-handball-spezial-classics-programamazon-green-ih2623\/#breadcrumb\"},\"inLanguage\":\"de\",\"potentialAction\":[{\"@type\":\"ReadAction\",\"target\":[\"https:\/\/tourcruiser.com\/de\/products\/kith-x-adidas-handball-spezial-classics-programamazon-green-ih2623\/\"]}]},{\"@type\":\"ImageObject\",\"inLanguage\":\"de\",\"@id\":\"https:\/\/tourcruiser.com\/de\/products\/kith-x-adidas-handball-spezial-classics-programamazon-green-ih2623\/#primaryimage\",\"url\":\"https:\/\/images.novelship.com\/product\/kith_x_adidas_handball_spezial__classics_program_-_0_34963.png\",\"contentUrl\":\"https:\/\/images.novelship.com\/product\/kith_x_adidas_handball_spezial__classics_program_-_0_34963.png\"},{\"@type\":\"BreadcrumbList\",\"@id\":\"https:\/\/tourcruiser.com\/de\/products\/kith-x-adidas-handball-spezial-classics-programamazon-green-ih2623\/#breadcrumb\",\"itemListElement\":[{\"@type\":\"ListItem\",\"position\":1,\"name\":\"Home\",\"item\":\"https:\/\/tourcruiser.com\/de\/\"},{\"@type\":\"ListItem\",\"position\":2,\"name\":\"Shop\",\"item\":\"https:\/\/tourcruiser.com\/de\/shop\/\"},{\"@type\":\"ListItem\",\"position\":3,\"name\":\"Kith x adidas Handball Spezial 'Classics Program - Amazon Green' IH2623\"}]},{\"@type\":\"WebSite\",\"@id\":\"https:\/\/tourcruiser.com\/de\/#website\",\"url\":\"https:\/\/tourcruiser.com\/de\/\",\"name\":\"Styloral Jewelry Shop\",\"description\":\"Tourcruiser Sneaker Store \u2014 der Ort, an dem das Universum deine Einzigartigkeit trifft.\",\"publisher\":{\"@id\":\"https:\/\/tourcruiser.com\/de\/#organization\"},\"potentialAction\":[{\"@type\":\"SearchAction\",\"target\":{\"@type\":\"EntryPoint\",\"urlTemplate\":\"https:\/\/tourcruiser.com\/de\/?s={search_term_string}\"},\"query-input\":{\"@type\":\"PropertyValueSpecification\",\"valueRequired\":true,\"valueName\":\"search_term_string\"}}],\"inLanguage\":\"de\"},{\"@type\":\"Organization\",\"@id\":\"https:\/\/tourcruiser.com\/de\/#organization\",\"name\":\"STYLORAL PTE. LTD\",\"url\":\"https:\/\/tourcruiser.com\/de\/\",\"logo\":{\"@type\":\"ImageObject\",\"inLanguage\":\"de\",\"@id\":\"https:\/\/tourcruiser.com\/de\/#\/schema\/logo\/image\/\",\"url\":\"https:\/\/www.tourcruiser.com\/wp-content\/uploads\/2025\/12\/logo.png\",\"contentUrl\":\"https:\/\/www.tourcruiser.com\/wp-content\/uploads\/2025\/12\/logo.png\",\"width\":200,\"height\":65,\"caption\":\"STYLORAL PTE. LTD\"},\"image\":{\"@id\":\"https:\/\/tourcruiser.com\/de\/#\/schema\/logo\/image\/\"}}]}<\/script>\n<!-- \/ Yoast SEO plugin. -->","yoast_head_json":{"title":"Kith x adidas Handball Spezial 'Classics Program - Amazon Green' IH2623 - Tourcruiser PTE. LTD","robots":{"index":"index","follow":"follow","max-snippet":"max-snippet:-1","max-image-preview":"max-image-preview:large","max-video-preview":"max-video-preview:-1"},"canonical":"https:\/\/tourcruiser.com\/de\/products\/kith-x-adidas-handball-spezial-classics-programamazon-green-ih2623\/","og_locale":"de_DE","og_type":"article","og_title":"Kith x adidas Handball Spezial 'Classics Program - Amazon Green' IH2623 - Tourcruiser PTE. LTD","og_description":"Entdecke die perfekte Verbindung von Tradition und Stil mit dem Kith x adidas Handball Spezial &#8218;Classics Program \u00e2\u20ac\u201c Amazon Green&#8216; IH2623. Dieser Sneaker in limitierter Auflage besticht durch ein Obermaterial aus edlem, amazongr\u00c3\u00bcnem Wildleder, die charakteristischen Drei Streifen in kontrastierendem Wei\u00c3\u0178 und eine Gummisohle f\u00c3\u00bcr optimale Traktion. Das Kollaborationsdesign vereint Kiths urbanen Stil mit der [&hellip;]","og_url":"https:\/\/tourcruiser.com\/de\/products\/kith-x-adidas-handball-spezial-classics-programamazon-green-ih2623\/","og_site_name":"Tourcruiser Sneaker Store","twitter_card":"summary_large_image","twitter_image":"https:\/\/images.novelship.com\/product\/kith_x_adidas_handball_spezial__classics_program_-_0_34963.png","schema":{"@context":"https:\/\/schema.org","@graph":[{"@type":"WebPage","@id":"https:\/\/tourcruiser.com\/de\/products\/kith-x-adidas-handball-spezial-classics-programamazon-green-ih2623\/","url":"https:\/\/tourcruiser.com\/de\/products\/kith-x-adidas-handball-spezial-classics-programamazon-green-ih2623\/","name":"Kith x adidas Handball Spezial 'Classics Program - Amazon Green' IH2623 - Tourcruiser PTE. LTD","isPartOf":{"@id":"https:\/\/tourcruiser.com\/de\/#website"},"primaryImageOfPage":{"@id":"https:\/\/tourcruiser.com\/de\/products\/kith-x-adidas-handball-spezial-classics-programamazon-green-ih2623\/#primaryimage"},"image":{"@id":"https:\/\/tourcruiser.com\/de\/products\/kith-x-adidas-handball-spezial-classics-programamazon-green-ih2623\/#primaryimage"},"thumbnailUrl":"https:\/\/images.novelship.com\/product\/kith_x_adidas_handball_spezial__classics_program_-_0_34963.png","datePublished":"2026-03-21T05:03:48+00:00","breadcrumb":{"@id":"https:\/\/tourcruiser.com\/de\/products\/kith-x-adidas-handball-spezial-classics-programamazon-green-ih2623\/#breadcrumb"},"inLanguage":"de","potentialAction":[{"@type":"ReadAction","target":["https:\/\/tourcruiser.com\/de\/products\/kith-x-adidas-handball-spezial-classics-programamazon-green-ih2623\/"]}]},{"@type":"ImageObject","inLanguage":"de","@id":"https:\/\/tourcruiser.com\/de\/products\/kith-x-adidas-handball-spezial-classics-programamazon-green-ih2623\/#primaryimage","url":"https:\/\/images.novelship.com\/product\/kith_x_adidas_handball_spezial__classics_program_-_0_34963.png","contentUrl":"https:\/\/images.novelship.com\/product\/kith_x_adidas_handball_spezial__classics_program_-_0_34963.png"},{"@type":"BreadcrumbList","@id":"https:\/\/tourcruiser.com\/de\/products\/kith-x-adidas-handball-spezial-classics-programamazon-green-ih2623\/#breadcrumb","itemListElement":[{"@type":"ListItem","position":1,"name":"Home","item":"https:\/\/tourcruiser.com\/de\/"},{"@type":"ListItem","position":2,"name":"Shop","item":"https:\/\/tourcruiser.com\/de\/shop\/"},{"@type":"ListItem","position":3,"name":"Kith x adidas Handball Spezial 'Classics Program - Amazon Green' IH2623"}]},{"@type":"WebSite","@id":"https:\/\/tourcruiser.com\/de\/#website","url":"https:\/\/tourcruiser.com\/de\/","name":"Styloral Jewelry Shop","description":"Tourcruiser Sneaker Store \u2014 der Ort, an dem das Universum deine Einzigartigkeit trifft.","publisher":{"@id":"https:\/\/tourcruiser.com\/de\/#organization"},"potentialAction":[{"@type":"SearchAction","target":{"@type":"EntryPoint","urlTemplate":"https:\/\/tourcruiser.com\/de\/?s={search_term_string}"},"query-input":{"@type":"PropertyValueSpecification","valueRequired":true,"valueName":"search_term_string"}}],"inLanguage":"de"},{"@type":"Organization","@id":"https:\/\/tourcruiser.com\/de\/#organization","name":"STYLORAL PTE. LTD","url":"https:\/\/tourcruiser.com\/de\/","logo":{"@type":"ImageObject","inLanguage":"de","@id":"https:\/\/tourcruiser.com\/de\/#\/schema\/logo\/image\/","url":"https:\/\/www.tourcruiser.com\/wp-content\/uploads\/2025\/12\/logo.png","contentUrl":"https:\/\/www.tourcruiser.com\/wp-content\/uploads\/2025\/12\/logo.png","width":200,"height":65,"caption":"STYLORAL PTE. LTD"},"image":{"@id":"https:\/\/tourcruiser.com\/de\/#\/schema\/logo\/image\/"}}]}},"_links":{"self":[{"href":"https:\/\/tourcruiser.com\/de\/wp-json\/wp\/v2\/product\/452384","targetHints":{"allow":["GET"]}}],"collection":[{"href":"https:\/\/tourcruiser.com\/de\/wp-json\/wp\/v2\/product"}],"about":[{"href":"https:\/\/tourcruiser.com\/de\/wp-json\/wp\/v2\/types\/product"}],"replies":[{"embeddable":true,"href":"https:\/\/tourcruiser.com\/de\/wp-json\/wp\/v2\/comments?post=452384"}],"wp:featuredmedia":[{"embeddable":true,"href":"https:\/\/tourcruiser.com\/de\/wp-json\/wp\/v2\/media\/452385"}],"wp:attachment":[{"href":"https:\/\/tourcruiser.com\/de\/wp-json\/wp\/v2\/media?parent=452384"}],"wp:term":[{"taxonomy":"product_brand","embeddable":true,"href":"https:\/\/tourcruiser.com\/de\/wp-json\/wp\/v2\/product_brand?post=452384"},{"taxonomy":"product_cat","embeddable":true,"href":"https:\/\/tourcruiser.com\/de\/wp-json\/wp\/v2\/product_cat?post=452384"},{"taxonomy":"product_tag","embeddable":true,"href":"https:\/\/tourcruiser.com\/de\/wp-json\/wp\/v2\/product_tag?post=452384"}],"curies":[{"name":"wp","href":"https:\/\/api.w.org\/{rel}","templated":true}]}}