{"id":452382,"date":"2026-03-21T12:03:48","date_gmt":"2026-03-21T05:03:48","guid":{"rendered":"http:\/\/tourcruiser.com\/product\/kith-x-adidas-gazelle-indoor-classics-programash-purple-ih0120"},"modified":"2026-03-21T12:03:48","modified_gmt":"2026-03-21T05:03:48","slug":"kith-x-adidas-gazelle-indoor-classics-programash-purple-ih0120","status":"publish","type":"product","link":"https:\/\/tourcruiser.com\/de\/products\/kith-x-adidas-gazelle-indoor-classics-programash-purple-ih0120\/","title":{"rendered":"Kith x adidas Gazelle Indoor &#8218;Classics Program &#8211; Ash Purple&#8216; IH0120"},"content":{"rendered":"<p>Mit dem Kith x adidas Gazelle Indoor \u00e2\u20ac\u017eClassics Program \u00e2\u20ac\u201c Ash Purple\u00e2\u20ac\u0153 IH0120 verleihst du deinem Sneaker-Style das gewisse Etwas. Gefertigt aus hochwertigen Materialien, vereinen diese Sneaker Vintage-Vibes mit moderner \u00c3\u201esthetik. Das Obermaterial aus aschviolettem Wildleder wird mit klassischen wei\u00c3\u0178en Streifen kombiniert und sorgt so f\u00c3\u00bcr zeitlose Eleganz. Dank der gepolsterten Innensohle und der strapazierf\u00c3\u00a4higen Gummisohle bieten diese Gazelles unvergleichlichen Komfort und Halt f\u00c3\u00bcr den ganzen Tag. Perfekt f\u00c3\u00bcr l\u00c3\u00a4ssige Ausfl\u00c3\u00bcge oder um ein stylisches Statement zu setzen \u00e2\u20ac\u201c diese legend\u00c3\u00a4re Kollaboration solltest du dir nicht entgehen lassen.<\/p>\n<ul>\n<li><strong>Farbgebung:<\/strong> Aschviolett\/Eisviolett\/Gummi<\/li>\n<li><strong>Style-Code:<\/strong> IH0120<\/li>\n<li><strong>Obermaterial:<\/strong> Nubukleder<\/li>\n<li><strong>Farbe:<\/strong> Violett<\/li>\n<li><strong>Erscheinungsjahr:<\/strong> 2024<\/li>\n<\/ul>\n","protected":false},"excerpt":{"rendered":"<p>Mit dem Kith x adidas Gazelle Indoor \u00e2\u20ac\u017eClassics Program \u00e2\u20ac\u201c Ash Purple\u00e2\u20ac\u0153 IH0120 verleihst du deinem Sneaker-Style das gewisse Etwas. Gefertigt aus hochwertigen Materialien, vereinen diese Sneaker Vintage-Vibes mit moderner \u00c3\u201esthetik. Das Obermaterial aus aschviolettem Wildleder wird mit klassischen wei\u00c3\u0178en Streifen kombiniert und sorgt so f\u00c3\u00bcr zeitlose Eleganz. Dank der gepolsterten Innensohle und der strapazierf\u00c3\u00a4higen [&hellip;]<\/p>\n","protected":false},"featured_media":452383,"comment_status":"open","ping_status":"closed","template":"","meta":[],"product_brand":[],"product_cat":[10760,39629,38891,38842],"product_tag":[10759,10750,10753,10754,11460,10756],"class_list":{"0":"post-452382","1":"product","2":"type-product","3":"status-publish","4":"has-post-thumbnail","6":"product_cat-adidas","7":"product_cat-adidas-gazelle-indoor","8":"product_cat-lifestyle-shoes-casual","9":"product_cat-gender-men","10":"product_tag-adidas","11":"product_tag-athleisure-shoes","12":"product_tag-gift-for-him","13":"product_tag-lifestyle-casual-shoes","14":"product_tag-lifestyle-shoes-casual","15":"product_tag-retro-casual-shoes","16":"wcpa_has_options","18":"first","19":"instock","20":"taxable","21":"shipping-taxable","22":"purchasable","23":"product-type-simple"},"wcpa_form_fields":{"rules":{"pric_overide_base_price":false,"pric_overide_base_price_if_gt_zero":false,"pric_overide_base_price_fully":false,"pric_cal_option_once":false,"pric_use_as_fee":false,"bind_quantity":false,"quantity_bind_formula":false},"fields":[{"type":"color-group","required":true,"elementId":"wcpa-color-group-66c4a7f817afe","label":"Gr\u00f6\u00dfe","inline":true,"priceOptions":"different_for_all","pricingType":"fixed","className":"hassizechart product-shoes-size-eu product-shoes-size","name":"color-group-66c4a7f817b18","disp_type":"square","selection_type":"tick-border","disp_size":"50","show_label_inside":true,"adjust_width":true,"cart_display_type":"text","other_text":"Other","cl_rule":"show","col":6,"values":[{"label":"35","value":"EU 35","price":"","pimage":"","pimage_id":"","pthumb":"","color":""},{"label":"35.5","value":"EU 35.5","price":"","pimage":"","pimage_id":"","pthumb":"","color":""},{"label":"36","value":"EU 36","price":"","pimage":"","pimage_id":"","pthumb":"","color":"","selected":true},{"label":"36 2\/3","value":"EU 36 2\/3","price":"","pimage":"","pimage_id":"","pthumb":"","color":""},{"label":"37 1\/3","value":"EU 37 1\/3","price":"","pimage":"","pimage_id":"","pthumb":"","color":""},{"label":"38","value":"EU 38","price":"","pimage":"","pimage_id":"","pthumb":"","color":""},{"label":"38 2\/3","value":"EU 38 2\/3","price":"","pimage":"","pimage_id":"","pthumb":"","color":""},{"label":"39 1\/3","value":"EU 39 1\/3","price":"","pimage":"","pimage_id":"","pthumb":"","color":""},{"label":"40","value":"EU 40","price":"","pimage":"","pimage_id":"","pthumb":"","color":""},{"label":"40 2\/3","value":"EU 40 2\/3","price":"","pimage":"","pimage_id":"","pthumb":"","color":""},{"label":"41 1\/3","value":"EU 41 1\/3","price":"","pimage":"","pimage_id":"","pthumb":"","color":""},{"label":"42","value":"EU 42","price":"","pimage":"","pimage_id":"","pthumb":"","color":""},{"label":"42 2\/3","value":"EU 42 2\/3","price":"","pimage":"","pimage_id":"","pthumb":"","color":""},{"label":"43 1\/3","value":"EU 43 1\/3","price":"","pimage":"","pimage_id":"","pthumb":"","color":""},{"label":"44","value":"EU 44","price":"","pimage":"","pimage_id":"","pthumb":"","color":""},{"label":"44 2\/3","value":"EU 44 2\/3","price":"","pimage":"","pimage_id":"","pthumb":"","color":""},{"label":"45 1\/3","value":"EU 45 1\/3","price":"","pimage":"","pimage_id":"","pthumb":"","color":""},{"label":"46","value":"EU 46","price":"","pimage":"","pimage_id":"","pthumb":"","color":""},{"label":"46 2\/3","value":"EU 46 2\/3","price":"","pimage":"","pimage_id":"","pthumb":"","color":""},{"label":"47 1\/3","value":"EU 47 1\/3","price":"","pimage":"","pimage_id":"","pthumb":"","color":""}],"relations":[{"operator":false,"rules":[]}],"form_id":24802,"form_rules":{"pric_cal_option_once":false,"exclude_from_discount":false,"pric_use_as_fee":false,"fee_label":"Fee","render_after_acb":false,"disp_hide_options_price":false}}]},"yoast_head":"<!-- This site is optimized with the Yoast SEO plugin v26.5 - https:\/\/yoast.com\/wordpress\/plugins\/seo\/ -->\n<title>Kith x adidas Gazelle Indoor &#039;Classics Program - Ash Purple&#039; IH0120 - Tourcruiser PTE. LTD<\/title>\n<meta name=\"robots\" content=\"index, follow, max-snippet:-1, max-image-preview:large, max-video-preview:-1\" \/>\n<link rel=\"canonical\" href=\"https:\/\/tourcruiser.com\/de\/products\/kith-x-adidas-gazelle-indoor-classics-programash-purple-ih0120\/\" \/>\n<meta property=\"og:locale\" content=\"de_DE\" \/>\n<meta property=\"og:type\" content=\"article\" \/>\n<meta property=\"og:title\" content=\"Kith x adidas Gazelle Indoor &#039;Classics Program - Ash Purple&#039; IH0120 - Tourcruiser PTE. LTD\" \/>\n<meta property=\"og:description\" content=\"Mit dem Kith x adidas Gazelle Indoor \u00e2\u20ac\u017eClassics Program \u00e2\u20ac\u201c Ash Purple\u00e2\u20ac\u0153 IH0120 verleihst du deinem Sneaker-Style das gewisse Etwas. Gefertigt aus hochwertigen Materialien, vereinen diese Sneaker Vintage-Vibes mit moderner \u00c3\u201esthetik. Das Obermaterial aus aschviolettem Wildleder wird mit klassischen wei\u00c3\u0178en Streifen kombiniert und sorgt so f\u00c3\u00bcr zeitlose Eleganz. Dank der gepolsterten Innensohle und der strapazierf\u00c3\u00a4higen [&hellip;]\" \/>\n<meta property=\"og:url\" content=\"https:\/\/tourcruiser.com\/de\/products\/kith-x-adidas-gazelle-indoor-classics-programash-purple-ih0120\/\" \/>\n<meta property=\"og:site_name\" content=\"Tourcruiser Sneaker Store\" \/>\n<meta name=\"twitter:card\" content=\"summary_large_image\" \/>\n<meta name=\"twitter:image\" content=\"https:\/\/images.novelship.com\/product\/kith_x_adidas_gazelle_indoor__classics_program_-_a_0_44089.png\" \/>\n<meta name=\"twitter:label1\" content=\"Gesch\u00e4tzte Lesezeit\" \/>\n\t<meta name=\"twitter:data1\" content=\"1\u00a0Minute\" \/>\n<script type=\"application\/ld+json\" class=\"yoast-schema-graph\">{\"@context\":\"https:\/\/schema.org\",\"@graph\":[{\"@type\":\"WebPage\",\"@id\":\"https:\/\/tourcruiser.com\/de\/products\/kith-x-adidas-gazelle-indoor-classics-programash-purple-ih0120\/\",\"url\":\"https:\/\/tourcruiser.com\/de\/products\/kith-x-adidas-gazelle-indoor-classics-programash-purple-ih0120\/\",\"name\":\"Kith x adidas Gazelle Indoor 'Classics Program - Ash Purple' IH0120 - Tourcruiser PTE. LTD\",\"isPartOf\":{\"@id\":\"https:\/\/tourcruiser.com\/de\/#website\"},\"primaryImageOfPage\":{\"@id\":\"https:\/\/tourcruiser.com\/de\/products\/kith-x-adidas-gazelle-indoor-classics-programash-purple-ih0120\/#primaryimage\"},\"image\":{\"@id\":\"https:\/\/tourcruiser.com\/de\/products\/kith-x-adidas-gazelle-indoor-classics-programash-purple-ih0120\/#primaryimage\"},\"thumbnailUrl\":\"https:\/\/images.novelship.com\/product\/kith_x_adidas_gazelle_indoor__classics_program_-_a_0_44089.png\",\"datePublished\":\"2026-03-21T05:03:48+00:00\",\"breadcrumb\":{\"@id\":\"https:\/\/tourcruiser.com\/de\/products\/kith-x-adidas-gazelle-indoor-classics-programash-purple-ih0120\/#breadcrumb\"},\"inLanguage\":\"de\",\"potentialAction\":[{\"@type\":\"ReadAction\",\"target\":[\"https:\/\/tourcruiser.com\/de\/products\/kith-x-adidas-gazelle-indoor-classics-programash-purple-ih0120\/\"]}]},{\"@type\":\"ImageObject\",\"inLanguage\":\"de\",\"@id\":\"https:\/\/tourcruiser.com\/de\/products\/kith-x-adidas-gazelle-indoor-classics-programash-purple-ih0120\/#primaryimage\",\"url\":\"https:\/\/images.novelship.com\/product\/kith_x_adidas_gazelle_indoor__classics_program_-_a_0_44089.png\",\"contentUrl\":\"https:\/\/images.novelship.com\/product\/kith_x_adidas_gazelle_indoor__classics_program_-_a_0_44089.png\"},{\"@type\":\"BreadcrumbList\",\"@id\":\"https:\/\/tourcruiser.com\/de\/products\/kith-x-adidas-gazelle-indoor-classics-programash-purple-ih0120\/#breadcrumb\",\"itemListElement\":[{\"@type\":\"ListItem\",\"position\":1,\"name\":\"Home\",\"item\":\"https:\/\/tourcruiser.com\/de\/\"},{\"@type\":\"ListItem\",\"position\":2,\"name\":\"Shop\",\"item\":\"https:\/\/tourcruiser.com\/de\/shop\/\"},{\"@type\":\"ListItem\",\"position\":3,\"name\":\"Kith x adidas Gazelle Indoor 'Classics Program - Ash Purple' IH0120\"}]},{\"@type\":\"WebSite\",\"@id\":\"https:\/\/tourcruiser.com\/de\/#website\",\"url\":\"https:\/\/tourcruiser.com\/de\/\",\"name\":\"Styloral Jewelry Shop\",\"description\":\"Tourcruiser Sneaker Store \u2014 der Ort, an dem das Universum deine Einzigartigkeit trifft.\",\"publisher\":{\"@id\":\"https:\/\/tourcruiser.com\/de\/#organization\"},\"potentialAction\":[{\"@type\":\"SearchAction\",\"target\":{\"@type\":\"EntryPoint\",\"urlTemplate\":\"https:\/\/tourcruiser.com\/de\/?s={search_term_string}\"},\"query-input\":{\"@type\":\"PropertyValueSpecification\",\"valueRequired\":true,\"valueName\":\"search_term_string\"}}],\"inLanguage\":\"de\"},{\"@type\":\"Organization\",\"@id\":\"https:\/\/tourcruiser.com\/de\/#organization\",\"name\":\"STYLORAL PTE. LTD\",\"url\":\"https:\/\/tourcruiser.com\/de\/\",\"logo\":{\"@type\":\"ImageObject\",\"inLanguage\":\"de\",\"@id\":\"https:\/\/tourcruiser.com\/de\/#\/schema\/logo\/image\/\",\"url\":\"https:\/\/www.tourcruiser.com\/wp-content\/uploads\/2025\/12\/logo.png\",\"contentUrl\":\"https:\/\/www.tourcruiser.com\/wp-content\/uploads\/2025\/12\/logo.png\",\"width\":200,\"height\":65,\"caption\":\"STYLORAL PTE. LTD\"},\"image\":{\"@id\":\"https:\/\/tourcruiser.com\/de\/#\/schema\/logo\/image\/\"}}]}<\/script>\n<!-- \/ Yoast SEO plugin. -->","yoast_head_json":{"title":"Kith x adidas Gazelle Indoor 'Classics Program - Ash Purple' IH0120 - Tourcruiser PTE. LTD","robots":{"index":"index","follow":"follow","max-snippet":"max-snippet:-1","max-image-preview":"max-image-preview:large","max-video-preview":"max-video-preview:-1"},"canonical":"https:\/\/tourcruiser.com\/de\/products\/kith-x-adidas-gazelle-indoor-classics-programash-purple-ih0120\/","og_locale":"de_DE","og_type":"article","og_title":"Kith x adidas Gazelle Indoor 'Classics Program - Ash Purple' IH0120 - Tourcruiser PTE. LTD","og_description":"Mit dem Kith x adidas Gazelle Indoor \u00e2\u20ac\u017eClassics Program \u00e2\u20ac\u201c Ash Purple\u00e2\u20ac\u0153 IH0120 verleihst du deinem Sneaker-Style das gewisse Etwas. Gefertigt aus hochwertigen Materialien, vereinen diese Sneaker Vintage-Vibes mit moderner \u00c3\u201esthetik. Das Obermaterial aus aschviolettem Wildleder wird mit klassischen wei\u00c3\u0178en Streifen kombiniert und sorgt so f\u00c3\u00bcr zeitlose Eleganz. Dank der gepolsterten Innensohle und der strapazierf\u00c3\u00a4higen [&hellip;]","og_url":"https:\/\/tourcruiser.com\/de\/products\/kith-x-adidas-gazelle-indoor-classics-programash-purple-ih0120\/","og_site_name":"Tourcruiser Sneaker Store","twitter_card":"summary_large_image","twitter_image":"https:\/\/images.novelship.com\/product\/kith_x_adidas_gazelle_indoor__classics_program_-_a_0_44089.png","twitter_misc":{"Gesch\u00e4tzte Lesezeit":"1\u00a0Minute"},"schema":{"@context":"https:\/\/schema.org","@graph":[{"@type":"WebPage","@id":"https:\/\/tourcruiser.com\/de\/products\/kith-x-adidas-gazelle-indoor-classics-programash-purple-ih0120\/","url":"https:\/\/tourcruiser.com\/de\/products\/kith-x-adidas-gazelle-indoor-classics-programash-purple-ih0120\/","name":"Kith x adidas Gazelle Indoor 'Classics Program - Ash Purple' IH0120 - Tourcruiser PTE. LTD","isPartOf":{"@id":"https:\/\/tourcruiser.com\/de\/#website"},"primaryImageOfPage":{"@id":"https:\/\/tourcruiser.com\/de\/products\/kith-x-adidas-gazelle-indoor-classics-programash-purple-ih0120\/#primaryimage"},"image":{"@id":"https:\/\/tourcruiser.com\/de\/products\/kith-x-adidas-gazelle-indoor-classics-programash-purple-ih0120\/#primaryimage"},"thumbnailUrl":"https:\/\/images.novelship.com\/product\/kith_x_adidas_gazelle_indoor__classics_program_-_a_0_44089.png","datePublished":"2026-03-21T05:03:48+00:00","breadcrumb":{"@id":"https:\/\/tourcruiser.com\/de\/products\/kith-x-adidas-gazelle-indoor-classics-programash-purple-ih0120\/#breadcrumb"},"inLanguage":"de","potentialAction":[{"@type":"ReadAction","target":["https:\/\/tourcruiser.com\/de\/products\/kith-x-adidas-gazelle-indoor-classics-programash-purple-ih0120\/"]}]},{"@type":"ImageObject","inLanguage":"de","@id":"https:\/\/tourcruiser.com\/de\/products\/kith-x-adidas-gazelle-indoor-classics-programash-purple-ih0120\/#primaryimage","url":"https:\/\/images.novelship.com\/product\/kith_x_adidas_gazelle_indoor__classics_program_-_a_0_44089.png","contentUrl":"https:\/\/images.novelship.com\/product\/kith_x_adidas_gazelle_indoor__classics_program_-_a_0_44089.png"},{"@type":"BreadcrumbList","@id":"https:\/\/tourcruiser.com\/de\/products\/kith-x-adidas-gazelle-indoor-classics-programash-purple-ih0120\/#breadcrumb","itemListElement":[{"@type":"ListItem","position":1,"name":"Home","item":"https:\/\/tourcruiser.com\/de\/"},{"@type":"ListItem","position":2,"name":"Shop","item":"https:\/\/tourcruiser.com\/de\/shop\/"},{"@type":"ListItem","position":3,"name":"Kith x adidas Gazelle Indoor 'Classics Program - Ash Purple' IH0120"}]},{"@type":"WebSite","@id":"https:\/\/tourcruiser.com\/de\/#website","url":"https:\/\/tourcruiser.com\/de\/","name":"Styloral Jewelry Shop","description":"Tourcruiser Sneaker Store \u2014 der Ort, an dem das Universum deine Einzigartigkeit trifft.","publisher":{"@id":"https:\/\/tourcruiser.com\/de\/#organization"},"potentialAction":[{"@type":"SearchAction","target":{"@type":"EntryPoint","urlTemplate":"https:\/\/tourcruiser.com\/de\/?s={search_term_string}"},"query-input":{"@type":"PropertyValueSpecification","valueRequired":true,"valueName":"search_term_string"}}],"inLanguage":"de"},{"@type":"Organization","@id":"https:\/\/tourcruiser.com\/de\/#organization","name":"STYLORAL PTE. LTD","url":"https:\/\/tourcruiser.com\/de\/","logo":{"@type":"ImageObject","inLanguage":"de","@id":"https:\/\/tourcruiser.com\/de\/#\/schema\/logo\/image\/","url":"https:\/\/www.tourcruiser.com\/wp-content\/uploads\/2025\/12\/logo.png","contentUrl":"https:\/\/www.tourcruiser.com\/wp-content\/uploads\/2025\/12\/logo.png","width":200,"height":65,"caption":"STYLORAL PTE. LTD"},"image":{"@id":"https:\/\/tourcruiser.com\/de\/#\/schema\/logo\/image\/"}}]}},"_links":{"self":[{"href":"https:\/\/tourcruiser.com\/de\/wp-json\/wp\/v2\/product\/452382","targetHints":{"allow":["GET"]}}],"collection":[{"href":"https:\/\/tourcruiser.com\/de\/wp-json\/wp\/v2\/product"}],"about":[{"href":"https:\/\/tourcruiser.com\/de\/wp-json\/wp\/v2\/types\/product"}],"replies":[{"embeddable":true,"href":"https:\/\/tourcruiser.com\/de\/wp-json\/wp\/v2\/comments?post=452382"}],"wp:featuredmedia":[{"embeddable":true,"href":"https:\/\/tourcruiser.com\/de\/wp-json\/wp\/v2\/media\/452383"}],"wp:attachment":[{"href":"https:\/\/tourcruiser.com\/de\/wp-json\/wp\/v2\/media?parent=452382"}],"wp:term":[{"taxonomy":"product_brand","embeddable":true,"href":"https:\/\/tourcruiser.com\/de\/wp-json\/wp\/v2\/product_brand?post=452382"},{"taxonomy":"product_cat","embeddable":true,"href":"https:\/\/tourcruiser.com\/de\/wp-json\/wp\/v2\/product_cat?post=452382"},{"taxonomy":"product_tag","embeddable":true,"href":"https:\/\/tourcruiser.com\/de\/wp-json\/wp\/v2\/product_tag?post=452382"}],"curies":[{"name":"wp","href":"https:\/\/api.w.org\/{rel}","templated":true}]}}