{"id":452352,"date":"2026-03-21T12:03:47","date_gmt":"2026-03-21T05:03:47","guid":{"rendered":"http:\/\/tourcruiser.com\/product\/women-adidas-forum-low-cl-white-wonder-blue-ig3964"},"modified":"2026-03-21T12:03:47","modified_gmt":"2026-03-21T05:03:47","slug":"women-adidas-forum-low-cl-white-wonder-blue-ig3964","status":"publish","type":"product","link":"https:\/\/tourcruiser.com\/de\/products\/women-adidas-forum-low-cl-white-wonder-blue-ig3964\/","title":{"rendered":"(Women) adidas Forum Low CL &#8218;White Wonder Blue&#8216; IG3964"},"content":{"rendered":"<p>Mit dem adidas Forum Low CL &#8218;White Wonder Blue&#8216; (IG3964) f\u00c3\u00bcr Damen verleihst du deinem Streetwear-Look das gewisse Etwas. Dieser legend\u00c3\u00a4re Sneaker vereint Vintage-Design mit modernem Flair. Das strahlend wei\u00c3\u0178e Leder-Obermaterial wird durch markante Akzente in Wonder Blue perfekt erg\u00c3\u00a4nzt. Der verstellbare Kn\u00c3\u00b6chelriemen sorgt f\u00c3\u00bcr sicheren Halt, w\u00c3\u00a4hrend die strapazierf\u00c3\u00a4hige Gummisohle optimale Traktion bietet. Dieser klassische Sneaker ist die perfekte Erg\u00c3\u00a4nzung f\u00c3\u00bcr jedes Casual-Outfit und vereint Komfort, Style und Performance. Mit dem zeitlosen Charme des adidas Forum Low CL ziehst du alle Blicke auf dich.<\/p>\n<ul>\n<li><strong>Farbgebung:<\/strong> Cloud White\/Wonder Blue\/Cream White<\/li>\n<li><strong>Style-Code:<\/strong> IG3964<\/li>\n<li><strong>Obermaterial:<\/strong> Leder<\/li>\n<li><strong>Farbe:<\/strong> Wei\u00c3\u0178<\/li>\n<li><strong>Erscheinungsjahr:<\/strong> 2023<\/li>\n<\/ul>\n","protected":false},"excerpt":{"rendered":"<p>Mit dem adidas Forum Low CL &#8218;White Wonder Blue&#8216; (IG3964) f\u00c3\u00bcr Damen verleihst du deinem Streetwear-Look das gewisse Etwas. Dieser legend\u00c3\u00a4re Sneaker vereint Vintage-Design mit modernem Flair. Das strahlend wei\u00c3\u0178e Leder-Obermaterial wird durch markante Akzente in Wonder Blue perfekt erg\u00c3\u00a4nzt. Der verstellbare Kn\u00c3\u00b6chelriemen sorgt f\u00c3\u00bcr sicheren Halt, w\u00c3\u00a4hrend die strapazierf\u00c3\u00a4hige Gummisohle optimale Traktion bietet. Dieser [&hellip;]<\/p>\n","protected":false},"featured_media":452353,"comment_status":"open","ping_status":"closed","template":"","meta":[],"product_brand":[],"product_cat":[10760,39210,38878,38854],"product_tag":[10759,10750,10926,10754,10777,10756],"class_list":{"0":"post-452352","1":"product","2":"type-product","3":"status-publish","4":"has-post-thumbnail","6":"product_cat-adidas","7":"product_cat-adidas-forum-low-cl","8":"product_cat-lifestyle-shoes-basketball-inspired","9":"product_cat-gender-women","10":"product_tag-adidas","11":"product_tag-athleisure-shoes","12":"product_tag-gift-for-her","13":"product_tag-lifestyle-casual-shoes","14":"product_tag-lifestyle-shoes-basketball-inspired","15":"product_tag-retro-casual-shoes","16":"wcpa_has_options","18":"first","19":"instock","20":"taxable","21":"shipping-taxable","22":"purchasable","23":"product-type-simple"},"wcpa_form_fields":{"rules":{"pric_overide_base_price":false,"pric_overide_base_price_if_gt_zero":false,"pric_overide_base_price_fully":false,"pric_cal_option_once":false,"pric_use_as_fee":false,"bind_quantity":false,"quantity_bind_formula":false},"fields":[{"type":"color-group","required":true,"elementId":"wcpa-color-group-66c4a7f817afe","label":"Gr\u00f6\u00dfe","inline":true,"priceOptions":"different_for_all","pricingType":"fixed","className":"hassizechart product-shoes-size-eu product-shoes-size","name":"color-group-66c4a7f817b18","disp_type":"square","selection_type":"tick-border","disp_size":"50","show_label_inside":true,"adjust_width":true,"cart_display_type":"text","other_text":"Other","cl_rule":"show","col":6,"values":[{"label":"35","value":"EU 35","price":"","pimage":"","pimage_id":"","pthumb":"","color":""},{"label":"35.5","value":"EU 35.5","price":"","pimage":"","pimage_id":"","pthumb":"","color":""},{"label":"36","value":"EU 36","price":"","pimage":"","pimage_id":"","pthumb":"","color":"","selected":true},{"label":"36 2\/3","value":"EU 36 2\/3","price":"","pimage":"","pimage_id":"","pthumb":"","color":""},{"label":"37 1\/3","value":"EU 37 1\/3","price":"","pimage":"","pimage_id":"","pthumb":"","color":""},{"label":"38","value":"EU 38","price":"","pimage":"","pimage_id":"","pthumb":"","color":""},{"label":"38 2\/3","value":"EU 38 2\/3","price":"","pimage":"","pimage_id":"","pthumb":"","color":""},{"label":"39 1\/3","value":"EU 39 1\/3","price":"","pimage":"","pimage_id":"","pthumb":"","color":""},{"label":"40","value":"EU 40","price":"","pimage":"","pimage_id":"","pthumb":"","color":""},{"label":"40 2\/3","value":"EU 40 2\/3","price":"","pimage":"","pimage_id":"","pthumb":"","color":""},{"label":"41 1\/3","value":"EU 41 1\/3","price":"","pimage":"","pimage_id":"","pthumb":"","color":""},{"label":"42","value":"EU 42","price":"","pimage":"","pimage_id":"","pthumb":"","color":""},{"label":"42 2\/3","value":"EU 42 2\/3","price":"","pimage":"","pimage_id":"","pthumb":"","color":""},{"label":"43 1\/3","value":"EU 43 1\/3","price":"","pimage":"","pimage_id":"","pthumb":"","color":""},{"label":"44","value":"EU 44","price":"","pimage":"","pimage_id":"","pthumb":"","color":""},{"label":"44 2\/3","value":"EU 44 2\/3","price":"","pimage":"","pimage_id":"","pthumb":"","color":""},{"label":"45 1\/3","value":"EU 45 1\/3","price":"","pimage":"","pimage_id":"","pthumb":"","color":""},{"label":"46","value":"EU 46","price":"","pimage":"","pimage_id":"","pthumb":"","color":""},{"label":"46 2\/3","value":"EU 46 2\/3","price":"","pimage":"","pimage_id":"","pthumb":"","color":""},{"label":"47 1\/3","value":"EU 47 1\/3","price":"","pimage":"","pimage_id":"","pthumb":"","color":""}],"relations":[{"operator":false,"rules":[]}],"form_id":24802,"form_rules":{"pric_cal_option_once":false,"exclude_from_discount":false,"pric_use_as_fee":false,"fee_label":"Fee","render_after_acb":false,"disp_hide_options_price":false}}]},"yoast_head":"<!-- This site is optimized with the Yoast SEO plugin v26.5 - https:\/\/yoast.com\/wordpress\/plugins\/seo\/ -->\n<title>(Women) adidas Forum Low CL &#039;White Wonder Blue&#039; IG3964 - Tourcruiser PTE. LTD<\/title>\n<meta name=\"robots\" content=\"index, follow, max-snippet:-1, max-image-preview:large, max-video-preview:-1\" \/>\n<link rel=\"canonical\" href=\"https:\/\/tourcruiser.com\/de\/products\/women-adidas-forum-low-cl-white-wonder-blue-ig3964\/\" \/>\n<meta property=\"og:locale\" content=\"de_DE\" \/>\n<meta property=\"og:type\" content=\"article\" \/>\n<meta property=\"og:title\" content=\"(Women) adidas Forum Low CL &#039;White Wonder Blue&#039; IG3964 - Tourcruiser PTE. LTD\" \/>\n<meta property=\"og:description\" content=\"Mit dem adidas Forum Low CL &#8218;White Wonder Blue&#8216; (IG3964) f\u00c3\u00bcr Damen verleihst du deinem Streetwear-Look das gewisse Etwas. Dieser legend\u00c3\u00a4re Sneaker vereint Vintage-Design mit modernem Flair. Das strahlend wei\u00c3\u0178e Leder-Obermaterial wird durch markante Akzente in Wonder Blue perfekt erg\u00c3\u00a4nzt. Der verstellbare Kn\u00c3\u00b6chelriemen sorgt f\u00c3\u00bcr sicheren Halt, w\u00c3\u00a4hrend die strapazierf\u00c3\u00a4hige Gummisohle optimale Traktion bietet. Dieser [&hellip;]\" \/>\n<meta property=\"og:url\" content=\"https:\/\/tourcruiser.com\/de\/products\/women-adidas-forum-low-cl-white-wonder-blue-ig3964\/\" \/>\n<meta property=\"og:site_name\" content=\"Tourcruiser Sneaker Store\" \/>\n<meta name=\"twitter:card\" content=\"summary_large_image\" \/>\n<meta name=\"twitter:image\" content=\"https:\/\/images.novelship.com\/product\/_women__adidas_forum_low_cl__white_wonder_blue__ig_0_82741.jpeg\" \/>\n<meta name=\"twitter:label1\" content=\"Gesch\u00e4tzte Lesezeit\" \/>\n\t<meta name=\"twitter:data1\" content=\"1\u00a0Minute\" \/>\n<script type=\"application\/ld+json\" class=\"yoast-schema-graph\">{\"@context\":\"https:\/\/schema.org\",\"@graph\":[{\"@type\":\"WebPage\",\"@id\":\"https:\/\/tourcruiser.com\/de\/products\/women-adidas-forum-low-cl-white-wonder-blue-ig3964\/\",\"url\":\"https:\/\/tourcruiser.com\/de\/products\/women-adidas-forum-low-cl-white-wonder-blue-ig3964\/\",\"name\":\"(Women) adidas Forum Low CL 'White Wonder Blue' IG3964 - Tourcruiser PTE. LTD\",\"isPartOf\":{\"@id\":\"https:\/\/tourcruiser.com\/de\/#website\"},\"primaryImageOfPage\":{\"@id\":\"https:\/\/tourcruiser.com\/de\/products\/women-adidas-forum-low-cl-white-wonder-blue-ig3964\/#primaryimage\"},\"image\":{\"@id\":\"https:\/\/tourcruiser.com\/de\/products\/women-adidas-forum-low-cl-white-wonder-blue-ig3964\/#primaryimage\"},\"thumbnailUrl\":\"https:\/\/images.novelship.com\/product\/_women__adidas_forum_low_cl__white_wonder_blue__ig_0_82741.jpeg\",\"datePublished\":\"2026-03-21T05:03:47+00:00\",\"breadcrumb\":{\"@id\":\"https:\/\/tourcruiser.com\/de\/products\/women-adidas-forum-low-cl-white-wonder-blue-ig3964\/#breadcrumb\"},\"inLanguage\":\"de\",\"potentialAction\":[{\"@type\":\"ReadAction\",\"target\":[\"https:\/\/tourcruiser.com\/de\/products\/women-adidas-forum-low-cl-white-wonder-blue-ig3964\/\"]}]},{\"@type\":\"ImageObject\",\"inLanguage\":\"de\",\"@id\":\"https:\/\/tourcruiser.com\/de\/products\/women-adidas-forum-low-cl-white-wonder-blue-ig3964\/#primaryimage\",\"url\":\"https:\/\/images.novelship.com\/product\/_women__adidas_forum_low_cl__white_wonder_blue__ig_0_82741.jpeg\",\"contentUrl\":\"https:\/\/images.novelship.com\/product\/_women__adidas_forum_low_cl__white_wonder_blue__ig_0_82741.jpeg\"},{\"@type\":\"BreadcrumbList\",\"@id\":\"https:\/\/tourcruiser.com\/de\/products\/women-adidas-forum-low-cl-white-wonder-blue-ig3964\/#breadcrumb\",\"itemListElement\":[{\"@type\":\"ListItem\",\"position\":1,\"name\":\"Home\",\"item\":\"https:\/\/tourcruiser.com\/de\/\"},{\"@type\":\"ListItem\",\"position\":2,\"name\":\"Shop\",\"item\":\"https:\/\/tourcruiser.com\/de\/shop\/\"},{\"@type\":\"ListItem\",\"position\":3,\"name\":\"(Women) adidas Forum Low CL 'White Wonder Blue' IG3964\"}]},{\"@type\":\"WebSite\",\"@id\":\"https:\/\/tourcruiser.com\/de\/#website\",\"url\":\"https:\/\/tourcruiser.com\/de\/\",\"name\":\"Styloral Jewelry Shop\",\"description\":\"Tourcruiser Sneaker Store \u2014 der Ort, an dem das Universum deine Einzigartigkeit trifft.\",\"publisher\":{\"@id\":\"https:\/\/tourcruiser.com\/de\/#organization\"},\"potentialAction\":[{\"@type\":\"SearchAction\",\"target\":{\"@type\":\"EntryPoint\",\"urlTemplate\":\"https:\/\/tourcruiser.com\/de\/?s={search_term_string}\"},\"query-input\":{\"@type\":\"PropertyValueSpecification\",\"valueRequired\":true,\"valueName\":\"search_term_string\"}}],\"inLanguage\":\"de\"},{\"@type\":\"Organization\",\"@id\":\"https:\/\/tourcruiser.com\/de\/#organization\",\"name\":\"STYLORAL PTE. LTD\",\"url\":\"https:\/\/tourcruiser.com\/de\/\",\"logo\":{\"@type\":\"ImageObject\",\"inLanguage\":\"de\",\"@id\":\"https:\/\/tourcruiser.com\/de\/#\/schema\/logo\/image\/\",\"url\":\"https:\/\/www.tourcruiser.com\/wp-content\/uploads\/2025\/12\/logo.png\",\"contentUrl\":\"https:\/\/www.tourcruiser.com\/wp-content\/uploads\/2025\/12\/logo.png\",\"width\":200,\"height\":65,\"caption\":\"STYLORAL PTE. LTD\"},\"image\":{\"@id\":\"https:\/\/tourcruiser.com\/de\/#\/schema\/logo\/image\/\"}}]}<\/script>\n<!-- \/ Yoast SEO plugin. -->","yoast_head_json":{"title":"(Women) adidas Forum Low CL 'White Wonder Blue' IG3964 - Tourcruiser PTE. LTD","robots":{"index":"index","follow":"follow","max-snippet":"max-snippet:-1","max-image-preview":"max-image-preview:large","max-video-preview":"max-video-preview:-1"},"canonical":"https:\/\/tourcruiser.com\/de\/products\/women-adidas-forum-low-cl-white-wonder-blue-ig3964\/","og_locale":"de_DE","og_type":"article","og_title":"(Women) adidas Forum Low CL 'White Wonder Blue' IG3964 - Tourcruiser PTE. LTD","og_description":"Mit dem adidas Forum Low CL &#8218;White Wonder Blue&#8216; (IG3964) f\u00c3\u00bcr Damen verleihst du deinem Streetwear-Look das gewisse Etwas. Dieser legend\u00c3\u00a4re Sneaker vereint Vintage-Design mit modernem Flair. Das strahlend wei\u00c3\u0178e Leder-Obermaterial wird durch markante Akzente in Wonder Blue perfekt erg\u00c3\u00a4nzt. Der verstellbare Kn\u00c3\u00b6chelriemen sorgt f\u00c3\u00bcr sicheren Halt, w\u00c3\u00a4hrend die strapazierf\u00c3\u00a4hige Gummisohle optimale Traktion bietet. Dieser [&hellip;]","og_url":"https:\/\/tourcruiser.com\/de\/products\/women-adidas-forum-low-cl-white-wonder-blue-ig3964\/","og_site_name":"Tourcruiser Sneaker Store","twitter_card":"summary_large_image","twitter_image":"https:\/\/images.novelship.com\/product\/_women__adidas_forum_low_cl__white_wonder_blue__ig_0_82741.jpeg","twitter_misc":{"Gesch\u00e4tzte Lesezeit":"1\u00a0Minute"},"schema":{"@context":"https:\/\/schema.org","@graph":[{"@type":"WebPage","@id":"https:\/\/tourcruiser.com\/de\/products\/women-adidas-forum-low-cl-white-wonder-blue-ig3964\/","url":"https:\/\/tourcruiser.com\/de\/products\/women-adidas-forum-low-cl-white-wonder-blue-ig3964\/","name":"(Women) adidas Forum Low CL 'White Wonder Blue' IG3964 - Tourcruiser PTE. LTD","isPartOf":{"@id":"https:\/\/tourcruiser.com\/de\/#website"},"primaryImageOfPage":{"@id":"https:\/\/tourcruiser.com\/de\/products\/women-adidas-forum-low-cl-white-wonder-blue-ig3964\/#primaryimage"},"image":{"@id":"https:\/\/tourcruiser.com\/de\/products\/women-adidas-forum-low-cl-white-wonder-blue-ig3964\/#primaryimage"},"thumbnailUrl":"https:\/\/images.novelship.com\/product\/_women__adidas_forum_low_cl__white_wonder_blue__ig_0_82741.jpeg","datePublished":"2026-03-21T05:03:47+00:00","breadcrumb":{"@id":"https:\/\/tourcruiser.com\/de\/products\/women-adidas-forum-low-cl-white-wonder-blue-ig3964\/#breadcrumb"},"inLanguage":"de","potentialAction":[{"@type":"ReadAction","target":["https:\/\/tourcruiser.com\/de\/products\/women-adidas-forum-low-cl-white-wonder-blue-ig3964\/"]}]},{"@type":"ImageObject","inLanguage":"de","@id":"https:\/\/tourcruiser.com\/de\/products\/women-adidas-forum-low-cl-white-wonder-blue-ig3964\/#primaryimage","url":"https:\/\/images.novelship.com\/product\/_women__adidas_forum_low_cl__white_wonder_blue__ig_0_82741.jpeg","contentUrl":"https:\/\/images.novelship.com\/product\/_women__adidas_forum_low_cl__white_wonder_blue__ig_0_82741.jpeg"},{"@type":"BreadcrumbList","@id":"https:\/\/tourcruiser.com\/de\/products\/women-adidas-forum-low-cl-white-wonder-blue-ig3964\/#breadcrumb","itemListElement":[{"@type":"ListItem","position":1,"name":"Home","item":"https:\/\/tourcruiser.com\/de\/"},{"@type":"ListItem","position":2,"name":"Shop","item":"https:\/\/tourcruiser.com\/de\/shop\/"},{"@type":"ListItem","position":3,"name":"(Women) adidas Forum Low CL 'White Wonder Blue' IG3964"}]},{"@type":"WebSite","@id":"https:\/\/tourcruiser.com\/de\/#website","url":"https:\/\/tourcruiser.com\/de\/","name":"Styloral Jewelry Shop","description":"Tourcruiser Sneaker Store \u2014 der Ort, an dem das Universum deine Einzigartigkeit trifft.","publisher":{"@id":"https:\/\/tourcruiser.com\/de\/#organization"},"potentialAction":[{"@type":"SearchAction","target":{"@type":"EntryPoint","urlTemplate":"https:\/\/tourcruiser.com\/de\/?s={search_term_string}"},"query-input":{"@type":"PropertyValueSpecification","valueRequired":true,"valueName":"search_term_string"}}],"inLanguage":"de"},{"@type":"Organization","@id":"https:\/\/tourcruiser.com\/de\/#organization","name":"STYLORAL PTE. LTD","url":"https:\/\/tourcruiser.com\/de\/","logo":{"@type":"ImageObject","inLanguage":"de","@id":"https:\/\/tourcruiser.com\/de\/#\/schema\/logo\/image\/","url":"https:\/\/www.tourcruiser.com\/wp-content\/uploads\/2025\/12\/logo.png","contentUrl":"https:\/\/www.tourcruiser.com\/wp-content\/uploads\/2025\/12\/logo.png","width":200,"height":65,"caption":"STYLORAL PTE. LTD"},"image":{"@id":"https:\/\/tourcruiser.com\/de\/#\/schema\/logo\/image\/"}}]}},"_links":{"self":[{"href":"https:\/\/tourcruiser.com\/de\/wp-json\/wp\/v2\/product\/452352","targetHints":{"allow":["GET"]}}],"collection":[{"href":"https:\/\/tourcruiser.com\/de\/wp-json\/wp\/v2\/product"}],"about":[{"href":"https:\/\/tourcruiser.com\/de\/wp-json\/wp\/v2\/types\/product"}],"replies":[{"embeddable":true,"href":"https:\/\/tourcruiser.com\/de\/wp-json\/wp\/v2\/comments?post=452352"}],"wp:featuredmedia":[{"embeddable":true,"href":"https:\/\/tourcruiser.com\/de\/wp-json\/wp\/v2\/media\/452353"}],"wp:attachment":[{"href":"https:\/\/tourcruiser.com\/de\/wp-json\/wp\/v2\/media?parent=452352"}],"wp:term":[{"taxonomy":"product_brand","embeddable":true,"href":"https:\/\/tourcruiser.com\/de\/wp-json\/wp\/v2\/product_brand?post=452352"},{"taxonomy":"product_cat","embeddable":true,"href":"https:\/\/tourcruiser.com\/de\/wp-json\/wp\/v2\/product_cat?post=452352"},{"taxonomy":"product_tag","embeddable":true,"href":"https:\/\/tourcruiser.com\/de\/wp-json\/wp\/v2\/product_tag?post=452352"}],"curies":[{"name":"wp","href":"https:\/\/api.w.org\/{rel}","templated":true}]}}