{"id":452325,"date":"2026-03-21T12:03:46","date_gmt":"2026-03-21T05:03:46","guid":{"rendered":"http:\/\/tourcruiser.com\/product\/wales-bonner-x-adidas-samba-studded-packcream-ig4304"},"modified":"2026-03-21T12:03:46","modified_gmt":"2026-03-21T05:03:46","slug":"wales-bonner-x-adidas-samba-studded-packcream-ig4304","status":"publish","type":"product","link":"https:\/\/tourcruiser.com\/de\/products\/wales-bonner-x-adidas-samba-studded-packcream-ig4304\/","title":{"rendered":"Wales Bonner x adidas Samba &#8218;Studded Pack &#8211; Cream&#8216; IG4304"},"content":{"rendered":"<p>Erlebe die perfekte Verschmelzung von Mode und Sport mit dem Wales Bonner x adidas Samba \u00e2\u20ac\u017eStudded Pack \u00e2\u20ac\u201c Cream\u00e2\u20ac\u0153. Diese limitierten Sneaker verleihen der klassischen Samba-Silhouette mit hochwertigen Wildleder-Overlays und dezenten Nieten einen Hauch von edler Eleganz. Der sanfte Cremeton strahlt Eleganz aus, w\u00c3\u00a4hrend die ikonische Gummisohle f\u00c3\u00bcr flexiblen Tragekomfort sorgt. Ob du die Stadt erkundest oder auf der Stra\u00c3\u0178e alle Blicke auf dich ziehst \u00e2\u20ac\u201c diese Wales Bonner Samba Sneaker sind ein Must-have f\u00c3\u00bcr alle, die Wert auf Stil legen.<\/p>\n<ul>\n<li><strong>Farbgebung:<\/strong> Cremewei\u00c3\u0178\/Cremewei\u00c3\u0178\/Schwarz<\/li>\n<li><strong>Style-Code:<\/strong> IG4304<\/li>\n<li><strong>Obermaterial:<\/strong> Leder<\/li>\n<li><strong>Erscheinungsjahr:<\/strong> 2024<\/li>\n<\/ul>\n","protected":false},"excerpt":{"rendered":"<p>Erlebe die perfekte Verschmelzung von Mode und Sport mit dem Wales Bonner x adidas Samba \u00e2\u20ac\u017eStudded Pack \u00e2\u20ac\u201c Cream\u00e2\u20ac\u0153. Diese limitierten Sneaker verleihen der klassischen Samba-Silhouette mit hochwertigen Wildleder-Overlays und dezenten Nieten einen Hauch von edler Eleganz. Der sanfte Cremeton strahlt Eleganz aus, w\u00c3\u00a4hrend die ikonische Gummisohle f\u00c3\u00bcr flexiblen Tragekomfort sorgt. Ob du die Stadt [&hellip;]<\/p>\n","protected":false},"featured_media":452326,"comment_status":"open","ping_status":"closed","template":"","meta":[],"product_brand":[],"product_cat":[10760,39039,38842,39314],"product_tag":[10759,10750,10753,10754,10755,10756],"class_list":{"0":"post-452325","1":"product","2":"type-product","3":"status-publish","4":"has-post-thumbnail","6":"product_cat-adidas","7":"product_cat-lifestyle-shoes-soccer-inspired","8":"product_cat-gender-men","9":"product_cat-adidas-samba","10":"product_tag-adidas","11":"product_tag-athleisure-shoes","12":"product_tag-gift-for-him","13":"product_tag-lifestyle-casual-shoes","14":"product_tag-lifestyle-shoes-soccer-inspired","15":"product_tag-retro-casual-shoes","16":"wcpa_has_options","18":"first","19":"instock","20":"taxable","21":"shipping-taxable","22":"purchasable","23":"product-type-simple"},"wcpa_form_fields":{"rules":{"pric_overide_base_price":false,"pric_overide_base_price_if_gt_zero":false,"pric_overide_base_price_fully":false,"pric_cal_option_once":false,"pric_use_as_fee":false,"bind_quantity":false,"quantity_bind_formula":false},"fields":[{"type":"color-group","required":true,"elementId":"wcpa-color-group-66c4a7f817afe","label":"Gr\u00f6\u00dfe","inline":true,"priceOptions":"different_for_all","pricingType":"fixed","className":"hassizechart product-shoes-size-eu product-shoes-size","name":"color-group-66c4a7f817b18","disp_type":"square","selection_type":"tick-border","disp_size":"50","show_label_inside":true,"adjust_width":true,"cart_display_type":"text","other_text":"Other","cl_rule":"show","col":6,"values":[{"label":"35","value":"EU 35","price":"","pimage":"","pimage_id":"","pthumb":"","color":""},{"label":"35.5","value":"EU 35.5","price":"","pimage":"","pimage_id":"","pthumb":"","color":""},{"label":"36","value":"EU 36","price":"","pimage":"","pimage_id":"","pthumb":"","color":"","selected":true},{"label":"36 2\/3","value":"EU 36 2\/3","price":"","pimage":"","pimage_id":"","pthumb":"","color":""},{"label":"37 1\/3","value":"EU 37 1\/3","price":"","pimage":"","pimage_id":"","pthumb":"","color":""},{"label":"38","value":"EU 38","price":"","pimage":"","pimage_id":"","pthumb":"","color":""},{"label":"38 2\/3","value":"EU 38 2\/3","price":"","pimage":"","pimage_id":"","pthumb":"","color":""},{"label":"39 1\/3","value":"EU 39 1\/3","price":"","pimage":"","pimage_id":"","pthumb":"","color":""},{"label":"40","value":"EU 40","price":"","pimage":"","pimage_id":"","pthumb":"","color":""},{"label":"40 2\/3","value":"EU 40 2\/3","price":"","pimage":"","pimage_id":"","pthumb":"","color":""},{"label":"41 1\/3","value":"EU 41 1\/3","price":"","pimage":"","pimage_id":"","pthumb":"","color":""},{"label":"42","value":"EU 42","price":"","pimage":"","pimage_id":"","pthumb":"","color":""},{"label":"42 2\/3","value":"EU 42 2\/3","price":"","pimage":"","pimage_id":"","pthumb":"","color":""},{"label":"43 1\/3","value":"EU 43 1\/3","price":"","pimage":"","pimage_id":"","pthumb":"","color":""},{"label":"44","value":"EU 44","price":"","pimage":"","pimage_id":"","pthumb":"","color":""},{"label":"44 2\/3","value":"EU 44 2\/3","price":"","pimage":"","pimage_id":"","pthumb":"","color":""},{"label":"45 1\/3","value":"EU 45 1\/3","price":"","pimage":"","pimage_id":"","pthumb":"","color":""},{"label":"46","value":"EU 46","price":"","pimage":"","pimage_id":"","pthumb":"","color":""},{"label":"46 2\/3","value":"EU 46 2\/3","price":"","pimage":"","pimage_id":"","pthumb":"","color":""},{"label":"47 1\/3","value":"EU 47 1\/3","price":"","pimage":"","pimage_id":"","pthumb":"","color":""}],"relations":[{"operator":false,"rules":[]}],"form_id":24802,"form_rules":{"pric_cal_option_once":false,"exclude_from_discount":false,"pric_use_as_fee":false,"fee_label":"Fee","render_after_acb":false,"disp_hide_options_price":false}}]},"yoast_head":"<!-- This site is optimized with the Yoast SEO plugin v26.5 - https:\/\/yoast.com\/wordpress\/plugins\/seo\/ -->\n<title>Wales Bonner x adidas Samba &#039;Studded Pack - Cream&#039; IG4304 - Tourcruiser PTE. LTD<\/title>\n<meta name=\"robots\" content=\"index, follow, max-snippet:-1, max-image-preview:large, max-video-preview:-1\" \/>\n<link rel=\"canonical\" href=\"https:\/\/tourcruiser.com\/de\/products\/wales-bonner-x-adidas-samba-studded-packcream-ig4304\/\" \/>\n<meta property=\"og:locale\" content=\"de_DE\" \/>\n<meta property=\"og:type\" content=\"article\" \/>\n<meta property=\"og:title\" content=\"Wales Bonner x adidas Samba &#039;Studded Pack - Cream&#039; IG4304 - Tourcruiser PTE. LTD\" \/>\n<meta property=\"og:description\" content=\"Erlebe die perfekte Verschmelzung von Mode und Sport mit dem Wales Bonner x adidas Samba \u00e2\u20ac\u017eStudded Pack \u00e2\u20ac\u201c Cream\u00e2\u20ac\u0153. Diese limitierten Sneaker verleihen der klassischen Samba-Silhouette mit hochwertigen Wildleder-Overlays und dezenten Nieten einen Hauch von edler Eleganz. Der sanfte Cremeton strahlt Eleganz aus, w\u00c3\u00a4hrend die ikonische Gummisohle f\u00c3\u00bcr flexiblen Tragekomfort sorgt. Ob du die Stadt [&hellip;]\" \/>\n<meta property=\"og:url\" content=\"https:\/\/tourcruiser.com\/de\/products\/wales-bonner-x-adidas-samba-studded-packcream-ig4304\/\" \/>\n<meta property=\"og:site_name\" content=\"Tourcruiser Sneaker Store\" \/>\n<meta name=\"twitter:card\" content=\"summary_large_image\" \/>\n<meta name=\"twitter:image\" content=\"https:\/\/images.novelship.com\/product\/wales_bonner_x_adidas_samba__studded_pack_-_cream__0_81630.jpeg\" \/>\n<script type=\"application\/ld+json\" class=\"yoast-schema-graph\">{\"@context\":\"https:\/\/schema.org\",\"@graph\":[{\"@type\":\"WebPage\",\"@id\":\"https:\/\/tourcruiser.com\/de\/products\/wales-bonner-x-adidas-samba-studded-packcream-ig4304\/\",\"url\":\"https:\/\/tourcruiser.com\/de\/products\/wales-bonner-x-adidas-samba-studded-packcream-ig4304\/\",\"name\":\"Wales Bonner x adidas Samba 'Studded Pack - Cream' IG4304 - Tourcruiser PTE. LTD\",\"isPartOf\":{\"@id\":\"https:\/\/tourcruiser.com\/de\/#website\"},\"primaryImageOfPage\":{\"@id\":\"https:\/\/tourcruiser.com\/de\/products\/wales-bonner-x-adidas-samba-studded-packcream-ig4304\/#primaryimage\"},\"image\":{\"@id\":\"https:\/\/tourcruiser.com\/de\/products\/wales-bonner-x-adidas-samba-studded-packcream-ig4304\/#primaryimage\"},\"thumbnailUrl\":\"https:\/\/images.novelship.com\/product\/wales_bonner_x_adidas_samba__studded_pack_-_cream__0_81630.jpeg\",\"datePublished\":\"2026-03-21T05:03:46+00:00\",\"breadcrumb\":{\"@id\":\"https:\/\/tourcruiser.com\/de\/products\/wales-bonner-x-adidas-samba-studded-packcream-ig4304\/#breadcrumb\"},\"inLanguage\":\"de\",\"potentialAction\":[{\"@type\":\"ReadAction\",\"target\":[\"https:\/\/tourcruiser.com\/de\/products\/wales-bonner-x-adidas-samba-studded-packcream-ig4304\/\"]}]},{\"@type\":\"ImageObject\",\"inLanguage\":\"de\",\"@id\":\"https:\/\/tourcruiser.com\/de\/products\/wales-bonner-x-adidas-samba-studded-packcream-ig4304\/#primaryimage\",\"url\":\"https:\/\/images.novelship.com\/product\/wales_bonner_x_adidas_samba__studded_pack_-_cream__0_81630.jpeg\",\"contentUrl\":\"https:\/\/images.novelship.com\/product\/wales_bonner_x_adidas_samba__studded_pack_-_cream__0_81630.jpeg\"},{\"@type\":\"BreadcrumbList\",\"@id\":\"https:\/\/tourcruiser.com\/de\/products\/wales-bonner-x-adidas-samba-studded-packcream-ig4304\/#breadcrumb\",\"itemListElement\":[{\"@type\":\"ListItem\",\"position\":1,\"name\":\"Home\",\"item\":\"https:\/\/tourcruiser.com\/de\/\"},{\"@type\":\"ListItem\",\"position\":2,\"name\":\"Shop\",\"item\":\"https:\/\/tourcruiser.com\/de\/shop\/\"},{\"@type\":\"ListItem\",\"position\":3,\"name\":\"Wales Bonner x adidas Samba 'Studded Pack - Cream' IG4304\"}]},{\"@type\":\"WebSite\",\"@id\":\"https:\/\/tourcruiser.com\/de\/#website\",\"url\":\"https:\/\/tourcruiser.com\/de\/\",\"name\":\"Styloral Jewelry Shop\",\"description\":\"Tourcruiser Sneaker Store \u2014 der Ort, an dem das Universum deine Einzigartigkeit trifft.\",\"publisher\":{\"@id\":\"https:\/\/tourcruiser.com\/de\/#organization\"},\"potentialAction\":[{\"@type\":\"SearchAction\",\"target\":{\"@type\":\"EntryPoint\",\"urlTemplate\":\"https:\/\/tourcruiser.com\/de\/?s={search_term_string}\"},\"query-input\":{\"@type\":\"PropertyValueSpecification\",\"valueRequired\":true,\"valueName\":\"search_term_string\"}}],\"inLanguage\":\"de\"},{\"@type\":\"Organization\",\"@id\":\"https:\/\/tourcruiser.com\/de\/#organization\",\"name\":\"STYLORAL PTE. LTD\",\"url\":\"https:\/\/tourcruiser.com\/de\/\",\"logo\":{\"@type\":\"ImageObject\",\"inLanguage\":\"de\",\"@id\":\"https:\/\/tourcruiser.com\/de\/#\/schema\/logo\/image\/\",\"url\":\"https:\/\/www.tourcruiser.com\/wp-content\/uploads\/2025\/12\/logo.png\",\"contentUrl\":\"https:\/\/www.tourcruiser.com\/wp-content\/uploads\/2025\/12\/logo.png\",\"width\":200,\"height\":65,\"caption\":\"STYLORAL PTE. LTD\"},\"image\":{\"@id\":\"https:\/\/tourcruiser.com\/de\/#\/schema\/logo\/image\/\"}}]}<\/script>\n<!-- \/ Yoast SEO plugin. -->","yoast_head_json":{"title":"Wales Bonner x adidas Samba 'Studded Pack - Cream' IG4304 - Tourcruiser PTE. LTD","robots":{"index":"index","follow":"follow","max-snippet":"max-snippet:-1","max-image-preview":"max-image-preview:large","max-video-preview":"max-video-preview:-1"},"canonical":"https:\/\/tourcruiser.com\/de\/products\/wales-bonner-x-adidas-samba-studded-packcream-ig4304\/","og_locale":"de_DE","og_type":"article","og_title":"Wales Bonner x adidas Samba 'Studded Pack - Cream' IG4304 - Tourcruiser PTE. LTD","og_description":"Erlebe die perfekte Verschmelzung von Mode und Sport mit dem Wales Bonner x adidas Samba \u00e2\u20ac\u017eStudded Pack \u00e2\u20ac\u201c Cream\u00e2\u20ac\u0153. Diese limitierten Sneaker verleihen der klassischen Samba-Silhouette mit hochwertigen Wildleder-Overlays und dezenten Nieten einen Hauch von edler Eleganz. Der sanfte Cremeton strahlt Eleganz aus, w\u00c3\u00a4hrend die ikonische Gummisohle f\u00c3\u00bcr flexiblen Tragekomfort sorgt. Ob du die Stadt [&hellip;]","og_url":"https:\/\/tourcruiser.com\/de\/products\/wales-bonner-x-adidas-samba-studded-packcream-ig4304\/","og_site_name":"Tourcruiser Sneaker Store","twitter_card":"summary_large_image","twitter_image":"https:\/\/images.novelship.com\/product\/wales_bonner_x_adidas_samba__studded_pack_-_cream__0_81630.jpeg","schema":{"@context":"https:\/\/schema.org","@graph":[{"@type":"WebPage","@id":"https:\/\/tourcruiser.com\/de\/products\/wales-bonner-x-adidas-samba-studded-packcream-ig4304\/","url":"https:\/\/tourcruiser.com\/de\/products\/wales-bonner-x-adidas-samba-studded-packcream-ig4304\/","name":"Wales Bonner x adidas Samba 'Studded Pack - Cream' IG4304 - Tourcruiser PTE. LTD","isPartOf":{"@id":"https:\/\/tourcruiser.com\/de\/#website"},"primaryImageOfPage":{"@id":"https:\/\/tourcruiser.com\/de\/products\/wales-bonner-x-adidas-samba-studded-packcream-ig4304\/#primaryimage"},"image":{"@id":"https:\/\/tourcruiser.com\/de\/products\/wales-bonner-x-adidas-samba-studded-packcream-ig4304\/#primaryimage"},"thumbnailUrl":"https:\/\/images.novelship.com\/product\/wales_bonner_x_adidas_samba__studded_pack_-_cream__0_81630.jpeg","datePublished":"2026-03-21T05:03:46+00:00","breadcrumb":{"@id":"https:\/\/tourcruiser.com\/de\/products\/wales-bonner-x-adidas-samba-studded-packcream-ig4304\/#breadcrumb"},"inLanguage":"de","potentialAction":[{"@type":"ReadAction","target":["https:\/\/tourcruiser.com\/de\/products\/wales-bonner-x-adidas-samba-studded-packcream-ig4304\/"]}]},{"@type":"ImageObject","inLanguage":"de","@id":"https:\/\/tourcruiser.com\/de\/products\/wales-bonner-x-adidas-samba-studded-packcream-ig4304\/#primaryimage","url":"https:\/\/images.novelship.com\/product\/wales_bonner_x_adidas_samba__studded_pack_-_cream__0_81630.jpeg","contentUrl":"https:\/\/images.novelship.com\/product\/wales_bonner_x_adidas_samba__studded_pack_-_cream__0_81630.jpeg"},{"@type":"BreadcrumbList","@id":"https:\/\/tourcruiser.com\/de\/products\/wales-bonner-x-adidas-samba-studded-packcream-ig4304\/#breadcrumb","itemListElement":[{"@type":"ListItem","position":1,"name":"Home","item":"https:\/\/tourcruiser.com\/de\/"},{"@type":"ListItem","position":2,"name":"Shop","item":"https:\/\/tourcruiser.com\/de\/shop\/"},{"@type":"ListItem","position":3,"name":"Wales Bonner x adidas Samba 'Studded Pack - Cream' IG4304"}]},{"@type":"WebSite","@id":"https:\/\/tourcruiser.com\/de\/#website","url":"https:\/\/tourcruiser.com\/de\/","name":"Styloral Jewelry Shop","description":"Tourcruiser Sneaker Store \u2014 der Ort, an dem das Universum deine Einzigartigkeit trifft.","publisher":{"@id":"https:\/\/tourcruiser.com\/de\/#organization"},"potentialAction":[{"@type":"SearchAction","target":{"@type":"EntryPoint","urlTemplate":"https:\/\/tourcruiser.com\/de\/?s={search_term_string}"},"query-input":{"@type":"PropertyValueSpecification","valueRequired":true,"valueName":"search_term_string"}}],"inLanguage":"de"},{"@type":"Organization","@id":"https:\/\/tourcruiser.com\/de\/#organization","name":"STYLORAL PTE. LTD","url":"https:\/\/tourcruiser.com\/de\/","logo":{"@type":"ImageObject","inLanguage":"de","@id":"https:\/\/tourcruiser.com\/de\/#\/schema\/logo\/image\/","url":"https:\/\/www.tourcruiser.com\/wp-content\/uploads\/2025\/12\/logo.png","contentUrl":"https:\/\/www.tourcruiser.com\/wp-content\/uploads\/2025\/12\/logo.png","width":200,"height":65,"caption":"STYLORAL PTE. LTD"},"image":{"@id":"https:\/\/tourcruiser.com\/de\/#\/schema\/logo\/image\/"}}]}},"_links":{"self":[{"href":"https:\/\/tourcruiser.com\/de\/wp-json\/wp\/v2\/product\/452325","targetHints":{"allow":["GET"]}}],"collection":[{"href":"https:\/\/tourcruiser.com\/de\/wp-json\/wp\/v2\/product"}],"about":[{"href":"https:\/\/tourcruiser.com\/de\/wp-json\/wp\/v2\/types\/product"}],"replies":[{"embeddable":true,"href":"https:\/\/tourcruiser.com\/de\/wp-json\/wp\/v2\/comments?post=452325"}],"wp:featuredmedia":[{"embeddable":true,"href":"https:\/\/tourcruiser.com\/de\/wp-json\/wp\/v2\/media\/452326"}],"wp:attachment":[{"href":"https:\/\/tourcruiser.com\/de\/wp-json\/wp\/v2\/media?parent=452325"}],"wp:term":[{"taxonomy":"product_brand","embeddable":true,"href":"https:\/\/tourcruiser.com\/de\/wp-json\/wp\/v2\/product_brand?post=452325"},{"taxonomy":"product_cat","embeddable":true,"href":"https:\/\/tourcruiser.com\/de\/wp-json\/wp\/v2\/product_cat?post=452325"},{"taxonomy":"product_tag","embeddable":true,"href":"https:\/\/tourcruiser.com\/de\/wp-json\/wp\/v2\/product_tag?post=452325"}],"curies":[{"name":"wp","href":"https:\/\/api.w.org\/{rel}","templated":true}]}}