{"id":452207,"date":"2026-03-21T12:03:41","date_gmt":"2026-03-21T05:03:41","guid":{"rendered":"http:\/\/tourcruiser.com\/product\/women-adidas-sambae-valentines-day-id1104"},"modified":"2026-03-21T12:03:41","modified_gmt":"2026-03-21T05:03:41","slug":"women-adidas-sambae-valentines-day-id1104","status":"publish","type":"product","link":"https:\/\/tourcruiser.com\/de\/products\/women-adidas-sambae-valentines-day-id1104\/","title":{"rendered":"(Women) adidas Sambae &#8218;Valentine&#8217;s Day&#8216; ID1104"},"content":{"rendered":"<p>Feiere die Liebe am Valentinstag mit den exklusiven adidas Sambae \u00e2\u20ac\u017eValentinstag\u00e2\u20ac\u0153-Sneakers. Diese stylischen und bequemen Schuhe mit leuchtend rotem Herzprint auf klassischem wei\u00c3\u0178en Leder-Obermaterial sind das perfekte Geschenk f\u00c3\u00bcr deinen Liebsten oder eine sch\u00c3\u00b6ne Belohnung f\u00c3\u00bcr dich selbst. Die gepolsterte Innensohle und die strapazierf\u00c3\u00a4hige Gummisohle sorgen f\u00c3\u00bcr ganzt\u00c3\u00a4gigen Tragekomfort und Halt. Verleihe deinem Valentinstags-Look mit diesen limitierten Sambae-Sneakers das gewisse Etwas \u00e2\u20ac\u201c designt, um Liebe und Freude zu verbreiten.<\/p>\n<p>Farbe: Elfenbein\/Elfenbein\/Pink Fusion<\/p>\n<p>Style-Code: ID1104<\/p>\n<p>Obermaterial: Wildleder<br \/>\nFarbe: Wei\u00c3\u0178<br \/>\nErscheinungsjahr: 2024<\/p>\n","protected":false},"excerpt":{"rendered":"<p>Feiere die Liebe am Valentinstag mit den exklusiven adidas Sambae \u00e2\u20ac\u017eValentinstag\u00e2\u20ac\u0153-Sneakers. Diese stylischen und bequemen Schuhe mit leuchtend rotem Herzprint auf klassischem wei\u00c3\u0178en Leder-Obermaterial sind das perfekte Geschenk f\u00c3\u00bcr deinen Liebsten oder eine sch\u00c3\u00b6ne Belohnung f\u00c3\u00bcr dich selbst. Die gepolsterte Innensohle und die strapazierf\u00c3\u00a4hige Gummisohle sorgen f\u00c3\u00bcr ganzt\u00c3\u00a4gigen Tragekomfort und Halt. Verleihe deinem Valentinstags-Look mit [&hellip;]<\/p>\n","protected":false},"featured_media":452208,"comment_status":"open","ping_status":"closed","template":"","meta":[],"product_brand":[],"product_cat":[10760,38840,39655,38854],"product_tag":[10759,10750,10936,10937,10938,10926,10754,10765,10756],"class_list":{"0":"post-452207","1":"product","2":"type-product","3":"status-publish","4":"has-post-thumbnail","6":"product_cat-adidas","7":"product_cat-lifestyle-shoes-running-inspired","8":"product_cat-adidas-sambae","9":"product_cat-gender-women","10":"product_tag-adidas","11":"product_tag-athleisure-shoes","12":"product_tag-equality-day-women-coll","13":"product_tag-equality-day-women-s-collection","14":"product_tag-equality-day-women-s-edition","15":"product_tag-gift-for-her","16":"product_tag-lifestyle-casual-shoes","17":"product_tag-lifestyle-shoes-running-inspired","18":"product_tag-retro-casual-shoes","19":"wcpa_has_options","21":"first","22":"instock","23":"taxable","24":"shipping-taxable","25":"purchasable","26":"product-type-simple"},"wcpa_form_fields":{"rules":{"pric_overide_base_price":false,"pric_overide_base_price_if_gt_zero":false,"pric_overide_base_price_fully":false,"pric_cal_option_once":false,"pric_use_as_fee":false,"bind_quantity":false,"quantity_bind_formula":false},"fields":[{"type":"color-group","required":true,"elementId":"wcpa-color-group-66c4a7f817afe","label":"Gr\u00f6\u00dfe","inline":true,"priceOptions":"different_for_all","pricingType":"fixed","className":"hassizechart product-shoes-size-eu product-shoes-size","name":"color-group-66c4a7f817b18","disp_type":"square","selection_type":"tick-border","disp_size":"50","show_label_inside":true,"adjust_width":true,"cart_display_type":"text","other_text":"Other","cl_rule":"show","col":6,"values":[{"label":"35","value":"EU 35","price":"","pimage":"","pimage_id":"","pthumb":"","color":""},{"label":"35.5","value":"EU 35.5","price":"","pimage":"","pimage_id":"","pthumb":"","color":""},{"label":"36","value":"EU 36","price":"","pimage":"","pimage_id":"","pthumb":"","color":"","selected":true},{"label":"36 2\/3","value":"EU 36 2\/3","price":"","pimage":"","pimage_id":"","pthumb":"","color":""},{"label":"37 1\/3","value":"EU 37 1\/3","price":"","pimage":"","pimage_id":"","pthumb":"","color":""},{"label":"38","value":"EU 38","price":"","pimage":"","pimage_id":"","pthumb":"","color":""},{"label":"38 2\/3","value":"EU 38 2\/3","price":"","pimage":"","pimage_id":"","pthumb":"","color":""},{"label":"39 1\/3","value":"EU 39 1\/3","price":"","pimage":"","pimage_id":"","pthumb":"","color":""},{"label":"40","value":"EU 40","price":"","pimage":"","pimage_id":"","pthumb":"","color":""},{"label":"40 2\/3","value":"EU 40 2\/3","price":"","pimage":"","pimage_id":"","pthumb":"","color":""},{"label":"41 1\/3","value":"EU 41 1\/3","price":"","pimage":"","pimage_id":"","pthumb":"","color":""},{"label":"42","value":"EU 42","price":"","pimage":"","pimage_id":"","pthumb":"","color":""},{"label":"42 2\/3","value":"EU 42 2\/3","price":"","pimage":"","pimage_id":"","pthumb":"","color":""},{"label":"43 1\/3","value":"EU 43 1\/3","price":"","pimage":"","pimage_id":"","pthumb":"","color":""},{"label":"44","value":"EU 44","price":"","pimage":"","pimage_id":"","pthumb":"","color":""},{"label":"44 2\/3","value":"EU 44 2\/3","price":"","pimage":"","pimage_id":"","pthumb":"","color":""},{"label":"45 1\/3","value":"EU 45 1\/3","price":"","pimage":"","pimage_id":"","pthumb":"","color":""},{"label":"46","value":"EU 46","price":"","pimage":"","pimage_id":"","pthumb":"","color":""},{"label":"46 2\/3","value":"EU 46 2\/3","price":"","pimage":"","pimage_id":"","pthumb":"","color":""},{"label":"47 1\/3","value":"EU 47 1\/3","price":"","pimage":"","pimage_id":"","pthumb":"","color":""}],"relations":[{"operator":false,"rules":[]}],"form_id":24802,"form_rules":{"pric_cal_option_once":false,"exclude_from_discount":false,"pric_use_as_fee":false,"fee_label":"Fee","render_after_acb":false,"disp_hide_options_price":false}}]},"yoast_head":"<!-- This site is optimized with the Yoast SEO plugin v26.5 - https:\/\/yoast.com\/wordpress\/plugins\/seo\/ -->\n<title>(Women) adidas Sambae &#039;Valentine&#039;s Day&#039; ID1104 - Tourcruiser PTE. LTD<\/title>\n<meta name=\"robots\" content=\"index, follow, max-snippet:-1, max-image-preview:large, max-video-preview:-1\" \/>\n<link rel=\"canonical\" href=\"https:\/\/tourcruiser.com\/de\/products\/women-adidas-sambae-valentines-day-id1104\/\" \/>\n<meta property=\"og:locale\" content=\"de_DE\" \/>\n<meta property=\"og:type\" content=\"article\" \/>\n<meta property=\"og:title\" content=\"(Women) adidas Sambae &#039;Valentine&#039;s Day&#039; ID1104 - Tourcruiser PTE. LTD\" \/>\n<meta property=\"og:description\" content=\"Feiere die Liebe am Valentinstag mit den exklusiven adidas Sambae \u00e2\u20ac\u017eValentinstag\u00e2\u20ac\u0153-Sneakers. Diese stylischen und bequemen Schuhe mit leuchtend rotem Herzprint auf klassischem wei\u00c3\u0178en Leder-Obermaterial sind das perfekte Geschenk f\u00c3\u00bcr deinen Liebsten oder eine sch\u00c3\u00b6ne Belohnung f\u00c3\u00bcr dich selbst. Die gepolsterte Innensohle und die strapazierf\u00c3\u00a4hige Gummisohle sorgen f\u00c3\u00bcr ganzt\u00c3\u00a4gigen Tragekomfort und Halt. Verleihe deinem Valentinstags-Look mit [&hellip;]\" \/>\n<meta property=\"og:url\" content=\"https:\/\/tourcruiser.com\/de\/products\/women-adidas-sambae-valentines-day-id1104\/\" \/>\n<meta property=\"og:site_name\" content=\"Tourcruiser Sneaker Store\" \/>\n<meta name=\"twitter:card\" content=\"summary_large_image\" \/>\n<meta name=\"twitter:image\" content=\"https:\/\/images.novelship.com\/product\/adidas_sambae__valentine_s_day__id1104_0_3335.png\" \/>\n<script type=\"application\/ld+json\" class=\"yoast-schema-graph\">{\"@context\":\"https:\/\/schema.org\",\"@graph\":[{\"@type\":\"WebPage\",\"@id\":\"https:\/\/tourcruiser.com\/de\/products\/women-adidas-sambae-valentines-day-id1104\/\",\"url\":\"https:\/\/tourcruiser.com\/de\/products\/women-adidas-sambae-valentines-day-id1104\/\",\"name\":\"(Women) adidas Sambae 'Valentine's Day' ID1104 - Tourcruiser PTE. LTD\",\"isPartOf\":{\"@id\":\"https:\/\/tourcruiser.com\/de\/#website\"},\"primaryImageOfPage\":{\"@id\":\"https:\/\/tourcruiser.com\/de\/products\/women-adidas-sambae-valentines-day-id1104\/#primaryimage\"},\"image\":{\"@id\":\"https:\/\/tourcruiser.com\/de\/products\/women-adidas-sambae-valentines-day-id1104\/#primaryimage\"},\"thumbnailUrl\":\"https:\/\/images.novelship.com\/product\/adidas_sambae__valentine_s_day__id1104_0_3335.png\",\"datePublished\":\"2026-03-21T05:03:41+00:00\",\"breadcrumb\":{\"@id\":\"https:\/\/tourcruiser.com\/de\/products\/women-adidas-sambae-valentines-day-id1104\/#breadcrumb\"},\"inLanguage\":\"de\",\"potentialAction\":[{\"@type\":\"ReadAction\",\"target\":[\"https:\/\/tourcruiser.com\/de\/products\/women-adidas-sambae-valentines-day-id1104\/\"]}]},{\"@type\":\"ImageObject\",\"inLanguage\":\"de\",\"@id\":\"https:\/\/tourcruiser.com\/de\/products\/women-adidas-sambae-valentines-day-id1104\/#primaryimage\",\"url\":\"https:\/\/images.novelship.com\/product\/adidas_sambae__valentine_s_day__id1104_0_3335.png\",\"contentUrl\":\"https:\/\/images.novelship.com\/product\/adidas_sambae__valentine_s_day__id1104_0_3335.png\"},{\"@type\":\"BreadcrumbList\",\"@id\":\"https:\/\/tourcruiser.com\/de\/products\/women-adidas-sambae-valentines-day-id1104\/#breadcrumb\",\"itemListElement\":[{\"@type\":\"ListItem\",\"position\":1,\"name\":\"Home\",\"item\":\"https:\/\/tourcruiser.com\/de\/\"},{\"@type\":\"ListItem\",\"position\":2,\"name\":\"Shop\",\"item\":\"https:\/\/tourcruiser.com\/de\/shop\/\"},{\"@type\":\"ListItem\",\"position\":3,\"name\":\"(Women) adidas Sambae 'Valentine's Day' ID1104\"}]},{\"@type\":\"WebSite\",\"@id\":\"https:\/\/tourcruiser.com\/de\/#website\",\"url\":\"https:\/\/tourcruiser.com\/de\/\",\"name\":\"Styloral Jewelry Shop\",\"description\":\"Tourcruiser Sneaker Store \u2014 der Ort, an dem das Universum deine Einzigartigkeit trifft.\",\"publisher\":{\"@id\":\"https:\/\/tourcruiser.com\/de\/#organization\"},\"potentialAction\":[{\"@type\":\"SearchAction\",\"target\":{\"@type\":\"EntryPoint\",\"urlTemplate\":\"https:\/\/tourcruiser.com\/de\/?s={search_term_string}\"},\"query-input\":{\"@type\":\"PropertyValueSpecification\",\"valueRequired\":true,\"valueName\":\"search_term_string\"}}],\"inLanguage\":\"de\"},{\"@type\":\"Organization\",\"@id\":\"https:\/\/tourcruiser.com\/de\/#organization\",\"name\":\"STYLORAL PTE. LTD\",\"url\":\"https:\/\/tourcruiser.com\/de\/\",\"logo\":{\"@type\":\"ImageObject\",\"inLanguage\":\"de\",\"@id\":\"https:\/\/tourcruiser.com\/de\/#\/schema\/logo\/image\/\",\"url\":\"https:\/\/www.tourcruiser.com\/wp-content\/uploads\/2025\/12\/logo.png\",\"contentUrl\":\"https:\/\/www.tourcruiser.com\/wp-content\/uploads\/2025\/12\/logo.png\",\"width\":200,\"height\":65,\"caption\":\"STYLORAL PTE. LTD\"},\"image\":{\"@id\":\"https:\/\/tourcruiser.com\/de\/#\/schema\/logo\/image\/\"}}]}<\/script>\n<!-- \/ Yoast SEO plugin. -->","yoast_head_json":{"title":"(Women) adidas Sambae 'Valentine's Day' ID1104 - Tourcruiser PTE. LTD","robots":{"index":"index","follow":"follow","max-snippet":"max-snippet:-1","max-image-preview":"max-image-preview:large","max-video-preview":"max-video-preview:-1"},"canonical":"https:\/\/tourcruiser.com\/de\/products\/women-adidas-sambae-valentines-day-id1104\/","og_locale":"de_DE","og_type":"article","og_title":"(Women) adidas Sambae 'Valentine's Day' ID1104 - Tourcruiser PTE. LTD","og_description":"Feiere die Liebe am Valentinstag mit den exklusiven adidas Sambae \u00e2\u20ac\u017eValentinstag\u00e2\u20ac\u0153-Sneakers. Diese stylischen und bequemen Schuhe mit leuchtend rotem Herzprint auf klassischem wei\u00c3\u0178en Leder-Obermaterial sind das perfekte Geschenk f\u00c3\u00bcr deinen Liebsten oder eine sch\u00c3\u00b6ne Belohnung f\u00c3\u00bcr dich selbst. Die gepolsterte Innensohle und die strapazierf\u00c3\u00a4hige Gummisohle sorgen f\u00c3\u00bcr ganzt\u00c3\u00a4gigen Tragekomfort und Halt. Verleihe deinem Valentinstags-Look mit [&hellip;]","og_url":"https:\/\/tourcruiser.com\/de\/products\/women-adidas-sambae-valentines-day-id1104\/","og_site_name":"Tourcruiser Sneaker Store","twitter_card":"summary_large_image","twitter_image":"https:\/\/images.novelship.com\/product\/adidas_sambae__valentine_s_day__id1104_0_3335.png","schema":{"@context":"https:\/\/schema.org","@graph":[{"@type":"WebPage","@id":"https:\/\/tourcruiser.com\/de\/products\/women-adidas-sambae-valentines-day-id1104\/","url":"https:\/\/tourcruiser.com\/de\/products\/women-adidas-sambae-valentines-day-id1104\/","name":"(Women) adidas Sambae 'Valentine's Day' ID1104 - Tourcruiser PTE. LTD","isPartOf":{"@id":"https:\/\/tourcruiser.com\/de\/#website"},"primaryImageOfPage":{"@id":"https:\/\/tourcruiser.com\/de\/products\/women-adidas-sambae-valentines-day-id1104\/#primaryimage"},"image":{"@id":"https:\/\/tourcruiser.com\/de\/products\/women-adidas-sambae-valentines-day-id1104\/#primaryimage"},"thumbnailUrl":"https:\/\/images.novelship.com\/product\/adidas_sambae__valentine_s_day__id1104_0_3335.png","datePublished":"2026-03-21T05:03:41+00:00","breadcrumb":{"@id":"https:\/\/tourcruiser.com\/de\/products\/women-adidas-sambae-valentines-day-id1104\/#breadcrumb"},"inLanguage":"de","potentialAction":[{"@type":"ReadAction","target":["https:\/\/tourcruiser.com\/de\/products\/women-adidas-sambae-valentines-day-id1104\/"]}]},{"@type":"ImageObject","inLanguage":"de","@id":"https:\/\/tourcruiser.com\/de\/products\/women-adidas-sambae-valentines-day-id1104\/#primaryimage","url":"https:\/\/images.novelship.com\/product\/adidas_sambae__valentine_s_day__id1104_0_3335.png","contentUrl":"https:\/\/images.novelship.com\/product\/adidas_sambae__valentine_s_day__id1104_0_3335.png"},{"@type":"BreadcrumbList","@id":"https:\/\/tourcruiser.com\/de\/products\/women-adidas-sambae-valentines-day-id1104\/#breadcrumb","itemListElement":[{"@type":"ListItem","position":1,"name":"Home","item":"https:\/\/tourcruiser.com\/de\/"},{"@type":"ListItem","position":2,"name":"Shop","item":"https:\/\/tourcruiser.com\/de\/shop\/"},{"@type":"ListItem","position":3,"name":"(Women) adidas Sambae 'Valentine's Day' ID1104"}]},{"@type":"WebSite","@id":"https:\/\/tourcruiser.com\/de\/#website","url":"https:\/\/tourcruiser.com\/de\/","name":"Styloral Jewelry Shop","description":"Tourcruiser Sneaker Store \u2014 der Ort, an dem das Universum deine Einzigartigkeit trifft.","publisher":{"@id":"https:\/\/tourcruiser.com\/de\/#organization"},"potentialAction":[{"@type":"SearchAction","target":{"@type":"EntryPoint","urlTemplate":"https:\/\/tourcruiser.com\/de\/?s={search_term_string}"},"query-input":{"@type":"PropertyValueSpecification","valueRequired":true,"valueName":"search_term_string"}}],"inLanguage":"de"},{"@type":"Organization","@id":"https:\/\/tourcruiser.com\/de\/#organization","name":"STYLORAL PTE. LTD","url":"https:\/\/tourcruiser.com\/de\/","logo":{"@type":"ImageObject","inLanguage":"de","@id":"https:\/\/tourcruiser.com\/de\/#\/schema\/logo\/image\/","url":"https:\/\/www.tourcruiser.com\/wp-content\/uploads\/2025\/12\/logo.png","contentUrl":"https:\/\/www.tourcruiser.com\/wp-content\/uploads\/2025\/12\/logo.png","width":200,"height":65,"caption":"STYLORAL PTE. LTD"},"image":{"@id":"https:\/\/tourcruiser.com\/de\/#\/schema\/logo\/image\/"}}]}},"_links":{"self":[{"href":"https:\/\/tourcruiser.com\/de\/wp-json\/wp\/v2\/product\/452207","targetHints":{"allow":["GET"]}}],"collection":[{"href":"https:\/\/tourcruiser.com\/de\/wp-json\/wp\/v2\/product"}],"about":[{"href":"https:\/\/tourcruiser.com\/de\/wp-json\/wp\/v2\/types\/product"}],"replies":[{"embeddable":true,"href":"https:\/\/tourcruiser.com\/de\/wp-json\/wp\/v2\/comments?post=452207"}],"wp:featuredmedia":[{"embeddable":true,"href":"https:\/\/tourcruiser.com\/de\/wp-json\/wp\/v2\/media\/452208"}],"wp:attachment":[{"href":"https:\/\/tourcruiser.com\/de\/wp-json\/wp\/v2\/media?parent=452207"}],"wp:term":[{"taxonomy":"product_brand","embeddable":true,"href":"https:\/\/tourcruiser.com\/de\/wp-json\/wp\/v2\/product_brand?post=452207"},{"taxonomy":"product_cat","embeddable":true,"href":"https:\/\/tourcruiser.com\/de\/wp-json\/wp\/v2\/product_cat?post=452207"},{"taxonomy":"product_tag","embeddable":true,"href":"https:\/\/tourcruiser.com\/de\/wp-json\/wp\/v2\/product_tag?post=452207"}],"curies":[{"name":"wp","href":"https:\/\/api.w.org\/{rel}","templated":true}]}}