{"id":451845,"date":"2026-03-21T12:03:28","date_gmt":"2026-03-21T05:03:28","guid":{"rendered":"http:\/\/tourcruiser.com\/product\/end-x-adidas-samba-consortium-cup-ie0167"},"modified":"2026-03-21T12:03:28","modified_gmt":"2026-03-21T05:03:28","slug":"end-x-adidas-samba-consortium-cup-ie0167","status":"publish","type":"product","link":"https:\/\/tourcruiser.com\/de\/products\/end-x-adidas-samba-consortium-cup-ie0167\/","title":{"rendered":"END. x adidas Samba &#8218;Consortium Cup&#8216; IE0167"},"content":{"rendered":"<p>Wir pr\u00c3\u00a4sentieren den END. x adidas Samba \u00e2\u20ac\u017eConsortium Cup\u00e2\u20ac\u0153 IE0167, einen limitierten Sneaker, der eine Hommage an ein legend\u00c3\u00a4res Fu\u00c3\u0178ballturnier darstellt. Gefertigt aus hochwertigen Materialien, besticht dieser Samba durch eine lebendige Farbpalette, inspiriert von Teamtrikots. Sein elegantes Design vereint klassische Samba-Details mit modernen Elementen und macht ihn zu einem echten Hingucker f\u00c3\u00bcr Fu\u00c3\u0178ballfans und modebewusste Menschen gleicherma\u00c3\u0178en. Erleben Sie die Verschmelzung von Tradition und Moderne mit END. x adidas Samba &#8218;Consortium Cup.&#8216;<\/p>\n<ul>\n<li><strong>Farbgebung:<\/strong> Ecru Tint\/Magic Beige<\/li>\n<li><strong>Artikelnummer:<\/strong> IE0167<\/li>\n<li><strong>Obermaterial:<\/strong> Wildleder<\/li>\n<li><strong>Farbe:<\/strong> Beige<\/li>\n<li><strong>Designer:<\/strong> null<\/li>\n<li><strong>Saison:<\/strong> null<\/li>\n<li><strong>Erscheinungsjahr:<\/strong> 2023<\/li>\n<\/ul>\n","protected":false},"excerpt":{"rendered":"<p>Wir pr\u00c3\u00a4sentieren den END. x adidas Samba \u00e2\u20ac\u017eConsortium Cup\u00e2\u20ac\u0153 IE0167, einen limitierten Sneaker, der eine Hommage an ein legend\u00c3\u00a4res Fu\u00c3\u0178ballturnier darstellt. Gefertigt aus hochwertigen Materialien, besticht dieser Samba durch eine lebendige Farbpalette, inspiriert von Teamtrikots. Sein elegantes Design vereint klassische Samba-Details mit modernen Elementen und macht ihn zu einem echten Hingucker f\u00c3\u00bcr Fu\u00c3\u0178ballfans und modebewusste [&hellip;]<\/p>\n","protected":false},"featured_media":451846,"comment_status":"open","ping_status":"closed","template":"","meta":[],"product_brand":[],"product_cat":[10760,39039,38842,39643],"product_tag":[10759,10749,10750,10753,10754,10755,10756],"class_list":{"0":"post-451845","1":"product","2":"type-product","3":"status-publish","4":"has-post-thumbnail","6":"product_cat-adidas","7":"product_cat-lifestyle-shoes-soccer-inspired","8":"product_cat-gender-men","9":"product_cat-adidas-samba-consortium-cup","10":"product_tag-adidas","11":"product_tag-adidas-skateboarding-shoes","12":"product_tag-athleisure-shoes","13":"product_tag-gift-for-him","14":"product_tag-lifestyle-casual-shoes","15":"product_tag-lifestyle-shoes-soccer-inspired","16":"product_tag-retro-casual-shoes","17":"wcpa_has_options","19":"first","20":"instock","21":"taxable","22":"shipping-taxable","23":"purchasable","24":"product-type-simple"},"wcpa_form_fields":{"rules":{"pric_overide_base_price":false,"pric_overide_base_price_if_gt_zero":false,"pric_overide_base_price_fully":false,"pric_cal_option_once":false,"pric_use_as_fee":false,"bind_quantity":false,"quantity_bind_formula":false},"fields":[{"type":"color-group","required":true,"elementId":"wcpa-color-group-66c4a7f817afe","label":"Gr\u00f6\u00dfe","inline":true,"priceOptions":"different_for_all","pricingType":"fixed","className":"hassizechart product-shoes-size-eu product-shoes-size","name":"color-group-66c4a7f817b18","disp_type":"square","selection_type":"tick-border","disp_size":"50","show_label_inside":true,"adjust_width":true,"cart_display_type":"text","other_text":"Other","cl_rule":"show","col":6,"values":[{"label":"35","value":"EU 35","price":"","pimage":"","pimage_id":"","pthumb":"","color":""},{"label":"35.5","value":"EU 35.5","price":"","pimage":"","pimage_id":"","pthumb":"","color":""},{"label":"36","value":"EU 36","price":"","pimage":"","pimage_id":"","pthumb":"","color":"","selected":true},{"label":"36 2\/3","value":"EU 36 2\/3","price":"","pimage":"","pimage_id":"","pthumb":"","color":""},{"label":"37 1\/3","value":"EU 37 1\/3","price":"","pimage":"","pimage_id":"","pthumb":"","color":""},{"label":"38","value":"EU 38","price":"","pimage":"","pimage_id":"","pthumb":"","color":""},{"label":"38 2\/3","value":"EU 38 2\/3","price":"","pimage":"","pimage_id":"","pthumb":"","color":""},{"label":"39 1\/3","value":"EU 39 1\/3","price":"","pimage":"","pimage_id":"","pthumb":"","color":""},{"label":"40","value":"EU 40","price":"","pimage":"","pimage_id":"","pthumb":"","color":""},{"label":"40 2\/3","value":"EU 40 2\/3","price":"","pimage":"","pimage_id":"","pthumb":"","color":""},{"label":"41 1\/3","value":"EU 41 1\/3","price":"","pimage":"","pimage_id":"","pthumb":"","color":""},{"label":"42","value":"EU 42","price":"","pimage":"","pimage_id":"","pthumb":"","color":""},{"label":"42 2\/3","value":"EU 42 2\/3","price":"","pimage":"","pimage_id":"","pthumb":"","color":""},{"label":"43 1\/3","value":"EU 43 1\/3","price":"","pimage":"","pimage_id":"","pthumb":"","color":""},{"label":"44","value":"EU 44","price":"","pimage":"","pimage_id":"","pthumb":"","color":""},{"label":"44 2\/3","value":"EU 44 2\/3","price":"","pimage":"","pimage_id":"","pthumb":"","color":""},{"label":"45 1\/3","value":"EU 45 1\/3","price":"","pimage":"","pimage_id":"","pthumb":"","color":""},{"label":"46","value":"EU 46","price":"","pimage":"","pimage_id":"","pthumb":"","color":""},{"label":"46 2\/3","value":"EU 46 2\/3","price":"","pimage":"","pimage_id":"","pthumb":"","color":""},{"label":"47 1\/3","value":"EU 47 1\/3","price":"","pimage":"","pimage_id":"","pthumb":"","color":""}],"relations":[{"operator":false,"rules":[]}],"form_id":24802,"form_rules":{"pric_cal_option_once":false,"exclude_from_discount":false,"pric_use_as_fee":false,"fee_label":"Fee","render_after_acb":false,"disp_hide_options_price":false}}]},"yoast_head":"<!-- This site is optimized with the Yoast SEO plugin v26.5 - https:\/\/yoast.com\/wordpress\/plugins\/seo\/ -->\n<title>END. x adidas Samba &#039;Consortium Cup&#039; IE0167 - Tourcruiser PTE. LTD<\/title>\n<meta name=\"robots\" content=\"index, follow, max-snippet:-1, max-image-preview:large, max-video-preview:-1\" \/>\n<link rel=\"canonical\" href=\"https:\/\/tourcruiser.com\/de\/products\/end-x-adidas-samba-consortium-cup-ie0167\/\" \/>\n<meta property=\"og:locale\" content=\"de_DE\" \/>\n<meta property=\"og:type\" content=\"article\" \/>\n<meta property=\"og:title\" content=\"END. x adidas Samba &#039;Consortium Cup&#039; IE0167 - Tourcruiser PTE. LTD\" \/>\n<meta property=\"og:description\" content=\"Wir pr\u00c3\u00a4sentieren den END. x adidas Samba \u00e2\u20ac\u017eConsortium Cup\u00e2\u20ac\u0153 IE0167, einen limitierten Sneaker, der eine Hommage an ein legend\u00c3\u00a4res Fu\u00c3\u0178ballturnier darstellt. Gefertigt aus hochwertigen Materialien, besticht dieser Samba durch eine lebendige Farbpalette, inspiriert von Teamtrikots. Sein elegantes Design vereint klassische Samba-Details mit modernen Elementen und macht ihn zu einem echten Hingucker f\u00c3\u00bcr Fu\u00c3\u0178ballfans und modebewusste [&hellip;]\" \/>\n<meta property=\"og:url\" content=\"https:\/\/tourcruiser.com\/de\/products\/end-x-adidas-samba-consortium-cup-ie0167\/\" \/>\n<meta property=\"og:site_name\" content=\"Tourcruiser Sneaker Store\" \/>\n<meta name=\"twitter:card\" content=\"summary_large_image\" \/>\n<meta name=\"twitter:image\" content=\"https:\/\/images.novelship.com\/product\/end__x_adidas_samba__consortium_cup__ie0167_0_67854.jpeg\" \/>\n<script type=\"application\/ld+json\" class=\"yoast-schema-graph\">{\"@context\":\"https:\/\/schema.org\",\"@graph\":[{\"@type\":\"WebPage\",\"@id\":\"https:\/\/tourcruiser.com\/de\/products\/end-x-adidas-samba-consortium-cup-ie0167\/\",\"url\":\"https:\/\/tourcruiser.com\/de\/products\/end-x-adidas-samba-consortium-cup-ie0167\/\",\"name\":\"END. x adidas Samba 'Consortium Cup' IE0167 - Tourcruiser PTE. LTD\",\"isPartOf\":{\"@id\":\"https:\/\/tourcruiser.com\/de\/#website\"},\"primaryImageOfPage\":{\"@id\":\"https:\/\/tourcruiser.com\/de\/products\/end-x-adidas-samba-consortium-cup-ie0167\/#primaryimage\"},\"image\":{\"@id\":\"https:\/\/tourcruiser.com\/de\/products\/end-x-adidas-samba-consortium-cup-ie0167\/#primaryimage\"},\"thumbnailUrl\":\"https:\/\/images.novelship.com\/product\/end__x_adidas_samba__consortium_cup__ie0167_0_67854.jpeg\",\"datePublished\":\"2026-03-21T05:03:28+00:00\",\"breadcrumb\":{\"@id\":\"https:\/\/tourcruiser.com\/de\/products\/end-x-adidas-samba-consortium-cup-ie0167\/#breadcrumb\"},\"inLanguage\":\"de\",\"potentialAction\":[{\"@type\":\"ReadAction\",\"target\":[\"https:\/\/tourcruiser.com\/de\/products\/end-x-adidas-samba-consortium-cup-ie0167\/\"]}]},{\"@type\":\"ImageObject\",\"inLanguage\":\"de\",\"@id\":\"https:\/\/tourcruiser.com\/de\/products\/end-x-adidas-samba-consortium-cup-ie0167\/#primaryimage\",\"url\":\"https:\/\/images.novelship.com\/product\/end__x_adidas_samba__consortium_cup__ie0167_0_67854.jpeg\",\"contentUrl\":\"https:\/\/images.novelship.com\/product\/end__x_adidas_samba__consortium_cup__ie0167_0_67854.jpeg\"},{\"@type\":\"BreadcrumbList\",\"@id\":\"https:\/\/tourcruiser.com\/de\/products\/end-x-adidas-samba-consortium-cup-ie0167\/#breadcrumb\",\"itemListElement\":[{\"@type\":\"ListItem\",\"position\":1,\"name\":\"Home\",\"item\":\"https:\/\/tourcruiser.com\/de\/\"},{\"@type\":\"ListItem\",\"position\":2,\"name\":\"Shop\",\"item\":\"https:\/\/tourcruiser.com\/de\/shop\/\"},{\"@type\":\"ListItem\",\"position\":3,\"name\":\"END. x adidas Samba 'Consortium Cup' IE0167\"}]},{\"@type\":\"WebSite\",\"@id\":\"https:\/\/tourcruiser.com\/de\/#website\",\"url\":\"https:\/\/tourcruiser.com\/de\/\",\"name\":\"Styloral Jewelry Shop\",\"description\":\"Tourcruiser Sneaker Store \u2014 der Ort, an dem das Universum deine Einzigartigkeit trifft.\",\"publisher\":{\"@id\":\"https:\/\/tourcruiser.com\/de\/#organization\"},\"potentialAction\":[{\"@type\":\"SearchAction\",\"target\":{\"@type\":\"EntryPoint\",\"urlTemplate\":\"https:\/\/tourcruiser.com\/de\/?s={search_term_string}\"},\"query-input\":{\"@type\":\"PropertyValueSpecification\",\"valueRequired\":true,\"valueName\":\"search_term_string\"}}],\"inLanguage\":\"de\"},{\"@type\":\"Organization\",\"@id\":\"https:\/\/tourcruiser.com\/de\/#organization\",\"name\":\"STYLORAL PTE. LTD\",\"url\":\"https:\/\/tourcruiser.com\/de\/\",\"logo\":{\"@type\":\"ImageObject\",\"inLanguage\":\"de\",\"@id\":\"https:\/\/tourcruiser.com\/de\/#\/schema\/logo\/image\/\",\"url\":\"https:\/\/www.tourcruiser.com\/wp-content\/uploads\/2025\/12\/logo.png\",\"contentUrl\":\"https:\/\/www.tourcruiser.com\/wp-content\/uploads\/2025\/12\/logo.png\",\"width\":200,\"height\":65,\"caption\":\"STYLORAL PTE. LTD\"},\"image\":{\"@id\":\"https:\/\/tourcruiser.com\/de\/#\/schema\/logo\/image\/\"}}]}<\/script>\n<!-- \/ Yoast SEO plugin. -->","yoast_head_json":{"title":"END. x adidas Samba 'Consortium Cup' IE0167 - Tourcruiser PTE. LTD","robots":{"index":"index","follow":"follow","max-snippet":"max-snippet:-1","max-image-preview":"max-image-preview:large","max-video-preview":"max-video-preview:-1"},"canonical":"https:\/\/tourcruiser.com\/de\/products\/end-x-adidas-samba-consortium-cup-ie0167\/","og_locale":"de_DE","og_type":"article","og_title":"END. x adidas Samba 'Consortium Cup' IE0167 - Tourcruiser PTE. LTD","og_description":"Wir pr\u00c3\u00a4sentieren den END. x adidas Samba \u00e2\u20ac\u017eConsortium Cup\u00e2\u20ac\u0153 IE0167, einen limitierten Sneaker, der eine Hommage an ein legend\u00c3\u00a4res Fu\u00c3\u0178ballturnier darstellt. Gefertigt aus hochwertigen Materialien, besticht dieser Samba durch eine lebendige Farbpalette, inspiriert von Teamtrikots. Sein elegantes Design vereint klassische Samba-Details mit modernen Elementen und macht ihn zu einem echten Hingucker f\u00c3\u00bcr Fu\u00c3\u0178ballfans und modebewusste [&hellip;]","og_url":"https:\/\/tourcruiser.com\/de\/products\/end-x-adidas-samba-consortium-cup-ie0167\/","og_site_name":"Tourcruiser Sneaker Store","twitter_card":"summary_large_image","twitter_image":"https:\/\/images.novelship.com\/product\/end__x_adidas_samba__consortium_cup__ie0167_0_67854.jpeg","schema":{"@context":"https:\/\/schema.org","@graph":[{"@type":"WebPage","@id":"https:\/\/tourcruiser.com\/de\/products\/end-x-adidas-samba-consortium-cup-ie0167\/","url":"https:\/\/tourcruiser.com\/de\/products\/end-x-adidas-samba-consortium-cup-ie0167\/","name":"END. x adidas Samba 'Consortium Cup' IE0167 - Tourcruiser PTE. LTD","isPartOf":{"@id":"https:\/\/tourcruiser.com\/de\/#website"},"primaryImageOfPage":{"@id":"https:\/\/tourcruiser.com\/de\/products\/end-x-adidas-samba-consortium-cup-ie0167\/#primaryimage"},"image":{"@id":"https:\/\/tourcruiser.com\/de\/products\/end-x-adidas-samba-consortium-cup-ie0167\/#primaryimage"},"thumbnailUrl":"https:\/\/images.novelship.com\/product\/end__x_adidas_samba__consortium_cup__ie0167_0_67854.jpeg","datePublished":"2026-03-21T05:03:28+00:00","breadcrumb":{"@id":"https:\/\/tourcruiser.com\/de\/products\/end-x-adidas-samba-consortium-cup-ie0167\/#breadcrumb"},"inLanguage":"de","potentialAction":[{"@type":"ReadAction","target":["https:\/\/tourcruiser.com\/de\/products\/end-x-adidas-samba-consortium-cup-ie0167\/"]}]},{"@type":"ImageObject","inLanguage":"de","@id":"https:\/\/tourcruiser.com\/de\/products\/end-x-adidas-samba-consortium-cup-ie0167\/#primaryimage","url":"https:\/\/images.novelship.com\/product\/end__x_adidas_samba__consortium_cup__ie0167_0_67854.jpeg","contentUrl":"https:\/\/images.novelship.com\/product\/end__x_adidas_samba__consortium_cup__ie0167_0_67854.jpeg"},{"@type":"BreadcrumbList","@id":"https:\/\/tourcruiser.com\/de\/products\/end-x-adidas-samba-consortium-cup-ie0167\/#breadcrumb","itemListElement":[{"@type":"ListItem","position":1,"name":"Home","item":"https:\/\/tourcruiser.com\/de\/"},{"@type":"ListItem","position":2,"name":"Shop","item":"https:\/\/tourcruiser.com\/de\/shop\/"},{"@type":"ListItem","position":3,"name":"END. x adidas Samba 'Consortium Cup' IE0167"}]},{"@type":"WebSite","@id":"https:\/\/tourcruiser.com\/de\/#website","url":"https:\/\/tourcruiser.com\/de\/","name":"Styloral Jewelry Shop","description":"Tourcruiser Sneaker Store \u2014 der Ort, an dem das Universum deine Einzigartigkeit trifft.","publisher":{"@id":"https:\/\/tourcruiser.com\/de\/#organization"},"potentialAction":[{"@type":"SearchAction","target":{"@type":"EntryPoint","urlTemplate":"https:\/\/tourcruiser.com\/de\/?s={search_term_string}"},"query-input":{"@type":"PropertyValueSpecification","valueRequired":true,"valueName":"search_term_string"}}],"inLanguage":"de"},{"@type":"Organization","@id":"https:\/\/tourcruiser.com\/de\/#organization","name":"STYLORAL PTE. LTD","url":"https:\/\/tourcruiser.com\/de\/","logo":{"@type":"ImageObject","inLanguage":"de","@id":"https:\/\/tourcruiser.com\/de\/#\/schema\/logo\/image\/","url":"https:\/\/www.tourcruiser.com\/wp-content\/uploads\/2025\/12\/logo.png","contentUrl":"https:\/\/www.tourcruiser.com\/wp-content\/uploads\/2025\/12\/logo.png","width":200,"height":65,"caption":"STYLORAL PTE. LTD"},"image":{"@id":"https:\/\/tourcruiser.com\/de\/#\/schema\/logo\/image\/"}}]}},"_links":{"self":[{"href":"https:\/\/tourcruiser.com\/de\/wp-json\/wp\/v2\/product\/451845","targetHints":{"allow":["GET"]}}],"collection":[{"href":"https:\/\/tourcruiser.com\/de\/wp-json\/wp\/v2\/product"}],"about":[{"href":"https:\/\/tourcruiser.com\/de\/wp-json\/wp\/v2\/types\/product"}],"replies":[{"embeddable":true,"href":"https:\/\/tourcruiser.com\/de\/wp-json\/wp\/v2\/comments?post=451845"}],"wp:featuredmedia":[{"embeddable":true,"href":"https:\/\/tourcruiser.com\/de\/wp-json\/wp\/v2\/media\/451846"}],"wp:attachment":[{"href":"https:\/\/tourcruiser.com\/de\/wp-json\/wp\/v2\/media?parent=451845"}],"wp:term":[{"taxonomy":"product_brand","embeddable":true,"href":"https:\/\/tourcruiser.com\/de\/wp-json\/wp\/v2\/product_brand?post=451845"},{"taxonomy":"product_cat","embeddable":true,"href":"https:\/\/tourcruiser.com\/de\/wp-json\/wp\/v2\/product_cat?post=451845"},{"taxonomy":"product_tag","embeddable":true,"href":"https:\/\/tourcruiser.com\/de\/wp-json\/wp\/v2\/product_tag?post=451845"}],"curies":[{"name":"wp","href":"https:\/\/api.w.org\/{rel}","templated":true}]}}