{"id":45166,"date":"2026-03-02T15:01:00","date_gmt":"2026-03-02T08:01:00","guid":{"rendered":"http:\/\/tourcruiser.com\/product\/adidas-handball-spezial-preloved-red"},"modified":"2026-03-28T00:53:38","modified_gmt":"2026-03-27T17:53:38","slug":"adidas-handball-spezial-preloved-red","status":"publish","type":"product","link":"https:\/\/tourcruiser.com\/de\/products\/adidas-handball-spezial-preloved-red\/","title":{"rendered":"adidas Handball Spezial &#8218;Preloved Red&#8216;"},"content":{"rendered":"<p>Mit dem adidas Handball Spezial &#8218;Preloved Red&#8216; IG6191, der Retro-Design und moderne Funktionalit\u00e4t perfekt vereint, steigerst du Style und Performance. Urspr\u00fcnglich f\u00fcr Handballpl\u00e4tze entwickelt, ist diese ikonische Silhouette zu einem zeitlosen Klassiker f\u00fcr Sneaker-Fans weltweit geworden. Die Farbgebung &#8218;Preloved Red&#8216; sorgt f\u00fcr einen frischen Farbtupfer in leuchtendem Rot, erg\u00e4nzt durch hochwertiges Wildleder-Obermaterial, das bei jedem Schritt Eleganz ausstrahlt. Dank der reaktionsfreudigen Gummisohle und der gepolsterten Innensohle bieten diese Sneaker dauerhaften Tragekomfort f\u00fcr Alltag und Sport. Die charakteristischen drei Streifen und das gepr\u00e4gte adidas-Logo unterstreichen die Tradition und verleihen dem Schuh gleichzeitig einen markanten, urbanen Look. Der vielseitige Handball Spezial l\u00e4sst sich nahtlos vom Sport in den Alltag integrieren und sorgt daf\u00fcr, dass du \u00fcberall ein Statement setzt. Mit seiner Kombination aus erstklassiger Verarbeitung und auff\u00e4lligem Design verk\u00f6rpert dieser Sneaker adidas&#8216; Engagement f\u00fcr Qualit\u00e4t und Innovation. Der \u201ePreloved Red\u201c ist f\u00fcr jede Jahreszeit und jeden Anlass geeignet und ein Must-have f\u00fcr alle, die Wert auf Stil, Komfort und Performance in einem Premium-Paket legen. Trage stolz ein St\u00fcck Geschichte und genie\u00dfe gleichzeitig modernen Tragekomfort mit dem adidas Handball Spezial \u201ePreloved Red\u201c IG6191.<\/p>\n<ul>\n<li><strong>Farbgebung:<\/strong> Preloved Red\/Cream White\/Crystal White<\/li>\n<li><strong>Style-Code:<\/strong> IG6191<\/li>\n<li><strong>Obermaterial:<\/strong> Veloursleder<\/li>\n<li><strong>Farbe:<\/strong> Orange<\/li>\n<\/ul>\n","protected":false},"excerpt":{"rendered":"<p>adidas Handball Spezial \u201d\u201d Preloved Red\/Cream White\/Crystal White<\/p>\n","protected":false},"featured_media":45167,"comment_status":"open","ping_status":"closed","template":"","meta":[],"product_brand":[],"product_cat":[10760],"product_tag":[10759,10750,10753,10754,10949,10756,10758],"class_list":{"0":"post-45166","1":"product","2":"type-product","3":"status-publish","4":"has-post-thumbnail","6":"product_cat-adidas","7":"product_tag-adidas","8":"product_tag-athleisure-shoes","9":"product_tag-gift-for-him","10":"product_tag-lifestyle-casual-shoes","11":"product_tag-lifestyle-shoes-handball-inspired","12":"product_tag-retro-casual-shoes","13":"product_tag-under-retail","14":"wcpa_has_options","16":"first","17":"outofstock","18":"taxable","19":"shipping-taxable","20":"purchasable","21":"product-type-simple"},"wcpa_form_fields":{"rules":{"pric_overide_base_price":false,"pric_overide_base_price_if_gt_zero":false,"pric_overide_base_price_fully":false,"pric_cal_option_once":false,"pric_use_as_fee":false,"bind_quantity":false,"quantity_bind_formula":false},"fields":[{"type":"color-group","required":true,"elementId":"wcpa-color-group-66c4a7f817afe","label":"Gr\u00f6\u00dfe","inline":true,"priceOptions":"different_for_all","pricingType":"fixed","className":"hassizechart product-shoes-size-eu product-shoes-size","name":"color-group-66c4a7f817b18","disp_type":"square","selection_type":"tick-border","disp_size":"50","show_label_inside":true,"adjust_width":true,"cart_display_type":"text","other_text":"Other","cl_rule":"show","col":6,"values":[{"label":"35","value":"EU 35","price":"","pimage":"","pimage_id":"","pthumb":"","color":""},{"label":"35.5","value":"EU 35.5","price":"","pimage":"","pimage_id":"","pthumb":"","color":""},{"label":"36","value":"EU 36","price":"","pimage":"","pimage_id":"","pthumb":"","color":"","selected":true},{"label":"36 2\/3","value":"EU 36 2\/3","price":"","pimage":"","pimage_id":"","pthumb":"","color":""},{"label":"37 1\/3","value":"EU 37 1\/3","price":"","pimage":"","pimage_id":"","pthumb":"","color":""},{"label":"38","value":"EU 38","price":"","pimage":"","pimage_id":"","pthumb":"","color":""},{"label":"38 2\/3","value":"EU 38 2\/3","price":"","pimage":"","pimage_id":"","pthumb":"","color":""},{"label":"39 1\/3","value":"EU 39 1\/3","price":"","pimage":"","pimage_id":"","pthumb":"","color":""},{"label":"40","value":"EU 40","price":"","pimage":"","pimage_id":"","pthumb":"","color":""},{"label":"40 2\/3","value":"EU 40 2\/3","price":"","pimage":"","pimage_id":"","pthumb":"","color":""},{"label":"41 1\/3","value":"EU 41 1\/3","price":"","pimage":"","pimage_id":"","pthumb":"","color":""},{"label":"42","value":"EU 42","price":"","pimage":"","pimage_id":"","pthumb":"","color":""},{"label":"42 2\/3","value":"EU 42 2\/3","price":"","pimage":"","pimage_id":"","pthumb":"","color":""},{"label":"43 1\/3","value":"EU 43 1\/3","price":"","pimage":"","pimage_id":"","pthumb":"","color":""},{"label":"44","value":"EU 44","price":"","pimage":"","pimage_id":"","pthumb":"","color":""},{"label":"44 2\/3","value":"EU 44 2\/3","price":"","pimage":"","pimage_id":"","pthumb":"","color":""},{"label":"45 1\/3","value":"EU 45 1\/3","price":"","pimage":"","pimage_id":"","pthumb":"","color":""},{"label":"46","value":"EU 46","price":"","pimage":"","pimage_id":"","pthumb":"","color":""},{"label":"46 2\/3","value":"EU 46 2\/3","price":"","pimage":"","pimage_id":"","pthumb":"","color":""},{"label":"47 1\/3","value":"EU 47 1\/3","price":"","pimage":"","pimage_id":"","pthumb":"","color":""}],"relations":[{"operator":false,"rules":[]}],"form_id":24802,"form_rules":{"pric_cal_option_once":false,"exclude_from_discount":false,"pric_use_as_fee":false,"fee_label":"Fee","render_after_acb":false,"disp_hide_options_price":false}}]},"yoast_head":"<!-- This site is optimized with the Yoast SEO plugin v26.5 - https:\/\/yoast.com\/wordpress\/plugins\/seo\/ -->\n<title>adidas Handball Spezial &#039;Preloved Red&#039;  - Tourcruiser PTE. LTD<\/title>\n<meta name=\"robots\" content=\"index, follow, max-snippet:-1, max-image-preview:large, max-video-preview:-1\" \/>\n<link rel=\"canonical\" href=\"https:\/\/tourcruiser.com\/de\/products\/adidas-handball-spezial-preloved-red\/\" \/>\n<meta property=\"og:locale\" content=\"de_DE\" \/>\n<meta property=\"og:type\" content=\"article\" \/>\n<meta property=\"og:title\" content=\"adidas Handball Spezial &#039;Preloved Red&#039;  - Tourcruiser PTE. LTD\" \/>\n<meta property=\"og:description\" content=\"adidas Handball Spezial \u201d\u201d Preloved Red\/Cream White\/Crystal White\" \/>\n<meta property=\"og:url\" content=\"https:\/\/tourcruiser.com\/de\/products\/adidas-handball-spezial-preloved-red\/\" \/>\n<meta property=\"og:site_name\" content=\"Tourcruiser Sneaker Store\" \/>\n<meta property=\"article:modified_time\" content=\"2026-03-27T17:53:38+00:00\" \/>\n<meta name=\"twitter:card\" content=\"summary_large_image\" \/>\n<meta name=\"twitter:image\" content=\"https:\/\/images.novelship.com\/product\/adidas_handball_spezial__preloved_red__ig6191_0_93250.jpeg;https:\/\/images.novelship.com\/product\/adidas_handball_spezial__preloved_red__ig6191_1_93250.jpeg;https:\/\/images.novelship.com\/product\/adidas_handball_spezial__preloved_red__ig6191_2_93250.jpeg;https:\/\/images.novelship.com\/product\/adidas_handball_spezial__preloved_red__ig6191_3_93250.jpeg;https:\/\/images.novelship.com\/product\/adidas_handball_spezial__preloved_red__ig6191_4_93250.jpeg;https:\/\/images.novelship.com\/product\/adidas_handball_spezial__preloved_red__ig6191_5_93250.jpeg;https:\/\/images.novelship.com\/product\/adidas_handball_spezial__preloved_red__ig6191_6_93250.jpeg;https:\/\/images.novelship.com\/product\/adidas_handball_spezial__preloved_red__ig6191_7_93250.jpeg;https:\/\/images.novelship.com\/product\/adidas_handball_spezial__preloved_red__ig6191_8_93250.jpeg;https:\/\/images.novelship.com\/product\/adidas_handball_spezial__preloved_red__ig6191_9_93250.jpeg;https:\/\/images.novelship.com\/product\/adidas_handball_spezial__preloved_red__ig6191_10_93250.jpeg\" \/>\n<meta name=\"twitter:label1\" content=\"Gesch\u00e4tzte Lesezeit\" \/>\n\t<meta name=\"twitter:data1\" content=\"1\u00a0Minute\" \/>\n<script type=\"application\/ld+json\" class=\"yoast-schema-graph\">{\"@context\":\"https:\/\/schema.org\",\"@graph\":[{\"@type\":\"WebPage\",\"@id\":\"https:\/\/tourcruiser.com\/de\/products\/adidas-handball-spezial-preloved-red\/\",\"url\":\"https:\/\/tourcruiser.com\/de\/products\/adidas-handball-spezial-preloved-red\/\",\"name\":\"adidas Handball Spezial 'Preloved Red' - Tourcruiser PTE. LTD\",\"isPartOf\":{\"@id\":\"https:\/\/tourcruiser.com\/de\/#website\"},\"primaryImageOfPage\":{\"@id\":\"https:\/\/tourcruiser.com\/de\/products\/adidas-handball-spezial-preloved-red\/#primaryimage\"},\"image\":{\"@id\":\"https:\/\/tourcruiser.com\/de\/products\/adidas-handball-spezial-preloved-red\/#primaryimage\"},\"thumbnailUrl\":\"https:\/\/images.novelship.com\/product\/adidas_handball_spezial__preloved_red__ig6191_0_93250.jpeg;https:\/\/images.novelship.com\/product\/adidas_handball_spezial__preloved_red__ig6191_1_93250.jpeg;https:\/\/images.novelship.com\/product\/adidas_handball_spezial__preloved_red__ig6191_2_93250.jpeg;https:\/\/images.novelship.com\/product\/adidas_handball_spezial__preloved_red__ig6191_3_93250.jpeg;https:\/\/images.novelship.com\/product\/adidas_handball_spezial__preloved_red__ig6191_4_93250.jpeg;https:\/\/images.novelship.com\/product\/adidas_handball_spezial__preloved_red__ig6191_5_93250.jpeg;https:\/\/images.novelship.com\/product\/adidas_handball_spezial__preloved_red__ig6191_6_93250.jpeg;https:\/\/images.novelship.com\/product\/adidas_handball_spezial__preloved_red__ig6191_7_93250.jpeg;https:\/\/images.novelship.com\/product\/adidas_handball_spezial__preloved_red__ig6191_8_93250.jpeg;https:\/\/images.novelship.com\/product\/adidas_handball_spezial__preloved_red__ig6191_9_93250.jpeg;https:\/\/images.novelship.com\/product\/adidas_handball_spezial__preloved_red__ig6191_10_93250.jpeg\",\"datePublished\":\"2026-03-02T08:01:00+00:00\",\"dateModified\":\"2026-03-27T17:53:38+00:00\",\"breadcrumb\":{\"@id\":\"https:\/\/tourcruiser.com\/de\/products\/adidas-handball-spezial-preloved-red\/#breadcrumb\"},\"inLanguage\":\"de\",\"potentialAction\":[{\"@type\":\"ReadAction\",\"target\":[\"https:\/\/tourcruiser.com\/de\/products\/adidas-handball-spezial-preloved-red\/\"]}]},{\"@type\":\"ImageObject\",\"inLanguage\":\"de\",\"@id\":\"https:\/\/tourcruiser.com\/de\/products\/adidas-handball-spezial-preloved-red\/#primaryimage\",\"url\":\"https:\/\/images.novelship.com\/product\/adidas_handball_spezial__preloved_red__ig6191_0_93250.jpeg;https:\/\/images.novelship.com\/product\/adidas_handball_spezial__preloved_red__ig6191_1_93250.jpeg;https:\/\/images.novelship.com\/product\/adidas_handball_spezial__preloved_red__ig6191_2_93250.jpeg;https:\/\/images.novelship.com\/product\/adidas_handball_spezial__preloved_red__ig6191_3_93250.jpeg;https:\/\/images.novelship.com\/product\/adidas_handball_spezial__preloved_red__ig6191_4_93250.jpeg;https:\/\/images.novelship.com\/product\/adidas_handball_spezial__preloved_red__ig6191_5_93250.jpeg;https:\/\/images.novelship.com\/product\/adidas_handball_spezial__preloved_red__ig6191_6_93250.jpeg;https:\/\/images.novelship.com\/product\/adidas_handball_spezial__preloved_red__ig6191_7_93250.jpeg;https:\/\/images.novelship.com\/product\/adidas_handball_spezial__preloved_red__ig6191_8_93250.jpeg;https:\/\/images.novelship.com\/product\/adidas_handball_spezial__preloved_red__ig6191_9_93250.jpeg;https:\/\/images.novelship.com\/product\/adidas_handball_spezial__preloved_red__ig6191_10_93250.jpeg\",\"contentUrl\":\"https:\/\/images.novelship.com\/product\/adidas_handball_spezial__preloved_red__ig6191_0_93250.jpeg;https:\/\/images.novelship.com\/product\/adidas_handball_spezial__preloved_red__ig6191_1_93250.jpeg;https:\/\/images.novelship.com\/product\/adidas_handball_spezial__preloved_red__ig6191_2_93250.jpeg;https:\/\/images.novelship.com\/product\/adidas_handball_spezial__preloved_red__ig6191_3_93250.jpeg;https:\/\/images.novelship.com\/product\/adidas_handball_spezial__preloved_red__ig6191_4_93250.jpeg;https:\/\/images.novelship.com\/product\/adidas_handball_spezial__preloved_red__ig6191_5_93250.jpeg;https:\/\/images.novelship.com\/product\/adidas_handball_spezial__preloved_red__ig6191_6_93250.jpeg;https:\/\/images.novelship.com\/product\/adidas_handball_spezial__preloved_red__ig6191_7_93250.jpeg;https:\/\/images.novelship.com\/product\/adidas_handball_spezial__preloved_red__ig6191_8_93250.jpeg;https:\/\/images.novelship.com\/product\/adidas_handball_spezial__preloved_red__ig6191_9_93250.jpeg;https:\/\/images.novelship.com\/product\/adidas_handball_spezial__preloved_red__ig6191_10_93250.jpeg\"},{\"@type\":\"BreadcrumbList\",\"@id\":\"https:\/\/tourcruiser.com\/de\/products\/adidas-handball-spezial-preloved-red\/#breadcrumb\",\"itemListElement\":[{\"@type\":\"ListItem\",\"position\":1,\"name\":\"Home\",\"item\":\"https:\/\/tourcruiser.com\/de\/\"},{\"@type\":\"ListItem\",\"position\":2,\"name\":\"Shop\",\"item\":\"https:\/\/tourcruiser.com\/de\/shop\/\"},{\"@type\":\"ListItem\",\"position\":3,\"name\":\"adidas Handball Spezial 'Preloved Red'\"}]},{\"@type\":\"WebSite\",\"@id\":\"https:\/\/tourcruiser.com\/de\/#website\",\"url\":\"https:\/\/tourcruiser.com\/de\/\",\"name\":\"Styloral Jewelry Shop\",\"description\":\"Tourcruiser Sneaker Store \u2014 der Ort, an dem das Universum deine Einzigartigkeit trifft.\",\"publisher\":{\"@id\":\"https:\/\/tourcruiser.com\/de\/#organization\"},\"potentialAction\":[{\"@type\":\"SearchAction\",\"target\":{\"@type\":\"EntryPoint\",\"urlTemplate\":\"https:\/\/tourcruiser.com\/de\/?s={search_term_string}\"},\"query-input\":{\"@type\":\"PropertyValueSpecification\",\"valueRequired\":true,\"valueName\":\"search_term_string\"}}],\"inLanguage\":\"de\"},{\"@type\":\"Organization\",\"@id\":\"https:\/\/tourcruiser.com\/de\/#organization\",\"name\":\"STYLORAL PTE. LTD\",\"url\":\"https:\/\/tourcruiser.com\/de\/\",\"logo\":{\"@type\":\"ImageObject\",\"inLanguage\":\"de\",\"@id\":\"https:\/\/tourcruiser.com\/de\/#\/schema\/logo\/image\/\",\"url\":\"https:\/\/www.tourcruiser.com\/wp-content\/uploads\/2025\/12\/logo.png\",\"contentUrl\":\"https:\/\/www.tourcruiser.com\/wp-content\/uploads\/2025\/12\/logo.png\",\"width\":200,\"height\":65,\"caption\":\"STYLORAL PTE. LTD\"},\"image\":{\"@id\":\"https:\/\/tourcruiser.com\/de\/#\/schema\/logo\/image\/\"}}]}<\/script>\n<!-- \/ Yoast SEO plugin. -->","yoast_head_json":{"title":"adidas Handball Spezial 'Preloved Red'  - Tourcruiser PTE. LTD","robots":{"index":"index","follow":"follow","max-snippet":"max-snippet:-1","max-image-preview":"max-image-preview:large","max-video-preview":"max-video-preview:-1"},"canonical":"https:\/\/tourcruiser.com\/de\/products\/adidas-handball-spezial-preloved-red\/","og_locale":"de_DE","og_type":"article","og_title":"adidas Handball Spezial 'Preloved Red'  - Tourcruiser PTE. LTD","og_description":"adidas Handball Spezial \u201d\u201d Preloved Red\/Cream White\/Crystal White","og_url":"https:\/\/tourcruiser.com\/de\/products\/adidas-handball-spezial-preloved-red\/","og_site_name":"Tourcruiser Sneaker Store","article_modified_time":"2026-03-27T17:53:38+00:00","twitter_card":"summary_large_image","twitter_image":"https:\/\/images.novelship.com\/product\/adidas_handball_spezial__preloved_red__ig6191_0_93250.jpeg;https:\/\/images.novelship.com\/product\/adidas_handball_spezial__preloved_red__ig6191_1_93250.jpeg;https:\/\/images.novelship.com\/product\/adidas_handball_spezial__preloved_red__ig6191_2_93250.jpeg;https:\/\/images.novelship.com\/product\/adidas_handball_spezial__preloved_red__ig6191_3_93250.jpeg;https:\/\/images.novelship.com\/product\/adidas_handball_spezial__preloved_red__ig6191_4_93250.jpeg;https:\/\/images.novelship.com\/product\/adidas_handball_spezial__preloved_red__ig6191_5_93250.jpeg;https:\/\/images.novelship.com\/product\/adidas_handball_spezial__preloved_red__ig6191_6_93250.jpeg;https:\/\/images.novelship.com\/product\/adidas_handball_spezial__preloved_red__ig6191_7_93250.jpeg;https:\/\/images.novelship.com\/product\/adidas_handball_spezial__preloved_red__ig6191_8_93250.jpeg;https:\/\/images.novelship.com\/product\/adidas_handball_spezial__preloved_red__ig6191_9_93250.jpeg;https:\/\/images.novelship.com\/product\/adidas_handball_spezial__preloved_red__ig6191_10_93250.jpeg","twitter_misc":{"Gesch\u00e4tzte Lesezeit":"1\u00a0Minute"},"schema":{"@context":"https:\/\/schema.org","@graph":[{"@type":"WebPage","@id":"https:\/\/tourcruiser.com\/de\/products\/adidas-handball-spezial-preloved-red\/","url":"https:\/\/tourcruiser.com\/de\/products\/adidas-handball-spezial-preloved-red\/","name":"adidas Handball Spezial 'Preloved Red' - Tourcruiser PTE. LTD","isPartOf":{"@id":"https:\/\/tourcruiser.com\/de\/#website"},"primaryImageOfPage":{"@id":"https:\/\/tourcruiser.com\/de\/products\/adidas-handball-spezial-preloved-red\/#primaryimage"},"image":{"@id":"https:\/\/tourcruiser.com\/de\/products\/adidas-handball-spezial-preloved-red\/#primaryimage"},"thumbnailUrl":"https:\/\/images.novelship.com\/product\/adidas_handball_spezial__preloved_red__ig6191_0_93250.jpeg;https:\/\/images.novelship.com\/product\/adidas_handball_spezial__preloved_red__ig6191_1_93250.jpeg;https:\/\/images.novelship.com\/product\/adidas_handball_spezial__preloved_red__ig6191_2_93250.jpeg;https:\/\/images.novelship.com\/product\/adidas_handball_spezial__preloved_red__ig6191_3_93250.jpeg;https:\/\/images.novelship.com\/product\/adidas_handball_spezial__preloved_red__ig6191_4_93250.jpeg;https:\/\/images.novelship.com\/product\/adidas_handball_spezial__preloved_red__ig6191_5_93250.jpeg;https:\/\/images.novelship.com\/product\/adidas_handball_spezial__preloved_red__ig6191_6_93250.jpeg;https:\/\/images.novelship.com\/product\/adidas_handball_spezial__preloved_red__ig6191_7_93250.jpeg;https:\/\/images.novelship.com\/product\/adidas_handball_spezial__preloved_red__ig6191_8_93250.jpeg;https:\/\/images.novelship.com\/product\/adidas_handball_spezial__preloved_red__ig6191_9_93250.jpeg;https:\/\/images.novelship.com\/product\/adidas_handball_spezial__preloved_red__ig6191_10_93250.jpeg","datePublished":"2026-03-02T08:01:00+00:00","dateModified":"2026-03-27T17:53:38+00:00","breadcrumb":{"@id":"https:\/\/tourcruiser.com\/de\/products\/adidas-handball-spezial-preloved-red\/#breadcrumb"},"inLanguage":"de","potentialAction":[{"@type":"ReadAction","target":["https:\/\/tourcruiser.com\/de\/products\/adidas-handball-spezial-preloved-red\/"]}]},{"@type":"ImageObject","inLanguage":"de","@id":"https:\/\/tourcruiser.com\/de\/products\/adidas-handball-spezial-preloved-red\/#primaryimage","url":"https:\/\/images.novelship.com\/product\/adidas_handball_spezial__preloved_red__ig6191_0_93250.jpeg;https:\/\/images.novelship.com\/product\/adidas_handball_spezial__preloved_red__ig6191_1_93250.jpeg;https:\/\/images.novelship.com\/product\/adidas_handball_spezial__preloved_red__ig6191_2_93250.jpeg;https:\/\/images.novelship.com\/product\/adidas_handball_spezial__preloved_red__ig6191_3_93250.jpeg;https:\/\/images.novelship.com\/product\/adidas_handball_spezial__preloved_red__ig6191_4_93250.jpeg;https:\/\/images.novelship.com\/product\/adidas_handball_spezial__preloved_red__ig6191_5_93250.jpeg;https:\/\/images.novelship.com\/product\/adidas_handball_spezial__preloved_red__ig6191_6_93250.jpeg;https:\/\/images.novelship.com\/product\/adidas_handball_spezial__preloved_red__ig6191_7_93250.jpeg;https:\/\/images.novelship.com\/product\/adidas_handball_spezial__preloved_red__ig6191_8_93250.jpeg;https:\/\/images.novelship.com\/product\/adidas_handball_spezial__preloved_red__ig6191_9_93250.jpeg;https:\/\/images.novelship.com\/product\/adidas_handball_spezial__preloved_red__ig6191_10_93250.jpeg","contentUrl":"https:\/\/images.novelship.com\/product\/adidas_handball_spezial__preloved_red__ig6191_0_93250.jpeg;https:\/\/images.novelship.com\/product\/adidas_handball_spezial__preloved_red__ig6191_1_93250.jpeg;https:\/\/images.novelship.com\/product\/adidas_handball_spezial__preloved_red__ig6191_2_93250.jpeg;https:\/\/images.novelship.com\/product\/adidas_handball_spezial__preloved_red__ig6191_3_93250.jpeg;https:\/\/images.novelship.com\/product\/adidas_handball_spezial__preloved_red__ig6191_4_93250.jpeg;https:\/\/images.novelship.com\/product\/adidas_handball_spezial__preloved_red__ig6191_5_93250.jpeg;https:\/\/images.novelship.com\/product\/adidas_handball_spezial__preloved_red__ig6191_6_93250.jpeg;https:\/\/images.novelship.com\/product\/adidas_handball_spezial__preloved_red__ig6191_7_93250.jpeg;https:\/\/images.novelship.com\/product\/adidas_handball_spezial__preloved_red__ig6191_8_93250.jpeg;https:\/\/images.novelship.com\/product\/adidas_handball_spezial__preloved_red__ig6191_9_93250.jpeg;https:\/\/images.novelship.com\/product\/adidas_handball_spezial__preloved_red__ig6191_10_93250.jpeg"},{"@type":"BreadcrumbList","@id":"https:\/\/tourcruiser.com\/de\/products\/adidas-handball-spezial-preloved-red\/#breadcrumb","itemListElement":[{"@type":"ListItem","position":1,"name":"Home","item":"https:\/\/tourcruiser.com\/de\/"},{"@type":"ListItem","position":2,"name":"Shop","item":"https:\/\/tourcruiser.com\/de\/shop\/"},{"@type":"ListItem","position":3,"name":"adidas Handball Spezial 'Preloved Red'"}]},{"@type":"WebSite","@id":"https:\/\/tourcruiser.com\/de\/#website","url":"https:\/\/tourcruiser.com\/de\/","name":"Styloral Jewelry Shop","description":"Tourcruiser Sneaker Store \u2014 der Ort, an dem das Universum deine Einzigartigkeit trifft.","publisher":{"@id":"https:\/\/tourcruiser.com\/de\/#organization"},"potentialAction":[{"@type":"SearchAction","target":{"@type":"EntryPoint","urlTemplate":"https:\/\/tourcruiser.com\/de\/?s={search_term_string}"},"query-input":{"@type":"PropertyValueSpecification","valueRequired":true,"valueName":"search_term_string"}}],"inLanguage":"de"},{"@type":"Organization","@id":"https:\/\/tourcruiser.com\/de\/#organization","name":"STYLORAL PTE. LTD","url":"https:\/\/tourcruiser.com\/de\/","logo":{"@type":"ImageObject","inLanguage":"de","@id":"https:\/\/tourcruiser.com\/de\/#\/schema\/logo\/image\/","url":"https:\/\/www.tourcruiser.com\/wp-content\/uploads\/2025\/12\/logo.png","contentUrl":"https:\/\/www.tourcruiser.com\/wp-content\/uploads\/2025\/12\/logo.png","width":200,"height":65,"caption":"STYLORAL PTE. LTD"},"image":{"@id":"https:\/\/tourcruiser.com\/de\/#\/schema\/logo\/image\/"}}]}},"_links":{"self":[{"href":"https:\/\/tourcruiser.com\/de\/wp-json\/wp\/v2\/product\/45166","targetHints":{"allow":["GET"]}}],"collection":[{"href":"https:\/\/tourcruiser.com\/de\/wp-json\/wp\/v2\/product"}],"about":[{"href":"https:\/\/tourcruiser.com\/de\/wp-json\/wp\/v2\/types\/product"}],"replies":[{"embeddable":true,"href":"https:\/\/tourcruiser.com\/de\/wp-json\/wp\/v2\/comments?post=45166"}],"wp:featuredmedia":[{"embeddable":true,"href":"https:\/\/tourcruiser.com\/de\/wp-json\/wp\/v2\/media\/45167"}],"wp:attachment":[{"href":"https:\/\/tourcruiser.com\/de\/wp-json\/wp\/v2\/media?parent=45166"}],"wp:term":[{"taxonomy":"product_brand","embeddable":true,"href":"https:\/\/tourcruiser.com\/de\/wp-json\/wp\/v2\/product_brand?post=45166"},{"taxonomy":"product_cat","embeddable":true,"href":"https:\/\/tourcruiser.com\/de\/wp-json\/wp\/v2\/product_cat?post=45166"},{"taxonomy":"product_tag","embeddable":true,"href":"https:\/\/tourcruiser.com\/de\/wp-json\/wp\/v2\/product_tag?post=45166"}],"curies":[{"name":"wp","href":"https:\/\/api.w.org\/{rel}","templated":true}]}}