{"id":450385,"date":"2026-03-21T12:02:41","date_gmt":"2026-03-21T05:02:41","guid":{"rendered":"http:\/\/tourcruiser.com\/product\/justin-timberlake-x-air-jordan-3-retro-jth-white-cement-av6683-160"},"modified":"2026-03-21T12:02:41","modified_gmt":"2026-03-21T05:02:41","slug":"justin-timberlake-x-air-jordan-3-retro-jth-white-cement-av6683-160","status":"publish","type":"product","link":"https:\/\/tourcruiser.com\/de\/products\/justin-timberlake-x-air-jordan-3-retro-jth-white-cement-av6683-160\/","title":{"rendered":"Justin Timberlake x Air Jordan 3 Retro JTH &#8218;White Cement&#8216; AV6683-160"},"content":{"rendered":"<p>Der Justin Timberlake x Air Jordan 3 Retro JTH White Cement, auch bekannt als White Cement, ist eine Kollaboration zwischen Justin Timberlake und Jordan. Diese Sneaker bestechen durch ihr cleanes Wei\u00c3\u0178 und sind somit eine vielseitige und stylische Erg\u00c3\u00a4nzung f\u00c3\u00bcr jede Sneaker-Sammlung. Perfekt f\u00c3\u00bcr Fans von Justin Timberlake und alle, die die legend\u00c3\u00a4re Marke Air Jordan lieben \u00e2\u20ac\u201c diese Sneaker sind ein absolutes Must-have.<\/p>\n<ul>\n<li><strong>Farbgebung:<\/strong> Wei\u00c3\u0178\/Feuerrot\/Schwarz\/Wei\u00c3\u0178<\/li>\n<li><strong>Style-Code:<\/strong> AV6683-160<\/li>\n<li><strong>Obermaterial:<\/strong> Leder<\/li>\n<li><strong>Zwischensohle:<\/strong> Air<\/li>\n<li><strong>Farbe:<\/strong> Wei\u00c3\u0178<\/li>\n<li><strong>Designer:<\/strong> Justin Timberlake\/Tinker Hatfield<\/li>\n<li><strong>Saison:<\/strong> Winter<\/li>\n<li><strong>Erscheinungsjahr:<\/strong> 2018<\/li>\n<\/ul>\n","protected":false},"excerpt":{"rendered":"<p>Der Justin Timberlake x Air Jordan 3 Retro JTH White Cement, auch bekannt als White Cement, ist eine Kollaboration zwischen Justin Timberlake und Jordan. Diese Sneaker bestechen durch ihr cleanes Wei\u00c3\u0178 und sind somit eine vielseitige und stylische Erg\u00c3\u00a4nzung f\u00c3\u00bcr jede Sneaker-Sammlung. Perfekt f\u00c3\u00bcr Fans von Justin Timberlake und alle, die die legend\u00c3\u00a4re Marke Air [&hellip;]<\/p>\n","protected":false},"featured_media":450386,"comment_status":"open","ping_status":"closed","template":"","meta":[],"product_brand":[],"product_cat":[38869,39550,38878,38842],"product_tag":[10750,10753,10776,11349,11350,10754,10777,10756],"class_list":{"0":"post-450385","1":"product","2":"type-product","3":"status-publish","4":"has-post-thumbnail","6":"product_cat-jordan","7":"product_cat-jordan-jordan-3-retro-jth","8":"product_cat-lifestyle-shoes-basketball-inspired","9":"product_cat-gender-men","10":"product_tag-athleisure-shoes","11":"product_tag-gift-for-him","12":"product_tag-jordan","13":"product_tag-jordan-basketball-shoes","14":"product_tag-jordan-skateboarding-shoes","15":"product_tag-lifestyle-casual-shoes","16":"product_tag-lifestyle-shoes-basketball-inspired","17":"product_tag-retro-casual-shoes","18":"wcpa_has_options","20":"first","21":"instock","22":"taxable","23":"shipping-taxable","24":"purchasable","25":"product-type-simple"},"wcpa_form_fields":{"rules":{"pric_overide_base_price":false,"pric_overide_base_price_if_gt_zero":false,"pric_overide_base_price_fully":false,"pric_cal_option_once":false,"pric_use_as_fee":false,"bind_quantity":false,"quantity_bind_formula":false},"fields":[{"type":"color-group","required":true,"elementId":"wcpa-color-group-66c4a75505e74","label":"Gr\u00f6\u00dfe - EU Gr\u00f6\u00dfe","inline":true,"priceOptions":"different_for_all","pricingType":"fixed","className":"hassizechart product-shoes-size-eu product-shoes-size","name":"color-group-66c4a75505e89","disp_type":"square","selection_type":"tick-border","disp_size":"44","show_label_inside":true,"adjust_width":true,"cart_display_type":"text","other_text":"Other","cl_rule":"show","col":6,"values":[{"label":"35.5","value":"EU 35.5","price":"","pimage":"","pimage_id":"","pthumb":"","color":""},{"label":"36","value":"EU 36","price":"","pimage":"","pimage_id":"","pthumb":"","color":"","selected":true},{"label":"36.5","value":"EU 36.5","price":"","pimage":"","pimage_id":"","pthumb":"","color":""},{"label":"37.5","value":"EU 37.5","price":"","pimage":"","pimage_id":"","pthumb":"","color":""},{"label":"38","value":"EU 38","price":"","pimage":"","pimage_id":"","pthumb":"","color":""},{"label":"38.5","value":"EU 38.5","price":"","pimage":"","pimage_id":"","pthumb":"","color":""},{"label":"39","value":"EU 39","price":"","pimage":"","pimage_id":"","pthumb":"","color":""},{"label":"40","value":"EU 40","price":"","pimage":"","pimage_id":"","pthumb":"","color":""},{"label":"40.5","value":"EU 40.5","price":"","pimage":"","pimage_id":"","pthumb":"","color":""},{"label":"41","value":"EU 41","price":"","pimage":"","pimage_id":"","pthumb":"","color":""},{"label":"42","value":"EU 42","price":"","pimage":"","pimage_id":"","pthumb":"","color":""},{"label":"42.5","value":"EU 42.5","price":"","pimage":"","pimage_id":"","pthumb":"","color":""},{"label":"43","value":"EU 43","price":"","pimage":"","pimage_id":"","pthumb":"","color":""},{"label":"44","value":"EU 44","price":"","pimage":"","pimage_id":"","pthumb":"","color":""},{"label":"44.5","value":"EU 44.5","price":"","pimage":"","pimage_id":"","pthumb":"","color":""},{"label":"45","value":"EU 45","price":"","pimage":"","pimage_id":"","pthumb":"","color":""},{"label":"45.5","value":"EU 45.5","price":"","pimage":"","pimage_id":"","pthumb":"","color":""},{"label":"46","value":"EU 46","price":"","pimage":"","pimage_id":"","pthumb":"","color":""},{"label":"47","value":"EU 47","price":"","pimage":"","pimage_id":"","pthumb":"","color":""},{"label":"47.5","value":"EU 47.5","price":"","pimage":"","pimage_id":"","pthumb":"","color":""},{"label":"48","value":"EU 48","price":"","pimage":"","pimage_id":"","pthumb":"","color":""}],"relations":[{"operator":false,"rules":[]}],"form_id":18106,"form_rules":{"pric_cal_option_once":false,"exclude_from_discount":false,"pric_use_as_fee":false,"fee_label":"Fee","render_after_acb":false,"disp_hide_options_price":false}}]},"yoast_head":"<!-- This site is optimized with the Yoast SEO plugin v26.5 - https:\/\/yoast.com\/wordpress\/plugins\/seo\/ -->\n<title>Justin Timberlake x Air Jordan 3 Retro JTH &#039;White Cement&#039; AV6683-160 - Tourcruiser PTE. LTD<\/title>\n<meta name=\"robots\" content=\"index, follow, max-snippet:-1, max-image-preview:large, max-video-preview:-1\" \/>\n<link rel=\"canonical\" href=\"https:\/\/tourcruiser.com\/de\/products\/justin-timberlake-x-air-jordan-3-retro-jth-white-cement-av6683-160\/\" \/>\n<meta property=\"og:locale\" content=\"de_DE\" \/>\n<meta property=\"og:type\" content=\"article\" \/>\n<meta property=\"og:title\" content=\"Justin Timberlake x Air Jordan 3 Retro JTH &#039;White Cement&#039; AV6683-160 - Tourcruiser PTE. LTD\" \/>\n<meta property=\"og:description\" content=\"Der Justin Timberlake x Air Jordan 3 Retro JTH White Cement, auch bekannt als White Cement, ist eine Kollaboration zwischen Justin Timberlake und Jordan. Diese Sneaker bestechen durch ihr cleanes Wei\u00c3\u0178 und sind somit eine vielseitige und stylische Erg\u00c3\u00a4nzung f\u00c3\u00bcr jede Sneaker-Sammlung. Perfekt f\u00c3\u00bcr Fans von Justin Timberlake und alle, die die legend\u00c3\u00a4re Marke Air [&hellip;]\" \/>\n<meta property=\"og:url\" content=\"https:\/\/tourcruiser.com\/de\/products\/justin-timberlake-x-air-jordan-3-retro-jth-white-cement-av6683-160\/\" \/>\n<meta property=\"og:site_name\" content=\"Tourcruiser Sneaker Store\" \/>\n<meta name=\"twitter:card\" content=\"summary_large_image\" \/>\n<meta name=\"twitter:image\" content=\"https:\/\/images.novelship.com\/product\/justin_timberlake_x_air_jordan_3_retro_jth__white__0_64614.jpeg\" \/>\n<script type=\"application\/ld+json\" class=\"yoast-schema-graph\">{\"@context\":\"https:\/\/schema.org\",\"@graph\":[{\"@type\":\"WebPage\",\"@id\":\"https:\/\/tourcruiser.com\/de\/products\/justin-timberlake-x-air-jordan-3-retro-jth-white-cement-av6683-160\/\",\"url\":\"https:\/\/tourcruiser.com\/de\/products\/justin-timberlake-x-air-jordan-3-retro-jth-white-cement-av6683-160\/\",\"name\":\"Justin Timberlake x Air Jordan 3 Retro JTH 'White Cement' AV6683-160 - Tourcruiser PTE. LTD\",\"isPartOf\":{\"@id\":\"https:\/\/tourcruiser.com\/de\/#website\"},\"primaryImageOfPage\":{\"@id\":\"https:\/\/tourcruiser.com\/de\/products\/justin-timberlake-x-air-jordan-3-retro-jth-white-cement-av6683-160\/#primaryimage\"},\"image\":{\"@id\":\"https:\/\/tourcruiser.com\/de\/products\/justin-timberlake-x-air-jordan-3-retro-jth-white-cement-av6683-160\/#primaryimage\"},\"thumbnailUrl\":\"https:\/\/images.novelship.com\/product\/justin_timberlake_x_air_jordan_3_retro_jth__white__0_64614.jpeg\",\"datePublished\":\"2026-03-21T05:02:41+00:00\",\"breadcrumb\":{\"@id\":\"https:\/\/tourcruiser.com\/de\/products\/justin-timberlake-x-air-jordan-3-retro-jth-white-cement-av6683-160\/#breadcrumb\"},\"inLanguage\":\"de\",\"potentialAction\":[{\"@type\":\"ReadAction\",\"target\":[\"https:\/\/tourcruiser.com\/de\/products\/justin-timberlake-x-air-jordan-3-retro-jth-white-cement-av6683-160\/\"]}]},{\"@type\":\"ImageObject\",\"inLanguage\":\"de\",\"@id\":\"https:\/\/tourcruiser.com\/de\/products\/justin-timberlake-x-air-jordan-3-retro-jth-white-cement-av6683-160\/#primaryimage\",\"url\":\"https:\/\/images.novelship.com\/product\/justin_timberlake_x_air_jordan_3_retro_jth__white__0_64614.jpeg\",\"contentUrl\":\"https:\/\/images.novelship.com\/product\/justin_timberlake_x_air_jordan_3_retro_jth__white__0_64614.jpeg\"},{\"@type\":\"BreadcrumbList\",\"@id\":\"https:\/\/tourcruiser.com\/de\/products\/justin-timberlake-x-air-jordan-3-retro-jth-white-cement-av6683-160\/#breadcrumb\",\"itemListElement\":[{\"@type\":\"ListItem\",\"position\":1,\"name\":\"Home\",\"item\":\"https:\/\/tourcruiser.com\/de\/\"},{\"@type\":\"ListItem\",\"position\":2,\"name\":\"Shop\",\"item\":\"https:\/\/tourcruiser.com\/de\/shop\/\"},{\"@type\":\"ListItem\",\"position\":3,\"name\":\"Justin Timberlake x Air Jordan 3 Retro JTH 'White Cement' AV6683-160\"}]},{\"@type\":\"WebSite\",\"@id\":\"https:\/\/tourcruiser.com\/de\/#website\",\"url\":\"https:\/\/tourcruiser.com\/de\/\",\"name\":\"Styloral Jewelry Shop\",\"description\":\"Tourcruiser Sneaker Store \u2014 der Ort, an dem das Universum deine Einzigartigkeit trifft.\",\"publisher\":{\"@id\":\"https:\/\/tourcruiser.com\/de\/#organization\"},\"potentialAction\":[{\"@type\":\"SearchAction\",\"target\":{\"@type\":\"EntryPoint\",\"urlTemplate\":\"https:\/\/tourcruiser.com\/de\/?s={search_term_string}\"},\"query-input\":{\"@type\":\"PropertyValueSpecification\",\"valueRequired\":true,\"valueName\":\"search_term_string\"}}],\"inLanguage\":\"de\"},{\"@type\":\"Organization\",\"@id\":\"https:\/\/tourcruiser.com\/de\/#organization\",\"name\":\"STYLORAL PTE. LTD\",\"url\":\"https:\/\/tourcruiser.com\/de\/\",\"logo\":{\"@type\":\"ImageObject\",\"inLanguage\":\"de\",\"@id\":\"https:\/\/tourcruiser.com\/de\/#\/schema\/logo\/image\/\",\"url\":\"https:\/\/www.tourcruiser.com\/wp-content\/uploads\/2025\/12\/logo.png\",\"contentUrl\":\"https:\/\/www.tourcruiser.com\/wp-content\/uploads\/2025\/12\/logo.png\",\"width\":200,\"height\":65,\"caption\":\"STYLORAL PTE. LTD\"},\"image\":{\"@id\":\"https:\/\/tourcruiser.com\/de\/#\/schema\/logo\/image\/\"}}]}<\/script>\n<!-- \/ Yoast SEO plugin. -->","yoast_head_json":{"title":"Justin Timberlake x Air Jordan 3 Retro JTH 'White Cement' AV6683-160 - Tourcruiser PTE. LTD","robots":{"index":"index","follow":"follow","max-snippet":"max-snippet:-1","max-image-preview":"max-image-preview:large","max-video-preview":"max-video-preview:-1"},"canonical":"https:\/\/tourcruiser.com\/de\/products\/justin-timberlake-x-air-jordan-3-retro-jth-white-cement-av6683-160\/","og_locale":"de_DE","og_type":"article","og_title":"Justin Timberlake x Air Jordan 3 Retro JTH 'White Cement' AV6683-160 - Tourcruiser PTE. LTD","og_description":"Der Justin Timberlake x Air Jordan 3 Retro JTH White Cement, auch bekannt als White Cement, ist eine Kollaboration zwischen Justin Timberlake und Jordan. Diese Sneaker bestechen durch ihr cleanes Wei\u00c3\u0178 und sind somit eine vielseitige und stylische Erg\u00c3\u00a4nzung f\u00c3\u00bcr jede Sneaker-Sammlung. Perfekt f\u00c3\u00bcr Fans von Justin Timberlake und alle, die die legend\u00c3\u00a4re Marke Air [&hellip;]","og_url":"https:\/\/tourcruiser.com\/de\/products\/justin-timberlake-x-air-jordan-3-retro-jth-white-cement-av6683-160\/","og_site_name":"Tourcruiser Sneaker Store","twitter_card":"summary_large_image","twitter_image":"https:\/\/images.novelship.com\/product\/justin_timberlake_x_air_jordan_3_retro_jth__white__0_64614.jpeg","schema":{"@context":"https:\/\/schema.org","@graph":[{"@type":"WebPage","@id":"https:\/\/tourcruiser.com\/de\/products\/justin-timberlake-x-air-jordan-3-retro-jth-white-cement-av6683-160\/","url":"https:\/\/tourcruiser.com\/de\/products\/justin-timberlake-x-air-jordan-3-retro-jth-white-cement-av6683-160\/","name":"Justin Timberlake x Air Jordan 3 Retro JTH 'White Cement' AV6683-160 - Tourcruiser PTE. LTD","isPartOf":{"@id":"https:\/\/tourcruiser.com\/de\/#website"},"primaryImageOfPage":{"@id":"https:\/\/tourcruiser.com\/de\/products\/justin-timberlake-x-air-jordan-3-retro-jth-white-cement-av6683-160\/#primaryimage"},"image":{"@id":"https:\/\/tourcruiser.com\/de\/products\/justin-timberlake-x-air-jordan-3-retro-jth-white-cement-av6683-160\/#primaryimage"},"thumbnailUrl":"https:\/\/images.novelship.com\/product\/justin_timberlake_x_air_jordan_3_retro_jth__white__0_64614.jpeg","datePublished":"2026-03-21T05:02:41+00:00","breadcrumb":{"@id":"https:\/\/tourcruiser.com\/de\/products\/justin-timberlake-x-air-jordan-3-retro-jth-white-cement-av6683-160\/#breadcrumb"},"inLanguage":"de","potentialAction":[{"@type":"ReadAction","target":["https:\/\/tourcruiser.com\/de\/products\/justin-timberlake-x-air-jordan-3-retro-jth-white-cement-av6683-160\/"]}]},{"@type":"ImageObject","inLanguage":"de","@id":"https:\/\/tourcruiser.com\/de\/products\/justin-timberlake-x-air-jordan-3-retro-jth-white-cement-av6683-160\/#primaryimage","url":"https:\/\/images.novelship.com\/product\/justin_timberlake_x_air_jordan_3_retro_jth__white__0_64614.jpeg","contentUrl":"https:\/\/images.novelship.com\/product\/justin_timberlake_x_air_jordan_3_retro_jth__white__0_64614.jpeg"},{"@type":"BreadcrumbList","@id":"https:\/\/tourcruiser.com\/de\/products\/justin-timberlake-x-air-jordan-3-retro-jth-white-cement-av6683-160\/#breadcrumb","itemListElement":[{"@type":"ListItem","position":1,"name":"Home","item":"https:\/\/tourcruiser.com\/de\/"},{"@type":"ListItem","position":2,"name":"Shop","item":"https:\/\/tourcruiser.com\/de\/shop\/"},{"@type":"ListItem","position":3,"name":"Justin Timberlake x Air Jordan 3 Retro JTH 'White Cement' AV6683-160"}]},{"@type":"WebSite","@id":"https:\/\/tourcruiser.com\/de\/#website","url":"https:\/\/tourcruiser.com\/de\/","name":"Styloral Jewelry Shop","description":"Tourcruiser Sneaker Store \u2014 der Ort, an dem das Universum deine Einzigartigkeit trifft.","publisher":{"@id":"https:\/\/tourcruiser.com\/de\/#organization"},"potentialAction":[{"@type":"SearchAction","target":{"@type":"EntryPoint","urlTemplate":"https:\/\/tourcruiser.com\/de\/?s={search_term_string}"},"query-input":{"@type":"PropertyValueSpecification","valueRequired":true,"valueName":"search_term_string"}}],"inLanguage":"de"},{"@type":"Organization","@id":"https:\/\/tourcruiser.com\/de\/#organization","name":"STYLORAL PTE. LTD","url":"https:\/\/tourcruiser.com\/de\/","logo":{"@type":"ImageObject","inLanguage":"de","@id":"https:\/\/tourcruiser.com\/de\/#\/schema\/logo\/image\/","url":"https:\/\/www.tourcruiser.com\/wp-content\/uploads\/2025\/12\/logo.png","contentUrl":"https:\/\/www.tourcruiser.com\/wp-content\/uploads\/2025\/12\/logo.png","width":200,"height":65,"caption":"STYLORAL PTE. LTD"},"image":{"@id":"https:\/\/tourcruiser.com\/de\/#\/schema\/logo\/image\/"}}]}},"_links":{"self":[{"href":"https:\/\/tourcruiser.com\/de\/wp-json\/wp\/v2\/product\/450385","targetHints":{"allow":["GET"]}}],"collection":[{"href":"https:\/\/tourcruiser.com\/de\/wp-json\/wp\/v2\/product"}],"about":[{"href":"https:\/\/tourcruiser.com\/de\/wp-json\/wp\/v2\/types\/product"}],"replies":[{"embeddable":true,"href":"https:\/\/tourcruiser.com\/de\/wp-json\/wp\/v2\/comments?post=450385"}],"wp:featuredmedia":[{"embeddable":true,"href":"https:\/\/tourcruiser.com\/de\/wp-json\/wp\/v2\/media\/450386"}],"wp:attachment":[{"href":"https:\/\/tourcruiser.com\/de\/wp-json\/wp\/v2\/media?parent=450385"}],"wp:term":[{"taxonomy":"product_brand","embeddable":true,"href":"https:\/\/tourcruiser.com\/de\/wp-json\/wp\/v2\/product_brand?post=450385"},{"taxonomy":"product_cat","embeddable":true,"href":"https:\/\/tourcruiser.com\/de\/wp-json\/wp\/v2\/product_cat?post=450385"},{"taxonomy":"product_tag","embeddable":true,"href":"https:\/\/tourcruiser.com\/de\/wp-json\/wp\/v2\/product_tag?post=450385"}],"curies":[{"name":"wp","href":"https:\/\/api.w.org\/{rel}","templated":true}]}}