{"id":44993,"date":"2026-03-02T15:00:43","date_gmt":"2026-03-02T08:00:43","guid":{"rendered":"http:\/\/tourcruiser.com\/product\/women-nike-zoomx-invincible-3-barely-grape-black"},"modified":"2026-03-28T00:53:21","modified_gmt":"2026-03-27T17:53:21","slug":"women-nike-zoomx-invincible-3-barely-grape-black","status":"publish","type":"product","link":"https:\/\/tourcruiser.com\/de\/products\/women-nike-zoomx-invincible-3-barely-grape-black\/","title":{"rendered":"(Women) Nike ZoomX Invincible 3 &#8218;Barely Grape Black&#8216;"},"content":{"rendered":"<p>Erleben Sie unvergleichlichen Komfort und h\u00f6chste Performance mit dem Nike Invincible 3 DR2660-500, der Ihr Laufgef\u00fchl revolutionieren wird. Dieser pr\u00e4zise gefertigte Damenlaufschuh verf\u00fcgt \u00fcber ein leichtes, atmungsaktives Obermaterial f\u00fcr sicheren Halt und maximale Luftzirkulation bei jedem Schritt. Die innovative ZoomX-Schaumstoff-Mittelsohle bietet au\u00dfergew\u00f6hnliche D\u00e4mpfung, Energier\u00fcckgabe und Sto\u00dfabsorption und ist somit ideal f\u00fcr lange Strecken und intensive Trainingseinheiten. Die fortschrittliche Rocker-Geometrie unterst\u00fctzt ein geschmeidiges Abrollen von der Ferse bis zu den Zehen und tr\u00e4gt so zu mehr Effizienz und weniger Erm\u00fcdung bei. Die strapazierf\u00e4hige Traktionsau\u00dfensohle bietet optimalen Grip auf verschiedenen Untergr\u00fcnden und sorgt f\u00fcr Stabilit\u00e4t und Sicherheit in jedem Terrain. Dank verbesserter St\u00fctzzonen f\u00fcr wichtige Bereiche wie Ferse und Fu\u00dfgew\u00f6lbe bietet dieses innovative Design ein individuelles, sicheres Laufgef\u00fchl. Die lebendige Farbgebung verleiht dem Schuh einen modernen Look und macht ihn ebenso auff\u00e4llig wie funktional. Egal, ob du ein erfahrener L\u00e4ufer bist oder gerade erst mit dem Training beginnst, der Nike Invincible 3 DR2660-500 unterst\u00fctzt dich dabei, deine Grenzen zu erweitern und bietet gleichzeitig Komfort und Schutz. Steigere deine Leistung und erreiche deine Ziele m\u00fchelos mit diesem hochmodernen Laufschuh.<\/p>\n<ul>\n<li><strong>Farbgebung:<\/strong> Barely Grape\/Lilac Bloom\/Sail\/Black<\/li>\n<li><strong>Style-Code:<\/strong> DR2660-500<\/li>\n<li><strong>Obermaterial:<\/strong> Flyknit<\/li>\n<li><strong>Mittelsohle:<\/strong> Zoom X<\/li>\n<li><strong>Farbe:<\/strong> Lila<\/li>\n<\/ul>\n","protected":false},"excerpt":{"rendered":"<p>Nike Invincible 3 \u201d\u201d Barely Grape\/Lilac Bloom\/Sail\/Black<\/p>\n","protected":false},"featured_media":44994,"comment_status":"open","ping_status":"closed","template":"","meta":[],"product_brand":[],"product_cat":[10809],"product_tag":[10838,10801,10839,10802,10840,10758],"class_list":{"0":"post-44993","1":"product","2":"type-product","3":"status-publish","4":"has-post-thumbnail","6":"product_cat-nike-women","7":"product_tag-max-cushion-cushioned-running-shoes","8":"product_tag-nike","9":"product_tag-performance-running-shoes","10":"product_tag-performance-sport-shoes","11":"product_tag-running-shoes","12":"product_tag-under-retail","13":"wcpa_has_options","15":"first","16":"outofstock","17":"sale","18":"taxable","19":"shipping-taxable","20":"purchasable","21":"product-type-simple"},"wcpa_form_fields":{"rules":{"pric_overide_base_price":false,"pric_overide_base_price_if_gt_zero":false,"pric_overide_base_price_fully":false,"pric_cal_option_once":false,"pric_use_as_fee":false,"bind_quantity":false,"quantity_bind_formula":false},"fields":[{"type":"color-group","required":true,"elementId":"wcpa-color-group-66c4a75505e74","label":"Gr\u00f6\u00dfe - EU Gr\u00f6\u00dfe","inline":true,"priceOptions":"different_for_all","pricingType":"fixed","className":"hassizechart product-shoes-size-eu product-shoes-size","name":"color-group-66c4a75505e89","disp_type":"square","selection_type":"tick-border","disp_size":"44","show_label_inside":true,"adjust_width":true,"cart_display_type":"text","other_text":"Other","cl_rule":"show","col":6,"values":[{"label":"35.5","value":"EU 35.5","price":"","pimage":"","pimage_id":"","pthumb":"","color":""},{"label":"36","value":"EU 36","price":"","pimage":"","pimage_id":"","pthumb":"","color":"","selected":true},{"label":"36.5","value":"EU 36.5","price":"","pimage":"","pimage_id":"","pthumb":"","color":""},{"label":"37.5","value":"EU 37.5","price":"","pimage":"","pimage_id":"","pthumb":"","color":""},{"label":"38","value":"EU 38","price":"","pimage":"","pimage_id":"","pthumb":"","color":""},{"label":"38.5","value":"EU 38.5","price":"","pimage":"","pimage_id":"","pthumb":"","color":""},{"label":"39","value":"EU 39","price":"","pimage":"","pimage_id":"","pthumb":"","color":""},{"label":"40","value":"EU 40","price":"","pimage":"","pimage_id":"","pthumb":"","color":""},{"label":"40.5","value":"EU 40.5","price":"","pimage":"","pimage_id":"","pthumb":"","color":""},{"label":"41","value":"EU 41","price":"","pimage":"","pimage_id":"","pthumb":"","color":""},{"label":"42","value":"EU 42","price":"","pimage":"","pimage_id":"","pthumb":"","color":""},{"label":"42.5","value":"EU 42.5","price":"","pimage":"","pimage_id":"","pthumb":"","color":""},{"label":"43","value":"EU 43","price":"","pimage":"","pimage_id":"","pthumb":"","color":""},{"label":"44","value":"EU 44","price":"","pimage":"","pimage_id":"","pthumb":"","color":""},{"label":"44.5","value":"EU 44.5","price":"","pimage":"","pimage_id":"","pthumb":"","color":""},{"label":"45","value":"EU 45","price":"","pimage":"","pimage_id":"","pthumb":"","color":""},{"label":"45.5","value":"EU 45.5","price":"","pimage":"","pimage_id":"","pthumb":"","color":""},{"label":"46","value":"EU 46","price":"","pimage":"","pimage_id":"","pthumb":"","color":""},{"label":"47","value":"EU 47","price":"","pimage":"","pimage_id":"","pthumb":"","color":""},{"label":"47.5","value":"EU 47.5","price":"","pimage":"","pimage_id":"","pthumb":"","color":""},{"label":"48","value":"EU 48","price":"","pimage":"","pimage_id":"","pthumb":"","color":""}],"relations":[{"operator":false,"rules":[]}],"form_id":18106,"form_rules":{"pric_cal_option_once":false,"exclude_from_discount":false,"pric_use_as_fee":false,"fee_label":"Fee","render_after_acb":false,"disp_hide_options_price":false}}]},"yoast_head":"<!-- This site is optimized with the Yoast SEO plugin v26.5 - https:\/\/yoast.com\/wordpress\/plugins\/seo\/ -->\n<title>(Women) Nike ZoomX Invincible 3 &#039;Barely Grape Black&#039;  - Tourcruiser PTE. LTD<\/title>\n<meta name=\"robots\" content=\"index, follow, max-snippet:-1, max-image-preview:large, max-video-preview:-1\" \/>\n<link rel=\"canonical\" href=\"https:\/\/tourcruiser.com\/\" \/>\n<meta property=\"og:locale\" content=\"de_DE\" \/>\n<meta property=\"og:type\" content=\"article\" \/>\n<meta property=\"og:title\" content=\"(Women) Nike ZoomX Invincible 3 &#039;Barely Grape Black&#039;  - Tourcruiser PTE. LTD\" \/>\n<meta property=\"og:description\" content=\"Nike Invincible 3 \u201d\u201d Barely Grape\/Lilac Bloom\/Sail\/Black\" \/>\n<meta property=\"og:url\" content=\"\/\" \/>\n<meta property=\"og:site_name\" content=\"Tourcruiser Sneaker Store\" \/>\n<meta property=\"article:modified_time\" content=\"2026-03-27T17:53:21+00:00\" \/>\n<meta name=\"twitter:card\" content=\"summary_large_image\" \/>\n<meta name=\"twitter:image\" content=\"https:\/\/images.novelship.com\/product\/_w__nike_invincible_3_dr2660-500_0_52579.jpeg;https:\/\/images.novelship.com\/product\/_w__nike_invincible_3_dr2660-500_1_52579.jpeg;https:\/\/images.novelship.com\/product\/_w__nike_invincible_3_dr2660-500_2_52579.jpeg;https:\/\/images.novelship.com\/product\/_w__nike_invincible_3_dr2660-500_3_52579.jpeg;https:\/\/images.novelship.com\/product\/_w__nike_invincible_3_dr2660-500_4_52579.jpeg;https:\/\/images.novelship.com\/product\/_w__nike_invincible_3_dr2660-500_5_52579.jpeg;https:\/\/images.novelship.com\/product\/_w__nike_invincible_3_dr2660-500_6_52579.jpeg;https:\/\/images.novelship.com\/product\/_w__nike_invincible_3_dr2660-500_7_52579.jpeg;https:\/\/images.novelship.com\/product\/_w__nike_invincible_3_dr2660-500_8_52579.jpeg;https:\/\/images.novelship.com\/product\/_w__nike_invincible_3_dr2660-500_9_52579.jpeg\" \/>\n<meta name=\"twitter:label1\" content=\"Gesch\u00e4tzte Lesezeit\" \/>\n\t<meta name=\"twitter:data1\" content=\"1\u00a0Minute\" \/>\n<script type=\"application\/ld+json\" class=\"yoast-schema-graph\">{\"@context\":\"https:\/\/schema.org\",\"@graph\":[{\"@type\":\"WebPage\",\"@id\":\"\/\",\"url\":\"https:\/\/tourcruiser.com\/\",\"name\":\"(Women) Nike ZoomX Invincible 3 'Barely Grape Black' - Tourcruiser PTE. LTD\",\"isPartOf\":{\"@id\":\"https:\/\/tourcruiser.com\/de\/#website\"},\"primaryImageOfPage\":{\"@id\":\"https:\/\/tourcruiser.com\/#primaryimage\"},\"image\":{\"@id\":\"https:\/\/tourcruiser.com\/#primaryimage\"},\"thumbnailUrl\":\"https:\/\/images.novelship.com\/product\/_w__nike_invincible_3_dr2660-500_0_52579.jpeg;https:\/\/images.novelship.com\/product\/_w__nike_invincible_3_dr2660-500_1_52579.jpeg;https:\/\/images.novelship.com\/product\/_w__nike_invincible_3_dr2660-500_2_52579.jpeg;https:\/\/images.novelship.com\/product\/_w__nike_invincible_3_dr2660-500_3_52579.jpeg;https:\/\/images.novelship.com\/product\/_w__nike_invincible_3_dr2660-500_4_52579.jpeg;https:\/\/images.novelship.com\/product\/_w__nike_invincible_3_dr2660-500_5_52579.jpeg;https:\/\/images.novelship.com\/product\/_w__nike_invincible_3_dr2660-500_6_52579.jpeg;https:\/\/images.novelship.com\/product\/_w__nike_invincible_3_dr2660-500_7_52579.jpeg;https:\/\/images.novelship.com\/product\/_w__nike_invincible_3_dr2660-500_8_52579.jpeg;https:\/\/images.novelship.com\/product\/_w__nike_invincible_3_dr2660-500_9_52579.jpeg\",\"datePublished\":\"2026-03-02T08:00:43+00:00\",\"dateModified\":\"2026-03-27T17:53:21+00:00\",\"breadcrumb\":{\"@id\":\"https:\/\/tourcruiser.com\/#breadcrumb\"},\"inLanguage\":\"de\",\"potentialAction\":[{\"@type\":\"ReadAction\",\"target\":[\"https:\/\/tourcruiser.com\/\"]}]},{\"@type\":\"ImageObject\",\"inLanguage\":\"de\",\"@id\":\"https:\/\/tourcruiser.com\/#primaryimage\",\"url\":\"https:\/\/images.novelship.com\/product\/_w__nike_invincible_3_dr2660-500_0_52579.jpeg;https:\/\/images.novelship.com\/product\/_w__nike_invincible_3_dr2660-500_1_52579.jpeg;https:\/\/images.novelship.com\/product\/_w__nike_invincible_3_dr2660-500_2_52579.jpeg;https:\/\/images.novelship.com\/product\/_w__nike_invincible_3_dr2660-500_3_52579.jpeg;https:\/\/images.novelship.com\/product\/_w__nike_invincible_3_dr2660-500_4_52579.jpeg;https:\/\/images.novelship.com\/product\/_w__nike_invincible_3_dr2660-500_5_52579.jpeg;https:\/\/images.novelship.com\/product\/_w__nike_invincible_3_dr2660-500_6_52579.jpeg;https:\/\/images.novelship.com\/product\/_w__nike_invincible_3_dr2660-500_7_52579.jpeg;https:\/\/images.novelship.com\/product\/_w__nike_invincible_3_dr2660-500_8_52579.jpeg;https:\/\/images.novelship.com\/product\/_w__nike_invincible_3_dr2660-500_9_52579.jpeg\",\"contentUrl\":\"https:\/\/images.novelship.com\/product\/_w__nike_invincible_3_dr2660-500_0_52579.jpeg;https:\/\/images.novelship.com\/product\/_w__nike_invincible_3_dr2660-500_1_52579.jpeg;https:\/\/images.novelship.com\/product\/_w__nike_invincible_3_dr2660-500_2_52579.jpeg;https:\/\/images.novelship.com\/product\/_w__nike_invincible_3_dr2660-500_3_52579.jpeg;https:\/\/images.novelship.com\/product\/_w__nike_invincible_3_dr2660-500_4_52579.jpeg;https:\/\/images.novelship.com\/product\/_w__nike_invincible_3_dr2660-500_5_52579.jpeg;https:\/\/images.novelship.com\/product\/_w__nike_invincible_3_dr2660-500_6_52579.jpeg;https:\/\/images.novelship.com\/product\/_w__nike_invincible_3_dr2660-500_7_52579.jpeg;https:\/\/images.novelship.com\/product\/_w__nike_invincible_3_dr2660-500_8_52579.jpeg;https:\/\/images.novelship.com\/product\/_w__nike_invincible_3_dr2660-500_9_52579.jpeg\"},{\"@type\":\"BreadcrumbList\",\"@id\":\"https:\/\/tourcruiser.com\/#breadcrumb\",\"itemListElement\":[{\"@type\":\"ListItem\",\"position\":1,\"name\":\"Home\",\"item\":\"https:\/\/tourcruiser.com\/de\/\"},{\"@type\":\"ListItem\",\"position\":2,\"name\":\"Shop\",\"item\":\"https:\/\/tourcruiser.com\/de\/shop\/\"},{\"@type\":\"ListItem\",\"position\":3,\"name\":\"(Women) Nike ZoomX Invincible 3 &#8218;Barely Grape Black&#8216;\"}]},{\"@type\":\"WebSite\",\"@id\":\"https:\/\/tourcruiser.com\/de\/#website\",\"url\":\"https:\/\/tourcruiser.com\/de\/\",\"name\":\"Styloral Jewelry Shop\",\"description\":\"Tourcruiser Sneaker Store \u2014 der Ort, an dem das Universum deine Einzigartigkeit trifft.\",\"publisher\":{\"@id\":\"https:\/\/tourcruiser.com\/de\/#organization\"},\"potentialAction\":[{\"@type\":\"SearchAction\",\"target\":{\"@type\":\"EntryPoint\",\"urlTemplate\":\"https:\/\/tourcruiser.com\/de\/?s={search_term_string}\"},\"query-input\":{\"@type\":\"PropertyValueSpecification\",\"valueRequired\":true,\"valueName\":\"search_term_string\"}}],\"inLanguage\":\"de\"},{\"@type\":\"Organization\",\"@id\":\"https:\/\/tourcruiser.com\/de\/#organization\",\"name\":\"STYLORAL PTE. LTD\",\"url\":\"https:\/\/tourcruiser.com\/de\/\",\"logo\":{\"@type\":\"ImageObject\",\"inLanguage\":\"de\",\"@id\":\"https:\/\/tourcruiser.com\/de\/#\/schema\/logo\/image\/\",\"url\":\"https:\/\/www.tourcruiser.com\/wp-content\/uploads\/2025\/12\/logo.png\",\"contentUrl\":\"https:\/\/www.tourcruiser.com\/wp-content\/uploads\/2025\/12\/logo.png\",\"width\":200,\"height\":65,\"caption\":\"STYLORAL PTE. LTD\"},\"image\":{\"@id\":\"https:\/\/tourcruiser.com\/de\/#\/schema\/logo\/image\/\"}}]}<\/script>\n<!-- \/ Yoast SEO plugin. -->","yoast_head_json":{"title":"(Women) Nike ZoomX Invincible 3 'Barely Grape Black'  - Tourcruiser PTE. LTD","robots":{"index":"index","follow":"follow","max-snippet":"max-snippet:-1","max-image-preview":"max-image-preview:large","max-video-preview":"max-video-preview:-1"},"canonical":"https:\/\/tourcruiser.com\/","og_locale":"de_DE","og_type":"article","og_title":"(Women) Nike ZoomX Invincible 3 'Barely Grape Black'  - Tourcruiser PTE. LTD","og_description":"Nike Invincible 3 \u201d\u201d Barely Grape\/Lilac Bloom\/Sail\/Black","og_url":"\/","og_site_name":"Tourcruiser Sneaker Store","article_modified_time":"2026-03-27T17:53:21+00:00","twitter_card":"summary_large_image","twitter_image":"https:\/\/images.novelship.com\/product\/_w__nike_invincible_3_dr2660-500_0_52579.jpeg;https:\/\/images.novelship.com\/product\/_w__nike_invincible_3_dr2660-500_1_52579.jpeg;https:\/\/images.novelship.com\/product\/_w__nike_invincible_3_dr2660-500_2_52579.jpeg;https:\/\/images.novelship.com\/product\/_w__nike_invincible_3_dr2660-500_3_52579.jpeg;https:\/\/images.novelship.com\/product\/_w__nike_invincible_3_dr2660-500_4_52579.jpeg;https:\/\/images.novelship.com\/product\/_w__nike_invincible_3_dr2660-500_5_52579.jpeg;https:\/\/images.novelship.com\/product\/_w__nike_invincible_3_dr2660-500_6_52579.jpeg;https:\/\/images.novelship.com\/product\/_w__nike_invincible_3_dr2660-500_7_52579.jpeg;https:\/\/images.novelship.com\/product\/_w__nike_invincible_3_dr2660-500_8_52579.jpeg;https:\/\/images.novelship.com\/product\/_w__nike_invincible_3_dr2660-500_9_52579.jpeg","twitter_misc":{"Gesch\u00e4tzte Lesezeit":"1\u00a0Minute"},"schema":{"@context":"https:\/\/schema.org","@graph":[{"@type":"WebPage","@id":"\/","url":"https:\/\/tourcruiser.com\/","name":"(Women) Nike ZoomX Invincible 3 'Barely Grape Black' - Tourcruiser PTE. LTD","isPartOf":{"@id":"https:\/\/tourcruiser.com\/de\/#website"},"primaryImageOfPage":{"@id":"https:\/\/tourcruiser.com\/#primaryimage"},"image":{"@id":"https:\/\/tourcruiser.com\/#primaryimage"},"thumbnailUrl":"https:\/\/images.novelship.com\/product\/_w__nike_invincible_3_dr2660-500_0_52579.jpeg;https:\/\/images.novelship.com\/product\/_w__nike_invincible_3_dr2660-500_1_52579.jpeg;https:\/\/images.novelship.com\/product\/_w__nike_invincible_3_dr2660-500_2_52579.jpeg;https:\/\/images.novelship.com\/product\/_w__nike_invincible_3_dr2660-500_3_52579.jpeg;https:\/\/images.novelship.com\/product\/_w__nike_invincible_3_dr2660-500_4_52579.jpeg;https:\/\/images.novelship.com\/product\/_w__nike_invincible_3_dr2660-500_5_52579.jpeg;https:\/\/images.novelship.com\/product\/_w__nike_invincible_3_dr2660-500_6_52579.jpeg;https:\/\/images.novelship.com\/product\/_w__nike_invincible_3_dr2660-500_7_52579.jpeg;https:\/\/images.novelship.com\/product\/_w__nike_invincible_3_dr2660-500_8_52579.jpeg;https:\/\/images.novelship.com\/product\/_w__nike_invincible_3_dr2660-500_9_52579.jpeg","datePublished":"2026-03-02T08:00:43+00:00","dateModified":"2026-03-27T17:53:21+00:00","breadcrumb":{"@id":"https:\/\/tourcruiser.com\/#breadcrumb"},"inLanguage":"de","potentialAction":[{"@type":"ReadAction","target":["https:\/\/tourcruiser.com\/"]}]},{"@type":"ImageObject","inLanguage":"de","@id":"https:\/\/tourcruiser.com\/#primaryimage","url":"https:\/\/images.novelship.com\/product\/_w__nike_invincible_3_dr2660-500_0_52579.jpeg;https:\/\/images.novelship.com\/product\/_w__nike_invincible_3_dr2660-500_1_52579.jpeg;https:\/\/images.novelship.com\/product\/_w__nike_invincible_3_dr2660-500_2_52579.jpeg;https:\/\/images.novelship.com\/product\/_w__nike_invincible_3_dr2660-500_3_52579.jpeg;https:\/\/images.novelship.com\/product\/_w__nike_invincible_3_dr2660-500_4_52579.jpeg;https:\/\/images.novelship.com\/product\/_w__nike_invincible_3_dr2660-500_5_52579.jpeg;https:\/\/images.novelship.com\/product\/_w__nike_invincible_3_dr2660-500_6_52579.jpeg;https:\/\/images.novelship.com\/product\/_w__nike_invincible_3_dr2660-500_7_52579.jpeg;https:\/\/images.novelship.com\/product\/_w__nike_invincible_3_dr2660-500_8_52579.jpeg;https:\/\/images.novelship.com\/product\/_w__nike_invincible_3_dr2660-500_9_52579.jpeg","contentUrl":"https:\/\/images.novelship.com\/product\/_w__nike_invincible_3_dr2660-500_0_52579.jpeg;https:\/\/images.novelship.com\/product\/_w__nike_invincible_3_dr2660-500_1_52579.jpeg;https:\/\/images.novelship.com\/product\/_w__nike_invincible_3_dr2660-500_2_52579.jpeg;https:\/\/images.novelship.com\/product\/_w__nike_invincible_3_dr2660-500_3_52579.jpeg;https:\/\/images.novelship.com\/product\/_w__nike_invincible_3_dr2660-500_4_52579.jpeg;https:\/\/images.novelship.com\/product\/_w__nike_invincible_3_dr2660-500_5_52579.jpeg;https:\/\/images.novelship.com\/product\/_w__nike_invincible_3_dr2660-500_6_52579.jpeg;https:\/\/images.novelship.com\/product\/_w__nike_invincible_3_dr2660-500_7_52579.jpeg;https:\/\/images.novelship.com\/product\/_w__nike_invincible_3_dr2660-500_8_52579.jpeg;https:\/\/images.novelship.com\/product\/_w__nike_invincible_3_dr2660-500_9_52579.jpeg"},{"@type":"BreadcrumbList","@id":"https:\/\/tourcruiser.com\/#breadcrumb","itemListElement":[{"@type":"ListItem","position":1,"name":"Home","item":"https:\/\/tourcruiser.com\/de\/"},{"@type":"ListItem","position":2,"name":"Shop","item":"https:\/\/tourcruiser.com\/de\/shop\/"},{"@type":"ListItem","position":3,"name":"(Women) Nike ZoomX Invincible 3 &#8218;Barely Grape Black&#8216;"}]},{"@type":"WebSite","@id":"https:\/\/tourcruiser.com\/de\/#website","url":"https:\/\/tourcruiser.com\/de\/","name":"Styloral Jewelry Shop","description":"Tourcruiser Sneaker Store \u2014 der Ort, an dem das Universum deine Einzigartigkeit trifft.","publisher":{"@id":"https:\/\/tourcruiser.com\/de\/#organization"},"potentialAction":[{"@type":"SearchAction","target":{"@type":"EntryPoint","urlTemplate":"https:\/\/tourcruiser.com\/de\/?s={search_term_string}"},"query-input":{"@type":"PropertyValueSpecification","valueRequired":true,"valueName":"search_term_string"}}],"inLanguage":"de"},{"@type":"Organization","@id":"https:\/\/tourcruiser.com\/de\/#organization","name":"STYLORAL PTE. LTD","url":"https:\/\/tourcruiser.com\/de\/","logo":{"@type":"ImageObject","inLanguage":"de","@id":"https:\/\/tourcruiser.com\/de\/#\/schema\/logo\/image\/","url":"https:\/\/www.tourcruiser.com\/wp-content\/uploads\/2025\/12\/logo.png","contentUrl":"https:\/\/www.tourcruiser.com\/wp-content\/uploads\/2025\/12\/logo.png","width":200,"height":65,"caption":"STYLORAL PTE. LTD"},"image":{"@id":"https:\/\/tourcruiser.com\/de\/#\/schema\/logo\/image\/"}}]}},"_links":{"self":[{"href":"https:\/\/tourcruiser.com\/de\/wp-json\/wp\/v2\/product\/44993","targetHints":{"allow":["GET"]}}],"collection":[{"href":"https:\/\/tourcruiser.com\/de\/wp-json\/wp\/v2\/product"}],"about":[{"href":"https:\/\/tourcruiser.com\/de\/wp-json\/wp\/v2\/types\/product"}],"replies":[{"embeddable":true,"href":"https:\/\/tourcruiser.com\/de\/wp-json\/wp\/v2\/comments?post=44993"}],"wp:featuredmedia":[{"embeddable":true,"href":"https:\/\/tourcruiser.com\/de\/wp-json\/wp\/v2\/media\/44994"}],"wp:attachment":[{"href":"https:\/\/tourcruiser.com\/de\/wp-json\/wp\/v2\/media?parent=44993"}],"wp:term":[{"taxonomy":"product_brand","embeddable":true,"href":"https:\/\/tourcruiser.com\/de\/wp-json\/wp\/v2\/product_brand?post=44993"},{"taxonomy":"product_cat","embeddable":true,"href":"https:\/\/tourcruiser.com\/de\/wp-json\/wp\/v2\/product_cat?post=44993"},{"taxonomy":"product_tag","embeddable":true,"href":"https:\/\/tourcruiser.com\/de\/wp-json\/wp\/v2\/product_tag?post=44993"}],"curies":[{"name":"wp","href":"https:\/\/api.w.org\/{rel}","templated":true}]}}