{"id":449911,"date":"2026-03-21T12:02:27","date_gmt":"2026-03-21T05:02:27","guid":{"rendered":"http:\/\/tourcruiser.com\/product\/air-jordan-legacy-312-low-sea-glass-fv8115-101"},"modified":"2026-03-21T12:02:27","modified_gmt":"2026-03-21T05:02:27","slug":"air-jordan-legacy-312-low-sea-glass-fv8115-101","status":"publish","type":"product","link":"https:\/\/tourcruiser.com\/de\/products\/air-jordan-legacy-312-low-sea-glass-fv8115-101\/","title":{"rendered":"Air Jordan Legacy 312 Low &#8218;Sea Glass&#8216; FV8115-101"},"content":{"rendered":"<p>Verleihe deinem Style mit dem Air Jordan Legacy 312 Low &#8218;Sea Glass&#8216; das gewisse Extra! Dieser faszinierende Sneaker vereint klassische AJ-Elemente mit einem modernen Touch. Sein aquamarinblaues Obermaterial, inspiriert vom Meer, verspr\u00c3\u00bcht eine erfrischende und lebendige Ausstrahlung. Dank der weichen D\u00c3\u00a4mpfung und der flexiblen Sohle genie\u00c3\u0178t du unvergleichlichen Tragekomfort \u00e2\u20ac\u201c den ganzen Tag lang. Ob auf der Stra\u00c3\u0178e oder auf dem Court \u00e2\u20ac\u201c die \u00e2\u20ac\u017eSea Glass\u00e2\u20ac\u0153 312 Lows sind ein Must-have f\u00c3\u00bcr Sneaker-Fans und modebewusste Menschen.<\/p>\n<ul>\n<li><strong>Farbgebung:<\/strong> Wei\u00c3\u0178\/Seegras\/Cool Grey<\/li>\n<li><strong>Style-Code:<\/strong> FV8115-101<\/li>\n<li><strong>Obermaterial:<\/strong> Leder<\/li>\n<li><strong>Zwischensohle:<\/strong> Air<\/li>\n<li><strong>Farbe:<\/strong> Grau<\/li>\n<li><strong>Designer:<\/strong> Don C<\/li>\n<\/ul>\n","protected":false},"excerpt":{"rendered":"<p>Verleihe deinem Style mit dem Air Jordan Legacy 312 Low &#8218;Sea Glass&#8216; das gewisse Extra! Dieser faszinierende Sneaker vereint klassische AJ-Elemente mit einem modernen Touch. Sein aquamarinblaues Obermaterial, inspiriert vom Meer, verspr\u00c3\u00bcht eine erfrischende und lebendige Ausstrahlung. Dank der weichen D\u00c3\u00a4mpfung und der flexiblen Sohle genie\u00c3\u0178t du unvergleichlichen Tragekomfort \u00e2\u20ac\u201c den ganzen Tag lang. Ob [&hellip;]<\/p>\n","protected":false},"featured_media":449912,"comment_status":"open","ping_status":"closed","template":"","meta":[],"product_brand":[],"product_cat":[38869,39504,38878,38842],"product_tag":[10750,10753,10776,11350,10754,10777,10756],"class_list":{"0":"post-449911","1":"product","2":"type-product","3":"status-publish","4":"has-post-thumbnail","6":"product_cat-jordan","7":"product_cat-jordan-legacy-312-low","8":"product_cat-lifestyle-shoes-basketball-inspired","9":"product_cat-gender-men","10":"product_tag-athleisure-shoes","11":"product_tag-gift-for-him","12":"product_tag-jordan","13":"product_tag-jordan-skateboarding-shoes","14":"product_tag-lifestyle-casual-shoes","15":"product_tag-lifestyle-shoes-basketball-inspired","16":"product_tag-retro-casual-shoes","17":"wcpa_has_options","19":"first","20":"instock","21":"taxable","22":"shipping-taxable","23":"purchasable","24":"product-type-simple"},"wcpa_form_fields":{"rules":{"pric_overide_base_price":false,"pric_overide_base_price_if_gt_zero":false,"pric_overide_base_price_fully":false,"pric_cal_option_once":false,"pric_use_as_fee":false,"bind_quantity":false,"quantity_bind_formula":false},"fields":[{"type":"color-group","required":true,"elementId":"wcpa-color-group-66c4a75505e74","label":"Gr\u00f6\u00dfe - EU Gr\u00f6\u00dfe","inline":true,"priceOptions":"different_for_all","pricingType":"fixed","className":"hassizechart product-shoes-size-eu product-shoes-size","name":"color-group-66c4a75505e89","disp_type":"square","selection_type":"tick-border","disp_size":"44","show_label_inside":true,"adjust_width":true,"cart_display_type":"text","other_text":"Other","cl_rule":"show","col":6,"values":[{"label":"35.5","value":"EU 35.5","price":"","pimage":"","pimage_id":"","pthumb":"","color":""},{"label":"36","value":"EU 36","price":"","pimage":"","pimage_id":"","pthumb":"","color":"","selected":true},{"label":"36.5","value":"EU 36.5","price":"","pimage":"","pimage_id":"","pthumb":"","color":""},{"label":"37.5","value":"EU 37.5","price":"","pimage":"","pimage_id":"","pthumb":"","color":""},{"label":"38","value":"EU 38","price":"","pimage":"","pimage_id":"","pthumb":"","color":""},{"label":"38.5","value":"EU 38.5","price":"","pimage":"","pimage_id":"","pthumb":"","color":""},{"label":"39","value":"EU 39","price":"","pimage":"","pimage_id":"","pthumb":"","color":""},{"label":"40","value":"EU 40","price":"","pimage":"","pimage_id":"","pthumb":"","color":""},{"label":"40.5","value":"EU 40.5","price":"","pimage":"","pimage_id":"","pthumb":"","color":""},{"label":"41","value":"EU 41","price":"","pimage":"","pimage_id":"","pthumb":"","color":""},{"label":"42","value":"EU 42","price":"","pimage":"","pimage_id":"","pthumb":"","color":""},{"label":"42.5","value":"EU 42.5","price":"","pimage":"","pimage_id":"","pthumb":"","color":""},{"label":"43","value":"EU 43","price":"","pimage":"","pimage_id":"","pthumb":"","color":""},{"label":"44","value":"EU 44","price":"","pimage":"","pimage_id":"","pthumb":"","color":""},{"label":"44.5","value":"EU 44.5","price":"","pimage":"","pimage_id":"","pthumb":"","color":""},{"label":"45","value":"EU 45","price":"","pimage":"","pimage_id":"","pthumb":"","color":""},{"label":"45.5","value":"EU 45.5","price":"","pimage":"","pimage_id":"","pthumb":"","color":""},{"label":"46","value":"EU 46","price":"","pimage":"","pimage_id":"","pthumb":"","color":""},{"label":"47","value":"EU 47","price":"","pimage":"","pimage_id":"","pthumb":"","color":""},{"label":"47.5","value":"EU 47.5","price":"","pimage":"","pimage_id":"","pthumb":"","color":""},{"label":"48","value":"EU 48","price":"","pimage":"","pimage_id":"","pthumb":"","color":""}],"relations":[{"operator":false,"rules":[]}],"form_id":18106,"form_rules":{"pric_cal_option_once":false,"exclude_from_discount":false,"pric_use_as_fee":false,"fee_label":"Fee","render_after_acb":false,"disp_hide_options_price":false}}]},"yoast_head":"<!-- This site is optimized with the Yoast SEO plugin v26.5 - https:\/\/yoast.com\/wordpress\/plugins\/seo\/ -->\n<title>Air Jordan Legacy 312 Low &#039;Sea Glass&#039; FV8115-101 - Tourcruiser PTE. LTD<\/title>\n<meta name=\"robots\" content=\"index, follow, max-snippet:-1, max-image-preview:large, max-video-preview:-1\" \/>\n<link rel=\"canonical\" href=\"https:\/\/tourcruiser.com\/de\/products\/air-jordan-legacy-312-low-sea-glass-fv8115-101\/\" \/>\n<meta property=\"og:locale\" content=\"de_DE\" \/>\n<meta property=\"og:type\" content=\"article\" \/>\n<meta property=\"og:title\" content=\"Air Jordan Legacy 312 Low &#039;Sea Glass&#039; FV8115-101 - Tourcruiser PTE. LTD\" \/>\n<meta property=\"og:description\" content=\"Verleihe deinem Style mit dem Air Jordan Legacy 312 Low &#8218;Sea Glass&#8216; das gewisse Extra! Dieser faszinierende Sneaker vereint klassische AJ-Elemente mit einem modernen Touch. Sein aquamarinblaues Obermaterial, inspiriert vom Meer, verspr\u00c3\u00bcht eine erfrischende und lebendige Ausstrahlung. Dank der weichen D\u00c3\u00a4mpfung und der flexiblen Sohle genie\u00c3\u0178t du unvergleichlichen Tragekomfort \u00e2\u20ac\u201c den ganzen Tag lang. Ob [&hellip;]\" \/>\n<meta property=\"og:url\" content=\"https:\/\/tourcruiser.com\/de\/products\/air-jordan-legacy-312-low-sea-glass-fv8115-101\/\" \/>\n<meta property=\"og:site_name\" content=\"Tourcruiser Sneaker Store\" \/>\n<meta name=\"twitter:card\" content=\"summary_large_image\" \/>\n<meta name=\"twitter:image\" content=\"https:\/\/images.novelship.com\/product\/air_jordan_legacy_312_low__sea_glass__fv8115-101_0_87964.jpeg\" \/>\n<script type=\"application\/ld+json\" class=\"yoast-schema-graph\">{\"@context\":\"https:\/\/schema.org\",\"@graph\":[{\"@type\":\"WebPage\",\"@id\":\"https:\/\/tourcruiser.com\/de\/products\/air-jordan-legacy-312-low-sea-glass-fv8115-101\/\",\"url\":\"https:\/\/tourcruiser.com\/de\/products\/air-jordan-legacy-312-low-sea-glass-fv8115-101\/\",\"name\":\"Air Jordan Legacy 312 Low 'Sea Glass' FV8115-101 - Tourcruiser PTE. LTD\",\"isPartOf\":{\"@id\":\"https:\/\/tourcruiser.com\/de\/#website\"},\"primaryImageOfPage\":{\"@id\":\"https:\/\/tourcruiser.com\/de\/products\/air-jordan-legacy-312-low-sea-glass-fv8115-101\/#primaryimage\"},\"image\":{\"@id\":\"https:\/\/tourcruiser.com\/de\/products\/air-jordan-legacy-312-low-sea-glass-fv8115-101\/#primaryimage\"},\"thumbnailUrl\":\"https:\/\/images.novelship.com\/product\/air_jordan_legacy_312_low__sea_glass__fv8115-101_0_87964.jpeg\",\"datePublished\":\"2026-03-21T05:02:27+00:00\",\"breadcrumb\":{\"@id\":\"https:\/\/tourcruiser.com\/de\/products\/air-jordan-legacy-312-low-sea-glass-fv8115-101\/#breadcrumb\"},\"inLanguage\":\"de\",\"potentialAction\":[{\"@type\":\"ReadAction\",\"target\":[\"https:\/\/tourcruiser.com\/de\/products\/air-jordan-legacy-312-low-sea-glass-fv8115-101\/\"]}]},{\"@type\":\"ImageObject\",\"inLanguage\":\"de\",\"@id\":\"https:\/\/tourcruiser.com\/de\/products\/air-jordan-legacy-312-low-sea-glass-fv8115-101\/#primaryimage\",\"url\":\"https:\/\/images.novelship.com\/product\/air_jordan_legacy_312_low__sea_glass__fv8115-101_0_87964.jpeg\",\"contentUrl\":\"https:\/\/images.novelship.com\/product\/air_jordan_legacy_312_low__sea_glass__fv8115-101_0_87964.jpeg\"},{\"@type\":\"BreadcrumbList\",\"@id\":\"https:\/\/tourcruiser.com\/de\/products\/air-jordan-legacy-312-low-sea-glass-fv8115-101\/#breadcrumb\",\"itemListElement\":[{\"@type\":\"ListItem\",\"position\":1,\"name\":\"Home\",\"item\":\"https:\/\/tourcruiser.com\/de\/\"},{\"@type\":\"ListItem\",\"position\":2,\"name\":\"Shop\",\"item\":\"https:\/\/tourcruiser.com\/de\/shop\/\"},{\"@type\":\"ListItem\",\"position\":3,\"name\":\"Air Jordan Legacy 312 Low 'Sea Glass' FV8115-101\"}]},{\"@type\":\"WebSite\",\"@id\":\"https:\/\/tourcruiser.com\/de\/#website\",\"url\":\"https:\/\/tourcruiser.com\/de\/\",\"name\":\"Styloral Jewelry Shop\",\"description\":\"Tourcruiser Sneaker Store \u2014 der Ort, an dem das Universum deine Einzigartigkeit trifft.\",\"publisher\":{\"@id\":\"https:\/\/tourcruiser.com\/de\/#organization\"},\"potentialAction\":[{\"@type\":\"SearchAction\",\"target\":{\"@type\":\"EntryPoint\",\"urlTemplate\":\"https:\/\/tourcruiser.com\/de\/?s={search_term_string}\"},\"query-input\":{\"@type\":\"PropertyValueSpecification\",\"valueRequired\":true,\"valueName\":\"search_term_string\"}}],\"inLanguage\":\"de\"},{\"@type\":\"Organization\",\"@id\":\"https:\/\/tourcruiser.com\/de\/#organization\",\"name\":\"STYLORAL PTE. LTD\",\"url\":\"https:\/\/tourcruiser.com\/de\/\",\"logo\":{\"@type\":\"ImageObject\",\"inLanguage\":\"de\",\"@id\":\"https:\/\/tourcruiser.com\/de\/#\/schema\/logo\/image\/\",\"url\":\"https:\/\/www.tourcruiser.com\/wp-content\/uploads\/2025\/12\/logo.png\",\"contentUrl\":\"https:\/\/www.tourcruiser.com\/wp-content\/uploads\/2025\/12\/logo.png\",\"width\":200,\"height\":65,\"caption\":\"STYLORAL PTE. LTD\"},\"image\":{\"@id\":\"https:\/\/tourcruiser.com\/de\/#\/schema\/logo\/image\/\"}}]}<\/script>\n<!-- \/ Yoast SEO plugin. -->","yoast_head_json":{"title":"Air Jordan Legacy 312 Low 'Sea Glass' FV8115-101 - Tourcruiser PTE. LTD","robots":{"index":"index","follow":"follow","max-snippet":"max-snippet:-1","max-image-preview":"max-image-preview:large","max-video-preview":"max-video-preview:-1"},"canonical":"https:\/\/tourcruiser.com\/de\/products\/air-jordan-legacy-312-low-sea-glass-fv8115-101\/","og_locale":"de_DE","og_type":"article","og_title":"Air Jordan Legacy 312 Low 'Sea Glass' FV8115-101 - Tourcruiser PTE. LTD","og_description":"Verleihe deinem Style mit dem Air Jordan Legacy 312 Low &#8218;Sea Glass&#8216; das gewisse Extra! Dieser faszinierende Sneaker vereint klassische AJ-Elemente mit einem modernen Touch. Sein aquamarinblaues Obermaterial, inspiriert vom Meer, verspr\u00c3\u00bcht eine erfrischende und lebendige Ausstrahlung. Dank der weichen D\u00c3\u00a4mpfung und der flexiblen Sohle genie\u00c3\u0178t du unvergleichlichen Tragekomfort \u00e2\u20ac\u201c den ganzen Tag lang. Ob [&hellip;]","og_url":"https:\/\/tourcruiser.com\/de\/products\/air-jordan-legacy-312-low-sea-glass-fv8115-101\/","og_site_name":"Tourcruiser Sneaker Store","twitter_card":"summary_large_image","twitter_image":"https:\/\/images.novelship.com\/product\/air_jordan_legacy_312_low__sea_glass__fv8115-101_0_87964.jpeg","schema":{"@context":"https:\/\/schema.org","@graph":[{"@type":"WebPage","@id":"https:\/\/tourcruiser.com\/de\/products\/air-jordan-legacy-312-low-sea-glass-fv8115-101\/","url":"https:\/\/tourcruiser.com\/de\/products\/air-jordan-legacy-312-low-sea-glass-fv8115-101\/","name":"Air Jordan Legacy 312 Low 'Sea Glass' FV8115-101 - Tourcruiser PTE. LTD","isPartOf":{"@id":"https:\/\/tourcruiser.com\/de\/#website"},"primaryImageOfPage":{"@id":"https:\/\/tourcruiser.com\/de\/products\/air-jordan-legacy-312-low-sea-glass-fv8115-101\/#primaryimage"},"image":{"@id":"https:\/\/tourcruiser.com\/de\/products\/air-jordan-legacy-312-low-sea-glass-fv8115-101\/#primaryimage"},"thumbnailUrl":"https:\/\/images.novelship.com\/product\/air_jordan_legacy_312_low__sea_glass__fv8115-101_0_87964.jpeg","datePublished":"2026-03-21T05:02:27+00:00","breadcrumb":{"@id":"https:\/\/tourcruiser.com\/de\/products\/air-jordan-legacy-312-low-sea-glass-fv8115-101\/#breadcrumb"},"inLanguage":"de","potentialAction":[{"@type":"ReadAction","target":["https:\/\/tourcruiser.com\/de\/products\/air-jordan-legacy-312-low-sea-glass-fv8115-101\/"]}]},{"@type":"ImageObject","inLanguage":"de","@id":"https:\/\/tourcruiser.com\/de\/products\/air-jordan-legacy-312-low-sea-glass-fv8115-101\/#primaryimage","url":"https:\/\/images.novelship.com\/product\/air_jordan_legacy_312_low__sea_glass__fv8115-101_0_87964.jpeg","contentUrl":"https:\/\/images.novelship.com\/product\/air_jordan_legacy_312_low__sea_glass__fv8115-101_0_87964.jpeg"},{"@type":"BreadcrumbList","@id":"https:\/\/tourcruiser.com\/de\/products\/air-jordan-legacy-312-low-sea-glass-fv8115-101\/#breadcrumb","itemListElement":[{"@type":"ListItem","position":1,"name":"Home","item":"https:\/\/tourcruiser.com\/de\/"},{"@type":"ListItem","position":2,"name":"Shop","item":"https:\/\/tourcruiser.com\/de\/shop\/"},{"@type":"ListItem","position":3,"name":"Air Jordan Legacy 312 Low 'Sea Glass' FV8115-101"}]},{"@type":"WebSite","@id":"https:\/\/tourcruiser.com\/de\/#website","url":"https:\/\/tourcruiser.com\/de\/","name":"Styloral Jewelry Shop","description":"Tourcruiser Sneaker Store \u2014 der Ort, an dem das Universum deine Einzigartigkeit trifft.","publisher":{"@id":"https:\/\/tourcruiser.com\/de\/#organization"},"potentialAction":[{"@type":"SearchAction","target":{"@type":"EntryPoint","urlTemplate":"https:\/\/tourcruiser.com\/de\/?s={search_term_string}"},"query-input":{"@type":"PropertyValueSpecification","valueRequired":true,"valueName":"search_term_string"}}],"inLanguage":"de"},{"@type":"Organization","@id":"https:\/\/tourcruiser.com\/de\/#organization","name":"STYLORAL PTE. LTD","url":"https:\/\/tourcruiser.com\/de\/","logo":{"@type":"ImageObject","inLanguage":"de","@id":"https:\/\/tourcruiser.com\/de\/#\/schema\/logo\/image\/","url":"https:\/\/www.tourcruiser.com\/wp-content\/uploads\/2025\/12\/logo.png","contentUrl":"https:\/\/www.tourcruiser.com\/wp-content\/uploads\/2025\/12\/logo.png","width":200,"height":65,"caption":"STYLORAL PTE. LTD"},"image":{"@id":"https:\/\/tourcruiser.com\/de\/#\/schema\/logo\/image\/"}}]}},"_links":{"self":[{"href":"https:\/\/tourcruiser.com\/de\/wp-json\/wp\/v2\/product\/449911","targetHints":{"allow":["GET"]}}],"collection":[{"href":"https:\/\/tourcruiser.com\/de\/wp-json\/wp\/v2\/product"}],"about":[{"href":"https:\/\/tourcruiser.com\/de\/wp-json\/wp\/v2\/types\/product"}],"replies":[{"embeddable":true,"href":"https:\/\/tourcruiser.com\/de\/wp-json\/wp\/v2\/comments?post=449911"}],"wp:featuredmedia":[{"embeddable":true,"href":"https:\/\/tourcruiser.com\/de\/wp-json\/wp\/v2\/media\/449912"}],"wp:attachment":[{"href":"https:\/\/tourcruiser.com\/de\/wp-json\/wp\/v2\/media?parent=449911"}],"wp:term":[{"taxonomy":"product_brand","embeddable":true,"href":"https:\/\/tourcruiser.com\/de\/wp-json\/wp\/v2\/product_brand?post=449911"},{"taxonomy":"product_cat","embeddable":true,"href":"https:\/\/tourcruiser.com\/de\/wp-json\/wp\/v2\/product_cat?post=449911"},{"taxonomy":"product_tag","embeddable":true,"href":"https:\/\/tourcruiser.com\/de\/wp-json\/wp\/v2\/product_tag?post=449911"}],"curies":[{"name":"wp","href":"https:\/\/api.w.org\/{rel}","templated":true}]}}