{"id":449848,"date":"2026-03-21T12:02:25","date_gmt":"2026-03-21T05:02:25","guid":{"rendered":"http:\/\/tourcruiser.com\/product\/preschool-air-jordan-4-retro-og-bred-2019-bq7669-060"},"modified":"2026-03-21T12:02:25","modified_gmt":"2026-03-21T05:02:25","slug":"preschool-air-jordan-4-retro-og-bred-2019-bq7669-060","status":"publish","type":"product","link":"https:\/\/tourcruiser.com\/de\/products\/preschool-air-jordan-4-retro-og-bred-2019-bq7669-060\/","title":{"rendered":"(Preschool) Air Jordan 4 Retro OG &#8218;Bred&#8216; 2019 BQ7669-060"},"content":{"rendered":"<p>Mit dem Air Jordan 4 Retro OG \u00e2\u20ac\u017eBred\u00e2\u20ac\u0153 2019 f\u00c3\u00bcr Vorschulkinder ist der legend\u00c3\u00a4re Style Ihres Kindes garantiert. Diese Mini-Sneaker bestechen durch die klassische schwarz-rote Farbkombination, ein hochwertiges Obermaterial aus Leder, Mesh-Eins\u00c3\u00a4tze und das charakteristische \u00e2\u20ac\u017eWings\u00e2\u20ac\u0153-Logo. Dank ihrer robusten Verarbeitung und der bequemen D\u00c3\u00a4mpfung sehen diese Jordans bei Ihrem Kind nicht nur gut aus, sondern f\u00c3\u00bchlen sich auch rundum wohl. Verleihen Sie Ihren Kindern mit diesem zeitlosen Klassiker, der Stil und Funktionalit\u00c3\u00a4t vereint, ein neues Schuh-Highlight.<\/p>\n<ul>\n<li><strong>Farbgebung:<\/strong> Schwarz\/Zementgrau-Summitwei\u00c3\u0178-Feuerrot<\/li>\n<li><strong>Artikelnummer:<\/strong> BQ7669-060<\/li>\n<li><strong>Obermaterial:<\/strong> Nubukleder<\/li>\n<li><strong>Zwischensohle:<\/strong> Air<\/li>\n<li><strong>Farbe:<\/strong> Schwarz<\/li>\n<li><strong>Designer:<\/strong> Tinker Hatfield<\/li>\n<li><strong>Saison:<\/strong> Fr\u00c3\u00bchling<\/li>\n<li><strong>Erscheinungsjahr:<\/strong> 2019<\/li>\n<\/ul>\n","protected":false},"excerpt":{"rendered":"<p>Mit dem Air Jordan 4 Retro OG \u00e2\u20ac\u017eBred\u00e2\u20ac\u0153 2019 f\u00c3\u00bcr Vorschulkinder ist der legend\u00c3\u00a4re Style Ihres Kindes garantiert. Diese Mini-Sneaker bestechen durch die klassische schwarz-rote Farbkombination, ein hochwertiges Obermaterial aus Leder, Mesh-Eins\u00c3\u00a4tze und das charakteristische \u00e2\u20ac\u017eWings\u00e2\u20ac\u0153-Logo. Dank ihrer robusten Verarbeitung und der bequemen D\u00c3\u00a4mpfung sehen diese Jordans bei Ihrem Kind nicht nur gut aus, sondern [&hellip;]<\/p>\n","protected":false},"featured_media":449849,"comment_status":"open","ping_status":"closed","template":"","meta":[],"product_brand":[],"product_cat":[38869,39492,38878,38975],"product_tag":[10750,10776,10754,10777,10756],"class_list":{"0":"post-449848","1":"product","2":"type-product","3":"status-publish","4":"has-post-thumbnail","6":"product_cat-jordan","7":"product_cat-jordan-jordan-4-retro-og","8":"product_cat-lifestyle-shoes-basketball-inspired","9":"product_cat-gender-ps","10":"product_tag-athleisure-shoes","11":"product_tag-jordan","12":"product_tag-lifestyle-casual-shoes","13":"product_tag-lifestyle-shoes-basketball-inspired","14":"product_tag-retro-casual-shoes","15":"wcpa_has_options","17":"first","18":"instock","19":"taxable","20":"shipping-taxable","21":"purchasable","22":"product-type-simple"},"wcpa_form_fields":{"rules":{"pric_overide_base_price":false,"pric_overide_base_price_if_gt_zero":false,"pric_overide_base_price_fully":false,"pric_cal_option_once":false,"pric_use_as_fee":false,"bind_quantity":false,"quantity_bind_formula":false},"fields":[{"type":"color-group","required":true,"elementId":"wcpa-color-group-66c4a75505e74","label":"Gr\u00f6\u00dfe - EU Gr\u00f6\u00dfe","inline":true,"priceOptions":"different_for_all","pricingType":"fixed","className":"hassizechart product-shoes-size-eu product-shoes-size","name":"color-group-66c4a75505e89","disp_type":"square","selection_type":"tick-border","disp_size":"44","show_label_inside":true,"adjust_width":true,"cart_display_type":"text","other_text":"Other","cl_rule":"show","col":6,"values":[{"label":"35.5","value":"EU 35.5","price":"","pimage":"","pimage_id":"","pthumb":"","color":""},{"label":"36","value":"EU 36","price":"","pimage":"","pimage_id":"","pthumb":"","color":"","selected":true},{"label":"36.5","value":"EU 36.5","price":"","pimage":"","pimage_id":"","pthumb":"","color":""},{"label":"37.5","value":"EU 37.5","price":"","pimage":"","pimage_id":"","pthumb":"","color":""},{"label":"38","value":"EU 38","price":"","pimage":"","pimage_id":"","pthumb":"","color":""},{"label":"38.5","value":"EU 38.5","price":"","pimage":"","pimage_id":"","pthumb":"","color":""},{"label":"39","value":"EU 39","price":"","pimage":"","pimage_id":"","pthumb":"","color":""},{"label":"40","value":"EU 40","price":"","pimage":"","pimage_id":"","pthumb":"","color":""},{"label":"40.5","value":"EU 40.5","price":"","pimage":"","pimage_id":"","pthumb":"","color":""},{"label":"41","value":"EU 41","price":"","pimage":"","pimage_id":"","pthumb":"","color":""},{"label":"42","value":"EU 42","price":"","pimage":"","pimage_id":"","pthumb":"","color":""},{"label":"42.5","value":"EU 42.5","price":"","pimage":"","pimage_id":"","pthumb":"","color":""},{"label":"43","value":"EU 43","price":"","pimage":"","pimage_id":"","pthumb":"","color":""},{"label":"44","value":"EU 44","price":"","pimage":"","pimage_id":"","pthumb":"","color":""},{"label":"44.5","value":"EU 44.5","price":"","pimage":"","pimage_id":"","pthumb":"","color":""},{"label":"45","value":"EU 45","price":"","pimage":"","pimage_id":"","pthumb":"","color":""},{"label":"45.5","value":"EU 45.5","price":"","pimage":"","pimage_id":"","pthumb":"","color":""},{"label":"46","value":"EU 46","price":"","pimage":"","pimage_id":"","pthumb":"","color":""},{"label":"47","value":"EU 47","price":"","pimage":"","pimage_id":"","pthumb":"","color":""},{"label":"47.5","value":"EU 47.5","price":"","pimage":"","pimage_id":"","pthumb":"","color":""},{"label":"48","value":"EU 48","price":"","pimage":"","pimage_id":"","pthumb":"","color":""}],"relations":[{"operator":false,"rules":[]}],"form_id":18106,"form_rules":{"pric_cal_option_once":false,"exclude_from_discount":false,"pric_use_as_fee":false,"fee_label":"Fee","render_after_acb":false,"disp_hide_options_price":false}}]},"yoast_head":"<!-- This site is optimized with the Yoast SEO plugin v26.5 - https:\/\/yoast.com\/wordpress\/plugins\/seo\/ -->\n<title>(Preschool) Air Jordan 4 Retro OG &#039;Bred&#039; 2019 BQ7669-060 - Tourcruiser PTE. LTD<\/title>\n<meta name=\"robots\" content=\"index, follow, max-snippet:-1, max-image-preview:large, max-video-preview:-1\" \/>\n<link rel=\"canonical\" href=\"https:\/\/tourcruiser.com\/de\/products\/preschool-air-jordan-4-retro-og-bred-2019-bq7669-060\/\" \/>\n<meta property=\"og:locale\" content=\"de_DE\" \/>\n<meta property=\"og:type\" content=\"article\" \/>\n<meta property=\"og:title\" content=\"(Preschool) Air Jordan 4 Retro OG &#039;Bred&#039; 2019 BQ7669-060 - Tourcruiser PTE. LTD\" \/>\n<meta property=\"og:description\" content=\"Mit dem Air Jordan 4 Retro OG \u00e2\u20ac\u017eBred\u00e2\u20ac\u0153 2019 f\u00c3\u00bcr Vorschulkinder ist der legend\u00c3\u00a4re Style Ihres Kindes garantiert. Diese Mini-Sneaker bestechen durch die klassische schwarz-rote Farbkombination, ein hochwertiges Obermaterial aus Leder, Mesh-Eins\u00c3\u00a4tze und das charakteristische \u00e2\u20ac\u017eWings\u00e2\u20ac\u0153-Logo. Dank ihrer robusten Verarbeitung und der bequemen D\u00c3\u00a4mpfung sehen diese Jordans bei Ihrem Kind nicht nur gut aus, sondern [&hellip;]\" \/>\n<meta property=\"og:url\" content=\"https:\/\/tourcruiser.com\/de\/products\/preschool-air-jordan-4-retro-og-bred-2019-bq7669-060\/\" \/>\n<meta property=\"og:site_name\" content=\"Tourcruiser Sneaker Store\" \/>\n<meta name=\"twitter:card\" content=\"summary_large_image\" \/>\n<meta name=\"twitter:image\" content=\"https:\/\/images.novelship.com\/product\/_preschool__air_jordan_4_retro_og__bred__2019_bq76_0_50132.jpeg\" \/>\n<meta name=\"twitter:label1\" content=\"Gesch\u00e4tzte Lesezeit\" \/>\n\t<meta name=\"twitter:data1\" content=\"1\u00a0Minute\" \/>\n<script type=\"application\/ld+json\" class=\"yoast-schema-graph\">{\"@context\":\"https:\/\/schema.org\",\"@graph\":[{\"@type\":\"WebPage\",\"@id\":\"https:\/\/tourcruiser.com\/de\/products\/preschool-air-jordan-4-retro-og-bred-2019-bq7669-060\/\",\"url\":\"https:\/\/tourcruiser.com\/de\/products\/preschool-air-jordan-4-retro-og-bred-2019-bq7669-060\/\",\"name\":\"(Preschool) Air Jordan 4 Retro OG 'Bred' 2019 BQ7669-060 - Tourcruiser PTE. LTD\",\"isPartOf\":{\"@id\":\"https:\/\/tourcruiser.com\/de\/#website\"},\"primaryImageOfPage\":{\"@id\":\"https:\/\/tourcruiser.com\/de\/products\/preschool-air-jordan-4-retro-og-bred-2019-bq7669-060\/#primaryimage\"},\"image\":{\"@id\":\"https:\/\/tourcruiser.com\/de\/products\/preschool-air-jordan-4-retro-og-bred-2019-bq7669-060\/#primaryimage\"},\"thumbnailUrl\":\"https:\/\/images.novelship.com\/product\/_preschool__air_jordan_4_retro_og__bred__2019_bq76_0_50132.jpeg\",\"datePublished\":\"2026-03-21T05:02:25+00:00\",\"breadcrumb\":{\"@id\":\"https:\/\/tourcruiser.com\/de\/products\/preschool-air-jordan-4-retro-og-bred-2019-bq7669-060\/#breadcrumb\"},\"inLanguage\":\"de\",\"potentialAction\":[{\"@type\":\"ReadAction\",\"target\":[\"https:\/\/tourcruiser.com\/de\/products\/preschool-air-jordan-4-retro-og-bred-2019-bq7669-060\/\"]}]},{\"@type\":\"ImageObject\",\"inLanguage\":\"de\",\"@id\":\"https:\/\/tourcruiser.com\/de\/products\/preschool-air-jordan-4-retro-og-bred-2019-bq7669-060\/#primaryimage\",\"url\":\"https:\/\/images.novelship.com\/product\/_preschool__air_jordan_4_retro_og__bred__2019_bq76_0_50132.jpeg\",\"contentUrl\":\"https:\/\/images.novelship.com\/product\/_preschool__air_jordan_4_retro_og__bred__2019_bq76_0_50132.jpeg\"},{\"@type\":\"BreadcrumbList\",\"@id\":\"https:\/\/tourcruiser.com\/de\/products\/preschool-air-jordan-4-retro-og-bred-2019-bq7669-060\/#breadcrumb\",\"itemListElement\":[{\"@type\":\"ListItem\",\"position\":1,\"name\":\"Home\",\"item\":\"https:\/\/tourcruiser.com\/de\/\"},{\"@type\":\"ListItem\",\"position\":2,\"name\":\"Shop\",\"item\":\"https:\/\/tourcruiser.com\/de\/shop\/\"},{\"@type\":\"ListItem\",\"position\":3,\"name\":\"(Preschool) Air Jordan 4 Retro OG 'Bred' 2019 BQ7669-060\"}]},{\"@type\":\"WebSite\",\"@id\":\"https:\/\/tourcruiser.com\/de\/#website\",\"url\":\"https:\/\/tourcruiser.com\/de\/\",\"name\":\"Styloral Jewelry Shop\",\"description\":\"Tourcruiser Sneaker Store \u2014 der Ort, an dem das Universum deine Einzigartigkeit trifft.\",\"publisher\":{\"@id\":\"https:\/\/tourcruiser.com\/de\/#organization\"},\"potentialAction\":[{\"@type\":\"SearchAction\",\"target\":{\"@type\":\"EntryPoint\",\"urlTemplate\":\"https:\/\/tourcruiser.com\/de\/?s={search_term_string}\"},\"query-input\":{\"@type\":\"PropertyValueSpecification\",\"valueRequired\":true,\"valueName\":\"search_term_string\"}}],\"inLanguage\":\"de\"},{\"@type\":\"Organization\",\"@id\":\"https:\/\/tourcruiser.com\/de\/#organization\",\"name\":\"STYLORAL PTE. LTD\",\"url\":\"https:\/\/tourcruiser.com\/de\/\",\"logo\":{\"@type\":\"ImageObject\",\"inLanguage\":\"de\",\"@id\":\"https:\/\/tourcruiser.com\/de\/#\/schema\/logo\/image\/\",\"url\":\"https:\/\/www.tourcruiser.com\/wp-content\/uploads\/2025\/12\/logo.png\",\"contentUrl\":\"https:\/\/www.tourcruiser.com\/wp-content\/uploads\/2025\/12\/logo.png\",\"width\":200,\"height\":65,\"caption\":\"STYLORAL PTE. LTD\"},\"image\":{\"@id\":\"https:\/\/tourcruiser.com\/de\/#\/schema\/logo\/image\/\"}}]}<\/script>\n<!-- \/ Yoast SEO plugin. -->","yoast_head_json":{"title":"(Preschool) Air Jordan 4 Retro OG 'Bred' 2019 BQ7669-060 - Tourcruiser PTE. LTD","robots":{"index":"index","follow":"follow","max-snippet":"max-snippet:-1","max-image-preview":"max-image-preview:large","max-video-preview":"max-video-preview:-1"},"canonical":"https:\/\/tourcruiser.com\/de\/products\/preschool-air-jordan-4-retro-og-bred-2019-bq7669-060\/","og_locale":"de_DE","og_type":"article","og_title":"(Preschool) Air Jordan 4 Retro OG 'Bred' 2019 BQ7669-060 - Tourcruiser PTE. LTD","og_description":"Mit dem Air Jordan 4 Retro OG \u00e2\u20ac\u017eBred\u00e2\u20ac\u0153 2019 f\u00c3\u00bcr Vorschulkinder ist der legend\u00c3\u00a4re Style Ihres Kindes garantiert. Diese Mini-Sneaker bestechen durch die klassische schwarz-rote Farbkombination, ein hochwertiges Obermaterial aus Leder, Mesh-Eins\u00c3\u00a4tze und das charakteristische \u00e2\u20ac\u017eWings\u00e2\u20ac\u0153-Logo. Dank ihrer robusten Verarbeitung und der bequemen D\u00c3\u00a4mpfung sehen diese Jordans bei Ihrem Kind nicht nur gut aus, sondern [&hellip;]","og_url":"https:\/\/tourcruiser.com\/de\/products\/preschool-air-jordan-4-retro-og-bred-2019-bq7669-060\/","og_site_name":"Tourcruiser Sneaker Store","twitter_card":"summary_large_image","twitter_image":"https:\/\/images.novelship.com\/product\/_preschool__air_jordan_4_retro_og__bred__2019_bq76_0_50132.jpeg","twitter_misc":{"Gesch\u00e4tzte Lesezeit":"1\u00a0Minute"},"schema":{"@context":"https:\/\/schema.org","@graph":[{"@type":"WebPage","@id":"https:\/\/tourcruiser.com\/de\/products\/preschool-air-jordan-4-retro-og-bred-2019-bq7669-060\/","url":"https:\/\/tourcruiser.com\/de\/products\/preschool-air-jordan-4-retro-og-bred-2019-bq7669-060\/","name":"(Preschool) Air Jordan 4 Retro OG 'Bred' 2019 BQ7669-060 - Tourcruiser PTE. LTD","isPartOf":{"@id":"https:\/\/tourcruiser.com\/de\/#website"},"primaryImageOfPage":{"@id":"https:\/\/tourcruiser.com\/de\/products\/preschool-air-jordan-4-retro-og-bred-2019-bq7669-060\/#primaryimage"},"image":{"@id":"https:\/\/tourcruiser.com\/de\/products\/preschool-air-jordan-4-retro-og-bred-2019-bq7669-060\/#primaryimage"},"thumbnailUrl":"https:\/\/images.novelship.com\/product\/_preschool__air_jordan_4_retro_og__bred__2019_bq76_0_50132.jpeg","datePublished":"2026-03-21T05:02:25+00:00","breadcrumb":{"@id":"https:\/\/tourcruiser.com\/de\/products\/preschool-air-jordan-4-retro-og-bred-2019-bq7669-060\/#breadcrumb"},"inLanguage":"de","potentialAction":[{"@type":"ReadAction","target":["https:\/\/tourcruiser.com\/de\/products\/preschool-air-jordan-4-retro-og-bred-2019-bq7669-060\/"]}]},{"@type":"ImageObject","inLanguage":"de","@id":"https:\/\/tourcruiser.com\/de\/products\/preschool-air-jordan-4-retro-og-bred-2019-bq7669-060\/#primaryimage","url":"https:\/\/images.novelship.com\/product\/_preschool__air_jordan_4_retro_og__bred__2019_bq76_0_50132.jpeg","contentUrl":"https:\/\/images.novelship.com\/product\/_preschool__air_jordan_4_retro_og__bred__2019_bq76_0_50132.jpeg"},{"@type":"BreadcrumbList","@id":"https:\/\/tourcruiser.com\/de\/products\/preschool-air-jordan-4-retro-og-bred-2019-bq7669-060\/#breadcrumb","itemListElement":[{"@type":"ListItem","position":1,"name":"Home","item":"https:\/\/tourcruiser.com\/de\/"},{"@type":"ListItem","position":2,"name":"Shop","item":"https:\/\/tourcruiser.com\/de\/shop\/"},{"@type":"ListItem","position":3,"name":"(Preschool) Air Jordan 4 Retro OG 'Bred' 2019 BQ7669-060"}]},{"@type":"WebSite","@id":"https:\/\/tourcruiser.com\/de\/#website","url":"https:\/\/tourcruiser.com\/de\/","name":"Styloral Jewelry Shop","description":"Tourcruiser Sneaker Store \u2014 der Ort, an dem das Universum deine Einzigartigkeit trifft.","publisher":{"@id":"https:\/\/tourcruiser.com\/de\/#organization"},"potentialAction":[{"@type":"SearchAction","target":{"@type":"EntryPoint","urlTemplate":"https:\/\/tourcruiser.com\/de\/?s={search_term_string}"},"query-input":{"@type":"PropertyValueSpecification","valueRequired":true,"valueName":"search_term_string"}}],"inLanguage":"de"},{"@type":"Organization","@id":"https:\/\/tourcruiser.com\/de\/#organization","name":"STYLORAL PTE. LTD","url":"https:\/\/tourcruiser.com\/de\/","logo":{"@type":"ImageObject","inLanguage":"de","@id":"https:\/\/tourcruiser.com\/de\/#\/schema\/logo\/image\/","url":"https:\/\/www.tourcruiser.com\/wp-content\/uploads\/2025\/12\/logo.png","contentUrl":"https:\/\/www.tourcruiser.com\/wp-content\/uploads\/2025\/12\/logo.png","width":200,"height":65,"caption":"STYLORAL PTE. LTD"},"image":{"@id":"https:\/\/tourcruiser.com\/de\/#\/schema\/logo\/image\/"}}]}},"_links":{"self":[{"href":"https:\/\/tourcruiser.com\/de\/wp-json\/wp\/v2\/product\/449848","targetHints":{"allow":["GET"]}}],"collection":[{"href":"https:\/\/tourcruiser.com\/de\/wp-json\/wp\/v2\/product"}],"about":[{"href":"https:\/\/tourcruiser.com\/de\/wp-json\/wp\/v2\/types\/product"}],"replies":[{"embeddable":true,"href":"https:\/\/tourcruiser.com\/de\/wp-json\/wp\/v2\/comments?post=449848"}],"wp:featuredmedia":[{"embeddable":true,"href":"https:\/\/tourcruiser.com\/de\/wp-json\/wp\/v2\/media\/449849"}],"wp:attachment":[{"href":"https:\/\/tourcruiser.com\/de\/wp-json\/wp\/v2\/media?parent=449848"}],"wp:term":[{"taxonomy":"product_brand","embeddable":true,"href":"https:\/\/tourcruiser.com\/de\/wp-json\/wp\/v2\/product_brand?post=449848"},{"taxonomy":"product_cat","embeddable":true,"href":"https:\/\/tourcruiser.com\/de\/wp-json\/wp\/v2\/product_cat?post=449848"},{"taxonomy":"product_tag","embeddable":true,"href":"https:\/\/tourcruiser.com\/de\/wp-json\/wp\/v2\/product_tag?post=449848"}],"curies":[{"name":"wp","href":"https:\/\/api.w.org\/{rel}","templated":true}]}}