{"id":449023,"date":"2026-03-21T12:01:58","date_gmt":"2026-03-21T05:01:58","guid":{"rendered":"http:\/\/tourcruiser.com\/product\/nike-zoom-pegasus-35-black-vast-grey-aj4114-001"},"modified":"2026-03-28T01:54:13","modified_gmt":"2026-03-27T18:54:13","slug":"nike-zoom-pegasus-35-black-vast-grey-aj4114-001","status":"publish","type":"product","link":"https:\/\/tourcruiser.com\/de\/products\/nike-zoom-pegasus-35-black-vast-grey-aj4114-001\/","title":{"rendered":"Nike Zoom Pegasus 35 &#8218;Black Vast Grey&#8216; AJ4114-001"},"content":{"rendered":"<p>Die Nike Zoom Pegasus 35 Black Vast Grey Sneaker, auch bekannt als Nike Zoom Pegasus 35, sind eine stylische und vielseitige Wahl f\u00c3\u00bcr Freizeit und Sport. Mit ihrem eleganten schwarzen Design sind diese Sneaker perfekt f\u00c3\u00bcr alle, die einen klassischen und zeitlosen Look bevorzugen. Entwickelt von Nike, einer vertrauensw\u00c3\u00bcrdigen und bekannten Marke der Branche, bieten diese Schuhe hochwertige Materialien, hohen Tragekomfort und Langlebigkeit. Egal ob beim Sport, beim Einkaufen oder in der Freizeit \u00e2\u20ac\u201c die Nike Zoom Pegasus 35 Black Vast Grey Sneaker verleihen deinem Style das gewisse Etwas und bieten dir die Performance, die du brauchst.<\/p>\n<ul>\n<li><strong>Farbgebung:<\/strong> Schwarz\/Vast Grey-Oil Grey-Gunsmoke<\/li>\n<li><strong>Style-Code:<\/strong> AJ4114-001<\/li>\n<li><strong>Obermaterial:<\/strong> Flymesh<\/li>\n<li><strong>Mittelsohle:<\/strong> Zoom X<\/li>\n<li><strong>Farbe:<\/strong> Schwarz<\/li>\n<li><strong>Saison:<\/strong> Sommer<\/li>\n<li><strong>Erscheinungsjahr:<\/strong> 2018<\/li>\n<\/ul>\n","protected":false},"excerpt":{"rendered":"<p>Die Nike Zoom Pegasus 35 Black Vast Grey Sneaker, auch bekannt als Nike Zoom Pegasus 35, sind eine stylische und vielseitige Wahl f\u00c3\u00bcr Freizeit und Sport. Mit ihrem eleganten schwarzen Design sind diese Sneaker perfekt f\u00c3\u00bcr alle, die einen klassischen und zeitlosen Look bevorzugen. Entwickelt von Nike, einer vertrauensw\u00c3\u00bcrdigen und bekannten Marke der Branche, bieten [&hellip;]<\/p>\n","protected":false},"featured_media":449024,"comment_status":"open","ping_status":"closed","template":"","meta":[],"product_brand":[],"product_cat":[38842,10803,38850,39412],"product_tag":[10753,11053,10801,10882,10839,10802,10840],"class_list":{"0":"post-449023","1":"product","2":"type-product","3":"status-publish","4":"has-post-thumbnail","6":"product_cat-gender-men","7":"product_cat-nike","8":"product_cat-running-shoes","9":"product_cat-nike-zoom-pegasus-35","10":"product_tag-gift-for-him","11":"product_tag-lightweight-running-shoes","12":"product_tag-nike","13":"product_tag-nike-running-shoes","14":"product_tag-performance-running-shoes","15":"product_tag-performance-sport-shoes","16":"product_tag-running-shoes","17":"wcpa_has_options","19":"first","20":"outofstock","21":"taxable","22":"shipping-taxable","23":"purchasable","24":"product-type-simple"},"wcpa_form_fields":{"rules":{"pric_overide_base_price":false,"pric_overide_base_price_if_gt_zero":false,"pric_overide_base_price_fully":false,"pric_cal_option_once":false,"pric_use_as_fee":false,"bind_quantity":false,"quantity_bind_formula":false},"fields":[{"type":"color-group","required":true,"elementId":"wcpa-color-group-66c4a75505e74","label":"Gr\u00f6\u00dfe - EU Gr\u00f6\u00dfe","inline":true,"priceOptions":"different_for_all","pricingType":"fixed","className":"hassizechart product-shoes-size-eu product-shoes-size","name":"color-group-66c4a75505e89","disp_type":"square","selection_type":"tick-border","disp_size":"44","show_label_inside":true,"adjust_width":true,"cart_display_type":"text","other_text":"Other","cl_rule":"show","col":6,"values":[{"label":"35.5","value":"EU 35.5","price":"","pimage":"","pimage_id":"","pthumb":"","color":""},{"label":"36","value":"EU 36","price":"","pimage":"","pimage_id":"","pthumb":"","color":"","selected":true},{"label":"36.5","value":"EU 36.5","price":"","pimage":"","pimage_id":"","pthumb":"","color":""},{"label":"37.5","value":"EU 37.5","price":"","pimage":"","pimage_id":"","pthumb":"","color":""},{"label":"38","value":"EU 38","price":"","pimage":"","pimage_id":"","pthumb":"","color":""},{"label":"38.5","value":"EU 38.5","price":"","pimage":"","pimage_id":"","pthumb":"","color":""},{"label":"39","value":"EU 39","price":"","pimage":"","pimage_id":"","pthumb":"","color":""},{"label":"40","value":"EU 40","price":"","pimage":"","pimage_id":"","pthumb":"","color":""},{"label":"40.5","value":"EU 40.5","price":"","pimage":"","pimage_id":"","pthumb":"","color":""},{"label":"41","value":"EU 41","price":"","pimage":"","pimage_id":"","pthumb":"","color":""},{"label":"42","value":"EU 42","price":"","pimage":"","pimage_id":"","pthumb":"","color":""},{"label":"42.5","value":"EU 42.5","price":"","pimage":"","pimage_id":"","pthumb":"","color":""},{"label":"43","value":"EU 43","price":"","pimage":"","pimage_id":"","pthumb":"","color":""},{"label":"44","value":"EU 44","price":"","pimage":"","pimage_id":"","pthumb":"","color":""},{"label":"44.5","value":"EU 44.5","price":"","pimage":"","pimage_id":"","pthumb":"","color":""},{"label":"45","value":"EU 45","price":"","pimage":"","pimage_id":"","pthumb":"","color":""},{"label":"45.5","value":"EU 45.5","price":"","pimage":"","pimage_id":"","pthumb":"","color":""},{"label":"46","value":"EU 46","price":"","pimage":"","pimage_id":"","pthumb":"","color":""},{"label":"47","value":"EU 47","price":"","pimage":"","pimage_id":"","pthumb":"","color":""},{"label":"47.5","value":"EU 47.5","price":"","pimage":"","pimage_id":"","pthumb":"","color":""},{"label":"48","value":"EU 48","price":"","pimage":"","pimage_id":"","pthumb":"","color":""}],"relations":[{"operator":false,"rules":[]}],"form_id":18106,"form_rules":{"pric_cal_option_once":false,"exclude_from_discount":false,"pric_use_as_fee":false,"fee_label":"Fee","render_after_acb":false,"disp_hide_options_price":false}}]},"yoast_head":"<!-- This site is optimized with the Yoast SEO plugin v26.5 - https:\/\/yoast.com\/wordpress\/plugins\/seo\/ -->\n<title>Nike Zoom Pegasus 35 &#039;Black Vast Grey&#039; AJ4114-001 - Tourcruiser PTE. LTD<\/title>\n<meta name=\"robots\" content=\"index, follow, max-snippet:-1, max-image-preview:large, max-video-preview:-1\" \/>\n<link rel=\"canonical\" href=\"https:\/\/tourcruiser.com\/de\/products\/nike-zoom-pegasus-35-black-vast-grey-aj4114-001\/\" \/>\n<meta property=\"og:locale\" content=\"de_DE\" \/>\n<meta property=\"og:type\" content=\"article\" \/>\n<meta property=\"og:title\" content=\"Nike Zoom Pegasus 35 &#039;Black Vast Grey&#039; AJ4114-001 - Tourcruiser PTE. LTD\" \/>\n<meta property=\"og:description\" content=\"Die Nike Zoom Pegasus 35 Black Vast Grey Sneaker, auch bekannt als Nike Zoom Pegasus 35, sind eine stylische und vielseitige Wahl f\u00c3\u00bcr Freizeit und Sport. Mit ihrem eleganten schwarzen Design sind diese Sneaker perfekt f\u00c3\u00bcr alle, die einen klassischen und zeitlosen Look bevorzugen. Entwickelt von Nike, einer vertrauensw\u00c3\u00bcrdigen und bekannten Marke der Branche, bieten [&hellip;]\" \/>\n<meta property=\"og:url\" content=\"https:\/\/tourcruiser.com\/de\/products\/nike-zoom-pegasus-35-black-vast-grey-aj4114-001\/\" \/>\n<meta property=\"og:site_name\" content=\"Tourcruiser Sneaker Store\" \/>\n<meta property=\"article:modified_time\" content=\"2026-03-27T18:54:13+00:00\" \/>\n<meta name=\"twitter:card\" content=\"summary_large_image\" \/>\n<meta name=\"twitter:image\" content=\"https:\/\/images.novelship.com\/product\/nike_zoom_pegasus_35__black_vast_grey__aj4114_001_0_91967.jpeg;https:\/\/images.novelship.com\/product\/nike_zoom_pegasus_35__black_vast_grey__aj4114_001_1_91967.jpeg;https:\/\/images.novelship.com\/product\/nike_zoom_pegasus_35__black_vast_grey__aj4114_001_2_91967.jpeg;https:\/\/images.novelship.com\/product\/nike_zoom_pegasus_35__black_vast_grey__aj4114_001_3_91967.jpeg;https:\/\/images.novelship.com\/product\/nike_zoom_pegasus_35__black_vast_grey__aj4114_001_4_91967.jpeg;https:\/\/images.novelship.com\/product\/nike_zoom_pegasus_35__black_vast_grey__aj4114_001_5_91967.jpeg;https:\/\/images.novelship.com\/product\/nike_zoom_pegasus_35__black_vast_grey__aj4114_001_6_91967.jpeg;https:\/\/images.novelship.com\/product\/nike_zoom_pegasus_35__black_vast_grey__aj4114_001_7_91967.jpeg;https:\/\/images.novelship.com\/product\/nike_zoom_pegasus_35__black_vast_grey__aj4114_001_8_91967.jpeg\" \/>\n<meta name=\"twitter:label1\" content=\"Gesch\u00e4tzte Lesezeit\" \/>\n\t<meta name=\"twitter:data1\" content=\"1\u00a0Minute\" \/>\n<script type=\"application\/ld+json\" class=\"yoast-schema-graph\">{\"@context\":\"https:\/\/schema.org\",\"@graph\":[{\"@type\":\"WebPage\",\"@id\":\"https:\/\/tourcruiser.com\/de\/products\/nike-zoom-pegasus-35-black-vast-grey-aj4114-001\/\",\"url\":\"https:\/\/tourcruiser.com\/de\/products\/nike-zoom-pegasus-35-black-vast-grey-aj4114-001\/\",\"name\":\"Nike Zoom Pegasus 35 'Black Vast Grey' AJ4114-001 - Tourcruiser PTE. LTD\",\"isPartOf\":{\"@id\":\"https:\/\/tourcruiser.com\/de\/#website\"},\"primaryImageOfPage\":{\"@id\":\"https:\/\/tourcruiser.com\/de\/products\/nike-zoom-pegasus-35-black-vast-grey-aj4114-001\/#primaryimage\"},\"image\":{\"@id\":\"https:\/\/tourcruiser.com\/de\/products\/nike-zoom-pegasus-35-black-vast-grey-aj4114-001\/#primaryimage\"},\"thumbnailUrl\":\"https:\/\/images.novelship.com\/product\/nike_zoom_pegasus_35__black_vast_grey__aj4114_001_0_91967.jpeg;https:\/\/images.novelship.com\/product\/nike_zoom_pegasus_35__black_vast_grey__aj4114_001_1_91967.jpeg;https:\/\/images.novelship.com\/product\/nike_zoom_pegasus_35__black_vast_grey__aj4114_001_2_91967.jpeg;https:\/\/images.novelship.com\/product\/nike_zoom_pegasus_35__black_vast_grey__aj4114_001_3_91967.jpeg;https:\/\/images.novelship.com\/product\/nike_zoom_pegasus_35__black_vast_grey__aj4114_001_4_91967.jpeg;https:\/\/images.novelship.com\/product\/nike_zoom_pegasus_35__black_vast_grey__aj4114_001_5_91967.jpeg;https:\/\/images.novelship.com\/product\/nike_zoom_pegasus_35__black_vast_grey__aj4114_001_6_91967.jpeg;https:\/\/images.novelship.com\/product\/nike_zoom_pegasus_35__black_vast_grey__aj4114_001_7_91967.jpeg;https:\/\/images.novelship.com\/product\/nike_zoom_pegasus_35__black_vast_grey__aj4114_001_8_91967.jpeg\",\"datePublished\":\"2026-03-21T05:01:58+00:00\",\"dateModified\":\"2026-03-27T18:54:13+00:00\",\"breadcrumb\":{\"@id\":\"https:\/\/tourcruiser.com\/de\/products\/nike-zoom-pegasus-35-black-vast-grey-aj4114-001\/#breadcrumb\"},\"inLanguage\":\"de\",\"potentialAction\":[{\"@type\":\"ReadAction\",\"target\":[\"https:\/\/tourcruiser.com\/de\/products\/nike-zoom-pegasus-35-black-vast-grey-aj4114-001\/\"]}]},{\"@type\":\"ImageObject\",\"inLanguage\":\"de\",\"@id\":\"https:\/\/tourcruiser.com\/de\/products\/nike-zoom-pegasus-35-black-vast-grey-aj4114-001\/#primaryimage\",\"url\":\"https:\/\/images.novelship.com\/product\/nike_zoom_pegasus_35__black_vast_grey__aj4114_001_0_91967.jpeg;https:\/\/images.novelship.com\/product\/nike_zoom_pegasus_35__black_vast_grey__aj4114_001_1_91967.jpeg;https:\/\/images.novelship.com\/product\/nike_zoom_pegasus_35__black_vast_grey__aj4114_001_2_91967.jpeg;https:\/\/images.novelship.com\/product\/nike_zoom_pegasus_35__black_vast_grey__aj4114_001_3_91967.jpeg;https:\/\/images.novelship.com\/product\/nike_zoom_pegasus_35__black_vast_grey__aj4114_001_4_91967.jpeg;https:\/\/images.novelship.com\/product\/nike_zoom_pegasus_35__black_vast_grey__aj4114_001_5_91967.jpeg;https:\/\/images.novelship.com\/product\/nike_zoom_pegasus_35__black_vast_grey__aj4114_001_6_91967.jpeg;https:\/\/images.novelship.com\/product\/nike_zoom_pegasus_35__black_vast_grey__aj4114_001_7_91967.jpeg;https:\/\/images.novelship.com\/product\/nike_zoom_pegasus_35__black_vast_grey__aj4114_001_8_91967.jpeg\",\"contentUrl\":\"https:\/\/images.novelship.com\/product\/nike_zoom_pegasus_35__black_vast_grey__aj4114_001_0_91967.jpeg;https:\/\/images.novelship.com\/product\/nike_zoom_pegasus_35__black_vast_grey__aj4114_001_1_91967.jpeg;https:\/\/images.novelship.com\/product\/nike_zoom_pegasus_35__black_vast_grey__aj4114_001_2_91967.jpeg;https:\/\/images.novelship.com\/product\/nike_zoom_pegasus_35__black_vast_grey__aj4114_001_3_91967.jpeg;https:\/\/images.novelship.com\/product\/nike_zoom_pegasus_35__black_vast_grey__aj4114_001_4_91967.jpeg;https:\/\/images.novelship.com\/product\/nike_zoom_pegasus_35__black_vast_grey__aj4114_001_5_91967.jpeg;https:\/\/images.novelship.com\/product\/nike_zoom_pegasus_35__black_vast_grey__aj4114_001_6_91967.jpeg;https:\/\/images.novelship.com\/product\/nike_zoom_pegasus_35__black_vast_grey__aj4114_001_7_91967.jpeg;https:\/\/images.novelship.com\/product\/nike_zoom_pegasus_35__black_vast_grey__aj4114_001_8_91967.jpeg\"},{\"@type\":\"BreadcrumbList\",\"@id\":\"https:\/\/tourcruiser.com\/de\/products\/nike-zoom-pegasus-35-black-vast-grey-aj4114-001\/#breadcrumb\",\"itemListElement\":[{\"@type\":\"ListItem\",\"position\":1,\"name\":\"Home\",\"item\":\"https:\/\/tourcruiser.com\/de\/\"},{\"@type\":\"ListItem\",\"position\":2,\"name\":\"Shop\",\"item\":\"https:\/\/tourcruiser.com\/de\/shop\/\"},{\"@type\":\"ListItem\",\"position\":3,\"name\":\"Nike Zoom Pegasus 35 'Black Vast Grey' AJ4114-001\"}]},{\"@type\":\"WebSite\",\"@id\":\"https:\/\/tourcruiser.com\/de\/#website\",\"url\":\"https:\/\/tourcruiser.com\/de\/\",\"name\":\"Styloral Jewelry Shop\",\"description\":\"Tourcruiser Sneaker Store \u2014 der Ort, an dem das Universum deine Einzigartigkeit trifft.\",\"publisher\":{\"@id\":\"https:\/\/tourcruiser.com\/de\/#organization\"},\"potentialAction\":[{\"@type\":\"SearchAction\",\"target\":{\"@type\":\"EntryPoint\",\"urlTemplate\":\"https:\/\/tourcruiser.com\/de\/?s={search_term_string}\"},\"query-input\":{\"@type\":\"PropertyValueSpecification\",\"valueRequired\":true,\"valueName\":\"search_term_string\"}}],\"inLanguage\":\"de\"},{\"@type\":\"Organization\",\"@id\":\"https:\/\/tourcruiser.com\/de\/#organization\",\"name\":\"STYLORAL PTE. LTD\",\"url\":\"https:\/\/tourcruiser.com\/de\/\",\"logo\":{\"@type\":\"ImageObject\",\"inLanguage\":\"de\",\"@id\":\"https:\/\/tourcruiser.com\/de\/#\/schema\/logo\/image\/\",\"url\":\"https:\/\/www.tourcruiser.com\/wp-content\/uploads\/2025\/12\/logo.png\",\"contentUrl\":\"https:\/\/www.tourcruiser.com\/wp-content\/uploads\/2025\/12\/logo.png\",\"width\":200,\"height\":65,\"caption\":\"STYLORAL PTE. LTD\"},\"image\":{\"@id\":\"https:\/\/tourcruiser.com\/de\/#\/schema\/logo\/image\/\"}}]}<\/script>\n<!-- \/ Yoast SEO plugin. -->","yoast_head_json":{"title":"Nike Zoom Pegasus 35 'Black Vast Grey' AJ4114-001 - Tourcruiser PTE. LTD","robots":{"index":"index","follow":"follow","max-snippet":"max-snippet:-1","max-image-preview":"max-image-preview:large","max-video-preview":"max-video-preview:-1"},"canonical":"https:\/\/tourcruiser.com\/de\/products\/nike-zoom-pegasus-35-black-vast-grey-aj4114-001\/","og_locale":"de_DE","og_type":"article","og_title":"Nike Zoom Pegasus 35 'Black Vast Grey' AJ4114-001 - Tourcruiser PTE. LTD","og_description":"Die Nike Zoom Pegasus 35 Black Vast Grey Sneaker, auch bekannt als Nike Zoom Pegasus 35, sind eine stylische und vielseitige Wahl f\u00c3\u00bcr Freizeit und Sport. Mit ihrem eleganten schwarzen Design sind diese Sneaker perfekt f\u00c3\u00bcr alle, die einen klassischen und zeitlosen Look bevorzugen. Entwickelt von Nike, einer vertrauensw\u00c3\u00bcrdigen und bekannten Marke der Branche, bieten [&hellip;]","og_url":"https:\/\/tourcruiser.com\/de\/products\/nike-zoom-pegasus-35-black-vast-grey-aj4114-001\/","og_site_name":"Tourcruiser Sneaker Store","article_modified_time":"2026-03-27T18:54:13+00:00","twitter_card":"summary_large_image","twitter_image":"https:\/\/images.novelship.com\/product\/nike_zoom_pegasus_35__black_vast_grey__aj4114_001_0_91967.jpeg;https:\/\/images.novelship.com\/product\/nike_zoom_pegasus_35__black_vast_grey__aj4114_001_1_91967.jpeg;https:\/\/images.novelship.com\/product\/nike_zoom_pegasus_35__black_vast_grey__aj4114_001_2_91967.jpeg;https:\/\/images.novelship.com\/product\/nike_zoom_pegasus_35__black_vast_grey__aj4114_001_3_91967.jpeg;https:\/\/images.novelship.com\/product\/nike_zoom_pegasus_35__black_vast_grey__aj4114_001_4_91967.jpeg;https:\/\/images.novelship.com\/product\/nike_zoom_pegasus_35__black_vast_grey__aj4114_001_5_91967.jpeg;https:\/\/images.novelship.com\/product\/nike_zoom_pegasus_35__black_vast_grey__aj4114_001_6_91967.jpeg;https:\/\/images.novelship.com\/product\/nike_zoom_pegasus_35__black_vast_grey__aj4114_001_7_91967.jpeg;https:\/\/images.novelship.com\/product\/nike_zoom_pegasus_35__black_vast_grey__aj4114_001_8_91967.jpeg","twitter_misc":{"Gesch\u00e4tzte Lesezeit":"1\u00a0Minute"},"schema":{"@context":"https:\/\/schema.org","@graph":[{"@type":"WebPage","@id":"https:\/\/tourcruiser.com\/de\/products\/nike-zoom-pegasus-35-black-vast-grey-aj4114-001\/","url":"https:\/\/tourcruiser.com\/de\/products\/nike-zoom-pegasus-35-black-vast-grey-aj4114-001\/","name":"Nike Zoom Pegasus 35 'Black Vast Grey' AJ4114-001 - Tourcruiser PTE. LTD","isPartOf":{"@id":"https:\/\/tourcruiser.com\/de\/#website"},"primaryImageOfPage":{"@id":"https:\/\/tourcruiser.com\/de\/products\/nike-zoom-pegasus-35-black-vast-grey-aj4114-001\/#primaryimage"},"image":{"@id":"https:\/\/tourcruiser.com\/de\/products\/nike-zoom-pegasus-35-black-vast-grey-aj4114-001\/#primaryimage"},"thumbnailUrl":"https:\/\/images.novelship.com\/product\/nike_zoom_pegasus_35__black_vast_grey__aj4114_001_0_91967.jpeg;https:\/\/images.novelship.com\/product\/nike_zoom_pegasus_35__black_vast_grey__aj4114_001_1_91967.jpeg;https:\/\/images.novelship.com\/product\/nike_zoom_pegasus_35__black_vast_grey__aj4114_001_2_91967.jpeg;https:\/\/images.novelship.com\/product\/nike_zoom_pegasus_35__black_vast_grey__aj4114_001_3_91967.jpeg;https:\/\/images.novelship.com\/product\/nike_zoom_pegasus_35__black_vast_grey__aj4114_001_4_91967.jpeg;https:\/\/images.novelship.com\/product\/nike_zoom_pegasus_35__black_vast_grey__aj4114_001_5_91967.jpeg;https:\/\/images.novelship.com\/product\/nike_zoom_pegasus_35__black_vast_grey__aj4114_001_6_91967.jpeg;https:\/\/images.novelship.com\/product\/nike_zoom_pegasus_35__black_vast_grey__aj4114_001_7_91967.jpeg;https:\/\/images.novelship.com\/product\/nike_zoom_pegasus_35__black_vast_grey__aj4114_001_8_91967.jpeg","datePublished":"2026-03-21T05:01:58+00:00","dateModified":"2026-03-27T18:54:13+00:00","breadcrumb":{"@id":"https:\/\/tourcruiser.com\/de\/products\/nike-zoom-pegasus-35-black-vast-grey-aj4114-001\/#breadcrumb"},"inLanguage":"de","potentialAction":[{"@type":"ReadAction","target":["https:\/\/tourcruiser.com\/de\/products\/nike-zoom-pegasus-35-black-vast-grey-aj4114-001\/"]}]},{"@type":"ImageObject","inLanguage":"de","@id":"https:\/\/tourcruiser.com\/de\/products\/nike-zoom-pegasus-35-black-vast-grey-aj4114-001\/#primaryimage","url":"https:\/\/images.novelship.com\/product\/nike_zoom_pegasus_35__black_vast_grey__aj4114_001_0_91967.jpeg;https:\/\/images.novelship.com\/product\/nike_zoom_pegasus_35__black_vast_grey__aj4114_001_1_91967.jpeg;https:\/\/images.novelship.com\/product\/nike_zoom_pegasus_35__black_vast_grey__aj4114_001_2_91967.jpeg;https:\/\/images.novelship.com\/product\/nike_zoom_pegasus_35__black_vast_grey__aj4114_001_3_91967.jpeg;https:\/\/images.novelship.com\/product\/nike_zoom_pegasus_35__black_vast_grey__aj4114_001_4_91967.jpeg;https:\/\/images.novelship.com\/product\/nike_zoom_pegasus_35__black_vast_grey__aj4114_001_5_91967.jpeg;https:\/\/images.novelship.com\/product\/nike_zoom_pegasus_35__black_vast_grey__aj4114_001_6_91967.jpeg;https:\/\/images.novelship.com\/product\/nike_zoom_pegasus_35__black_vast_grey__aj4114_001_7_91967.jpeg;https:\/\/images.novelship.com\/product\/nike_zoom_pegasus_35__black_vast_grey__aj4114_001_8_91967.jpeg","contentUrl":"https:\/\/images.novelship.com\/product\/nike_zoom_pegasus_35__black_vast_grey__aj4114_001_0_91967.jpeg;https:\/\/images.novelship.com\/product\/nike_zoom_pegasus_35__black_vast_grey__aj4114_001_1_91967.jpeg;https:\/\/images.novelship.com\/product\/nike_zoom_pegasus_35__black_vast_grey__aj4114_001_2_91967.jpeg;https:\/\/images.novelship.com\/product\/nike_zoom_pegasus_35__black_vast_grey__aj4114_001_3_91967.jpeg;https:\/\/images.novelship.com\/product\/nike_zoom_pegasus_35__black_vast_grey__aj4114_001_4_91967.jpeg;https:\/\/images.novelship.com\/product\/nike_zoom_pegasus_35__black_vast_grey__aj4114_001_5_91967.jpeg;https:\/\/images.novelship.com\/product\/nike_zoom_pegasus_35__black_vast_grey__aj4114_001_6_91967.jpeg;https:\/\/images.novelship.com\/product\/nike_zoom_pegasus_35__black_vast_grey__aj4114_001_7_91967.jpeg;https:\/\/images.novelship.com\/product\/nike_zoom_pegasus_35__black_vast_grey__aj4114_001_8_91967.jpeg"},{"@type":"BreadcrumbList","@id":"https:\/\/tourcruiser.com\/de\/products\/nike-zoom-pegasus-35-black-vast-grey-aj4114-001\/#breadcrumb","itemListElement":[{"@type":"ListItem","position":1,"name":"Home","item":"https:\/\/tourcruiser.com\/de\/"},{"@type":"ListItem","position":2,"name":"Shop","item":"https:\/\/tourcruiser.com\/de\/shop\/"},{"@type":"ListItem","position":3,"name":"Nike Zoom Pegasus 35 'Black Vast Grey' AJ4114-001"}]},{"@type":"WebSite","@id":"https:\/\/tourcruiser.com\/de\/#website","url":"https:\/\/tourcruiser.com\/de\/","name":"Styloral Jewelry Shop","description":"Tourcruiser Sneaker Store \u2014 der Ort, an dem das Universum deine Einzigartigkeit trifft.","publisher":{"@id":"https:\/\/tourcruiser.com\/de\/#organization"},"potentialAction":[{"@type":"SearchAction","target":{"@type":"EntryPoint","urlTemplate":"https:\/\/tourcruiser.com\/de\/?s={search_term_string}"},"query-input":{"@type":"PropertyValueSpecification","valueRequired":true,"valueName":"search_term_string"}}],"inLanguage":"de"},{"@type":"Organization","@id":"https:\/\/tourcruiser.com\/de\/#organization","name":"STYLORAL PTE. LTD","url":"https:\/\/tourcruiser.com\/de\/","logo":{"@type":"ImageObject","inLanguage":"de","@id":"https:\/\/tourcruiser.com\/de\/#\/schema\/logo\/image\/","url":"https:\/\/www.tourcruiser.com\/wp-content\/uploads\/2025\/12\/logo.png","contentUrl":"https:\/\/www.tourcruiser.com\/wp-content\/uploads\/2025\/12\/logo.png","width":200,"height":65,"caption":"STYLORAL PTE. LTD"},"image":{"@id":"https:\/\/tourcruiser.com\/de\/#\/schema\/logo\/image\/"}}]}},"_links":{"self":[{"href":"https:\/\/tourcruiser.com\/de\/wp-json\/wp\/v2\/product\/449023","targetHints":{"allow":["GET"]}}],"collection":[{"href":"https:\/\/tourcruiser.com\/de\/wp-json\/wp\/v2\/product"}],"about":[{"href":"https:\/\/tourcruiser.com\/de\/wp-json\/wp\/v2\/types\/product"}],"replies":[{"embeddable":true,"href":"https:\/\/tourcruiser.com\/de\/wp-json\/wp\/v2\/comments?post=449023"}],"wp:featuredmedia":[{"embeddable":true,"href":"https:\/\/tourcruiser.com\/de\/wp-json\/wp\/v2\/media\/449024"}],"wp:attachment":[{"href":"https:\/\/tourcruiser.com\/de\/wp-json\/wp\/v2\/media?parent=449023"}],"wp:term":[{"taxonomy":"product_brand","embeddable":true,"href":"https:\/\/tourcruiser.com\/de\/wp-json\/wp\/v2\/product_brand?post=449023"},{"taxonomy":"product_cat","embeddable":true,"href":"https:\/\/tourcruiser.com\/de\/wp-json\/wp\/v2\/product_cat?post=449023"},{"taxonomy":"product_tag","embeddable":true,"href":"https:\/\/tourcruiser.com\/de\/wp-json\/wp\/v2\/product_tag?post=449023"}],"curies":[{"name":"wp","href":"https:\/\/api.w.org\/{rel}","templated":true}]}}