{"id":448184,"date":"2026-03-21T12:01:32","date_gmt":"2026-03-21T05:01:32","guid":{"rendered":"http:\/\/tourcruiser.com\/product\/nike-air-more-uptempo-light-bone-921948-001"},"modified":"2026-03-21T12:01:32","modified_gmt":"2026-03-21T05:01:32","slug":"nike-air-more-uptempo-light-bone-921948-001","status":"publish","type":"product","link":"https:\/\/tourcruiser.com\/de\/products\/nike-air-more-uptempo-light-bone-921948-001\/","title":{"rendered":"Nike Air More Uptempo &#8218;Light Bone&#8216; 921948-001"},"content":{"rendered":"<p>Der Nike Air More Uptempo Light Bone, auch bekannt als Light Bone, ist ein stylischer und trendiger Sneaker von Nike. Mit seinem eleganten Design und der bequemen Passform ist dieser Schuh perfekt f\u00c3\u00bcr Sportler und Sneaker-Fans gleicherma\u00c3\u0178en. Die Farbe Light Bone verleiht jedem Outfit einen Hauch von Raffinesse. Mit diesen Nike Air More Uptempos in Light Bone ziehst du alle Blicke auf dich und liegst m\u00c3\u00bchelos im Trend.<\/p>\n<p>Farbe: Light Bone\/Wei\u00c3\u0178-Light Bone<br \/>\nStyle-Code: 921948-001<br \/>\nMittelsohle: Air<br \/>\nFarbe: Wei\u00c3\u0178<br \/>\nDesigner: Wilson Smith<br \/>\nSaison: Sommer<br \/>\nErscheinungsjahr: 2017<\/p>\n","protected":false},"excerpt":{"rendered":"<p>Der Nike Air More Uptempo Light Bone, auch bekannt als Light Bone, ist ein stylischer und trendiger Sneaker von Nike. Mit seinem eleganten Design und der bequemen Passform ist dieser Schuh perfekt f\u00c3\u00bcr Sportler und Sneaker-Fans gleicherma\u00c3\u0178en. Die Farbe Light Bone verleiht jedem Outfit einen Hauch von Raffinesse. Mit diesen Nike Air More Uptempos in [&hellip;]<\/p>\n","protected":false},"featured_media":448185,"comment_status":"open","ping_status":"closed","template":"","meta":[],"product_brand":[],"product_cat":[39183,38878,38842,10803],"product_tag":[10799,10800,10754,10777,10801,10802],"class_list":{"0":"post-448184","1":"product","2":"type-product","3":"status-publish","4":"has-post-thumbnail","6":"product_cat-nike-air-more-uptempo","7":"product_cat-lifestyle-shoes-basketball-inspired","8":"product_cat-gender-men","9":"product_cat-nike","10":"product_tag-ankle-support-basketball-shoes","11":"product_tag-basketball-shoes","12":"product_tag-lifestyle-casual-shoes","13":"product_tag-lifestyle-shoes-basketball-inspired","14":"product_tag-nike","15":"product_tag-performance-sport-shoes","16":"wcpa_has_options","18":"first","19":"instock","20":"taxable","21":"shipping-taxable","22":"purchasable","23":"product-type-simple"},"wcpa_form_fields":{"rules":{"pric_overide_base_price":false,"pric_overide_base_price_if_gt_zero":false,"pric_overide_base_price_fully":false,"pric_cal_option_once":false,"pric_use_as_fee":false,"bind_quantity":false,"quantity_bind_formula":false},"fields":[{"type":"color-group","required":true,"elementId":"wcpa-color-group-66c4a75505e74","label":"Gr\u00f6\u00dfe - EU Gr\u00f6\u00dfe","inline":true,"priceOptions":"different_for_all","pricingType":"fixed","className":"hassizechart product-shoes-size-eu product-shoes-size","name":"color-group-66c4a75505e89","disp_type":"square","selection_type":"tick-border","disp_size":"44","show_label_inside":true,"adjust_width":true,"cart_display_type":"text","other_text":"Other","cl_rule":"show","col":6,"values":[{"label":"35.5","value":"EU 35.5","price":"","pimage":"","pimage_id":"","pthumb":"","color":""},{"label":"36","value":"EU 36","price":"","pimage":"","pimage_id":"","pthumb":"","color":"","selected":true},{"label":"36.5","value":"EU 36.5","price":"","pimage":"","pimage_id":"","pthumb":"","color":""},{"label":"37.5","value":"EU 37.5","price":"","pimage":"","pimage_id":"","pthumb":"","color":""},{"label":"38","value":"EU 38","price":"","pimage":"","pimage_id":"","pthumb":"","color":""},{"label":"38.5","value":"EU 38.5","price":"","pimage":"","pimage_id":"","pthumb":"","color":""},{"label":"39","value":"EU 39","price":"","pimage":"","pimage_id":"","pthumb":"","color":""},{"label":"40","value":"EU 40","price":"","pimage":"","pimage_id":"","pthumb":"","color":""},{"label":"40.5","value":"EU 40.5","price":"","pimage":"","pimage_id":"","pthumb":"","color":""},{"label":"41","value":"EU 41","price":"","pimage":"","pimage_id":"","pthumb":"","color":""},{"label":"42","value":"EU 42","price":"","pimage":"","pimage_id":"","pthumb":"","color":""},{"label":"42.5","value":"EU 42.5","price":"","pimage":"","pimage_id":"","pthumb":"","color":""},{"label":"43","value":"EU 43","price":"","pimage":"","pimage_id":"","pthumb":"","color":""},{"label":"44","value":"EU 44","price":"","pimage":"","pimage_id":"","pthumb":"","color":""},{"label":"44.5","value":"EU 44.5","price":"","pimage":"","pimage_id":"","pthumb":"","color":""},{"label":"45","value":"EU 45","price":"","pimage":"","pimage_id":"","pthumb":"","color":""},{"label":"45.5","value":"EU 45.5","price":"","pimage":"","pimage_id":"","pthumb":"","color":""},{"label":"46","value":"EU 46","price":"","pimage":"","pimage_id":"","pthumb":"","color":""},{"label":"47","value":"EU 47","price":"","pimage":"","pimage_id":"","pthumb":"","color":""},{"label":"47.5","value":"EU 47.5","price":"","pimage":"","pimage_id":"","pthumb":"","color":""},{"label":"48","value":"EU 48","price":"","pimage":"","pimage_id":"","pthumb":"","color":""}],"relations":[{"operator":false,"rules":[]}],"form_id":18106,"form_rules":{"pric_cal_option_once":false,"exclude_from_discount":false,"pric_use_as_fee":false,"fee_label":"Fee","render_after_acb":false,"disp_hide_options_price":false}}]},"yoast_head":"<!-- This site is optimized with the Yoast SEO plugin v26.5 - https:\/\/yoast.com\/wordpress\/plugins\/seo\/ -->\n<title>Nike Air More Uptempo &#039;Light Bone&#039; 921948-001 - Tourcruiser PTE. LTD<\/title>\n<meta name=\"robots\" content=\"index, follow, max-snippet:-1, max-image-preview:large, max-video-preview:-1\" \/>\n<link rel=\"canonical\" href=\"https:\/\/tourcruiser.com\/de\/products\/nike-air-more-uptempo-light-bone-921948-001\/\" \/>\n<meta property=\"og:locale\" content=\"de_DE\" \/>\n<meta property=\"og:type\" content=\"article\" \/>\n<meta property=\"og:title\" content=\"Nike Air More Uptempo &#039;Light Bone&#039; 921948-001 - Tourcruiser PTE. LTD\" \/>\n<meta property=\"og:description\" content=\"Der Nike Air More Uptempo Light Bone, auch bekannt als Light Bone, ist ein stylischer und trendiger Sneaker von Nike. Mit seinem eleganten Design und der bequemen Passform ist dieser Schuh perfekt f\u00c3\u00bcr Sportler und Sneaker-Fans gleicherma\u00c3\u0178en. Die Farbe Light Bone verleiht jedem Outfit einen Hauch von Raffinesse. Mit diesen Nike Air More Uptempos in [&hellip;]\" \/>\n<meta property=\"og:url\" content=\"https:\/\/tourcruiser.com\/de\/products\/nike-air-more-uptempo-light-bone-921948-001\/\" \/>\n<meta property=\"og:site_name\" content=\"Tourcruiser Sneaker Store\" \/>\n<meta name=\"twitter:card\" content=\"summary_large_image\" \/>\n<meta name=\"twitter:image\" content=\"https:\/\/images.novelship.com\/product\/nike_air_more_uptempo__light_bone__921948_001_0_77743.jpeg\" \/>\n<script type=\"application\/ld+json\" class=\"yoast-schema-graph\">{\"@context\":\"https:\/\/schema.org\",\"@graph\":[{\"@type\":\"WebPage\",\"@id\":\"https:\/\/tourcruiser.com\/de\/products\/nike-air-more-uptempo-light-bone-921948-001\/\",\"url\":\"https:\/\/tourcruiser.com\/de\/products\/nike-air-more-uptempo-light-bone-921948-001\/\",\"name\":\"Nike Air More Uptempo 'Light Bone' 921948-001 - Tourcruiser PTE. LTD\",\"isPartOf\":{\"@id\":\"https:\/\/tourcruiser.com\/de\/#website\"},\"primaryImageOfPage\":{\"@id\":\"https:\/\/tourcruiser.com\/de\/products\/nike-air-more-uptempo-light-bone-921948-001\/#primaryimage\"},\"image\":{\"@id\":\"https:\/\/tourcruiser.com\/de\/products\/nike-air-more-uptempo-light-bone-921948-001\/#primaryimage\"},\"thumbnailUrl\":\"https:\/\/images.novelship.com\/product\/nike_air_more_uptempo__light_bone__921948_001_0_77743.jpeg\",\"datePublished\":\"2026-03-21T05:01:32+00:00\",\"breadcrumb\":{\"@id\":\"https:\/\/tourcruiser.com\/de\/products\/nike-air-more-uptempo-light-bone-921948-001\/#breadcrumb\"},\"inLanguage\":\"de\",\"potentialAction\":[{\"@type\":\"ReadAction\",\"target\":[\"https:\/\/tourcruiser.com\/de\/products\/nike-air-more-uptempo-light-bone-921948-001\/\"]}]},{\"@type\":\"ImageObject\",\"inLanguage\":\"de\",\"@id\":\"https:\/\/tourcruiser.com\/de\/products\/nike-air-more-uptempo-light-bone-921948-001\/#primaryimage\",\"url\":\"https:\/\/images.novelship.com\/product\/nike_air_more_uptempo__light_bone__921948_001_0_77743.jpeg\",\"contentUrl\":\"https:\/\/images.novelship.com\/product\/nike_air_more_uptempo__light_bone__921948_001_0_77743.jpeg\"},{\"@type\":\"BreadcrumbList\",\"@id\":\"https:\/\/tourcruiser.com\/de\/products\/nike-air-more-uptempo-light-bone-921948-001\/#breadcrumb\",\"itemListElement\":[{\"@type\":\"ListItem\",\"position\":1,\"name\":\"Home\",\"item\":\"https:\/\/tourcruiser.com\/de\/\"},{\"@type\":\"ListItem\",\"position\":2,\"name\":\"Shop\",\"item\":\"https:\/\/tourcruiser.com\/de\/shop\/\"},{\"@type\":\"ListItem\",\"position\":3,\"name\":\"Nike Air More Uptempo 'Light Bone' 921948-001\"}]},{\"@type\":\"WebSite\",\"@id\":\"https:\/\/tourcruiser.com\/de\/#website\",\"url\":\"https:\/\/tourcruiser.com\/de\/\",\"name\":\"Styloral Jewelry Shop\",\"description\":\"Tourcruiser Sneaker Store \u2014 der Ort, an dem das Universum deine Einzigartigkeit trifft.\",\"publisher\":{\"@id\":\"https:\/\/tourcruiser.com\/de\/#organization\"},\"potentialAction\":[{\"@type\":\"SearchAction\",\"target\":{\"@type\":\"EntryPoint\",\"urlTemplate\":\"https:\/\/tourcruiser.com\/de\/?s={search_term_string}\"},\"query-input\":{\"@type\":\"PropertyValueSpecification\",\"valueRequired\":true,\"valueName\":\"search_term_string\"}}],\"inLanguage\":\"de\"},{\"@type\":\"Organization\",\"@id\":\"https:\/\/tourcruiser.com\/de\/#organization\",\"name\":\"STYLORAL PTE. LTD\",\"url\":\"https:\/\/tourcruiser.com\/de\/\",\"logo\":{\"@type\":\"ImageObject\",\"inLanguage\":\"de\",\"@id\":\"https:\/\/tourcruiser.com\/de\/#\/schema\/logo\/image\/\",\"url\":\"https:\/\/www.tourcruiser.com\/wp-content\/uploads\/2025\/12\/logo.png\",\"contentUrl\":\"https:\/\/www.tourcruiser.com\/wp-content\/uploads\/2025\/12\/logo.png\",\"width\":200,\"height\":65,\"caption\":\"STYLORAL PTE. LTD\"},\"image\":{\"@id\":\"https:\/\/tourcruiser.com\/de\/#\/schema\/logo\/image\/\"}}]}<\/script>\n<!-- \/ Yoast SEO plugin. -->","yoast_head_json":{"title":"Nike Air More Uptempo 'Light Bone' 921948-001 - Tourcruiser PTE. LTD","robots":{"index":"index","follow":"follow","max-snippet":"max-snippet:-1","max-image-preview":"max-image-preview:large","max-video-preview":"max-video-preview:-1"},"canonical":"https:\/\/tourcruiser.com\/de\/products\/nike-air-more-uptempo-light-bone-921948-001\/","og_locale":"de_DE","og_type":"article","og_title":"Nike Air More Uptempo 'Light Bone' 921948-001 - Tourcruiser PTE. LTD","og_description":"Der Nike Air More Uptempo Light Bone, auch bekannt als Light Bone, ist ein stylischer und trendiger Sneaker von Nike. Mit seinem eleganten Design und der bequemen Passform ist dieser Schuh perfekt f\u00c3\u00bcr Sportler und Sneaker-Fans gleicherma\u00c3\u0178en. Die Farbe Light Bone verleiht jedem Outfit einen Hauch von Raffinesse. Mit diesen Nike Air More Uptempos in [&hellip;]","og_url":"https:\/\/tourcruiser.com\/de\/products\/nike-air-more-uptempo-light-bone-921948-001\/","og_site_name":"Tourcruiser Sneaker Store","twitter_card":"summary_large_image","twitter_image":"https:\/\/images.novelship.com\/product\/nike_air_more_uptempo__light_bone__921948_001_0_77743.jpeg","schema":{"@context":"https:\/\/schema.org","@graph":[{"@type":"WebPage","@id":"https:\/\/tourcruiser.com\/de\/products\/nike-air-more-uptempo-light-bone-921948-001\/","url":"https:\/\/tourcruiser.com\/de\/products\/nike-air-more-uptempo-light-bone-921948-001\/","name":"Nike Air More Uptempo 'Light Bone' 921948-001 - Tourcruiser PTE. LTD","isPartOf":{"@id":"https:\/\/tourcruiser.com\/de\/#website"},"primaryImageOfPage":{"@id":"https:\/\/tourcruiser.com\/de\/products\/nike-air-more-uptempo-light-bone-921948-001\/#primaryimage"},"image":{"@id":"https:\/\/tourcruiser.com\/de\/products\/nike-air-more-uptempo-light-bone-921948-001\/#primaryimage"},"thumbnailUrl":"https:\/\/images.novelship.com\/product\/nike_air_more_uptempo__light_bone__921948_001_0_77743.jpeg","datePublished":"2026-03-21T05:01:32+00:00","breadcrumb":{"@id":"https:\/\/tourcruiser.com\/de\/products\/nike-air-more-uptempo-light-bone-921948-001\/#breadcrumb"},"inLanguage":"de","potentialAction":[{"@type":"ReadAction","target":["https:\/\/tourcruiser.com\/de\/products\/nike-air-more-uptempo-light-bone-921948-001\/"]}]},{"@type":"ImageObject","inLanguage":"de","@id":"https:\/\/tourcruiser.com\/de\/products\/nike-air-more-uptempo-light-bone-921948-001\/#primaryimage","url":"https:\/\/images.novelship.com\/product\/nike_air_more_uptempo__light_bone__921948_001_0_77743.jpeg","contentUrl":"https:\/\/images.novelship.com\/product\/nike_air_more_uptempo__light_bone__921948_001_0_77743.jpeg"},{"@type":"BreadcrumbList","@id":"https:\/\/tourcruiser.com\/de\/products\/nike-air-more-uptempo-light-bone-921948-001\/#breadcrumb","itemListElement":[{"@type":"ListItem","position":1,"name":"Home","item":"https:\/\/tourcruiser.com\/de\/"},{"@type":"ListItem","position":2,"name":"Shop","item":"https:\/\/tourcruiser.com\/de\/shop\/"},{"@type":"ListItem","position":3,"name":"Nike Air More Uptempo 'Light Bone' 921948-001"}]},{"@type":"WebSite","@id":"https:\/\/tourcruiser.com\/de\/#website","url":"https:\/\/tourcruiser.com\/de\/","name":"Styloral Jewelry Shop","description":"Tourcruiser Sneaker Store \u2014 der Ort, an dem das Universum deine Einzigartigkeit trifft.","publisher":{"@id":"https:\/\/tourcruiser.com\/de\/#organization"},"potentialAction":[{"@type":"SearchAction","target":{"@type":"EntryPoint","urlTemplate":"https:\/\/tourcruiser.com\/de\/?s={search_term_string}"},"query-input":{"@type":"PropertyValueSpecification","valueRequired":true,"valueName":"search_term_string"}}],"inLanguage":"de"},{"@type":"Organization","@id":"https:\/\/tourcruiser.com\/de\/#organization","name":"STYLORAL PTE. LTD","url":"https:\/\/tourcruiser.com\/de\/","logo":{"@type":"ImageObject","inLanguage":"de","@id":"https:\/\/tourcruiser.com\/de\/#\/schema\/logo\/image\/","url":"https:\/\/www.tourcruiser.com\/wp-content\/uploads\/2025\/12\/logo.png","contentUrl":"https:\/\/www.tourcruiser.com\/wp-content\/uploads\/2025\/12\/logo.png","width":200,"height":65,"caption":"STYLORAL PTE. LTD"},"image":{"@id":"https:\/\/tourcruiser.com\/de\/#\/schema\/logo\/image\/"}}]}},"_links":{"self":[{"href":"https:\/\/tourcruiser.com\/de\/wp-json\/wp\/v2\/product\/448184","targetHints":{"allow":["GET"]}}],"collection":[{"href":"https:\/\/tourcruiser.com\/de\/wp-json\/wp\/v2\/product"}],"about":[{"href":"https:\/\/tourcruiser.com\/de\/wp-json\/wp\/v2\/types\/product"}],"replies":[{"embeddable":true,"href":"https:\/\/tourcruiser.com\/de\/wp-json\/wp\/v2\/comments?post=448184"}],"wp:featuredmedia":[{"embeddable":true,"href":"https:\/\/tourcruiser.com\/de\/wp-json\/wp\/v2\/media\/448185"}],"wp:attachment":[{"href":"https:\/\/tourcruiser.com\/de\/wp-json\/wp\/v2\/media?parent=448184"}],"wp:term":[{"taxonomy":"product_brand","embeddable":true,"href":"https:\/\/tourcruiser.com\/de\/wp-json\/wp\/v2\/product_brand?post=448184"},{"taxonomy":"product_cat","embeddable":true,"href":"https:\/\/tourcruiser.com\/de\/wp-json\/wp\/v2\/product_cat?post=448184"},{"taxonomy":"product_tag","embeddable":true,"href":"https:\/\/tourcruiser.com\/de\/wp-json\/wp\/v2\/product_tag?post=448184"}],"curies":[{"name":"wp","href":"https:\/\/api.w.org\/{rel}","templated":true}]}}