{"id":447252,"date":"2026-03-21T12:01:01","date_gmt":"2026-03-21T05:01:01","guid":{"rendered":"http:\/\/tourcruiser.com\/product\/adidas-originals-low-top-skateboarding-sneaker-green-black-if4338"},"modified":"2026-03-21T12:01:01","modified_gmt":"2026-03-21T05:01:01","slug":"adidas-originals-low-top-skateboarding-sneaker-green-black-if4338","status":"publish","type":"product","link":"https:\/\/tourcruiser.com\/de\/products\/adidas-originals-low-top-skateboarding-sneaker-green-black-if4338\/","title":{"rendered":"adidas Originals Low-Top Skateboarding Sneaker &#8218;Green Black&#8216; IF4338"},"content":{"rendered":"<p>Wir pr\u00c3\u00a4sentieren den adidas Originals Low-Top Skateboarding Sneaker \u00e2\u20ac\u017eGreen Black\u00e2\u20ac\u0153 IF4338 \u00e2\u20ac\u201c ein stylischer und funktionaler Sneaker f\u00c3\u00bcr Skateboard-Fans. Das robuste Canvas-Obermaterial in leuchtendem Gr\u00c3\u00bcn wird durch schwarze Akzente und eine Zehenkappe aus Gummi f\u00c3\u00bcr zus\u00c3\u00a4tzlichen Schutz erg\u00c3\u00a4nzt. Die griffige Au\u00c3\u0178ensohle sorgt f\u00c3\u00bcr optimale Traktion auf dem Board, w\u00c3\u00a4hrend der gepolsterte Schaftrand und die Zunge f\u00c3\u00bcr hohen Tragekomfort garantieren. Abgerundet wird der Sneaker durch die ikonischen drei Streifen von adidas. Dieser Sneaker verleiht deinem Skateboard-Style das gewisse Etwas und bietet gleichzeitig erstklassige Performance.<\/p>\n<p>Farbgebung: Olivgr\u00c3\u00bcn\/Mehrfarbig<\/p>\n<p>Artikelnummer: IF4338<br \/>\nObermaterial: Wildleder<br \/>\nFarbe: Braun<\/p>\n<p>Farbe:<\/p>\n","protected":false},"excerpt":{"rendered":"<p>Wir pr\u00c3\u00a4sentieren den adidas Originals Low-Top Skateboarding Sneaker \u00e2\u20ac\u017eGreen Black\u00e2\u20ac\u0153 IF4338 \u00e2\u20ac\u201c ein stylischer und funktionaler Sneaker f\u00c3\u00bcr Skateboard-Fans. Das robuste Canvas-Obermaterial in leuchtendem Gr\u00c3\u00bcn wird durch schwarze Akzente und eine Zehenkappe aus Gummi f\u00c3\u00bcr zus\u00c3\u00a4tzlichen Schutz erg\u00c3\u00a4nzt. Die griffige Au\u00c3\u0178ensohle sorgt f\u00c3\u00bcr optimale Traktion auf dem Board, w\u00c3\u00a4hrend der gepolsterte Schaftrand und die Zunge [&hellip;]<\/p>\n","protected":false},"featured_media":447253,"comment_status":"open","ping_status":"closed","template":"","meta":[],"product_brand":[],"product_cat":[10760,38966,38842,39253],"product_tag":[10759,10749,10753,10754,11036,11434,11153,10785,10758],"class_list":{"0":"post-447252","1":"product","2":"type-product","3":"status-publish","4":"has-post-thumbnail","6":"product_cat-adidas","7":"product_cat-lifestyle-shoes-skateboarding-inspired","8":"product_cat-gender-men","9":"product_cat-adidas-originals-low-top-skateboarding-sneaker","10":"product_tag-adidas","11":"product_tag-adidas-skateboarding-shoes","12":"product_tag-gift-for-him","13":"product_tag-lifestyle-casual-shoes","14":"product_tag-lifestyle-shoes-skateboarding-inspired","15":"product_tag-low-top-skateboard-shoes","16":"product_tag-skateboard-shoes","17":"product_tag-trending-deals","18":"product_tag-under-retail","19":"wcpa_has_options","21":"first","22":"instock","23":"taxable","24":"shipping-taxable","25":"purchasable","26":"product-type-simple"},"wcpa_form_fields":{"rules":{"pric_overide_base_price":false,"pric_overide_base_price_if_gt_zero":false,"pric_overide_base_price_fully":false,"pric_cal_option_once":false,"pric_use_as_fee":false,"bind_quantity":false,"quantity_bind_formula":false},"fields":[{"type":"color-group","required":true,"elementId":"wcpa-color-group-66c4a7f817afe","label":"Gr\u00f6\u00dfe","inline":true,"priceOptions":"different_for_all","pricingType":"fixed","className":"hassizechart product-shoes-size-eu product-shoes-size","name":"color-group-66c4a7f817b18","disp_type":"square","selection_type":"tick-border","disp_size":"50","show_label_inside":true,"adjust_width":true,"cart_display_type":"text","other_text":"Other","cl_rule":"show","col":6,"values":[{"label":"35","value":"EU 35","price":"","pimage":"","pimage_id":"","pthumb":"","color":""},{"label":"35.5","value":"EU 35.5","price":"","pimage":"","pimage_id":"","pthumb":"","color":""},{"label":"36","value":"EU 36","price":"","pimage":"","pimage_id":"","pthumb":"","color":"","selected":true},{"label":"36 2\/3","value":"EU 36 2\/3","price":"","pimage":"","pimage_id":"","pthumb":"","color":""},{"label":"37 1\/3","value":"EU 37 1\/3","price":"","pimage":"","pimage_id":"","pthumb":"","color":""},{"label":"38","value":"EU 38","price":"","pimage":"","pimage_id":"","pthumb":"","color":""},{"label":"38 2\/3","value":"EU 38 2\/3","price":"","pimage":"","pimage_id":"","pthumb":"","color":""},{"label":"39 1\/3","value":"EU 39 1\/3","price":"","pimage":"","pimage_id":"","pthumb":"","color":""},{"label":"40","value":"EU 40","price":"","pimage":"","pimage_id":"","pthumb":"","color":""},{"label":"40 2\/3","value":"EU 40 2\/3","price":"","pimage":"","pimage_id":"","pthumb":"","color":""},{"label":"41 1\/3","value":"EU 41 1\/3","price":"","pimage":"","pimage_id":"","pthumb":"","color":""},{"label":"42","value":"EU 42","price":"","pimage":"","pimage_id":"","pthumb":"","color":""},{"label":"42 2\/3","value":"EU 42 2\/3","price":"","pimage":"","pimage_id":"","pthumb":"","color":""},{"label":"43 1\/3","value":"EU 43 1\/3","price":"","pimage":"","pimage_id":"","pthumb":"","color":""},{"label":"44","value":"EU 44","price":"","pimage":"","pimage_id":"","pthumb":"","color":""},{"label":"44 2\/3","value":"EU 44 2\/3","price":"","pimage":"","pimage_id":"","pthumb":"","color":""},{"label":"45 1\/3","value":"EU 45 1\/3","price":"","pimage":"","pimage_id":"","pthumb":"","color":""},{"label":"46","value":"EU 46","price":"","pimage":"","pimage_id":"","pthumb":"","color":""},{"label":"46 2\/3","value":"EU 46 2\/3","price":"","pimage":"","pimage_id":"","pthumb":"","color":""},{"label":"47 1\/3","value":"EU 47 1\/3","price":"","pimage":"","pimage_id":"","pthumb":"","color":""}],"relations":[{"operator":false,"rules":[]}],"form_id":24802,"form_rules":{"pric_cal_option_once":false,"exclude_from_discount":false,"pric_use_as_fee":false,"fee_label":"Fee","render_after_acb":false,"disp_hide_options_price":false}}]},"yoast_head":"<!-- This site is optimized with the Yoast SEO plugin v26.5 - https:\/\/yoast.com\/wordpress\/plugins\/seo\/ -->\n<title>adidas Originals Low-Top Skateboarding Sneaker &#039;Green Black&#039; IF4338 - Tourcruiser PTE. LTD<\/title>\n<meta name=\"robots\" content=\"index, follow, max-snippet:-1, max-image-preview:large, max-video-preview:-1\" \/>\n<link rel=\"canonical\" href=\"https:\/\/tourcruiser.com\/de\/products\/adidas-originals-low-top-skateboarding-sneaker-green-black-if4338\/\" \/>\n<meta property=\"og:locale\" content=\"de_DE\" \/>\n<meta property=\"og:type\" content=\"article\" \/>\n<meta property=\"og:title\" content=\"adidas Originals Low-Top Skateboarding Sneaker &#039;Green Black&#039; IF4338 - Tourcruiser PTE. LTD\" \/>\n<meta property=\"og:description\" content=\"Wir pr\u00c3\u00a4sentieren den adidas Originals Low-Top Skateboarding Sneaker \u00e2\u20ac\u017eGreen Black\u00e2\u20ac\u0153 IF4338 \u00e2\u20ac\u201c ein stylischer und funktionaler Sneaker f\u00c3\u00bcr Skateboard-Fans. Das robuste Canvas-Obermaterial in leuchtendem Gr\u00c3\u00bcn wird durch schwarze Akzente und eine Zehenkappe aus Gummi f\u00c3\u00bcr zus\u00c3\u00a4tzlichen Schutz erg\u00c3\u00a4nzt. Die griffige Au\u00c3\u0178ensohle sorgt f\u00c3\u00bcr optimale Traktion auf dem Board, w\u00c3\u00a4hrend der gepolsterte Schaftrand und die Zunge [&hellip;]\" \/>\n<meta property=\"og:url\" content=\"https:\/\/tourcruiser.com\/de\/products\/adidas-originals-low-top-skateboarding-sneaker-green-black-if4338\/\" \/>\n<meta property=\"og:site_name\" content=\"Tourcruiser Sneaker Store\" \/>\n<meta name=\"twitter:card\" content=\"summary_large_image\" \/>\n<meta name=\"twitter:image\" content=\"https:\/\/images.novelship.com\/product\/adidas_originals_low-top_skateboarding_sneaker__gr_0_94958.jpeg\" \/>\n<meta name=\"twitter:label1\" content=\"Gesch\u00e4tzte Lesezeit\" \/>\n\t<meta name=\"twitter:data1\" content=\"1\u00a0Minute\" \/>\n<script type=\"application\/ld+json\" class=\"yoast-schema-graph\">{\"@context\":\"https:\/\/schema.org\",\"@graph\":[{\"@type\":\"WebPage\",\"@id\":\"https:\/\/tourcruiser.com\/de\/products\/adidas-originals-low-top-skateboarding-sneaker-green-black-if4338\/\",\"url\":\"https:\/\/tourcruiser.com\/de\/products\/adidas-originals-low-top-skateboarding-sneaker-green-black-if4338\/\",\"name\":\"adidas Originals Low-Top Skateboarding Sneaker 'Green Black' IF4338 - Tourcruiser PTE. LTD\",\"isPartOf\":{\"@id\":\"https:\/\/tourcruiser.com\/de\/#website\"},\"primaryImageOfPage\":{\"@id\":\"https:\/\/tourcruiser.com\/de\/products\/adidas-originals-low-top-skateboarding-sneaker-green-black-if4338\/#primaryimage\"},\"image\":{\"@id\":\"https:\/\/tourcruiser.com\/de\/products\/adidas-originals-low-top-skateboarding-sneaker-green-black-if4338\/#primaryimage\"},\"thumbnailUrl\":\"https:\/\/images.novelship.com\/product\/adidas_originals_low-top_skateboarding_sneaker__gr_0_94958.jpeg\",\"datePublished\":\"2026-03-21T05:01:01+00:00\",\"breadcrumb\":{\"@id\":\"https:\/\/tourcruiser.com\/de\/products\/adidas-originals-low-top-skateboarding-sneaker-green-black-if4338\/#breadcrumb\"},\"inLanguage\":\"de\",\"potentialAction\":[{\"@type\":\"ReadAction\",\"target\":[\"https:\/\/tourcruiser.com\/de\/products\/adidas-originals-low-top-skateboarding-sneaker-green-black-if4338\/\"]}]},{\"@type\":\"ImageObject\",\"inLanguage\":\"de\",\"@id\":\"https:\/\/tourcruiser.com\/de\/products\/adidas-originals-low-top-skateboarding-sneaker-green-black-if4338\/#primaryimage\",\"url\":\"https:\/\/images.novelship.com\/product\/adidas_originals_low-top_skateboarding_sneaker__gr_0_94958.jpeg\",\"contentUrl\":\"https:\/\/images.novelship.com\/product\/adidas_originals_low-top_skateboarding_sneaker__gr_0_94958.jpeg\"},{\"@type\":\"BreadcrumbList\",\"@id\":\"https:\/\/tourcruiser.com\/de\/products\/adidas-originals-low-top-skateboarding-sneaker-green-black-if4338\/#breadcrumb\",\"itemListElement\":[{\"@type\":\"ListItem\",\"position\":1,\"name\":\"Home\",\"item\":\"https:\/\/tourcruiser.com\/de\/\"},{\"@type\":\"ListItem\",\"position\":2,\"name\":\"Shop\",\"item\":\"https:\/\/tourcruiser.com\/de\/shop\/\"},{\"@type\":\"ListItem\",\"position\":3,\"name\":\"adidas Originals Low-Top Skateboarding Sneaker 'Green Black' IF4338\"}]},{\"@type\":\"WebSite\",\"@id\":\"https:\/\/tourcruiser.com\/de\/#website\",\"url\":\"https:\/\/tourcruiser.com\/de\/\",\"name\":\"Styloral Jewelry Shop\",\"description\":\"Tourcruiser Sneaker Store \u2014 der Ort, an dem das Universum deine Einzigartigkeit trifft.\",\"publisher\":{\"@id\":\"https:\/\/tourcruiser.com\/de\/#organization\"},\"potentialAction\":[{\"@type\":\"SearchAction\",\"target\":{\"@type\":\"EntryPoint\",\"urlTemplate\":\"https:\/\/tourcruiser.com\/de\/?s={search_term_string}\"},\"query-input\":{\"@type\":\"PropertyValueSpecification\",\"valueRequired\":true,\"valueName\":\"search_term_string\"}}],\"inLanguage\":\"de\"},{\"@type\":\"Organization\",\"@id\":\"https:\/\/tourcruiser.com\/de\/#organization\",\"name\":\"STYLORAL PTE. LTD\",\"url\":\"https:\/\/tourcruiser.com\/de\/\",\"logo\":{\"@type\":\"ImageObject\",\"inLanguage\":\"de\",\"@id\":\"https:\/\/tourcruiser.com\/de\/#\/schema\/logo\/image\/\",\"url\":\"https:\/\/www.tourcruiser.com\/wp-content\/uploads\/2025\/12\/logo.png\",\"contentUrl\":\"https:\/\/www.tourcruiser.com\/wp-content\/uploads\/2025\/12\/logo.png\",\"width\":200,\"height\":65,\"caption\":\"STYLORAL PTE. LTD\"},\"image\":{\"@id\":\"https:\/\/tourcruiser.com\/de\/#\/schema\/logo\/image\/\"}}]}<\/script>\n<!-- \/ Yoast SEO plugin. -->","yoast_head_json":{"title":"adidas Originals Low-Top Skateboarding Sneaker 'Green Black' IF4338 - Tourcruiser PTE. LTD","robots":{"index":"index","follow":"follow","max-snippet":"max-snippet:-1","max-image-preview":"max-image-preview:large","max-video-preview":"max-video-preview:-1"},"canonical":"https:\/\/tourcruiser.com\/de\/products\/adidas-originals-low-top-skateboarding-sneaker-green-black-if4338\/","og_locale":"de_DE","og_type":"article","og_title":"adidas Originals Low-Top Skateboarding Sneaker 'Green Black' IF4338 - Tourcruiser PTE. LTD","og_description":"Wir pr\u00c3\u00a4sentieren den adidas Originals Low-Top Skateboarding Sneaker \u00e2\u20ac\u017eGreen Black\u00e2\u20ac\u0153 IF4338 \u00e2\u20ac\u201c ein stylischer und funktionaler Sneaker f\u00c3\u00bcr Skateboard-Fans. Das robuste Canvas-Obermaterial in leuchtendem Gr\u00c3\u00bcn wird durch schwarze Akzente und eine Zehenkappe aus Gummi f\u00c3\u00bcr zus\u00c3\u00a4tzlichen Schutz erg\u00c3\u00a4nzt. Die griffige Au\u00c3\u0178ensohle sorgt f\u00c3\u00bcr optimale Traktion auf dem Board, w\u00c3\u00a4hrend der gepolsterte Schaftrand und die Zunge [&hellip;]","og_url":"https:\/\/tourcruiser.com\/de\/products\/adidas-originals-low-top-skateboarding-sneaker-green-black-if4338\/","og_site_name":"Tourcruiser Sneaker Store","twitter_card":"summary_large_image","twitter_image":"https:\/\/images.novelship.com\/product\/adidas_originals_low-top_skateboarding_sneaker__gr_0_94958.jpeg","twitter_misc":{"Gesch\u00e4tzte Lesezeit":"1\u00a0Minute"},"schema":{"@context":"https:\/\/schema.org","@graph":[{"@type":"WebPage","@id":"https:\/\/tourcruiser.com\/de\/products\/adidas-originals-low-top-skateboarding-sneaker-green-black-if4338\/","url":"https:\/\/tourcruiser.com\/de\/products\/adidas-originals-low-top-skateboarding-sneaker-green-black-if4338\/","name":"adidas Originals Low-Top Skateboarding Sneaker 'Green Black' IF4338 - Tourcruiser PTE. LTD","isPartOf":{"@id":"https:\/\/tourcruiser.com\/de\/#website"},"primaryImageOfPage":{"@id":"https:\/\/tourcruiser.com\/de\/products\/adidas-originals-low-top-skateboarding-sneaker-green-black-if4338\/#primaryimage"},"image":{"@id":"https:\/\/tourcruiser.com\/de\/products\/adidas-originals-low-top-skateboarding-sneaker-green-black-if4338\/#primaryimage"},"thumbnailUrl":"https:\/\/images.novelship.com\/product\/adidas_originals_low-top_skateboarding_sneaker__gr_0_94958.jpeg","datePublished":"2026-03-21T05:01:01+00:00","breadcrumb":{"@id":"https:\/\/tourcruiser.com\/de\/products\/adidas-originals-low-top-skateboarding-sneaker-green-black-if4338\/#breadcrumb"},"inLanguage":"de","potentialAction":[{"@type":"ReadAction","target":["https:\/\/tourcruiser.com\/de\/products\/adidas-originals-low-top-skateboarding-sneaker-green-black-if4338\/"]}]},{"@type":"ImageObject","inLanguage":"de","@id":"https:\/\/tourcruiser.com\/de\/products\/adidas-originals-low-top-skateboarding-sneaker-green-black-if4338\/#primaryimage","url":"https:\/\/images.novelship.com\/product\/adidas_originals_low-top_skateboarding_sneaker__gr_0_94958.jpeg","contentUrl":"https:\/\/images.novelship.com\/product\/adidas_originals_low-top_skateboarding_sneaker__gr_0_94958.jpeg"},{"@type":"BreadcrumbList","@id":"https:\/\/tourcruiser.com\/de\/products\/adidas-originals-low-top-skateboarding-sneaker-green-black-if4338\/#breadcrumb","itemListElement":[{"@type":"ListItem","position":1,"name":"Home","item":"https:\/\/tourcruiser.com\/de\/"},{"@type":"ListItem","position":2,"name":"Shop","item":"https:\/\/tourcruiser.com\/de\/shop\/"},{"@type":"ListItem","position":3,"name":"adidas Originals Low-Top Skateboarding Sneaker 'Green Black' IF4338"}]},{"@type":"WebSite","@id":"https:\/\/tourcruiser.com\/de\/#website","url":"https:\/\/tourcruiser.com\/de\/","name":"Styloral Jewelry Shop","description":"Tourcruiser Sneaker Store \u2014 der Ort, an dem das Universum deine Einzigartigkeit trifft.","publisher":{"@id":"https:\/\/tourcruiser.com\/de\/#organization"},"potentialAction":[{"@type":"SearchAction","target":{"@type":"EntryPoint","urlTemplate":"https:\/\/tourcruiser.com\/de\/?s={search_term_string}"},"query-input":{"@type":"PropertyValueSpecification","valueRequired":true,"valueName":"search_term_string"}}],"inLanguage":"de"},{"@type":"Organization","@id":"https:\/\/tourcruiser.com\/de\/#organization","name":"STYLORAL PTE. LTD","url":"https:\/\/tourcruiser.com\/de\/","logo":{"@type":"ImageObject","inLanguage":"de","@id":"https:\/\/tourcruiser.com\/de\/#\/schema\/logo\/image\/","url":"https:\/\/www.tourcruiser.com\/wp-content\/uploads\/2025\/12\/logo.png","contentUrl":"https:\/\/www.tourcruiser.com\/wp-content\/uploads\/2025\/12\/logo.png","width":200,"height":65,"caption":"STYLORAL PTE. LTD"},"image":{"@id":"https:\/\/tourcruiser.com\/de\/#\/schema\/logo\/image\/"}}]}},"_links":{"self":[{"href":"https:\/\/tourcruiser.com\/de\/wp-json\/wp\/v2\/product\/447252","targetHints":{"allow":["GET"]}}],"collection":[{"href":"https:\/\/tourcruiser.com\/de\/wp-json\/wp\/v2\/product"}],"about":[{"href":"https:\/\/tourcruiser.com\/de\/wp-json\/wp\/v2\/types\/product"}],"replies":[{"embeddable":true,"href":"https:\/\/tourcruiser.com\/de\/wp-json\/wp\/v2\/comments?post=447252"}],"wp:featuredmedia":[{"embeddable":true,"href":"https:\/\/tourcruiser.com\/de\/wp-json\/wp\/v2\/media\/447253"}],"wp:attachment":[{"href":"https:\/\/tourcruiser.com\/de\/wp-json\/wp\/v2\/media?parent=447252"}],"wp:term":[{"taxonomy":"product_brand","embeddable":true,"href":"https:\/\/tourcruiser.com\/de\/wp-json\/wp\/v2\/product_brand?post=447252"},{"taxonomy":"product_cat","embeddable":true,"href":"https:\/\/tourcruiser.com\/de\/wp-json\/wp\/v2\/product_cat?post=447252"},{"taxonomy":"product_tag","embeddable":true,"href":"https:\/\/tourcruiser.com\/de\/wp-json\/wp\/v2\/product_tag?post=447252"}],"curies":[{"name":"wp","href":"https:\/\/api.w.org\/{rel}","templated":true}]}}