{"id":446410,"date":"2026-03-21T12:00:28","date_gmt":"2026-03-21T05:00:28","guid":{"rendered":"http:\/\/tourcruiser.com\/product\/adidas-originals-nite-jogger-boost-grey-black-green-fx3811"},"modified":"2026-03-21T12:00:28","modified_gmt":"2026-03-21T05:00:28","slug":"adidas-originals-nite-jogger-boost-grey-black-green-fx3811","status":"publish","type":"product","link":"https:\/\/tourcruiser.com\/de\/products\/adidas-originals-nite-jogger-boost-grey-black-green-fx3811\/","title":{"rendered":"adidas originals Nite Jogger Boost &#8218;Grey Black Green&#8216; FX3811"},"content":{"rendered":"<p>Mit dem adidas Originals Nite Jogger Boost &#8218;Grey Black Green&#8216; FX3811 bist du bestens f\u00c3\u00bcr die Zukunft ger\u00c3\u00bcstet. Dieser Sneaker vereint Style und Komfort mit einem eleganten Obermaterial in Grau und Schwarz mit leuchtend gr\u00c3\u00bcnen Akzenten. Die reaktionsfreudige Boost-Zwischensohle sorgt f\u00c3\u00bcr D\u00c3\u00a4mpfung und Energier\u00c3\u00bcckgabe, w\u00c3\u00a4hrend reflektierende Details die Sichtbarkeit bei schlechten Lichtverh\u00c3\u00a4ltnissen verbessern. Ob auf der Stra\u00c3\u0178e oder beim Erkunden der Nacht \u00e2\u20ac\u201c der Nite Jogger Boost FX3811 ist der perfekte Begleiter f\u00c3\u00bcr deine urbanen Abenteuer.<\/p>\n<p>Farbgebung: Wei\u00c3\u0178\/Schwarz\/Gr\u00c3\u00bcn<\/p>\n<p>Style-Code: FX3811<\/p>\n<p>Obermaterial: Textil\/Synthetikleder<\/p>\n<p>Farbe: Wei\u00c3\u0178<\/p>\n<p>Saison: Ganzj\u00c3\u00a4hrig<\/p>\n<p>Farbe: Wei\u00c3\u0178<\/p>\n","protected":false},"excerpt":{"rendered":"<p>Mit dem adidas Originals Nite Jogger Boost &#8218;Grey Black Green&#8216; FX3811 bist du bestens f\u00c3\u00bcr die Zukunft ger\u00c3\u00bcstet. Dieser Sneaker vereint Style und Komfort mit einem eleganten Obermaterial in Grau und Schwarz mit leuchtend gr\u00c3\u00bcnen Akzenten. Die reaktionsfreudige Boost-Zwischensohle sorgt f\u00c3\u00bcr D\u00c3\u00a4mpfung und Energier\u00c3\u00bcckgabe, w\u00c3\u00a4hrend reflektierende Details die Sichtbarkeit bei schlechten Lichtverh\u00c3\u00a4ltnissen verbessern. Ob auf [&hellip;]<\/p>\n","protected":false},"featured_media":446411,"comment_status":"open","ping_status":"closed","template":"","meta":[],"product_brand":[],"product_cat":[10760,38840,38842,38890],"product_tag":[10759,10750,10753,10754,10765,10768,10785,10786,10758],"class_list":{"0":"post-446410","1":"product","2":"type-product","3":"status-publish","4":"has-post-thumbnail","6":"product_cat-adidas","7":"product_cat-lifestyle-shoes-running-inspired","8":"product_cat-gender-men","9":"product_cat-adidas-nite-jogger","10":"product_tag-adidas","11":"product_tag-athleisure-shoes","12":"product_tag-gift-for-him","13":"product_tag-lifestyle-casual-shoes","14":"product_tag-lifestyle-shoes-running-inspired","15":"product_tag-retro-running-shoes","16":"product_tag-trending-deals","17":"product_tag-trending-deals-under-150","18":"product_tag-under-retail","19":"wcpa_has_options","21":"first","22":"instock","23":"taxable","24":"shipping-taxable","25":"purchasable","26":"product-type-simple"},"wcpa_form_fields":{"rules":{"pric_overide_base_price":false,"pric_overide_base_price_if_gt_zero":false,"pric_overide_base_price_fully":false,"pric_cal_option_once":false,"pric_use_as_fee":false,"bind_quantity":false,"quantity_bind_formula":false},"fields":[{"type":"color-group","required":true,"elementId":"wcpa-color-group-66c4a7f817afe","label":"Gr\u00f6\u00dfe","inline":true,"priceOptions":"different_for_all","pricingType":"fixed","className":"hassizechart product-shoes-size-eu product-shoes-size","name":"color-group-66c4a7f817b18","disp_type":"square","selection_type":"tick-border","disp_size":"50","show_label_inside":true,"adjust_width":true,"cart_display_type":"text","other_text":"Other","cl_rule":"show","col":6,"values":[{"label":"35","value":"EU 35","price":"","pimage":"","pimage_id":"","pthumb":"","color":""},{"label":"35.5","value":"EU 35.5","price":"","pimage":"","pimage_id":"","pthumb":"","color":""},{"label":"36","value":"EU 36","price":"","pimage":"","pimage_id":"","pthumb":"","color":"","selected":true},{"label":"36 2\/3","value":"EU 36 2\/3","price":"","pimage":"","pimage_id":"","pthumb":"","color":""},{"label":"37 1\/3","value":"EU 37 1\/3","price":"","pimage":"","pimage_id":"","pthumb":"","color":""},{"label":"38","value":"EU 38","price":"","pimage":"","pimage_id":"","pthumb":"","color":""},{"label":"38 2\/3","value":"EU 38 2\/3","price":"","pimage":"","pimage_id":"","pthumb":"","color":""},{"label":"39 1\/3","value":"EU 39 1\/3","price":"","pimage":"","pimage_id":"","pthumb":"","color":""},{"label":"40","value":"EU 40","price":"","pimage":"","pimage_id":"","pthumb":"","color":""},{"label":"40 2\/3","value":"EU 40 2\/3","price":"","pimage":"","pimage_id":"","pthumb":"","color":""},{"label":"41 1\/3","value":"EU 41 1\/3","price":"","pimage":"","pimage_id":"","pthumb":"","color":""},{"label":"42","value":"EU 42","price":"","pimage":"","pimage_id":"","pthumb":"","color":""},{"label":"42 2\/3","value":"EU 42 2\/3","price":"","pimage":"","pimage_id":"","pthumb":"","color":""},{"label":"43 1\/3","value":"EU 43 1\/3","price":"","pimage":"","pimage_id":"","pthumb":"","color":""},{"label":"44","value":"EU 44","price":"","pimage":"","pimage_id":"","pthumb":"","color":""},{"label":"44 2\/3","value":"EU 44 2\/3","price":"","pimage":"","pimage_id":"","pthumb":"","color":""},{"label":"45 1\/3","value":"EU 45 1\/3","price":"","pimage":"","pimage_id":"","pthumb":"","color":""},{"label":"46","value":"EU 46","price":"","pimage":"","pimage_id":"","pthumb":"","color":""},{"label":"46 2\/3","value":"EU 46 2\/3","price":"","pimage":"","pimage_id":"","pthumb":"","color":""},{"label":"47 1\/3","value":"EU 47 1\/3","price":"","pimage":"","pimage_id":"","pthumb":"","color":""}],"relations":[{"operator":false,"rules":[]}],"form_id":24802,"form_rules":{"pric_cal_option_once":false,"exclude_from_discount":false,"pric_use_as_fee":false,"fee_label":"Fee","render_after_acb":false,"disp_hide_options_price":false}}]},"yoast_head":"<!-- This site is optimized with the Yoast SEO plugin v26.5 - https:\/\/yoast.com\/wordpress\/plugins\/seo\/ -->\n<title>adidas originals Nite Jogger Boost &#039;Grey Black Green&#039; FX3811 - Tourcruiser PTE. LTD<\/title>\n<meta name=\"robots\" content=\"index, follow, max-snippet:-1, max-image-preview:large, max-video-preview:-1\" \/>\n<link rel=\"canonical\" href=\"https:\/\/tourcruiser.com\/de\/products\/adidas-originals-nite-jogger-boost-grey-black-green-fx3811\/\" \/>\n<meta property=\"og:locale\" content=\"de_DE\" \/>\n<meta property=\"og:type\" content=\"article\" \/>\n<meta property=\"og:title\" content=\"adidas originals Nite Jogger Boost &#039;Grey Black Green&#039; FX3811 - Tourcruiser PTE. LTD\" \/>\n<meta property=\"og:description\" content=\"Mit dem adidas Originals Nite Jogger Boost &#8218;Grey Black Green&#8216; FX3811 bist du bestens f\u00c3\u00bcr die Zukunft ger\u00c3\u00bcstet. Dieser Sneaker vereint Style und Komfort mit einem eleganten Obermaterial in Grau und Schwarz mit leuchtend gr\u00c3\u00bcnen Akzenten. Die reaktionsfreudige Boost-Zwischensohle sorgt f\u00c3\u00bcr D\u00c3\u00a4mpfung und Energier\u00c3\u00bcckgabe, w\u00c3\u00a4hrend reflektierende Details die Sichtbarkeit bei schlechten Lichtverh\u00c3\u00a4ltnissen verbessern. Ob auf [&hellip;]\" \/>\n<meta property=\"og:url\" content=\"https:\/\/tourcruiser.com\/de\/products\/adidas-originals-nite-jogger-boost-grey-black-green-fx3811\/\" \/>\n<meta property=\"og:site_name\" content=\"Tourcruiser Sneaker Store\" \/>\n<meta name=\"twitter:card\" content=\"summary_large_image\" \/>\n<meta name=\"twitter:image\" content=\"https:\/\/images.novelship.com\/product\/adidas_originals_nite_jogger__light_amber__fx3811_0_20602.jpeg\" \/>\n<meta name=\"twitter:label1\" content=\"Gesch\u00e4tzte Lesezeit\" \/>\n\t<meta name=\"twitter:data1\" content=\"1\u00a0Minute\" \/>\n<script type=\"application\/ld+json\" class=\"yoast-schema-graph\">{\"@context\":\"https:\/\/schema.org\",\"@graph\":[{\"@type\":\"WebPage\",\"@id\":\"https:\/\/tourcruiser.com\/de\/products\/adidas-originals-nite-jogger-boost-grey-black-green-fx3811\/\",\"url\":\"https:\/\/tourcruiser.com\/de\/products\/adidas-originals-nite-jogger-boost-grey-black-green-fx3811\/\",\"name\":\"adidas originals Nite Jogger Boost 'Grey Black Green' FX3811 - Tourcruiser PTE. LTD\",\"isPartOf\":{\"@id\":\"https:\/\/tourcruiser.com\/de\/#website\"},\"primaryImageOfPage\":{\"@id\":\"https:\/\/tourcruiser.com\/de\/products\/adidas-originals-nite-jogger-boost-grey-black-green-fx3811\/#primaryimage\"},\"image\":{\"@id\":\"https:\/\/tourcruiser.com\/de\/products\/adidas-originals-nite-jogger-boost-grey-black-green-fx3811\/#primaryimage\"},\"thumbnailUrl\":\"https:\/\/images.novelship.com\/product\/adidas_originals_nite_jogger__light_amber__fx3811_0_20602.jpeg\",\"datePublished\":\"2026-03-21T05:00:28+00:00\",\"breadcrumb\":{\"@id\":\"https:\/\/tourcruiser.com\/de\/products\/adidas-originals-nite-jogger-boost-grey-black-green-fx3811\/#breadcrumb\"},\"inLanguage\":\"de\",\"potentialAction\":[{\"@type\":\"ReadAction\",\"target\":[\"https:\/\/tourcruiser.com\/de\/products\/adidas-originals-nite-jogger-boost-grey-black-green-fx3811\/\"]}]},{\"@type\":\"ImageObject\",\"inLanguage\":\"de\",\"@id\":\"https:\/\/tourcruiser.com\/de\/products\/adidas-originals-nite-jogger-boost-grey-black-green-fx3811\/#primaryimage\",\"url\":\"https:\/\/images.novelship.com\/product\/adidas_originals_nite_jogger__light_amber__fx3811_0_20602.jpeg\",\"contentUrl\":\"https:\/\/images.novelship.com\/product\/adidas_originals_nite_jogger__light_amber__fx3811_0_20602.jpeg\"},{\"@type\":\"BreadcrumbList\",\"@id\":\"https:\/\/tourcruiser.com\/de\/products\/adidas-originals-nite-jogger-boost-grey-black-green-fx3811\/#breadcrumb\",\"itemListElement\":[{\"@type\":\"ListItem\",\"position\":1,\"name\":\"Home\",\"item\":\"https:\/\/tourcruiser.com\/de\/\"},{\"@type\":\"ListItem\",\"position\":2,\"name\":\"Shop\",\"item\":\"https:\/\/tourcruiser.com\/de\/shop\/\"},{\"@type\":\"ListItem\",\"position\":3,\"name\":\"adidas originals Nite Jogger Boost 'Grey Black Green' FX3811\"}]},{\"@type\":\"WebSite\",\"@id\":\"https:\/\/tourcruiser.com\/de\/#website\",\"url\":\"https:\/\/tourcruiser.com\/de\/\",\"name\":\"Styloral Jewelry Shop\",\"description\":\"Tourcruiser Sneaker Store \u2014 der Ort, an dem das Universum deine Einzigartigkeit trifft.\",\"publisher\":{\"@id\":\"https:\/\/tourcruiser.com\/de\/#organization\"},\"potentialAction\":[{\"@type\":\"SearchAction\",\"target\":{\"@type\":\"EntryPoint\",\"urlTemplate\":\"https:\/\/tourcruiser.com\/de\/?s={search_term_string}\"},\"query-input\":{\"@type\":\"PropertyValueSpecification\",\"valueRequired\":true,\"valueName\":\"search_term_string\"}}],\"inLanguage\":\"de\"},{\"@type\":\"Organization\",\"@id\":\"https:\/\/tourcruiser.com\/de\/#organization\",\"name\":\"STYLORAL PTE. LTD\",\"url\":\"https:\/\/tourcruiser.com\/de\/\",\"logo\":{\"@type\":\"ImageObject\",\"inLanguage\":\"de\",\"@id\":\"https:\/\/tourcruiser.com\/de\/#\/schema\/logo\/image\/\",\"url\":\"https:\/\/www.tourcruiser.com\/wp-content\/uploads\/2025\/12\/logo.png\",\"contentUrl\":\"https:\/\/www.tourcruiser.com\/wp-content\/uploads\/2025\/12\/logo.png\",\"width\":200,\"height\":65,\"caption\":\"STYLORAL PTE. LTD\"},\"image\":{\"@id\":\"https:\/\/tourcruiser.com\/de\/#\/schema\/logo\/image\/\"}}]}<\/script>\n<!-- \/ Yoast SEO plugin. -->","yoast_head_json":{"title":"adidas originals Nite Jogger Boost 'Grey Black Green' FX3811 - Tourcruiser PTE. LTD","robots":{"index":"index","follow":"follow","max-snippet":"max-snippet:-1","max-image-preview":"max-image-preview:large","max-video-preview":"max-video-preview:-1"},"canonical":"https:\/\/tourcruiser.com\/de\/products\/adidas-originals-nite-jogger-boost-grey-black-green-fx3811\/","og_locale":"de_DE","og_type":"article","og_title":"adidas originals Nite Jogger Boost 'Grey Black Green' FX3811 - Tourcruiser PTE. LTD","og_description":"Mit dem adidas Originals Nite Jogger Boost &#8218;Grey Black Green&#8216; FX3811 bist du bestens f\u00c3\u00bcr die Zukunft ger\u00c3\u00bcstet. Dieser Sneaker vereint Style und Komfort mit einem eleganten Obermaterial in Grau und Schwarz mit leuchtend gr\u00c3\u00bcnen Akzenten. Die reaktionsfreudige Boost-Zwischensohle sorgt f\u00c3\u00bcr D\u00c3\u00a4mpfung und Energier\u00c3\u00bcckgabe, w\u00c3\u00a4hrend reflektierende Details die Sichtbarkeit bei schlechten Lichtverh\u00c3\u00a4ltnissen verbessern. Ob auf [&hellip;]","og_url":"https:\/\/tourcruiser.com\/de\/products\/adidas-originals-nite-jogger-boost-grey-black-green-fx3811\/","og_site_name":"Tourcruiser Sneaker Store","twitter_card":"summary_large_image","twitter_image":"https:\/\/images.novelship.com\/product\/adidas_originals_nite_jogger__light_amber__fx3811_0_20602.jpeg","twitter_misc":{"Gesch\u00e4tzte Lesezeit":"1\u00a0Minute"},"schema":{"@context":"https:\/\/schema.org","@graph":[{"@type":"WebPage","@id":"https:\/\/tourcruiser.com\/de\/products\/adidas-originals-nite-jogger-boost-grey-black-green-fx3811\/","url":"https:\/\/tourcruiser.com\/de\/products\/adidas-originals-nite-jogger-boost-grey-black-green-fx3811\/","name":"adidas originals Nite Jogger Boost 'Grey Black Green' FX3811 - Tourcruiser PTE. LTD","isPartOf":{"@id":"https:\/\/tourcruiser.com\/de\/#website"},"primaryImageOfPage":{"@id":"https:\/\/tourcruiser.com\/de\/products\/adidas-originals-nite-jogger-boost-grey-black-green-fx3811\/#primaryimage"},"image":{"@id":"https:\/\/tourcruiser.com\/de\/products\/adidas-originals-nite-jogger-boost-grey-black-green-fx3811\/#primaryimage"},"thumbnailUrl":"https:\/\/images.novelship.com\/product\/adidas_originals_nite_jogger__light_amber__fx3811_0_20602.jpeg","datePublished":"2026-03-21T05:00:28+00:00","breadcrumb":{"@id":"https:\/\/tourcruiser.com\/de\/products\/adidas-originals-nite-jogger-boost-grey-black-green-fx3811\/#breadcrumb"},"inLanguage":"de","potentialAction":[{"@type":"ReadAction","target":["https:\/\/tourcruiser.com\/de\/products\/adidas-originals-nite-jogger-boost-grey-black-green-fx3811\/"]}]},{"@type":"ImageObject","inLanguage":"de","@id":"https:\/\/tourcruiser.com\/de\/products\/adidas-originals-nite-jogger-boost-grey-black-green-fx3811\/#primaryimage","url":"https:\/\/images.novelship.com\/product\/adidas_originals_nite_jogger__light_amber__fx3811_0_20602.jpeg","contentUrl":"https:\/\/images.novelship.com\/product\/adidas_originals_nite_jogger__light_amber__fx3811_0_20602.jpeg"},{"@type":"BreadcrumbList","@id":"https:\/\/tourcruiser.com\/de\/products\/adidas-originals-nite-jogger-boost-grey-black-green-fx3811\/#breadcrumb","itemListElement":[{"@type":"ListItem","position":1,"name":"Home","item":"https:\/\/tourcruiser.com\/de\/"},{"@type":"ListItem","position":2,"name":"Shop","item":"https:\/\/tourcruiser.com\/de\/shop\/"},{"@type":"ListItem","position":3,"name":"adidas originals Nite Jogger Boost 'Grey Black Green' FX3811"}]},{"@type":"WebSite","@id":"https:\/\/tourcruiser.com\/de\/#website","url":"https:\/\/tourcruiser.com\/de\/","name":"Styloral Jewelry Shop","description":"Tourcruiser Sneaker Store \u2014 der Ort, an dem das Universum deine Einzigartigkeit trifft.","publisher":{"@id":"https:\/\/tourcruiser.com\/de\/#organization"},"potentialAction":[{"@type":"SearchAction","target":{"@type":"EntryPoint","urlTemplate":"https:\/\/tourcruiser.com\/de\/?s={search_term_string}"},"query-input":{"@type":"PropertyValueSpecification","valueRequired":true,"valueName":"search_term_string"}}],"inLanguage":"de"},{"@type":"Organization","@id":"https:\/\/tourcruiser.com\/de\/#organization","name":"STYLORAL PTE. LTD","url":"https:\/\/tourcruiser.com\/de\/","logo":{"@type":"ImageObject","inLanguage":"de","@id":"https:\/\/tourcruiser.com\/de\/#\/schema\/logo\/image\/","url":"https:\/\/www.tourcruiser.com\/wp-content\/uploads\/2025\/12\/logo.png","contentUrl":"https:\/\/www.tourcruiser.com\/wp-content\/uploads\/2025\/12\/logo.png","width":200,"height":65,"caption":"STYLORAL PTE. LTD"},"image":{"@id":"https:\/\/tourcruiser.com\/de\/#\/schema\/logo\/image\/"}}]}},"_links":{"self":[{"href":"https:\/\/tourcruiser.com\/de\/wp-json\/wp\/v2\/product\/446410","targetHints":{"allow":["GET"]}}],"collection":[{"href":"https:\/\/tourcruiser.com\/de\/wp-json\/wp\/v2\/product"}],"about":[{"href":"https:\/\/tourcruiser.com\/de\/wp-json\/wp\/v2\/types\/product"}],"replies":[{"embeddable":true,"href":"https:\/\/tourcruiser.com\/de\/wp-json\/wp\/v2\/comments?post=446410"}],"wp:featuredmedia":[{"embeddable":true,"href":"https:\/\/tourcruiser.com\/de\/wp-json\/wp\/v2\/media\/446411"}],"wp:attachment":[{"href":"https:\/\/tourcruiser.com\/de\/wp-json\/wp\/v2\/media?parent=446410"}],"wp:term":[{"taxonomy":"product_brand","embeddable":true,"href":"https:\/\/tourcruiser.com\/de\/wp-json\/wp\/v2\/product_brand?post=446410"},{"taxonomy":"product_cat","embeddable":true,"href":"https:\/\/tourcruiser.com\/de\/wp-json\/wp\/v2\/product_cat?post=446410"},{"taxonomy":"product_tag","embeddable":true,"href":"https:\/\/tourcruiser.com\/de\/wp-json\/wp\/v2\/product_tag?post=446410"}],"curies":[{"name":"wp","href":"https:\/\/api.w.org\/{rel}","templated":true}]}}