{"id":44591,"date":"2026-03-02T15:00:07","date_gmt":"2026-03-02T08:00:07","guid":{"rendered":"http:\/\/tourcruiser.com\/product\/asics-ballaholic-x-nova-surge-low-midnight-aurora-green"},"modified":"2026-03-28T00:52:46","modified_gmt":"2026-03-27T17:52:46","slug":"asics-ballaholic-x-nova-surge-low-midnight-aurora-green","status":"publish","type":"product","link":"https:\/\/tourcruiser.com\/de\/products\/asics-ballaholic-x-nova-surge-low-midnight-aurora-green\/","title":{"rendered":"ASICS ballaholic x Nova Surge Low &#8218;Midnight Aurora Green&#8216;"},"content":{"rendered":"<p>Erleben Sie unvergleichlichen Style und Performance mit dem ASICS Nova Surge Low Ballaholic Midnight 1061A050-400. Dieser Schuh wurde f\u00fcr ambitionierte Sportler entwickelt und bietet dank seiner fortschrittlichen D\u00e4mpfungstechnologie \u00fcberragenden Komfort und optimale Unterst\u00fctzung. Die elegante, mitternachtsblaue Farbgebung macht ihn zum perfekten Begleiter auf und neben dem Court. Das atmungsaktive Mesh-Obermaterial sorgt f\u00fcr optimale Luftzirkulation, w\u00e4hrend die strapazierf\u00e4hige Au\u00dfensohle hervorragende Traktion bietet. Verbessere dein Spiel mit einem Schuh, der \u00c4sthetik und Funktionalit\u00e4t perfekt vereint.<\/p>\n<ul>\n<li><strong>Farbgebung:<\/strong> Mitternachtsblau\/Auroragr\u00fcn<\/li>\n<li><strong>Artikelnummer:<\/strong> 1061A050-400<\/li>\n<li><strong>Obermaterial:<\/strong> Synthetik<\/li>\n<li><strong>Zwischensohle:<\/strong> FlyteFoam<\/li>\n<li><strong>Farbe:<\/strong> Schwarz<\/li>\n<li><strong>Saison:<\/strong> Sommer<\/li>\n<li><strong>Erscheinungsjahr:<\/strong> 2024<\/li>\n<\/ul>\n","protected":false},"excerpt":{"rendered":"<p>ASICS Nova Surge Low Ballaholic Midnight \u201d\u201d Midnight\/Aurora Green<\/p>\n","protected":false},"featured_media":44592,"comment_status":"open","ping_status":"closed","template":"","meta":[],"product_brand":[],"product_cat":[10792],"product_tag":[10791,10800,10753,10802,10912],"class_list":{"0":"post-44591","1":"product","2":"type-product","3":"status-publish","4":"has-post-thumbnail","6":"product_cat-asics","7":"product_tag-asics","8":"product_tag-basketball-shoes","9":"product_tag-gift-for-him","10":"product_tag-performance-sport-shoes","11":"product_tag-volleyball-shoes","12":"wcpa_has_options","14":"first","15":"outofstock","16":"taxable","17":"shipping-taxable","18":"purchasable","19":"product-type-simple"},"wcpa_form_fields":{"rules":{"pric_overide_base_price":false,"pric_overide_base_price_if_gt_zero":false,"pric_overide_base_price_fully":false,"pric_cal_option_once":false,"pric_use_as_fee":false,"bind_quantity":false,"quantity_bind_formula":false},"fields":[{"type":"color-group","required":true,"elementId":"wcpa-color-group-69a5ab08ee12d","label":"Gr\u00f6\u00dfe","inline":true,"priceOptions":"different_for_all","pricingType":"fixed","className":"hassizechart product-shoes-size-eu product-shoes-size","name":"color-group-69a5ab08ee136","disp_type":"square","selection_type":"tick-border","disp_size":"50","show_label_inside":true,"adjust_width":true,"cart_display_type":"text","other_text":"Other","cl_rule":"show","col":6,"values":[{"label":"36","value":"EU 36","price":"","pimage":"","pimage_id":"","pthumb":"","color":"","selected":true},{"label":"37","value":"EU 37","price":"","pimage":"","pimage_id":"","pthumb":"","color":""},{"label":"37.5","value":"EU 37.5","price":"","pimage":"","pimage_id":"","pthumb":"","color":""},{"label":"38","value":"EU 38","price":"","pimage":"","pimage_id":"","pthumb":"","color":""},{"label":"38.5","value":"EU 38.5","price":"","pimage":"","pimage_id":"","pthumb":"","color":""},{"label":"39","value":"EU 39","price":"","pimage":"","pimage_id":"","pthumb":"","color":""},{"label":"39.5","value":"EU 39.5","price":"","pimage":"","pimage_id":"","pthumb":"","color":""},{"label":"40","value":"EU 40","price":"","pimage":"","pimage_id":"","pthumb":"","color":""},{"label":"40.5","value":"EU 40.5","price":"","pimage":"","pimage_id":"","pthumb":"","color":""},{"label":" 41.5","value":"EU 41.5","price":"","pimage":"","pimage_id":"","pthumb":"","color":""},{"label":"42","value":"EU 42","price":"","pimage":"","pimage_id":"","pthumb":"","color":""},{"label":"42.5","value":"EU 42.5","price":"","pimage":"","pimage_id":"","pthumb":"","color":""},{"label":"43.5","value":"EU 43.5","price":"","pimage":"","pimage_id":"","pthumb":"","color":""},{"label":"44","value":"EU 44","price":"","pimage":"","pimage_id":"","pthumb":"","color":""},{"label":"44.5","value":"EU 44.5","price":"","pimage":"","pimage_id":"","pthumb":"","color":""},{"label":"45","value":"EU 45","price":"","pimage":"","pimage_id":"","pthumb":"","color":""}],"relations":[{"operator":false,"rules":[]}],"form_id":184311,"form_rules":{"pric_cal_option_once":false,"exclude_from_discount":false,"pric_use_as_fee":false,"fee_label":"Fee","render_after_acb":false,"disp_hide_options_price":false}}]},"yoast_head":"<!-- This site is optimized with the Yoast SEO plugin v26.5 - https:\/\/yoast.com\/wordpress\/plugins\/seo\/ -->\n<title>ASICS ballaholic x Nova Surge Low &#039;Midnight Aurora Green&#039;  - Tourcruiser PTE. LTD<\/title>\n<meta name=\"robots\" content=\"index, follow, max-snippet:-1, max-image-preview:large, max-video-preview:-1\" \/>\n<link rel=\"canonical\" href=\"https:\/\/tourcruiser.com\/de\/products\/asics-ballaholic-x-nova-surge-low-midnight-aurora-green\/\" \/>\n<meta property=\"og:locale\" content=\"de_DE\" \/>\n<meta property=\"og:type\" content=\"article\" \/>\n<meta property=\"og:title\" content=\"ASICS ballaholic x Nova Surge Low &#039;Midnight Aurora Green&#039;  - Tourcruiser PTE. LTD\" \/>\n<meta property=\"og:description\" content=\"ASICS Nova Surge Low Ballaholic Midnight \u201d\u201d Midnight\/Aurora Green\" \/>\n<meta property=\"og:url\" content=\"https:\/\/tourcruiser.com\/de\/products\/asics-ballaholic-x-nova-surge-low-midnight-aurora-green\/\" \/>\n<meta property=\"og:site_name\" content=\"Tourcruiser Sneaker Store\" \/>\n<meta property=\"article:modified_time\" content=\"2026-03-27T17:52:46+00:00\" \/>\n<meta name=\"twitter:card\" content=\"summary_large_image\" \/>\n<meta name=\"twitter:image\" content=\"https:\/\/images.novelship.com\/product\/asics_nova_surge_low_ballaholic_midnight_1061a050-_0_77380.jpeg;https:\/\/images.novelship.com\/product\/asics_nova_surge_low_ballaholic_midnight_1061a050-_1_77380.jpeg;https:\/\/images.novelship.com\/product\/asics_nova_surge_low_ballaholic_midnight_1061a050-_2_77380.jpeg;https:\/\/images.novelship.com\/product\/asics_nova_surge_low_ballaholic_midnight_1061a050-_3_77380.jpeg;https:\/\/images.novelship.com\/product\/asics_nova_surge_low_ballaholic_midnight_1061a050-_4_77380.jpeg\" \/>\n<script type=\"application\/ld+json\" class=\"yoast-schema-graph\">{\"@context\":\"https:\/\/schema.org\",\"@graph\":[{\"@type\":\"WebPage\",\"@id\":\"https:\/\/tourcruiser.com\/de\/products\/asics-ballaholic-x-nova-surge-low-midnight-aurora-green\/\",\"url\":\"https:\/\/tourcruiser.com\/de\/products\/asics-ballaholic-x-nova-surge-low-midnight-aurora-green\/\",\"name\":\"ASICS ballaholic x Nova Surge Low 'Midnight Aurora Green' - Tourcruiser PTE. LTD\",\"isPartOf\":{\"@id\":\"https:\/\/tourcruiser.com\/de\/#website\"},\"primaryImageOfPage\":{\"@id\":\"https:\/\/tourcruiser.com\/de\/products\/asics-ballaholic-x-nova-surge-low-midnight-aurora-green\/#primaryimage\"},\"image\":{\"@id\":\"https:\/\/tourcruiser.com\/de\/products\/asics-ballaholic-x-nova-surge-low-midnight-aurora-green\/#primaryimage\"},\"thumbnailUrl\":\"https:\/\/images.novelship.com\/product\/asics_nova_surge_low_ballaholic_midnight_1061a050-_0_77380.jpeg;https:\/\/images.novelship.com\/product\/asics_nova_surge_low_ballaholic_midnight_1061a050-_1_77380.jpeg;https:\/\/images.novelship.com\/product\/asics_nova_surge_low_ballaholic_midnight_1061a050-_2_77380.jpeg;https:\/\/images.novelship.com\/product\/asics_nova_surge_low_ballaholic_midnight_1061a050-_3_77380.jpeg;https:\/\/images.novelship.com\/product\/asics_nova_surge_low_ballaholic_midnight_1061a050-_4_77380.jpeg\",\"datePublished\":\"2026-03-02T08:00:07+00:00\",\"dateModified\":\"2026-03-27T17:52:46+00:00\",\"breadcrumb\":{\"@id\":\"https:\/\/tourcruiser.com\/de\/products\/asics-ballaholic-x-nova-surge-low-midnight-aurora-green\/#breadcrumb\"},\"inLanguage\":\"de\",\"potentialAction\":[{\"@type\":\"ReadAction\",\"target\":[\"https:\/\/tourcruiser.com\/de\/products\/asics-ballaholic-x-nova-surge-low-midnight-aurora-green\/\"]}]},{\"@type\":\"ImageObject\",\"inLanguage\":\"de\",\"@id\":\"https:\/\/tourcruiser.com\/de\/products\/asics-ballaholic-x-nova-surge-low-midnight-aurora-green\/#primaryimage\",\"url\":\"https:\/\/images.novelship.com\/product\/asics_nova_surge_low_ballaholic_midnight_1061a050-_0_77380.jpeg;https:\/\/images.novelship.com\/product\/asics_nova_surge_low_ballaholic_midnight_1061a050-_1_77380.jpeg;https:\/\/images.novelship.com\/product\/asics_nova_surge_low_ballaholic_midnight_1061a050-_2_77380.jpeg;https:\/\/images.novelship.com\/product\/asics_nova_surge_low_ballaholic_midnight_1061a050-_3_77380.jpeg;https:\/\/images.novelship.com\/product\/asics_nova_surge_low_ballaholic_midnight_1061a050-_4_77380.jpeg\",\"contentUrl\":\"https:\/\/images.novelship.com\/product\/asics_nova_surge_low_ballaholic_midnight_1061a050-_0_77380.jpeg;https:\/\/images.novelship.com\/product\/asics_nova_surge_low_ballaholic_midnight_1061a050-_1_77380.jpeg;https:\/\/images.novelship.com\/product\/asics_nova_surge_low_ballaholic_midnight_1061a050-_2_77380.jpeg;https:\/\/images.novelship.com\/product\/asics_nova_surge_low_ballaholic_midnight_1061a050-_3_77380.jpeg;https:\/\/images.novelship.com\/product\/asics_nova_surge_low_ballaholic_midnight_1061a050-_4_77380.jpeg\"},{\"@type\":\"BreadcrumbList\",\"@id\":\"https:\/\/tourcruiser.com\/de\/products\/asics-ballaholic-x-nova-surge-low-midnight-aurora-green\/#breadcrumb\",\"itemListElement\":[{\"@type\":\"ListItem\",\"position\":1,\"name\":\"Home\",\"item\":\"https:\/\/tourcruiser.com\/de\/\"},{\"@type\":\"ListItem\",\"position\":2,\"name\":\"Shop\",\"item\":\"https:\/\/tourcruiser.com\/de\/shop\/\"},{\"@type\":\"ListItem\",\"position\":3,\"name\":\"ASICS ballaholic x Nova Surge Low 'Midnight Aurora Green'\"}]},{\"@type\":\"WebSite\",\"@id\":\"https:\/\/tourcruiser.com\/de\/#website\",\"url\":\"https:\/\/tourcruiser.com\/de\/\",\"name\":\"Styloral Jewelry Shop\",\"description\":\"Tourcruiser Sneaker Store \u2014 der Ort, an dem das Universum deine Einzigartigkeit trifft.\",\"publisher\":{\"@id\":\"https:\/\/tourcruiser.com\/de\/#organization\"},\"potentialAction\":[{\"@type\":\"SearchAction\",\"target\":{\"@type\":\"EntryPoint\",\"urlTemplate\":\"https:\/\/tourcruiser.com\/de\/?s={search_term_string}\"},\"query-input\":{\"@type\":\"PropertyValueSpecification\",\"valueRequired\":true,\"valueName\":\"search_term_string\"}}],\"inLanguage\":\"de\"},{\"@type\":\"Organization\",\"@id\":\"https:\/\/tourcruiser.com\/de\/#organization\",\"name\":\"STYLORAL PTE. LTD\",\"url\":\"https:\/\/tourcruiser.com\/de\/\",\"logo\":{\"@type\":\"ImageObject\",\"inLanguage\":\"de\",\"@id\":\"https:\/\/tourcruiser.com\/de\/#\/schema\/logo\/image\/\",\"url\":\"https:\/\/www.tourcruiser.com\/wp-content\/uploads\/2025\/12\/logo.png\",\"contentUrl\":\"https:\/\/www.tourcruiser.com\/wp-content\/uploads\/2025\/12\/logo.png\",\"width\":200,\"height\":65,\"caption\":\"STYLORAL PTE. LTD\"},\"image\":{\"@id\":\"https:\/\/tourcruiser.com\/de\/#\/schema\/logo\/image\/\"}}]}<\/script>\n<!-- \/ Yoast SEO plugin. -->","yoast_head_json":{"title":"ASICS ballaholic x Nova Surge Low 'Midnight Aurora Green'  - Tourcruiser PTE. LTD","robots":{"index":"index","follow":"follow","max-snippet":"max-snippet:-1","max-image-preview":"max-image-preview:large","max-video-preview":"max-video-preview:-1"},"canonical":"https:\/\/tourcruiser.com\/de\/products\/asics-ballaholic-x-nova-surge-low-midnight-aurora-green\/","og_locale":"de_DE","og_type":"article","og_title":"ASICS ballaholic x Nova Surge Low 'Midnight Aurora Green'  - Tourcruiser PTE. LTD","og_description":"ASICS Nova Surge Low Ballaholic Midnight \u201d\u201d Midnight\/Aurora Green","og_url":"https:\/\/tourcruiser.com\/de\/products\/asics-ballaholic-x-nova-surge-low-midnight-aurora-green\/","og_site_name":"Tourcruiser Sneaker Store","article_modified_time":"2026-03-27T17:52:46+00:00","twitter_card":"summary_large_image","twitter_image":"https:\/\/images.novelship.com\/product\/asics_nova_surge_low_ballaholic_midnight_1061a050-_0_77380.jpeg;https:\/\/images.novelship.com\/product\/asics_nova_surge_low_ballaholic_midnight_1061a050-_1_77380.jpeg;https:\/\/images.novelship.com\/product\/asics_nova_surge_low_ballaholic_midnight_1061a050-_2_77380.jpeg;https:\/\/images.novelship.com\/product\/asics_nova_surge_low_ballaholic_midnight_1061a050-_3_77380.jpeg;https:\/\/images.novelship.com\/product\/asics_nova_surge_low_ballaholic_midnight_1061a050-_4_77380.jpeg","schema":{"@context":"https:\/\/schema.org","@graph":[{"@type":"WebPage","@id":"https:\/\/tourcruiser.com\/de\/products\/asics-ballaholic-x-nova-surge-low-midnight-aurora-green\/","url":"https:\/\/tourcruiser.com\/de\/products\/asics-ballaholic-x-nova-surge-low-midnight-aurora-green\/","name":"ASICS ballaholic x Nova Surge Low 'Midnight Aurora Green' - Tourcruiser PTE. LTD","isPartOf":{"@id":"https:\/\/tourcruiser.com\/de\/#website"},"primaryImageOfPage":{"@id":"https:\/\/tourcruiser.com\/de\/products\/asics-ballaholic-x-nova-surge-low-midnight-aurora-green\/#primaryimage"},"image":{"@id":"https:\/\/tourcruiser.com\/de\/products\/asics-ballaholic-x-nova-surge-low-midnight-aurora-green\/#primaryimage"},"thumbnailUrl":"https:\/\/images.novelship.com\/product\/asics_nova_surge_low_ballaholic_midnight_1061a050-_0_77380.jpeg;https:\/\/images.novelship.com\/product\/asics_nova_surge_low_ballaholic_midnight_1061a050-_1_77380.jpeg;https:\/\/images.novelship.com\/product\/asics_nova_surge_low_ballaholic_midnight_1061a050-_2_77380.jpeg;https:\/\/images.novelship.com\/product\/asics_nova_surge_low_ballaholic_midnight_1061a050-_3_77380.jpeg;https:\/\/images.novelship.com\/product\/asics_nova_surge_low_ballaholic_midnight_1061a050-_4_77380.jpeg","datePublished":"2026-03-02T08:00:07+00:00","dateModified":"2026-03-27T17:52:46+00:00","breadcrumb":{"@id":"https:\/\/tourcruiser.com\/de\/products\/asics-ballaholic-x-nova-surge-low-midnight-aurora-green\/#breadcrumb"},"inLanguage":"de","potentialAction":[{"@type":"ReadAction","target":["https:\/\/tourcruiser.com\/de\/products\/asics-ballaholic-x-nova-surge-low-midnight-aurora-green\/"]}]},{"@type":"ImageObject","inLanguage":"de","@id":"https:\/\/tourcruiser.com\/de\/products\/asics-ballaholic-x-nova-surge-low-midnight-aurora-green\/#primaryimage","url":"https:\/\/images.novelship.com\/product\/asics_nova_surge_low_ballaholic_midnight_1061a050-_0_77380.jpeg;https:\/\/images.novelship.com\/product\/asics_nova_surge_low_ballaholic_midnight_1061a050-_1_77380.jpeg;https:\/\/images.novelship.com\/product\/asics_nova_surge_low_ballaholic_midnight_1061a050-_2_77380.jpeg;https:\/\/images.novelship.com\/product\/asics_nova_surge_low_ballaholic_midnight_1061a050-_3_77380.jpeg;https:\/\/images.novelship.com\/product\/asics_nova_surge_low_ballaholic_midnight_1061a050-_4_77380.jpeg","contentUrl":"https:\/\/images.novelship.com\/product\/asics_nova_surge_low_ballaholic_midnight_1061a050-_0_77380.jpeg;https:\/\/images.novelship.com\/product\/asics_nova_surge_low_ballaholic_midnight_1061a050-_1_77380.jpeg;https:\/\/images.novelship.com\/product\/asics_nova_surge_low_ballaholic_midnight_1061a050-_2_77380.jpeg;https:\/\/images.novelship.com\/product\/asics_nova_surge_low_ballaholic_midnight_1061a050-_3_77380.jpeg;https:\/\/images.novelship.com\/product\/asics_nova_surge_low_ballaholic_midnight_1061a050-_4_77380.jpeg"},{"@type":"BreadcrumbList","@id":"https:\/\/tourcruiser.com\/de\/products\/asics-ballaholic-x-nova-surge-low-midnight-aurora-green\/#breadcrumb","itemListElement":[{"@type":"ListItem","position":1,"name":"Home","item":"https:\/\/tourcruiser.com\/de\/"},{"@type":"ListItem","position":2,"name":"Shop","item":"https:\/\/tourcruiser.com\/de\/shop\/"},{"@type":"ListItem","position":3,"name":"ASICS ballaholic x Nova Surge Low 'Midnight Aurora Green'"}]},{"@type":"WebSite","@id":"https:\/\/tourcruiser.com\/de\/#website","url":"https:\/\/tourcruiser.com\/de\/","name":"Styloral Jewelry Shop","description":"Tourcruiser Sneaker Store \u2014 der Ort, an dem das Universum deine Einzigartigkeit trifft.","publisher":{"@id":"https:\/\/tourcruiser.com\/de\/#organization"},"potentialAction":[{"@type":"SearchAction","target":{"@type":"EntryPoint","urlTemplate":"https:\/\/tourcruiser.com\/de\/?s={search_term_string}"},"query-input":{"@type":"PropertyValueSpecification","valueRequired":true,"valueName":"search_term_string"}}],"inLanguage":"de"},{"@type":"Organization","@id":"https:\/\/tourcruiser.com\/de\/#organization","name":"STYLORAL PTE. LTD","url":"https:\/\/tourcruiser.com\/de\/","logo":{"@type":"ImageObject","inLanguage":"de","@id":"https:\/\/tourcruiser.com\/de\/#\/schema\/logo\/image\/","url":"https:\/\/www.tourcruiser.com\/wp-content\/uploads\/2025\/12\/logo.png","contentUrl":"https:\/\/www.tourcruiser.com\/wp-content\/uploads\/2025\/12\/logo.png","width":200,"height":65,"caption":"STYLORAL PTE. LTD"},"image":{"@id":"https:\/\/tourcruiser.com\/de\/#\/schema\/logo\/image\/"}}]}},"_links":{"self":[{"href":"https:\/\/tourcruiser.com\/de\/wp-json\/wp\/v2\/product\/44591","targetHints":{"allow":["GET"]}}],"collection":[{"href":"https:\/\/tourcruiser.com\/de\/wp-json\/wp\/v2\/product"}],"about":[{"href":"https:\/\/tourcruiser.com\/de\/wp-json\/wp\/v2\/types\/product"}],"replies":[{"embeddable":true,"href":"https:\/\/tourcruiser.com\/de\/wp-json\/wp\/v2\/comments?post=44591"}],"wp:featuredmedia":[{"embeddable":true,"href":"https:\/\/tourcruiser.com\/de\/wp-json\/wp\/v2\/media\/44592"}],"wp:attachment":[{"href":"https:\/\/tourcruiser.com\/de\/wp-json\/wp\/v2\/media?parent=44591"}],"wp:term":[{"taxonomy":"product_brand","embeddable":true,"href":"https:\/\/tourcruiser.com\/de\/wp-json\/wp\/v2\/product_brand?post=44591"},{"taxonomy":"product_cat","embeddable":true,"href":"https:\/\/tourcruiser.com\/de\/wp-json\/wp\/v2\/product_cat?post=44591"},{"taxonomy":"product_tag","embeddable":true,"href":"https:\/\/tourcruiser.com\/de\/wp-json\/wp\/v2\/product_tag?post=44591"}],"curies":[{"name":"wp","href":"https:\/\/api.w.org\/{rel}","templated":true}]}}