{"id":445642,"date":"2026-03-21T11:59:57","date_gmt":"2026-03-21T04:59:57","guid":{"rendered":"http:\/\/tourcruiser.com\/product\/nike-downshifter-10-particle-grey-ci9981-003"},"modified":"2026-03-21T11:59:57","modified_gmt":"2026-03-21T04:59:57","slug":"nike-downshifter-10-particle-grey-ci9981-003","status":"publish","type":"product","link":"https:\/\/tourcruiser.com\/de\/products\/nike-downshifter-10-particle-grey-ci9981-003\/","title":{"rendered":"Nike Downshifter 10 &#8218;Particle Grey&#8216; CI9981-003"},"content":{"rendered":"<p>Die Nike Downshifter 10 Laufschuhe in Particle Grey sind die perfekte Erg\u00c3\u00a4nzung f\u00c3\u00bcr deine Sportgarderobe. Entwickelt von Nike, einer vertrauensw\u00c3\u00bcrdigen und renommierten Marke, bieten diese Schuhe erstklassigen Komfort und optimale Unterst\u00c3\u00bctzung f\u00c3\u00bcr deine F\u00c3\u00bc\u00c3\u0178e. Mit ihrer eleganten Farbe Particle Grey sind sie nicht nur leistungsstark, sondern auch stylisch. Egal ob im Fitnessstudio oder beim Laufen im Freien \u00e2\u20ac\u201c mit diesen Nike Downshifter 10 Schuhen erreichst du deine Bestleistung. Bleib im Trend und verbessere deine sportliche Leistung mit diesen Must-have-Laufschuhen.<\/p>\n<p>Farbgebung: Particle Grey\/Grey Fog\/Wei\u00c3\u0178\/Schwarz<\/p>\n<p>Artikelnummer: CI9981-003<\/p>\n<p>Obermaterial: Mesh<\/p>\n<p>Farbe: Grau<\/p>\n<p>Farbe:<\/p>\n","protected":false},"excerpt":{"rendered":"<p>Die Nike Downshifter 10 Laufschuhe in Particle Grey sind die perfekte Erg\u00c3\u00a4nzung f\u00c3\u00bcr deine Sportgarderobe. Entwickelt von Nike, einer vertrauensw\u00c3\u00bcrdigen und renommierten Marke, bieten diese Schuhe erstklassigen Komfort und optimale Unterst\u00c3\u00bctzung f\u00c3\u00bcr deine F\u00c3\u00bc\u00c3\u0178e. Mit ihrer eleganten Farbe Particle Grey sind sie nicht nur leistungsstark, sondern auch stylisch. Egal ob im Fitnessstudio oder beim Laufen [&hellip;]<\/p>\n","protected":false},"featured_media":445643,"comment_status":"open","ping_status":"closed","template":"","meta":[],"product_brand":[],"product_cat":[39110,38842,10803,38850],"product_tag":[10799,10800,10753,10801,10882,10802,10840,10785,10786,10758],"class_list":{"0":"post-445642","1":"product","2":"type-product","3":"status-publish","4":"has-post-thumbnail","6":"product_cat-nike-downshifter-10","7":"product_cat-gender-men","8":"product_cat-nike","9":"product_cat-running-shoes","10":"product_tag-ankle-support-basketball-shoes","11":"product_tag-basketball-shoes","12":"product_tag-gift-for-him","13":"product_tag-nike","14":"product_tag-nike-running-shoes","15":"product_tag-performance-sport-shoes","16":"product_tag-running-shoes","17":"product_tag-trending-deals","18":"product_tag-trending-deals-under-150","19":"product_tag-under-retail","20":"wcpa_has_options","22":"first","23":"instock","24":"taxable","25":"shipping-taxable","26":"purchasable","27":"product-type-simple"},"wcpa_form_fields":{"rules":{"pric_overide_base_price":false,"pric_overide_base_price_if_gt_zero":false,"pric_overide_base_price_fully":false,"pric_cal_option_once":false,"pric_use_as_fee":false,"bind_quantity":false,"quantity_bind_formula":false},"fields":[{"type":"color-group","required":true,"elementId":"wcpa-color-group-66c4a75505e74","label":"Gr\u00f6\u00dfe - EU Gr\u00f6\u00dfe","inline":true,"priceOptions":"different_for_all","pricingType":"fixed","className":"hassizechart product-shoes-size-eu product-shoes-size","name":"color-group-66c4a75505e89","disp_type":"square","selection_type":"tick-border","disp_size":"44","show_label_inside":true,"adjust_width":true,"cart_display_type":"text","other_text":"Other","cl_rule":"show","col":6,"values":[{"label":"35.5","value":"EU 35.5","price":"","pimage":"","pimage_id":"","pthumb":"","color":""},{"label":"36","value":"EU 36","price":"","pimage":"","pimage_id":"","pthumb":"","color":"","selected":true},{"label":"36.5","value":"EU 36.5","price":"","pimage":"","pimage_id":"","pthumb":"","color":""},{"label":"37.5","value":"EU 37.5","price":"","pimage":"","pimage_id":"","pthumb":"","color":""},{"label":"38","value":"EU 38","price":"","pimage":"","pimage_id":"","pthumb":"","color":""},{"label":"38.5","value":"EU 38.5","price":"","pimage":"","pimage_id":"","pthumb":"","color":""},{"label":"39","value":"EU 39","price":"","pimage":"","pimage_id":"","pthumb":"","color":""},{"label":"40","value":"EU 40","price":"","pimage":"","pimage_id":"","pthumb":"","color":""},{"label":"40.5","value":"EU 40.5","price":"","pimage":"","pimage_id":"","pthumb":"","color":""},{"label":"41","value":"EU 41","price":"","pimage":"","pimage_id":"","pthumb":"","color":""},{"label":"42","value":"EU 42","price":"","pimage":"","pimage_id":"","pthumb":"","color":""},{"label":"42.5","value":"EU 42.5","price":"","pimage":"","pimage_id":"","pthumb":"","color":""},{"label":"43","value":"EU 43","price":"","pimage":"","pimage_id":"","pthumb":"","color":""},{"label":"44","value":"EU 44","price":"","pimage":"","pimage_id":"","pthumb":"","color":""},{"label":"44.5","value":"EU 44.5","price":"","pimage":"","pimage_id":"","pthumb":"","color":""},{"label":"45","value":"EU 45","price":"","pimage":"","pimage_id":"","pthumb":"","color":""},{"label":"45.5","value":"EU 45.5","price":"","pimage":"","pimage_id":"","pthumb":"","color":""},{"label":"46","value":"EU 46","price":"","pimage":"","pimage_id":"","pthumb":"","color":""},{"label":"47","value":"EU 47","price":"","pimage":"","pimage_id":"","pthumb":"","color":""},{"label":"47.5","value":"EU 47.5","price":"","pimage":"","pimage_id":"","pthumb":"","color":""},{"label":"48","value":"EU 48","price":"","pimage":"","pimage_id":"","pthumb":"","color":""}],"relations":[{"operator":false,"rules":[]}],"form_id":18106,"form_rules":{"pric_cal_option_once":false,"exclude_from_discount":false,"pric_use_as_fee":false,"fee_label":"Fee","render_after_acb":false,"disp_hide_options_price":false}}]},"yoast_head":"<!-- This site is optimized with the Yoast SEO plugin v26.5 - https:\/\/yoast.com\/wordpress\/plugins\/seo\/ -->\n<title>Nike Downshifter 10 &#039;Particle Grey&#039; CI9981-003 - Tourcruiser PTE. LTD<\/title>\n<meta name=\"robots\" content=\"index, follow, max-snippet:-1, max-image-preview:large, max-video-preview:-1\" \/>\n<link rel=\"canonical\" href=\"https:\/\/tourcruiser.com\/de\/products\/nike-downshifter-10-particle-grey-ci9981-003\/\" \/>\n<meta property=\"og:locale\" content=\"de_DE\" \/>\n<meta property=\"og:type\" content=\"article\" \/>\n<meta property=\"og:title\" content=\"Nike Downshifter 10 &#039;Particle Grey&#039; CI9981-003 - Tourcruiser PTE. LTD\" \/>\n<meta property=\"og:description\" content=\"Die Nike Downshifter 10 Laufschuhe in Particle Grey sind die perfekte Erg\u00c3\u00a4nzung f\u00c3\u00bcr deine Sportgarderobe. Entwickelt von Nike, einer vertrauensw\u00c3\u00bcrdigen und renommierten Marke, bieten diese Schuhe erstklassigen Komfort und optimale Unterst\u00c3\u00bctzung f\u00c3\u00bcr deine F\u00c3\u00bc\u00c3\u0178e. Mit ihrer eleganten Farbe Particle Grey sind sie nicht nur leistungsstark, sondern auch stylisch. Egal ob im Fitnessstudio oder beim Laufen [&hellip;]\" \/>\n<meta property=\"og:url\" content=\"https:\/\/tourcruiser.com\/de\/products\/nike-downshifter-10-particle-grey-ci9981-003\/\" \/>\n<meta property=\"og:site_name\" content=\"Tourcruiser Sneaker Store\" \/>\n<meta name=\"twitter:card\" content=\"summary_large_image\" \/>\n<meta name=\"twitter:image\" content=\"https:\/\/images.novelship.com\/product\/nike_downshifter_10__particle_grey__ci9981-003_0_51740.jpeg\" \/>\n<script type=\"application\/ld+json\" class=\"yoast-schema-graph\">{\"@context\":\"https:\/\/schema.org\",\"@graph\":[{\"@type\":\"WebPage\",\"@id\":\"https:\/\/tourcruiser.com\/de\/products\/nike-downshifter-10-particle-grey-ci9981-003\/\",\"url\":\"https:\/\/tourcruiser.com\/de\/products\/nike-downshifter-10-particle-grey-ci9981-003\/\",\"name\":\"Nike Downshifter 10 'Particle Grey' CI9981-003 - Tourcruiser PTE. LTD\",\"isPartOf\":{\"@id\":\"https:\/\/tourcruiser.com\/de\/#website\"},\"primaryImageOfPage\":{\"@id\":\"https:\/\/tourcruiser.com\/de\/products\/nike-downshifter-10-particle-grey-ci9981-003\/#primaryimage\"},\"image\":{\"@id\":\"https:\/\/tourcruiser.com\/de\/products\/nike-downshifter-10-particle-grey-ci9981-003\/#primaryimage\"},\"thumbnailUrl\":\"https:\/\/images.novelship.com\/product\/nike_downshifter_10__particle_grey__ci9981-003_0_51740.jpeg\",\"datePublished\":\"2026-03-21T04:59:57+00:00\",\"breadcrumb\":{\"@id\":\"https:\/\/tourcruiser.com\/de\/products\/nike-downshifter-10-particle-grey-ci9981-003\/#breadcrumb\"},\"inLanguage\":\"de\",\"potentialAction\":[{\"@type\":\"ReadAction\",\"target\":[\"https:\/\/tourcruiser.com\/de\/products\/nike-downshifter-10-particle-grey-ci9981-003\/\"]}]},{\"@type\":\"ImageObject\",\"inLanguage\":\"de\",\"@id\":\"https:\/\/tourcruiser.com\/de\/products\/nike-downshifter-10-particle-grey-ci9981-003\/#primaryimage\",\"url\":\"https:\/\/images.novelship.com\/product\/nike_downshifter_10__particle_grey__ci9981-003_0_51740.jpeg\",\"contentUrl\":\"https:\/\/images.novelship.com\/product\/nike_downshifter_10__particle_grey__ci9981-003_0_51740.jpeg\"},{\"@type\":\"BreadcrumbList\",\"@id\":\"https:\/\/tourcruiser.com\/de\/products\/nike-downshifter-10-particle-grey-ci9981-003\/#breadcrumb\",\"itemListElement\":[{\"@type\":\"ListItem\",\"position\":1,\"name\":\"Home\",\"item\":\"https:\/\/tourcruiser.com\/de\/\"},{\"@type\":\"ListItem\",\"position\":2,\"name\":\"Shop\",\"item\":\"https:\/\/tourcruiser.com\/de\/shop\/\"},{\"@type\":\"ListItem\",\"position\":3,\"name\":\"Nike Downshifter 10 'Particle Grey' CI9981-003\"}]},{\"@type\":\"WebSite\",\"@id\":\"https:\/\/tourcruiser.com\/de\/#website\",\"url\":\"https:\/\/tourcruiser.com\/de\/\",\"name\":\"Styloral Jewelry Shop\",\"description\":\"Tourcruiser Sneaker Store \u2014 der Ort, an dem das Universum deine Einzigartigkeit trifft.\",\"publisher\":{\"@id\":\"https:\/\/tourcruiser.com\/de\/#organization\"},\"potentialAction\":[{\"@type\":\"SearchAction\",\"target\":{\"@type\":\"EntryPoint\",\"urlTemplate\":\"https:\/\/tourcruiser.com\/de\/?s={search_term_string}\"},\"query-input\":{\"@type\":\"PropertyValueSpecification\",\"valueRequired\":true,\"valueName\":\"search_term_string\"}}],\"inLanguage\":\"de\"},{\"@type\":\"Organization\",\"@id\":\"https:\/\/tourcruiser.com\/de\/#organization\",\"name\":\"STYLORAL PTE. LTD\",\"url\":\"https:\/\/tourcruiser.com\/de\/\",\"logo\":{\"@type\":\"ImageObject\",\"inLanguage\":\"de\",\"@id\":\"https:\/\/tourcruiser.com\/de\/#\/schema\/logo\/image\/\",\"url\":\"https:\/\/www.tourcruiser.com\/wp-content\/uploads\/2025\/12\/logo.png\",\"contentUrl\":\"https:\/\/www.tourcruiser.com\/wp-content\/uploads\/2025\/12\/logo.png\",\"width\":200,\"height\":65,\"caption\":\"STYLORAL PTE. LTD\"},\"image\":{\"@id\":\"https:\/\/tourcruiser.com\/de\/#\/schema\/logo\/image\/\"}}]}<\/script>\n<!-- \/ Yoast SEO plugin. -->","yoast_head_json":{"title":"Nike Downshifter 10 'Particle Grey' CI9981-003 - Tourcruiser PTE. LTD","robots":{"index":"index","follow":"follow","max-snippet":"max-snippet:-1","max-image-preview":"max-image-preview:large","max-video-preview":"max-video-preview:-1"},"canonical":"https:\/\/tourcruiser.com\/de\/products\/nike-downshifter-10-particle-grey-ci9981-003\/","og_locale":"de_DE","og_type":"article","og_title":"Nike Downshifter 10 'Particle Grey' CI9981-003 - Tourcruiser PTE. LTD","og_description":"Die Nike Downshifter 10 Laufschuhe in Particle Grey sind die perfekte Erg\u00c3\u00a4nzung f\u00c3\u00bcr deine Sportgarderobe. Entwickelt von Nike, einer vertrauensw\u00c3\u00bcrdigen und renommierten Marke, bieten diese Schuhe erstklassigen Komfort und optimale Unterst\u00c3\u00bctzung f\u00c3\u00bcr deine F\u00c3\u00bc\u00c3\u0178e. Mit ihrer eleganten Farbe Particle Grey sind sie nicht nur leistungsstark, sondern auch stylisch. Egal ob im Fitnessstudio oder beim Laufen [&hellip;]","og_url":"https:\/\/tourcruiser.com\/de\/products\/nike-downshifter-10-particle-grey-ci9981-003\/","og_site_name":"Tourcruiser Sneaker Store","twitter_card":"summary_large_image","twitter_image":"https:\/\/images.novelship.com\/product\/nike_downshifter_10__particle_grey__ci9981-003_0_51740.jpeg","schema":{"@context":"https:\/\/schema.org","@graph":[{"@type":"WebPage","@id":"https:\/\/tourcruiser.com\/de\/products\/nike-downshifter-10-particle-grey-ci9981-003\/","url":"https:\/\/tourcruiser.com\/de\/products\/nike-downshifter-10-particle-grey-ci9981-003\/","name":"Nike Downshifter 10 'Particle Grey' CI9981-003 - Tourcruiser PTE. LTD","isPartOf":{"@id":"https:\/\/tourcruiser.com\/de\/#website"},"primaryImageOfPage":{"@id":"https:\/\/tourcruiser.com\/de\/products\/nike-downshifter-10-particle-grey-ci9981-003\/#primaryimage"},"image":{"@id":"https:\/\/tourcruiser.com\/de\/products\/nike-downshifter-10-particle-grey-ci9981-003\/#primaryimage"},"thumbnailUrl":"https:\/\/images.novelship.com\/product\/nike_downshifter_10__particle_grey__ci9981-003_0_51740.jpeg","datePublished":"2026-03-21T04:59:57+00:00","breadcrumb":{"@id":"https:\/\/tourcruiser.com\/de\/products\/nike-downshifter-10-particle-grey-ci9981-003\/#breadcrumb"},"inLanguage":"de","potentialAction":[{"@type":"ReadAction","target":["https:\/\/tourcruiser.com\/de\/products\/nike-downshifter-10-particle-grey-ci9981-003\/"]}]},{"@type":"ImageObject","inLanguage":"de","@id":"https:\/\/tourcruiser.com\/de\/products\/nike-downshifter-10-particle-grey-ci9981-003\/#primaryimage","url":"https:\/\/images.novelship.com\/product\/nike_downshifter_10__particle_grey__ci9981-003_0_51740.jpeg","contentUrl":"https:\/\/images.novelship.com\/product\/nike_downshifter_10__particle_grey__ci9981-003_0_51740.jpeg"},{"@type":"BreadcrumbList","@id":"https:\/\/tourcruiser.com\/de\/products\/nike-downshifter-10-particle-grey-ci9981-003\/#breadcrumb","itemListElement":[{"@type":"ListItem","position":1,"name":"Home","item":"https:\/\/tourcruiser.com\/de\/"},{"@type":"ListItem","position":2,"name":"Shop","item":"https:\/\/tourcruiser.com\/de\/shop\/"},{"@type":"ListItem","position":3,"name":"Nike Downshifter 10 'Particle Grey' CI9981-003"}]},{"@type":"WebSite","@id":"https:\/\/tourcruiser.com\/de\/#website","url":"https:\/\/tourcruiser.com\/de\/","name":"Styloral Jewelry Shop","description":"Tourcruiser Sneaker Store \u2014 der Ort, an dem das Universum deine Einzigartigkeit trifft.","publisher":{"@id":"https:\/\/tourcruiser.com\/de\/#organization"},"potentialAction":[{"@type":"SearchAction","target":{"@type":"EntryPoint","urlTemplate":"https:\/\/tourcruiser.com\/de\/?s={search_term_string}"},"query-input":{"@type":"PropertyValueSpecification","valueRequired":true,"valueName":"search_term_string"}}],"inLanguage":"de"},{"@type":"Organization","@id":"https:\/\/tourcruiser.com\/de\/#organization","name":"STYLORAL PTE. LTD","url":"https:\/\/tourcruiser.com\/de\/","logo":{"@type":"ImageObject","inLanguage":"de","@id":"https:\/\/tourcruiser.com\/de\/#\/schema\/logo\/image\/","url":"https:\/\/www.tourcruiser.com\/wp-content\/uploads\/2025\/12\/logo.png","contentUrl":"https:\/\/www.tourcruiser.com\/wp-content\/uploads\/2025\/12\/logo.png","width":200,"height":65,"caption":"STYLORAL PTE. LTD"},"image":{"@id":"https:\/\/tourcruiser.com\/de\/#\/schema\/logo\/image\/"}}]}},"_links":{"self":[{"href":"https:\/\/tourcruiser.com\/de\/wp-json\/wp\/v2\/product\/445642","targetHints":{"allow":["GET"]}}],"collection":[{"href":"https:\/\/tourcruiser.com\/de\/wp-json\/wp\/v2\/product"}],"about":[{"href":"https:\/\/tourcruiser.com\/de\/wp-json\/wp\/v2\/types\/product"}],"replies":[{"embeddable":true,"href":"https:\/\/tourcruiser.com\/de\/wp-json\/wp\/v2\/comments?post=445642"}],"wp:featuredmedia":[{"embeddable":true,"href":"https:\/\/tourcruiser.com\/de\/wp-json\/wp\/v2\/media\/445643"}],"wp:attachment":[{"href":"https:\/\/tourcruiser.com\/de\/wp-json\/wp\/v2\/media?parent=445642"}],"wp:term":[{"taxonomy":"product_brand","embeddable":true,"href":"https:\/\/tourcruiser.com\/de\/wp-json\/wp\/v2\/product_brand?post=445642"},{"taxonomy":"product_cat","embeddable":true,"href":"https:\/\/tourcruiser.com\/de\/wp-json\/wp\/v2\/product_cat?post=445642"},{"taxonomy":"product_tag","embeddable":true,"href":"https:\/\/tourcruiser.com\/de\/wp-json\/wp\/v2\/product_tag?post=445642"}],"curies":[{"name":"wp","href":"https:\/\/api.w.org\/{rel}","templated":true}]}}