{"id":445508,"date":"2026-03-21T11:59:52","date_gmt":"2026-03-21T04:59:52","guid":{"rendered":"http:\/\/tourcruiser.com\/product\/preschool-new-balance-2002r-beige-brown-pv2002ef"},"modified":"2026-03-21T11:59:52","modified_gmt":"2026-03-21T04:59:52","slug":"preschool-new-balance-2002r-beige-brown-pv2002ef","status":"publish","type":"product","link":"https:\/\/tourcruiser.com\/de\/products\/preschool-new-balance-2002r-beige-brown-pv2002ef\/","title":{"rendered":"(Preschool) New Balance 2002R &#8218;Beige Brown&#8216; PV2002EF"},"content":{"rendered":"<p>Mit den New Balance 2002R &#8218;Beige Brown&#8216; PV2002EF Preschool Sneakers entdecken Ihre Kleinen zeitlosen Stil und Komfort. Diese Schuhe sind speziell f\u00c3\u00bcr wachsende F\u00c3\u00bc\u00c3\u0178e entwickelt und verf\u00c3\u00bcgen \u00c3\u00bcber ein atmungsaktives Mesh-Obermaterial mit strapazierf\u00c3\u00a4higen Wildleder-Overlays f\u00c3\u00bcr einen klassischen Look. Die gepolsterte Zwischensohle und die robuste Gummiau\u00c3\u0178ensohle sorgen f\u00c3\u00bcr ganzt\u00c3\u00a4gigen Halt und optimale Traktion. Die Sneakers in neutralen Farbt\u00c3\u00b6nen sind perfekt f\u00c3\u00bcr aktive Vorschulkinder und vereinen m\u00c3\u00bchelos Mode und Funktion \u00e2\u20ac\u201c die ideale Erg\u00c3\u00a4nzung f\u00c3\u00bcr die Garderobe jedes kleinen Entdeckers.<\/p>\n<ul>\n<li><strong>Farbgebung:<\/strong> Braun\/Beige<\/li>\n<li><strong>Artikelnummer:<\/strong> PV2002EF<\/li>\n<li><strong>Obermaterial:<\/strong> Leder<\/li>\n<li><strong>Farbe:<\/strong> Beige<\/li>\n<\/ul>\n","protected":false},"excerpt":{"rendered":"<p>Mit den New Balance 2002R &#8218;Beige Brown&#8216; PV2002EF Preschool Sneakers entdecken Ihre Kleinen zeitlosen Stil und Komfort. Diese Schuhe sind speziell f\u00c3\u00bcr wachsende F\u00c3\u00bc\u00c3\u0178e entwickelt und verf\u00c3\u00bcgen \u00c3\u00bcber ein atmungsaktives Mesh-Obermaterial mit strapazierf\u00c3\u00a4higen Wildleder-Overlays f\u00c3\u00bcr einen klassischen Look. Die gepolsterte Zwischensohle und die robuste Gummiau\u00c3\u0178ensohle sorgen f\u00c3\u00bcr ganzt\u00c3\u00a4gigen Halt und optimale Traktion. Die Sneakers in [&hellip;]<\/p>\n","protected":false},"featured_media":445509,"comment_status":"open","ping_status":"closed","template":"","meta":[],"product_brand":[],"product_cat":[38862,38923,10771,38975],"product_tag":[10750,10847,11575,11576,10766,10767,10768,10785,10786,10758],"class_list":{"0":"post-445508","1":"product","2":"type-product","3":"status-publish","4":"has-post-thumbnail","6":"product_cat-new-balance-2002r","7":"product_cat-kids-sneakers","8":"product_cat-new-balance","9":"product_cat-gender-ps","10":"product_tag-athleisure-shoes","11":"product_tag-best-finds-under-100","12":"product_tag-kids-lifestyle-casual-shoes","13":"product_tag-kids-sneakers","14":"product_tag-new-balance","15":"product_tag-new-balance-running-shoes","16":"product_tag-retro-running-shoes","17":"product_tag-trending-deals","18":"product_tag-trending-deals-under-150","19":"product_tag-under-retail","20":"wcpa_has_options","22":"first","23":"instock","24":"taxable","25":"shipping-taxable","26":"purchasable","27":"product-type-simple"},"wcpa_form_fields":{"rules":{"pric_overide_base_price":false,"pric_overide_base_price_if_gt_zero":false,"pric_overide_base_price_fully":false,"pric_cal_option_once":false,"pric_use_as_fee":false,"bind_quantity":false,"quantity_bind_formula":false},"fields":[{"type":"color-group","required":true,"elementId":"wcpa-color-group-66c4a928225d2","label":"Gr\u00f6\u00dfe","inline":true,"priceOptions":"different_for_all","pricingType":"fixed","className":"hassizechart product-shoes-size-eu product-shoes-size","name":"color-group-66c4a928225e2","disp_type":"square","selection_type":"tick-border","disp_size":"50","show_label_inside":true,"adjust_width":true,"cart_display_type":"text","other_text":"Other","cl_rule":"show","col":6,"values":[{"label":"35","value":"EU 35","price":"","pimage":"","pimage_id":"","pthumb":"","color":""},{"label":"36","value":"EU 36","price":"","pimage":"","pimage_id":"","pthumb":"","color":"","selected":true},{"label":"37","value":"EU 37","price":"","pimage":"","pimage_id":"","pthumb":"","color":""},{"label":"37.5","value":"EU 37.5","price":"","pimage":"","pimage_id":"","pthumb":"","color":""},{"label":"38","value":"EU 38","price":"","pimage":"","pimage_id":"","pthumb":"","color":""},{"label":"38.5","value":"EU 38.5","price":"","pimage":"","pimage_id":"","pthumb":"","color":""},{"label":"39","value":"EU 39","price":"","pimage":"","pimage_id":"","pthumb":"","color":""},{"label":"39.5","value":"EU 39.5","price":"","pimage":"","pimage_id":"","pthumb":"","color":""},{"label":"40","value":"EU 40","price":"","pimage":"","pimage_id":"","pthumb":"","color":""},{"label":"40.5","value":"EU 40.5","price":"","pimage":"","pimage_id":"","pthumb":"","color":""},{"label":" 41.5","value":"EU 41.5","price":"","pimage":"","pimage_id":"","pthumb":"","color":""},{"label":"42","value":"EU 42","price":"","pimage":"","pimage_id":"","pthumb":"","color":""},{"label":"42.5","value":"EU 42.5","price":"","pimage":"","pimage_id":"","pthumb":"","color":""},{"label":"43","value":"EU 43","price":"","pimage":"","pimage_id":"","pthumb":"","color":""},{"label":"44","value":"EU 44","price":"","pimage":"","pimage_id":"","pthumb":"","color":""},{"label":"44.5","value":"EU 44.5","price":"","pimage":"","pimage_id":"","pthumb":"","color":""},{"label":"45","value":"EU 45","price":"","pimage":"","pimage_id":"","pthumb":"","color":""},{"label":"45.5","value":"EU 45.5","price":"","pimage":"","pimage_id":"","pthumb":"","color":""},{"label":"46","value":"EU 46","price":"","pimage":"","pimage_id":"","pthumb":"","color":""}],"relations":[{"operator":false,"rules":[]}],"form_id":24803,"form_rules":{"pric_cal_option_once":false,"exclude_from_discount":false,"pric_use_as_fee":false,"fee_label":"Fee","render_after_acb":false,"disp_hide_options_price":false}}]},"yoast_head":"<!-- This site is optimized with the Yoast SEO plugin v26.5 - https:\/\/yoast.com\/wordpress\/plugins\/seo\/ -->\n<title>(Preschool) New Balance 2002R &#039;Beige Brown&#039; PV2002EF - Tourcruiser PTE. LTD<\/title>\n<meta name=\"robots\" content=\"index, follow, max-snippet:-1, max-image-preview:large, max-video-preview:-1\" \/>\n<link rel=\"canonical\" href=\"https:\/\/tourcruiser.com\/de\/products\/preschool-new-balance-2002r-beige-brown-pv2002ef\/\" \/>\n<meta property=\"og:locale\" content=\"de_DE\" \/>\n<meta property=\"og:type\" content=\"article\" \/>\n<meta property=\"og:title\" content=\"(Preschool) New Balance 2002R &#039;Beige Brown&#039; PV2002EF - Tourcruiser PTE. LTD\" \/>\n<meta property=\"og:description\" content=\"Mit den New Balance 2002R &#8218;Beige Brown&#8216; PV2002EF Preschool Sneakers entdecken Ihre Kleinen zeitlosen Stil und Komfort. Diese Schuhe sind speziell f\u00c3\u00bcr wachsende F\u00c3\u00bc\u00c3\u0178e entwickelt und verf\u00c3\u00bcgen \u00c3\u00bcber ein atmungsaktives Mesh-Obermaterial mit strapazierf\u00c3\u00a4higen Wildleder-Overlays f\u00c3\u00bcr einen klassischen Look. Die gepolsterte Zwischensohle und die robuste Gummiau\u00c3\u0178ensohle sorgen f\u00c3\u00bcr ganzt\u00c3\u00a4gigen Halt und optimale Traktion. Die Sneakers in [&hellip;]\" \/>\n<meta property=\"og:url\" content=\"https:\/\/tourcruiser.com\/de\/products\/preschool-new-balance-2002r-beige-brown-pv2002ef\/\" \/>\n<meta property=\"og:site_name\" content=\"Tourcruiser Sneaker Store\" \/>\n<meta name=\"twitter:card\" content=\"summary_large_image\" \/>\n<meta name=\"twitter:image\" content=\"https:\/\/images.novelship.com\/product\/_preschool__new_balance_2002r_low__khaki__pv2002ef_0_91256.jpeg\" \/>\n<meta name=\"twitter:label1\" content=\"Gesch\u00e4tzte Lesezeit\" \/>\n\t<meta name=\"twitter:data1\" content=\"1\u00a0Minute\" \/>\n<script type=\"application\/ld+json\" class=\"yoast-schema-graph\">{\"@context\":\"https:\/\/schema.org\",\"@graph\":[{\"@type\":\"WebPage\",\"@id\":\"https:\/\/tourcruiser.com\/de\/products\/preschool-new-balance-2002r-beige-brown-pv2002ef\/\",\"url\":\"https:\/\/tourcruiser.com\/de\/products\/preschool-new-balance-2002r-beige-brown-pv2002ef\/\",\"name\":\"(Preschool) New Balance 2002R 'Beige Brown' PV2002EF - Tourcruiser PTE. LTD\",\"isPartOf\":{\"@id\":\"https:\/\/tourcruiser.com\/de\/#website\"},\"primaryImageOfPage\":{\"@id\":\"https:\/\/tourcruiser.com\/de\/products\/preschool-new-balance-2002r-beige-brown-pv2002ef\/#primaryimage\"},\"image\":{\"@id\":\"https:\/\/tourcruiser.com\/de\/products\/preschool-new-balance-2002r-beige-brown-pv2002ef\/#primaryimage\"},\"thumbnailUrl\":\"https:\/\/images.novelship.com\/product\/_preschool__new_balance_2002r_low__khaki__pv2002ef_0_91256.jpeg\",\"datePublished\":\"2026-03-21T04:59:52+00:00\",\"breadcrumb\":{\"@id\":\"https:\/\/tourcruiser.com\/de\/products\/preschool-new-balance-2002r-beige-brown-pv2002ef\/#breadcrumb\"},\"inLanguage\":\"de\",\"potentialAction\":[{\"@type\":\"ReadAction\",\"target\":[\"https:\/\/tourcruiser.com\/de\/products\/preschool-new-balance-2002r-beige-brown-pv2002ef\/\"]}]},{\"@type\":\"ImageObject\",\"inLanguage\":\"de\",\"@id\":\"https:\/\/tourcruiser.com\/de\/products\/preschool-new-balance-2002r-beige-brown-pv2002ef\/#primaryimage\",\"url\":\"https:\/\/images.novelship.com\/product\/_preschool__new_balance_2002r_low__khaki__pv2002ef_0_91256.jpeg\",\"contentUrl\":\"https:\/\/images.novelship.com\/product\/_preschool__new_balance_2002r_low__khaki__pv2002ef_0_91256.jpeg\"},{\"@type\":\"BreadcrumbList\",\"@id\":\"https:\/\/tourcruiser.com\/de\/products\/preschool-new-balance-2002r-beige-brown-pv2002ef\/#breadcrumb\",\"itemListElement\":[{\"@type\":\"ListItem\",\"position\":1,\"name\":\"Home\",\"item\":\"https:\/\/tourcruiser.com\/de\/\"},{\"@type\":\"ListItem\",\"position\":2,\"name\":\"Shop\",\"item\":\"https:\/\/tourcruiser.com\/de\/shop\/\"},{\"@type\":\"ListItem\",\"position\":3,\"name\":\"(Preschool) New Balance 2002R 'Beige Brown' PV2002EF\"}]},{\"@type\":\"WebSite\",\"@id\":\"https:\/\/tourcruiser.com\/de\/#website\",\"url\":\"https:\/\/tourcruiser.com\/de\/\",\"name\":\"Styloral Jewelry Shop\",\"description\":\"Tourcruiser Sneaker Store \u2014 der Ort, an dem das Universum deine Einzigartigkeit trifft.\",\"publisher\":{\"@id\":\"https:\/\/tourcruiser.com\/de\/#organization\"},\"potentialAction\":[{\"@type\":\"SearchAction\",\"target\":{\"@type\":\"EntryPoint\",\"urlTemplate\":\"https:\/\/tourcruiser.com\/de\/?s={search_term_string}\"},\"query-input\":{\"@type\":\"PropertyValueSpecification\",\"valueRequired\":true,\"valueName\":\"search_term_string\"}}],\"inLanguage\":\"de\"},{\"@type\":\"Organization\",\"@id\":\"https:\/\/tourcruiser.com\/de\/#organization\",\"name\":\"STYLORAL PTE. LTD\",\"url\":\"https:\/\/tourcruiser.com\/de\/\",\"logo\":{\"@type\":\"ImageObject\",\"inLanguage\":\"de\",\"@id\":\"https:\/\/tourcruiser.com\/de\/#\/schema\/logo\/image\/\",\"url\":\"https:\/\/www.tourcruiser.com\/wp-content\/uploads\/2025\/12\/logo.png\",\"contentUrl\":\"https:\/\/www.tourcruiser.com\/wp-content\/uploads\/2025\/12\/logo.png\",\"width\":200,\"height\":65,\"caption\":\"STYLORAL PTE. LTD\"},\"image\":{\"@id\":\"https:\/\/tourcruiser.com\/de\/#\/schema\/logo\/image\/\"}}]}<\/script>\n<!-- \/ Yoast SEO plugin. -->","yoast_head_json":{"title":"(Preschool) New Balance 2002R 'Beige Brown' PV2002EF - Tourcruiser PTE. LTD","robots":{"index":"index","follow":"follow","max-snippet":"max-snippet:-1","max-image-preview":"max-image-preview:large","max-video-preview":"max-video-preview:-1"},"canonical":"https:\/\/tourcruiser.com\/de\/products\/preschool-new-balance-2002r-beige-brown-pv2002ef\/","og_locale":"de_DE","og_type":"article","og_title":"(Preschool) New Balance 2002R 'Beige Brown' PV2002EF - Tourcruiser PTE. LTD","og_description":"Mit den New Balance 2002R &#8218;Beige Brown&#8216; PV2002EF Preschool Sneakers entdecken Ihre Kleinen zeitlosen Stil und Komfort. Diese Schuhe sind speziell f\u00c3\u00bcr wachsende F\u00c3\u00bc\u00c3\u0178e entwickelt und verf\u00c3\u00bcgen \u00c3\u00bcber ein atmungsaktives Mesh-Obermaterial mit strapazierf\u00c3\u00a4higen Wildleder-Overlays f\u00c3\u00bcr einen klassischen Look. Die gepolsterte Zwischensohle und die robuste Gummiau\u00c3\u0178ensohle sorgen f\u00c3\u00bcr ganzt\u00c3\u00a4gigen Halt und optimale Traktion. Die Sneakers in [&hellip;]","og_url":"https:\/\/tourcruiser.com\/de\/products\/preschool-new-balance-2002r-beige-brown-pv2002ef\/","og_site_name":"Tourcruiser Sneaker Store","twitter_card":"summary_large_image","twitter_image":"https:\/\/images.novelship.com\/product\/_preschool__new_balance_2002r_low__khaki__pv2002ef_0_91256.jpeg","twitter_misc":{"Gesch\u00e4tzte Lesezeit":"1\u00a0Minute"},"schema":{"@context":"https:\/\/schema.org","@graph":[{"@type":"WebPage","@id":"https:\/\/tourcruiser.com\/de\/products\/preschool-new-balance-2002r-beige-brown-pv2002ef\/","url":"https:\/\/tourcruiser.com\/de\/products\/preschool-new-balance-2002r-beige-brown-pv2002ef\/","name":"(Preschool) New Balance 2002R 'Beige Brown' PV2002EF - Tourcruiser PTE. LTD","isPartOf":{"@id":"https:\/\/tourcruiser.com\/de\/#website"},"primaryImageOfPage":{"@id":"https:\/\/tourcruiser.com\/de\/products\/preschool-new-balance-2002r-beige-brown-pv2002ef\/#primaryimage"},"image":{"@id":"https:\/\/tourcruiser.com\/de\/products\/preschool-new-balance-2002r-beige-brown-pv2002ef\/#primaryimage"},"thumbnailUrl":"https:\/\/images.novelship.com\/product\/_preschool__new_balance_2002r_low__khaki__pv2002ef_0_91256.jpeg","datePublished":"2026-03-21T04:59:52+00:00","breadcrumb":{"@id":"https:\/\/tourcruiser.com\/de\/products\/preschool-new-balance-2002r-beige-brown-pv2002ef\/#breadcrumb"},"inLanguage":"de","potentialAction":[{"@type":"ReadAction","target":["https:\/\/tourcruiser.com\/de\/products\/preschool-new-balance-2002r-beige-brown-pv2002ef\/"]}]},{"@type":"ImageObject","inLanguage":"de","@id":"https:\/\/tourcruiser.com\/de\/products\/preschool-new-balance-2002r-beige-brown-pv2002ef\/#primaryimage","url":"https:\/\/images.novelship.com\/product\/_preschool__new_balance_2002r_low__khaki__pv2002ef_0_91256.jpeg","contentUrl":"https:\/\/images.novelship.com\/product\/_preschool__new_balance_2002r_low__khaki__pv2002ef_0_91256.jpeg"},{"@type":"BreadcrumbList","@id":"https:\/\/tourcruiser.com\/de\/products\/preschool-new-balance-2002r-beige-brown-pv2002ef\/#breadcrumb","itemListElement":[{"@type":"ListItem","position":1,"name":"Home","item":"https:\/\/tourcruiser.com\/de\/"},{"@type":"ListItem","position":2,"name":"Shop","item":"https:\/\/tourcruiser.com\/de\/shop\/"},{"@type":"ListItem","position":3,"name":"(Preschool) New Balance 2002R 'Beige Brown' PV2002EF"}]},{"@type":"WebSite","@id":"https:\/\/tourcruiser.com\/de\/#website","url":"https:\/\/tourcruiser.com\/de\/","name":"Styloral Jewelry Shop","description":"Tourcruiser Sneaker Store \u2014 der Ort, an dem das Universum deine Einzigartigkeit trifft.","publisher":{"@id":"https:\/\/tourcruiser.com\/de\/#organization"},"potentialAction":[{"@type":"SearchAction","target":{"@type":"EntryPoint","urlTemplate":"https:\/\/tourcruiser.com\/de\/?s={search_term_string}"},"query-input":{"@type":"PropertyValueSpecification","valueRequired":true,"valueName":"search_term_string"}}],"inLanguage":"de"},{"@type":"Organization","@id":"https:\/\/tourcruiser.com\/de\/#organization","name":"STYLORAL PTE. LTD","url":"https:\/\/tourcruiser.com\/de\/","logo":{"@type":"ImageObject","inLanguage":"de","@id":"https:\/\/tourcruiser.com\/de\/#\/schema\/logo\/image\/","url":"https:\/\/www.tourcruiser.com\/wp-content\/uploads\/2025\/12\/logo.png","contentUrl":"https:\/\/www.tourcruiser.com\/wp-content\/uploads\/2025\/12\/logo.png","width":200,"height":65,"caption":"STYLORAL PTE. LTD"},"image":{"@id":"https:\/\/tourcruiser.com\/de\/#\/schema\/logo\/image\/"}}]}},"_links":{"self":[{"href":"https:\/\/tourcruiser.com\/de\/wp-json\/wp\/v2\/product\/445508","targetHints":{"allow":["GET"]}}],"collection":[{"href":"https:\/\/tourcruiser.com\/de\/wp-json\/wp\/v2\/product"}],"about":[{"href":"https:\/\/tourcruiser.com\/de\/wp-json\/wp\/v2\/types\/product"}],"replies":[{"embeddable":true,"href":"https:\/\/tourcruiser.com\/de\/wp-json\/wp\/v2\/comments?post=445508"}],"wp:featuredmedia":[{"embeddable":true,"href":"https:\/\/tourcruiser.com\/de\/wp-json\/wp\/v2\/media\/445509"}],"wp:attachment":[{"href":"https:\/\/tourcruiser.com\/de\/wp-json\/wp\/v2\/media?parent=445508"}],"wp:term":[{"taxonomy":"product_brand","embeddable":true,"href":"https:\/\/tourcruiser.com\/de\/wp-json\/wp\/v2\/product_brand?post=445508"},{"taxonomy":"product_cat","embeddable":true,"href":"https:\/\/tourcruiser.com\/de\/wp-json\/wp\/v2\/product_cat?post=445508"},{"taxonomy":"product_tag","embeddable":true,"href":"https:\/\/tourcruiser.com\/de\/wp-json\/wp\/v2\/product_tag?post=445508"}],"curies":[{"name":"wp","href":"https:\/\/api.w.org\/{rel}","templated":true}]}}