{"id":445469,"date":"2026-03-21T11:59:51","date_gmt":"2026-03-21T04:59:51","guid":{"rendered":"http:\/\/tourcruiser.com\/product\/pharrell-x-adidas-samba-human-race-charcoal-ie7291"},"modified":"2026-03-21T11:59:51","modified_gmt":"2026-03-21T04:59:51","slug":"pharrell-x-adidas-samba-human-race-charcoal-ie7291","status":"publish","type":"product","link":"https:\/\/tourcruiser.com\/de\/products\/pharrell-x-adidas-samba-human-race-charcoal-ie7291\/","title":{"rendered":"Pharrell x adidas Samba Human Race &#8218;Charcoal&#8216; IE7291"},"content":{"rendered":"<p>Wir pr\u00c3\u00a4sentieren den limitierten Pharrell x adidas Samba Human Race \u00e2\u20ac\u017eCharcoal\u00e2\u20ac\u0153 IE7291 \u00e2\u20ac\u201c eine Fusion aus ikonischem Streetstyle und erstklassiger Verarbeitung. Dieser elegante Sneaker besticht durch ein luxuri\u00c3\u00b6ses Obermaterial aus anthrazitfarbenem Wildleder, verziert mit einer markanten Human Race-Stickerei. Das Lederfutter und die OrthoLite\u00c2\u00ae-Einlegesohle garantieren h\u00c3\u00b6chsten Tragekomfort, w\u00c3\u00a4hrend die EVA-Zwischensohle und die Gummiau\u00c3\u0178ensohle f\u00c3\u00bcr hervorragende D\u00c3\u00a4mpfung und Traktion sorgen. Ob auf der Stra\u00c3\u0178e oder als Statement-Piece \u00e2\u20ac\u201c mit diesem Sneaker ziehen Sie dank seines auff\u00c3\u00a4lligen Designs und seiner exklusiven Ausstrahlung garantiert alle Blicke auf sich.<\/p>\n<p>Farbe: Anthrazit\/Anthrazit\/Anthrazit<\/p>\n<p>Style-Code: IE7291<\/p>\n<p>Obermaterial: Leder<\/p>\n<p>Farbe: Schwarz<\/p>\n<p>Erscheinungsjahr: 2023<\/p>\n","protected":false},"excerpt":{"rendered":"<p>Wir pr\u00c3\u00a4sentieren den limitierten Pharrell x adidas Samba Human Race \u00e2\u20ac\u017eCharcoal\u00e2\u20ac\u0153 IE7291 \u00e2\u20ac\u201c eine Fusion aus ikonischem Streetstyle und erstklassiger Verarbeitung. Dieser elegante Sneaker besticht durch ein luxuri\u00c3\u00b6ses Obermaterial aus anthrazitfarbenem Wildleder, verziert mit einer markanten Human Race-Stickerei. Das Lederfutter und die OrthoLite\u00c2\u00ae-Einlegesohle garantieren h\u00c3\u00b6chsten Tragekomfort, w\u00c3\u00a4hrend die EVA-Zwischensohle und die Gummiau\u00c3\u0178ensohle f\u00c3\u00bcr hervorragende D\u00c3\u00a4mpfung [&hellip;]<\/p>\n","protected":false},"featured_media":445470,"comment_status":"open","ping_status":"closed","template":"","meta":[],"product_brand":[],"product_cat":[10760,39039,38842,39094],"product_tag":[10759,10749,10750,10847,10753,10754,10755,10756,10785,10786,10758],"class_list":{"0":"post-445469","1":"product","2":"type-product","3":"status-publish","4":"has-post-thumbnail","6":"product_cat-adidas","7":"product_cat-lifestyle-shoes-soccer-inspired","8":"product_cat-gender-men","9":"product_cat-adidas-puig","10":"product_tag-adidas","11":"product_tag-adidas-skateboarding-shoes","12":"product_tag-athleisure-shoes","13":"product_tag-best-finds-under-100","14":"product_tag-gift-for-him","15":"product_tag-lifestyle-casual-shoes","16":"product_tag-lifestyle-shoes-soccer-inspired","17":"product_tag-retro-casual-shoes","18":"product_tag-trending-deals","19":"product_tag-trending-deals-under-150","20":"product_tag-under-retail","21":"wcpa_has_options","23":"first","24":"instock","25":"taxable","26":"shipping-taxable","27":"purchasable","28":"product-type-simple"},"wcpa_form_fields":{"rules":{"pric_overide_base_price":false,"pric_overide_base_price_if_gt_zero":false,"pric_overide_base_price_fully":false,"pric_cal_option_once":false,"pric_use_as_fee":false,"bind_quantity":false,"quantity_bind_formula":false},"fields":[{"type":"color-group","required":true,"elementId":"wcpa-color-group-66c4a7f817afe","label":"Gr\u00f6\u00dfe","inline":true,"priceOptions":"different_for_all","pricingType":"fixed","className":"hassizechart product-shoes-size-eu product-shoes-size","name":"color-group-66c4a7f817b18","disp_type":"square","selection_type":"tick-border","disp_size":"50","show_label_inside":true,"adjust_width":true,"cart_display_type":"text","other_text":"Other","cl_rule":"show","col":6,"values":[{"label":"35","value":"EU 35","price":"","pimage":"","pimage_id":"","pthumb":"","color":""},{"label":"35.5","value":"EU 35.5","price":"","pimage":"","pimage_id":"","pthumb":"","color":""},{"label":"36","value":"EU 36","price":"","pimage":"","pimage_id":"","pthumb":"","color":"","selected":true},{"label":"36 2\/3","value":"EU 36 2\/3","price":"","pimage":"","pimage_id":"","pthumb":"","color":""},{"label":"37 1\/3","value":"EU 37 1\/3","price":"","pimage":"","pimage_id":"","pthumb":"","color":""},{"label":"38","value":"EU 38","price":"","pimage":"","pimage_id":"","pthumb":"","color":""},{"label":"38 2\/3","value":"EU 38 2\/3","price":"","pimage":"","pimage_id":"","pthumb":"","color":""},{"label":"39 1\/3","value":"EU 39 1\/3","price":"","pimage":"","pimage_id":"","pthumb":"","color":""},{"label":"40","value":"EU 40","price":"","pimage":"","pimage_id":"","pthumb":"","color":""},{"label":"40 2\/3","value":"EU 40 2\/3","price":"","pimage":"","pimage_id":"","pthumb":"","color":""},{"label":"41 1\/3","value":"EU 41 1\/3","price":"","pimage":"","pimage_id":"","pthumb":"","color":""},{"label":"42","value":"EU 42","price":"","pimage":"","pimage_id":"","pthumb":"","color":""},{"label":"42 2\/3","value":"EU 42 2\/3","price":"","pimage":"","pimage_id":"","pthumb":"","color":""},{"label":"43 1\/3","value":"EU 43 1\/3","price":"","pimage":"","pimage_id":"","pthumb":"","color":""},{"label":"44","value":"EU 44","price":"","pimage":"","pimage_id":"","pthumb":"","color":""},{"label":"44 2\/3","value":"EU 44 2\/3","price":"","pimage":"","pimage_id":"","pthumb":"","color":""},{"label":"45 1\/3","value":"EU 45 1\/3","price":"","pimage":"","pimage_id":"","pthumb":"","color":""},{"label":"46","value":"EU 46","price":"","pimage":"","pimage_id":"","pthumb":"","color":""},{"label":"46 2\/3","value":"EU 46 2\/3","price":"","pimage":"","pimage_id":"","pthumb":"","color":""},{"label":"47 1\/3","value":"EU 47 1\/3","price":"","pimage":"","pimage_id":"","pthumb":"","color":""}],"relations":[{"operator":false,"rules":[]}],"form_id":24802,"form_rules":{"pric_cal_option_once":false,"exclude_from_discount":false,"pric_use_as_fee":false,"fee_label":"Fee","render_after_acb":false,"disp_hide_options_price":false}}]},"yoast_head":"<!-- This site is optimized with the Yoast SEO plugin v26.5 - https:\/\/yoast.com\/wordpress\/plugins\/seo\/ -->\n<title>Pharrell x adidas Samba Human Race &#039;Charcoal&#039; IE7291 - Tourcruiser PTE. LTD<\/title>\n<meta name=\"robots\" content=\"index, follow, max-snippet:-1, max-image-preview:large, max-video-preview:-1\" \/>\n<link rel=\"canonical\" href=\"https:\/\/tourcruiser.com\/de\/products\/pharrell-x-adidas-samba-human-race-charcoal-ie7291\/\" \/>\n<meta property=\"og:locale\" content=\"de_DE\" \/>\n<meta property=\"og:type\" content=\"article\" \/>\n<meta property=\"og:title\" content=\"Pharrell x adidas Samba Human Race &#039;Charcoal&#039; IE7291 - Tourcruiser PTE. LTD\" \/>\n<meta property=\"og:description\" content=\"Wir pr\u00c3\u00a4sentieren den limitierten Pharrell x adidas Samba Human Race \u00e2\u20ac\u017eCharcoal\u00e2\u20ac\u0153 IE7291 \u00e2\u20ac\u201c eine Fusion aus ikonischem Streetstyle und erstklassiger Verarbeitung. Dieser elegante Sneaker besticht durch ein luxuri\u00c3\u00b6ses Obermaterial aus anthrazitfarbenem Wildleder, verziert mit einer markanten Human Race-Stickerei. Das Lederfutter und die OrthoLite\u00c2\u00ae-Einlegesohle garantieren h\u00c3\u00b6chsten Tragekomfort, w\u00c3\u00a4hrend die EVA-Zwischensohle und die Gummiau\u00c3\u0178ensohle f\u00c3\u00bcr hervorragende D\u00c3\u00a4mpfung [&hellip;]\" \/>\n<meta property=\"og:url\" content=\"https:\/\/tourcruiser.com\/de\/products\/pharrell-x-adidas-samba-human-race-charcoal-ie7291\/\" \/>\n<meta property=\"og:site_name\" content=\"Tourcruiser Sneaker Store\" \/>\n<meta name=\"twitter:card\" content=\"summary_large_image\" \/>\n<meta name=\"twitter:image\" content=\"https:\/\/images.novelship.com\/product\/pharrell_x_adidas_samba_human_race__charcoal__ie72_0_74986.jpeg\" \/>\n<meta name=\"twitter:label1\" content=\"Gesch\u00e4tzte Lesezeit\" \/>\n\t<meta name=\"twitter:data1\" content=\"1\u00a0Minute\" \/>\n<script type=\"application\/ld+json\" class=\"yoast-schema-graph\">{\"@context\":\"https:\/\/schema.org\",\"@graph\":[{\"@type\":\"WebPage\",\"@id\":\"https:\/\/tourcruiser.com\/de\/products\/pharrell-x-adidas-samba-human-race-charcoal-ie7291\/\",\"url\":\"https:\/\/tourcruiser.com\/de\/products\/pharrell-x-adidas-samba-human-race-charcoal-ie7291\/\",\"name\":\"Pharrell x adidas Samba Human Race 'Charcoal' IE7291 - Tourcruiser PTE. LTD\",\"isPartOf\":{\"@id\":\"https:\/\/tourcruiser.com\/de\/#website\"},\"primaryImageOfPage\":{\"@id\":\"https:\/\/tourcruiser.com\/de\/products\/pharrell-x-adidas-samba-human-race-charcoal-ie7291\/#primaryimage\"},\"image\":{\"@id\":\"https:\/\/tourcruiser.com\/de\/products\/pharrell-x-adidas-samba-human-race-charcoal-ie7291\/#primaryimage\"},\"thumbnailUrl\":\"https:\/\/images.novelship.com\/product\/pharrell_x_adidas_samba_human_race__charcoal__ie72_0_74986.jpeg\",\"datePublished\":\"2026-03-21T04:59:51+00:00\",\"breadcrumb\":{\"@id\":\"https:\/\/tourcruiser.com\/de\/products\/pharrell-x-adidas-samba-human-race-charcoal-ie7291\/#breadcrumb\"},\"inLanguage\":\"de\",\"potentialAction\":[{\"@type\":\"ReadAction\",\"target\":[\"https:\/\/tourcruiser.com\/de\/products\/pharrell-x-adidas-samba-human-race-charcoal-ie7291\/\"]}]},{\"@type\":\"ImageObject\",\"inLanguage\":\"de\",\"@id\":\"https:\/\/tourcruiser.com\/de\/products\/pharrell-x-adidas-samba-human-race-charcoal-ie7291\/#primaryimage\",\"url\":\"https:\/\/images.novelship.com\/product\/pharrell_x_adidas_samba_human_race__charcoal__ie72_0_74986.jpeg\",\"contentUrl\":\"https:\/\/images.novelship.com\/product\/pharrell_x_adidas_samba_human_race__charcoal__ie72_0_74986.jpeg\"},{\"@type\":\"BreadcrumbList\",\"@id\":\"https:\/\/tourcruiser.com\/de\/products\/pharrell-x-adidas-samba-human-race-charcoal-ie7291\/#breadcrumb\",\"itemListElement\":[{\"@type\":\"ListItem\",\"position\":1,\"name\":\"Home\",\"item\":\"https:\/\/tourcruiser.com\/de\/\"},{\"@type\":\"ListItem\",\"position\":2,\"name\":\"Shop\",\"item\":\"https:\/\/tourcruiser.com\/de\/shop\/\"},{\"@type\":\"ListItem\",\"position\":3,\"name\":\"Pharrell x adidas Samba Human Race 'Charcoal' IE7291\"}]},{\"@type\":\"WebSite\",\"@id\":\"https:\/\/tourcruiser.com\/de\/#website\",\"url\":\"https:\/\/tourcruiser.com\/de\/\",\"name\":\"Styloral Jewelry Shop\",\"description\":\"Tourcruiser Sneaker Store \u2014 der Ort, an dem das Universum deine Einzigartigkeit trifft.\",\"publisher\":{\"@id\":\"https:\/\/tourcruiser.com\/de\/#organization\"},\"potentialAction\":[{\"@type\":\"SearchAction\",\"target\":{\"@type\":\"EntryPoint\",\"urlTemplate\":\"https:\/\/tourcruiser.com\/de\/?s={search_term_string}\"},\"query-input\":{\"@type\":\"PropertyValueSpecification\",\"valueRequired\":true,\"valueName\":\"search_term_string\"}}],\"inLanguage\":\"de\"},{\"@type\":\"Organization\",\"@id\":\"https:\/\/tourcruiser.com\/de\/#organization\",\"name\":\"STYLORAL PTE. LTD\",\"url\":\"https:\/\/tourcruiser.com\/de\/\",\"logo\":{\"@type\":\"ImageObject\",\"inLanguage\":\"de\",\"@id\":\"https:\/\/tourcruiser.com\/de\/#\/schema\/logo\/image\/\",\"url\":\"https:\/\/www.tourcruiser.com\/wp-content\/uploads\/2025\/12\/logo.png\",\"contentUrl\":\"https:\/\/www.tourcruiser.com\/wp-content\/uploads\/2025\/12\/logo.png\",\"width\":200,\"height\":65,\"caption\":\"STYLORAL PTE. LTD\"},\"image\":{\"@id\":\"https:\/\/tourcruiser.com\/de\/#\/schema\/logo\/image\/\"}}]}<\/script>\n<!-- \/ Yoast SEO plugin. -->","yoast_head_json":{"title":"Pharrell x adidas Samba Human Race 'Charcoal' IE7291 - Tourcruiser PTE. LTD","robots":{"index":"index","follow":"follow","max-snippet":"max-snippet:-1","max-image-preview":"max-image-preview:large","max-video-preview":"max-video-preview:-1"},"canonical":"https:\/\/tourcruiser.com\/de\/products\/pharrell-x-adidas-samba-human-race-charcoal-ie7291\/","og_locale":"de_DE","og_type":"article","og_title":"Pharrell x adidas Samba Human Race 'Charcoal' IE7291 - Tourcruiser PTE. LTD","og_description":"Wir pr\u00c3\u00a4sentieren den limitierten Pharrell x adidas Samba Human Race \u00e2\u20ac\u017eCharcoal\u00e2\u20ac\u0153 IE7291 \u00e2\u20ac\u201c eine Fusion aus ikonischem Streetstyle und erstklassiger Verarbeitung. Dieser elegante Sneaker besticht durch ein luxuri\u00c3\u00b6ses Obermaterial aus anthrazitfarbenem Wildleder, verziert mit einer markanten Human Race-Stickerei. Das Lederfutter und die OrthoLite\u00c2\u00ae-Einlegesohle garantieren h\u00c3\u00b6chsten Tragekomfort, w\u00c3\u00a4hrend die EVA-Zwischensohle und die Gummiau\u00c3\u0178ensohle f\u00c3\u00bcr hervorragende D\u00c3\u00a4mpfung [&hellip;]","og_url":"https:\/\/tourcruiser.com\/de\/products\/pharrell-x-adidas-samba-human-race-charcoal-ie7291\/","og_site_name":"Tourcruiser Sneaker Store","twitter_card":"summary_large_image","twitter_image":"https:\/\/images.novelship.com\/product\/pharrell_x_adidas_samba_human_race__charcoal__ie72_0_74986.jpeg","twitter_misc":{"Gesch\u00e4tzte Lesezeit":"1\u00a0Minute"},"schema":{"@context":"https:\/\/schema.org","@graph":[{"@type":"WebPage","@id":"https:\/\/tourcruiser.com\/de\/products\/pharrell-x-adidas-samba-human-race-charcoal-ie7291\/","url":"https:\/\/tourcruiser.com\/de\/products\/pharrell-x-adidas-samba-human-race-charcoal-ie7291\/","name":"Pharrell x adidas Samba Human Race 'Charcoal' IE7291 - Tourcruiser PTE. LTD","isPartOf":{"@id":"https:\/\/tourcruiser.com\/de\/#website"},"primaryImageOfPage":{"@id":"https:\/\/tourcruiser.com\/de\/products\/pharrell-x-adidas-samba-human-race-charcoal-ie7291\/#primaryimage"},"image":{"@id":"https:\/\/tourcruiser.com\/de\/products\/pharrell-x-adidas-samba-human-race-charcoal-ie7291\/#primaryimage"},"thumbnailUrl":"https:\/\/images.novelship.com\/product\/pharrell_x_adidas_samba_human_race__charcoal__ie72_0_74986.jpeg","datePublished":"2026-03-21T04:59:51+00:00","breadcrumb":{"@id":"https:\/\/tourcruiser.com\/de\/products\/pharrell-x-adidas-samba-human-race-charcoal-ie7291\/#breadcrumb"},"inLanguage":"de","potentialAction":[{"@type":"ReadAction","target":["https:\/\/tourcruiser.com\/de\/products\/pharrell-x-adidas-samba-human-race-charcoal-ie7291\/"]}]},{"@type":"ImageObject","inLanguage":"de","@id":"https:\/\/tourcruiser.com\/de\/products\/pharrell-x-adidas-samba-human-race-charcoal-ie7291\/#primaryimage","url":"https:\/\/images.novelship.com\/product\/pharrell_x_adidas_samba_human_race__charcoal__ie72_0_74986.jpeg","contentUrl":"https:\/\/images.novelship.com\/product\/pharrell_x_adidas_samba_human_race__charcoal__ie72_0_74986.jpeg"},{"@type":"BreadcrumbList","@id":"https:\/\/tourcruiser.com\/de\/products\/pharrell-x-adidas-samba-human-race-charcoal-ie7291\/#breadcrumb","itemListElement":[{"@type":"ListItem","position":1,"name":"Home","item":"https:\/\/tourcruiser.com\/de\/"},{"@type":"ListItem","position":2,"name":"Shop","item":"https:\/\/tourcruiser.com\/de\/shop\/"},{"@type":"ListItem","position":3,"name":"Pharrell x adidas Samba Human Race 'Charcoal' IE7291"}]},{"@type":"WebSite","@id":"https:\/\/tourcruiser.com\/de\/#website","url":"https:\/\/tourcruiser.com\/de\/","name":"Styloral Jewelry Shop","description":"Tourcruiser Sneaker Store \u2014 der Ort, an dem das Universum deine Einzigartigkeit trifft.","publisher":{"@id":"https:\/\/tourcruiser.com\/de\/#organization"},"potentialAction":[{"@type":"SearchAction","target":{"@type":"EntryPoint","urlTemplate":"https:\/\/tourcruiser.com\/de\/?s={search_term_string}"},"query-input":{"@type":"PropertyValueSpecification","valueRequired":true,"valueName":"search_term_string"}}],"inLanguage":"de"},{"@type":"Organization","@id":"https:\/\/tourcruiser.com\/de\/#organization","name":"STYLORAL PTE. LTD","url":"https:\/\/tourcruiser.com\/de\/","logo":{"@type":"ImageObject","inLanguage":"de","@id":"https:\/\/tourcruiser.com\/de\/#\/schema\/logo\/image\/","url":"https:\/\/www.tourcruiser.com\/wp-content\/uploads\/2025\/12\/logo.png","contentUrl":"https:\/\/www.tourcruiser.com\/wp-content\/uploads\/2025\/12\/logo.png","width":200,"height":65,"caption":"STYLORAL PTE. LTD"},"image":{"@id":"https:\/\/tourcruiser.com\/de\/#\/schema\/logo\/image\/"}}]}},"_links":{"self":[{"href":"https:\/\/tourcruiser.com\/de\/wp-json\/wp\/v2\/product\/445469","targetHints":{"allow":["GET"]}}],"collection":[{"href":"https:\/\/tourcruiser.com\/de\/wp-json\/wp\/v2\/product"}],"about":[{"href":"https:\/\/tourcruiser.com\/de\/wp-json\/wp\/v2\/types\/product"}],"replies":[{"embeddable":true,"href":"https:\/\/tourcruiser.com\/de\/wp-json\/wp\/v2\/comments?post=445469"}],"wp:featuredmedia":[{"embeddable":true,"href":"https:\/\/tourcruiser.com\/de\/wp-json\/wp\/v2\/media\/445470"}],"wp:attachment":[{"href":"https:\/\/tourcruiser.com\/de\/wp-json\/wp\/v2\/media?parent=445469"}],"wp:term":[{"taxonomy":"product_brand","embeddable":true,"href":"https:\/\/tourcruiser.com\/de\/wp-json\/wp\/v2\/product_brand?post=445469"},{"taxonomy":"product_cat","embeddable":true,"href":"https:\/\/tourcruiser.com\/de\/wp-json\/wp\/v2\/product_cat?post=445469"},{"taxonomy":"product_tag","embeddable":true,"href":"https:\/\/tourcruiser.com\/de\/wp-json\/wp\/v2\/product_tag?post=445469"}],"curies":[{"name":"wp","href":"https:\/\/api.w.org\/{rel}","templated":true}]}}