{"id":445295,"date":"2026-03-21T11:59:45","date_gmt":"2026-03-21T04:59:45","guid":{"rendered":"http:\/\/tourcruiser.com\/product\/fear-of-god-athletics-x-adidas-86-low-clay-ie6213"},"modified":"2026-03-21T11:59:45","modified_gmt":"2026-03-21T04:59:45","slug":"fear-of-god-athletics-x-adidas-86-low-clay-ie6213","status":"publish","type":"product","link":"https:\/\/tourcruiser.com\/de\/products\/fear-of-god-athletics-x-adidas-86-low-clay-ie6213\/","title":{"rendered":"Fear of God Athletics x adidas &#8217;86 Low &#8218;Clay&#8216; IE6213"},"content":{"rendered":"<p>Der Fear of God Athletics x adidas &#8217;86 Low &#8218;Clay&#8216; IE6213 interpretiert die klassische Silhouette neu \u00e2\u20ac\u201c mit hochwertigen Materialien und einem modernen Touch. Gefertigt aus geschmeidigem Wildleder in einem tiefen Ton, besticht dieser Sneaker durch sein schlankes Low-Top-Profil mit Ton-in-Ton-N\u00c3\u00a4hten und kontrastierenden Drei-Streifen an den Seiten. Das weiche Futter und die d\u00c3\u00a4mpfende Adiprene-Zwischensohle sorgen f\u00c3\u00bcr au\u00c3\u0178ergew\u00c3\u00b6hnlichen Tragekomfort, w\u00c3\u00a4hrend die Gummiau\u00c3\u0178ensohle Strapazierf\u00c3\u00a4higkeit und Traktion garantiert. Mit diesen begehrten Sneakern, der perfekten Mischung aus Tradition und modernem Design, verleihst du deinem Style das gewisse Etwas.<\/p>\n<p>Farbe: Clay\/Clay<\/p>\n<p>Style-Code: IE6213<br \/>\nObermaterial: Wildleder<br \/>\nFarbe: Beige<br \/>\nErscheinungsjahr: 2023<\/p>\n","protected":false},"excerpt":{"rendered":"<p>Der Fear of God Athletics x adidas &#8217;86 Low &#8218;Clay&#8216; IE6213 interpretiert die klassische Silhouette neu \u00e2\u20ac\u201c mit hochwertigen Materialien und einem modernen Touch. Gefertigt aus geschmeidigem Wildleder in einem tiefen Ton, besticht dieser Sneaker durch sein schlankes Low-Top-Profil mit Ton-in-Ton-N\u00c3\u00a4hten und kontrastierenden Drei-Streifen an den Seiten. Das weiche Futter und die d\u00c3\u00a4mpfende Adiprene-Zwischensohle sorgen [&hellip;]<\/p>\n","protected":false},"featured_media":445297,"comment_status":"open","ping_status":"closed","template":"","meta":[],"product_brand":[],"product_cat":[10760,39079,38878,38842],"product_tag":[10759,10750,10753,10754,10777,10756,10758],"class_list":{"0":"post-445295","1":"product","2":"type-product","3":"status-publish","4":"has-post-thumbnail","6":"product_cat-adidas","7":"product_cat-adidas-fear-of-god-athletics-86-low","8":"product_cat-lifestyle-shoes-basketball-inspired","9":"product_cat-gender-men","10":"product_tag-adidas","11":"product_tag-athleisure-shoes","12":"product_tag-gift-for-him","13":"product_tag-lifestyle-casual-shoes","14":"product_tag-lifestyle-shoes-basketball-inspired","15":"product_tag-retro-casual-shoes","16":"product_tag-under-retail","17":"wcpa_has_options","19":"first","20":"instock","21":"taxable","22":"shipping-taxable","23":"purchasable","24":"product-type-simple"},"wcpa_form_fields":{"rules":{"pric_overide_base_price":false,"pric_overide_base_price_if_gt_zero":false,"pric_overide_base_price_fully":false,"pric_cal_option_once":false,"pric_use_as_fee":false,"bind_quantity":false,"quantity_bind_formula":false},"fields":[{"type":"color-group","required":true,"elementId":"wcpa-color-group-66c4a7f817afe","label":"Gr\u00f6\u00dfe","inline":true,"priceOptions":"different_for_all","pricingType":"fixed","className":"hassizechart product-shoes-size-eu product-shoes-size","name":"color-group-66c4a7f817b18","disp_type":"square","selection_type":"tick-border","disp_size":"50","show_label_inside":true,"adjust_width":true,"cart_display_type":"text","other_text":"Other","cl_rule":"show","col":6,"values":[{"label":"35","value":"EU 35","price":"","pimage":"","pimage_id":"","pthumb":"","color":""},{"label":"35.5","value":"EU 35.5","price":"","pimage":"","pimage_id":"","pthumb":"","color":""},{"label":"36","value":"EU 36","price":"","pimage":"","pimage_id":"","pthumb":"","color":"","selected":true},{"label":"36 2\/3","value":"EU 36 2\/3","price":"","pimage":"","pimage_id":"","pthumb":"","color":""},{"label":"37 1\/3","value":"EU 37 1\/3","price":"","pimage":"","pimage_id":"","pthumb":"","color":""},{"label":"38","value":"EU 38","price":"","pimage":"","pimage_id":"","pthumb":"","color":""},{"label":"38 2\/3","value":"EU 38 2\/3","price":"","pimage":"","pimage_id":"","pthumb":"","color":""},{"label":"39 1\/3","value":"EU 39 1\/3","price":"","pimage":"","pimage_id":"","pthumb":"","color":""},{"label":"40","value":"EU 40","price":"","pimage":"","pimage_id":"","pthumb":"","color":""},{"label":"40 2\/3","value":"EU 40 2\/3","price":"","pimage":"","pimage_id":"","pthumb":"","color":""},{"label":"41 1\/3","value":"EU 41 1\/3","price":"","pimage":"","pimage_id":"","pthumb":"","color":""},{"label":"42","value":"EU 42","price":"","pimage":"","pimage_id":"","pthumb":"","color":""},{"label":"42 2\/3","value":"EU 42 2\/3","price":"","pimage":"","pimage_id":"","pthumb":"","color":""},{"label":"43 1\/3","value":"EU 43 1\/3","price":"","pimage":"","pimage_id":"","pthumb":"","color":""},{"label":"44","value":"EU 44","price":"","pimage":"","pimage_id":"","pthumb":"","color":""},{"label":"44 2\/3","value":"EU 44 2\/3","price":"","pimage":"","pimage_id":"","pthumb":"","color":""},{"label":"45 1\/3","value":"EU 45 1\/3","price":"","pimage":"","pimage_id":"","pthumb":"","color":""},{"label":"46","value":"EU 46","price":"","pimage":"","pimage_id":"","pthumb":"","color":""},{"label":"46 2\/3","value":"EU 46 2\/3","price":"","pimage":"","pimage_id":"","pthumb":"","color":""},{"label":"47 1\/3","value":"EU 47 1\/3","price":"","pimage":"","pimage_id":"","pthumb":"","color":""}],"relations":[{"operator":false,"rules":[]}],"form_id":24802,"form_rules":{"pric_cal_option_once":false,"exclude_from_discount":false,"pric_use_as_fee":false,"fee_label":"Fee","render_after_acb":false,"disp_hide_options_price":false}}]},"yoast_head":"<!-- This site is optimized with the Yoast SEO plugin v26.5 - https:\/\/yoast.com\/wordpress\/plugins\/seo\/ -->\n<title>Fear of God Athletics x adidas &#039;86 Low &#039;Clay&#039; IE6213 - Tourcruiser PTE. LTD<\/title>\n<meta name=\"robots\" content=\"index, follow, max-snippet:-1, max-image-preview:large, max-video-preview:-1\" \/>\n<link rel=\"canonical\" href=\"https:\/\/tourcruiser.com\/de\/products\/fear-of-god-athletics-x-adidas-86-low-clay-ie6213\/\" \/>\n<meta property=\"og:locale\" content=\"de_DE\" \/>\n<meta property=\"og:type\" content=\"article\" \/>\n<meta property=\"og:title\" content=\"Fear of God Athletics x adidas &#039;86 Low &#039;Clay&#039; IE6213 - Tourcruiser PTE. LTD\" \/>\n<meta property=\"og:description\" content=\"Der Fear of God Athletics x adidas &#8217;86 Low &#8218;Clay&#8216; IE6213 interpretiert die klassische Silhouette neu \u00e2\u20ac\u201c mit hochwertigen Materialien und einem modernen Touch. Gefertigt aus geschmeidigem Wildleder in einem tiefen Ton, besticht dieser Sneaker durch sein schlankes Low-Top-Profil mit Ton-in-Ton-N\u00c3\u00a4hten und kontrastierenden Drei-Streifen an den Seiten. Das weiche Futter und die d\u00c3\u00a4mpfende Adiprene-Zwischensohle sorgen [&hellip;]\" \/>\n<meta property=\"og:url\" content=\"https:\/\/tourcruiser.com\/de\/products\/fear-of-god-athletics-x-adidas-86-low-clay-ie6213\/\" \/>\n<meta property=\"og:site_name\" content=\"Tourcruiser Sneaker Store\" \/>\n<meta name=\"twitter:card\" content=\"summary_large_image\" \/>\n<meta name=\"twitter:image\" content=\"https:\/\/images.novelship.com\/product\/fear_of_god_athletics_x_adidas__86_low__clay__ie62_0_37327.jpeg\" \/>\n<meta name=\"twitter:label1\" content=\"Gesch\u00e4tzte Lesezeit\" \/>\n\t<meta name=\"twitter:data1\" content=\"1\u00a0Minute\" \/>\n<script type=\"application\/ld+json\" class=\"yoast-schema-graph\">{\"@context\":\"https:\/\/schema.org\",\"@graph\":[{\"@type\":\"WebPage\",\"@id\":\"https:\/\/tourcruiser.com\/de\/products\/fear-of-god-athletics-x-adidas-86-low-clay-ie6213\/\",\"url\":\"https:\/\/tourcruiser.com\/de\/products\/fear-of-god-athletics-x-adidas-86-low-clay-ie6213\/\",\"name\":\"Fear of God Athletics x adidas '86 Low 'Clay' IE6213 - Tourcruiser PTE. LTD\",\"isPartOf\":{\"@id\":\"https:\/\/tourcruiser.com\/de\/#website\"},\"primaryImageOfPage\":{\"@id\":\"https:\/\/tourcruiser.com\/de\/products\/fear-of-god-athletics-x-adidas-86-low-clay-ie6213\/#primaryimage\"},\"image\":{\"@id\":\"https:\/\/tourcruiser.com\/de\/products\/fear-of-god-athletics-x-adidas-86-low-clay-ie6213\/#primaryimage\"},\"thumbnailUrl\":\"https:\/\/images.novelship.com\/product\/fear_of_god_athletics_x_adidas__86_low__clay__ie62_0_37327.jpeg\",\"datePublished\":\"2026-03-21T04:59:45+00:00\",\"breadcrumb\":{\"@id\":\"https:\/\/tourcruiser.com\/de\/products\/fear-of-god-athletics-x-adidas-86-low-clay-ie6213\/#breadcrumb\"},\"inLanguage\":\"de\",\"potentialAction\":[{\"@type\":\"ReadAction\",\"target\":[\"https:\/\/tourcruiser.com\/de\/products\/fear-of-god-athletics-x-adidas-86-low-clay-ie6213\/\"]}]},{\"@type\":\"ImageObject\",\"inLanguage\":\"de\",\"@id\":\"https:\/\/tourcruiser.com\/de\/products\/fear-of-god-athletics-x-adidas-86-low-clay-ie6213\/#primaryimage\",\"url\":\"https:\/\/images.novelship.com\/product\/fear_of_god_athletics_x_adidas__86_low__clay__ie62_0_37327.jpeg\",\"contentUrl\":\"https:\/\/images.novelship.com\/product\/fear_of_god_athletics_x_adidas__86_low__clay__ie62_0_37327.jpeg\"},{\"@type\":\"BreadcrumbList\",\"@id\":\"https:\/\/tourcruiser.com\/de\/products\/fear-of-god-athletics-x-adidas-86-low-clay-ie6213\/#breadcrumb\",\"itemListElement\":[{\"@type\":\"ListItem\",\"position\":1,\"name\":\"Home\",\"item\":\"https:\/\/tourcruiser.com\/de\/\"},{\"@type\":\"ListItem\",\"position\":2,\"name\":\"Shop\",\"item\":\"https:\/\/tourcruiser.com\/de\/shop\/\"},{\"@type\":\"ListItem\",\"position\":3,\"name\":\"Fear of God Athletics x adidas '86 Low 'Clay' IE6213\"}]},{\"@type\":\"WebSite\",\"@id\":\"https:\/\/tourcruiser.com\/de\/#website\",\"url\":\"https:\/\/tourcruiser.com\/de\/\",\"name\":\"Styloral Jewelry Shop\",\"description\":\"Tourcruiser Sneaker Store \u2014 der Ort, an dem das Universum deine Einzigartigkeit trifft.\",\"publisher\":{\"@id\":\"https:\/\/tourcruiser.com\/de\/#organization\"},\"potentialAction\":[{\"@type\":\"SearchAction\",\"target\":{\"@type\":\"EntryPoint\",\"urlTemplate\":\"https:\/\/tourcruiser.com\/de\/?s={search_term_string}\"},\"query-input\":{\"@type\":\"PropertyValueSpecification\",\"valueRequired\":true,\"valueName\":\"search_term_string\"}}],\"inLanguage\":\"de\"},{\"@type\":\"Organization\",\"@id\":\"https:\/\/tourcruiser.com\/de\/#organization\",\"name\":\"STYLORAL PTE. LTD\",\"url\":\"https:\/\/tourcruiser.com\/de\/\",\"logo\":{\"@type\":\"ImageObject\",\"inLanguage\":\"de\",\"@id\":\"https:\/\/tourcruiser.com\/de\/#\/schema\/logo\/image\/\",\"url\":\"https:\/\/www.tourcruiser.com\/wp-content\/uploads\/2025\/12\/logo.png\",\"contentUrl\":\"https:\/\/www.tourcruiser.com\/wp-content\/uploads\/2025\/12\/logo.png\",\"width\":200,\"height\":65,\"caption\":\"STYLORAL PTE. LTD\"},\"image\":{\"@id\":\"https:\/\/tourcruiser.com\/de\/#\/schema\/logo\/image\/\"}}]}<\/script>\n<!-- \/ Yoast SEO plugin. -->","yoast_head_json":{"title":"Fear of God Athletics x adidas '86 Low 'Clay' IE6213 - Tourcruiser PTE. LTD","robots":{"index":"index","follow":"follow","max-snippet":"max-snippet:-1","max-image-preview":"max-image-preview:large","max-video-preview":"max-video-preview:-1"},"canonical":"https:\/\/tourcruiser.com\/de\/products\/fear-of-god-athletics-x-adidas-86-low-clay-ie6213\/","og_locale":"de_DE","og_type":"article","og_title":"Fear of God Athletics x adidas '86 Low 'Clay' IE6213 - Tourcruiser PTE. LTD","og_description":"Der Fear of God Athletics x adidas &#8217;86 Low &#8218;Clay&#8216; IE6213 interpretiert die klassische Silhouette neu \u00e2\u20ac\u201c mit hochwertigen Materialien und einem modernen Touch. Gefertigt aus geschmeidigem Wildleder in einem tiefen Ton, besticht dieser Sneaker durch sein schlankes Low-Top-Profil mit Ton-in-Ton-N\u00c3\u00a4hten und kontrastierenden Drei-Streifen an den Seiten. Das weiche Futter und die d\u00c3\u00a4mpfende Adiprene-Zwischensohle sorgen [&hellip;]","og_url":"https:\/\/tourcruiser.com\/de\/products\/fear-of-god-athletics-x-adidas-86-low-clay-ie6213\/","og_site_name":"Tourcruiser Sneaker Store","twitter_card":"summary_large_image","twitter_image":"https:\/\/images.novelship.com\/product\/fear_of_god_athletics_x_adidas__86_low__clay__ie62_0_37327.jpeg","twitter_misc":{"Gesch\u00e4tzte Lesezeit":"1\u00a0Minute"},"schema":{"@context":"https:\/\/schema.org","@graph":[{"@type":"WebPage","@id":"https:\/\/tourcruiser.com\/de\/products\/fear-of-god-athletics-x-adidas-86-low-clay-ie6213\/","url":"https:\/\/tourcruiser.com\/de\/products\/fear-of-god-athletics-x-adidas-86-low-clay-ie6213\/","name":"Fear of God Athletics x adidas '86 Low 'Clay' IE6213 - Tourcruiser PTE. LTD","isPartOf":{"@id":"https:\/\/tourcruiser.com\/de\/#website"},"primaryImageOfPage":{"@id":"https:\/\/tourcruiser.com\/de\/products\/fear-of-god-athletics-x-adidas-86-low-clay-ie6213\/#primaryimage"},"image":{"@id":"https:\/\/tourcruiser.com\/de\/products\/fear-of-god-athletics-x-adidas-86-low-clay-ie6213\/#primaryimage"},"thumbnailUrl":"https:\/\/images.novelship.com\/product\/fear_of_god_athletics_x_adidas__86_low__clay__ie62_0_37327.jpeg","datePublished":"2026-03-21T04:59:45+00:00","breadcrumb":{"@id":"https:\/\/tourcruiser.com\/de\/products\/fear-of-god-athletics-x-adidas-86-low-clay-ie6213\/#breadcrumb"},"inLanguage":"de","potentialAction":[{"@type":"ReadAction","target":["https:\/\/tourcruiser.com\/de\/products\/fear-of-god-athletics-x-adidas-86-low-clay-ie6213\/"]}]},{"@type":"ImageObject","inLanguage":"de","@id":"https:\/\/tourcruiser.com\/de\/products\/fear-of-god-athletics-x-adidas-86-low-clay-ie6213\/#primaryimage","url":"https:\/\/images.novelship.com\/product\/fear_of_god_athletics_x_adidas__86_low__clay__ie62_0_37327.jpeg","contentUrl":"https:\/\/images.novelship.com\/product\/fear_of_god_athletics_x_adidas__86_low__clay__ie62_0_37327.jpeg"},{"@type":"BreadcrumbList","@id":"https:\/\/tourcruiser.com\/de\/products\/fear-of-god-athletics-x-adidas-86-low-clay-ie6213\/#breadcrumb","itemListElement":[{"@type":"ListItem","position":1,"name":"Home","item":"https:\/\/tourcruiser.com\/de\/"},{"@type":"ListItem","position":2,"name":"Shop","item":"https:\/\/tourcruiser.com\/de\/shop\/"},{"@type":"ListItem","position":3,"name":"Fear of God Athletics x adidas '86 Low 'Clay' IE6213"}]},{"@type":"WebSite","@id":"https:\/\/tourcruiser.com\/de\/#website","url":"https:\/\/tourcruiser.com\/de\/","name":"Styloral Jewelry Shop","description":"Tourcruiser Sneaker Store \u2014 der Ort, an dem das Universum deine Einzigartigkeit trifft.","publisher":{"@id":"https:\/\/tourcruiser.com\/de\/#organization"},"potentialAction":[{"@type":"SearchAction","target":{"@type":"EntryPoint","urlTemplate":"https:\/\/tourcruiser.com\/de\/?s={search_term_string}"},"query-input":{"@type":"PropertyValueSpecification","valueRequired":true,"valueName":"search_term_string"}}],"inLanguage":"de"},{"@type":"Organization","@id":"https:\/\/tourcruiser.com\/de\/#organization","name":"STYLORAL PTE. LTD","url":"https:\/\/tourcruiser.com\/de\/","logo":{"@type":"ImageObject","inLanguage":"de","@id":"https:\/\/tourcruiser.com\/de\/#\/schema\/logo\/image\/","url":"https:\/\/www.tourcruiser.com\/wp-content\/uploads\/2025\/12\/logo.png","contentUrl":"https:\/\/www.tourcruiser.com\/wp-content\/uploads\/2025\/12\/logo.png","width":200,"height":65,"caption":"STYLORAL PTE. LTD"},"image":{"@id":"https:\/\/tourcruiser.com\/de\/#\/schema\/logo\/image\/"}}]}},"_links":{"self":[{"href":"https:\/\/tourcruiser.com\/de\/wp-json\/wp\/v2\/product\/445295","targetHints":{"allow":["GET"]}}],"collection":[{"href":"https:\/\/tourcruiser.com\/de\/wp-json\/wp\/v2\/product"}],"about":[{"href":"https:\/\/tourcruiser.com\/de\/wp-json\/wp\/v2\/types\/product"}],"replies":[{"embeddable":true,"href":"https:\/\/tourcruiser.com\/de\/wp-json\/wp\/v2\/comments?post=445295"}],"wp:featuredmedia":[{"embeddable":true,"href":"https:\/\/tourcruiser.com\/de\/wp-json\/wp\/v2\/media\/445297"}],"wp:attachment":[{"href":"https:\/\/tourcruiser.com\/de\/wp-json\/wp\/v2\/media?parent=445295"}],"wp:term":[{"taxonomy":"product_brand","embeddable":true,"href":"https:\/\/tourcruiser.com\/de\/wp-json\/wp\/v2\/product_brand?post=445295"},{"taxonomy":"product_cat","embeddable":true,"href":"https:\/\/tourcruiser.com\/de\/wp-json\/wp\/v2\/product_cat?post=445295"},{"taxonomy":"product_tag","embeddable":true,"href":"https:\/\/tourcruiser.com\/de\/wp-json\/wp\/v2\/product_tag?post=445295"}],"curies":[{"name":"wp","href":"https:\/\/api.w.org\/{rel}","templated":true}]}}